{"id":14538,"date":"2025-11-23T10:44:34","date_gmt":"2025-11-23T13:44:34","guid":{"rendered":"https:\/\/deputadotaveirajr.com.br\/index.php\/papai-noel-dos-correios-tem-expectativa-de-atender-6-mil-cartas-no-rn-veja-como-participar\/"},"modified":"2025-11-23T10:44:34","modified_gmt":"2025-11-23T13:44:34","slug":"papai-noel-dos-correios-tem-expectativa-de-atender-6-mil-cartas-no-rn-veja-como-participar","status":"publish","type":"page","link":"https:\/\/deputadotaveirajr.com.br\/index.php\/papai-noel-dos-correios-tem-expectativa-de-atender-6-mil-cartas-no-rn-veja-como-participar\/","title":{"rendered":"Papai Noel dos Correios tem expectativa de atender 6 mil cartas no RN; veja como participar"},"content":{"rendered":"<p><img decoding=\"async\" src=\"https:\/\/s2-g1.glbimg.com\/kVaoOHgEN5stOS3aPlLzco632B8=\/i.s3.glbimg.com\/v1\/AUTH_59edd422c0c84a879bd37670ae4f538a\/internal_photos\/bs\/2024\/i\/6\/zyX0MdSEC1sBE1ijzUig\/rj1-cartinhas3.jpeg\" \/><br \/>     Detalhe de desenho de crian\u00e7a enviado para a campanha Papai Noel dos Correios.<br \/>\nReprodu\u00e7\u00e3o\/ TV Globo<br \/>\nA Campanha Papai Noel dos Correios come\u00e7ou neste m\u00eas de novembro e tem a expectativa de atender mais de 6 mil crian\u00e7as no Rio Grande do Norte. Ao todo, segundo os Correios, 51 institui\u00e7\u00f5es devem ser contempladas no estado.<br \/>\n\ud83d\udd0e A campanha, que este ano completa 36 anos, disponibiliza cartas com pedidos de crian\u00e7as da Educa\u00e7\u00e3o Infantil e do 1\u00ba ao 5\u00ba ano do Ensino Fundamental de escolas da rede p\u00fablica, priorizando aquelas situadas em \u00e1reas de maior fragilidade socioecon\u00f4mica, al\u00e9m de abrigos e projetos sociais.<br \/>\n\ud83d\udcf3 Clique aqui para seguir o canal do g1 RN no WhatsApp<br \/>\n\ud83d\udd0e Tamb\u00e9m s\u00e3o selecionadas e disponibilizadas para ado\u00e7\u00e3o as cartas enviadas por crian\u00e7as da sociedade com at\u00e9 10 anos de idade em situa\u00e7\u00e3o de vulnerabilidade social.<br \/>\nA ado\u00e7\u00e3o das cartas pode ser feita nas ag\u00eancias (cartinhas f\u00edsicas) ou no blog Papai Noel dos Correios.<br \/>\nAl\u00e9m das ag\u00eancias da capital, participam da campanha as unidades dos Correios de:<br \/>\nCear\u00e1-Mirim;<br \/>\nMaca\u00edba;<br \/>\nParnamirim;<br \/>\nS\u00e3o Gon\u00e7alo do Amarante;<br \/>\nS\u00e3o Jos\u00e9 de Mipibu;<br \/>\nAngicos;<br \/>\nApodi;<br \/>\nAreia Branca;<br \/>\nAssu;<br \/>\nCaic\u00f3;<br \/>\nCurrais Novos;<br \/>\nFelipe Guerra;<br \/>\nGoianinha;<br \/>\nMossor\u00f3;<br \/>\nSanta Cruz.<br \/>\n\ud83d\udcc5 A ado\u00e7\u00e3o pode ser feita at\u00e9 o dia 6 de dezembro. J\u00e1 a entrega dos presentes deve ser feita de forma presencial nas ag\u00eancias at\u00e9 8 de dezembro.<br \/>\n\u201cNessas cartinhas, que chegam at\u00e9 os Correios, h\u00e1 relatos de vidas, de sonhos e de esperan\u00e7a. S\u00e3o pedidos singelos, em sua maioria, mas que carregam um grande significado para as crian\u00e7as, suas fam\u00edlias e toda a comunidade escolar\u201d, falou a superintendente estadual dos Correios, Jaqueline Costa.<br \/>\nCampanha Papai Noel dos Correios j\u00e1 come\u00e7ou<br \/>\nComo enviar uma carta<br \/>\n\u2709\ufe0f Al\u00e9m das escolas e projetos sociais, a campanha recebe at\u00e9 14 de novembro cartinhas escritas espontaneamente pelas crian\u00e7as, que ser\u00e3o analisadas segundo os crit\u00e9rios socioecon\u00f4micos do projeto.<br \/>\nComo incentivadores da criatividade e da reda\u00e7\u00e3o de textos, os Correios requisitam que as cartas sejam manuscritas.  Para cartas enviadas digitalmente, \u00e9 necess\u00e1rio fotografar ou digitalizar para envio ao Blog.<br \/>\nAl\u00e9m disso, no cadastramento ser\u00e1 exigido o CPF da crian\u00e7a.<br \/>\nO envio pode ser feito de duas formas: nas ag\u00eancias do Correios de todo o RN ou pelo Blog do Noel.<br \/>\nAtendendo aos crit\u00e9rios, as cartas s\u00e3o disponibilizadas para ado\u00e7\u00e3o. \u00c9 importante ressaltar que n\u00e3o s\u00e3o selecionadas cartas que contenham endere\u00e7o, telefone ou foto da crian\u00e7a.<br \/>\nAdo\u00e7\u00e3o de cartas<br \/>\nPara adotar uma ou mais cartinhas, \u00e9 s\u00f3 retirar em uma unidade dos Correios participante ou acessar o blog da campanha. Na p\u00e1gina, clique em \u201cAdo\u00e7\u00e3o On-line\u201d e siga os passos.<br \/>\nPara visualizar as cartinhas dispon\u00edveis em cada cidade ou munic\u00edpio, \u00e9 necess\u00e1rio escolher a localidade.<br \/>\n\u26a0\ufe0f Fique atento: os Correios n\u00e3o distribuem cartas para ado\u00e7\u00e3o diretamente \u00e0 popula\u00e7\u00e3o, em suas resid\u00eancias.<br \/>\nV\u00eddeos mais assistidos do g1 RN<\/p>","protected":false},"excerpt":{"rendered":"<p>Detalhe de desenho de crian\u00e7a enviado para a campanha Papai Noel dos Correios. Reprodu\u00e7\u00e3o\/ TV Globo A Campanha Papai Noel dos Correios come\u00e7ou neste m\u00eas de novembro e tem a &#8230;<\/p>\n","protected":false},"author":0,"featured_media":14539,"parent":0,"menu_order":0,"comment_status":"closed","ping_status":"closed","template":"","meta":{"footnotes":""},"class_list":["post-14538","page","type-page","status-publish","has-post-thumbnail","hentry"],"yoast_head":"<!-- This site is optimized with the Yoast SEO plugin v27.1.1 - https:\/\/yoast.com\/product\/yoast-seo-wordpress\/ -->\n<title>Papai Noel dos Correios tem expectativa de atender 6 mil cartas no RN; veja como participar - Taveira Jr<\/title>\n<meta name=\"robots\" content=\"index, follow, max-snippet:-1, max-image-preview:large, max-video-preview:-1\" \/>\n<link rel=\"canonical\" href=\"https:\/\/deputadotaveirajr.com.br\/index.php\/papai-noel-dos-correios-tem-expectativa-de-atender-6-mil-cartas-no-rn-veja-como-participar\/\" \/>\n<meta property=\"og:locale\" content=\"pt_BR\" \/>\n<meta property=\"og:type\" content=\"article\" \/>\n<meta property=\"og:title\" content=\"Papai Noel dos Correios tem expectativa de atender 6 mil cartas no RN; veja como participar - Taveira Jr\" \/>\n<meta property=\"og:description\" content=\"Detalhe de desenho de crian\u00e7a enviado para a campanha Papai Noel dos Correios. Reprodu\u00e7\u00e3o\/ TV Globo A Campanha Papai Noel dos Correios come\u00e7ou neste m\u00eas de novembro e tem a ...\" \/>\n<meta property=\"og:url\" content=\"https:\/\/deputadotaveirajr.com.br\/index.php\/papai-noel-dos-correios-tem-expectativa-de-atender-6-mil-cartas-no-rn-veja-como-participar\/\" \/>\n<meta property=\"og:site_name\" content=\"Taveira Jr\" \/>\n<meta property=\"og:image\" content=\"https:\/\/s2-g1.glbimg.com\/kVaoOHgEN5stOS3aPlLzco632B8=\/i.s3.glbimg.com\/v1\/AUTH_59edd422c0c84a879bd37670ae4f538a\/internal_photos\/bs\/2024\/i\/6\/zyX0MdSEC1sBE1ijzUig\/rj1-cartinhas3.jpeg\" \/>\n<meta name=\"twitter:card\" content=\"summary_large_image\" \/>\n<meta name=\"twitter:label1\" content=\"Est. tempo de leitura\" \/>\n\t<meta name=\"twitter:data1\" content=\"3 minutos\" \/>\n<script type=\"application\/ld+json\" class=\"yoast-schema-graph\">{\"@context\":\"https:\/\/schema.org\",\"@graph\":[{\"@type\":\"WebPage\",\"@id\":\"https:\/\/deputadotaveirajr.com.br\/index.php\/papai-noel-dos-correios-tem-expectativa-de-atender-6-mil-cartas-no-rn-veja-como-participar\/\",\"url\":\"https:\/\/deputadotaveirajr.com.br\/index.php\/papai-noel-dos-correios-tem-expectativa-de-atender-6-mil-cartas-no-rn-veja-como-participar\/\",\"name\":\"Papai Noel dos Correios tem expectativa de atender 6 mil cartas no RN; veja como participar - Taveira Jr\",\"isPartOf\":{\"@id\":\"https:\/\/deputadotaveirajr.com.br\/#website\"},\"primaryImageOfPage\":{\"@id\":\"https:\/\/deputadotaveirajr.com.br\/index.php\/papai-noel-dos-correios-tem-expectativa-de-atender-6-mil-cartas-no-rn-veja-como-participar\/#primaryimage\"},\"image\":{\"@id\":\"https:\/\/deputadotaveirajr.com.br\/index.php\/papai-noel-dos-correios-tem-expectativa-de-atender-6-mil-cartas-no-rn-veja-como-participar\/#primaryimage\"},\"thumbnailUrl\":\"https:\/\/deputadotaveirajr.com.br\/wp-content\/uploads\/2025\/11\/rj1-cartinhas3-noxfw0.jpg\",\"datePublished\":\"2025-11-23T13:44:34+00:00\",\"breadcrumb\":{\"@id\":\"https:\/\/deputadotaveirajr.com.br\/index.php\/papai-noel-dos-correios-tem-expectativa-de-atender-6-mil-cartas-no-rn-veja-como-participar\/#breadcrumb\"},\"inLanguage\":\"pt-BR\",\"potentialAction\":[{\"@type\":\"ReadAction\",\"target\":[\"https:\/\/deputadotaveirajr.com.br\/index.php\/papai-noel-dos-correios-tem-expectativa-de-atender-6-mil-cartas-no-rn-veja-como-participar\/\"]}]},{\"@type\":\"ImageObject\",\"inLanguage\":\"pt-BR\",\"@id\":\"https:\/\/deputadotaveirajr.com.br\/index.php\/papai-noel-dos-correios-tem-expectativa-de-atender-6-mil-cartas-no-rn-veja-como-participar\/#primaryimage\",\"url\":\"https:\/\/deputadotaveirajr.com.br\/wp-content\/uploads\/2025\/11\/rj1-cartinhas3-noxfw0.jpg\",\"contentUrl\":\"https:\/\/deputadotaveirajr.com.br\/wp-content\/uploads\/2025\/11\/rj1-cartinhas3-noxfw0.jpg\",\"width\":1920,\"height\":1080},{\"@type\":\"BreadcrumbList\",\"@id\":\"https:\/\/deputadotaveirajr.com.br\/index.php\/papai-noel-dos-correios-tem-expectativa-de-atender-6-mil-cartas-no-rn-veja-como-participar\/#breadcrumb\",\"itemListElement\":[{\"@type\":\"ListItem\",\"position\":1,\"name\":\"In\u00edcio\",\"item\":\"https:\/\/deputadotaveirajr.com.br\/\"},{\"@type\":\"ListItem\",\"position\":2,\"name\":\"Papai Noel dos Correios tem expectativa de atender 6 mil cartas no RN; veja como participar\"}]},{\"@type\":\"WebSite\",\"@id\":\"https:\/\/deputadotaveirajr.com.br\/#website\",\"url\":\"https:\/\/deputadotaveirajr.com.br\/\",\"name\":\"Taveira Jr\",\"description\":\"Deputado Estadual\",\"publisher\":{\"@id\":\"https:\/\/deputadotaveirajr.com.br\/#organization\"},\"potentialAction\":[{\"@type\":\"SearchAction\",\"target\":{\"@type\":\"EntryPoint\",\"urlTemplate\":\"https:\/\/deputadotaveirajr.com.br\/?s={search_term_string}\"},\"query-input\":{\"@type\":\"PropertyValueSpecification\",\"valueRequired\":true,\"valueName\":\"search_term_string\"}}],\"inLanguage\":\"pt-BR\"},{\"@type\":\"Organization\",\"@id\":\"https:\/\/deputadotaveirajr.com.br\/#organization\",\"name\":\"Taveira Jr\",\"url\":\"https:\/\/deputadotaveirajr.com.br\/\",\"logo\":{\"@type\":\"ImageObject\",\"inLanguage\":\"pt-BR\",\"@id\":\"https:\/\/deputadotaveirajr.com.br\/#\/schema\/logo\/image\/\",\"url\":\"https:\/\/deputadotaveirajr.com.br\/wp-content\/uploads\/2026\/01\/logolow2a.png\",\"contentUrl\":\"https:\/\/deputadotaveirajr.com.br\/wp-content\/uploads\/2026\/01\/logolow2a.png\",\"width\":290,\"height\":80,\"caption\":\"Taveira Jr\"},\"image\":{\"@id\":\"https:\/\/deputadotaveirajr.com.br\/#\/schema\/logo\/image\/\"}}]}<\/script>\n<!-- \/ Yoast SEO plugin. -->","yoast_head_json":{"title":"Papai Noel dos Correios tem expectativa de atender 6 mil cartas no RN; veja como participar - Taveira Jr","robots":{"index":"index","follow":"follow","max-snippet":"max-snippet:-1","max-image-preview":"max-image-preview:large","max-video-preview":"max-video-preview:-1"},"canonical":"https:\/\/deputadotaveirajr.com.br\/index.php\/papai-noel-dos-correios-tem-expectativa-de-atender-6-mil-cartas-no-rn-veja-como-participar\/","og_locale":"pt_BR","og_type":"article","og_title":"Papai Noel dos Correios tem expectativa de atender 6 mil cartas no RN; veja como participar - Taveira Jr","og_description":"Detalhe de desenho de crian\u00e7a enviado para a campanha Papai Noel dos Correios. Reprodu\u00e7\u00e3o\/ TV Globo A Campanha Papai Noel dos Correios come\u00e7ou neste m\u00eas de novembro e tem a ...","og_url":"https:\/\/deputadotaveirajr.com.br\/index.php\/papai-noel-dos-correios-tem-expectativa-de-atender-6-mil-cartas-no-rn-veja-como-participar\/","og_site_name":"Taveira Jr","og_image":[{"url":"https:\/\/s2-g1.glbimg.com\/kVaoOHgEN5stOS3aPlLzco632B8=\/i.s3.glbimg.com\/v1\/AUTH_59edd422c0c84a879bd37670ae4f538a\/internal_photos\/bs\/2024\/i\/6\/zyX0MdSEC1sBE1ijzUig\/rj1-cartinhas3.jpeg","type":"","width":"","height":""}],"twitter_card":"summary_large_image","twitter_misc":{"Est. tempo de leitura":"3 minutos"},"schema":{"@context":"https:\/\/schema.org","@graph":[{"@type":"WebPage","@id":"https:\/\/deputadotaveirajr.com.br\/index.php\/papai-noel-dos-correios-tem-expectativa-de-atender-6-mil-cartas-no-rn-veja-como-participar\/","url":"https:\/\/deputadotaveirajr.com.br\/index.php\/papai-noel-dos-correios-tem-expectativa-de-atender-6-mil-cartas-no-rn-veja-como-participar\/","name":"Papai Noel dos Correios tem expectativa de atender 6 mil cartas no RN; veja como participar - Taveira Jr","isPartOf":{"@id":"https:\/\/deputadotaveirajr.com.br\/#website"},"primaryImageOfPage":{"@id":"https:\/\/deputadotaveirajr.com.br\/index.php\/papai-noel-dos-correios-tem-expectativa-de-atender-6-mil-cartas-no-rn-veja-como-participar\/#primaryimage"},"image":{"@id":"https:\/\/deputadotaveirajr.com.br\/index.php\/papai-noel-dos-correios-tem-expectativa-de-atender-6-mil-cartas-no-rn-veja-como-participar\/#primaryimage"},"thumbnailUrl":"https:\/\/deputadotaveirajr.com.br\/wp-content\/uploads\/2025\/11\/rj1-cartinhas3-noxfw0.jpg","datePublished":"2025-11-23T13:44:34+00:00","breadcrumb":{"@id":"https:\/\/deputadotaveirajr.com.br\/index.php\/papai-noel-dos-correios-tem-expectativa-de-atender-6-mil-cartas-no-rn-veja-como-participar\/#breadcrumb"},"inLanguage":"pt-BR","potentialAction":[{"@type":"ReadAction","target":["https:\/\/deputadotaveirajr.com.br\/index.php\/papai-noel-dos-correios-tem-expectativa-de-atender-6-mil-cartas-no-rn-veja-como-participar\/"]}]},{"@type":"ImageObject","inLanguage":"pt-BR","@id":"https:\/\/deputadotaveirajr.com.br\/index.php\/papai-noel-dos-correios-tem-expectativa-de-atender-6-mil-cartas-no-rn-veja-como-participar\/#primaryimage","url":"https:\/\/deputadotaveirajr.com.br\/wp-content\/uploads\/2025\/11\/rj1-cartinhas3-noxfw0.jpg","contentUrl":"https:\/\/deputadotaveirajr.com.br\/wp-content\/uploads\/2025\/11\/rj1-cartinhas3-noxfw0.jpg","width":1920,"height":1080},{"@type":"BreadcrumbList","@id":"https:\/\/deputadotaveirajr.com.br\/index.php\/papai-noel-dos-correios-tem-expectativa-de-atender-6-mil-cartas-no-rn-veja-como-participar\/#breadcrumb","itemListElement":[{"@type":"ListItem","position":1,"name":"In\u00edcio","item":"https:\/\/deputadotaveirajr.com.br\/"},{"@type":"ListItem","position":2,"name":"Papai Noel dos Correios tem expectativa de atender 6 mil cartas no RN; veja como participar"}]},{"@type":"WebSite","@id":"https:\/\/deputadotaveirajr.com.br\/#website","url":"https:\/\/deputadotaveirajr.com.br\/","name":"Taveira Jr","description":"Deputado Estadual","publisher":{"@id":"https:\/\/deputadotaveirajr.com.br\/#organization"},"potentialAction":[{"@type":"SearchAction","target":{"@type":"EntryPoint","urlTemplate":"https:\/\/deputadotaveirajr.com.br\/?s={search_term_string}"},"query-input":{"@type":"PropertyValueSpecification","valueRequired":true,"valueName":"search_term_string"}}],"inLanguage":"pt-BR"},{"@type":"Organization","@id":"https:\/\/deputadotaveirajr.com.br\/#organization","name":"Taveira Jr","url":"https:\/\/deputadotaveirajr.com.br\/","logo":{"@type":"ImageObject","inLanguage":"pt-BR","@id":"https:\/\/deputadotaveirajr.com.br\/#\/schema\/logo\/image\/","url":"https:\/\/deputadotaveirajr.com.br\/wp-content\/uploads\/2026\/01\/logolow2a.png","contentUrl":"https:\/\/deputadotaveirajr.com.br\/wp-content\/uploads\/2026\/01\/logolow2a.png","width":290,"height":80,"caption":"Taveira Jr"},"image":{"@id":"https:\/\/deputadotaveirajr.com.br\/#\/schema\/logo\/image\/"}}]}},"_links":{"self":[{"href":"https:\/\/deputadotaveirajr.com.br\/index.php\/wp-json\/wp\/v2\/pages\/14538","targetHints":{"allow":["GET"]}}],"collection":[{"href":"https:\/\/deputadotaveirajr.com.br\/index.php\/wp-json\/wp\/v2\/pages"}],"about":[{"href":"https:\/\/deputadotaveirajr.com.br\/index.php\/wp-json\/wp\/v2\/types\/page"}],"replies":[{"embeddable":true,"href":"https:\/\/deputadotaveirajr.com.br\/index.php\/wp-json\/wp\/v2\/comments?post=14538"}],"version-history":[{"count":0,"href":"https:\/\/deputadotaveirajr.com.br\/index.php\/wp-json\/wp\/v2\/pages\/14538\/revisions"}],"wp:featuredmedia":[{"embeddable":true,"href":"https:\/\/deputadotaveirajr.com.br\/index.php\/wp-json\/wp\/v2\/media\/14539"}],"wp:attachment":[{"href":"https:\/\/deputadotaveirajr.com.br\/index.php\/wp-json\/wp\/v2\/media?parent=14538"}],"curies":[{"name":"wp","href":"https:\/\/api.w.org\/{rel}","templated":true}]}}