{"id":14540,"date":"2025-11-23T12:02:17","date_gmt":"2025-11-23T15:02:17","guid":{"rendered":"https:\/\/deputadotaveirajr.com.br\/index.php\/inmet-alerta-para-baixa-umidade-em-51-cidades-do-rn-veja-lista\/"},"modified":"2025-11-23T12:02:17","modified_gmt":"2025-11-23T15:02:17","slug":"inmet-alerta-para-baixa-umidade-em-51-cidades-do-rn-veja-lista","status":"publish","type":"page","link":"https:\/\/deputadotaveirajr.com.br\/index.php\/inmet-alerta-para-baixa-umidade-em-51-cidades-do-rn-veja-lista\/","title":{"rendered":"Inmet alerta para baixa umidade em 51 cidades do RN; veja lista"},"content":{"rendered":"<p><img decoding=\"async\" src=\"https:\/\/s2-g1.glbimg.com\/Vt2ml128FQYfqG2ipJjV03Lq8Rc=\/i.s3.glbimg.com\/v1\/AUTH_59edd422c0c84a879bd37670ae4f538a\/internal_photos\/bs\/2024\/N\/I\/FurtjYSEaA1lax7iK5Dw\/globo-canal-5-20240704-1800-frame-229032.jpeg\" \/><br \/>     Alerta de baixa umidade: um dos cuidados \u00e9 se hidratar<br \/>\nReprodu\u00e7\u00e3o\/TV Globo<br \/>\nO Instituto Nacional de Meteorologia (Inmet) emitiu um alerta de baixa umidade para 51 cidades do Rio Grande do Norte. O aviso vale das 12h at\u00e9 19h deste domingo (23).  (Veja lista completa de cidades mais abaixo).<br \/>\nO alerta \u00e9 da cor amarela, que indica perigo potencial, o n\u00edvel mais baixo no grau de severidade do \u00f3rg\u00e3o.<br \/>\n\ud83d\udcf3 Clique aqui para seguir o canal do g1 RN no WhatsApp<br \/>\nSegundo o Inmet, a umidade relativa do ar, neste tipo de alerta, varia entre 30% e 20%. H\u00e1, segundo o \u00f3rg\u00e3o, baixo risco de inc\u00eandios florestais e \u00e0 sa\u00fade.<br \/>\nEntre as instru\u00e7\u00f5es do Inmet para esse tipo de alerta est\u00e3o:<br \/>\nBeber bastante l\u00edquido;<br \/>\nEvitar desgaste f\u00edsico nas horas mais secas;<br \/>\nEvitar exposi\u00e7\u00e3o ao sol nas horas mais quentes do dia.<br \/>\nVeja os v\u00eddeos que est\u00e3o em alta no g1<br \/>\nVeja cidades no alerta<br \/>\n\u00c1gua Nova<br \/>\nAlexandria<br \/>\nAlmino Afonso<br \/>\nAnt\u00f4nio Martins<br \/>\nApodi<br \/>\nAugusto Severo<br \/>\nCaic\u00f3<br \/>\nCara\u00fabas<br \/>\nCoronel Jo\u00e3o Pessoa<br \/>\nDoutor Severiano<br \/>\nEncanto<br \/>\nFelipe Guerra<br \/>\nFrancisco Dantas<br \/>\nFrutuoso Gomes<br \/>\nIpueira<br \/>\nIta\u00fa<br \/>\nJandu\u00eds<br \/>\nJardim de Piranhas<br \/>\nJo\u00e3o Dias<br \/>\nJos\u00e9 da Penha<br \/>\nLucr\u00e9cia<br \/>\nLu\u00eds Gomes<br \/>\nMajor Sales<br \/>\nMarcelino Vieira<br \/>\nMartins<br \/>\nMessias Targino<br \/>\nOlho d&#8217;\u00c1gua do Borges<br \/>\nOuro Branco<br \/>\nParan\u00e1<br \/>\nPatu<br \/>\nPau dos Ferros<br \/>\nPil\u00f5es<br \/>\nPortalegre<br \/>\nRafael Fernandes<br \/>\nRafael Godeiro<br \/>\nRiacho da Cruz<br \/>\nRiacho de Santana<br \/>\nRodolfo Fernandes<br \/>\nS\u00e3o Fernando<br \/>\nS\u00e3o Francisco do Oeste<br \/>\nS\u00e3o Jo\u00e3o do Sabugi<br \/>\nS\u00e3o Miguel<br \/>\nSerra Negra do Norte<br \/>\nSerrinha dos Pintos<br \/>\nSeveriano Melo<br \/>\nTaboleiro Grande<br \/>\nTenente Ananias<br \/>\nTimba\u00faba dos Batistas<br \/>\nUmarizal<br \/>\nVenha-Ver<br \/>\nVi\u00e7osa<br \/>\nV\u00eddeos mais assistidos do g1 RN<\/p>","protected":false},"excerpt":{"rendered":"<p>Alerta de baixa umidade: um dos cuidados \u00e9 se hidratar Reprodu\u00e7\u00e3o\/TV Globo O Instituto Nacional de Meteorologia (Inmet) emitiu um alerta de baixa umidade para 51 cidades do Rio Grande &#8230;<\/p>\n","protected":false},"author":0,"featured_media":14541,"parent":0,"menu_order":0,"comment_status":"closed","ping_status":"closed","template":"","meta":{"footnotes":""},"class_list":["post-14540","page","type-page","status-publish","has-post-thumbnail","hentry"],"yoast_head":"<!-- This site is optimized with the Yoast SEO plugin v27.1.1 - https:\/\/yoast.com\/product\/yoast-seo-wordpress\/ -->\n<title>Inmet alerta para baixa umidade em 51 cidades do RN; veja lista - Taveira Jr<\/title>\n<meta name=\"robots\" content=\"index, follow, max-snippet:-1, max-image-preview:large, max-video-preview:-1\" \/>\n<link rel=\"canonical\" href=\"https:\/\/deputadotaveirajr.com.br\/index.php\/inmet-alerta-para-baixa-umidade-em-51-cidades-do-rn-veja-lista\/\" \/>\n<meta property=\"og:locale\" content=\"pt_BR\" \/>\n<meta property=\"og:type\" content=\"article\" \/>\n<meta property=\"og:title\" content=\"Inmet alerta para baixa umidade em 51 cidades do RN; veja lista - Taveira Jr\" \/>\n<meta property=\"og:description\" content=\"Alerta de baixa umidade: um dos cuidados \u00e9 se hidratar Reprodu\u00e7\u00e3o\/TV Globo O Instituto Nacional de Meteorologia (Inmet) emitiu um alerta de baixa umidade para 51 cidades do Rio Grande ...\" \/>\n<meta property=\"og:url\" content=\"https:\/\/deputadotaveirajr.com.br\/index.php\/inmet-alerta-para-baixa-umidade-em-51-cidades-do-rn-veja-lista\/\" \/>\n<meta property=\"og:site_name\" content=\"Taveira Jr\" \/>\n<meta property=\"og:image\" content=\"https:\/\/s2-g1.glbimg.com\/Vt2ml128FQYfqG2ipJjV03Lq8Rc=\/i.s3.glbimg.com\/v1\/AUTH_59edd422c0c84a879bd37670ae4f538a\/internal_photos\/bs\/2024\/N\/I\/FurtjYSEaA1lax7iK5Dw\/globo-canal-5-20240704-1800-frame-229032.jpeg\" \/>\n<meta name=\"twitter:card\" content=\"summary_large_image\" \/>\n<meta name=\"twitter:label1\" content=\"Est. tempo de leitura\" \/>\n\t<meta name=\"twitter:data1\" content=\"1 minuto\" \/>\n<script type=\"application\/ld+json\" class=\"yoast-schema-graph\">{\"@context\":\"https:\/\/schema.org\",\"@graph\":[{\"@type\":\"WebPage\",\"@id\":\"https:\/\/deputadotaveirajr.com.br\/index.php\/inmet-alerta-para-baixa-umidade-em-51-cidades-do-rn-veja-lista\/\",\"url\":\"https:\/\/deputadotaveirajr.com.br\/index.php\/inmet-alerta-para-baixa-umidade-em-51-cidades-do-rn-veja-lista\/\",\"name\":\"Inmet alerta para baixa umidade em 51 cidades do RN; veja lista - Taveira Jr\",\"isPartOf\":{\"@id\":\"https:\/\/deputadotaveirajr.com.br\/#website\"},\"primaryImageOfPage\":{\"@id\":\"https:\/\/deputadotaveirajr.com.br\/index.php\/inmet-alerta-para-baixa-umidade-em-51-cidades-do-rn-veja-lista\/#primaryimage\"},\"image\":{\"@id\":\"https:\/\/deputadotaveirajr.com.br\/index.php\/inmet-alerta-para-baixa-umidade-em-51-cidades-do-rn-veja-lista\/#primaryimage\"},\"thumbnailUrl\":\"https:\/\/deputadotaveirajr.com.br\/wp-content\/uploads\/2025\/11\/globo-canal-5-20240704-1800-frame-229032-9WXuaJ.jpg\",\"datePublished\":\"2025-11-23T15:02:17+00:00\",\"breadcrumb\":{\"@id\":\"https:\/\/deputadotaveirajr.com.br\/index.php\/inmet-alerta-para-baixa-umidade-em-51-cidades-do-rn-veja-lista\/#breadcrumb\"},\"inLanguage\":\"pt-BR\",\"potentialAction\":[{\"@type\":\"ReadAction\",\"target\":[\"https:\/\/deputadotaveirajr.com.br\/index.php\/inmet-alerta-para-baixa-umidade-em-51-cidades-do-rn-veja-lista\/\"]}]},{\"@type\":\"ImageObject\",\"inLanguage\":\"pt-BR\",\"@id\":\"https:\/\/deputadotaveirajr.com.br\/index.php\/inmet-alerta-para-baixa-umidade-em-51-cidades-do-rn-veja-lista\/#primaryimage\",\"url\":\"https:\/\/deputadotaveirajr.com.br\/wp-content\/uploads\/2025\/11\/globo-canal-5-20240704-1800-frame-229032-9WXuaJ.jpg\",\"contentUrl\":\"https:\/\/deputadotaveirajr.com.br\/wp-content\/uploads\/2025\/11\/globo-canal-5-20240704-1800-frame-229032-9WXuaJ.jpg\",\"width\":1920,\"height\":1080},{\"@type\":\"BreadcrumbList\",\"@id\":\"https:\/\/deputadotaveirajr.com.br\/index.php\/inmet-alerta-para-baixa-umidade-em-51-cidades-do-rn-veja-lista\/#breadcrumb\",\"itemListElement\":[{\"@type\":\"ListItem\",\"position\":1,\"name\":\"In\u00edcio\",\"item\":\"https:\/\/deputadotaveirajr.com.br\/\"},{\"@type\":\"ListItem\",\"position\":2,\"name\":\"Inmet alerta para baixa umidade em 51 cidades do RN; veja lista\"}]},{\"@type\":\"WebSite\",\"@id\":\"https:\/\/deputadotaveirajr.com.br\/#website\",\"url\":\"https:\/\/deputadotaveirajr.com.br\/\",\"name\":\"Taveira Jr\",\"description\":\"Deputado Estadual\",\"publisher\":{\"@id\":\"https:\/\/deputadotaveirajr.com.br\/#organization\"},\"potentialAction\":[{\"@type\":\"SearchAction\",\"target\":{\"@type\":\"EntryPoint\",\"urlTemplate\":\"https:\/\/deputadotaveirajr.com.br\/?s={search_term_string}\"},\"query-input\":{\"@type\":\"PropertyValueSpecification\",\"valueRequired\":true,\"valueName\":\"search_term_string\"}}],\"inLanguage\":\"pt-BR\"},{\"@type\":\"Organization\",\"@id\":\"https:\/\/deputadotaveirajr.com.br\/#organization\",\"name\":\"Taveira Jr\",\"url\":\"https:\/\/deputadotaveirajr.com.br\/\",\"logo\":{\"@type\":\"ImageObject\",\"inLanguage\":\"pt-BR\",\"@id\":\"https:\/\/deputadotaveirajr.com.br\/#\/schema\/logo\/image\/\",\"url\":\"https:\/\/deputadotaveirajr.com.br\/wp-content\/uploads\/2026\/01\/logolow2a.png\",\"contentUrl\":\"https:\/\/deputadotaveirajr.com.br\/wp-content\/uploads\/2026\/01\/logolow2a.png\",\"width\":290,\"height\":80,\"caption\":\"Taveira Jr\"},\"image\":{\"@id\":\"https:\/\/deputadotaveirajr.com.br\/#\/schema\/logo\/image\/\"}}]}<\/script>\n<!-- \/ Yoast SEO plugin. -->","yoast_head_json":{"title":"Inmet alerta para baixa umidade em 51 cidades do RN; veja lista - Taveira Jr","robots":{"index":"index","follow":"follow","max-snippet":"max-snippet:-1","max-image-preview":"max-image-preview:large","max-video-preview":"max-video-preview:-1"},"canonical":"https:\/\/deputadotaveirajr.com.br\/index.php\/inmet-alerta-para-baixa-umidade-em-51-cidades-do-rn-veja-lista\/","og_locale":"pt_BR","og_type":"article","og_title":"Inmet alerta para baixa umidade em 51 cidades do RN; veja lista - Taveira Jr","og_description":"Alerta de baixa umidade: um dos cuidados \u00e9 se hidratar Reprodu\u00e7\u00e3o\/TV Globo O Instituto Nacional de Meteorologia (Inmet) emitiu um alerta de baixa umidade para 51 cidades do Rio Grande ...","og_url":"https:\/\/deputadotaveirajr.com.br\/index.php\/inmet-alerta-para-baixa-umidade-em-51-cidades-do-rn-veja-lista\/","og_site_name":"Taveira Jr","og_image":[{"url":"https:\/\/s2-g1.glbimg.com\/Vt2ml128FQYfqG2ipJjV03Lq8Rc=\/i.s3.glbimg.com\/v1\/AUTH_59edd422c0c84a879bd37670ae4f538a\/internal_photos\/bs\/2024\/N\/I\/FurtjYSEaA1lax7iK5Dw\/globo-canal-5-20240704-1800-frame-229032.jpeg","type":"","width":"","height":""}],"twitter_card":"summary_large_image","twitter_misc":{"Est. tempo de leitura":"1 minuto"},"schema":{"@context":"https:\/\/schema.org","@graph":[{"@type":"WebPage","@id":"https:\/\/deputadotaveirajr.com.br\/index.php\/inmet-alerta-para-baixa-umidade-em-51-cidades-do-rn-veja-lista\/","url":"https:\/\/deputadotaveirajr.com.br\/index.php\/inmet-alerta-para-baixa-umidade-em-51-cidades-do-rn-veja-lista\/","name":"Inmet alerta para baixa umidade em 51 cidades do RN; veja lista - Taveira Jr","isPartOf":{"@id":"https:\/\/deputadotaveirajr.com.br\/#website"},"primaryImageOfPage":{"@id":"https:\/\/deputadotaveirajr.com.br\/index.php\/inmet-alerta-para-baixa-umidade-em-51-cidades-do-rn-veja-lista\/#primaryimage"},"image":{"@id":"https:\/\/deputadotaveirajr.com.br\/index.php\/inmet-alerta-para-baixa-umidade-em-51-cidades-do-rn-veja-lista\/#primaryimage"},"thumbnailUrl":"https:\/\/deputadotaveirajr.com.br\/wp-content\/uploads\/2025\/11\/globo-canal-5-20240704-1800-frame-229032-9WXuaJ.jpg","datePublished":"2025-11-23T15:02:17+00:00","breadcrumb":{"@id":"https:\/\/deputadotaveirajr.com.br\/index.php\/inmet-alerta-para-baixa-umidade-em-51-cidades-do-rn-veja-lista\/#breadcrumb"},"inLanguage":"pt-BR","potentialAction":[{"@type":"ReadAction","target":["https:\/\/deputadotaveirajr.com.br\/index.php\/inmet-alerta-para-baixa-umidade-em-51-cidades-do-rn-veja-lista\/"]}]},{"@type":"ImageObject","inLanguage":"pt-BR","@id":"https:\/\/deputadotaveirajr.com.br\/index.php\/inmet-alerta-para-baixa-umidade-em-51-cidades-do-rn-veja-lista\/#primaryimage","url":"https:\/\/deputadotaveirajr.com.br\/wp-content\/uploads\/2025\/11\/globo-canal-5-20240704-1800-frame-229032-9WXuaJ.jpg","contentUrl":"https:\/\/deputadotaveirajr.com.br\/wp-content\/uploads\/2025\/11\/globo-canal-5-20240704-1800-frame-229032-9WXuaJ.jpg","width":1920,"height":1080},{"@type":"BreadcrumbList","@id":"https:\/\/deputadotaveirajr.com.br\/index.php\/inmet-alerta-para-baixa-umidade-em-51-cidades-do-rn-veja-lista\/#breadcrumb","itemListElement":[{"@type":"ListItem","position":1,"name":"In\u00edcio","item":"https:\/\/deputadotaveirajr.com.br\/"},{"@type":"ListItem","position":2,"name":"Inmet alerta para baixa umidade em 51 cidades do RN; veja lista"}]},{"@type":"WebSite","@id":"https:\/\/deputadotaveirajr.com.br\/#website","url":"https:\/\/deputadotaveirajr.com.br\/","name":"Taveira Jr","description":"Deputado Estadual","publisher":{"@id":"https:\/\/deputadotaveirajr.com.br\/#organization"},"potentialAction":[{"@type":"SearchAction","target":{"@type":"EntryPoint","urlTemplate":"https:\/\/deputadotaveirajr.com.br\/?s={search_term_string}"},"query-input":{"@type":"PropertyValueSpecification","valueRequired":true,"valueName":"search_term_string"}}],"inLanguage":"pt-BR"},{"@type":"Organization","@id":"https:\/\/deputadotaveirajr.com.br\/#organization","name":"Taveira Jr","url":"https:\/\/deputadotaveirajr.com.br\/","logo":{"@type":"ImageObject","inLanguage":"pt-BR","@id":"https:\/\/deputadotaveirajr.com.br\/#\/schema\/logo\/image\/","url":"https:\/\/deputadotaveirajr.com.br\/wp-content\/uploads\/2026\/01\/logolow2a.png","contentUrl":"https:\/\/deputadotaveirajr.com.br\/wp-content\/uploads\/2026\/01\/logolow2a.png","width":290,"height":80,"caption":"Taveira Jr"},"image":{"@id":"https:\/\/deputadotaveirajr.com.br\/#\/schema\/logo\/image\/"}}]}},"_links":{"self":[{"href":"https:\/\/deputadotaveirajr.com.br\/index.php\/wp-json\/wp\/v2\/pages\/14540","targetHints":{"allow":["GET"]}}],"collection":[{"href":"https:\/\/deputadotaveirajr.com.br\/index.php\/wp-json\/wp\/v2\/pages"}],"about":[{"href":"https:\/\/deputadotaveirajr.com.br\/index.php\/wp-json\/wp\/v2\/types\/page"}],"replies":[{"embeddable":true,"href":"https:\/\/deputadotaveirajr.com.br\/index.php\/wp-json\/wp\/v2\/comments?post=14540"}],"version-history":[{"count":0,"href":"https:\/\/deputadotaveirajr.com.br\/index.php\/wp-json\/wp\/v2\/pages\/14540\/revisions"}],"wp:featuredmedia":[{"embeddable":true,"href":"https:\/\/deputadotaveirajr.com.br\/index.php\/wp-json\/wp\/v2\/media\/14541"}],"wp:attachment":[{"href":"https:\/\/deputadotaveirajr.com.br\/index.php\/wp-json\/wp\/v2\/media?parent=14540"}],"curies":[{"name":"wp","href":"https:\/\/api.w.org\/{rel}","templated":true}]}}