{"id":14545,"date":"2025-11-26T12:18:51","date_gmt":"2025-11-26T15:18:51","guid":{"rendered":"https:\/\/deputadotaveirajr.com.br\/index.php\/fosseis-de-preguica-gigante-sao-descobertos-no-geoparque-serido-no-rn\/"},"modified":"2025-11-26T12:18:51","modified_gmt":"2025-11-26T15:18:51","slug":"fosseis-de-preguica-gigante-sao-descobertos-no-geoparque-serido-no-rn","status":"publish","type":"page","link":"https:\/\/deputadotaveirajr.com.br\/index.php\/fosseis-de-preguica-gigante-sao-descobertos-no-geoparque-serido-no-rn\/","title":{"rendered":"F\u00f3sseis de Pregui\u00e7a-Gigante s\u00e3o descobertos no Geoparque Serid\u00f3, no RN"},"content":{"rendered":"<p><img decoding=\"async\" src=\"https:\/\/s2-g1.glbimg.com\/9O0GqLyVot_Wz0vL_TFWc_PiVOk=\/i.s3.glbimg.com\/v1\/AUTH_59edd422c0c84a879bd37670ae4f538a\/internal_photos\/bs\/2025\/l\/c\/lgs1yySsm3l5ToEwNygg\/preguica-gigante.jpg\" \/><br \/>     An\u00e1lise de f\u00f3ssil de pregui\u00e7a-gigante encontrado no RN<br \/>\nF\u00f3sseis de um megamam\u00edfero conhecido como pregui\u00e7a gigante foram descobertos por um morador na zona rural de Parelhas, munic\u00edpio que faz parte do Serid\u00f3 Geoparque Mundial da Unesco.<br \/>\nO achado foi confirmado por pesquisadores da UFRN e Unesp como sendo de grande import\u00e2ncia para a paleontologia do Rio Grande do Norte.<br \/>\n\ud83d\udcf3 Clique aqui para seguir o canal do g1 RN no WhatsApp<br \/>\nOs f\u00f3sseis s\u00e3o fragmentos de f\u00eamur, costela e falange e foram identificados como pertencentes \u00e0 esp\u00e9cie Eremotherium laurillardi, uma pregui\u00e7a-gigante terrestre que viveu no Brasil durante o per\u00edogo Pleistoceno, entre 2,5 milh\u00f5es e 11 mil anos atr\u00e1s.<br \/>\nDe acordo com os pesquisadores, o animal podia atingir cerca de 6 metros de comprimento e pesar at\u00e9 5 toneladas.<br \/>\nArte mostra como seriam dois indiv\u00edduos de eremotherium laurillardi em embate<br \/>\nArte: Matheus Gadelha.<br \/>\nO professor Marcos Nascimento, que \u00e9 coordenador cient\u00edfico do Geoparque, explicou que os f\u00f3sseis foram encontrados na \u00e9poca da pandemia por uma morador da zona rural.<br \/>\nConhe\u00e7a o Geoparque Serid\u00f3, reconhecido pela Unesco como territ\u00f3rio de relev\u00e2ncia mundial<br \/>\nAp\u00f3s terem acesso \u00e0 informa\u00e7\u00e3o e conseguirem contato com o morador, os pesquisadores conseguiram acesso ao material e come\u00e7aram a analisar os f\u00f3sseis h\u00e1 cerca de um ano e meio.<br \/>\n&#8220;A gente passou a estudar o local, com recolhimento dos f\u00f3sseis, an\u00e1lise desse f\u00f3sseis no Laborat\u00f3rio de Paleontologia e Paleoecologia da UFRN, no Departamento de Geologia, e agora os primeiros resultados est\u00e3o saindo&#8221;, explicou.<br \/>\nF\u00f3sseis de pregui\u00e7a-gigante encontrados no Geoparque Serid\u00f3, no RN<br \/>\nUFRN\/Divulga\u00e7\u00e3o<br \/>\nO professor considerou que descoberta \u00e9 extremamente significativa para Parelhas e para o Serid\u00f3 Geoparque Mundial da Unesco e ressalta a import\u00e2ncia da conserva\u00e7\u00e3o da regi\u00e3o.<br \/>\nOs f\u00f3sseis ser\u00e3o tombados e passar\u00e3o a integrar o acervo do Geoparque, onde ficar\u00e3o expostos. Al\u00e9m disso, a descoberta completa ser\u00e1 formalizada na publica\u00e7\u00e3o de um artigo cient\u00edfico.<br \/>\nO geoparque Serid\u00f3 abrange uma \u00e1rea de 2,8 mil quil\u00f4metros quadrados em seis munic\u00edpios do Serid\u00f3 potiguar e foi reconhecido em 2022 como um territ\u00f3rio de relev\u00e2ncia mundial pela Unesco &#8211; Organiza\u00e7\u00e3o das Na\u00e7\u00f5es Unidas para a Educa\u00e7\u00e3o, Ci\u00eancia e Cultura.<br \/>\nVeja os v\u00eddeos mais assistidos no g1 RN<\/p>","protected":false},"excerpt":{"rendered":"<p>An\u00e1lise de f\u00f3ssil de pregui\u00e7a-gigante encontrado no RN F\u00f3sseis de um megamam\u00edfero conhecido como pregui\u00e7a gigante foram descobertos por um morador na zona rural de Parelhas, munic\u00edpio que faz parte &#8230;<\/p>\n","protected":false},"author":0,"featured_media":14546,"parent":0,"menu_order":0,"comment_status":"closed","ping_status":"closed","template":"","meta":{"footnotes":""},"class_list":["post-14545","page","type-page","status-publish","has-post-thumbnail","hentry"],"yoast_head":"<!-- This site is optimized with the Yoast SEO plugin v27.1.1 - https:\/\/yoast.com\/product\/yoast-seo-wordpress\/ -->\n<title>F\u00f3sseis de Pregui\u00e7a-Gigante s\u00e3o descobertos no Geoparque Serid\u00f3, no RN - Taveira Jr<\/title>\n<meta name=\"robots\" content=\"index, follow, max-snippet:-1, max-image-preview:large, max-video-preview:-1\" \/>\n<link rel=\"canonical\" href=\"https:\/\/deputadotaveirajr.com.br\/index.php\/fosseis-de-preguica-gigante-sao-descobertos-no-geoparque-serido-no-rn\/\" \/>\n<meta property=\"og:locale\" content=\"pt_BR\" \/>\n<meta property=\"og:type\" content=\"article\" \/>\n<meta property=\"og:title\" content=\"F\u00f3sseis de Pregui\u00e7a-Gigante s\u00e3o descobertos no Geoparque Serid\u00f3, no RN - Taveira Jr\" \/>\n<meta property=\"og:description\" content=\"An\u00e1lise de f\u00f3ssil de pregui\u00e7a-gigante encontrado no RN F\u00f3sseis de um megamam\u00edfero conhecido como pregui\u00e7a gigante foram descobertos por um morador na zona rural de Parelhas, munic\u00edpio que faz parte ...\" \/>\n<meta property=\"og:url\" content=\"https:\/\/deputadotaveirajr.com.br\/index.php\/fosseis-de-preguica-gigante-sao-descobertos-no-geoparque-serido-no-rn\/\" \/>\n<meta property=\"og:site_name\" content=\"Taveira Jr\" \/>\n<meta property=\"og:image\" content=\"https:\/\/s2-g1.glbimg.com\/9O0GqLyVot_Wz0vL_TFWc_PiVOk=\/i.s3.glbimg.com\/v1\/AUTH_59edd422c0c84a879bd37670ae4f538a\/internal_photos\/bs\/2025\/l\/c\/lgs1yySsm3l5ToEwNygg\/preguica-gigante.jpg\" \/>\n<meta name=\"twitter:card\" content=\"summary_large_image\" \/>\n<meta name=\"twitter:label1\" content=\"Est. tempo de leitura\" \/>\n\t<meta name=\"twitter:data1\" content=\"2 minutos\" \/>\n<script type=\"application\/ld+json\" class=\"yoast-schema-graph\">{\"@context\":\"https:\/\/schema.org\",\"@graph\":[{\"@type\":\"WebPage\",\"@id\":\"https:\/\/deputadotaveirajr.com.br\/index.php\/fosseis-de-preguica-gigante-sao-descobertos-no-geoparque-serido-no-rn\/\",\"url\":\"https:\/\/deputadotaveirajr.com.br\/index.php\/fosseis-de-preguica-gigante-sao-descobertos-no-geoparque-serido-no-rn\/\",\"name\":\"F\u00f3sseis de Pregui\u00e7a-Gigante s\u00e3o descobertos no Geoparque Serid\u00f3, no RN - Taveira Jr\",\"isPartOf\":{\"@id\":\"https:\/\/deputadotaveirajr.com.br\/#website\"},\"primaryImageOfPage\":{\"@id\":\"https:\/\/deputadotaveirajr.com.br\/index.php\/fosseis-de-preguica-gigante-sao-descobertos-no-geoparque-serido-no-rn\/#primaryimage\"},\"image\":{\"@id\":\"https:\/\/deputadotaveirajr.com.br\/index.php\/fosseis-de-preguica-gigante-sao-descobertos-no-geoparque-serido-no-rn\/#primaryimage\"},\"thumbnailUrl\":\"https:\/\/deputadotaveirajr.com.br\/wp-content\/uploads\/2025\/11\/preguica-gigante-8b0hmz.jpg\",\"datePublished\":\"2025-11-26T15:18:51+00:00\",\"breadcrumb\":{\"@id\":\"https:\/\/deputadotaveirajr.com.br\/index.php\/fosseis-de-preguica-gigante-sao-descobertos-no-geoparque-serido-no-rn\/#breadcrumb\"},\"inLanguage\":\"pt-BR\",\"potentialAction\":[{\"@type\":\"ReadAction\",\"target\":[\"https:\/\/deputadotaveirajr.com.br\/index.php\/fosseis-de-preguica-gigante-sao-descobertos-no-geoparque-serido-no-rn\/\"]}]},{\"@type\":\"ImageObject\",\"inLanguage\":\"pt-BR\",\"@id\":\"https:\/\/deputadotaveirajr.com.br\/index.php\/fosseis-de-preguica-gigante-sao-descobertos-no-geoparque-serido-no-rn\/#primaryimage\",\"url\":\"https:\/\/deputadotaveirajr.com.br\/wp-content\/uploads\/2025\/11\/preguica-gigante-8b0hmz.jpg\",\"contentUrl\":\"https:\/\/deputadotaveirajr.com.br\/wp-content\/uploads\/2025\/11\/preguica-gigante-8b0hmz.jpg\",\"width\":1200,\"height\":849},{\"@type\":\"BreadcrumbList\",\"@id\":\"https:\/\/deputadotaveirajr.com.br\/index.php\/fosseis-de-preguica-gigante-sao-descobertos-no-geoparque-serido-no-rn\/#breadcrumb\",\"itemListElement\":[{\"@type\":\"ListItem\",\"position\":1,\"name\":\"In\u00edcio\",\"item\":\"https:\/\/deputadotaveirajr.com.br\/\"},{\"@type\":\"ListItem\",\"position\":2,\"name\":\"F\u00f3sseis de Pregui\u00e7a-Gigante s\u00e3o descobertos no Geoparque Serid\u00f3, no RN\"}]},{\"@type\":\"WebSite\",\"@id\":\"https:\/\/deputadotaveirajr.com.br\/#website\",\"url\":\"https:\/\/deputadotaveirajr.com.br\/\",\"name\":\"Taveira Jr\",\"description\":\"Deputado Estadual\",\"publisher\":{\"@id\":\"https:\/\/deputadotaveirajr.com.br\/#organization\"},\"potentialAction\":[{\"@type\":\"SearchAction\",\"target\":{\"@type\":\"EntryPoint\",\"urlTemplate\":\"https:\/\/deputadotaveirajr.com.br\/?s={search_term_string}\"},\"query-input\":{\"@type\":\"PropertyValueSpecification\",\"valueRequired\":true,\"valueName\":\"search_term_string\"}}],\"inLanguage\":\"pt-BR\"},{\"@type\":\"Organization\",\"@id\":\"https:\/\/deputadotaveirajr.com.br\/#organization\",\"name\":\"Taveira Jr\",\"url\":\"https:\/\/deputadotaveirajr.com.br\/\",\"logo\":{\"@type\":\"ImageObject\",\"inLanguage\":\"pt-BR\",\"@id\":\"https:\/\/deputadotaveirajr.com.br\/#\/schema\/logo\/image\/\",\"url\":\"https:\/\/deputadotaveirajr.com.br\/wp-content\/uploads\/2026\/01\/logolow2a.png\",\"contentUrl\":\"https:\/\/deputadotaveirajr.com.br\/wp-content\/uploads\/2026\/01\/logolow2a.png\",\"width\":290,\"height\":80,\"caption\":\"Taveira Jr\"},\"image\":{\"@id\":\"https:\/\/deputadotaveirajr.com.br\/#\/schema\/logo\/image\/\"}}]}<\/script>\n<!-- \/ Yoast SEO plugin. -->","yoast_head_json":{"title":"F\u00f3sseis de Pregui\u00e7a-Gigante s\u00e3o descobertos no Geoparque Serid\u00f3, no RN - Taveira Jr","robots":{"index":"index","follow":"follow","max-snippet":"max-snippet:-1","max-image-preview":"max-image-preview:large","max-video-preview":"max-video-preview:-1"},"canonical":"https:\/\/deputadotaveirajr.com.br\/index.php\/fosseis-de-preguica-gigante-sao-descobertos-no-geoparque-serido-no-rn\/","og_locale":"pt_BR","og_type":"article","og_title":"F\u00f3sseis de Pregui\u00e7a-Gigante s\u00e3o descobertos no Geoparque Serid\u00f3, no RN - Taveira Jr","og_description":"An\u00e1lise de f\u00f3ssil de pregui\u00e7a-gigante encontrado no RN F\u00f3sseis de um megamam\u00edfero conhecido como pregui\u00e7a gigante foram descobertos por um morador na zona rural de Parelhas, munic\u00edpio que faz parte ...","og_url":"https:\/\/deputadotaveirajr.com.br\/index.php\/fosseis-de-preguica-gigante-sao-descobertos-no-geoparque-serido-no-rn\/","og_site_name":"Taveira Jr","og_image":[{"url":"https:\/\/s2-g1.glbimg.com\/9O0GqLyVot_Wz0vL_TFWc_PiVOk=\/i.s3.glbimg.com\/v1\/AUTH_59edd422c0c84a879bd37670ae4f538a\/internal_photos\/bs\/2025\/l\/c\/lgs1yySsm3l5ToEwNygg\/preguica-gigante.jpg","type":"","width":"","height":""}],"twitter_card":"summary_large_image","twitter_misc":{"Est. tempo de leitura":"2 minutos"},"schema":{"@context":"https:\/\/schema.org","@graph":[{"@type":"WebPage","@id":"https:\/\/deputadotaveirajr.com.br\/index.php\/fosseis-de-preguica-gigante-sao-descobertos-no-geoparque-serido-no-rn\/","url":"https:\/\/deputadotaveirajr.com.br\/index.php\/fosseis-de-preguica-gigante-sao-descobertos-no-geoparque-serido-no-rn\/","name":"F\u00f3sseis de Pregui\u00e7a-Gigante s\u00e3o descobertos no Geoparque Serid\u00f3, no RN - Taveira Jr","isPartOf":{"@id":"https:\/\/deputadotaveirajr.com.br\/#website"},"primaryImageOfPage":{"@id":"https:\/\/deputadotaveirajr.com.br\/index.php\/fosseis-de-preguica-gigante-sao-descobertos-no-geoparque-serido-no-rn\/#primaryimage"},"image":{"@id":"https:\/\/deputadotaveirajr.com.br\/index.php\/fosseis-de-preguica-gigante-sao-descobertos-no-geoparque-serido-no-rn\/#primaryimage"},"thumbnailUrl":"https:\/\/deputadotaveirajr.com.br\/wp-content\/uploads\/2025\/11\/preguica-gigante-8b0hmz.jpg","datePublished":"2025-11-26T15:18:51+00:00","breadcrumb":{"@id":"https:\/\/deputadotaveirajr.com.br\/index.php\/fosseis-de-preguica-gigante-sao-descobertos-no-geoparque-serido-no-rn\/#breadcrumb"},"inLanguage":"pt-BR","potentialAction":[{"@type":"ReadAction","target":["https:\/\/deputadotaveirajr.com.br\/index.php\/fosseis-de-preguica-gigante-sao-descobertos-no-geoparque-serido-no-rn\/"]}]},{"@type":"ImageObject","inLanguage":"pt-BR","@id":"https:\/\/deputadotaveirajr.com.br\/index.php\/fosseis-de-preguica-gigante-sao-descobertos-no-geoparque-serido-no-rn\/#primaryimage","url":"https:\/\/deputadotaveirajr.com.br\/wp-content\/uploads\/2025\/11\/preguica-gigante-8b0hmz.jpg","contentUrl":"https:\/\/deputadotaveirajr.com.br\/wp-content\/uploads\/2025\/11\/preguica-gigante-8b0hmz.jpg","width":1200,"height":849},{"@type":"BreadcrumbList","@id":"https:\/\/deputadotaveirajr.com.br\/index.php\/fosseis-de-preguica-gigante-sao-descobertos-no-geoparque-serido-no-rn\/#breadcrumb","itemListElement":[{"@type":"ListItem","position":1,"name":"In\u00edcio","item":"https:\/\/deputadotaveirajr.com.br\/"},{"@type":"ListItem","position":2,"name":"F\u00f3sseis de Pregui\u00e7a-Gigante s\u00e3o descobertos no Geoparque Serid\u00f3, no RN"}]},{"@type":"WebSite","@id":"https:\/\/deputadotaveirajr.com.br\/#website","url":"https:\/\/deputadotaveirajr.com.br\/","name":"Taveira Jr","description":"Deputado Estadual","publisher":{"@id":"https:\/\/deputadotaveirajr.com.br\/#organization"},"potentialAction":[{"@type":"SearchAction","target":{"@type":"EntryPoint","urlTemplate":"https:\/\/deputadotaveirajr.com.br\/?s={search_term_string}"},"query-input":{"@type":"PropertyValueSpecification","valueRequired":true,"valueName":"search_term_string"}}],"inLanguage":"pt-BR"},{"@type":"Organization","@id":"https:\/\/deputadotaveirajr.com.br\/#organization","name":"Taveira Jr","url":"https:\/\/deputadotaveirajr.com.br\/","logo":{"@type":"ImageObject","inLanguage":"pt-BR","@id":"https:\/\/deputadotaveirajr.com.br\/#\/schema\/logo\/image\/","url":"https:\/\/deputadotaveirajr.com.br\/wp-content\/uploads\/2026\/01\/logolow2a.png","contentUrl":"https:\/\/deputadotaveirajr.com.br\/wp-content\/uploads\/2026\/01\/logolow2a.png","width":290,"height":80,"caption":"Taveira Jr"},"image":{"@id":"https:\/\/deputadotaveirajr.com.br\/#\/schema\/logo\/image\/"}}]}},"_links":{"self":[{"href":"https:\/\/deputadotaveirajr.com.br\/index.php\/wp-json\/wp\/v2\/pages\/14545","targetHints":{"allow":["GET"]}}],"collection":[{"href":"https:\/\/deputadotaveirajr.com.br\/index.php\/wp-json\/wp\/v2\/pages"}],"about":[{"href":"https:\/\/deputadotaveirajr.com.br\/index.php\/wp-json\/wp\/v2\/types\/page"}],"replies":[{"embeddable":true,"href":"https:\/\/deputadotaveirajr.com.br\/index.php\/wp-json\/wp\/v2\/comments?post=14545"}],"version-history":[{"count":0,"href":"https:\/\/deputadotaveirajr.com.br\/index.php\/wp-json\/wp\/v2\/pages\/14545\/revisions"}],"wp:featuredmedia":[{"embeddable":true,"href":"https:\/\/deputadotaveirajr.com.br\/index.php\/wp-json\/wp\/v2\/media\/14546"}],"wp:attachment":[{"href":"https:\/\/deputadotaveirajr.com.br\/index.php\/wp-json\/wp\/v2\/media?parent=14545"}],"curies":[{"name":"wp","href":"https:\/\/api.w.org\/{rel}","templated":true}]}}