{"id":14547,"date":"2025-11-26T10:18:37","date_gmt":"2025-11-26T13:18:37","guid":{"rendered":"https:\/\/deputadotaveirajr.com.br\/index.php\/ministerio-publico-do-rn-pede-que-justica-declare-inconstitucional-lei-que-autorizou-bets-em-bodo\/"},"modified":"2025-11-26T10:18:37","modified_gmt":"2025-11-26T13:18:37","slug":"ministerio-publico-do-rn-pede-que-justica-declare-inconstitucional-lei-que-autorizou-bets-em-bodo","status":"publish","type":"page","link":"https:\/\/deputadotaveirajr.com.br\/index.php\/ministerio-publico-do-rn-pede-que-justica-declare-inconstitucional-lei-que-autorizou-bets-em-bodo\/","title":{"rendered":"Minist\u00e9rio P\u00fablico do RN pede que Justi\u00e7a declare inconstitucional lei que autorizou bets em Bod\u00f3"},"content":{"rendered":"<p><img decoding=\"async\" src=\"https:\/\/s2-g1.glbimg.com\/MTWS2Jeja0yh5NeGiHJRys4HpGo=\/i.s3.glbimg.com\/v1\/AUTH_59edd422c0c84a879bd37670ae4f538a\/internal_photos\/bs\/2025\/i\/A\/Bmi4CwSSijG5JvVRnV3w\/img-3474.jpg\" \/><br \/>     Loterias municipais em funcionamento na cidade de Bod\u00f3 (RN)<br \/>\ng1<br \/>\nO Minist\u00e9rio P\u00fablico do Rio Grande do Norte abriu uma A\u00e7\u00e3o Direta de Inconstitucionalidade (ADI) contra a lei municipal de Bod\u00f3, na regi\u00e3o Serid\u00f3 potiguar, que instituiu o Servi\u00e7o P\u00fablico de Loteria Municipal, conhecido como LotSerid\u00f3. A atua\u00e7\u00e3o foi da Procuradoria-Geral de Justi\u00e7a (PGJ).<br \/>\nA a\u00e7\u00e3o questiona a legalidade da lei que autorizou a explora\u00e7\u00e3o de apostas de quota fixa, as chamadas \u201cbets\u201d, no munic\u00edpio.<br \/>\n\ud83d\udcf3 Clique aqui para seguir o canal do g1 RN no WhatsApp<br \/>\nO MPRN argumenta que a Constitui\u00e7\u00e3o Federal estabelece que somente a Uni\u00e3o pode legislar sobre servi\u00e7os de loterias, um &#8220;entendimento j\u00e1 pacificado pelo Supremo Tribunal Federal (STF) na S\u00famula Vinculante n\u00ba 2&#8221;.<br \/>\nPara o MPRN, n\u00e3o h\u00e1 interesse local que justifique a compet\u00eancia do Munic\u00edpio para legislar sobre o tema. A complexidade na fiscaliza\u00e7\u00e3o e controle da explora\u00e7\u00e3o de sorteios e apostas exige um regime mais abrangente, incompat\u00edvel com a atua\u00e7\u00e3o municipal.<br \/>\nLEIA MAIS<br \/>\nInvestiga\u00e7\u00e3o contra bets em Bod\u00f3 tem bloqueio judicial de R$ 145 milh\u00f5es<br \/>\nCidade do RN regulamenta bets e credencia pelo menos 38 empresas em 2 meses<br \/>\nMinist\u00e9rio da Fazenda notifica prefeitura de cidade do RN que credenciou bets<br \/>\nPrefeituras aprovam leis para criar mais de 70 loterias municipais; governo diz que s\u00e3o irregulares<br \/>\nCidade de 2,3 mil habitantes suspende bets municipais ap\u00f3s arrecadar R$ 8 milh\u00f5es em 10 meses<br \/>\n&#8220;Al\u00e9m disso, ao autorizar modalidades lot\u00e9ricas previstas em lei federal, a lei de Bod\u00f3 estabeleceu um sistema sem a fiscaliza\u00e7\u00e3o da Uni\u00e3o, a quem compete regulamentar e credenciar as operadoras de apostas de quota fixa por meio do Minist\u00e9rio da Fazenda&#8221;, informou o MP.<br \/>\nO MPRN j\u00e1 tinha conseguido em novembro a decreta\u00e7\u00e3o de medidas cautelares de sequestro, bloqueio e indisponibilidade de bens no valor de at\u00e9 R$ 145 milh\u00f5es. A medida ocorreu dentro de uma investiga\u00e7\u00e3o sobre um esquema de explora\u00e7\u00e3o irregular de apostas, inicialmente amparado pela lei municipal.<br \/>\nBets de cidade com 2,3 mil habitantes movimentam R$ 408 milh\u00f5es em um ano<br \/>\nSegundo o \u00f3rg\u00e3o, a\u00e7\u00e3o ocorreu devido \u00e0 &#8220;flagrante ilegalidade das opera\u00e7\u00f5es&#8221;, refor\u00e7ando a jurisprud\u00eancia do STF que pro\u00edbe munic\u00edpios de explorar servi\u00e7os de aposta e loterias. As medidas cautelares, que incluem o bloqueio de saldos em contas, aplica\u00e7\u00f5es financeiras, bens im\u00f3veis e ve\u00edculos, foram consideradas urgentes para evitar a fuga de capitais e proteger o ressarcimento dos danos causados pela atividade il\u00edcita.<br \/>\nEm apenas 10 meses de funcionamento, as empresas credenciadas na LotSerid\u00f3 movimentaram cerca de R$ 415 milh\u00f5es em arrecada\u00e7\u00e3o, conforme demonstrado pela pr\u00f3pria Prefeitura de Bod\u00f3.<br \/>\nAs investiga\u00e7\u00f5es indicam, ainda, o uso de \u201claranjas\u201d, empresas de fachada e a utiliza\u00e7\u00e3o de falsifica\u00e7\u00e3o digital institucional para induzir consumidores a erro sobre a legalidade das apostas.<br \/>\nEm nota, na ocasi\u00e3o dos bloqueiros, a prefeitura de Bod\u00f3 informou que tomou conhecimento do fato por meio da publica\u00e7\u00e3o no MP, n\u00e3o tendo recebido notifica\u00e7\u00e3o oficial ou comunica\u00e7\u00e3o formal.<br \/>\n&#8220;Refor\u00e7amos que estamos \u00e0 inteira disposi\u00e7\u00e3o do Minist\u00e9rio P\u00fablico para prestar todos os esclarecimentos necess\u00e1rios e colaborar com as investiga\u00e7\u00f5es, caso o \u00f3rg\u00e3o entenda pertinente envolver o munic\u00edpio no procedimento&#8221;, citou em nota.<br \/>\nVeja os v\u00eddeos mais assistidos no g1 RN<\/p>","protected":false},"excerpt":{"rendered":"<p>Loterias municipais em funcionamento na cidade de Bod\u00f3 (RN) g1 O Minist\u00e9rio P\u00fablico do Rio Grande do Norte abriu uma A\u00e7\u00e3o Direta de Inconstitucionalidade (ADI) contra a lei municipal de &#8230;<\/p>\n","protected":false},"author":0,"featured_media":14548,"parent":0,"menu_order":0,"comment_status":"closed","ping_status":"closed","template":"","meta":{"footnotes":""},"class_list":["post-14547","page","type-page","status-publish","has-post-thumbnail","hentry"],"yoast_head":"<!-- This site is optimized with the Yoast SEO plugin v27.1.1 - https:\/\/yoast.com\/product\/yoast-seo-wordpress\/ -->\n<title>Minist\u00e9rio P\u00fablico do RN pede que Justi\u00e7a declare inconstitucional lei que autorizou bets em Bod\u00f3 - Taveira Jr<\/title>\n<meta name=\"robots\" content=\"index, follow, max-snippet:-1, max-image-preview:large, max-video-preview:-1\" \/>\n<link rel=\"canonical\" href=\"https:\/\/deputadotaveirajr.com.br\/index.php\/ministerio-publico-do-rn-pede-que-justica-declare-inconstitucional-lei-que-autorizou-bets-em-bodo\/\" \/>\n<meta property=\"og:locale\" content=\"pt_BR\" \/>\n<meta property=\"og:type\" content=\"article\" \/>\n<meta property=\"og:title\" content=\"Minist\u00e9rio P\u00fablico do RN pede que Justi\u00e7a declare inconstitucional lei que autorizou bets em Bod\u00f3 - Taveira Jr\" \/>\n<meta property=\"og:description\" content=\"Loterias municipais em funcionamento na cidade de Bod\u00f3 (RN) g1 O Minist\u00e9rio P\u00fablico do Rio Grande do Norte abriu uma A\u00e7\u00e3o Direta de Inconstitucionalidade (ADI) contra a lei municipal de ...\" \/>\n<meta property=\"og:url\" content=\"https:\/\/deputadotaveirajr.com.br\/index.php\/ministerio-publico-do-rn-pede-que-justica-declare-inconstitucional-lei-que-autorizou-bets-em-bodo\/\" \/>\n<meta property=\"og:site_name\" content=\"Taveira Jr\" \/>\n<meta property=\"og:image\" content=\"https:\/\/s2-g1.glbimg.com\/MTWS2Jeja0yh5NeGiHJRys4HpGo=\/i.s3.glbimg.com\/v1\/AUTH_59edd422c0c84a879bd37670ae4f538a\/internal_photos\/bs\/2025\/i\/A\/Bmi4CwSSijG5JvVRnV3w\/img-3474.jpg\" \/>\n<meta name=\"twitter:card\" content=\"summary_large_image\" \/>\n<meta name=\"twitter:label1\" content=\"Est. tempo de leitura\" \/>\n\t<meta name=\"twitter:data1\" content=\"3 minutos\" \/>\n<script type=\"application\/ld+json\" class=\"yoast-schema-graph\">{\"@context\":\"https:\/\/schema.org\",\"@graph\":[{\"@type\":\"WebPage\",\"@id\":\"https:\/\/deputadotaveirajr.com.br\/index.php\/ministerio-publico-do-rn-pede-que-justica-declare-inconstitucional-lei-que-autorizou-bets-em-bodo\/\",\"url\":\"https:\/\/deputadotaveirajr.com.br\/index.php\/ministerio-publico-do-rn-pede-que-justica-declare-inconstitucional-lei-que-autorizou-bets-em-bodo\/\",\"name\":\"Minist\u00e9rio P\u00fablico do RN pede que Justi\u00e7a declare inconstitucional lei que autorizou bets em Bod\u00f3 - Taveira Jr\",\"isPartOf\":{\"@id\":\"https:\/\/deputadotaveirajr.com.br\/#website\"},\"primaryImageOfPage\":{\"@id\":\"https:\/\/deputadotaveirajr.com.br\/index.php\/ministerio-publico-do-rn-pede-que-justica-declare-inconstitucional-lei-que-autorizou-bets-em-bodo\/#primaryimage\"},\"image\":{\"@id\":\"https:\/\/deputadotaveirajr.com.br\/index.php\/ministerio-publico-do-rn-pede-que-justica-declare-inconstitucional-lei-que-autorizou-bets-em-bodo\/#primaryimage\"},\"thumbnailUrl\":\"https:\/\/deputadotaveirajr.com.br\/wp-content\/uploads\/2025\/11\/img-3474-Zh8mR7-scaled.jpg\",\"datePublished\":\"2025-11-26T13:18:37+00:00\",\"breadcrumb\":{\"@id\":\"https:\/\/deputadotaveirajr.com.br\/index.php\/ministerio-publico-do-rn-pede-que-justica-declare-inconstitucional-lei-que-autorizou-bets-em-bodo\/#breadcrumb\"},\"inLanguage\":\"pt-BR\",\"potentialAction\":[{\"@type\":\"ReadAction\",\"target\":[\"https:\/\/deputadotaveirajr.com.br\/index.php\/ministerio-publico-do-rn-pede-que-justica-declare-inconstitucional-lei-que-autorizou-bets-em-bodo\/\"]}]},{\"@type\":\"ImageObject\",\"inLanguage\":\"pt-BR\",\"@id\":\"https:\/\/deputadotaveirajr.com.br\/index.php\/ministerio-publico-do-rn-pede-que-justica-declare-inconstitucional-lei-que-autorizou-bets-em-bodo\/#primaryimage\",\"url\":\"https:\/\/deputadotaveirajr.com.br\/wp-content\/uploads\/2025\/11\/img-3474-Zh8mR7-scaled.jpg\",\"contentUrl\":\"https:\/\/deputadotaveirajr.com.br\/wp-content\/uploads\/2025\/11\/img-3474-Zh8mR7-scaled.jpg\",\"width\":2560,\"height\":1920},{\"@type\":\"BreadcrumbList\",\"@id\":\"https:\/\/deputadotaveirajr.com.br\/index.php\/ministerio-publico-do-rn-pede-que-justica-declare-inconstitucional-lei-que-autorizou-bets-em-bodo\/#breadcrumb\",\"itemListElement\":[{\"@type\":\"ListItem\",\"position\":1,\"name\":\"In\u00edcio\",\"item\":\"https:\/\/deputadotaveirajr.com.br\/\"},{\"@type\":\"ListItem\",\"position\":2,\"name\":\"Minist\u00e9rio P\u00fablico do RN pede que Justi\u00e7a declare inconstitucional lei que autorizou bets em Bod\u00f3\"}]},{\"@type\":\"WebSite\",\"@id\":\"https:\/\/deputadotaveirajr.com.br\/#website\",\"url\":\"https:\/\/deputadotaveirajr.com.br\/\",\"name\":\"Taveira Jr\",\"description\":\"Deputado Estadual\",\"publisher\":{\"@id\":\"https:\/\/deputadotaveirajr.com.br\/#organization\"},\"potentialAction\":[{\"@type\":\"SearchAction\",\"target\":{\"@type\":\"EntryPoint\",\"urlTemplate\":\"https:\/\/deputadotaveirajr.com.br\/?s={search_term_string}\"},\"query-input\":{\"@type\":\"PropertyValueSpecification\",\"valueRequired\":true,\"valueName\":\"search_term_string\"}}],\"inLanguage\":\"pt-BR\"},{\"@type\":\"Organization\",\"@id\":\"https:\/\/deputadotaveirajr.com.br\/#organization\",\"name\":\"Taveira Jr\",\"url\":\"https:\/\/deputadotaveirajr.com.br\/\",\"logo\":{\"@type\":\"ImageObject\",\"inLanguage\":\"pt-BR\",\"@id\":\"https:\/\/deputadotaveirajr.com.br\/#\/schema\/logo\/image\/\",\"url\":\"https:\/\/deputadotaveirajr.com.br\/wp-content\/uploads\/2026\/01\/logolow2a.png\",\"contentUrl\":\"https:\/\/deputadotaveirajr.com.br\/wp-content\/uploads\/2026\/01\/logolow2a.png\",\"width\":290,\"height\":80,\"caption\":\"Taveira Jr\"},\"image\":{\"@id\":\"https:\/\/deputadotaveirajr.com.br\/#\/schema\/logo\/image\/\"}}]}<\/script>\n<!-- \/ Yoast SEO plugin. -->","yoast_head_json":{"title":"Minist\u00e9rio P\u00fablico do RN pede que Justi\u00e7a declare inconstitucional lei que autorizou bets em Bod\u00f3 - Taveira Jr","robots":{"index":"index","follow":"follow","max-snippet":"max-snippet:-1","max-image-preview":"max-image-preview:large","max-video-preview":"max-video-preview:-1"},"canonical":"https:\/\/deputadotaveirajr.com.br\/index.php\/ministerio-publico-do-rn-pede-que-justica-declare-inconstitucional-lei-que-autorizou-bets-em-bodo\/","og_locale":"pt_BR","og_type":"article","og_title":"Minist\u00e9rio P\u00fablico do RN pede que Justi\u00e7a declare inconstitucional lei que autorizou bets em Bod\u00f3 - Taveira Jr","og_description":"Loterias municipais em funcionamento na cidade de Bod\u00f3 (RN) g1 O Minist\u00e9rio P\u00fablico do Rio Grande do Norte abriu uma A\u00e7\u00e3o Direta de Inconstitucionalidade (ADI) contra a lei municipal de ...","og_url":"https:\/\/deputadotaveirajr.com.br\/index.php\/ministerio-publico-do-rn-pede-que-justica-declare-inconstitucional-lei-que-autorizou-bets-em-bodo\/","og_site_name":"Taveira Jr","og_image":[{"url":"https:\/\/s2-g1.glbimg.com\/MTWS2Jeja0yh5NeGiHJRys4HpGo=\/i.s3.glbimg.com\/v1\/AUTH_59edd422c0c84a879bd37670ae4f538a\/internal_photos\/bs\/2025\/i\/A\/Bmi4CwSSijG5JvVRnV3w\/img-3474.jpg","type":"","width":"","height":""}],"twitter_card":"summary_large_image","twitter_misc":{"Est. tempo de leitura":"3 minutos"},"schema":{"@context":"https:\/\/schema.org","@graph":[{"@type":"WebPage","@id":"https:\/\/deputadotaveirajr.com.br\/index.php\/ministerio-publico-do-rn-pede-que-justica-declare-inconstitucional-lei-que-autorizou-bets-em-bodo\/","url":"https:\/\/deputadotaveirajr.com.br\/index.php\/ministerio-publico-do-rn-pede-que-justica-declare-inconstitucional-lei-que-autorizou-bets-em-bodo\/","name":"Minist\u00e9rio P\u00fablico do RN pede que Justi\u00e7a declare inconstitucional lei que autorizou bets em Bod\u00f3 - Taveira Jr","isPartOf":{"@id":"https:\/\/deputadotaveirajr.com.br\/#website"},"primaryImageOfPage":{"@id":"https:\/\/deputadotaveirajr.com.br\/index.php\/ministerio-publico-do-rn-pede-que-justica-declare-inconstitucional-lei-que-autorizou-bets-em-bodo\/#primaryimage"},"image":{"@id":"https:\/\/deputadotaveirajr.com.br\/index.php\/ministerio-publico-do-rn-pede-que-justica-declare-inconstitucional-lei-que-autorizou-bets-em-bodo\/#primaryimage"},"thumbnailUrl":"https:\/\/deputadotaveirajr.com.br\/wp-content\/uploads\/2025\/11\/img-3474-Zh8mR7-scaled.jpg","datePublished":"2025-11-26T13:18:37+00:00","breadcrumb":{"@id":"https:\/\/deputadotaveirajr.com.br\/index.php\/ministerio-publico-do-rn-pede-que-justica-declare-inconstitucional-lei-que-autorizou-bets-em-bodo\/#breadcrumb"},"inLanguage":"pt-BR","potentialAction":[{"@type":"ReadAction","target":["https:\/\/deputadotaveirajr.com.br\/index.php\/ministerio-publico-do-rn-pede-que-justica-declare-inconstitucional-lei-que-autorizou-bets-em-bodo\/"]}]},{"@type":"ImageObject","inLanguage":"pt-BR","@id":"https:\/\/deputadotaveirajr.com.br\/index.php\/ministerio-publico-do-rn-pede-que-justica-declare-inconstitucional-lei-que-autorizou-bets-em-bodo\/#primaryimage","url":"https:\/\/deputadotaveirajr.com.br\/wp-content\/uploads\/2025\/11\/img-3474-Zh8mR7-scaled.jpg","contentUrl":"https:\/\/deputadotaveirajr.com.br\/wp-content\/uploads\/2025\/11\/img-3474-Zh8mR7-scaled.jpg","width":2560,"height":1920},{"@type":"BreadcrumbList","@id":"https:\/\/deputadotaveirajr.com.br\/index.php\/ministerio-publico-do-rn-pede-que-justica-declare-inconstitucional-lei-que-autorizou-bets-em-bodo\/#breadcrumb","itemListElement":[{"@type":"ListItem","position":1,"name":"In\u00edcio","item":"https:\/\/deputadotaveirajr.com.br\/"},{"@type":"ListItem","position":2,"name":"Minist\u00e9rio P\u00fablico do RN pede que Justi\u00e7a declare inconstitucional lei que autorizou bets em Bod\u00f3"}]},{"@type":"WebSite","@id":"https:\/\/deputadotaveirajr.com.br\/#website","url":"https:\/\/deputadotaveirajr.com.br\/","name":"Taveira Jr","description":"Deputado Estadual","publisher":{"@id":"https:\/\/deputadotaveirajr.com.br\/#organization"},"potentialAction":[{"@type":"SearchAction","target":{"@type":"EntryPoint","urlTemplate":"https:\/\/deputadotaveirajr.com.br\/?s={search_term_string}"},"query-input":{"@type":"PropertyValueSpecification","valueRequired":true,"valueName":"search_term_string"}}],"inLanguage":"pt-BR"},{"@type":"Organization","@id":"https:\/\/deputadotaveirajr.com.br\/#organization","name":"Taveira Jr","url":"https:\/\/deputadotaveirajr.com.br\/","logo":{"@type":"ImageObject","inLanguage":"pt-BR","@id":"https:\/\/deputadotaveirajr.com.br\/#\/schema\/logo\/image\/","url":"https:\/\/deputadotaveirajr.com.br\/wp-content\/uploads\/2026\/01\/logolow2a.png","contentUrl":"https:\/\/deputadotaveirajr.com.br\/wp-content\/uploads\/2026\/01\/logolow2a.png","width":290,"height":80,"caption":"Taveira Jr"},"image":{"@id":"https:\/\/deputadotaveirajr.com.br\/#\/schema\/logo\/image\/"}}]}},"_links":{"self":[{"href":"https:\/\/deputadotaveirajr.com.br\/index.php\/wp-json\/wp\/v2\/pages\/14547","targetHints":{"allow":["GET"]}}],"collection":[{"href":"https:\/\/deputadotaveirajr.com.br\/index.php\/wp-json\/wp\/v2\/pages"}],"about":[{"href":"https:\/\/deputadotaveirajr.com.br\/index.php\/wp-json\/wp\/v2\/types\/page"}],"replies":[{"embeddable":true,"href":"https:\/\/deputadotaveirajr.com.br\/index.php\/wp-json\/wp\/v2\/comments?post=14547"}],"version-history":[{"count":0,"href":"https:\/\/deputadotaveirajr.com.br\/index.php\/wp-json\/wp\/v2\/pages\/14547\/revisions"}],"wp:featuredmedia":[{"embeddable":true,"href":"https:\/\/deputadotaveirajr.com.br\/index.php\/wp-json\/wp\/v2\/media\/14548"}],"wp:attachment":[{"href":"https:\/\/deputadotaveirajr.com.br\/index.php\/wp-json\/wp\/v2\/media?parent=14547"}],"curies":[{"name":"wp","href":"https:\/\/api.w.org\/{rel}","templated":true}]}}