{"id":14551,"date":"2025-11-25T19:43:23","date_gmt":"2025-11-25T22:43:23","guid":{"rendered":"https:\/\/deputadotaveirajr.com.br\/index.php\/incendio-de-grandes-proporcoes-atinge-area-ecologica-no-interior-do-rn\/"},"modified":"2025-11-25T19:43:23","modified_gmt":"2025-11-25T22:43:23","slug":"incendio-de-grandes-proporcoes-atinge-area-ecologica-no-interior-do-rn","status":"publish","type":"page","link":"https:\/\/deputadotaveirajr.com.br\/index.php\/incendio-de-grandes-proporcoes-atinge-area-ecologica-no-interior-do-rn\/","title":{"rendered":"Inc\u00eandio de grandes propor\u00e7\u00f5es atinge \u00e1rea ecol\u00f3gica no interior do RN"},"content":{"rendered":"<p><img decoding=\"async\" src=\"https:\/\/s2-g1.glbimg.com\/RKFSJQyTZxXVMJPa4ICfXr2UbzU=\/i.s3.glbimg.com\/v1\/AUTH_59edd422c0c84a879bd37670ae4f538a\/internal_photos\/bs\/2025\/J\/D\/VmsUauTkKlEBV5HAcoIA\/incendio.png\" \/><br \/>     Bombeiros combatem inc\u00eandio em Serra Negra do Norte<br \/>\nUm inc\u00eandio de grandes propor\u00e7\u00f5es atingiu uma \u00e1rea de vegeta\u00e7\u00e3o dentro da Esta\u00e7\u00e3o Ecol\u00f3gica do Serid\u00f3, em Serra Negra do Norte, no interior do Rio Grande do Norte.<br \/>\nO Corpo de Bombeiros informou, na tarde desta ter\u00e7a-feira (25), que o combate as chamas j\u00e1 durava quase um dia. A atualiza\u00e7\u00e3o mais recente foi feita \u00e0s 16h30, e a copora\u00e7\u00e3o informou que permanecia no trecho para combater poss\u00edveis novos focos.<br \/>\n\ud83d\udcf3 Clique aqui para seguir o canal do g1 RN no WhatsApp<br \/>\nSegundos os bombeiros, a ocorr\u00eancia teve in\u00edcio na tarde de segunda (24) e avan\u00e7ou rapidamente pela vegeta\u00e7\u00e3o seca, exigindo uma atua\u00e7\u00e3o cont\u00ednua das equipes.<br \/>\nDe acordo com a corpora\u00e7\u00e3o, os homens trabalharam durante toda a noite de segunda e, na manh\u00e3 desta ter\u00e7a-feira (25), foi solicitado o apoio a\u00e9reo para refor\u00e7ar as a\u00e7\u00f5es de combate e resfriamento da \u00e1rea atingida.<br \/>\n&#8220;Continuamos aqui na Esta\u00e7\u00e3o Ecol\u00f3gica do Serid\u00f3, no inc\u00eandio que desde \u00e0s 13h do dia de ontem [segunda-feira] vem consumindo parte da vegeta\u00e7\u00e3o aqui da esta\u00e7\u00e3o. Hoje [ter\u00e7a] tivemos o apoio do Potiguar 01 que foi fundamental para que pud\u00e9ssemos ter um controle maior dos focos de inc\u00eandio que ainda amea\u00e7avam iniciar um novo inc\u00eandio aqui no local&#8221;, explicou o tenente-coronel Ara\u00fajo, do Corpo de Bombeiros.<br \/>\nInc\u00eandio de grandes propor\u00e7\u00f5es atingiu \u00e1rea de vegeta\u00e7\u00e3o em Serra Negra do Norte<br \/>\nDivulga\u00e7\u00e3o\/Corpo de Bombeiros<br \/>\nTr\u00eas equipes estavam empenhadas na opera\u00e7\u00e3o, &#8220;utilizando t\u00e9cnicas de combate direto e indireto, al\u00e9m de equipamentos espec\u00edficos para conter a propaga\u00e7\u00e3o do fogo em terreno acidentado&#8221;, segundo o Corpo de Bombeiros.<br \/>\nO helic\u00f3ptero Potiguar 01, da Secretaria Estadual de Seguran\u00e7a P\u00fablica (Sesed) usou um balde gigante com \u00e1gua para conter as chamas. Com capacidade de 540 litros por carga, a aeronave realizou 35 lan\u00e7amentos que somaram mais de 13 mil litros de \u00e1gua direcionados aos focos de inc\u00eandio.<br \/>\nO Corpo de Bombeiros informou que as a\u00e7\u00f5es permaneciam em andamento na ter\u00e7a-feira e que, por se tratar de uma \u00e1rea de preserva\u00e7\u00e3o ambiental, todo o esfor\u00e7o estava &#8220;sendo concentrado para minimizar danos \u00e0 fauna e \u00e0 flora local&#8221;.<br \/>\n&#8220;Continuaremos aqui no local realizando o monitoramento e s\u00f3 sairemos daqui quando tivermos a certeza que esse inc\u00eandio foi totalmente combatido e sem o risco de novas igni\u00e7\u00f5es dos focos&#8221;, falou o tenente-coronel Ara\u00fajo.<br \/>\nV\u00eddeos mais assistidos do g1 RN<\/p>","protected":false},"excerpt":{"rendered":"<p>Bombeiros combatem inc\u00eandio em Serra Negra do Norte Um inc\u00eandio de grandes propor\u00e7\u00f5es atingiu uma \u00e1rea de vegeta\u00e7\u00e3o dentro da Esta\u00e7\u00e3o Ecol\u00f3gica do Serid\u00f3, em Serra Negra do Norte, no &#8230;<\/p>\n","protected":false},"author":0,"featured_media":14552,"parent":0,"menu_order":0,"comment_status":"closed","ping_status":"closed","template":"","meta":{"footnotes":""},"class_list":["post-14551","page","type-page","status-publish","has-post-thumbnail","hentry"],"yoast_head":"<!-- This site is optimized with the Yoast SEO plugin v27.1.1 - https:\/\/yoast.com\/product\/yoast-seo-wordpress\/ -->\n<title>Inc\u00eandio de grandes propor\u00e7\u00f5es atinge \u00e1rea ecol\u00f3gica no interior do RN - Taveira Jr<\/title>\n<meta name=\"robots\" content=\"index, follow, max-snippet:-1, max-image-preview:large, max-video-preview:-1\" \/>\n<link rel=\"canonical\" href=\"https:\/\/deputadotaveirajr.com.br\/index.php\/incendio-de-grandes-proporcoes-atinge-area-ecologica-no-interior-do-rn\/\" \/>\n<meta property=\"og:locale\" content=\"pt_BR\" \/>\n<meta property=\"og:type\" content=\"article\" \/>\n<meta property=\"og:title\" content=\"Inc\u00eandio de grandes propor\u00e7\u00f5es atinge \u00e1rea ecol\u00f3gica no interior do RN - Taveira Jr\" \/>\n<meta property=\"og:description\" content=\"Bombeiros combatem inc\u00eandio em Serra Negra do Norte Um inc\u00eandio de grandes propor\u00e7\u00f5es atingiu uma \u00e1rea de vegeta\u00e7\u00e3o dentro da Esta\u00e7\u00e3o Ecol\u00f3gica do Serid\u00f3, em Serra Negra do Norte, no ...\" \/>\n<meta property=\"og:url\" content=\"https:\/\/deputadotaveirajr.com.br\/index.php\/incendio-de-grandes-proporcoes-atinge-area-ecologica-no-interior-do-rn\/\" \/>\n<meta property=\"og:site_name\" content=\"Taveira Jr\" \/>\n<meta property=\"og:image\" content=\"https:\/\/s2-g1.glbimg.com\/RKFSJQyTZxXVMJPa4ICfXr2UbzU=\/i.s3.glbimg.com\/v1\/AUTH_59edd422c0c84a879bd37670ae4f538a\/internal_photos\/bs\/2025\/J\/D\/VmsUauTkKlEBV5HAcoIA\/incendio.png\" \/>\n<meta name=\"twitter:card\" content=\"summary_large_image\" \/>\n<meta name=\"twitter:label1\" content=\"Est. tempo de leitura\" \/>\n\t<meta name=\"twitter:data1\" content=\"2 minutos\" \/>\n<script type=\"application\/ld+json\" class=\"yoast-schema-graph\">{\"@context\":\"https:\/\/schema.org\",\"@graph\":[{\"@type\":\"WebPage\",\"@id\":\"https:\/\/deputadotaveirajr.com.br\/index.php\/incendio-de-grandes-proporcoes-atinge-area-ecologica-no-interior-do-rn\/\",\"url\":\"https:\/\/deputadotaveirajr.com.br\/index.php\/incendio-de-grandes-proporcoes-atinge-area-ecologica-no-interior-do-rn\/\",\"name\":\"Inc\u00eandio de grandes propor\u00e7\u00f5es atinge \u00e1rea ecol\u00f3gica no interior do RN - Taveira Jr\",\"isPartOf\":{\"@id\":\"https:\/\/deputadotaveirajr.com.br\/#website\"},\"primaryImageOfPage\":{\"@id\":\"https:\/\/deputadotaveirajr.com.br\/index.php\/incendio-de-grandes-proporcoes-atinge-area-ecologica-no-interior-do-rn\/#primaryimage\"},\"image\":{\"@id\":\"https:\/\/deputadotaveirajr.com.br\/index.php\/incendio-de-grandes-proporcoes-atinge-area-ecologica-no-interior-do-rn\/#primaryimage\"},\"thumbnailUrl\":\"https:\/\/deputadotaveirajr.com.br\/wp-content\/uploads\/2025\/11\/incendio-QF8hzU.jpg\",\"datePublished\":\"2025-11-25T22:43:23+00:00\",\"breadcrumb\":{\"@id\":\"https:\/\/deputadotaveirajr.com.br\/index.php\/incendio-de-grandes-proporcoes-atinge-area-ecologica-no-interior-do-rn\/#breadcrumb\"},\"inLanguage\":\"pt-BR\",\"potentialAction\":[{\"@type\":\"ReadAction\",\"target\":[\"https:\/\/deputadotaveirajr.com.br\/index.php\/incendio-de-grandes-proporcoes-atinge-area-ecologica-no-interior-do-rn\/\"]}]},{\"@type\":\"ImageObject\",\"inLanguage\":\"pt-BR\",\"@id\":\"https:\/\/deputadotaveirajr.com.br\/index.php\/incendio-de-grandes-proporcoes-atinge-area-ecologica-no-interior-do-rn\/#primaryimage\",\"url\":\"https:\/\/deputadotaveirajr.com.br\/wp-content\/uploads\/2025\/11\/incendio-QF8hzU.jpg\",\"contentUrl\":\"https:\/\/deputadotaveirajr.com.br\/wp-content\/uploads\/2025\/11\/incendio-QF8hzU.jpg\",\"width\":2000,\"height\":2000},{\"@type\":\"BreadcrumbList\",\"@id\":\"https:\/\/deputadotaveirajr.com.br\/index.php\/incendio-de-grandes-proporcoes-atinge-area-ecologica-no-interior-do-rn\/#breadcrumb\",\"itemListElement\":[{\"@type\":\"ListItem\",\"position\":1,\"name\":\"In\u00edcio\",\"item\":\"https:\/\/deputadotaveirajr.com.br\/\"},{\"@type\":\"ListItem\",\"position\":2,\"name\":\"Inc\u00eandio de grandes propor\u00e7\u00f5es atinge \u00e1rea ecol\u00f3gica no interior do RN\"}]},{\"@type\":\"WebSite\",\"@id\":\"https:\/\/deputadotaveirajr.com.br\/#website\",\"url\":\"https:\/\/deputadotaveirajr.com.br\/\",\"name\":\"Taveira Jr\",\"description\":\"Deputado Estadual\",\"publisher\":{\"@id\":\"https:\/\/deputadotaveirajr.com.br\/#organization\"},\"potentialAction\":[{\"@type\":\"SearchAction\",\"target\":{\"@type\":\"EntryPoint\",\"urlTemplate\":\"https:\/\/deputadotaveirajr.com.br\/?s={search_term_string}\"},\"query-input\":{\"@type\":\"PropertyValueSpecification\",\"valueRequired\":true,\"valueName\":\"search_term_string\"}}],\"inLanguage\":\"pt-BR\"},{\"@type\":\"Organization\",\"@id\":\"https:\/\/deputadotaveirajr.com.br\/#organization\",\"name\":\"Taveira Jr\",\"url\":\"https:\/\/deputadotaveirajr.com.br\/\",\"logo\":{\"@type\":\"ImageObject\",\"inLanguage\":\"pt-BR\",\"@id\":\"https:\/\/deputadotaveirajr.com.br\/#\/schema\/logo\/image\/\",\"url\":\"https:\/\/deputadotaveirajr.com.br\/wp-content\/uploads\/2026\/01\/logolow2a.png\",\"contentUrl\":\"https:\/\/deputadotaveirajr.com.br\/wp-content\/uploads\/2026\/01\/logolow2a.png\",\"width\":290,\"height\":80,\"caption\":\"Taveira Jr\"},\"image\":{\"@id\":\"https:\/\/deputadotaveirajr.com.br\/#\/schema\/logo\/image\/\"}}]}<\/script>\n<!-- \/ Yoast SEO plugin. -->","yoast_head_json":{"title":"Inc\u00eandio de grandes propor\u00e7\u00f5es atinge \u00e1rea ecol\u00f3gica no interior do RN - Taveira Jr","robots":{"index":"index","follow":"follow","max-snippet":"max-snippet:-1","max-image-preview":"max-image-preview:large","max-video-preview":"max-video-preview:-1"},"canonical":"https:\/\/deputadotaveirajr.com.br\/index.php\/incendio-de-grandes-proporcoes-atinge-area-ecologica-no-interior-do-rn\/","og_locale":"pt_BR","og_type":"article","og_title":"Inc\u00eandio de grandes propor\u00e7\u00f5es atinge \u00e1rea ecol\u00f3gica no interior do RN - Taveira Jr","og_description":"Bombeiros combatem inc\u00eandio em Serra Negra do Norte Um inc\u00eandio de grandes propor\u00e7\u00f5es atingiu uma \u00e1rea de vegeta\u00e7\u00e3o dentro da Esta\u00e7\u00e3o Ecol\u00f3gica do Serid\u00f3, em Serra Negra do Norte, no ...","og_url":"https:\/\/deputadotaveirajr.com.br\/index.php\/incendio-de-grandes-proporcoes-atinge-area-ecologica-no-interior-do-rn\/","og_site_name":"Taveira Jr","og_image":[{"url":"https:\/\/s2-g1.glbimg.com\/RKFSJQyTZxXVMJPa4ICfXr2UbzU=\/i.s3.glbimg.com\/v1\/AUTH_59edd422c0c84a879bd37670ae4f538a\/internal_photos\/bs\/2025\/J\/D\/VmsUauTkKlEBV5HAcoIA\/incendio.png","type":"","width":"","height":""}],"twitter_card":"summary_large_image","twitter_misc":{"Est. tempo de leitura":"2 minutos"},"schema":{"@context":"https:\/\/schema.org","@graph":[{"@type":"WebPage","@id":"https:\/\/deputadotaveirajr.com.br\/index.php\/incendio-de-grandes-proporcoes-atinge-area-ecologica-no-interior-do-rn\/","url":"https:\/\/deputadotaveirajr.com.br\/index.php\/incendio-de-grandes-proporcoes-atinge-area-ecologica-no-interior-do-rn\/","name":"Inc\u00eandio de grandes propor\u00e7\u00f5es atinge \u00e1rea ecol\u00f3gica no interior do RN - Taveira Jr","isPartOf":{"@id":"https:\/\/deputadotaveirajr.com.br\/#website"},"primaryImageOfPage":{"@id":"https:\/\/deputadotaveirajr.com.br\/index.php\/incendio-de-grandes-proporcoes-atinge-area-ecologica-no-interior-do-rn\/#primaryimage"},"image":{"@id":"https:\/\/deputadotaveirajr.com.br\/index.php\/incendio-de-grandes-proporcoes-atinge-area-ecologica-no-interior-do-rn\/#primaryimage"},"thumbnailUrl":"https:\/\/deputadotaveirajr.com.br\/wp-content\/uploads\/2025\/11\/incendio-QF8hzU.jpg","datePublished":"2025-11-25T22:43:23+00:00","breadcrumb":{"@id":"https:\/\/deputadotaveirajr.com.br\/index.php\/incendio-de-grandes-proporcoes-atinge-area-ecologica-no-interior-do-rn\/#breadcrumb"},"inLanguage":"pt-BR","potentialAction":[{"@type":"ReadAction","target":["https:\/\/deputadotaveirajr.com.br\/index.php\/incendio-de-grandes-proporcoes-atinge-area-ecologica-no-interior-do-rn\/"]}]},{"@type":"ImageObject","inLanguage":"pt-BR","@id":"https:\/\/deputadotaveirajr.com.br\/index.php\/incendio-de-grandes-proporcoes-atinge-area-ecologica-no-interior-do-rn\/#primaryimage","url":"https:\/\/deputadotaveirajr.com.br\/wp-content\/uploads\/2025\/11\/incendio-QF8hzU.jpg","contentUrl":"https:\/\/deputadotaveirajr.com.br\/wp-content\/uploads\/2025\/11\/incendio-QF8hzU.jpg","width":2000,"height":2000},{"@type":"BreadcrumbList","@id":"https:\/\/deputadotaveirajr.com.br\/index.php\/incendio-de-grandes-proporcoes-atinge-area-ecologica-no-interior-do-rn\/#breadcrumb","itemListElement":[{"@type":"ListItem","position":1,"name":"In\u00edcio","item":"https:\/\/deputadotaveirajr.com.br\/"},{"@type":"ListItem","position":2,"name":"Inc\u00eandio de grandes propor\u00e7\u00f5es atinge \u00e1rea ecol\u00f3gica no interior do RN"}]},{"@type":"WebSite","@id":"https:\/\/deputadotaveirajr.com.br\/#website","url":"https:\/\/deputadotaveirajr.com.br\/","name":"Taveira Jr","description":"Deputado Estadual","publisher":{"@id":"https:\/\/deputadotaveirajr.com.br\/#organization"},"potentialAction":[{"@type":"SearchAction","target":{"@type":"EntryPoint","urlTemplate":"https:\/\/deputadotaveirajr.com.br\/?s={search_term_string}"},"query-input":{"@type":"PropertyValueSpecification","valueRequired":true,"valueName":"search_term_string"}}],"inLanguage":"pt-BR"},{"@type":"Organization","@id":"https:\/\/deputadotaveirajr.com.br\/#organization","name":"Taveira Jr","url":"https:\/\/deputadotaveirajr.com.br\/","logo":{"@type":"ImageObject","inLanguage":"pt-BR","@id":"https:\/\/deputadotaveirajr.com.br\/#\/schema\/logo\/image\/","url":"https:\/\/deputadotaveirajr.com.br\/wp-content\/uploads\/2026\/01\/logolow2a.png","contentUrl":"https:\/\/deputadotaveirajr.com.br\/wp-content\/uploads\/2026\/01\/logolow2a.png","width":290,"height":80,"caption":"Taveira Jr"},"image":{"@id":"https:\/\/deputadotaveirajr.com.br\/#\/schema\/logo\/image\/"}}]}},"_links":{"self":[{"href":"https:\/\/deputadotaveirajr.com.br\/index.php\/wp-json\/wp\/v2\/pages\/14551","targetHints":{"allow":["GET"]}}],"collection":[{"href":"https:\/\/deputadotaveirajr.com.br\/index.php\/wp-json\/wp\/v2\/pages"}],"about":[{"href":"https:\/\/deputadotaveirajr.com.br\/index.php\/wp-json\/wp\/v2\/types\/page"}],"replies":[{"embeddable":true,"href":"https:\/\/deputadotaveirajr.com.br\/index.php\/wp-json\/wp\/v2\/comments?post=14551"}],"version-history":[{"count":0,"href":"https:\/\/deputadotaveirajr.com.br\/index.php\/wp-json\/wp\/v2\/pages\/14551\/revisions"}],"wp:featuredmedia":[{"embeddable":true,"href":"https:\/\/deputadotaveirajr.com.br\/index.php\/wp-json\/wp\/v2\/media\/14552"}],"wp:attachment":[{"href":"https:\/\/deputadotaveirajr.com.br\/index.php\/wp-json\/wp\/v2\/media?parent=14551"}],"curies":[{"name":"wp","href":"https:\/\/api.w.org\/{rel}","templated":true}]}}