{"id":14553,"date":"2025-11-25T18:43:03","date_gmt":"2025-11-25T21:43:03","guid":{"rendered":"https:\/\/deputadotaveirajr.com.br\/index.php\/escolas-e-unidades-de-saude-suspendem-atividades-apos-tiros-em-parelhas\/"},"modified":"2025-11-25T18:43:03","modified_gmt":"2025-11-25T21:43:03","slug":"escolas-e-unidades-de-saude-suspendem-atividades-apos-tiros-em-parelhas","status":"publish","type":"page","link":"https:\/\/deputadotaveirajr.com.br\/index.php\/escolas-e-unidades-de-saude-suspendem-atividades-apos-tiros-em-parelhas\/","title":{"rendered":"Escolas e unidades de sa\u00fade suspendem atividades ap\u00f3s tiros em Parelhas"},"content":{"rendered":"<p><img decoding=\"async\" src=\"https:\/\/s2-g1.glbimg.com\/D8ygt8uwIMFa5-nkQx0zn3dpC1k=\/i.s3.glbimg.com\/v1\/AUTH_59edd422c0c84a879bd37670ae4f538a\/internal_photos\/bs\/2025\/D\/H\/joMu6hTim75voFS9ZVIw\/parelhas.png\" \/><br \/>     R$ 20 mil apreendidos em caminhonete em Parelhas<br \/>\nTiros disparados na cidade de Parelhas, na Regi\u00e3o Serid\u00f3 do Rio Grande do Norte, nesta ter\u00e7a-feira (25) fizeram algumas escolas, creches e unidades de sa\u00fade suspenderem atividades, al\u00e9m de jogos escolares do munic\u00edpio serem encerrados mais cedo.<br \/>\nDe acordo com a Pol\u00edcia Militar da regi\u00e3o, mais de 10 disparos foram efetuados por homens armados em um ve\u00edculo no bairro Cruz do Monte.<br \/>\n\ud83d\udcf3 Clique aqui para seguir o canal do g1 RN no WhatsApp<br \/>\nAs pol\u00edcias Militar e Civil realizaram uma opera\u00e7\u00e3o e encontraram um suspeito dentro de uma caminhonete com uma pequena quantidade de drogas e R$ 20 mil em esp\u00e9cie.<br \/>\nO material foi apreendido para encaminhamento \u00e0 Pol\u00edcia Civil, respons\u00e1vel pelas investiga\u00e7\u00f5es.<br \/>\nPol\u00edcia nas ruas em Parelhas ap\u00f3s tiros disparados<br \/>\nRedes sociais<br \/>\n&#8220;De fato pessoas em um carro realizaram disparos numa rua aqui bem conhecida, Rua Ana Macedo, e gritaram palavras de ordem. E esses disparos foram disparos para cima&#8221;, explicou o major Josean Nascimento, Comandante da 11\u00aa Companhia Independente da PM, em Parelhas.<br \/>\nO major Josean Nascimento informou ainda que a opera\u00e7\u00e3o da pol\u00edcia nesta ter\u00e7a foi para &#8220;responder a v\u00e1rios desafios que surgiram na cidade, de disparos de arma de fogo&#8221;.<br \/>\n&#8220;Fizemos v\u00e1rias abordagens, verifica\u00e7\u00f5es, inclusive agora h\u00e1 pouco fizemos uma apreens\u00e3o de uma quantidade de droga que foi entregue na delegacia de Pol\u00edcia Civil. O trabalho continua forte, exatamente para dar tranquilidade \u00e0 popula\u00e7\u00e3o em um clima em que at\u00e9 as not\u00edcias ou as redes sociais potencializam, digamos, a problem\u00e1tica&#8221;, refor\u00e7ou.<br \/>\nA cidade de Parelhas tem registrado ataques desde a semana passada. Segundo o major, as for\u00e7as de seguran\u00e7a est\u00e3o unidas &#8220;para trazer tranquilidade para cidade&#8221;.<br \/>\n&#8220;A PM n\u00e3o descansa, n\u00e3o vai descansar um segundo, todo o tempo a gente est\u00e1 com a aten\u00e7\u00e3o redobrada, todos esses dias, para exatamente garantir paz e tranquilidade e o funcionamento normal dessas atividades da comunidade&#8221;, falou.<br \/>\nV\u00eddeos mais assistidos do g1 RN<\/p>","protected":false},"excerpt":{"rendered":"<p>R$ 20 mil apreendidos em caminhonete em Parelhas Tiros disparados na cidade de Parelhas, na Regi\u00e3o Serid\u00f3 do Rio Grande do Norte, nesta ter\u00e7a-feira (25) fizeram algumas escolas, creches e &#8230;<\/p>\n","protected":false},"author":0,"featured_media":14554,"parent":0,"menu_order":0,"comment_status":"closed","ping_status":"closed","template":"","meta":{"footnotes":""},"class_list":["post-14553","page","type-page","status-publish","has-post-thumbnail","hentry"],"yoast_head":"<!-- This site is optimized with the Yoast SEO plugin v27.1.1 - https:\/\/yoast.com\/product\/yoast-seo-wordpress\/ -->\n<title>Escolas e unidades de sa\u00fade suspendem atividades ap\u00f3s tiros em Parelhas - Taveira Jr<\/title>\n<meta name=\"robots\" content=\"index, follow, max-snippet:-1, max-image-preview:large, max-video-preview:-1\" \/>\n<link rel=\"canonical\" href=\"https:\/\/deputadotaveirajr.com.br\/index.php\/escolas-e-unidades-de-saude-suspendem-atividades-apos-tiros-em-parelhas\/\" \/>\n<meta property=\"og:locale\" content=\"pt_BR\" \/>\n<meta property=\"og:type\" content=\"article\" \/>\n<meta property=\"og:title\" content=\"Escolas e unidades de sa\u00fade suspendem atividades ap\u00f3s tiros em Parelhas - Taveira Jr\" \/>\n<meta property=\"og:description\" content=\"R$ 20 mil apreendidos em caminhonete em Parelhas Tiros disparados na cidade de Parelhas, na Regi\u00e3o Serid\u00f3 do Rio Grande do Norte, nesta ter\u00e7a-feira (25) fizeram algumas escolas, creches e ...\" \/>\n<meta property=\"og:url\" content=\"https:\/\/deputadotaveirajr.com.br\/index.php\/escolas-e-unidades-de-saude-suspendem-atividades-apos-tiros-em-parelhas\/\" \/>\n<meta property=\"og:site_name\" content=\"Taveira Jr\" \/>\n<meta property=\"og:image\" content=\"https:\/\/s2-g1.glbimg.com\/D8ygt8uwIMFa5-nkQx0zn3dpC1k=\/i.s3.glbimg.com\/v1\/AUTH_59edd422c0c84a879bd37670ae4f538a\/internal_photos\/bs\/2025\/D\/H\/joMu6hTim75voFS9ZVIw\/parelhas.png\" \/>\n<meta name=\"twitter:card\" content=\"summary_large_image\" \/>\n<meta name=\"twitter:label1\" content=\"Est. tempo de leitura\" \/>\n\t<meta name=\"twitter:data1\" content=\"2 minutos\" \/>\n<script type=\"application\/ld+json\" class=\"yoast-schema-graph\">{\"@context\":\"https:\/\/schema.org\",\"@graph\":[{\"@type\":\"WebPage\",\"@id\":\"https:\/\/deputadotaveirajr.com.br\/index.php\/escolas-e-unidades-de-saude-suspendem-atividades-apos-tiros-em-parelhas\/\",\"url\":\"https:\/\/deputadotaveirajr.com.br\/index.php\/escolas-e-unidades-de-saude-suspendem-atividades-apos-tiros-em-parelhas\/\",\"name\":\"Escolas e unidades de sa\u00fade suspendem atividades ap\u00f3s tiros em Parelhas - Taveira Jr\",\"isPartOf\":{\"@id\":\"https:\/\/deputadotaveirajr.com.br\/#website\"},\"primaryImageOfPage\":{\"@id\":\"https:\/\/deputadotaveirajr.com.br\/index.php\/escolas-e-unidades-de-saude-suspendem-atividades-apos-tiros-em-parelhas\/#primaryimage\"},\"image\":{\"@id\":\"https:\/\/deputadotaveirajr.com.br\/index.php\/escolas-e-unidades-de-saude-suspendem-atividades-apos-tiros-em-parelhas\/#primaryimage\"},\"thumbnailUrl\":\"https:\/\/deputadotaveirajr.com.br\/wp-content\/uploads\/2025\/11\/parelhas-N4335X.jpg\",\"datePublished\":\"2025-11-25T21:43:03+00:00\",\"breadcrumb\":{\"@id\":\"https:\/\/deputadotaveirajr.com.br\/index.php\/escolas-e-unidades-de-saude-suspendem-atividades-apos-tiros-em-parelhas\/#breadcrumb\"},\"inLanguage\":\"pt-BR\",\"potentialAction\":[{\"@type\":\"ReadAction\",\"target\":[\"https:\/\/deputadotaveirajr.com.br\/index.php\/escolas-e-unidades-de-saude-suspendem-atividades-apos-tiros-em-parelhas\/\"]}]},{\"@type\":\"ImageObject\",\"inLanguage\":\"pt-BR\",\"@id\":\"https:\/\/deputadotaveirajr.com.br\/index.php\/escolas-e-unidades-de-saude-suspendem-atividades-apos-tiros-em-parelhas\/#primaryimage\",\"url\":\"https:\/\/deputadotaveirajr.com.br\/wp-content\/uploads\/2025\/11\/parelhas-N4335X.jpg\",\"contentUrl\":\"https:\/\/deputadotaveirajr.com.br\/wp-content\/uploads\/2025\/11\/parelhas-N4335X.jpg\",\"width\":2000,\"height\":2000},{\"@type\":\"BreadcrumbList\",\"@id\":\"https:\/\/deputadotaveirajr.com.br\/index.php\/escolas-e-unidades-de-saude-suspendem-atividades-apos-tiros-em-parelhas\/#breadcrumb\",\"itemListElement\":[{\"@type\":\"ListItem\",\"position\":1,\"name\":\"In\u00edcio\",\"item\":\"https:\/\/deputadotaveirajr.com.br\/\"},{\"@type\":\"ListItem\",\"position\":2,\"name\":\"Escolas e unidades de sa\u00fade suspendem atividades ap\u00f3s tiros em Parelhas\"}]},{\"@type\":\"WebSite\",\"@id\":\"https:\/\/deputadotaveirajr.com.br\/#website\",\"url\":\"https:\/\/deputadotaveirajr.com.br\/\",\"name\":\"Taveira Jr\",\"description\":\"Deputado Estadual\",\"publisher\":{\"@id\":\"https:\/\/deputadotaveirajr.com.br\/#organization\"},\"potentialAction\":[{\"@type\":\"SearchAction\",\"target\":{\"@type\":\"EntryPoint\",\"urlTemplate\":\"https:\/\/deputadotaveirajr.com.br\/?s={search_term_string}\"},\"query-input\":{\"@type\":\"PropertyValueSpecification\",\"valueRequired\":true,\"valueName\":\"search_term_string\"}}],\"inLanguage\":\"pt-BR\"},{\"@type\":\"Organization\",\"@id\":\"https:\/\/deputadotaveirajr.com.br\/#organization\",\"name\":\"Taveira Jr\",\"url\":\"https:\/\/deputadotaveirajr.com.br\/\",\"logo\":{\"@type\":\"ImageObject\",\"inLanguage\":\"pt-BR\",\"@id\":\"https:\/\/deputadotaveirajr.com.br\/#\/schema\/logo\/image\/\",\"url\":\"https:\/\/deputadotaveirajr.com.br\/wp-content\/uploads\/2026\/01\/logolow2a.png\",\"contentUrl\":\"https:\/\/deputadotaveirajr.com.br\/wp-content\/uploads\/2026\/01\/logolow2a.png\",\"width\":290,\"height\":80,\"caption\":\"Taveira Jr\"},\"image\":{\"@id\":\"https:\/\/deputadotaveirajr.com.br\/#\/schema\/logo\/image\/\"}}]}<\/script>\n<!-- \/ Yoast SEO plugin. -->","yoast_head_json":{"title":"Escolas e unidades de sa\u00fade suspendem atividades ap\u00f3s tiros em Parelhas - Taveira Jr","robots":{"index":"index","follow":"follow","max-snippet":"max-snippet:-1","max-image-preview":"max-image-preview:large","max-video-preview":"max-video-preview:-1"},"canonical":"https:\/\/deputadotaveirajr.com.br\/index.php\/escolas-e-unidades-de-saude-suspendem-atividades-apos-tiros-em-parelhas\/","og_locale":"pt_BR","og_type":"article","og_title":"Escolas e unidades de sa\u00fade suspendem atividades ap\u00f3s tiros em Parelhas - Taveira Jr","og_description":"R$ 20 mil apreendidos em caminhonete em Parelhas Tiros disparados na cidade de Parelhas, na Regi\u00e3o Serid\u00f3 do Rio Grande do Norte, nesta ter\u00e7a-feira (25) fizeram algumas escolas, creches e ...","og_url":"https:\/\/deputadotaveirajr.com.br\/index.php\/escolas-e-unidades-de-saude-suspendem-atividades-apos-tiros-em-parelhas\/","og_site_name":"Taveira Jr","og_image":[{"url":"https:\/\/s2-g1.glbimg.com\/D8ygt8uwIMFa5-nkQx0zn3dpC1k=\/i.s3.glbimg.com\/v1\/AUTH_59edd422c0c84a879bd37670ae4f538a\/internal_photos\/bs\/2025\/D\/H\/joMu6hTim75voFS9ZVIw\/parelhas.png","type":"","width":"","height":""}],"twitter_card":"summary_large_image","twitter_misc":{"Est. tempo de leitura":"2 minutos"},"schema":{"@context":"https:\/\/schema.org","@graph":[{"@type":"WebPage","@id":"https:\/\/deputadotaveirajr.com.br\/index.php\/escolas-e-unidades-de-saude-suspendem-atividades-apos-tiros-em-parelhas\/","url":"https:\/\/deputadotaveirajr.com.br\/index.php\/escolas-e-unidades-de-saude-suspendem-atividades-apos-tiros-em-parelhas\/","name":"Escolas e unidades de sa\u00fade suspendem atividades ap\u00f3s tiros em Parelhas - Taveira Jr","isPartOf":{"@id":"https:\/\/deputadotaveirajr.com.br\/#website"},"primaryImageOfPage":{"@id":"https:\/\/deputadotaveirajr.com.br\/index.php\/escolas-e-unidades-de-saude-suspendem-atividades-apos-tiros-em-parelhas\/#primaryimage"},"image":{"@id":"https:\/\/deputadotaveirajr.com.br\/index.php\/escolas-e-unidades-de-saude-suspendem-atividades-apos-tiros-em-parelhas\/#primaryimage"},"thumbnailUrl":"https:\/\/deputadotaveirajr.com.br\/wp-content\/uploads\/2025\/11\/parelhas-N4335X.jpg","datePublished":"2025-11-25T21:43:03+00:00","breadcrumb":{"@id":"https:\/\/deputadotaveirajr.com.br\/index.php\/escolas-e-unidades-de-saude-suspendem-atividades-apos-tiros-em-parelhas\/#breadcrumb"},"inLanguage":"pt-BR","potentialAction":[{"@type":"ReadAction","target":["https:\/\/deputadotaveirajr.com.br\/index.php\/escolas-e-unidades-de-saude-suspendem-atividades-apos-tiros-em-parelhas\/"]}]},{"@type":"ImageObject","inLanguage":"pt-BR","@id":"https:\/\/deputadotaveirajr.com.br\/index.php\/escolas-e-unidades-de-saude-suspendem-atividades-apos-tiros-em-parelhas\/#primaryimage","url":"https:\/\/deputadotaveirajr.com.br\/wp-content\/uploads\/2025\/11\/parelhas-N4335X.jpg","contentUrl":"https:\/\/deputadotaveirajr.com.br\/wp-content\/uploads\/2025\/11\/parelhas-N4335X.jpg","width":2000,"height":2000},{"@type":"BreadcrumbList","@id":"https:\/\/deputadotaveirajr.com.br\/index.php\/escolas-e-unidades-de-saude-suspendem-atividades-apos-tiros-em-parelhas\/#breadcrumb","itemListElement":[{"@type":"ListItem","position":1,"name":"In\u00edcio","item":"https:\/\/deputadotaveirajr.com.br\/"},{"@type":"ListItem","position":2,"name":"Escolas e unidades de sa\u00fade suspendem atividades ap\u00f3s tiros em Parelhas"}]},{"@type":"WebSite","@id":"https:\/\/deputadotaveirajr.com.br\/#website","url":"https:\/\/deputadotaveirajr.com.br\/","name":"Taveira Jr","description":"Deputado Estadual","publisher":{"@id":"https:\/\/deputadotaveirajr.com.br\/#organization"},"potentialAction":[{"@type":"SearchAction","target":{"@type":"EntryPoint","urlTemplate":"https:\/\/deputadotaveirajr.com.br\/?s={search_term_string}"},"query-input":{"@type":"PropertyValueSpecification","valueRequired":true,"valueName":"search_term_string"}}],"inLanguage":"pt-BR"},{"@type":"Organization","@id":"https:\/\/deputadotaveirajr.com.br\/#organization","name":"Taveira Jr","url":"https:\/\/deputadotaveirajr.com.br\/","logo":{"@type":"ImageObject","inLanguage":"pt-BR","@id":"https:\/\/deputadotaveirajr.com.br\/#\/schema\/logo\/image\/","url":"https:\/\/deputadotaveirajr.com.br\/wp-content\/uploads\/2026\/01\/logolow2a.png","contentUrl":"https:\/\/deputadotaveirajr.com.br\/wp-content\/uploads\/2026\/01\/logolow2a.png","width":290,"height":80,"caption":"Taveira Jr"},"image":{"@id":"https:\/\/deputadotaveirajr.com.br\/#\/schema\/logo\/image\/"}}]}},"_links":{"self":[{"href":"https:\/\/deputadotaveirajr.com.br\/index.php\/wp-json\/wp\/v2\/pages\/14553","targetHints":{"allow":["GET"]}}],"collection":[{"href":"https:\/\/deputadotaveirajr.com.br\/index.php\/wp-json\/wp\/v2\/pages"}],"about":[{"href":"https:\/\/deputadotaveirajr.com.br\/index.php\/wp-json\/wp\/v2\/types\/page"}],"replies":[{"embeddable":true,"href":"https:\/\/deputadotaveirajr.com.br\/index.php\/wp-json\/wp\/v2\/comments?post=14553"}],"version-history":[{"count":0,"href":"https:\/\/deputadotaveirajr.com.br\/index.php\/wp-json\/wp\/v2\/pages\/14553\/revisions"}],"wp:featuredmedia":[{"embeddable":true,"href":"https:\/\/deputadotaveirajr.com.br\/index.php\/wp-json\/wp\/v2\/media\/14554"}],"wp:attachment":[{"href":"https:\/\/deputadotaveirajr.com.br\/index.php\/wp-json\/wp\/v2\/media?parent=14553"}],"curies":[{"name":"wp","href":"https:\/\/api.w.org\/{rel}","templated":true}]}}