{"id":14567,"date":"2025-11-29T09:46:04","date_gmt":"2025-11-29T12:46:04","guid":{"rendered":"https:\/\/deputadotaveirajr.com.br\/index.php\/prf-flagra-motorista-sem-habilitacao-na-conducao-de-onibus-com-estudantes-no-interior-do-rn\/"},"modified":"2025-11-29T09:46:04","modified_gmt":"2025-11-29T12:46:04","slug":"prf-flagra-motorista-sem-habilitacao-na-conducao-de-onibus-com-estudantes-no-interior-do-rn","status":"publish","type":"page","link":"https:\/\/deputadotaveirajr.com.br\/index.php\/prf-flagra-motorista-sem-habilitacao-na-conducao-de-onibus-com-estudantes-no-interior-do-rn\/","title":{"rendered":"PRF flagra motorista sem habilita\u00e7\u00e3o na condu\u00e7\u00e3o de \u00f4nibus com estudantes no interior do RN"},"content":{"rendered":"<p><img decoding=\"async\" src=\"https:\/\/s2-g1.glbimg.com\/3cdvASbgaBZtQWeV3dQ_qHFIoT8=\/i.s3.glbimg.com\/v1\/AUTH_59edd422c0c84a879bd37670ae4f538a\/internal_photos\/bs\/2025\/4\/n\/YbR8xnSoyLuw3QdR65fA\/prf.jpeg\" \/><br \/>     Motorista flagra motorista sem habilita\u00e7\u00e3o na condu\u00e7\u00e3o de \u00f4nibus com estudantes no RN<br \/>\nA Pol\u00edcia Rodovi\u00e1ria Federal (PRF) flagrou um motorista sem habilita\u00e7\u00e3o conduzindo um \u00f4nibus fretado que transportava 17 estudantes universit\u00e1rios de Ass\u00fa para Mossor\u00f3, na regi\u00e3o Oeste potiguar. O caso aconteceu por volta das 18h40 desta sexta-feira (28) no km 57 da BR-304.<br \/>\nSegundo a PRF, a fiscaliza\u00e7\u00e3o foi realizada ap\u00f3s den\u00fancia feita pelo telefone 191 por uma das passageiras. Ela relatou que o \u00f4nibus, usado diariamente pelos estudantes, havia sa\u00eddo de Ass\u00fa com destino a institui\u00e7\u00f5es p\u00fablicas e privadas de Mossor\u00f3.<br \/>\n\ud83d\udcf3 Clique aqui para seguir o canal do g1 RN no WhatsApp<br \/>\nO ve\u00edculo pertence a uma empresa privada cadastrada no DER para realizar viagens fretadas intermunicipais. Cada estudante paga uma mensalidade de R$ 400 pelo transporte.<br \/>\nDurante a abordagem, os policiais constataram que o condutor, de 32 anos, n\u00e3o possu\u00eda Carteira Nacional de Habilita\u00e7\u00e3o (CNH). A situa\u00e7\u00e3o, segundo o \u00f3rg\u00e3o, colocava em risco a seguran\u00e7a dos passageiros.<br \/>\nMotorista de \u00f4nibus que transportava estudantes para Mossor\u00f3 n\u00e3o era habilitado, segundo a PRF<br \/>\nPRF\/Divulga\u00e7\u00e3o<br \/>\nNo relato aos policiais, o homem disse que trabalha como lavador de ve\u00edculos e havia assumido a dire\u00e7\u00e3o do \u00f4nibus para fazer a viagem por necessidade.<br \/>\nA empresa enviou outro motorista habilitado para seguir viagem.<br \/>\nO motorista flagrado assinou um Termo Circunstanciado de Ocorr\u00eancia (TCO) por dirigir sem habilita\u00e7\u00e3o. Al\u00e9m disso, o propriet\u00e1rio deve responder por permitir que uma pessoa n\u00e3o habilitada conduzisse o ve\u00edculo.<br \/>\nA PRF tamb\u00e9m registrou outras irregularidades: o tac\u00f3grafo estava com o disco vencido e o \u00f4nibus circulava sem o adesivo de acessibilidade no para-brisa.<br \/>\nNo total, foram aplicadas cinco autua\u00e7\u00f5es \u00e0 empresa, que tamb\u00e9m s\u00e3o atribu\u00eddas ao motorista.<br \/>\nVeja os v\u00eddeo mais assistidos no g1 RN<\/p>","protected":false},"excerpt":{"rendered":"<p>Motorista flagra motorista sem habilita\u00e7\u00e3o na condu\u00e7\u00e3o de \u00f4nibus com estudantes no RN A Pol\u00edcia Rodovi\u00e1ria Federal (PRF) flagrou um motorista sem habilita\u00e7\u00e3o conduzindo um \u00f4nibus fretado que transportava 17 &#8230;<\/p>\n","protected":false},"author":0,"featured_media":14568,"parent":0,"menu_order":0,"comment_status":"closed","ping_status":"closed","template":"","meta":{"footnotes":""},"class_list":["post-14567","page","type-page","status-publish","has-post-thumbnail","hentry"],"yoast_head":"<!-- This site is optimized with the Yoast SEO plugin v27.1.1 - https:\/\/yoast.com\/product\/yoast-seo-wordpress\/ -->\n<title>PRF flagra motorista sem habilita\u00e7\u00e3o na condu\u00e7\u00e3o de \u00f4nibus com estudantes no interior do RN - Taveira Jr<\/title>\n<meta name=\"robots\" content=\"index, follow, max-snippet:-1, max-image-preview:large, max-video-preview:-1\" \/>\n<link rel=\"canonical\" href=\"https:\/\/deputadotaveirajr.com.br\/index.php\/prf-flagra-motorista-sem-habilitacao-na-conducao-de-onibus-com-estudantes-no-interior-do-rn\/\" \/>\n<meta property=\"og:locale\" content=\"pt_BR\" \/>\n<meta property=\"og:type\" content=\"article\" \/>\n<meta property=\"og:title\" content=\"PRF flagra motorista sem habilita\u00e7\u00e3o na condu\u00e7\u00e3o de \u00f4nibus com estudantes no interior do RN - Taveira Jr\" \/>\n<meta property=\"og:description\" content=\"Motorista flagra motorista sem habilita\u00e7\u00e3o na condu\u00e7\u00e3o de \u00f4nibus com estudantes no RN A Pol\u00edcia Rodovi\u00e1ria Federal (PRF) flagrou um motorista sem habilita\u00e7\u00e3o conduzindo um \u00f4nibus fretado que transportava 17 ...\" \/>\n<meta property=\"og:url\" content=\"https:\/\/deputadotaveirajr.com.br\/index.php\/prf-flagra-motorista-sem-habilitacao-na-conducao-de-onibus-com-estudantes-no-interior-do-rn\/\" \/>\n<meta property=\"og:site_name\" content=\"Taveira Jr\" \/>\n<meta property=\"og:image\" content=\"https:\/\/s2-g1.glbimg.com\/3cdvASbgaBZtQWeV3dQ_qHFIoT8=\/i.s3.glbimg.com\/v1\/AUTH_59edd422c0c84a879bd37670ae4f538a\/internal_photos\/bs\/2025\/4\/n\/YbR8xnSoyLuw3QdR65fA\/prf.jpeg\" \/>\n<meta name=\"twitter:card\" content=\"summary_large_image\" \/>\n<meta name=\"twitter:label1\" content=\"Est. tempo de leitura\" \/>\n\t<meta name=\"twitter:data1\" content=\"2 minutos\" \/>\n<script type=\"application\/ld+json\" class=\"yoast-schema-graph\">{\"@context\":\"https:\/\/schema.org\",\"@graph\":[{\"@type\":\"WebPage\",\"@id\":\"https:\/\/deputadotaveirajr.com.br\/index.php\/prf-flagra-motorista-sem-habilitacao-na-conducao-de-onibus-com-estudantes-no-interior-do-rn\/\",\"url\":\"https:\/\/deputadotaveirajr.com.br\/index.php\/prf-flagra-motorista-sem-habilitacao-na-conducao-de-onibus-com-estudantes-no-interior-do-rn\/\",\"name\":\"PRF flagra motorista sem habilita\u00e7\u00e3o na condu\u00e7\u00e3o de \u00f4nibus com estudantes no interior do RN - Taveira Jr\",\"isPartOf\":{\"@id\":\"https:\/\/deputadotaveirajr.com.br\/#website\"},\"primaryImageOfPage\":{\"@id\":\"https:\/\/deputadotaveirajr.com.br\/index.php\/prf-flagra-motorista-sem-habilitacao-na-conducao-de-onibus-com-estudantes-no-interior-do-rn\/#primaryimage\"},\"image\":{\"@id\":\"https:\/\/deputadotaveirajr.com.br\/index.php\/prf-flagra-motorista-sem-habilitacao-na-conducao-de-onibus-com-estudantes-no-interior-do-rn\/#primaryimage\"},\"thumbnailUrl\":\"https:\/\/deputadotaveirajr.com.br\/wp-content\/uploads\/2025\/11\/prf-znKqfm.jpg\",\"datePublished\":\"2025-11-29T12:46:04+00:00\",\"breadcrumb\":{\"@id\":\"https:\/\/deputadotaveirajr.com.br\/index.php\/prf-flagra-motorista-sem-habilitacao-na-conducao-de-onibus-com-estudantes-no-interior-do-rn\/#breadcrumb\"},\"inLanguage\":\"pt-BR\",\"potentialAction\":[{\"@type\":\"ReadAction\",\"target\":[\"https:\/\/deputadotaveirajr.com.br\/index.php\/prf-flagra-motorista-sem-habilitacao-na-conducao-de-onibus-com-estudantes-no-interior-do-rn\/\"]}]},{\"@type\":\"ImageObject\",\"inLanguage\":\"pt-BR\",\"@id\":\"https:\/\/deputadotaveirajr.com.br\/index.php\/prf-flagra-motorista-sem-habilitacao-na-conducao-de-onibus-com-estudantes-no-interior-do-rn\/#primaryimage\",\"url\":\"https:\/\/deputadotaveirajr.com.br\/wp-content\/uploads\/2025\/11\/prf-znKqfm.jpg\",\"contentUrl\":\"https:\/\/deputadotaveirajr.com.br\/wp-content\/uploads\/2025\/11\/prf-znKqfm.jpg\",\"width\":1600,\"height\":737},{\"@type\":\"BreadcrumbList\",\"@id\":\"https:\/\/deputadotaveirajr.com.br\/index.php\/prf-flagra-motorista-sem-habilitacao-na-conducao-de-onibus-com-estudantes-no-interior-do-rn\/#breadcrumb\",\"itemListElement\":[{\"@type\":\"ListItem\",\"position\":1,\"name\":\"In\u00edcio\",\"item\":\"https:\/\/deputadotaveirajr.com.br\/\"},{\"@type\":\"ListItem\",\"position\":2,\"name\":\"PRF flagra motorista sem habilita\u00e7\u00e3o na condu\u00e7\u00e3o de \u00f4nibus com estudantes no interior do RN\"}]},{\"@type\":\"WebSite\",\"@id\":\"https:\/\/deputadotaveirajr.com.br\/#website\",\"url\":\"https:\/\/deputadotaveirajr.com.br\/\",\"name\":\"Taveira Jr\",\"description\":\"Deputado Estadual\",\"publisher\":{\"@id\":\"https:\/\/deputadotaveirajr.com.br\/#organization\"},\"potentialAction\":[{\"@type\":\"SearchAction\",\"target\":{\"@type\":\"EntryPoint\",\"urlTemplate\":\"https:\/\/deputadotaveirajr.com.br\/?s={search_term_string}\"},\"query-input\":{\"@type\":\"PropertyValueSpecification\",\"valueRequired\":true,\"valueName\":\"search_term_string\"}}],\"inLanguage\":\"pt-BR\"},{\"@type\":\"Organization\",\"@id\":\"https:\/\/deputadotaveirajr.com.br\/#organization\",\"name\":\"Taveira Jr\",\"url\":\"https:\/\/deputadotaveirajr.com.br\/\",\"logo\":{\"@type\":\"ImageObject\",\"inLanguage\":\"pt-BR\",\"@id\":\"https:\/\/deputadotaveirajr.com.br\/#\/schema\/logo\/image\/\",\"url\":\"https:\/\/deputadotaveirajr.com.br\/wp-content\/uploads\/2026\/01\/logolow2a.png\",\"contentUrl\":\"https:\/\/deputadotaveirajr.com.br\/wp-content\/uploads\/2026\/01\/logolow2a.png\",\"width\":290,\"height\":80,\"caption\":\"Taveira Jr\"},\"image\":{\"@id\":\"https:\/\/deputadotaveirajr.com.br\/#\/schema\/logo\/image\/\"}}]}<\/script>\n<!-- \/ Yoast SEO plugin. -->","yoast_head_json":{"title":"PRF flagra motorista sem habilita\u00e7\u00e3o na condu\u00e7\u00e3o de \u00f4nibus com estudantes no interior do RN - Taveira Jr","robots":{"index":"index","follow":"follow","max-snippet":"max-snippet:-1","max-image-preview":"max-image-preview:large","max-video-preview":"max-video-preview:-1"},"canonical":"https:\/\/deputadotaveirajr.com.br\/index.php\/prf-flagra-motorista-sem-habilitacao-na-conducao-de-onibus-com-estudantes-no-interior-do-rn\/","og_locale":"pt_BR","og_type":"article","og_title":"PRF flagra motorista sem habilita\u00e7\u00e3o na condu\u00e7\u00e3o de \u00f4nibus com estudantes no interior do RN - Taveira Jr","og_description":"Motorista flagra motorista sem habilita\u00e7\u00e3o na condu\u00e7\u00e3o de \u00f4nibus com estudantes no RN A Pol\u00edcia Rodovi\u00e1ria Federal (PRF) flagrou um motorista sem habilita\u00e7\u00e3o conduzindo um \u00f4nibus fretado que transportava 17 ...","og_url":"https:\/\/deputadotaveirajr.com.br\/index.php\/prf-flagra-motorista-sem-habilitacao-na-conducao-de-onibus-com-estudantes-no-interior-do-rn\/","og_site_name":"Taveira Jr","og_image":[{"url":"https:\/\/s2-g1.glbimg.com\/3cdvASbgaBZtQWeV3dQ_qHFIoT8=\/i.s3.glbimg.com\/v1\/AUTH_59edd422c0c84a879bd37670ae4f538a\/internal_photos\/bs\/2025\/4\/n\/YbR8xnSoyLuw3QdR65fA\/prf.jpeg","type":"","width":"","height":""}],"twitter_card":"summary_large_image","twitter_misc":{"Est. tempo de leitura":"2 minutos"},"schema":{"@context":"https:\/\/schema.org","@graph":[{"@type":"WebPage","@id":"https:\/\/deputadotaveirajr.com.br\/index.php\/prf-flagra-motorista-sem-habilitacao-na-conducao-de-onibus-com-estudantes-no-interior-do-rn\/","url":"https:\/\/deputadotaveirajr.com.br\/index.php\/prf-flagra-motorista-sem-habilitacao-na-conducao-de-onibus-com-estudantes-no-interior-do-rn\/","name":"PRF flagra motorista sem habilita\u00e7\u00e3o na condu\u00e7\u00e3o de \u00f4nibus com estudantes no interior do RN - Taveira Jr","isPartOf":{"@id":"https:\/\/deputadotaveirajr.com.br\/#website"},"primaryImageOfPage":{"@id":"https:\/\/deputadotaveirajr.com.br\/index.php\/prf-flagra-motorista-sem-habilitacao-na-conducao-de-onibus-com-estudantes-no-interior-do-rn\/#primaryimage"},"image":{"@id":"https:\/\/deputadotaveirajr.com.br\/index.php\/prf-flagra-motorista-sem-habilitacao-na-conducao-de-onibus-com-estudantes-no-interior-do-rn\/#primaryimage"},"thumbnailUrl":"https:\/\/deputadotaveirajr.com.br\/wp-content\/uploads\/2025\/11\/prf-znKqfm.jpg","datePublished":"2025-11-29T12:46:04+00:00","breadcrumb":{"@id":"https:\/\/deputadotaveirajr.com.br\/index.php\/prf-flagra-motorista-sem-habilitacao-na-conducao-de-onibus-com-estudantes-no-interior-do-rn\/#breadcrumb"},"inLanguage":"pt-BR","potentialAction":[{"@type":"ReadAction","target":["https:\/\/deputadotaveirajr.com.br\/index.php\/prf-flagra-motorista-sem-habilitacao-na-conducao-de-onibus-com-estudantes-no-interior-do-rn\/"]}]},{"@type":"ImageObject","inLanguage":"pt-BR","@id":"https:\/\/deputadotaveirajr.com.br\/index.php\/prf-flagra-motorista-sem-habilitacao-na-conducao-de-onibus-com-estudantes-no-interior-do-rn\/#primaryimage","url":"https:\/\/deputadotaveirajr.com.br\/wp-content\/uploads\/2025\/11\/prf-znKqfm.jpg","contentUrl":"https:\/\/deputadotaveirajr.com.br\/wp-content\/uploads\/2025\/11\/prf-znKqfm.jpg","width":1600,"height":737},{"@type":"BreadcrumbList","@id":"https:\/\/deputadotaveirajr.com.br\/index.php\/prf-flagra-motorista-sem-habilitacao-na-conducao-de-onibus-com-estudantes-no-interior-do-rn\/#breadcrumb","itemListElement":[{"@type":"ListItem","position":1,"name":"In\u00edcio","item":"https:\/\/deputadotaveirajr.com.br\/"},{"@type":"ListItem","position":2,"name":"PRF flagra motorista sem habilita\u00e7\u00e3o na condu\u00e7\u00e3o de \u00f4nibus com estudantes no interior do RN"}]},{"@type":"WebSite","@id":"https:\/\/deputadotaveirajr.com.br\/#website","url":"https:\/\/deputadotaveirajr.com.br\/","name":"Taveira Jr","description":"Deputado Estadual","publisher":{"@id":"https:\/\/deputadotaveirajr.com.br\/#organization"},"potentialAction":[{"@type":"SearchAction","target":{"@type":"EntryPoint","urlTemplate":"https:\/\/deputadotaveirajr.com.br\/?s={search_term_string}"},"query-input":{"@type":"PropertyValueSpecification","valueRequired":true,"valueName":"search_term_string"}}],"inLanguage":"pt-BR"},{"@type":"Organization","@id":"https:\/\/deputadotaveirajr.com.br\/#organization","name":"Taveira Jr","url":"https:\/\/deputadotaveirajr.com.br\/","logo":{"@type":"ImageObject","inLanguage":"pt-BR","@id":"https:\/\/deputadotaveirajr.com.br\/#\/schema\/logo\/image\/","url":"https:\/\/deputadotaveirajr.com.br\/wp-content\/uploads\/2026\/01\/logolow2a.png","contentUrl":"https:\/\/deputadotaveirajr.com.br\/wp-content\/uploads\/2026\/01\/logolow2a.png","width":290,"height":80,"caption":"Taveira Jr"},"image":{"@id":"https:\/\/deputadotaveirajr.com.br\/#\/schema\/logo\/image\/"}}]}},"_links":{"self":[{"href":"https:\/\/deputadotaveirajr.com.br\/index.php\/wp-json\/wp\/v2\/pages\/14567","targetHints":{"allow":["GET"]}}],"collection":[{"href":"https:\/\/deputadotaveirajr.com.br\/index.php\/wp-json\/wp\/v2\/pages"}],"about":[{"href":"https:\/\/deputadotaveirajr.com.br\/index.php\/wp-json\/wp\/v2\/types\/page"}],"replies":[{"embeddable":true,"href":"https:\/\/deputadotaveirajr.com.br\/index.php\/wp-json\/wp\/v2\/comments?post=14567"}],"version-history":[{"count":0,"href":"https:\/\/deputadotaveirajr.com.br\/index.php\/wp-json\/wp\/v2\/pages\/14567\/revisions"}],"wp:featuredmedia":[{"embeddable":true,"href":"https:\/\/deputadotaveirajr.com.br\/index.php\/wp-json\/wp\/v2\/media\/14568"}],"wp:attachment":[{"href":"https:\/\/deputadotaveirajr.com.br\/index.php\/wp-json\/wp\/v2\/media?parent=14567"}],"curies":[{"name":"wp","href":"https:\/\/api.w.org\/{rel}","templated":true}]}}