{"id":14573,"date":"2025-11-28T17:58:50","date_gmt":"2025-11-28T20:58:50","guid":{"rendered":"https:\/\/deputadotaveirajr.com.br\/index.php\/mulher-e-presa-suspeita-de-aplicar-golpe-com-investimentos-em-criptomoedas-na-grande-natal\/"},"modified":"2025-11-28T17:58:50","modified_gmt":"2025-11-28T20:58:50","slug":"mulher-e-presa-suspeita-de-aplicar-golpe-com-investimentos-em-criptomoedas-na-grande-natal","status":"publish","type":"page","link":"https:\/\/deputadotaveirajr.com.br\/index.php\/mulher-e-presa-suspeita-de-aplicar-golpe-com-investimentos-em-criptomoedas-na-grande-natal\/","title":{"rendered":"Mulher \u00e9 presa suspeita de aplicar golpe com investimentos em criptomoedas na Grande Natal"},"content":{"rendered":"<p><img decoding=\"async\" src=\"https:\/\/s2-g1.glbimg.com\/xg8EJ9EFPukbwKvtw3NdnAWkX3o=\/i.s3.glbimg.com\/v1\/AUTH_59edd422c0c84a879bd37670ae4f538a\/internal_photos\/bs\/2025\/d\/x\/WGZuCYRzSS6oUqpSggJA\/suspeita.jpeg\" \/><br \/>     Mulher \u00e9 presa suspeita de aplicar golpe com investimentos em criptomoedas na Grande Natal<br \/>\nCedida<br \/>\nUma mulher de 42 anos foi presa, nesta sexta-feira (28), na Grande Natal, suspeita de aplicar um golpe de &#8220;cripto estelionato&#8221;. Ela tinha mandado de pris\u00e3o preventiva expedido pela 8\u00aa Vara Criminal de Natal e foi localizada pela Pol\u00edcia Civil no bairro de Nova Parnamirim.<br \/>\n\ud83d\udcf3 Clique aqui para seguir o canal do g1 RN no WhatsApp<br \/>\nSegundo a investiga\u00e7\u00e3o, a mulher conheceu as v\u00edtimas no ambiente de trabalho e passou a oferecer supostos investimentos em criptomoedas, prometendo rendimentos mensais entre 10% e 20%. No in\u00edcio, ela chegou a repassar parte dos valores, o que ajudou a convencer mais colegas a entrarem no esquema.<br \/>\nDepois de alguns meses, os pagamentos foram interrompidos e, ainda de acordo com a Pol\u00edcia Civil, a suspeita chegou a amea\u00e7ar as pessoas que cobravam a devolu\u00e7\u00e3o do dinheiro. O preju\u00edzo total ultrapassa R$ 610 mil.<br \/>\nA equipe da Delegacia Especializada em Falsifica\u00e7\u00f5es e Defrauda\u00e7\u00f5es (DEFD) realizou dilig\u00eancias at\u00e9 localizar a mulher, que estava foragida desde janeiro de 2025. Ap\u00f3s ser presa, ela foi levada para a delegacia para os procedimentos legais e, em seguida, encaminhada ao sistema prisional, onde permanecer\u00e1 \u00e0 disposi\u00e7\u00e3o da Justi\u00e7a.<br \/>\nVeja os v\u00eddeos que est\u00e3o em alta no g1<br \/>\nV\u00eddeos mais assistidos do g1 RN<\/p>","protected":false},"excerpt":{"rendered":"<p>Mulher \u00e9 presa suspeita de aplicar golpe com investimentos em criptomoedas na Grande Natal Cedida Uma mulher de 42 anos foi presa, nesta sexta-feira (28), na Grande Natal, suspeita de &#8230;<\/p>\n","protected":false},"author":0,"featured_media":14574,"parent":0,"menu_order":0,"comment_status":"closed","ping_status":"closed","template":"","meta":{"footnotes":""},"class_list":["post-14573","page","type-page","status-publish","has-post-thumbnail","hentry"],"yoast_head":"<!-- This site is optimized with the Yoast SEO plugin v27.1.1 - https:\/\/yoast.com\/product\/yoast-seo-wordpress\/ -->\n<title>Mulher \u00e9 presa suspeita de aplicar golpe com investimentos em criptomoedas na Grande Natal - Taveira Jr<\/title>\n<meta name=\"robots\" content=\"index, follow, max-snippet:-1, max-image-preview:large, max-video-preview:-1\" \/>\n<link rel=\"canonical\" href=\"https:\/\/deputadotaveirajr.com.br\/index.php\/mulher-e-presa-suspeita-de-aplicar-golpe-com-investimentos-em-criptomoedas-na-grande-natal\/\" \/>\n<meta property=\"og:locale\" content=\"pt_BR\" \/>\n<meta property=\"og:type\" content=\"article\" \/>\n<meta property=\"og:title\" content=\"Mulher \u00e9 presa suspeita de aplicar golpe com investimentos em criptomoedas na Grande Natal - Taveira Jr\" \/>\n<meta property=\"og:description\" content=\"Mulher \u00e9 presa suspeita de aplicar golpe com investimentos em criptomoedas na Grande Natal Cedida Uma mulher de 42 anos foi presa, nesta sexta-feira (28), na Grande Natal, suspeita de ...\" \/>\n<meta property=\"og:url\" content=\"https:\/\/deputadotaveirajr.com.br\/index.php\/mulher-e-presa-suspeita-de-aplicar-golpe-com-investimentos-em-criptomoedas-na-grande-natal\/\" \/>\n<meta property=\"og:site_name\" content=\"Taveira Jr\" \/>\n<meta property=\"og:image\" content=\"https:\/\/s2-g1.glbimg.com\/xg8EJ9EFPukbwKvtw3NdnAWkX3o=\/i.s3.glbimg.com\/v1\/AUTH_59edd422c0c84a879bd37670ae4f538a\/internal_photos\/bs\/2025\/d\/x\/WGZuCYRzSS6oUqpSggJA\/suspeita.jpeg\" \/>\n<meta name=\"twitter:card\" content=\"summary_large_image\" \/>\n<meta name=\"twitter:label1\" content=\"Est. tempo de leitura\" \/>\n\t<meta name=\"twitter:data1\" content=\"1 minuto\" \/>\n<script type=\"application\/ld+json\" class=\"yoast-schema-graph\">{\"@context\":\"https:\/\/schema.org\",\"@graph\":[{\"@type\":\"WebPage\",\"@id\":\"https:\/\/deputadotaveirajr.com.br\/index.php\/mulher-e-presa-suspeita-de-aplicar-golpe-com-investimentos-em-criptomoedas-na-grande-natal\/\",\"url\":\"https:\/\/deputadotaveirajr.com.br\/index.php\/mulher-e-presa-suspeita-de-aplicar-golpe-com-investimentos-em-criptomoedas-na-grande-natal\/\",\"name\":\"Mulher \u00e9 presa suspeita de aplicar golpe com investimentos em criptomoedas na Grande Natal - Taveira Jr\",\"isPartOf\":{\"@id\":\"https:\/\/deputadotaveirajr.com.br\/#website\"},\"primaryImageOfPage\":{\"@id\":\"https:\/\/deputadotaveirajr.com.br\/index.php\/mulher-e-presa-suspeita-de-aplicar-golpe-com-investimentos-em-criptomoedas-na-grande-natal\/#primaryimage\"},\"image\":{\"@id\":\"https:\/\/deputadotaveirajr.com.br\/index.php\/mulher-e-presa-suspeita-de-aplicar-golpe-com-investimentos-em-criptomoedas-na-grande-natal\/#primaryimage\"},\"thumbnailUrl\":\"https:\/\/deputadotaveirajr.com.br\/wp-content\/uploads\/2025\/11\/suspeita-AJZ2tD.jpg\",\"datePublished\":\"2025-11-28T20:58:50+00:00\",\"breadcrumb\":{\"@id\":\"https:\/\/deputadotaveirajr.com.br\/index.php\/mulher-e-presa-suspeita-de-aplicar-golpe-com-investimentos-em-criptomoedas-na-grande-natal\/#breadcrumb\"},\"inLanguage\":\"pt-BR\",\"potentialAction\":[{\"@type\":\"ReadAction\",\"target\":[\"https:\/\/deputadotaveirajr.com.br\/index.php\/mulher-e-presa-suspeita-de-aplicar-golpe-com-investimentos-em-criptomoedas-na-grande-natal\/\"]}]},{\"@type\":\"ImageObject\",\"inLanguage\":\"pt-BR\",\"@id\":\"https:\/\/deputadotaveirajr.com.br\/index.php\/mulher-e-presa-suspeita-de-aplicar-golpe-com-investimentos-em-criptomoedas-na-grande-natal\/#primaryimage\",\"url\":\"https:\/\/deputadotaveirajr.com.br\/wp-content\/uploads\/2025\/11\/suspeita-AJZ2tD.jpg\",\"contentUrl\":\"https:\/\/deputadotaveirajr.com.br\/wp-content\/uploads\/2025\/11\/suspeita-AJZ2tD.jpg\",\"width\":1280,\"height\":690},{\"@type\":\"BreadcrumbList\",\"@id\":\"https:\/\/deputadotaveirajr.com.br\/index.php\/mulher-e-presa-suspeita-de-aplicar-golpe-com-investimentos-em-criptomoedas-na-grande-natal\/#breadcrumb\",\"itemListElement\":[{\"@type\":\"ListItem\",\"position\":1,\"name\":\"In\u00edcio\",\"item\":\"https:\/\/deputadotaveirajr.com.br\/\"},{\"@type\":\"ListItem\",\"position\":2,\"name\":\"Mulher \u00e9 presa suspeita de aplicar golpe com investimentos em criptomoedas na Grande Natal\"}]},{\"@type\":\"WebSite\",\"@id\":\"https:\/\/deputadotaveirajr.com.br\/#website\",\"url\":\"https:\/\/deputadotaveirajr.com.br\/\",\"name\":\"Taveira Jr\",\"description\":\"Deputado Estadual\",\"publisher\":{\"@id\":\"https:\/\/deputadotaveirajr.com.br\/#organization\"},\"potentialAction\":[{\"@type\":\"SearchAction\",\"target\":{\"@type\":\"EntryPoint\",\"urlTemplate\":\"https:\/\/deputadotaveirajr.com.br\/?s={search_term_string}\"},\"query-input\":{\"@type\":\"PropertyValueSpecification\",\"valueRequired\":true,\"valueName\":\"search_term_string\"}}],\"inLanguage\":\"pt-BR\"},{\"@type\":\"Organization\",\"@id\":\"https:\/\/deputadotaveirajr.com.br\/#organization\",\"name\":\"Taveira Jr\",\"url\":\"https:\/\/deputadotaveirajr.com.br\/\",\"logo\":{\"@type\":\"ImageObject\",\"inLanguage\":\"pt-BR\",\"@id\":\"https:\/\/deputadotaveirajr.com.br\/#\/schema\/logo\/image\/\",\"url\":\"https:\/\/deputadotaveirajr.com.br\/wp-content\/uploads\/2026\/01\/logolow2a.png\",\"contentUrl\":\"https:\/\/deputadotaveirajr.com.br\/wp-content\/uploads\/2026\/01\/logolow2a.png\",\"width\":290,\"height\":80,\"caption\":\"Taveira Jr\"},\"image\":{\"@id\":\"https:\/\/deputadotaveirajr.com.br\/#\/schema\/logo\/image\/\"}}]}<\/script>\n<!-- \/ Yoast SEO plugin. -->","yoast_head_json":{"title":"Mulher \u00e9 presa suspeita de aplicar golpe com investimentos em criptomoedas na Grande Natal - Taveira Jr","robots":{"index":"index","follow":"follow","max-snippet":"max-snippet:-1","max-image-preview":"max-image-preview:large","max-video-preview":"max-video-preview:-1"},"canonical":"https:\/\/deputadotaveirajr.com.br\/index.php\/mulher-e-presa-suspeita-de-aplicar-golpe-com-investimentos-em-criptomoedas-na-grande-natal\/","og_locale":"pt_BR","og_type":"article","og_title":"Mulher \u00e9 presa suspeita de aplicar golpe com investimentos em criptomoedas na Grande Natal - Taveira Jr","og_description":"Mulher \u00e9 presa suspeita de aplicar golpe com investimentos em criptomoedas na Grande Natal Cedida Uma mulher de 42 anos foi presa, nesta sexta-feira (28), na Grande Natal, suspeita de ...","og_url":"https:\/\/deputadotaveirajr.com.br\/index.php\/mulher-e-presa-suspeita-de-aplicar-golpe-com-investimentos-em-criptomoedas-na-grande-natal\/","og_site_name":"Taveira Jr","og_image":[{"url":"https:\/\/s2-g1.glbimg.com\/xg8EJ9EFPukbwKvtw3NdnAWkX3o=\/i.s3.glbimg.com\/v1\/AUTH_59edd422c0c84a879bd37670ae4f538a\/internal_photos\/bs\/2025\/d\/x\/WGZuCYRzSS6oUqpSggJA\/suspeita.jpeg","type":"","width":"","height":""}],"twitter_card":"summary_large_image","twitter_misc":{"Est. tempo de leitura":"1 minuto"},"schema":{"@context":"https:\/\/schema.org","@graph":[{"@type":"WebPage","@id":"https:\/\/deputadotaveirajr.com.br\/index.php\/mulher-e-presa-suspeita-de-aplicar-golpe-com-investimentos-em-criptomoedas-na-grande-natal\/","url":"https:\/\/deputadotaveirajr.com.br\/index.php\/mulher-e-presa-suspeita-de-aplicar-golpe-com-investimentos-em-criptomoedas-na-grande-natal\/","name":"Mulher \u00e9 presa suspeita de aplicar golpe com investimentos em criptomoedas na Grande Natal - Taveira Jr","isPartOf":{"@id":"https:\/\/deputadotaveirajr.com.br\/#website"},"primaryImageOfPage":{"@id":"https:\/\/deputadotaveirajr.com.br\/index.php\/mulher-e-presa-suspeita-de-aplicar-golpe-com-investimentos-em-criptomoedas-na-grande-natal\/#primaryimage"},"image":{"@id":"https:\/\/deputadotaveirajr.com.br\/index.php\/mulher-e-presa-suspeita-de-aplicar-golpe-com-investimentos-em-criptomoedas-na-grande-natal\/#primaryimage"},"thumbnailUrl":"https:\/\/deputadotaveirajr.com.br\/wp-content\/uploads\/2025\/11\/suspeita-AJZ2tD.jpg","datePublished":"2025-11-28T20:58:50+00:00","breadcrumb":{"@id":"https:\/\/deputadotaveirajr.com.br\/index.php\/mulher-e-presa-suspeita-de-aplicar-golpe-com-investimentos-em-criptomoedas-na-grande-natal\/#breadcrumb"},"inLanguage":"pt-BR","potentialAction":[{"@type":"ReadAction","target":["https:\/\/deputadotaveirajr.com.br\/index.php\/mulher-e-presa-suspeita-de-aplicar-golpe-com-investimentos-em-criptomoedas-na-grande-natal\/"]}]},{"@type":"ImageObject","inLanguage":"pt-BR","@id":"https:\/\/deputadotaveirajr.com.br\/index.php\/mulher-e-presa-suspeita-de-aplicar-golpe-com-investimentos-em-criptomoedas-na-grande-natal\/#primaryimage","url":"https:\/\/deputadotaveirajr.com.br\/wp-content\/uploads\/2025\/11\/suspeita-AJZ2tD.jpg","contentUrl":"https:\/\/deputadotaveirajr.com.br\/wp-content\/uploads\/2025\/11\/suspeita-AJZ2tD.jpg","width":1280,"height":690},{"@type":"BreadcrumbList","@id":"https:\/\/deputadotaveirajr.com.br\/index.php\/mulher-e-presa-suspeita-de-aplicar-golpe-com-investimentos-em-criptomoedas-na-grande-natal\/#breadcrumb","itemListElement":[{"@type":"ListItem","position":1,"name":"In\u00edcio","item":"https:\/\/deputadotaveirajr.com.br\/"},{"@type":"ListItem","position":2,"name":"Mulher \u00e9 presa suspeita de aplicar golpe com investimentos em criptomoedas na Grande Natal"}]},{"@type":"WebSite","@id":"https:\/\/deputadotaveirajr.com.br\/#website","url":"https:\/\/deputadotaveirajr.com.br\/","name":"Taveira Jr","description":"Deputado Estadual","publisher":{"@id":"https:\/\/deputadotaveirajr.com.br\/#organization"},"potentialAction":[{"@type":"SearchAction","target":{"@type":"EntryPoint","urlTemplate":"https:\/\/deputadotaveirajr.com.br\/?s={search_term_string}"},"query-input":{"@type":"PropertyValueSpecification","valueRequired":true,"valueName":"search_term_string"}}],"inLanguage":"pt-BR"},{"@type":"Organization","@id":"https:\/\/deputadotaveirajr.com.br\/#organization","name":"Taveira Jr","url":"https:\/\/deputadotaveirajr.com.br\/","logo":{"@type":"ImageObject","inLanguage":"pt-BR","@id":"https:\/\/deputadotaveirajr.com.br\/#\/schema\/logo\/image\/","url":"https:\/\/deputadotaveirajr.com.br\/wp-content\/uploads\/2026\/01\/logolow2a.png","contentUrl":"https:\/\/deputadotaveirajr.com.br\/wp-content\/uploads\/2026\/01\/logolow2a.png","width":290,"height":80,"caption":"Taveira Jr"},"image":{"@id":"https:\/\/deputadotaveirajr.com.br\/#\/schema\/logo\/image\/"}}]}},"_links":{"self":[{"href":"https:\/\/deputadotaveirajr.com.br\/index.php\/wp-json\/wp\/v2\/pages\/14573","targetHints":{"allow":["GET"]}}],"collection":[{"href":"https:\/\/deputadotaveirajr.com.br\/index.php\/wp-json\/wp\/v2\/pages"}],"about":[{"href":"https:\/\/deputadotaveirajr.com.br\/index.php\/wp-json\/wp\/v2\/types\/page"}],"replies":[{"embeddable":true,"href":"https:\/\/deputadotaveirajr.com.br\/index.php\/wp-json\/wp\/v2\/comments?post=14573"}],"version-history":[{"count":0,"href":"https:\/\/deputadotaveirajr.com.br\/index.php\/wp-json\/wp\/v2\/pages\/14573\/revisions"}],"wp:featuredmedia":[{"embeddable":true,"href":"https:\/\/deputadotaveirajr.com.br\/index.php\/wp-json\/wp\/v2\/media\/14574"}],"wp:attachment":[{"href":"https:\/\/deputadotaveirajr.com.br\/index.php\/wp-json\/wp\/v2\/media?parent=14573"}],"curies":[{"name":"wp","href":"https:\/\/api.w.org\/{rel}","templated":true}]}}