{"id":14579,"date":"2025-12-02T15:23:21","date_gmt":"2025-12-02T18:23:21","guid":{"rendered":"https:\/\/deputadotaveirajr.com.br\/index.php\/trabalhadora-ganha-indenizacao-de-plataforma-de-entrega-apos-ter-dinheiro-bloqueado-em-conta\/"},"modified":"2025-12-02T15:23:21","modified_gmt":"2025-12-02T18:23:21","slug":"trabalhadora-ganha-indenizacao-de-plataforma-de-entrega-apos-ter-dinheiro-bloqueado-em-conta","status":"publish","type":"page","link":"https:\/\/deputadotaveirajr.com.br\/index.php\/trabalhadora-ganha-indenizacao-de-plataforma-de-entrega-apos-ter-dinheiro-bloqueado-em-conta\/","title":{"rendered":"Trabalhadora ganha indeniza\u00e7\u00e3o de plataforma de entrega ap\u00f3s ter dinheiro bloqueado em conta"},"content":{"rendered":"<p><img decoding=\"async\" src=\"https:\/\/s2-g1.glbimg.com\/XUz9QSSeTgavKkkQb-PUTpvdczY=\/i.s3.glbimg.com\/v1\/AUTH_59edd422c0c84a879bd37670ae4f538a\/internal_photos\/bs\/2025\/7\/s\/SYYlTYSSa2F1xhGCkMGg\/entregador-de-comida-com-caixas-de-comida.jpg\" \/><br \/>     Motoentregador foto ilustrativa Rio Grande do Norte RN Natal<br \/>\nSenivpetro\/Freepik<br \/>\nUma trabalhadora de Cear\u00e1-Mirim, na Grande Natal, ganhou na Justi\u00e7a uma indeniza\u00e7\u00e3o de uma plataforma de delivery on-line que bloqueou, de forma indevida, valores que haviam sido creditados na conta dela. A mulher presta servi\u00e7os para a empresa, que n\u00e3o teve o nome revelado.<br \/>\nA quantia bloqueada foi de R$1.127,62. A decis\u00e3o do juiz Peterson Fernandes Braga, do Juizado Especial C\u00edvel e Criminal da Comarca de Cear\u00e1-Mirim, determinou que a empresa liberasse o dinheiro retido e efetuasse o pagamento de R$ 4 mil por danos morais.<br \/>\n\ud83d\udcf3 Clique aqui para seguir o canal do g1 RN no WhatsApp<br \/>\nNa a\u00e7\u00e3o, a trabalhadora exp\u00f4s que entre os meses de setembro e outubro de 2024 a empresa reteve valores que j\u00e1 deveriam ter sido creditados na conta dela Segundo a trabalhadora, o dinheiro ganho fazia parte da pr\u00f3pria fonte de subsist\u00eancia.<br \/>\nA autora da a\u00e7\u00e3o relatou ainda que o contato com a empresa era extremamente dif\u00edcil, o que tornava imposs\u00edvel a solu\u00e7\u00e3o amig\u00e1vel da demanda.<br \/>\nVeja os v\u00eddeos que est\u00e3o em alta no g1<br \/>\nDecis\u00e3o<br \/>\nO juiz informou que a parte autora demonstrou que a empresa fez a reten\u00e7\u00e3o de pagamentos sem justificativa plaus\u00edvel, causando preju\u00edzos de ordem moral e material \u00e0 trabalhadora.<br \/>\n\u201cEvid\u00eancia maior disso foram as declara\u00e7\u00f5es prestadas em ju\u00edzo, devidamente corroboradas pelos elementos que seguem na inicial, com destaque para o documento, do qual se extrai que a empresa deixou de repassar \u00e0 autora o valor de R$1.127,62, de um total de R$2.091,57\u201d, observou.<br \/>\nO juiz afirmou tamb\u00e9m que ficaram caracterizados os danos morais, j\u00e1 que os transtornos suportados pela trabalhadora ultrapassaram &#8220;os meros dissabores suportados no cotidiano pelas pessoas&#8221;.<br \/>\nPara o juiz, tamb\u00e9m entendeu que houve nexo de causalidade, ou seja, a rela\u00e7\u00e3o da causa com o efeito que ocorreu em rela\u00e7\u00e3o \u00e0 reten\u00e7\u00e3o do valor, j\u00e1 que, sem a conduta irregular da empresa, a autora n\u00e3o teria de suportar os danos reclamados.<br \/>\n\u201cReconhe\u00e7o que a dor e a ofensa \u00e0 honra n\u00e3o se mede monetariamente. O valor deve ser proporcional ao abalo sofrido, mediante quantia razo\u00e1vel, que leve em conta a necessidade de satisfazer o constrangimento, ang\u00fastia e aborrecimento causado \u00e0 v\u00edtima e a desencorajar a reincid\u00eancia do autor do ato lesivo\u201d, disse o juiz.<br \/>\nV\u00eddeos mais assistidos do g1 RN<\/p>","protected":false},"excerpt":{"rendered":"<p>Motoentregador foto ilustrativa Rio Grande do Norte RN Natal Senivpetro\/Freepik Uma trabalhadora de Cear\u00e1-Mirim, na Grande Natal, ganhou na Justi\u00e7a uma indeniza\u00e7\u00e3o de uma plataforma de delivery on-line que bloqueou, &#8230;<\/p>\n","protected":false},"author":0,"featured_media":14580,"parent":0,"menu_order":0,"comment_status":"closed","ping_status":"closed","template":"","meta":{"footnotes":""},"class_list":["post-14579","page","type-page","status-publish","has-post-thumbnail","hentry"],"yoast_head":"<!-- This site is optimized with the Yoast SEO plugin v27.1.1 - https:\/\/yoast.com\/product\/yoast-seo-wordpress\/ -->\n<title>Trabalhadora ganha indeniza\u00e7\u00e3o de plataforma de entrega ap\u00f3s ter dinheiro bloqueado em conta - Taveira Jr<\/title>\n<meta name=\"robots\" content=\"index, follow, max-snippet:-1, max-image-preview:large, max-video-preview:-1\" \/>\n<link rel=\"canonical\" href=\"https:\/\/deputadotaveirajr.com.br\/index.php\/trabalhadora-ganha-indenizacao-de-plataforma-de-entrega-apos-ter-dinheiro-bloqueado-em-conta\/\" \/>\n<meta property=\"og:locale\" content=\"pt_BR\" \/>\n<meta property=\"og:type\" content=\"article\" \/>\n<meta property=\"og:title\" content=\"Trabalhadora ganha indeniza\u00e7\u00e3o de plataforma de entrega ap\u00f3s ter dinheiro bloqueado em conta - Taveira Jr\" \/>\n<meta property=\"og:description\" content=\"Motoentregador foto ilustrativa Rio Grande do Norte RN Natal Senivpetro\/Freepik Uma trabalhadora de Cear\u00e1-Mirim, na Grande Natal, ganhou na Justi\u00e7a uma indeniza\u00e7\u00e3o de uma plataforma de delivery on-line que bloqueou, ...\" \/>\n<meta property=\"og:url\" content=\"https:\/\/deputadotaveirajr.com.br\/index.php\/trabalhadora-ganha-indenizacao-de-plataforma-de-entrega-apos-ter-dinheiro-bloqueado-em-conta\/\" \/>\n<meta property=\"og:site_name\" content=\"Taveira Jr\" \/>\n<meta property=\"og:image\" content=\"https:\/\/s2-g1.glbimg.com\/XUz9QSSeTgavKkkQb-PUTpvdczY=\/i.s3.glbimg.com\/v1\/AUTH_59edd422c0c84a879bd37670ae4f538a\/internal_photos\/bs\/2025\/7\/s\/SYYlTYSSa2F1xhGCkMGg\/entregador-de-comida-com-caixas-de-comida.jpg\" \/>\n<meta name=\"twitter:card\" content=\"summary_large_image\" \/>\n<meta name=\"twitter:label1\" content=\"Est. tempo de leitura\" \/>\n\t<meta name=\"twitter:data1\" content=\"2 minutos\" \/>\n<script type=\"application\/ld+json\" class=\"yoast-schema-graph\">{\"@context\":\"https:\/\/schema.org\",\"@graph\":[{\"@type\":\"WebPage\",\"@id\":\"https:\/\/deputadotaveirajr.com.br\/index.php\/trabalhadora-ganha-indenizacao-de-plataforma-de-entrega-apos-ter-dinheiro-bloqueado-em-conta\/\",\"url\":\"https:\/\/deputadotaveirajr.com.br\/index.php\/trabalhadora-ganha-indenizacao-de-plataforma-de-entrega-apos-ter-dinheiro-bloqueado-em-conta\/\",\"name\":\"Trabalhadora ganha indeniza\u00e7\u00e3o de plataforma de entrega ap\u00f3s ter dinheiro bloqueado em conta - Taveira Jr\",\"isPartOf\":{\"@id\":\"https:\/\/deputadotaveirajr.com.br\/#website\"},\"primaryImageOfPage\":{\"@id\":\"https:\/\/deputadotaveirajr.com.br\/index.php\/trabalhadora-ganha-indenizacao-de-plataforma-de-entrega-apos-ter-dinheiro-bloqueado-em-conta\/#primaryimage\"},\"image\":{\"@id\":\"https:\/\/deputadotaveirajr.com.br\/index.php\/trabalhadora-ganha-indenizacao-de-plataforma-de-entrega-apos-ter-dinheiro-bloqueado-em-conta\/#primaryimage\"},\"thumbnailUrl\":\"https:\/\/deputadotaveirajr.com.br\/wp-content\/uploads\/2025\/12\/entregador-de-comida-com-caixas-de-comida-IUSCMo.jpg\",\"datePublished\":\"2025-12-02T18:23:21+00:00\",\"breadcrumb\":{\"@id\":\"https:\/\/deputadotaveirajr.com.br\/index.php\/trabalhadora-ganha-indenizacao-de-plataforma-de-entrega-apos-ter-dinheiro-bloqueado-em-conta\/#breadcrumb\"},\"inLanguage\":\"pt-BR\",\"potentialAction\":[{\"@type\":\"ReadAction\",\"target\":[\"https:\/\/deputadotaveirajr.com.br\/index.php\/trabalhadora-ganha-indenizacao-de-plataforma-de-entrega-apos-ter-dinheiro-bloqueado-em-conta\/\"]}]},{\"@type\":\"ImageObject\",\"inLanguage\":\"pt-BR\",\"@id\":\"https:\/\/deputadotaveirajr.com.br\/index.php\/trabalhadora-ganha-indenizacao-de-plataforma-de-entrega-apos-ter-dinheiro-bloqueado-em-conta\/#primaryimage\",\"url\":\"https:\/\/deputadotaveirajr.com.br\/wp-content\/uploads\/2025\/12\/entregador-de-comida-com-caixas-de-comida-IUSCMo.jpg\",\"contentUrl\":\"https:\/\/deputadotaveirajr.com.br\/wp-content\/uploads\/2025\/12\/entregador-de-comida-com-caixas-de-comida-IUSCMo.jpg\",\"width\":1500,\"height\":1000},{\"@type\":\"BreadcrumbList\",\"@id\":\"https:\/\/deputadotaveirajr.com.br\/index.php\/trabalhadora-ganha-indenizacao-de-plataforma-de-entrega-apos-ter-dinheiro-bloqueado-em-conta\/#breadcrumb\",\"itemListElement\":[{\"@type\":\"ListItem\",\"position\":1,\"name\":\"In\u00edcio\",\"item\":\"https:\/\/deputadotaveirajr.com.br\/\"},{\"@type\":\"ListItem\",\"position\":2,\"name\":\"Trabalhadora ganha indeniza\u00e7\u00e3o de plataforma de entrega ap\u00f3s ter dinheiro bloqueado em conta\"}]},{\"@type\":\"WebSite\",\"@id\":\"https:\/\/deputadotaveirajr.com.br\/#website\",\"url\":\"https:\/\/deputadotaveirajr.com.br\/\",\"name\":\"Taveira Jr\",\"description\":\"Deputado Estadual\",\"publisher\":{\"@id\":\"https:\/\/deputadotaveirajr.com.br\/#organization\"},\"potentialAction\":[{\"@type\":\"SearchAction\",\"target\":{\"@type\":\"EntryPoint\",\"urlTemplate\":\"https:\/\/deputadotaveirajr.com.br\/?s={search_term_string}\"},\"query-input\":{\"@type\":\"PropertyValueSpecification\",\"valueRequired\":true,\"valueName\":\"search_term_string\"}}],\"inLanguage\":\"pt-BR\"},{\"@type\":\"Organization\",\"@id\":\"https:\/\/deputadotaveirajr.com.br\/#organization\",\"name\":\"Taveira Jr\",\"url\":\"https:\/\/deputadotaveirajr.com.br\/\",\"logo\":{\"@type\":\"ImageObject\",\"inLanguage\":\"pt-BR\",\"@id\":\"https:\/\/deputadotaveirajr.com.br\/#\/schema\/logo\/image\/\",\"url\":\"https:\/\/deputadotaveirajr.com.br\/wp-content\/uploads\/2026\/01\/logolow2a.png\",\"contentUrl\":\"https:\/\/deputadotaveirajr.com.br\/wp-content\/uploads\/2026\/01\/logolow2a.png\",\"width\":290,\"height\":80,\"caption\":\"Taveira Jr\"},\"image\":{\"@id\":\"https:\/\/deputadotaveirajr.com.br\/#\/schema\/logo\/image\/\"}}]}<\/script>\n<!-- \/ Yoast SEO plugin. -->","yoast_head_json":{"title":"Trabalhadora ganha indeniza\u00e7\u00e3o de plataforma de entrega ap\u00f3s ter dinheiro bloqueado em conta - Taveira Jr","robots":{"index":"index","follow":"follow","max-snippet":"max-snippet:-1","max-image-preview":"max-image-preview:large","max-video-preview":"max-video-preview:-1"},"canonical":"https:\/\/deputadotaveirajr.com.br\/index.php\/trabalhadora-ganha-indenizacao-de-plataforma-de-entrega-apos-ter-dinheiro-bloqueado-em-conta\/","og_locale":"pt_BR","og_type":"article","og_title":"Trabalhadora ganha indeniza\u00e7\u00e3o de plataforma de entrega ap\u00f3s ter dinheiro bloqueado em conta - Taveira Jr","og_description":"Motoentregador foto ilustrativa Rio Grande do Norte RN Natal Senivpetro\/Freepik Uma trabalhadora de Cear\u00e1-Mirim, na Grande Natal, ganhou na Justi\u00e7a uma indeniza\u00e7\u00e3o de uma plataforma de delivery on-line que bloqueou, ...","og_url":"https:\/\/deputadotaveirajr.com.br\/index.php\/trabalhadora-ganha-indenizacao-de-plataforma-de-entrega-apos-ter-dinheiro-bloqueado-em-conta\/","og_site_name":"Taveira Jr","og_image":[{"url":"https:\/\/s2-g1.glbimg.com\/XUz9QSSeTgavKkkQb-PUTpvdczY=\/i.s3.glbimg.com\/v1\/AUTH_59edd422c0c84a879bd37670ae4f538a\/internal_photos\/bs\/2025\/7\/s\/SYYlTYSSa2F1xhGCkMGg\/entregador-de-comida-com-caixas-de-comida.jpg","type":"","width":"","height":""}],"twitter_card":"summary_large_image","twitter_misc":{"Est. tempo de leitura":"2 minutos"},"schema":{"@context":"https:\/\/schema.org","@graph":[{"@type":"WebPage","@id":"https:\/\/deputadotaveirajr.com.br\/index.php\/trabalhadora-ganha-indenizacao-de-plataforma-de-entrega-apos-ter-dinheiro-bloqueado-em-conta\/","url":"https:\/\/deputadotaveirajr.com.br\/index.php\/trabalhadora-ganha-indenizacao-de-plataforma-de-entrega-apos-ter-dinheiro-bloqueado-em-conta\/","name":"Trabalhadora ganha indeniza\u00e7\u00e3o de plataforma de entrega ap\u00f3s ter dinheiro bloqueado em conta - Taveira Jr","isPartOf":{"@id":"https:\/\/deputadotaveirajr.com.br\/#website"},"primaryImageOfPage":{"@id":"https:\/\/deputadotaveirajr.com.br\/index.php\/trabalhadora-ganha-indenizacao-de-plataforma-de-entrega-apos-ter-dinheiro-bloqueado-em-conta\/#primaryimage"},"image":{"@id":"https:\/\/deputadotaveirajr.com.br\/index.php\/trabalhadora-ganha-indenizacao-de-plataforma-de-entrega-apos-ter-dinheiro-bloqueado-em-conta\/#primaryimage"},"thumbnailUrl":"https:\/\/deputadotaveirajr.com.br\/wp-content\/uploads\/2025\/12\/entregador-de-comida-com-caixas-de-comida-IUSCMo.jpg","datePublished":"2025-12-02T18:23:21+00:00","breadcrumb":{"@id":"https:\/\/deputadotaveirajr.com.br\/index.php\/trabalhadora-ganha-indenizacao-de-plataforma-de-entrega-apos-ter-dinheiro-bloqueado-em-conta\/#breadcrumb"},"inLanguage":"pt-BR","potentialAction":[{"@type":"ReadAction","target":["https:\/\/deputadotaveirajr.com.br\/index.php\/trabalhadora-ganha-indenizacao-de-plataforma-de-entrega-apos-ter-dinheiro-bloqueado-em-conta\/"]}]},{"@type":"ImageObject","inLanguage":"pt-BR","@id":"https:\/\/deputadotaveirajr.com.br\/index.php\/trabalhadora-ganha-indenizacao-de-plataforma-de-entrega-apos-ter-dinheiro-bloqueado-em-conta\/#primaryimage","url":"https:\/\/deputadotaveirajr.com.br\/wp-content\/uploads\/2025\/12\/entregador-de-comida-com-caixas-de-comida-IUSCMo.jpg","contentUrl":"https:\/\/deputadotaveirajr.com.br\/wp-content\/uploads\/2025\/12\/entregador-de-comida-com-caixas-de-comida-IUSCMo.jpg","width":1500,"height":1000},{"@type":"BreadcrumbList","@id":"https:\/\/deputadotaveirajr.com.br\/index.php\/trabalhadora-ganha-indenizacao-de-plataforma-de-entrega-apos-ter-dinheiro-bloqueado-em-conta\/#breadcrumb","itemListElement":[{"@type":"ListItem","position":1,"name":"In\u00edcio","item":"https:\/\/deputadotaveirajr.com.br\/"},{"@type":"ListItem","position":2,"name":"Trabalhadora ganha indeniza\u00e7\u00e3o de plataforma de entrega ap\u00f3s ter dinheiro bloqueado em conta"}]},{"@type":"WebSite","@id":"https:\/\/deputadotaveirajr.com.br\/#website","url":"https:\/\/deputadotaveirajr.com.br\/","name":"Taveira Jr","description":"Deputado Estadual","publisher":{"@id":"https:\/\/deputadotaveirajr.com.br\/#organization"},"potentialAction":[{"@type":"SearchAction","target":{"@type":"EntryPoint","urlTemplate":"https:\/\/deputadotaveirajr.com.br\/?s={search_term_string}"},"query-input":{"@type":"PropertyValueSpecification","valueRequired":true,"valueName":"search_term_string"}}],"inLanguage":"pt-BR"},{"@type":"Organization","@id":"https:\/\/deputadotaveirajr.com.br\/#organization","name":"Taveira Jr","url":"https:\/\/deputadotaveirajr.com.br\/","logo":{"@type":"ImageObject","inLanguage":"pt-BR","@id":"https:\/\/deputadotaveirajr.com.br\/#\/schema\/logo\/image\/","url":"https:\/\/deputadotaveirajr.com.br\/wp-content\/uploads\/2026\/01\/logolow2a.png","contentUrl":"https:\/\/deputadotaveirajr.com.br\/wp-content\/uploads\/2026\/01\/logolow2a.png","width":290,"height":80,"caption":"Taveira Jr"},"image":{"@id":"https:\/\/deputadotaveirajr.com.br\/#\/schema\/logo\/image\/"}}]}},"_links":{"self":[{"href":"https:\/\/deputadotaveirajr.com.br\/index.php\/wp-json\/wp\/v2\/pages\/14579","targetHints":{"allow":["GET"]}}],"collection":[{"href":"https:\/\/deputadotaveirajr.com.br\/index.php\/wp-json\/wp\/v2\/pages"}],"about":[{"href":"https:\/\/deputadotaveirajr.com.br\/index.php\/wp-json\/wp\/v2\/types\/page"}],"replies":[{"embeddable":true,"href":"https:\/\/deputadotaveirajr.com.br\/index.php\/wp-json\/wp\/v2\/comments?post=14579"}],"version-history":[{"count":0,"href":"https:\/\/deputadotaveirajr.com.br\/index.php\/wp-json\/wp\/v2\/pages\/14579\/revisions"}],"wp:featuredmedia":[{"embeddable":true,"href":"https:\/\/deputadotaveirajr.com.br\/index.php\/wp-json\/wp\/v2\/media\/14580"}],"wp:attachment":[{"href":"https:\/\/deputadotaveirajr.com.br\/index.php\/wp-json\/wp\/v2\/media?parent=14579"}],"curies":[{"name":"wp","href":"https:\/\/api.w.org\/{rel}","templated":true}]}}