{"id":14581,"date":"2025-12-02T13:39:19","date_gmt":"2025-12-02T16:39:19","guid":{"rendered":"https:\/\/deputadotaveirajr.com.br\/index.php\/mp-pede-indenizacao-de-r-500-mil-a-empresa-que-abriu-duna-usada-para-desova-de-tartarugas\/"},"modified":"2025-12-02T13:39:19","modified_gmt":"2025-12-02T16:39:19","slug":"mp-pede-indenizacao-de-r-500-mil-a-empresa-que-abriu-duna-usada-para-desova-de-tartarugas","status":"publish","type":"page","link":"https:\/\/deputadotaveirajr.com.br\/index.php\/mp-pede-indenizacao-de-r-500-mil-a-empresa-que-abriu-duna-usada-para-desova-de-tartarugas\/","title":{"rendered":"MP pede indeniza\u00e7\u00e3o de R$ 500 mil a empresa que abriu duna usada para desova de tartarugas"},"content":{"rendered":"<p><img decoding=\"async\" src=\"https:\/\/s2-g1.glbimg.com\/l6GDJqZ5jrWeNC8cS636vQjmUA8=\/i.s3.glbimg.com\/v1\/AUTH_59edd422c0c84a879bd37670ae4f538a\/internal_photos\/bs\/2021\/1\/C\/5EBPDGQRSD8m5iWKuF0Q\/divulgacao.png\" \/><br \/>     Duna em que a\u00e7\u00e3o ocorreu \u00e9 \u00e1rea de desova de tartaruga-de-pente<br \/>\nDivulga\u00e7\u00e3o\/Idema<br \/>\nO Minist\u00e9rio P\u00fablico do Rio Grande do Norte abriu uma a\u00e7\u00e3o civil p\u00fablica com pedido de urg\u00eancia contra uma empresa de aquacultura que abriu uma duna e instalou um cano de capta\u00e7\u00e3o de \u00e1gua sem ter licen\u00e7a ambiental, na praia de Barra do Cunha\u00fa, no litoral potiguar.<br \/>\nEntre outras medidas, o \u00f3rg\u00e3o pede que a Justi\u00e7a determine o pagamento de uma indeniza\u00e7\u00e3o por danos ambientais materiais e morais coletivos de pelo menos R$ 500 mil.<br \/>\n\ud83d\udcf3 Clique aqui para seguir o canal do g1 RN no WhatsApp<br \/>\nSegundo o MP, a duna \u00e9 uma \u00c1rea de Preserva\u00e7\u00e3o Permanente (APP) usada para a desova da tartaruga-de-pente, esp\u00e9cie em perigo de extin\u00e7\u00e3o. O \u00f3rg\u00e3o considerou que a empresa causou degrada\u00e7\u00e3o e risco \u00e0 fauna silvestre.<br \/>\nA a\u00e7\u00e3o tamb\u00e9m pede a condena\u00e7\u00e3o do munic\u00edpio de Canguaretama por omiss\u00e3o fiscalizat\u00f3ria. A a\u00e7\u00e3o busca a condena\u00e7\u00e3o solid\u00e1ria dos r\u00e9us para que a empresa promova a recupera\u00e7\u00e3o integral da \u00e1rea degradada.<br \/>\nVeja os v\u00eddeos que est\u00e3o em alta no g1<br \/>\nEmpresa recebeu multa<br \/>\nA investiga\u00e7\u00e3o do MPRN, iniciada em julho, apurou que a empresa realizou, em 18 de mar\u00e7o deste ano, a abertura da duna e a instala\u00e7\u00e3o da &#8220;ponteira&#8221; para capta\u00e7\u00e3o de \u00e1gua na praia.<br \/>\nAinda de acordo com o \u00f3rg\u00e3o, a interven\u00e7\u00e3o ocorreu em um trecho com placas de sinaliza\u00e7\u00e3o de desova de tartarugas marinhas, cujo pico reprodutivo no estado ocorre entre fevereiro e mar\u00e7o.<br \/>\nO Idema confirmou a a\u00e7\u00e3o il\u00edcita e informou que o fato resultou na lavratura de um auto de infra\u00e7\u00e3o, em 30 de abril de 2025, por descumprimento de condicionante da licen\u00e7a ambiental, ao instalar novas ponteiras sem autoriza\u00e7\u00e3o.<br \/>\nA infra\u00e7\u00e3o foi classificada como de natureza grave e culminou na aplica\u00e7\u00e3o de multa no valor de R$ 20 mil, uma vez que a interven\u00e7\u00e3o foi feita sem autoriza\u00e7\u00e3o em \u00e1rea sens\u00edvel para a reprodu\u00e7\u00e3o da tartaruga-de-pente.<br \/>\nTAC rejeitado<br \/>\nO MPRN prop\u00f4s \u00e0 empresa a celebra\u00e7\u00e3o de um Termo de Ajustamento de Conduta (TAC) em outubro, prevendo indeniza\u00e7\u00e3o de R$ 75 mil e a recupera\u00e7\u00e3o da \u00e1rea, por\u00e9m o acordo n\u00e3o foi assinado.<br \/>\nNa a\u00e7\u00e3o, o MPRN destaca que a conduta da empresa configura ato il\u00edcito ambiental por causar degrada\u00e7\u00e3o e risco \u00e0 fauna silvestre.<br \/>\nAl\u00e9m da empresa, o Munic\u00edpio de Canguaretama tamb\u00e9m foi inclu\u00eddo na a\u00e7\u00e3o por omiss\u00e3o no dever constitucional de proteger o meio ambiente, fiscalizar o uso do solo e monitorar atividades potencialmente poluidoras em seu territ\u00f3rio. Al\u00e9m disso, o munic\u00edpoio teria &#8220;permanecido inerte quando oficiado pelo MPRN para informar sobre o licenciamento da obra&#8221;.<br \/>\n&#8220;Essa omiss\u00e3o contribuiu para a perpetua\u00e7\u00e3o do dano ambiental e configura responsabilidade solid\u00e1ria&#8221;, considerou o MP.<br \/>\n O g1 n\u00e3o conseguiu contato com a gest\u00e3o municipal at\u00e9 a \u00faltima atualiza\u00e7\u00e3o desta reportagem.<br \/>\nNo pedido de liminar, o MPRN requer a concess\u00e3o de tutela de urg\u00eancia para determinar que a empresa suspenda imediatamente qualquer interven\u00e7\u00e3o, obra ou instala\u00e7\u00e3o de estruturas na duna; que paralise o uso da ponteira de capta\u00e7\u00e3o irregular e seja proibida de promover novas interven\u00e7\u00f5es sem pr\u00e9via autoriza\u00e7\u00e3o, sob pena de multa di\u00e1ria.<br \/>\nO MP tamb\u00e9m solicitou a intima\u00e7\u00e3o do Idema para realizar imediata fiscaliza\u00e7\u00e3o no local e a ado\u00e7\u00e3o de provid\u00eancias administrativas cab\u00edveis, como embargo ou interdi\u00e7\u00e3o.<br \/>\n&#8220;O perigo da demora \u00e9 evidente, pois a manuten\u00e7\u00e3o da interven\u00e7\u00e3o irregular compromete a estabilidade da duna\/restinga e acarreta risco direto \u00e0 integridade dos ninhos e do ciclo reprodutivo das tartarugas marinhas, podendo tornar o dano irrevers\u00edvel&#8221;, considerou o MP.<br \/>\nVeja os v\u00eddeos mais assistidos no g1 RN<\/p>","protected":false},"excerpt":{"rendered":"<p>Duna em que a\u00e7\u00e3o ocorreu \u00e9 \u00e1rea de desova de tartaruga-de-pente Divulga\u00e7\u00e3o\/Idema O Minist\u00e9rio P\u00fablico do Rio Grande do Norte abriu uma a\u00e7\u00e3o civil p\u00fablica com pedido de urg\u00eancia contra &#8230;<\/p>\n","protected":false},"author":0,"featured_media":14582,"parent":0,"menu_order":0,"comment_status":"closed","ping_status":"closed","template":"","meta":{"footnotes":""},"class_list":["post-14581","page","type-page","status-publish","has-post-thumbnail","hentry"],"yoast_head":"<!-- This site is optimized with the Yoast SEO plugin v27.1.1 - https:\/\/yoast.com\/product\/yoast-seo-wordpress\/ -->\n<title>MP pede indeniza\u00e7\u00e3o de R$ 500 mil a empresa que abriu duna usada para desova de tartarugas - Taveira Jr<\/title>\n<meta name=\"robots\" content=\"index, follow, max-snippet:-1, max-image-preview:large, max-video-preview:-1\" \/>\n<link rel=\"canonical\" href=\"https:\/\/deputadotaveirajr.com.br\/index.php\/mp-pede-indenizacao-de-r-500-mil-a-empresa-que-abriu-duna-usada-para-desova-de-tartarugas\/\" \/>\n<meta property=\"og:locale\" content=\"pt_BR\" \/>\n<meta property=\"og:type\" content=\"article\" \/>\n<meta property=\"og:title\" content=\"MP pede indeniza\u00e7\u00e3o de R$ 500 mil a empresa que abriu duna usada para desova de tartarugas - Taveira Jr\" \/>\n<meta property=\"og:description\" content=\"Duna em que a\u00e7\u00e3o ocorreu \u00e9 \u00e1rea de desova de tartaruga-de-pente Divulga\u00e7\u00e3o\/Idema O Minist\u00e9rio P\u00fablico do Rio Grande do Norte abriu uma a\u00e7\u00e3o civil p\u00fablica com pedido de urg\u00eancia contra ...\" \/>\n<meta property=\"og:url\" content=\"https:\/\/deputadotaveirajr.com.br\/index.php\/mp-pede-indenizacao-de-r-500-mil-a-empresa-que-abriu-duna-usada-para-desova-de-tartarugas\/\" \/>\n<meta property=\"og:site_name\" content=\"Taveira Jr\" \/>\n<meta property=\"og:image\" content=\"https:\/\/s2-g1.glbimg.com\/l6GDJqZ5jrWeNC8cS636vQjmUA8=\/i.s3.glbimg.com\/v1\/AUTH_59edd422c0c84a879bd37670ae4f538a\/internal_photos\/bs\/2021\/1\/C\/5EBPDGQRSD8m5iWKuF0Q\/divulgacao.png\" \/>\n<meta name=\"twitter:card\" content=\"summary_large_image\" \/>\n<meta name=\"twitter:label1\" content=\"Est. tempo de leitura\" \/>\n\t<meta name=\"twitter:data1\" content=\"3 minutos\" \/>\n<script type=\"application\/ld+json\" class=\"yoast-schema-graph\">{\"@context\":\"https:\/\/schema.org\",\"@graph\":[{\"@type\":\"WebPage\",\"@id\":\"https:\/\/deputadotaveirajr.com.br\/index.php\/mp-pede-indenizacao-de-r-500-mil-a-empresa-que-abriu-duna-usada-para-desova-de-tartarugas\/\",\"url\":\"https:\/\/deputadotaveirajr.com.br\/index.php\/mp-pede-indenizacao-de-r-500-mil-a-empresa-que-abriu-duna-usada-para-desova-de-tartarugas\/\",\"name\":\"MP pede indeniza\u00e7\u00e3o de R$ 500 mil a empresa que abriu duna usada para desova de tartarugas - Taveira Jr\",\"isPartOf\":{\"@id\":\"https:\/\/deputadotaveirajr.com.br\/#website\"},\"primaryImageOfPage\":{\"@id\":\"https:\/\/deputadotaveirajr.com.br\/index.php\/mp-pede-indenizacao-de-r-500-mil-a-empresa-que-abriu-duna-usada-para-desova-de-tartarugas\/#primaryimage\"},\"image\":{\"@id\":\"https:\/\/deputadotaveirajr.com.br\/index.php\/mp-pede-indenizacao-de-r-500-mil-a-empresa-que-abriu-duna-usada-para-desova-de-tartarugas\/#primaryimage\"},\"thumbnailUrl\":\"https:\/\/deputadotaveirajr.com.br\/wp-content\/uploads\/2025\/12\/divulgacao-J7RPOa.jpg\",\"datePublished\":\"2025-12-02T16:39:19+00:00\",\"breadcrumb\":{\"@id\":\"https:\/\/deputadotaveirajr.com.br\/index.php\/mp-pede-indenizacao-de-r-500-mil-a-empresa-que-abriu-duna-usada-para-desova-de-tartarugas\/#breadcrumb\"},\"inLanguage\":\"pt-BR\",\"potentialAction\":[{\"@type\":\"ReadAction\",\"target\":[\"https:\/\/deputadotaveirajr.com.br\/index.php\/mp-pede-indenizacao-de-r-500-mil-a-empresa-que-abriu-duna-usada-para-desova-de-tartarugas\/\"]}]},{\"@type\":\"ImageObject\",\"inLanguage\":\"pt-BR\",\"@id\":\"https:\/\/deputadotaveirajr.com.br\/index.php\/mp-pede-indenizacao-de-r-500-mil-a-empresa-que-abriu-duna-usada-para-desova-de-tartarugas\/#primaryimage\",\"url\":\"https:\/\/deputadotaveirajr.com.br\/wp-content\/uploads\/2025\/12\/divulgacao-J7RPOa.jpg\",\"contentUrl\":\"https:\/\/deputadotaveirajr.com.br\/wp-content\/uploads\/2025\/12\/divulgacao-J7RPOa.jpg\",\"width\":1363,\"height\":737},{\"@type\":\"BreadcrumbList\",\"@id\":\"https:\/\/deputadotaveirajr.com.br\/index.php\/mp-pede-indenizacao-de-r-500-mil-a-empresa-que-abriu-duna-usada-para-desova-de-tartarugas\/#breadcrumb\",\"itemListElement\":[{\"@type\":\"ListItem\",\"position\":1,\"name\":\"In\u00edcio\",\"item\":\"https:\/\/deputadotaveirajr.com.br\/\"},{\"@type\":\"ListItem\",\"position\":2,\"name\":\"MP pede indeniza\u00e7\u00e3o de R$ 500 mil a empresa que abriu duna usada para desova de tartarugas\"}]},{\"@type\":\"WebSite\",\"@id\":\"https:\/\/deputadotaveirajr.com.br\/#website\",\"url\":\"https:\/\/deputadotaveirajr.com.br\/\",\"name\":\"Taveira Jr\",\"description\":\"Deputado Estadual\",\"publisher\":{\"@id\":\"https:\/\/deputadotaveirajr.com.br\/#organization\"},\"potentialAction\":[{\"@type\":\"SearchAction\",\"target\":{\"@type\":\"EntryPoint\",\"urlTemplate\":\"https:\/\/deputadotaveirajr.com.br\/?s={search_term_string}\"},\"query-input\":{\"@type\":\"PropertyValueSpecification\",\"valueRequired\":true,\"valueName\":\"search_term_string\"}}],\"inLanguage\":\"pt-BR\"},{\"@type\":\"Organization\",\"@id\":\"https:\/\/deputadotaveirajr.com.br\/#organization\",\"name\":\"Taveira Jr\",\"url\":\"https:\/\/deputadotaveirajr.com.br\/\",\"logo\":{\"@type\":\"ImageObject\",\"inLanguage\":\"pt-BR\",\"@id\":\"https:\/\/deputadotaveirajr.com.br\/#\/schema\/logo\/image\/\",\"url\":\"https:\/\/deputadotaveirajr.com.br\/wp-content\/uploads\/2026\/01\/logolow2a.png\",\"contentUrl\":\"https:\/\/deputadotaveirajr.com.br\/wp-content\/uploads\/2026\/01\/logolow2a.png\",\"width\":290,\"height\":80,\"caption\":\"Taveira Jr\"},\"image\":{\"@id\":\"https:\/\/deputadotaveirajr.com.br\/#\/schema\/logo\/image\/\"}}]}<\/script>\n<!-- \/ Yoast SEO plugin. -->","yoast_head_json":{"title":"MP pede indeniza\u00e7\u00e3o de R$ 500 mil a empresa que abriu duna usada para desova de tartarugas - Taveira Jr","robots":{"index":"index","follow":"follow","max-snippet":"max-snippet:-1","max-image-preview":"max-image-preview:large","max-video-preview":"max-video-preview:-1"},"canonical":"https:\/\/deputadotaveirajr.com.br\/index.php\/mp-pede-indenizacao-de-r-500-mil-a-empresa-que-abriu-duna-usada-para-desova-de-tartarugas\/","og_locale":"pt_BR","og_type":"article","og_title":"MP pede indeniza\u00e7\u00e3o de R$ 500 mil a empresa que abriu duna usada para desova de tartarugas - Taveira Jr","og_description":"Duna em que a\u00e7\u00e3o ocorreu \u00e9 \u00e1rea de desova de tartaruga-de-pente Divulga\u00e7\u00e3o\/Idema O Minist\u00e9rio P\u00fablico do Rio Grande do Norte abriu uma a\u00e7\u00e3o civil p\u00fablica com pedido de urg\u00eancia contra ...","og_url":"https:\/\/deputadotaveirajr.com.br\/index.php\/mp-pede-indenizacao-de-r-500-mil-a-empresa-que-abriu-duna-usada-para-desova-de-tartarugas\/","og_site_name":"Taveira Jr","og_image":[{"url":"https:\/\/s2-g1.glbimg.com\/l6GDJqZ5jrWeNC8cS636vQjmUA8=\/i.s3.glbimg.com\/v1\/AUTH_59edd422c0c84a879bd37670ae4f538a\/internal_photos\/bs\/2021\/1\/C\/5EBPDGQRSD8m5iWKuF0Q\/divulgacao.png","type":"","width":"","height":""}],"twitter_card":"summary_large_image","twitter_misc":{"Est. tempo de leitura":"3 minutos"},"schema":{"@context":"https:\/\/schema.org","@graph":[{"@type":"WebPage","@id":"https:\/\/deputadotaveirajr.com.br\/index.php\/mp-pede-indenizacao-de-r-500-mil-a-empresa-que-abriu-duna-usada-para-desova-de-tartarugas\/","url":"https:\/\/deputadotaveirajr.com.br\/index.php\/mp-pede-indenizacao-de-r-500-mil-a-empresa-que-abriu-duna-usada-para-desova-de-tartarugas\/","name":"MP pede indeniza\u00e7\u00e3o de R$ 500 mil a empresa que abriu duna usada para desova de tartarugas - Taveira Jr","isPartOf":{"@id":"https:\/\/deputadotaveirajr.com.br\/#website"},"primaryImageOfPage":{"@id":"https:\/\/deputadotaveirajr.com.br\/index.php\/mp-pede-indenizacao-de-r-500-mil-a-empresa-que-abriu-duna-usada-para-desova-de-tartarugas\/#primaryimage"},"image":{"@id":"https:\/\/deputadotaveirajr.com.br\/index.php\/mp-pede-indenizacao-de-r-500-mil-a-empresa-que-abriu-duna-usada-para-desova-de-tartarugas\/#primaryimage"},"thumbnailUrl":"https:\/\/deputadotaveirajr.com.br\/wp-content\/uploads\/2025\/12\/divulgacao-J7RPOa.jpg","datePublished":"2025-12-02T16:39:19+00:00","breadcrumb":{"@id":"https:\/\/deputadotaveirajr.com.br\/index.php\/mp-pede-indenizacao-de-r-500-mil-a-empresa-que-abriu-duna-usada-para-desova-de-tartarugas\/#breadcrumb"},"inLanguage":"pt-BR","potentialAction":[{"@type":"ReadAction","target":["https:\/\/deputadotaveirajr.com.br\/index.php\/mp-pede-indenizacao-de-r-500-mil-a-empresa-que-abriu-duna-usada-para-desova-de-tartarugas\/"]}]},{"@type":"ImageObject","inLanguage":"pt-BR","@id":"https:\/\/deputadotaveirajr.com.br\/index.php\/mp-pede-indenizacao-de-r-500-mil-a-empresa-que-abriu-duna-usada-para-desova-de-tartarugas\/#primaryimage","url":"https:\/\/deputadotaveirajr.com.br\/wp-content\/uploads\/2025\/12\/divulgacao-J7RPOa.jpg","contentUrl":"https:\/\/deputadotaveirajr.com.br\/wp-content\/uploads\/2025\/12\/divulgacao-J7RPOa.jpg","width":1363,"height":737},{"@type":"BreadcrumbList","@id":"https:\/\/deputadotaveirajr.com.br\/index.php\/mp-pede-indenizacao-de-r-500-mil-a-empresa-que-abriu-duna-usada-para-desova-de-tartarugas\/#breadcrumb","itemListElement":[{"@type":"ListItem","position":1,"name":"In\u00edcio","item":"https:\/\/deputadotaveirajr.com.br\/"},{"@type":"ListItem","position":2,"name":"MP pede indeniza\u00e7\u00e3o de R$ 500 mil a empresa que abriu duna usada para desova de tartarugas"}]},{"@type":"WebSite","@id":"https:\/\/deputadotaveirajr.com.br\/#website","url":"https:\/\/deputadotaveirajr.com.br\/","name":"Taveira Jr","description":"Deputado Estadual","publisher":{"@id":"https:\/\/deputadotaveirajr.com.br\/#organization"},"potentialAction":[{"@type":"SearchAction","target":{"@type":"EntryPoint","urlTemplate":"https:\/\/deputadotaveirajr.com.br\/?s={search_term_string}"},"query-input":{"@type":"PropertyValueSpecification","valueRequired":true,"valueName":"search_term_string"}}],"inLanguage":"pt-BR"},{"@type":"Organization","@id":"https:\/\/deputadotaveirajr.com.br\/#organization","name":"Taveira Jr","url":"https:\/\/deputadotaveirajr.com.br\/","logo":{"@type":"ImageObject","inLanguage":"pt-BR","@id":"https:\/\/deputadotaveirajr.com.br\/#\/schema\/logo\/image\/","url":"https:\/\/deputadotaveirajr.com.br\/wp-content\/uploads\/2026\/01\/logolow2a.png","contentUrl":"https:\/\/deputadotaveirajr.com.br\/wp-content\/uploads\/2026\/01\/logolow2a.png","width":290,"height":80,"caption":"Taveira Jr"},"image":{"@id":"https:\/\/deputadotaveirajr.com.br\/#\/schema\/logo\/image\/"}}]}},"_links":{"self":[{"href":"https:\/\/deputadotaveirajr.com.br\/index.php\/wp-json\/wp\/v2\/pages\/14581","targetHints":{"allow":["GET"]}}],"collection":[{"href":"https:\/\/deputadotaveirajr.com.br\/index.php\/wp-json\/wp\/v2\/pages"}],"about":[{"href":"https:\/\/deputadotaveirajr.com.br\/index.php\/wp-json\/wp\/v2\/types\/page"}],"replies":[{"embeddable":true,"href":"https:\/\/deputadotaveirajr.com.br\/index.php\/wp-json\/wp\/v2\/comments?post=14581"}],"version-history":[{"count":0,"href":"https:\/\/deputadotaveirajr.com.br\/index.php\/wp-json\/wp\/v2\/pages\/14581\/revisions"}],"wp:featuredmedia":[{"embeddable":true,"href":"https:\/\/deputadotaveirajr.com.br\/index.php\/wp-json\/wp\/v2\/media\/14582"}],"wp:attachment":[{"href":"https:\/\/deputadotaveirajr.com.br\/index.php\/wp-json\/wp\/v2\/media?parent=14581"}],"curies":[{"name":"wp","href":"https:\/\/api.w.org\/{rel}","templated":true}]}}