{"id":14585,"date":"2025-12-02T07:57:47","date_gmt":"2025-12-02T10:57:47","guid":{"rendered":"https:\/\/deputadotaveirajr.com.br\/index.php\/homem-e-encontrado-com-marca-de-facada-e-morre-em-hospital-no-interior-do-rn\/"},"modified":"2025-12-02T07:57:47","modified_gmt":"2025-12-02T10:57:47","slug":"homem-e-encontrado-com-marca-de-facada-e-morre-em-hospital-no-interior-do-rn","status":"publish","type":"page","link":"https:\/\/deputadotaveirajr.com.br\/index.php\/homem-e-encontrado-com-marca-de-facada-e-morre-em-hospital-no-interior-do-rn\/","title":{"rendered":"Homem \u00e9 encontrado com marca de facada e morre em hospital no interior do RN"},"content":{"rendered":"<p><img decoding=\"async\" src=\"https:\/\/s2-g1.glbimg.com\/aMM6oqxQl51D2hckJHk1rzzI25w=\/i.s3.glbimg.com\/v1\/AUTH_59edd422c0c84a879bd37670ae4f538a\/internal_photos\/bs\/2025\/K\/l\/6zMCXHQq6dAanGoggQvA\/vitima-facada.jpg\" \/><br \/>     Homem foi morto com marca de facada na altura do peito e morreu no hospital<br \/>\nRedes sociais<br \/>\nUm homem de 35 anos morreu ap\u00f3s ser atingido por um golpe de arma branca na noite desta segunda-feira (2) no bairro Walfredo Gurgel, em Caic\u00f3, na regi\u00e3o Serid\u00f3 potiguar.<br \/>\nSegundo a Pol\u00edcia Militar, a v\u00edtima tinha acabado de encerrar o expediente em uma hamburgueria onde trabalhava e seguia para a casa de um amigo quando foi ferida.<br \/>\n\ud83d\udcf3 Clique aqui para seguir o canal do g1 RN no WhatsApp<br \/>\nO homem identificado como Erinaldo Alexandre Santos, natural de S\u00e3o Fernando, foi encontrado ca\u00eddo em uma rua e socorrido por moradores da cidade.<br \/>\nA Pol\u00edcia Militar informou que s\u00f3 foi acionada por volta das 23h30, ap\u00f3s o homem dar entrada no Hospital Regional de Caic\u00f3.<br \/>\nVeja os v\u00eddeos que est\u00e3o em alta no g1<br \/>\nQuando os policiais chegaram \u00e0 unidade, a v\u00edtima j\u00e1 estava na sala vermelha, para onde s\u00e3o direcionados os pacientes em situa\u00e7\u00e3o mais grave. Por volta da meia-noite, Erinaldo n\u00e3o resistiu ao ferimento no t\u00f3rax e morreu.<br \/>\nA motiva\u00e7\u00e3o e a autoria do crime eram desconhecidas at\u00e9 a \u00faltima atualiza\u00e7\u00e3o desta reportagem.<br \/>\nA Pol\u00edcia Militar realizou dilig\u00eancias na regi\u00e3o, mas nenhum suspeito foi preso at\u00e9 a \u00faltima atualiza\u00e7\u00e3o desta mat\u00e9ria. O caso dever\u00e1 ser investigado pela Pol\u00edcia Civil.<br \/>\nVeja os v\u00eddeos mais assistidos no g1 RN<\/p>","protected":false},"excerpt":{"rendered":"<p>Homem foi morto com marca de facada na altura do peito e morreu no hospital Redes sociais Um homem de 35 anos morreu ap\u00f3s ser atingido por um golpe de &#8230;<\/p>\n","protected":false},"author":0,"featured_media":14586,"parent":0,"menu_order":0,"comment_status":"closed","ping_status":"closed","template":"","meta":{"footnotes":""},"class_list":["post-14585","page","type-page","status-publish","has-post-thumbnail","hentry"],"yoast_head":"<!-- This site is optimized with the Yoast SEO plugin v27.1.1 - https:\/\/yoast.com\/product\/yoast-seo-wordpress\/ -->\n<title>Homem \u00e9 encontrado com marca de facada e morre em hospital no interior do RN - Taveira Jr<\/title>\n<meta name=\"robots\" content=\"index, follow, max-snippet:-1, max-image-preview:large, max-video-preview:-1\" \/>\n<link rel=\"canonical\" href=\"https:\/\/deputadotaveirajr.com.br\/index.php\/homem-e-encontrado-com-marca-de-facada-e-morre-em-hospital-no-interior-do-rn\/\" \/>\n<meta property=\"og:locale\" content=\"pt_BR\" \/>\n<meta property=\"og:type\" content=\"article\" \/>\n<meta property=\"og:title\" content=\"Homem \u00e9 encontrado com marca de facada e morre em hospital no interior do RN - Taveira Jr\" \/>\n<meta property=\"og:description\" content=\"Homem foi morto com marca de facada na altura do peito e morreu no hospital Redes sociais Um homem de 35 anos morreu ap\u00f3s ser atingido por um golpe de ...\" \/>\n<meta property=\"og:url\" content=\"https:\/\/deputadotaveirajr.com.br\/index.php\/homem-e-encontrado-com-marca-de-facada-e-morre-em-hospital-no-interior-do-rn\/\" \/>\n<meta property=\"og:site_name\" content=\"Taveira Jr\" \/>\n<meta property=\"og:image\" content=\"https:\/\/s2-g1.glbimg.com\/aMM6oqxQl51D2hckJHk1rzzI25w=\/i.s3.glbimg.com\/v1\/AUTH_59edd422c0c84a879bd37670ae4f538a\/internal_photos\/bs\/2025\/K\/l\/6zMCXHQq6dAanGoggQvA\/vitima-facada.jpg\" \/>\n<meta name=\"twitter:card\" content=\"summary_large_image\" \/>\n<meta name=\"twitter:label1\" content=\"Est. tempo de leitura\" \/>\n\t<meta name=\"twitter:data1\" content=\"1 minuto\" \/>\n<script type=\"application\/ld+json\" class=\"yoast-schema-graph\">{\"@context\":\"https:\/\/schema.org\",\"@graph\":[{\"@type\":\"WebPage\",\"@id\":\"https:\/\/deputadotaveirajr.com.br\/index.php\/homem-e-encontrado-com-marca-de-facada-e-morre-em-hospital-no-interior-do-rn\/\",\"url\":\"https:\/\/deputadotaveirajr.com.br\/index.php\/homem-e-encontrado-com-marca-de-facada-e-morre-em-hospital-no-interior-do-rn\/\",\"name\":\"Homem \u00e9 encontrado com marca de facada e morre em hospital no interior do RN - Taveira Jr\",\"isPartOf\":{\"@id\":\"https:\/\/deputadotaveirajr.com.br\/#website\"},\"primaryImageOfPage\":{\"@id\":\"https:\/\/deputadotaveirajr.com.br\/index.php\/homem-e-encontrado-com-marca-de-facada-e-morre-em-hospital-no-interior-do-rn\/#primaryimage\"},\"image\":{\"@id\":\"https:\/\/deputadotaveirajr.com.br\/index.php\/homem-e-encontrado-com-marca-de-facada-e-morre-em-hospital-no-interior-do-rn\/#primaryimage\"},\"thumbnailUrl\":\"https:\/\/deputadotaveirajr.com.br\/wp-content\/uploads\/2025\/12\/vitima-facada-En8uv3.jpg\",\"datePublished\":\"2025-12-02T10:57:47+00:00\",\"breadcrumb\":{\"@id\":\"https:\/\/deputadotaveirajr.com.br\/index.php\/homem-e-encontrado-com-marca-de-facada-e-morre-em-hospital-no-interior-do-rn\/#breadcrumb\"},\"inLanguage\":\"pt-BR\",\"potentialAction\":[{\"@type\":\"ReadAction\",\"target\":[\"https:\/\/deputadotaveirajr.com.br\/index.php\/homem-e-encontrado-com-marca-de-facada-e-morre-em-hospital-no-interior-do-rn\/\"]}]},{\"@type\":\"ImageObject\",\"inLanguage\":\"pt-BR\",\"@id\":\"https:\/\/deputadotaveirajr.com.br\/index.php\/homem-e-encontrado-com-marca-de-facada-e-morre-em-hospital-no-interior-do-rn\/#primaryimage\",\"url\":\"https:\/\/deputadotaveirajr.com.br\/wp-content\/uploads\/2025\/12\/vitima-facada-En8uv3.jpg\",\"contentUrl\":\"https:\/\/deputadotaveirajr.com.br\/wp-content\/uploads\/2025\/12\/vitima-facada-En8uv3.jpg\",\"width\":1200,\"height\":1193},{\"@type\":\"BreadcrumbList\",\"@id\":\"https:\/\/deputadotaveirajr.com.br\/index.php\/homem-e-encontrado-com-marca-de-facada-e-morre-em-hospital-no-interior-do-rn\/#breadcrumb\",\"itemListElement\":[{\"@type\":\"ListItem\",\"position\":1,\"name\":\"In\u00edcio\",\"item\":\"https:\/\/deputadotaveirajr.com.br\/\"},{\"@type\":\"ListItem\",\"position\":2,\"name\":\"Homem \u00e9 encontrado com marca de facada e morre em hospital no interior do RN\"}]},{\"@type\":\"WebSite\",\"@id\":\"https:\/\/deputadotaveirajr.com.br\/#website\",\"url\":\"https:\/\/deputadotaveirajr.com.br\/\",\"name\":\"Taveira Jr\",\"description\":\"Deputado Estadual\",\"publisher\":{\"@id\":\"https:\/\/deputadotaveirajr.com.br\/#organization\"},\"potentialAction\":[{\"@type\":\"SearchAction\",\"target\":{\"@type\":\"EntryPoint\",\"urlTemplate\":\"https:\/\/deputadotaveirajr.com.br\/?s={search_term_string}\"},\"query-input\":{\"@type\":\"PropertyValueSpecification\",\"valueRequired\":true,\"valueName\":\"search_term_string\"}}],\"inLanguage\":\"pt-BR\"},{\"@type\":\"Organization\",\"@id\":\"https:\/\/deputadotaveirajr.com.br\/#organization\",\"name\":\"Taveira Jr\",\"url\":\"https:\/\/deputadotaveirajr.com.br\/\",\"logo\":{\"@type\":\"ImageObject\",\"inLanguage\":\"pt-BR\",\"@id\":\"https:\/\/deputadotaveirajr.com.br\/#\/schema\/logo\/image\/\",\"url\":\"https:\/\/deputadotaveirajr.com.br\/wp-content\/uploads\/2026\/01\/logolow2a.png\",\"contentUrl\":\"https:\/\/deputadotaveirajr.com.br\/wp-content\/uploads\/2026\/01\/logolow2a.png\",\"width\":290,\"height\":80,\"caption\":\"Taveira Jr\"},\"image\":{\"@id\":\"https:\/\/deputadotaveirajr.com.br\/#\/schema\/logo\/image\/\"}}]}<\/script>\n<!-- \/ Yoast SEO plugin. -->","yoast_head_json":{"title":"Homem \u00e9 encontrado com marca de facada e morre em hospital no interior do RN - Taveira Jr","robots":{"index":"index","follow":"follow","max-snippet":"max-snippet:-1","max-image-preview":"max-image-preview:large","max-video-preview":"max-video-preview:-1"},"canonical":"https:\/\/deputadotaveirajr.com.br\/index.php\/homem-e-encontrado-com-marca-de-facada-e-morre-em-hospital-no-interior-do-rn\/","og_locale":"pt_BR","og_type":"article","og_title":"Homem \u00e9 encontrado com marca de facada e morre em hospital no interior do RN - Taveira Jr","og_description":"Homem foi morto com marca de facada na altura do peito e morreu no hospital Redes sociais Um homem de 35 anos morreu ap\u00f3s ser atingido por um golpe de ...","og_url":"https:\/\/deputadotaveirajr.com.br\/index.php\/homem-e-encontrado-com-marca-de-facada-e-morre-em-hospital-no-interior-do-rn\/","og_site_name":"Taveira Jr","og_image":[{"url":"https:\/\/s2-g1.glbimg.com\/aMM6oqxQl51D2hckJHk1rzzI25w=\/i.s3.glbimg.com\/v1\/AUTH_59edd422c0c84a879bd37670ae4f538a\/internal_photos\/bs\/2025\/K\/l\/6zMCXHQq6dAanGoggQvA\/vitima-facada.jpg","type":"","width":"","height":""}],"twitter_card":"summary_large_image","twitter_misc":{"Est. tempo de leitura":"1 minuto"},"schema":{"@context":"https:\/\/schema.org","@graph":[{"@type":"WebPage","@id":"https:\/\/deputadotaveirajr.com.br\/index.php\/homem-e-encontrado-com-marca-de-facada-e-morre-em-hospital-no-interior-do-rn\/","url":"https:\/\/deputadotaveirajr.com.br\/index.php\/homem-e-encontrado-com-marca-de-facada-e-morre-em-hospital-no-interior-do-rn\/","name":"Homem \u00e9 encontrado com marca de facada e morre em hospital no interior do RN - Taveira Jr","isPartOf":{"@id":"https:\/\/deputadotaveirajr.com.br\/#website"},"primaryImageOfPage":{"@id":"https:\/\/deputadotaveirajr.com.br\/index.php\/homem-e-encontrado-com-marca-de-facada-e-morre-em-hospital-no-interior-do-rn\/#primaryimage"},"image":{"@id":"https:\/\/deputadotaveirajr.com.br\/index.php\/homem-e-encontrado-com-marca-de-facada-e-morre-em-hospital-no-interior-do-rn\/#primaryimage"},"thumbnailUrl":"https:\/\/deputadotaveirajr.com.br\/wp-content\/uploads\/2025\/12\/vitima-facada-En8uv3.jpg","datePublished":"2025-12-02T10:57:47+00:00","breadcrumb":{"@id":"https:\/\/deputadotaveirajr.com.br\/index.php\/homem-e-encontrado-com-marca-de-facada-e-morre-em-hospital-no-interior-do-rn\/#breadcrumb"},"inLanguage":"pt-BR","potentialAction":[{"@type":"ReadAction","target":["https:\/\/deputadotaveirajr.com.br\/index.php\/homem-e-encontrado-com-marca-de-facada-e-morre-em-hospital-no-interior-do-rn\/"]}]},{"@type":"ImageObject","inLanguage":"pt-BR","@id":"https:\/\/deputadotaveirajr.com.br\/index.php\/homem-e-encontrado-com-marca-de-facada-e-morre-em-hospital-no-interior-do-rn\/#primaryimage","url":"https:\/\/deputadotaveirajr.com.br\/wp-content\/uploads\/2025\/12\/vitima-facada-En8uv3.jpg","contentUrl":"https:\/\/deputadotaveirajr.com.br\/wp-content\/uploads\/2025\/12\/vitima-facada-En8uv3.jpg","width":1200,"height":1193},{"@type":"BreadcrumbList","@id":"https:\/\/deputadotaveirajr.com.br\/index.php\/homem-e-encontrado-com-marca-de-facada-e-morre-em-hospital-no-interior-do-rn\/#breadcrumb","itemListElement":[{"@type":"ListItem","position":1,"name":"In\u00edcio","item":"https:\/\/deputadotaveirajr.com.br\/"},{"@type":"ListItem","position":2,"name":"Homem \u00e9 encontrado com marca de facada e morre em hospital no interior do RN"}]},{"@type":"WebSite","@id":"https:\/\/deputadotaveirajr.com.br\/#website","url":"https:\/\/deputadotaveirajr.com.br\/","name":"Taveira Jr","description":"Deputado Estadual","publisher":{"@id":"https:\/\/deputadotaveirajr.com.br\/#organization"},"potentialAction":[{"@type":"SearchAction","target":{"@type":"EntryPoint","urlTemplate":"https:\/\/deputadotaveirajr.com.br\/?s={search_term_string}"},"query-input":{"@type":"PropertyValueSpecification","valueRequired":true,"valueName":"search_term_string"}}],"inLanguage":"pt-BR"},{"@type":"Organization","@id":"https:\/\/deputadotaveirajr.com.br\/#organization","name":"Taveira Jr","url":"https:\/\/deputadotaveirajr.com.br\/","logo":{"@type":"ImageObject","inLanguage":"pt-BR","@id":"https:\/\/deputadotaveirajr.com.br\/#\/schema\/logo\/image\/","url":"https:\/\/deputadotaveirajr.com.br\/wp-content\/uploads\/2026\/01\/logolow2a.png","contentUrl":"https:\/\/deputadotaveirajr.com.br\/wp-content\/uploads\/2026\/01\/logolow2a.png","width":290,"height":80,"caption":"Taveira Jr"},"image":{"@id":"https:\/\/deputadotaveirajr.com.br\/#\/schema\/logo\/image\/"}}]}},"_links":{"self":[{"href":"https:\/\/deputadotaveirajr.com.br\/index.php\/wp-json\/wp\/v2\/pages\/14585","targetHints":{"allow":["GET"]}}],"collection":[{"href":"https:\/\/deputadotaveirajr.com.br\/index.php\/wp-json\/wp\/v2\/pages"}],"about":[{"href":"https:\/\/deputadotaveirajr.com.br\/index.php\/wp-json\/wp\/v2\/types\/page"}],"replies":[{"embeddable":true,"href":"https:\/\/deputadotaveirajr.com.br\/index.php\/wp-json\/wp\/v2\/comments?post=14585"}],"version-history":[{"count":0,"href":"https:\/\/deputadotaveirajr.com.br\/index.php\/wp-json\/wp\/v2\/pages\/14585\/revisions"}],"wp:featuredmedia":[{"embeddable":true,"href":"https:\/\/deputadotaveirajr.com.br\/index.php\/wp-json\/wp\/v2\/media\/14586"}],"wp:attachment":[{"href":"https:\/\/deputadotaveirajr.com.br\/index.php\/wp-json\/wp\/v2\/media?parent=14585"}],"curies":[{"name":"wp","href":"https:\/\/api.w.org\/{rel}","templated":true}]}}