{"id":14600,"date":"2025-12-05T15:50:58","date_gmt":"2025-12-05T18:50:58","guid":{"rendered":"https:\/\/deputadotaveirajr.com.br\/index.php\/servidores-do-rn-e-empresario-sao-condenados-por-desvio-de-r-200-mil-em-contrato-de-voos-entre-natal-e-nova-york\/"},"modified":"2025-12-05T15:50:58","modified_gmt":"2025-12-05T18:50:58","slug":"servidores-do-rn-e-empresario-sao-condenados-por-desvio-de-r-200-mil-em-contrato-de-voos-entre-natal-e-nova-york","status":"publish","type":"page","link":"https:\/\/deputadotaveirajr.com.br\/index.php\/servidores-do-rn-e-empresario-sao-condenados-por-desvio-de-r-200-mil-em-contrato-de-voos-entre-natal-e-nova-york\/","title":{"rendered":"Servidores do RN e empres\u00e1rio s\u00e3o condenados por desvio de R$ 200 mil em contrato de voos entre Natal e Nova York"},"content":{"rendered":"<p><img decoding=\"async\" src=\"https:\/\/s2-g1.glbimg.com\/ll_HabhwH2Hq_BR9HTNc3QiKsYA=\/i.s3.glbimg.com\/v1\/AUTH_59edd422c0c84a879bd37670ae4f538a\/internal_photos\/bs\/2025\/e\/B\/mGlvFASG2LBeHzEpwWMg\/84902384902384.jpg\" \/><br \/>     Foto a\u00e9rea de 2013 mostra o Aeroporto Augusto Severo, que era o principal aeroporto de Natal at\u00e9 a abertura do Aeroporto em S\u00e3o Gon\u00e7alo<br \/>\nCanind\u00e9 Soares\/ARQUIVO<br \/>\nServidores p\u00fablicos da Secretaria de Turismo do Estado (Setur) e um s\u00f3cio-propriet\u00e1rio de uma empresa de viagens foram condenados pela Justi\u00e7a do Rio Grande do Norte pelo desvio de R$ 200 mil em um contrato para presta\u00e7\u00e3o de voos fretados entre Natal e Nova York. O acordo havia sido firmado no ano de 2004.<br \/>\nO juiz Geraldo Ant\u00f4nio da Mota, da 3\u00aa Vara da Fazenda P\u00fablica da Comarca de Natal, determinou tamb\u00e9m que os r\u00e9us fa\u00e7am o ressarcimento, de forma solid\u00e1ria, do valor de R$ 210.900,00 ao er\u00e1rio, com atualiza\u00e7\u00e3o monet\u00e1ria.<br \/>\n\ud83d\udcf3 Clique aqui para seguir o canal do g1 RN no WhatsApp<br \/>\nForam condenados o secret\u00e1rio e o subsecret\u00e1rio estadual de Turismo da \u00e9poca, al\u00e9m do s\u00f3cio-propriet\u00e1rio da empresa. Para o juiz, tudo foi realizado por esses tr\u00eas agentes, de forma a consumir todo o valor recebido, sem documenta\u00e7\u00e3o legal. Eles n\u00e3o tiveram os nomes divulgados pelo poder judici\u00e1rio.<br \/>\n Outras duas pessoas denunciadas n\u00e3o tiveram comprova\u00e7\u00e3o de participa\u00e7\u00e3o no esquema, segundo a Justi\u00e7a.<br \/>\nSegundo investiga\u00e7\u00e3o do Minist\u00e9rio P\u00fablico do Rio Grande do Norte, o governo do Estado contratou, em 2004, uma empresa para para a presta\u00e7\u00e3o do servi\u00e7o de capacita\u00e7\u00e3o, promo\u00e7\u00e3o e apoio \u00e0 realiza\u00e7\u00e3o de voos charters (privados) entre Nova York e Natal.<br \/>\nVeja os v\u00eddeos que est\u00e3o em alta no g1<br \/>\nO acordo foi feito no valor total de R$ 222 mil, atrav\u00e9s da Secretaria Estadual de Turismo.<br \/>\nSegundo o MP, por meio desse contrato, seis agentes p\u00fablicos teriam praticado atos dolosos para o desvio de R$ 210.900,00 do ente p\u00fablico, configurando a pr\u00e1tica de ato de improbidade administrativa que importou em preju\u00edzo ao er\u00e1rio estadual.<br \/>\nSegundo os autos do MP, a contrata\u00e7\u00e3o ocorreu sem licita\u00e7\u00e3o, sob o argumento de ser a \u00fanica empresa do pa\u00eds com capacidade para explorar essa divulga\u00e7\u00e3o.<br \/>\nO Minist\u00e9rio P\u00fablico do RN afirmou que nos tr\u00eas meses seguintes ao contrato, o dinheiro foi completamente sacado, sem um s\u00f3 pagamento a qualquer empresa sediada em Nova York.<br \/>\nO objetivo da empresa era divulgar o turismo do Rio Grande do Norte.<br \/>\nPara o MP, portanto, a contrata\u00e7\u00e3o foi fraudulenta, al\u00e9m de que os poucos documentos apresentados era insuficientes.<br \/>\nO juiz apontou na decis\u00e3o que nenhum documento id\u00f4neo que demonstrasse exclusividade da empresa para a execu\u00e7\u00e3o do contrato foi apresentado.<br \/>\nO magistrado reassaltou tamb\u00e9m que a aus\u00eancia dessa comprova\u00e7\u00e3o retira a presun\u00e7\u00e3o de boa-f\u00e9 administrativa e evidencia dolo direto dos agentes p\u00fablicos, que afastaram indevidamente a regra constitucional da licita\u00e7\u00e3o, causando preju\u00edzo ao er\u00e1rio.<br \/>\n\u201cCada despesa paga com recursos p\u00fablicos teria que corresponder a um documento de quita\u00e7\u00e3o. A reprodu\u00e7\u00e3o de material publicit\u00e1rio, divulga\u00e7\u00e3o em meios eletr\u00f4nicos, teria que vir acompanhada da respectiva nota fiscal de servi\u00e7os, o que n\u00e3o ocorreu no caso presente. O dolo aqui se projeta tanto na contrata\u00e7\u00e3o direta, sem o zelo necess\u00e1rio, quanto na dispensa da competitividade, quanto na omiss\u00e3o de fiscaliza\u00e7\u00e3o, por quem de direito (fiscal do contrato)\u201d, salientou.<br \/>\nO que disseram os envolvidos na Justi\u00e7a<br \/>\nO Secret\u00e1rio Estadual de Turismo \u00e0 \u00e9poca do fato alegou que apenas formalizou e regularizou a contrata\u00e7\u00e3o j\u00e1 aprovada por colegiados e que n\u00e3o ordenou despesa, nem atestou execu\u00e7\u00e3o, n\u00e3o obtendo benef\u00edcio pessoal.<br \/>\nO ent\u00e3o subsecret\u00e1rio de Turismo alegou n\u00e3o ter compet\u00eancia decis\u00f3ria sobre o contrato da Secretaria com a referida empresa e que sua atua\u00e7\u00e3o dele teria se limitado a encaminhamentos burocr\u00e1ticos, sem enriquecimento il\u00edcito.<br \/>\nO s\u00f3cio-propriet\u00e1rio da referida empresa contratada n\u00e3o apresentou resposta.<br \/>\nV\u00eddeos mais assistidos do g1 RN<\/p>","protected":false},"excerpt":{"rendered":"<p>Foto a\u00e9rea de 2013 mostra o Aeroporto Augusto Severo, que era o principal aeroporto de Natal at\u00e9 a abertura do Aeroporto em S\u00e3o Gon\u00e7alo Canind\u00e9 Soares\/ARQUIVO Servidores p\u00fablicos da Secretaria &#8230;<\/p>\n","protected":false},"author":0,"featured_media":14601,"parent":0,"menu_order":0,"comment_status":"closed","ping_status":"closed","template":"","meta":{"footnotes":""},"class_list":["post-14600","page","type-page","status-publish","has-post-thumbnail","hentry"],"yoast_head":"<!-- This site is optimized with the Yoast SEO plugin v27.1.1 - https:\/\/yoast.com\/product\/yoast-seo-wordpress\/ -->\n<title>Servidores do RN e empres\u00e1rio s\u00e3o condenados por desvio de R$ 200 mil em contrato de voos entre Natal e Nova York - Taveira Jr<\/title>\n<meta name=\"robots\" content=\"index, follow, max-snippet:-1, max-image-preview:large, max-video-preview:-1\" \/>\n<link rel=\"canonical\" href=\"https:\/\/deputadotaveirajr.com.br\/index.php\/servidores-do-rn-e-empresario-sao-condenados-por-desvio-de-r-200-mil-em-contrato-de-voos-entre-natal-e-nova-york\/\" \/>\n<meta property=\"og:locale\" content=\"pt_BR\" \/>\n<meta property=\"og:type\" content=\"article\" \/>\n<meta property=\"og:title\" content=\"Servidores do RN e empres\u00e1rio s\u00e3o condenados por desvio de R$ 200 mil em contrato de voos entre Natal e Nova York - Taveira Jr\" \/>\n<meta property=\"og:description\" content=\"Foto a\u00e9rea de 2013 mostra o Aeroporto Augusto Severo, que era o principal aeroporto de Natal at\u00e9 a abertura do Aeroporto em S\u00e3o Gon\u00e7alo Canind\u00e9 Soares\/ARQUIVO Servidores p\u00fablicos da Secretaria ...\" \/>\n<meta property=\"og:url\" content=\"https:\/\/deputadotaveirajr.com.br\/index.php\/servidores-do-rn-e-empresario-sao-condenados-por-desvio-de-r-200-mil-em-contrato-de-voos-entre-natal-e-nova-york\/\" \/>\n<meta property=\"og:site_name\" content=\"Taveira Jr\" \/>\n<meta property=\"og:image\" content=\"https:\/\/s2-g1.glbimg.com\/ll_HabhwH2Hq_BR9HTNc3QiKsYA=\/i.s3.glbimg.com\/v1\/AUTH_59edd422c0c84a879bd37670ae4f538a\/internal_photos\/bs\/2025\/e\/B\/mGlvFASG2LBeHzEpwWMg\/84902384902384.jpg\" \/>\n<meta name=\"twitter:card\" content=\"summary_large_image\" \/>\n<meta name=\"twitter:label1\" content=\"Est. tempo de leitura\" \/>\n\t<meta name=\"twitter:data1\" content=\"3 minutos\" \/>\n<script type=\"application\/ld+json\" class=\"yoast-schema-graph\">{\"@context\":\"https:\/\/schema.org\",\"@graph\":[{\"@type\":\"WebPage\",\"@id\":\"https:\/\/deputadotaveirajr.com.br\/index.php\/servidores-do-rn-e-empresario-sao-condenados-por-desvio-de-r-200-mil-em-contrato-de-voos-entre-natal-e-nova-york\/\",\"url\":\"https:\/\/deputadotaveirajr.com.br\/index.php\/servidores-do-rn-e-empresario-sao-condenados-por-desvio-de-r-200-mil-em-contrato-de-voos-entre-natal-e-nova-york\/\",\"name\":\"Servidores do RN e empres\u00e1rio s\u00e3o condenados por desvio de R$ 200 mil em contrato de voos entre Natal e Nova York - Taveira Jr\",\"isPartOf\":{\"@id\":\"https:\/\/deputadotaveirajr.com.br\/#website\"},\"primaryImageOfPage\":{\"@id\":\"https:\/\/deputadotaveirajr.com.br\/index.php\/servidores-do-rn-e-empresario-sao-condenados-por-desvio-de-r-200-mil-em-contrato-de-voos-entre-natal-e-nova-york\/#primaryimage\"},\"image\":{\"@id\":\"https:\/\/deputadotaveirajr.com.br\/index.php\/servidores-do-rn-e-empresario-sao-condenados-por-desvio-de-r-200-mil-em-contrato-de-voos-entre-natal-e-nova-york\/#primaryimage\"},\"thumbnailUrl\":\"https:\/\/deputadotaveirajr.com.br\/wp-content\/uploads\/2025\/12\/84902384902384-FMsosn.jpg\",\"datePublished\":\"2025-12-05T18:50:58+00:00\",\"breadcrumb\":{\"@id\":\"https:\/\/deputadotaveirajr.com.br\/index.php\/servidores-do-rn-e-empresario-sao-condenados-por-desvio-de-r-200-mil-em-contrato-de-voos-entre-natal-e-nova-york\/#breadcrumb\"},\"inLanguage\":\"pt-BR\",\"potentialAction\":[{\"@type\":\"ReadAction\",\"target\":[\"https:\/\/deputadotaveirajr.com.br\/index.php\/servidores-do-rn-e-empresario-sao-condenados-por-desvio-de-r-200-mil-em-contrato-de-voos-entre-natal-e-nova-york\/\"]}]},{\"@type\":\"ImageObject\",\"inLanguage\":\"pt-BR\",\"@id\":\"https:\/\/deputadotaveirajr.com.br\/index.php\/servidores-do-rn-e-empresario-sao-condenados-por-desvio-de-r-200-mil-em-contrato-de-voos-entre-natal-e-nova-york\/#primaryimage\",\"url\":\"https:\/\/deputadotaveirajr.com.br\/wp-content\/uploads\/2025\/12\/84902384902384-FMsosn.jpg\",\"contentUrl\":\"https:\/\/deputadotaveirajr.com.br\/wp-content\/uploads\/2025\/12\/84902384902384-FMsosn.jpg\",\"width\":1250,\"height\":811},{\"@type\":\"BreadcrumbList\",\"@id\":\"https:\/\/deputadotaveirajr.com.br\/index.php\/servidores-do-rn-e-empresario-sao-condenados-por-desvio-de-r-200-mil-em-contrato-de-voos-entre-natal-e-nova-york\/#breadcrumb\",\"itemListElement\":[{\"@type\":\"ListItem\",\"position\":1,\"name\":\"In\u00edcio\",\"item\":\"https:\/\/deputadotaveirajr.com.br\/\"},{\"@type\":\"ListItem\",\"position\":2,\"name\":\"Servidores do RN e empres\u00e1rio s\u00e3o condenados por desvio de R$ 200 mil em contrato de voos entre Natal e Nova York\"}]},{\"@type\":\"WebSite\",\"@id\":\"https:\/\/deputadotaveirajr.com.br\/#website\",\"url\":\"https:\/\/deputadotaveirajr.com.br\/\",\"name\":\"Taveira Jr\",\"description\":\"Deputado Estadual\",\"publisher\":{\"@id\":\"https:\/\/deputadotaveirajr.com.br\/#organization\"},\"potentialAction\":[{\"@type\":\"SearchAction\",\"target\":{\"@type\":\"EntryPoint\",\"urlTemplate\":\"https:\/\/deputadotaveirajr.com.br\/?s={search_term_string}\"},\"query-input\":{\"@type\":\"PropertyValueSpecification\",\"valueRequired\":true,\"valueName\":\"search_term_string\"}}],\"inLanguage\":\"pt-BR\"},{\"@type\":\"Organization\",\"@id\":\"https:\/\/deputadotaveirajr.com.br\/#organization\",\"name\":\"Taveira Jr\",\"url\":\"https:\/\/deputadotaveirajr.com.br\/\",\"logo\":{\"@type\":\"ImageObject\",\"inLanguage\":\"pt-BR\",\"@id\":\"https:\/\/deputadotaveirajr.com.br\/#\/schema\/logo\/image\/\",\"url\":\"https:\/\/deputadotaveirajr.com.br\/wp-content\/uploads\/2026\/01\/logolow2a.png\",\"contentUrl\":\"https:\/\/deputadotaveirajr.com.br\/wp-content\/uploads\/2026\/01\/logolow2a.png\",\"width\":290,\"height\":80,\"caption\":\"Taveira Jr\"},\"image\":{\"@id\":\"https:\/\/deputadotaveirajr.com.br\/#\/schema\/logo\/image\/\"}}]}<\/script>\n<!-- \/ Yoast SEO plugin. -->","yoast_head_json":{"title":"Servidores do RN e empres\u00e1rio s\u00e3o condenados por desvio de R$ 200 mil em contrato de voos entre Natal e Nova York - Taveira Jr","robots":{"index":"index","follow":"follow","max-snippet":"max-snippet:-1","max-image-preview":"max-image-preview:large","max-video-preview":"max-video-preview:-1"},"canonical":"https:\/\/deputadotaveirajr.com.br\/index.php\/servidores-do-rn-e-empresario-sao-condenados-por-desvio-de-r-200-mil-em-contrato-de-voos-entre-natal-e-nova-york\/","og_locale":"pt_BR","og_type":"article","og_title":"Servidores do RN e empres\u00e1rio s\u00e3o condenados por desvio de R$ 200 mil em contrato de voos entre Natal e Nova York - Taveira Jr","og_description":"Foto a\u00e9rea de 2013 mostra o Aeroporto Augusto Severo, que era o principal aeroporto de Natal at\u00e9 a abertura do Aeroporto em S\u00e3o Gon\u00e7alo Canind\u00e9 Soares\/ARQUIVO Servidores p\u00fablicos da Secretaria ...","og_url":"https:\/\/deputadotaveirajr.com.br\/index.php\/servidores-do-rn-e-empresario-sao-condenados-por-desvio-de-r-200-mil-em-contrato-de-voos-entre-natal-e-nova-york\/","og_site_name":"Taveira Jr","og_image":[{"url":"https:\/\/s2-g1.glbimg.com\/ll_HabhwH2Hq_BR9HTNc3QiKsYA=\/i.s3.glbimg.com\/v1\/AUTH_59edd422c0c84a879bd37670ae4f538a\/internal_photos\/bs\/2025\/e\/B\/mGlvFASG2LBeHzEpwWMg\/84902384902384.jpg","type":"","width":"","height":""}],"twitter_card":"summary_large_image","twitter_misc":{"Est. tempo de leitura":"3 minutos"},"schema":{"@context":"https:\/\/schema.org","@graph":[{"@type":"WebPage","@id":"https:\/\/deputadotaveirajr.com.br\/index.php\/servidores-do-rn-e-empresario-sao-condenados-por-desvio-de-r-200-mil-em-contrato-de-voos-entre-natal-e-nova-york\/","url":"https:\/\/deputadotaveirajr.com.br\/index.php\/servidores-do-rn-e-empresario-sao-condenados-por-desvio-de-r-200-mil-em-contrato-de-voos-entre-natal-e-nova-york\/","name":"Servidores do RN e empres\u00e1rio s\u00e3o condenados por desvio de R$ 200 mil em contrato de voos entre Natal e Nova York - Taveira Jr","isPartOf":{"@id":"https:\/\/deputadotaveirajr.com.br\/#website"},"primaryImageOfPage":{"@id":"https:\/\/deputadotaveirajr.com.br\/index.php\/servidores-do-rn-e-empresario-sao-condenados-por-desvio-de-r-200-mil-em-contrato-de-voos-entre-natal-e-nova-york\/#primaryimage"},"image":{"@id":"https:\/\/deputadotaveirajr.com.br\/index.php\/servidores-do-rn-e-empresario-sao-condenados-por-desvio-de-r-200-mil-em-contrato-de-voos-entre-natal-e-nova-york\/#primaryimage"},"thumbnailUrl":"https:\/\/deputadotaveirajr.com.br\/wp-content\/uploads\/2025\/12\/84902384902384-FMsosn.jpg","datePublished":"2025-12-05T18:50:58+00:00","breadcrumb":{"@id":"https:\/\/deputadotaveirajr.com.br\/index.php\/servidores-do-rn-e-empresario-sao-condenados-por-desvio-de-r-200-mil-em-contrato-de-voos-entre-natal-e-nova-york\/#breadcrumb"},"inLanguage":"pt-BR","potentialAction":[{"@type":"ReadAction","target":["https:\/\/deputadotaveirajr.com.br\/index.php\/servidores-do-rn-e-empresario-sao-condenados-por-desvio-de-r-200-mil-em-contrato-de-voos-entre-natal-e-nova-york\/"]}]},{"@type":"ImageObject","inLanguage":"pt-BR","@id":"https:\/\/deputadotaveirajr.com.br\/index.php\/servidores-do-rn-e-empresario-sao-condenados-por-desvio-de-r-200-mil-em-contrato-de-voos-entre-natal-e-nova-york\/#primaryimage","url":"https:\/\/deputadotaveirajr.com.br\/wp-content\/uploads\/2025\/12\/84902384902384-FMsosn.jpg","contentUrl":"https:\/\/deputadotaveirajr.com.br\/wp-content\/uploads\/2025\/12\/84902384902384-FMsosn.jpg","width":1250,"height":811},{"@type":"BreadcrumbList","@id":"https:\/\/deputadotaveirajr.com.br\/index.php\/servidores-do-rn-e-empresario-sao-condenados-por-desvio-de-r-200-mil-em-contrato-de-voos-entre-natal-e-nova-york\/#breadcrumb","itemListElement":[{"@type":"ListItem","position":1,"name":"In\u00edcio","item":"https:\/\/deputadotaveirajr.com.br\/"},{"@type":"ListItem","position":2,"name":"Servidores do RN e empres\u00e1rio s\u00e3o condenados por desvio de R$ 200 mil em contrato de voos entre Natal e Nova York"}]},{"@type":"WebSite","@id":"https:\/\/deputadotaveirajr.com.br\/#website","url":"https:\/\/deputadotaveirajr.com.br\/","name":"Taveira Jr","description":"Deputado Estadual","publisher":{"@id":"https:\/\/deputadotaveirajr.com.br\/#organization"},"potentialAction":[{"@type":"SearchAction","target":{"@type":"EntryPoint","urlTemplate":"https:\/\/deputadotaveirajr.com.br\/?s={search_term_string}"},"query-input":{"@type":"PropertyValueSpecification","valueRequired":true,"valueName":"search_term_string"}}],"inLanguage":"pt-BR"},{"@type":"Organization","@id":"https:\/\/deputadotaveirajr.com.br\/#organization","name":"Taveira Jr","url":"https:\/\/deputadotaveirajr.com.br\/","logo":{"@type":"ImageObject","inLanguage":"pt-BR","@id":"https:\/\/deputadotaveirajr.com.br\/#\/schema\/logo\/image\/","url":"https:\/\/deputadotaveirajr.com.br\/wp-content\/uploads\/2026\/01\/logolow2a.png","contentUrl":"https:\/\/deputadotaveirajr.com.br\/wp-content\/uploads\/2026\/01\/logolow2a.png","width":290,"height":80,"caption":"Taveira Jr"},"image":{"@id":"https:\/\/deputadotaveirajr.com.br\/#\/schema\/logo\/image\/"}}]}},"_links":{"self":[{"href":"https:\/\/deputadotaveirajr.com.br\/index.php\/wp-json\/wp\/v2\/pages\/14600","targetHints":{"allow":["GET"]}}],"collection":[{"href":"https:\/\/deputadotaveirajr.com.br\/index.php\/wp-json\/wp\/v2\/pages"}],"about":[{"href":"https:\/\/deputadotaveirajr.com.br\/index.php\/wp-json\/wp\/v2\/types\/page"}],"replies":[{"embeddable":true,"href":"https:\/\/deputadotaveirajr.com.br\/index.php\/wp-json\/wp\/v2\/comments?post=14600"}],"version-history":[{"count":0,"href":"https:\/\/deputadotaveirajr.com.br\/index.php\/wp-json\/wp\/v2\/pages\/14600\/revisions"}],"wp:featuredmedia":[{"embeddable":true,"href":"https:\/\/deputadotaveirajr.com.br\/index.php\/wp-json\/wp\/v2\/media\/14601"}],"wp:attachment":[{"href":"https:\/\/deputadotaveirajr.com.br\/index.php\/wp-json\/wp\/v2\/media?parent=14600"}],"curies":[{"name":"wp","href":"https:\/\/api.w.org\/{rel}","templated":true}]}}