{"id":14620,"date":"2025-12-09T12:28:14","date_gmt":"2025-12-09T15:28:14","guid":{"rendered":"https:\/\/deputadotaveirajr.com.br\/index.php\/rn-tem-8-foragidos-na-lista-de-mais-procurados-do-ministerio-da-justica-saiba-quem-sao\/"},"modified":"2025-12-09T12:28:14","modified_gmt":"2025-12-09T15:28:14","slug":"rn-tem-8-foragidos-na-lista-de-mais-procurados-do-ministerio-da-justica-saiba-quem-sao","status":"publish","type":"page","link":"https:\/\/deputadotaveirajr.com.br\/index.php\/rn-tem-8-foragidos-na-lista-de-mais-procurados-do-ministerio-da-justica-saiba-quem-sao\/","title":{"rendered":"RN tem 8 foragidos na lista de mais procurados do Minist\u00e9rio da Justi\u00e7a; saiba quem s\u00e3o"},"content":{"rendered":"<p><img decoding=\"async\" src=\"https:\/\/s2-g1.glbimg.com\/CFIGysu0p_AJdIxRj8rUklM9ii4=\/i.s3.glbimg.com\/v1\/AUTH_59edd422c0c84a879bd37670ae4f538a\/internal_photos\/bs\/2024\/i\/J\/6zDEgWSdWdSu9MtM9BnQ\/fotonoticia.jpg\" \/><br \/>     O Rio Grande do Norte tem oito pessoas &#8220;lista vermelha&#8221; brasileira, que re\u00fane os criminosos mais perigosos procurados pela Justi\u00e7a no pa\u00eds. A lista com 216 nomes foi divulgada nesta segunda-feira (8) pelo Minist\u00e9rio da Justi\u00e7a.<br \/>\nO objetivo \u00e9 que a sociedade denuncie o paradeiro dos foragidos, de forma an\u00f4nima, facilitando a captura (veja como abaixo).<br \/>\nEntre os foragidos oito s\u00e3o do Rio Grande do Norte. Veja os nomes abaixo:<br \/>\nAlef Bruno Oliveira da Silva, 30 anos<br \/>\nFabio Xavier da Silva, 39 anos<br \/>\nJefferson Emiliano Lopes, 31 anos<br \/>\nMateus Lino dos Santos, 26 anos<br \/>\nMatheus Vin\u00edcius de Oliveira Dantas, 26 anos<br \/>\nRafael Anderson Batista Leal, 28 anos<br \/>\nRuan Tales Silva de Oliveira, 37 anos<br \/>\nSandro Afonso de Souza Tavare, 38 anos<br \/>\nEntre os crimes cometidos est\u00e3o roubo majorado, tr\u00e1fico de drogas e organiza\u00e7\u00e3o criminosa.<br \/>\nVeja os v\u00eddeos que est\u00e3o em alta no g1<br \/>\nPasso a passo para denunciar os foragidos<br \/>\nAcesse o site do minist\u00e9rio e veja a lista completa de foragidos; clique aqui.<br \/>\nO denunciante ter\u00e1 acesso ao nome, foto e CPF dos criminosos;<br \/>\nA den\u00fancia sobre o paradeiro ou informa\u00e7\u00f5es sobre os foragidos podem ser feitas pelos seguintes canais, de forma an\u00f4nima, sem necessidade de identifica\u00e7\u00e3o:<br \/>\nLigue 190, para falar com a Pol\u00edcia Militar<br \/>\nLigue 197, para falar com a Pol\u00edcia Civil<br \/>\nLigue 181, para o disque den\u00fancia<br \/>\nO minist\u00e9rio diz que, na den\u00fancia, \u00e9 importante mencionar que o foragido consta na lista de procurados do site do Minist\u00e9rio da Justi\u00e7a e Seguran\u00e7a P\u00fablica.<br \/>\nA divulga\u00e7\u00e3o dos nomes faz parte do Projeto Captura, do Sistema \u00danico de Seguran\u00e7a P\u00fablica (Susp). Os criminosos foram inclu\u00eddos com base em crit\u00e9rios como:<br \/>\nenvolvimento em crimes graves ou hediondos;<br \/>\nparticipa\u00e7\u00e3o em organiza\u00e7\u00f5es criminosas;<br \/>\nmandados de pris\u00e3o em aberto.<br \/>\nAlgemas<br \/>\nPC PA<br \/>\nRN tem oito foragidos na lista de mais procurados do Minist\u00e9rio da Justi\u00e7a; saiba quem s\u00e3o<br \/>\nGetty Images via BBC<\/p>","protected":false},"excerpt":{"rendered":"<p>O Rio Grande do Norte tem oito pessoas &#8220;lista vermelha&#8221; brasileira, que re\u00fane os criminosos mais perigosos procurados pela Justi\u00e7a no pa\u00eds. A lista com 216 nomes foi divulgada nesta &#8230;<\/p>\n","protected":false},"author":0,"featured_media":14621,"parent":0,"menu_order":0,"comment_status":"closed","ping_status":"closed","template":"","meta":{"footnotes":""},"class_list":["post-14620","page","type-page","status-publish","has-post-thumbnail","hentry"],"yoast_head":"<!-- This site is optimized with the Yoast SEO plugin v27.1.1 - https:\/\/yoast.com\/product\/yoast-seo-wordpress\/ -->\n<title>RN tem 8 foragidos na lista de mais procurados do Minist\u00e9rio da Justi\u00e7a; saiba quem s\u00e3o - Taveira Jr<\/title>\n<meta name=\"robots\" content=\"index, follow, max-snippet:-1, max-image-preview:large, max-video-preview:-1\" \/>\n<link rel=\"canonical\" href=\"https:\/\/deputadotaveirajr.com.br\/index.php\/rn-tem-8-foragidos-na-lista-de-mais-procurados-do-ministerio-da-justica-saiba-quem-sao\/\" \/>\n<meta property=\"og:locale\" content=\"pt_BR\" \/>\n<meta property=\"og:type\" content=\"article\" \/>\n<meta property=\"og:title\" content=\"RN tem 8 foragidos na lista de mais procurados do Minist\u00e9rio da Justi\u00e7a; saiba quem s\u00e3o - Taveira Jr\" \/>\n<meta property=\"og:description\" content=\"O Rio Grande do Norte tem oito pessoas &#8220;lista vermelha&#8221; brasileira, que re\u00fane os criminosos mais perigosos procurados pela Justi\u00e7a no pa\u00eds. A lista com 216 nomes foi divulgada nesta ...\" \/>\n<meta property=\"og:url\" content=\"https:\/\/deputadotaveirajr.com.br\/index.php\/rn-tem-8-foragidos-na-lista-de-mais-procurados-do-ministerio-da-justica-saiba-quem-sao\/\" \/>\n<meta property=\"og:site_name\" content=\"Taveira Jr\" \/>\n<meta property=\"og:image\" content=\"https:\/\/s2-g1.glbimg.com\/CFIGysu0p_AJdIxRj8rUklM9ii4=\/i.s3.glbimg.com\/v1\/AUTH_59edd422c0c84a879bd37670ae4f538a\/internal_photos\/bs\/2024\/i\/J\/6zDEgWSdWdSu9MtM9BnQ\/fotonoticia.jpg\" \/>\n<meta name=\"twitter:card\" content=\"summary_large_image\" \/>\n<meta name=\"twitter:label1\" content=\"Est. tempo de leitura\" \/>\n\t<meta name=\"twitter:data1\" content=\"2 minutos\" \/>\n<script type=\"application\/ld+json\" class=\"yoast-schema-graph\">{\"@context\":\"https:\/\/schema.org\",\"@graph\":[{\"@type\":\"WebPage\",\"@id\":\"https:\/\/deputadotaveirajr.com.br\/index.php\/rn-tem-8-foragidos-na-lista-de-mais-procurados-do-ministerio-da-justica-saiba-quem-sao\/\",\"url\":\"https:\/\/deputadotaveirajr.com.br\/index.php\/rn-tem-8-foragidos-na-lista-de-mais-procurados-do-ministerio-da-justica-saiba-quem-sao\/\",\"name\":\"RN tem 8 foragidos na lista de mais procurados do Minist\u00e9rio da Justi\u00e7a; saiba quem s\u00e3o - Taveira Jr\",\"isPartOf\":{\"@id\":\"https:\/\/deputadotaveirajr.com.br\/#website\"},\"primaryImageOfPage\":{\"@id\":\"https:\/\/deputadotaveirajr.com.br\/index.php\/rn-tem-8-foragidos-na-lista-de-mais-procurados-do-ministerio-da-justica-saiba-quem-sao\/#primaryimage\"},\"image\":{\"@id\":\"https:\/\/deputadotaveirajr.com.br\/index.php\/rn-tem-8-foragidos-na-lista-de-mais-procurados-do-ministerio-da-justica-saiba-quem-sao\/#primaryimage\"},\"thumbnailUrl\":\"https:\/\/deputadotaveirajr.com.br\/wp-content\/uploads\/2025\/12\/fotonoticia-A7JIJn.jpg\",\"datePublished\":\"2025-12-09T15:28:14+00:00\",\"breadcrumb\":{\"@id\":\"https:\/\/deputadotaveirajr.com.br\/index.php\/rn-tem-8-foragidos-na-lista-de-mais-procurados-do-ministerio-da-justica-saiba-quem-sao\/#breadcrumb\"},\"inLanguage\":\"pt-BR\",\"potentialAction\":[{\"@type\":\"ReadAction\",\"target\":[\"https:\/\/deputadotaveirajr.com.br\/index.php\/rn-tem-8-foragidos-na-lista-de-mais-procurados-do-ministerio-da-justica-saiba-quem-sao\/\"]}]},{\"@type\":\"ImageObject\",\"inLanguage\":\"pt-BR\",\"@id\":\"https:\/\/deputadotaveirajr.com.br\/index.php\/rn-tem-8-foragidos-na-lista-de-mais-procurados-do-ministerio-da-justica-saiba-quem-sao\/#primaryimage\",\"url\":\"https:\/\/deputadotaveirajr.com.br\/wp-content\/uploads\/2025\/12\/fotonoticia-A7JIJn.jpg\",\"contentUrl\":\"https:\/\/deputadotaveirajr.com.br\/wp-content\/uploads\/2025\/12\/fotonoticia-A7JIJn.jpg\",\"width\":1600,\"height\":900},{\"@type\":\"BreadcrumbList\",\"@id\":\"https:\/\/deputadotaveirajr.com.br\/index.php\/rn-tem-8-foragidos-na-lista-de-mais-procurados-do-ministerio-da-justica-saiba-quem-sao\/#breadcrumb\",\"itemListElement\":[{\"@type\":\"ListItem\",\"position\":1,\"name\":\"In\u00edcio\",\"item\":\"https:\/\/deputadotaveirajr.com.br\/\"},{\"@type\":\"ListItem\",\"position\":2,\"name\":\"RN tem 8 foragidos na lista de mais procurados do Minist\u00e9rio da Justi\u00e7a; saiba quem s\u00e3o\"}]},{\"@type\":\"WebSite\",\"@id\":\"https:\/\/deputadotaveirajr.com.br\/#website\",\"url\":\"https:\/\/deputadotaveirajr.com.br\/\",\"name\":\"Taveira Jr\",\"description\":\"Deputado Estadual\",\"publisher\":{\"@id\":\"https:\/\/deputadotaveirajr.com.br\/#organization\"},\"potentialAction\":[{\"@type\":\"SearchAction\",\"target\":{\"@type\":\"EntryPoint\",\"urlTemplate\":\"https:\/\/deputadotaveirajr.com.br\/?s={search_term_string}\"},\"query-input\":{\"@type\":\"PropertyValueSpecification\",\"valueRequired\":true,\"valueName\":\"search_term_string\"}}],\"inLanguage\":\"pt-BR\"},{\"@type\":\"Organization\",\"@id\":\"https:\/\/deputadotaveirajr.com.br\/#organization\",\"name\":\"Taveira Jr\",\"url\":\"https:\/\/deputadotaveirajr.com.br\/\",\"logo\":{\"@type\":\"ImageObject\",\"inLanguage\":\"pt-BR\",\"@id\":\"https:\/\/deputadotaveirajr.com.br\/#\/schema\/logo\/image\/\",\"url\":\"https:\/\/deputadotaveirajr.com.br\/wp-content\/uploads\/2026\/01\/logolow2a.png\",\"contentUrl\":\"https:\/\/deputadotaveirajr.com.br\/wp-content\/uploads\/2026\/01\/logolow2a.png\",\"width\":290,\"height\":80,\"caption\":\"Taveira Jr\"},\"image\":{\"@id\":\"https:\/\/deputadotaveirajr.com.br\/#\/schema\/logo\/image\/\"}}]}<\/script>\n<!-- \/ Yoast SEO plugin. -->","yoast_head_json":{"title":"RN tem 8 foragidos na lista de mais procurados do Minist\u00e9rio da Justi\u00e7a; saiba quem s\u00e3o - Taveira Jr","robots":{"index":"index","follow":"follow","max-snippet":"max-snippet:-1","max-image-preview":"max-image-preview:large","max-video-preview":"max-video-preview:-1"},"canonical":"https:\/\/deputadotaveirajr.com.br\/index.php\/rn-tem-8-foragidos-na-lista-de-mais-procurados-do-ministerio-da-justica-saiba-quem-sao\/","og_locale":"pt_BR","og_type":"article","og_title":"RN tem 8 foragidos na lista de mais procurados do Minist\u00e9rio da Justi\u00e7a; saiba quem s\u00e3o - Taveira Jr","og_description":"O Rio Grande do Norte tem oito pessoas &#8220;lista vermelha&#8221; brasileira, que re\u00fane os criminosos mais perigosos procurados pela Justi\u00e7a no pa\u00eds. A lista com 216 nomes foi divulgada nesta ...","og_url":"https:\/\/deputadotaveirajr.com.br\/index.php\/rn-tem-8-foragidos-na-lista-de-mais-procurados-do-ministerio-da-justica-saiba-quem-sao\/","og_site_name":"Taveira Jr","og_image":[{"url":"https:\/\/s2-g1.glbimg.com\/CFIGysu0p_AJdIxRj8rUklM9ii4=\/i.s3.glbimg.com\/v1\/AUTH_59edd422c0c84a879bd37670ae4f538a\/internal_photos\/bs\/2024\/i\/J\/6zDEgWSdWdSu9MtM9BnQ\/fotonoticia.jpg","type":"","width":"","height":""}],"twitter_card":"summary_large_image","twitter_misc":{"Est. tempo de leitura":"2 minutos"},"schema":{"@context":"https:\/\/schema.org","@graph":[{"@type":"WebPage","@id":"https:\/\/deputadotaveirajr.com.br\/index.php\/rn-tem-8-foragidos-na-lista-de-mais-procurados-do-ministerio-da-justica-saiba-quem-sao\/","url":"https:\/\/deputadotaveirajr.com.br\/index.php\/rn-tem-8-foragidos-na-lista-de-mais-procurados-do-ministerio-da-justica-saiba-quem-sao\/","name":"RN tem 8 foragidos na lista de mais procurados do Minist\u00e9rio da Justi\u00e7a; saiba quem s\u00e3o - Taveira Jr","isPartOf":{"@id":"https:\/\/deputadotaveirajr.com.br\/#website"},"primaryImageOfPage":{"@id":"https:\/\/deputadotaveirajr.com.br\/index.php\/rn-tem-8-foragidos-na-lista-de-mais-procurados-do-ministerio-da-justica-saiba-quem-sao\/#primaryimage"},"image":{"@id":"https:\/\/deputadotaveirajr.com.br\/index.php\/rn-tem-8-foragidos-na-lista-de-mais-procurados-do-ministerio-da-justica-saiba-quem-sao\/#primaryimage"},"thumbnailUrl":"https:\/\/deputadotaveirajr.com.br\/wp-content\/uploads\/2025\/12\/fotonoticia-A7JIJn.jpg","datePublished":"2025-12-09T15:28:14+00:00","breadcrumb":{"@id":"https:\/\/deputadotaveirajr.com.br\/index.php\/rn-tem-8-foragidos-na-lista-de-mais-procurados-do-ministerio-da-justica-saiba-quem-sao\/#breadcrumb"},"inLanguage":"pt-BR","potentialAction":[{"@type":"ReadAction","target":["https:\/\/deputadotaveirajr.com.br\/index.php\/rn-tem-8-foragidos-na-lista-de-mais-procurados-do-ministerio-da-justica-saiba-quem-sao\/"]}]},{"@type":"ImageObject","inLanguage":"pt-BR","@id":"https:\/\/deputadotaveirajr.com.br\/index.php\/rn-tem-8-foragidos-na-lista-de-mais-procurados-do-ministerio-da-justica-saiba-quem-sao\/#primaryimage","url":"https:\/\/deputadotaveirajr.com.br\/wp-content\/uploads\/2025\/12\/fotonoticia-A7JIJn.jpg","contentUrl":"https:\/\/deputadotaveirajr.com.br\/wp-content\/uploads\/2025\/12\/fotonoticia-A7JIJn.jpg","width":1600,"height":900},{"@type":"BreadcrumbList","@id":"https:\/\/deputadotaveirajr.com.br\/index.php\/rn-tem-8-foragidos-na-lista-de-mais-procurados-do-ministerio-da-justica-saiba-quem-sao\/#breadcrumb","itemListElement":[{"@type":"ListItem","position":1,"name":"In\u00edcio","item":"https:\/\/deputadotaveirajr.com.br\/"},{"@type":"ListItem","position":2,"name":"RN tem 8 foragidos na lista de mais procurados do Minist\u00e9rio da Justi\u00e7a; saiba quem s\u00e3o"}]},{"@type":"WebSite","@id":"https:\/\/deputadotaveirajr.com.br\/#website","url":"https:\/\/deputadotaveirajr.com.br\/","name":"Taveira Jr","description":"Deputado Estadual","publisher":{"@id":"https:\/\/deputadotaveirajr.com.br\/#organization"},"potentialAction":[{"@type":"SearchAction","target":{"@type":"EntryPoint","urlTemplate":"https:\/\/deputadotaveirajr.com.br\/?s={search_term_string}"},"query-input":{"@type":"PropertyValueSpecification","valueRequired":true,"valueName":"search_term_string"}}],"inLanguage":"pt-BR"},{"@type":"Organization","@id":"https:\/\/deputadotaveirajr.com.br\/#organization","name":"Taveira Jr","url":"https:\/\/deputadotaveirajr.com.br\/","logo":{"@type":"ImageObject","inLanguage":"pt-BR","@id":"https:\/\/deputadotaveirajr.com.br\/#\/schema\/logo\/image\/","url":"https:\/\/deputadotaveirajr.com.br\/wp-content\/uploads\/2026\/01\/logolow2a.png","contentUrl":"https:\/\/deputadotaveirajr.com.br\/wp-content\/uploads\/2026\/01\/logolow2a.png","width":290,"height":80,"caption":"Taveira Jr"},"image":{"@id":"https:\/\/deputadotaveirajr.com.br\/#\/schema\/logo\/image\/"}}]}},"_links":{"self":[{"href":"https:\/\/deputadotaveirajr.com.br\/index.php\/wp-json\/wp\/v2\/pages\/14620","targetHints":{"allow":["GET"]}}],"collection":[{"href":"https:\/\/deputadotaveirajr.com.br\/index.php\/wp-json\/wp\/v2\/pages"}],"about":[{"href":"https:\/\/deputadotaveirajr.com.br\/index.php\/wp-json\/wp\/v2\/types\/page"}],"replies":[{"embeddable":true,"href":"https:\/\/deputadotaveirajr.com.br\/index.php\/wp-json\/wp\/v2\/comments?post=14620"}],"version-history":[{"count":0,"href":"https:\/\/deputadotaveirajr.com.br\/index.php\/wp-json\/wp\/v2\/pages\/14620\/revisions"}],"wp:featuredmedia":[{"embeddable":true,"href":"https:\/\/deputadotaveirajr.com.br\/index.php\/wp-json\/wp\/v2\/media\/14621"}],"wp:attachment":[{"href":"https:\/\/deputadotaveirajr.com.br\/index.php\/wp-json\/wp\/v2\/media?parent=14620"}],"curies":[{"name":"wp","href":"https:\/\/api.w.org\/{rel}","templated":true}]}}