{"id":277,"date":"2023-10-23T16:38:16","date_gmt":"2023-10-23T16:38:16","guid":{"rendered":"https:\/\/deputadotaveirajr.com.br\/?page_id=277"},"modified":"2026-03-09T23:15:16","modified_gmt":"2026-03-10T02:15:16","slug":"sobre","status":"publish","type":"page","link":"https:\/\/deputadotaveirajr.com.br\/index.php\/sobre\/","title":{"rendered":"Sobre"},"content":{"rendered":"\n<p class=\"has-medium-font-size\">Nascido em 1982, nos ares acolhedores de Parnamirim, <strong>Taveira J\u00fanior<\/strong> \u00e9 mais do que um pol\u00edtico. Ele \u00e9 a personifica\u00e7\u00e3o dos sonhos e esperan\u00e7as de uma cidade que o viu crescer, se tornar um empres\u00e1rio respeitado e, finalmente, abra\u00e7ar a miss\u00e3o de representar sua gente como Deputado Estadual. Esta \u00e9 a hist\u00f3ria emocionante de um Norteriograndense que fez do amor \u00e0 sua terra a for\u00e7a motriz de sua carreira pol\u00edtica.<\/p>\n\n\n\n<p class=\"has-medium-font-size\">Criado em Parnamirim, <strong>Taveira J\u00fanior<\/strong> absorveu os valores da comunidade desde cedo. Sua jornada de vida \u00e9 tecida com a humildade e o calor humano que s\u00f3 um filho desta terra poderia possuir. Enquanto estudava Administra\u00e7\u00e3o na UnP\/RN, ele sempre manteve os olhos fixos no objetivo de n\u00e3o apenas prosperar, mas tamb\u00e9m de contribuir para a prosperidade do seu estado.<\/p>\n\n\n<style>.kb-row-layout-id277_39ba79-16 > .kt-row-column-wrap{align-content:start;}:where(.kb-row-layout-id277_39ba79-16 > .kt-row-column-wrap) > .wp-block-kadence-column{justify-content:start;}.kb-row-layout-id277_39ba79-16 > .kt-row-column-wrap{column-gap:var(--global-kb-gap-md, 2rem);row-gap:var(--global-kb-gap-md, 2rem);padding-top:var(--global-kb-spacing-sm, 1.5rem);padding-bottom:var(--global-kb-spacing-sm, 1.5rem);grid-template-columns:minmax(0, calc(40% - ((var(--global-kb-gap-md, 2rem) * 1 )\/2)))minmax(0, calc(60% - ((var(--global-kb-gap-md, 2rem) * 1 )\/2)));}.kb-row-layout-id277_39ba79-16 > .kt-row-layout-overlay{opacity:0.30;}@media all and (max-width: 1024px){.kb-row-layout-id277_39ba79-16 > .kt-row-column-wrap{grid-template-columns:minmax(0, 1fr) minmax(0, 2fr);}}@media all and (max-width: 767px){.kb-row-layout-id277_39ba79-16 > .kt-row-column-wrap{grid-template-columns:minmax(0, 1fr);}}<\/style><div class=\"kb-row-layout-wrap kb-row-layout-id277_39ba79-16 alignnone wp-block-kadence-rowlayout\"><div class=\"kt-row-column-wrap kt-has-2-columns kt-row-layout-right-golden kt-tab-layout-inherit kt-mobile-layout-row kt-row-valign-top\">\n<style>.kadence-column277_2002e1-5b > .kt-inside-inner-col,.kadence-column277_2002e1-5b > .kt-inside-inner-col:before{border-top-left-radius:0px;border-top-right-radius:0px;border-bottom-right-radius:0px;border-bottom-left-radius:0px;}.kadence-column277_2002e1-5b > .kt-inside-inner-col{column-gap:var(--global-kb-gap-sm, 1rem);}.kadence-column277_2002e1-5b > .kt-inside-inner-col{flex-direction:column;}.kadence-column277_2002e1-5b > .kt-inside-inner-col > .aligncenter{width:100%;}.kadence-column277_2002e1-5b > .kt-inside-inner-col:before{opacity:0.3;}.kadence-column277_2002e1-5b{position:relative;}@media all and (max-width: 1024px){.kadence-column277_2002e1-5b > .kt-inside-inner-col{flex-direction:column;justify-content:center;}}@media all and (max-width: 767px){.kadence-column277_2002e1-5b > .kt-inside-inner-col{flex-direction:column;justify-content:center;}}<\/style>\n<div class=\"wp-block-kadence-column kadence-column277_2002e1-5b\"><div class=\"kt-inside-inner-col\"><div class=\"wp-block-image\">\n<figure class=\"aligncenter size-full\"><img decoding=\"async\" width=\"388\" height=\"436\" src=\"https:\/\/deputadotaveirajr.com.br\/wp-content\/uploads\/2023\/12\/1_r1_c3.png\" alt=\"\" class=\"wp-image-2383\" srcset=\"https:\/\/deputadotaveirajr.com.br\/wp-content\/uploads\/2023\/12\/1_r1_c3.png 388w, https:\/\/deputadotaveirajr.com.br\/wp-content\/uploads\/2023\/12\/1_r1_c3-267x300.png 267w\" sizes=\"(max-width: 388px) 100vw, 388px\" \/><\/figure>\n<\/div><\/div><\/div>\n\n\n<style>.kadence-column277_540598-d9 > .kt-inside-inner-col,.kadence-column277_540598-d9 > .kt-inside-inner-col:before{border-top-left-radius:0px;border-top-right-radius:0px;border-bottom-right-radius:0px;border-bottom-left-radius:0px;}.kadence-column277_540598-d9 > .kt-inside-inner-col{column-gap:var(--global-kb-gap-sm, 1rem);}.kadence-column277_540598-d9 > .kt-inside-inner-col{flex-direction:column;}.kadence-column277_540598-d9 > .kt-inside-inner-col > .aligncenter{width:100%;}.kadence-column277_540598-d9 > .kt-inside-inner-col:before{opacity:0.3;}.kadence-column277_540598-d9{position:relative;}@media all and (max-width: 1024px){.kadence-column277_540598-d9 > .kt-inside-inner-col{flex-direction:column;justify-content:center;}}@media all and (max-width: 767px){.kadence-column277_540598-d9 > .kt-inside-inner-col{flex-direction:column;justify-content:center;}}<\/style>\n<div class=\"wp-block-kadence-column kadence-column277_540598-d9\"><div class=\"kt-inside-inner-col\">\n<p class=\"has-medium-font-size\"><strong>Fam\u00edlia como Alicerce<\/strong><br>Taveira J\u00fanior n\u00e3o \u00e9 apenas um empres\u00e1rio e l\u00edder pol\u00edtico, mas tamb\u00e9m um marido dedicado e um pai amoroso de dois filhos. Sua fam\u00edlia \u00e9 o alicerce de sua for\u00e7a interior, a chama que o mant\u00e9m motivado a enfrentar cada desafio com coragem. Ele entende que a comunidade \u00e9 uma grande fam\u00edlia, e cada a\u00e7\u00e3o pol\u00edtica \u00e9 moldada pelo mesmo amor e cuidado que dedica \u00e0 sua pr\u00f3pria casa.<\/p>\n<\/div><\/div>\n\n<\/div><\/div>\n\n<style>.kb-row-layout-id277_705c59-21 > .kt-row-column-wrap{align-content:start;}:where(.kb-row-layout-id277_705c59-21 > .kt-row-column-wrap) > .wp-block-kadence-column{justify-content:start;}.kb-row-layout-id277_705c59-21 > .kt-row-column-wrap{column-gap:var(--global-kb-gap-md, 2rem);row-gap:var(--global-kb-gap-md, 2rem);padding-top:var(--global-kb-spacing-sm, 1.5rem);padding-bottom:var(--global-kb-spacing-sm, 1.5rem);grid-template-columns:minmax(0, calc(60% - ((var(--global-kb-gap-md, 2rem) * 1 )\/2)))minmax(0, calc(40% - ((var(--global-kb-gap-md, 2rem) * 1 )\/2)));}.kb-row-layout-id277_705c59-21 > .kt-row-layout-overlay{opacity:0.30;}@media all and (max-width: 1024px){.kb-row-layout-id277_705c59-21 > .kt-row-column-wrap{grid-template-columns:minmax(0, 1fr) minmax(0, 2fr);}}@media all and (max-width: 767px){.kb-row-layout-id277_705c59-21 > .kt-row-column-wrap{grid-template-columns:minmax(0, 1fr);}}<\/style><div class=\"kb-row-layout-wrap kb-row-layout-id277_705c59-21 alignnone wp-block-kadence-rowlayout\"><div class=\"kt-row-column-wrap kt-has-2-columns kt-row-layout-right-golden kt-tab-layout-inherit kt-mobile-layout-row kt-row-valign-top\">\n<style>.kadence-column277_d6396a-bc > .kt-inside-inner-col,.kadence-column277_d6396a-bc > .kt-inside-inner-col:before{border-top-left-radius:0px;border-top-right-radius:0px;border-bottom-right-radius:0px;border-bottom-left-radius:0px;}.kadence-column277_d6396a-bc > .kt-inside-inner-col{column-gap:var(--global-kb-gap-sm, 1rem);}.kadence-column277_d6396a-bc > .kt-inside-inner-col{flex-direction:column;}.kadence-column277_d6396a-bc > .kt-inside-inner-col > .aligncenter{width:100%;}.kadence-column277_d6396a-bc > .kt-inside-inner-col:before{opacity:0.3;}.kadence-column277_d6396a-bc{position:relative;}@media all and (max-width: 1024px){.kadence-column277_d6396a-bc > .kt-inside-inner-col{flex-direction:column;justify-content:center;}}@media all and (max-width: 767px){.kadence-column277_d6396a-bc > .kt-inside-inner-col{flex-direction:column;justify-content:center;}}<\/style>\n<div class=\"wp-block-kadence-column kadence-column277_d6396a-bc\"><div class=\"kt-inside-inner-col\">\n<p class=\"has-medium-font-size\"><strong>A Jornada para a Pol\u00edtica<\/strong>: O chamado para servir seu estado al\u00e9m dos neg\u00f3cios n\u00e3o foi uma decis\u00e3o f\u00e1cil. A coragem de se lan\u00e7ar na pol\u00edtica n\u00e3o foi apenas sobre ganhar votos, mas sobre manter a promessa que fez a si mesmo: ser a voz que ecoa as preocupa\u00e7\u00f5es e esperan\u00e7as daqueles que sempre acreditaram nele.<\/p>\n<\/div><\/div>\n\n\n<style>.kadence-column277_853761-52 > .kt-inside-inner-col,.kadence-column277_853761-52 > .kt-inside-inner-col:before{border-top-left-radius:0px;border-top-right-radius:0px;border-bottom-right-radius:0px;border-bottom-left-radius:0px;}.kadence-column277_853761-52 > .kt-inside-inner-col{column-gap:var(--global-kb-gap-sm, 1rem);}.kadence-column277_853761-52 > .kt-inside-inner-col{flex-direction:column;}.kadence-column277_853761-52 > .kt-inside-inner-col > .aligncenter{width:100%;}.kadence-column277_853761-52 > .kt-inside-inner-col:before{opacity:0.3;}.kadence-column277_853761-52{position:relative;}@media all and (max-width: 1024px){.kadence-column277_853761-52 > .kt-inside-inner-col{flex-direction:column;justify-content:center;}}@media all and (max-width: 767px){.kadence-column277_853761-52 > .kt-inside-inner-col{flex-direction:column;justify-content:center;}}<\/style>\n<div class=\"wp-block-kadence-column kadence-column277_853761-52\"><div class=\"kt-inside-inner-col\"><div class=\"wp-block-image\">\n<figure class=\"aligncenter size-full\"><img decoding=\"async\" width=\"388\" height=\"436\" src=\"https:\/\/deputadotaveirajr.com.br\/wp-content\/uploads\/2023\/12\/1_r1_c5.png\" alt=\"\" class=\"wp-image-2379\" srcset=\"https:\/\/deputadotaveirajr.com.br\/wp-content\/uploads\/2023\/12\/1_r1_c5.png 388w, https:\/\/deputadotaveirajr.com.br\/wp-content\/uploads\/2023\/12\/1_r1_c5-267x300.png 267w\" sizes=\"(max-width: 388px) 100vw, 388px\" \/><\/figure>\n<\/div><\/div><\/div>\n\n<\/div><\/div>\n\n<style>.kb-row-layout-id277_2eec84-1c > .kt-row-column-wrap{align-content:start;}:where(.kb-row-layout-id277_2eec84-1c > .kt-row-column-wrap) > .wp-block-kadence-column{justify-content:start;}.kb-row-layout-id277_2eec84-1c > .kt-row-column-wrap{column-gap:var(--global-kb-gap-md, 2rem);row-gap:var(--global-kb-gap-md, 2rem);padding-top:var(--global-kb-spacing-sm, 1.5rem);padding-bottom:var(--global-kb-spacing-sm, 1.5rem);grid-template-columns:minmax(0, calc(40% - ((var(--global-kb-gap-md, 2rem) * 1 )\/2)))minmax(0, calc(60% - ((var(--global-kb-gap-md, 2rem) * 1 )\/2)));}.kb-row-layout-id277_2eec84-1c > .kt-row-layout-overlay{opacity:0.30;}@media all and (max-width: 1024px){.kb-row-layout-id277_2eec84-1c > .kt-row-column-wrap{grid-template-columns:minmax(0, 1fr) minmax(0, 2fr);}}@media all and (max-width: 767px){.kb-row-layout-id277_2eec84-1c > .kt-row-column-wrap{grid-template-columns:minmax(0, 1fr);}}<\/style><div class=\"kb-row-layout-wrap kb-row-layout-id277_2eec84-1c alignnone wp-block-kadence-rowlayout\"><div class=\"kt-row-column-wrap kt-has-2-columns kt-row-layout-right-golden kt-tab-layout-inherit kt-mobile-layout-row kt-row-valign-top\">\n<style>.kadence-column277_b10a64-f5 > .kt-inside-inner-col,.kadence-column277_b10a64-f5 > .kt-inside-inner-col:before{border-top-left-radius:0px;border-top-right-radius:0px;border-bottom-right-radius:0px;border-bottom-left-radius:0px;}.kadence-column277_b10a64-f5 > .kt-inside-inner-col{column-gap:var(--global-kb-gap-sm, 1rem);}.kadence-column277_b10a64-f5 > .kt-inside-inner-col{flex-direction:column;}.kadence-column277_b10a64-f5 > .kt-inside-inner-col > .aligncenter{width:100%;}.kadence-column277_b10a64-f5 > .kt-inside-inner-col:before{opacity:0.3;}.kadence-column277_b10a64-f5{position:relative;}@media all and (max-width: 1024px){.kadence-column277_b10a64-f5 > .kt-inside-inner-col{flex-direction:column;justify-content:center;}}@media all and (max-width: 767px){.kadence-column277_b10a64-f5 > .kt-inside-inner-col{flex-direction:column;justify-content:center;}}<\/style>\n<div class=\"wp-block-kadence-column kadence-column277_b10a64-f5\"><div class=\"kt-inside-inner-col\"><div class=\"wp-block-image\">\n<figure class=\"aligncenter size-full\"><img decoding=\"async\" width=\"388\" height=\"436\" src=\"https:\/\/deputadotaveirajr.com.br\/wp-content\/uploads\/2023\/12\/1_r1_c1.png\" alt=\"\" class=\"wp-image-2384\" srcset=\"https:\/\/deputadotaveirajr.com.br\/wp-content\/uploads\/2023\/12\/1_r1_c1.png 388w, https:\/\/deputadotaveirajr.com.br\/wp-content\/uploads\/2023\/12\/1_r1_c1-267x300.png 267w\" sizes=\"(max-width: 388px) 100vw, 388px\" \/><\/figure>\n<\/div><\/div><\/div>\n\n\n<style>.kadence-column277_d6e97f-93 > .kt-inside-inner-col,.kadence-column277_d6e97f-93 > .kt-inside-inner-col:before{border-top-left-radius:0px;border-top-right-radius:0px;border-bottom-right-radius:0px;border-bottom-left-radius:0px;}.kadence-column277_d6e97f-93 > .kt-inside-inner-col{column-gap:var(--global-kb-gap-sm, 1rem);}.kadence-column277_d6e97f-93 > .kt-inside-inner-col{flex-direction:column;}.kadence-column277_d6e97f-93 > .kt-inside-inner-col > .aligncenter{width:100%;}.kadence-column277_d6e97f-93 > .kt-inside-inner-col:before{opacity:0.3;}.kadence-column277_d6e97f-93{position:relative;}@media all and (max-width: 1024px){.kadence-column277_d6e97f-93 > .kt-inside-inner-col{flex-direction:column;justify-content:center;}}@media all and (max-width: 767px){.kadence-column277_d6e97f-93 > .kt-inside-inner-col{flex-direction:column;justify-content:center;}}<\/style>\n<div class=\"wp-block-kadence-column kadence-column277_d6e97f-93\"><div class=\"kt-inside-inner-col\">\n<p class=\"has-medium-font-size\"><strong>Compromisso com o Futuro do Rio Grande do Norte: <\/strong>Como Deputado Estadual, <strong>Taveira J\u00fanior<\/strong> continua sua jornada com uma paix\u00e3o incans\u00e1vel. Cada projeto, cada luta, \u00e9 uma extens\u00e3o do amor que ele sente pelo seu estado e pelo povo que representa. Ele \u00e9 um farol de esperan\u00e7a para aqueles que anseiam por mudan\u00e7a positiva e \u00e9 a personifica\u00e7\u00e3o das aspira\u00e7\u00f5es do RN para um futuro melhor.<\/p>\n<\/div><\/div>\n\n<\/div><\/div>\n\n\n<p class=\"has-medium-font-size\"><strong>Empreendedorismo e Lideran\u00e7a<\/strong><br>Formando em Administra\u00e7\u00e3o, <strong>Taveira J\u00fanior<\/strong> escolheu trilhar o caminho do empreendedorismo. Ele mergulhou de cabe\u00e7a em desafios empresariais, transformando obst\u00e1culos em oportunidades e criando empregos. Cada conquista um testemunho de sua determina\u00e7\u00e3o em elevar o Rio Grande do Norte a novos patamares.<\/p>\n","protected":false},"excerpt":{"rendered":"<p>Nascido em 1982, nos ares acolhedores de Parnamirim, Taveira J\u00fanior \u00e9 mais do que um pol\u00edtico. Ele \u00e9 a personifica\u00e7\u00e3o dos sonhos e esperan\u00e7as de uma cidade que o viu &#8230;<\/p>\n","protected":false},"author":1,"featured_media":0,"parent":0,"menu_order":0,"comment_status":"closed","ping_status":"closed","template":"","meta":{"footnotes":""},"class_list":["post-277","page","type-page","status-publish","hentry"],"yoast_head":"<!-- This site is optimized with the Yoast SEO plugin v27.1.1 - https:\/\/yoast.com\/product\/yoast-seo-wordpress\/ -->\n<title>Sobre - Taveira Jr<\/title>\n<meta name=\"robots\" content=\"index, follow, max-snippet:-1, max-image-preview:large, max-video-preview:-1\" \/>\n<link rel=\"canonical\" href=\"https:\/\/deputadotaveirajr.com.br\/index.php\/sobre\/\" \/>\n<meta property=\"og:locale\" content=\"pt_BR\" \/>\n<meta property=\"og:type\" content=\"article\" \/>\n<meta property=\"og:title\" content=\"Sobre - Taveira Jr\" \/>\n<meta property=\"og:description\" content=\"Nascido em 1982, nos ares acolhedores de Parnamirim, Taveira J\u00fanior \u00e9 mais do que um pol\u00edtico. Ele \u00e9 a personifica\u00e7\u00e3o dos sonhos e esperan\u00e7as de uma cidade que o viu ...\" \/>\n<meta property=\"og:url\" content=\"https:\/\/deputadotaveirajr.com.br\/index.php\/sobre\/\" \/>\n<meta property=\"og:site_name\" content=\"Taveira Jr\" \/>\n<meta property=\"article:modified_time\" content=\"2026-03-10T02:15:16+00:00\" \/>\n<meta property=\"og:image\" content=\"https:\/\/deputadotaveirajr.com.br\/wp-content\/uploads\/2023\/12\/1_r1_c3.png\" \/>\n\t<meta property=\"og:image:width\" content=\"388\" \/>\n\t<meta property=\"og:image:height\" content=\"436\" \/>\n\t<meta property=\"og:image:type\" content=\"image\/png\" \/>\n<meta name=\"twitter:card\" content=\"summary_large_image\" \/>\n<meta name=\"twitter:label1\" content=\"Est. tempo de leitura\" \/>\n\t<meta name=\"twitter:data1\" content=\"3 minutos\" \/>\n<script type=\"application\/ld+json\" class=\"yoast-schema-graph\">{\"@context\":\"https:\/\/schema.org\",\"@graph\":[{\"@type\":\"WebPage\",\"@id\":\"https:\/\/deputadotaveirajr.com.br\/index.php\/sobre\/\",\"url\":\"https:\/\/deputadotaveirajr.com.br\/index.php\/sobre\/\",\"name\":\"Sobre - Taveira Jr\",\"isPartOf\":{\"@id\":\"https:\/\/deputadotaveirajr.com.br\/#website\"},\"primaryImageOfPage\":{\"@id\":\"https:\/\/deputadotaveirajr.com.br\/index.php\/sobre\/#primaryimage\"},\"image\":{\"@id\":\"https:\/\/deputadotaveirajr.com.br\/index.php\/sobre\/#primaryimage\"},\"thumbnailUrl\":\"https:\/\/deputadotaveirajr.com.br\/wp-content\/uploads\/2023\/12\/1_r1_c3.png\",\"datePublished\":\"2023-10-23T16:38:16+00:00\",\"dateModified\":\"2026-03-10T02:15:16+00:00\",\"breadcrumb\":{\"@id\":\"https:\/\/deputadotaveirajr.com.br\/index.php\/sobre\/#breadcrumb\"},\"inLanguage\":\"pt-BR\",\"potentialAction\":[{\"@type\":\"ReadAction\",\"target\":[\"https:\/\/deputadotaveirajr.com.br\/index.php\/sobre\/\"]}]},{\"@type\":\"ImageObject\",\"inLanguage\":\"pt-BR\",\"@id\":\"https:\/\/deputadotaveirajr.com.br\/index.php\/sobre\/#primaryimage\",\"url\":\"https:\/\/deputadotaveirajr.com.br\/wp-content\/uploads\/2023\/12\/1_r1_c3.png\",\"contentUrl\":\"https:\/\/deputadotaveirajr.com.br\/wp-content\/uploads\/2023\/12\/1_r1_c3.png\",\"width\":388,\"height\":436},{\"@type\":\"BreadcrumbList\",\"@id\":\"https:\/\/deputadotaveirajr.com.br\/index.php\/sobre\/#breadcrumb\",\"itemListElement\":[{\"@type\":\"ListItem\",\"position\":1,\"name\":\"In\u00edcio\",\"item\":\"https:\/\/deputadotaveirajr.com.br\/\"},{\"@type\":\"ListItem\",\"position\":2,\"name\":\"Sobre\"}]},{\"@type\":\"WebSite\",\"@id\":\"https:\/\/deputadotaveirajr.com.br\/#website\",\"url\":\"https:\/\/deputadotaveirajr.com.br\/\",\"name\":\"Taveira Jr\",\"description\":\"Deputado Estadual\",\"publisher\":{\"@id\":\"https:\/\/deputadotaveirajr.com.br\/#organization\"},\"potentialAction\":[{\"@type\":\"SearchAction\",\"target\":{\"@type\":\"EntryPoint\",\"urlTemplate\":\"https:\/\/deputadotaveirajr.com.br\/?s={search_term_string}\"},\"query-input\":{\"@type\":\"PropertyValueSpecification\",\"valueRequired\":true,\"valueName\":\"search_term_string\"}}],\"inLanguage\":\"pt-BR\"},{\"@type\":\"Organization\",\"@id\":\"https:\/\/deputadotaveirajr.com.br\/#organization\",\"name\":\"Taveira Jr\",\"url\":\"https:\/\/deputadotaveirajr.com.br\/\",\"logo\":{\"@type\":\"ImageObject\",\"inLanguage\":\"pt-BR\",\"@id\":\"https:\/\/deputadotaveirajr.com.br\/#\/schema\/logo\/image\/\",\"url\":\"https:\/\/deputadotaveirajr.com.br\/wp-content\/uploads\/2026\/01\/logolow2a.png\",\"contentUrl\":\"https:\/\/deputadotaveirajr.com.br\/wp-content\/uploads\/2026\/01\/logolow2a.png\",\"width\":290,\"height\":80,\"caption\":\"Taveira Jr\"},\"image\":{\"@id\":\"https:\/\/deputadotaveirajr.com.br\/#\/schema\/logo\/image\/\"}}]}<\/script>\n<!-- \/ Yoast SEO plugin. -->","yoast_head_json":{"title":"Sobre - Taveira Jr","robots":{"index":"index","follow":"follow","max-snippet":"max-snippet:-1","max-image-preview":"max-image-preview:large","max-video-preview":"max-video-preview:-1"},"canonical":"https:\/\/deputadotaveirajr.com.br\/index.php\/sobre\/","og_locale":"pt_BR","og_type":"article","og_title":"Sobre - Taveira Jr","og_description":"Nascido em 1982, nos ares acolhedores de Parnamirim, Taveira J\u00fanior \u00e9 mais do que um pol\u00edtico. Ele \u00e9 a personifica\u00e7\u00e3o dos sonhos e esperan\u00e7as de uma cidade que o viu ...","og_url":"https:\/\/deputadotaveirajr.com.br\/index.php\/sobre\/","og_site_name":"Taveira Jr","article_modified_time":"2026-03-10T02:15:16+00:00","og_image":[{"width":388,"height":436,"url":"https:\/\/deputadotaveirajr.com.br\/wp-content\/uploads\/2023\/12\/1_r1_c3.png","type":"image\/png"}],"twitter_card":"summary_large_image","twitter_misc":{"Est. tempo de leitura":"3 minutos"},"schema":{"@context":"https:\/\/schema.org","@graph":[{"@type":"WebPage","@id":"https:\/\/deputadotaveirajr.com.br\/index.php\/sobre\/","url":"https:\/\/deputadotaveirajr.com.br\/index.php\/sobre\/","name":"Sobre - Taveira Jr","isPartOf":{"@id":"https:\/\/deputadotaveirajr.com.br\/#website"},"primaryImageOfPage":{"@id":"https:\/\/deputadotaveirajr.com.br\/index.php\/sobre\/#primaryimage"},"image":{"@id":"https:\/\/deputadotaveirajr.com.br\/index.php\/sobre\/#primaryimage"},"thumbnailUrl":"https:\/\/deputadotaveirajr.com.br\/wp-content\/uploads\/2023\/12\/1_r1_c3.png","datePublished":"2023-10-23T16:38:16+00:00","dateModified":"2026-03-10T02:15:16+00:00","breadcrumb":{"@id":"https:\/\/deputadotaveirajr.com.br\/index.php\/sobre\/#breadcrumb"},"inLanguage":"pt-BR","potentialAction":[{"@type":"ReadAction","target":["https:\/\/deputadotaveirajr.com.br\/index.php\/sobre\/"]}]},{"@type":"ImageObject","inLanguage":"pt-BR","@id":"https:\/\/deputadotaveirajr.com.br\/index.php\/sobre\/#primaryimage","url":"https:\/\/deputadotaveirajr.com.br\/wp-content\/uploads\/2023\/12\/1_r1_c3.png","contentUrl":"https:\/\/deputadotaveirajr.com.br\/wp-content\/uploads\/2023\/12\/1_r1_c3.png","width":388,"height":436},{"@type":"BreadcrumbList","@id":"https:\/\/deputadotaveirajr.com.br\/index.php\/sobre\/#breadcrumb","itemListElement":[{"@type":"ListItem","position":1,"name":"In\u00edcio","item":"https:\/\/deputadotaveirajr.com.br\/"},{"@type":"ListItem","position":2,"name":"Sobre"}]},{"@type":"WebSite","@id":"https:\/\/deputadotaveirajr.com.br\/#website","url":"https:\/\/deputadotaveirajr.com.br\/","name":"Taveira Jr","description":"Deputado Estadual","publisher":{"@id":"https:\/\/deputadotaveirajr.com.br\/#organization"},"potentialAction":[{"@type":"SearchAction","target":{"@type":"EntryPoint","urlTemplate":"https:\/\/deputadotaveirajr.com.br\/?s={search_term_string}"},"query-input":{"@type":"PropertyValueSpecification","valueRequired":true,"valueName":"search_term_string"}}],"inLanguage":"pt-BR"},{"@type":"Organization","@id":"https:\/\/deputadotaveirajr.com.br\/#organization","name":"Taveira Jr","url":"https:\/\/deputadotaveirajr.com.br\/","logo":{"@type":"ImageObject","inLanguage":"pt-BR","@id":"https:\/\/deputadotaveirajr.com.br\/#\/schema\/logo\/image\/","url":"https:\/\/deputadotaveirajr.com.br\/wp-content\/uploads\/2026\/01\/logolow2a.png","contentUrl":"https:\/\/deputadotaveirajr.com.br\/wp-content\/uploads\/2026\/01\/logolow2a.png","width":290,"height":80,"caption":"Taveira Jr"},"image":{"@id":"https:\/\/deputadotaveirajr.com.br\/#\/schema\/logo\/image\/"}}]}},"_links":{"self":[{"href":"https:\/\/deputadotaveirajr.com.br\/index.php\/wp-json\/wp\/v2\/pages\/277","targetHints":{"allow":["GET"]}}],"collection":[{"href":"https:\/\/deputadotaveirajr.com.br\/index.php\/wp-json\/wp\/v2\/pages"}],"about":[{"href":"https:\/\/deputadotaveirajr.com.br\/index.php\/wp-json\/wp\/v2\/types\/page"}],"author":[{"embeddable":true,"href":"https:\/\/deputadotaveirajr.com.br\/index.php\/wp-json\/wp\/v2\/users\/1"}],"replies":[{"embeddable":true,"href":"https:\/\/deputadotaveirajr.com.br\/index.php\/wp-json\/wp\/v2\/comments?post=277"}],"version-history":[{"count":28,"href":"https:\/\/deputadotaveirajr.com.br\/index.php\/wp-json\/wp\/v2\/pages\/277\/revisions"}],"predecessor-version":[{"id":12635,"href":"https:\/\/deputadotaveirajr.com.br\/index.php\/wp-json\/wp\/v2\/pages\/277\/revisions\/12635"}],"wp:attachment":[{"href":"https:\/\/deputadotaveirajr.com.br\/index.php\/wp-json\/wp\/v2\/media?parent=277"}],"curies":[{"name":"wp","href":"https:\/\/api.w.org\/{rel}","templated":true}]}}