{"id":3291,"date":"2024-03-04T13:22:10","date_gmt":"2024-03-04T16:22:10","guid":{"rendered":"https:\/\/deputadotaveirajr.com.br\/?page_id=3291"},"modified":"2024-03-04T13:22:10","modified_gmt":"2024-03-04T16:22:10","slug":"fernandinho-beira-mar-e-mais-23-presos-sao-transferidos-de-presidio-em-mossoro","status":"publish","type":"page","link":"https:\/\/deputadotaveirajr.com.br\/index.php\/fernandinho-beira-mar-e-mais-23-presos-sao-transferidos-de-presidio-em-mossoro\/","title":{"rendered":"Fernandinho Beira-Mar e mais 23 presos s\u00e3o transferidos de pres\u00eddio em Mossor\u00f3"},"content":{"rendered":"<p>     Transfer\u00eancia ocorreu no \u00faltimo s\u00e1bado em opera\u00e7\u00e3o sigilosa, ap\u00f3s dois detentos da mesma fac\u00e7\u00e3o de Beira-Mar fugirem da pris\u00e3o do Rio Grande do Norte. Fernandinho Beira-Mar em imagem de junho de 2015<br \/>\nBrunno Dantas\/TJRJ<br \/>\nFernandinho Beira-Mar foi transferido do pres\u00eddio federal de Mossor\u00f3, no Rio Grande do Norte, de onde dois presos da mesma fac\u00e7\u00e3o dele fugiram no dia 14 de fevereiro. Beira-Mar foi levado para a Penitenci\u00e1ria Federal de Catanduvas, no Paran\u00e1, em uma opera\u00e7\u00e3o sigilosa no \u00faltimo s\u00e1bado (2).<br \/>\nPelo menos outros dois detentos tamb\u00e9m foram transferidos de Mossor\u00f3 para Catanduvas: Railan Silva dos Santos e Selmir da Silva Almeida. Os dois s\u00e3o do Acre e chegaram \u00e0 Penitenci\u00e1ria de Mossor\u00f3 junto com Deibson Nascimento e Rog\u00e9rio Mendon\u00e7a, que fugiram no dia 14 de fevereiro.<br \/>\nAo todo, 24 presos foram transferidos no \u00faltimo s\u00e1bado (2) de Mossor\u00f3 para as outras quatro penitenci\u00e1rias federais.<br \/>\nBeira-Mar tinha chegado na Penitenci\u00e1ria de Mossor\u00f3 j\u00e1 neste ano, quando foi transferido de Campo Grande, em 13 de janeiro.<br \/>\nFernandinho Beira-Mar e mais 23 presos s\u00e3o transferidos de pres\u00eddio<br \/>\nFuga<br \/>\nA primeira fuga registrada na hist\u00f3ria do sistema prisional federal, criado em 2006, aconteceu no dia 14 de fevereiro quando Deibson Nascimento e Rog\u00e9rio Mendon\u00e7a escaparam da Penitenci\u00e1ria Federal de Mossor\u00f3.<br \/>\nAs buscas permanecem concentradas na \u00e1rea rural e Bara\u00fana, que faz divisa com o Cear\u00e1. Os munic\u00edpios s\u00e3o ligados pela RN-015, onde fica o pres\u00eddio.<br \/>\nA opera\u00e7\u00e3o para recaptura envolve mais de 600 agentes de seguran\u00e7a, que atuam de forma integrada. S\u00e3o policiais federais, rodovi\u00e1rios federais, militares e civis, al\u00e9m da For\u00e7a Nacional.<\/p>","protected":false},"excerpt":{"rendered":"<p>Transfer\u00eancia ocorreu no \u00faltimo s\u00e1bado em opera\u00e7\u00e3o sigilosa, ap\u00f3s dois detentos da mesma fac\u00e7\u00e3o de Beira-Mar fugirem da pris\u00e3o do Rio Grande do Norte. Fernandinho Beira-Mar em imagem de junho &#8230;<\/p>\n","protected":false},"author":0,"featured_media":0,"parent":0,"menu_order":0,"comment_status":"closed","ping_status":"closed","template":"","meta":{"footnotes":""},"class_list":["post-3291","page","type-page","status-publish","hentry"],"yoast_head":"<!-- This site is optimized with the Yoast SEO plugin v27.1.1 - https:\/\/yoast.com\/product\/yoast-seo-wordpress\/ -->\n<title>Fernandinho Beira-Mar e mais 23 presos s\u00e3o transferidos de pres\u00eddio em Mossor\u00f3 - Taveira Jr<\/title>\n<meta name=\"robots\" content=\"index, follow, max-snippet:-1, max-image-preview:large, max-video-preview:-1\" \/>\n<link rel=\"canonical\" href=\"https:\/\/deputadotaveirajr.com.br\/index.php\/fernandinho-beira-mar-e-mais-23-presos-sao-transferidos-de-presidio-em-mossoro\/\" \/>\n<meta property=\"og:locale\" content=\"pt_BR\" \/>\n<meta property=\"og:type\" content=\"article\" \/>\n<meta property=\"og:title\" content=\"Fernandinho Beira-Mar e mais 23 presos s\u00e3o transferidos de pres\u00eddio em Mossor\u00f3 - Taveira Jr\" \/>\n<meta property=\"og:description\" content=\"Transfer\u00eancia ocorreu no \u00faltimo s\u00e1bado em opera\u00e7\u00e3o sigilosa, ap\u00f3s dois detentos da mesma fac\u00e7\u00e3o de Beira-Mar fugirem da pris\u00e3o do Rio Grande do Norte. Fernandinho Beira-Mar em imagem de junho ...\" \/>\n<meta property=\"og:url\" content=\"https:\/\/deputadotaveirajr.com.br\/index.php\/fernandinho-beira-mar-e-mais-23-presos-sao-transferidos-de-presidio-em-mossoro\/\" \/>\n<meta property=\"og:site_name\" content=\"Taveira Jr\" \/>\n<meta name=\"twitter:card\" content=\"summary_large_image\" \/>\n<meta name=\"twitter:label1\" content=\"Est. tempo de leitura\" \/>\n\t<meta name=\"twitter:data1\" content=\"1 minuto\" \/>\n<script type=\"application\/ld+json\" class=\"yoast-schema-graph\">{\"@context\":\"https:\/\/schema.org\",\"@graph\":[{\"@type\":\"WebPage\",\"@id\":\"https:\/\/deputadotaveirajr.com.br\/index.php\/fernandinho-beira-mar-e-mais-23-presos-sao-transferidos-de-presidio-em-mossoro\/\",\"url\":\"https:\/\/deputadotaveirajr.com.br\/index.php\/fernandinho-beira-mar-e-mais-23-presos-sao-transferidos-de-presidio-em-mossoro\/\",\"name\":\"Fernandinho Beira-Mar e mais 23 presos s\u00e3o transferidos de pres\u00eddio em Mossor\u00f3 - Taveira Jr\",\"isPartOf\":{\"@id\":\"https:\/\/deputadotaveirajr.com.br\/#website\"},\"datePublished\":\"2024-03-04T16:22:10+00:00\",\"breadcrumb\":{\"@id\":\"https:\/\/deputadotaveirajr.com.br\/index.php\/fernandinho-beira-mar-e-mais-23-presos-sao-transferidos-de-presidio-em-mossoro\/#breadcrumb\"},\"inLanguage\":\"pt-BR\",\"potentialAction\":[{\"@type\":\"ReadAction\",\"target\":[\"https:\/\/deputadotaveirajr.com.br\/index.php\/fernandinho-beira-mar-e-mais-23-presos-sao-transferidos-de-presidio-em-mossoro\/\"]}]},{\"@type\":\"BreadcrumbList\",\"@id\":\"https:\/\/deputadotaveirajr.com.br\/index.php\/fernandinho-beira-mar-e-mais-23-presos-sao-transferidos-de-presidio-em-mossoro\/#breadcrumb\",\"itemListElement\":[{\"@type\":\"ListItem\",\"position\":1,\"name\":\"In\u00edcio\",\"item\":\"https:\/\/deputadotaveirajr.com.br\/\"},{\"@type\":\"ListItem\",\"position\":2,\"name\":\"Fernandinho Beira-Mar e mais 23 presos s\u00e3o transferidos de pres\u00eddio em Mossor\u00f3\"}]},{\"@type\":\"WebSite\",\"@id\":\"https:\/\/deputadotaveirajr.com.br\/#website\",\"url\":\"https:\/\/deputadotaveirajr.com.br\/\",\"name\":\"Taveira Jr\",\"description\":\"Deputado Estadual\",\"publisher\":{\"@id\":\"https:\/\/deputadotaveirajr.com.br\/#organization\"},\"potentialAction\":[{\"@type\":\"SearchAction\",\"target\":{\"@type\":\"EntryPoint\",\"urlTemplate\":\"https:\/\/deputadotaveirajr.com.br\/?s={search_term_string}\"},\"query-input\":{\"@type\":\"PropertyValueSpecification\",\"valueRequired\":true,\"valueName\":\"search_term_string\"}}],\"inLanguage\":\"pt-BR\"},{\"@type\":\"Organization\",\"@id\":\"https:\/\/deputadotaveirajr.com.br\/#organization\",\"name\":\"Taveira Jr\",\"url\":\"https:\/\/deputadotaveirajr.com.br\/\",\"logo\":{\"@type\":\"ImageObject\",\"inLanguage\":\"pt-BR\",\"@id\":\"https:\/\/deputadotaveirajr.com.br\/#\/schema\/logo\/image\/\",\"url\":\"https:\/\/deputadotaveirajr.com.br\/wp-content\/uploads\/2026\/01\/logolow2a.png\",\"contentUrl\":\"https:\/\/deputadotaveirajr.com.br\/wp-content\/uploads\/2026\/01\/logolow2a.png\",\"width\":290,\"height\":80,\"caption\":\"Taveira Jr\"},\"image\":{\"@id\":\"https:\/\/deputadotaveirajr.com.br\/#\/schema\/logo\/image\/\"}}]}<\/script>\n<!-- \/ Yoast SEO plugin. -->","yoast_head_json":{"title":"Fernandinho Beira-Mar e mais 23 presos s\u00e3o transferidos de pres\u00eddio em Mossor\u00f3 - Taveira Jr","robots":{"index":"index","follow":"follow","max-snippet":"max-snippet:-1","max-image-preview":"max-image-preview:large","max-video-preview":"max-video-preview:-1"},"canonical":"https:\/\/deputadotaveirajr.com.br\/index.php\/fernandinho-beira-mar-e-mais-23-presos-sao-transferidos-de-presidio-em-mossoro\/","og_locale":"pt_BR","og_type":"article","og_title":"Fernandinho Beira-Mar e mais 23 presos s\u00e3o transferidos de pres\u00eddio em Mossor\u00f3 - Taveira Jr","og_description":"Transfer\u00eancia ocorreu no \u00faltimo s\u00e1bado em opera\u00e7\u00e3o sigilosa, ap\u00f3s dois detentos da mesma fac\u00e7\u00e3o de Beira-Mar fugirem da pris\u00e3o do Rio Grande do Norte. Fernandinho Beira-Mar em imagem de junho ...","og_url":"https:\/\/deputadotaveirajr.com.br\/index.php\/fernandinho-beira-mar-e-mais-23-presos-sao-transferidos-de-presidio-em-mossoro\/","og_site_name":"Taveira Jr","twitter_card":"summary_large_image","twitter_misc":{"Est. tempo de leitura":"1 minuto"},"schema":{"@context":"https:\/\/schema.org","@graph":[{"@type":"WebPage","@id":"https:\/\/deputadotaveirajr.com.br\/index.php\/fernandinho-beira-mar-e-mais-23-presos-sao-transferidos-de-presidio-em-mossoro\/","url":"https:\/\/deputadotaveirajr.com.br\/index.php\/fernandinho-beira-mar-e-mais-23-presos-sao-transferidos-de-presidio-em-mossoro\/","name":"Fernandinho Beira-Mar e mais 23 presos s\u00e3o transferidos de pres\u00eddio em Mossor\u00f3 - Taveira Jr","isPartOf":{"@id":"https:\/\/deputadotaveirajr.com.br\/#website"},"datePublished":"2024-03-04T16:22:10+00:00","breadcrumb":{"@id":"https:\/\/deputadotaveirajr.com.br\/index.php\/fernandinho-beira-mar-e-mais-23-presos-sao-transferidos-de-presidio-em-mossoro\/#breadcrumb"},"inLanguage":"pt-BR","potentialAction":[{"@type":"ReadAction","target":["https:\/\/deputadotaveirajr.com.br\/index.php\/fernandinho-beira-mar-e-mais-23-presos-sao-transferidos-de-presidio-em-mossoro\/"]}]},{"@type":"BreadcrumbList","@id":"https:\/\/deputadotaveirajr.com.br\/index.php\/fernandinho-beira-mar-e-mais-23-presos-sao-transferidos-de-presidio-em-mossoro\/#breadcrumb","itemListElement":[{"@type":"ListItem","position":1,"name":"In\u00edcio","item":"https:\/\/deputadotaveirajr.com.br\/"},{"@type":"ListItem","position":2,"name":"Fernandinho Beira-Mar e mais 23 presos s\u00e3o transferidos de pres\u00eddio em Mossor\u00f3"}]},{"@type":"WebSite","@id":"https:\/\/deputadotaveirajr.com.br\/#website","url":"https:\/\/deputadotaveirajr.com.br\/","name":"Taveira Jr","description":"Deputado Estadual","publisher":{"@id":"https:\/\/deputadotaveirajr.com.br\/#organization"},"potentialAction":[{"@type":"SearchAction","target":{"@type":"EntryPoint","urlTemplate":"https:\/\/deputadotaveirajr.com.br\/?s={search_term_string}"},"query-input":{"@type":"PropertyValueSpecification","valueRequired":true,"valueName":"search_term_string"}}],"inLanguage":"pt-BR"},{"@type":"Organization","@id":"https:\/\/deputadotaveirajr.com.br\/#organization","name":"Taveira Jr","url":"https:\/\/deputadotaveirajr.com.br\/","logo":{"@type":"ImageObject","inLanguage":"pt-BR","@id":"https:\/\/deputadotaveirajr.com.br\/#\/schema\/logo\/image\/","url":"https:\/\/deputadotaveirajr.com.br\/wp-content\/uploads\/2026\/01\/logolow2a.png","contentUrl":"https:\/\/deputadotaveirajr.com.br\/wp-content\/uploads\/2026\/01\/logolow2a.png","width":290,"height":80,"caption":"Taveira Jr"},"image":{"@id":"https:\/\/deputadotaveirajr.com.br\/#\/schema\/logo\/image\/"}}]}},"_links":{"self":[{"href":"https:\/\/deputadotaveirajr.com.br\/index.php\/wp-json\/wp\/v2\/pages\/3291","targetHints":{"allow":["GET"]}}],"collection":[{"href":"https:\/\/deputadotaveirajr.com.br\/index.php\/wp-json\/wp\/v2\/pages"}],"about":[{"href":"https:\/\/deputadotaveirajr.com.br\/index.php\/wp-json\/wp\/v2\/types\/page"}],"replies":[{"embeddable":true,"href":"https:\/\/deputadotaveirajr.com.br\/index.php\/wp-json\/wp\/v2\/comments?post=3291"}],"version-history":[{"count":1,"href":"https:\/\/deputadotaveirajr.com.br\/index.php\/wp-json\/wp\/v2\/pages\/3291\/revisions"}],"predecessor-version":[{"id":3293,"href":"https:\/\/deputadotaveirajr.com.br\/index.php\/wp-json\/wp\/v2\/pages\/3291\/revisions\/3293"}],"wp:attachment":[{"href":"https:\/\/deputadotaveirajr.com.br\/index.php\/wp-json\/wp\/v2\/media?parent=3291"}],"curies":[{"name":"wp","href":"https:\/\/api.w.org\/{rel}","templated":true}]}}