{"id":3300,"date":"2024-03-04T17:28:36","date_gmt":"2024-03-04T20:28:36","guid":{"rendered":"https:\/\/deputadotaveirajr.com.br\/?page_id=3300"},"modified":"2024-03-04T17:28:36","modified_gmt":"2024-03-04T20:28:36","slug":"fugitivos-de-mossoro-foco-de-buscas-se-intensifica-a-1-km-dentro-do-cerco-em-area-rural","status":"publish","type":"page","link":"https:\/\/deputadotaveirajr.com.br\/index.php\/fugitivos-de-mossoro-foco-de-buscas-se-intensifica-a-1-km-dentro-do-cerco-em-area-rural\/","title":{"rendered":"Fugitivos de Mossor\u00f3: foco de buscas se intensifica a 1 km dentro do cerco em \u00e1rea rural"},"content":{"rendered":"<p>     Durante a madrugada, helic\u00f3ptero com infravermelho indicou que os dois podem estar em uma \u00e1rea espec\u00edfica localizada dentro de uma fazenda de frutas, onde h\u00e1 uma reserva de caatinga preservada e de mata fechada. Pol\u00edcia fecha cerco contra os dois fugitivos da penitenci\u00e1ria federal de Mossor\u00f3 (RN)<br \/>\nA pol\u00edcia que trabalha nas buscas pelos dois fugitivos da Penitenci\u00e1ria Federal de Mossor\u00f3, no Rio Grande do Norte, acredita que a dupla est\u00e1 desarmada, sem apoio e sem condi\u00e7\u00f5es de ir mais longe.<br \/>\nA hip\u00f3tese se justifica, segundo as for\u00e7as especiais que participam da busca porque os dois n\u00e3o conseguiram se afastar muito do galp\u00e3o agr\u00edcola que invadiram na sexta-feira (1\u00ba). Eles estavam em busca de celulares e armas, segundo uma testemunha ouvida pela pol\u00edcia.<br \/>\nA dupla teria ficado irritada por n\u00e3o encontrar os aparelhos e os armamentos desejados e deixaram o local apenas com comida.<br \/>\n\ud83d\udcf3Participe do canal do g1 RN no WhatsApp e receba no seu celular as not\u00edcias do estado<br \/>\nDentro da \u00e1rea de 5 km de raio de busca utilizada pelas for\u00e7as policiais, foi criado um cerco ainda menor, agora com apenas 1 km de raio.  Acredita-se que os fugitivos ainda estejam na regi\u00e3o de Bara\u00fana, a 35 quil\u00f4metros de Mossor\u00f3.<br \/>\nO novo raio est\u00e1 localizado dentro de uma fazenda de frutas, onde h\u00e1 uma reserva de caatinga preservada e de mata fechada.<br \/>\nUm helic\u00f3ptero equipado com infravermelho e detec\u00e7\u00e3o de calor, usado nas buscas, acusou nesta madrugada a possibilidade da presen\u00e7a dos dois fugitivos nesta \u00e1rea.<br \/>\nBuscas por fugitivos de Mossor\u00f3 est\u00e3o concentradas na zona rural de bara\u00fana<br \/>\nIara N\u00f3brega\/Inter TV Costa Branca<br \/>\nApesar disso, as for\u00e7as especiais est\u00e3o lidando com uma disputa interna de egos. \u201cEnfrentamos uma guerra de vaidade, de quem vai pegar os dois, o que s\u00f3 prejudica os trabalhos\u201d, disse uma fonte \u00e0 reportagem.<br \/>\nH\u00e1 um esfor\u00e7o para manter a coordena\u00e7\u00e3o das opera\u00e7\u00f5es com divis\u00e3o de tarefas e troca de informa\u00e7\u00f5es. Al\u00e9m disso, as equipes est\u00e3o se revezando, trocando frequentemente de integrantes e de policiais.<br \/>\nLEIA TAMB\u00c9M<br \/>\nVeja o que se sabe e o que falta esclarecer sobre a fuga<br \/>\n20 dias de buscas<br \/>\nNesta segunda-feira (4), as buscas entraram no 20\u00ba dia e se concentram, desde o in\u00edcio, nas \u00e1reas rurais das cidades de Mossor\u00f3 e Bara\u00fana, que s\u00e3o ligadas pela RN-015, onde fica o pres\u00eddio.<br \/>\nOs investigadores confiam desde o in\u00edcio da fuga que os foragidos permanecem pela regi\u00e3o, fato que tem sido refor\u00e7ado por pistas deixadas ao longo dos dias, como a invas\u00e3o a casas e o esconderijo encontrado onde os fugitivos teriam passado mais de uma semana.<br \/>\nDesde quinta-feira (29), o cerco foi intensificado na \u00e1rea rural de Bara\u00fana, onde investigadores acreditam que os suspeitos foram vistos em uma planta\u00e7\u00e3o de banana, e depois novamente vistos na invas\u00e3o aos galp\u00f5es agr\u00edcolas.<br \/>\nA opera\u00e7\u00e3o conta com helic\u00f3pteros, drones, c\u00e3es farejadores e outros equipamentos tecnol\u00f3gicos sofisticados, al\u00e9m de mais de 600 homens das for\u00e7as de seguran\u00e7a da For\u00e7a Nacional, estadual e federal &#8211; incluindo equipes de elite da Pol\u00edcia Federal e da Pol\u00edcia Rodovi\u00e1ria Federal.<br \/>\nFuga da Penitenci\u00e1ria Federal de Mossor\u00f3, no Rio Grande do Norte<br \/>\nArte\/g1<br \/>\nV\u00eddeos mais assistidos do g1 RN<\/p>","protected":false},"excerpt":{"rendered":"<p>Durante a madrugada, helic\u00f3ptero com infravermelho indicou que os dois podem estar em uma \u00e1rea espec\u00edfica localizada dentro de uma fazenda de frutas, onde h\u00e1 uma reserva de caatinga preservada &#8230;<\/p>\n","protected":false},"author":0,"featured_media":0,"parent":0,"menu_order":0,"comment_status":"closed","ping_status":"closed","template":"","meta":{"footnotes":""},"class_list":["post-3300","page","type-page","status-publish","hentry"],"yoast_head":"<!-- This site is optimized with the Yoast SEO plugin v27.1.1 - https:\/\/yoast.com\/product\/yoast-seo-wordpress\/ -->\n<title>Fugitivos de Mossor\u00f3: foco de buscas se intensifica a 1 km dentro do cerco em \u00e1rea rural - Taveira Jr<\/title>\n<meta name=\"robots\" content=\"index, follow, max-snippet:-1, max-image-preview:large, max-video-preview:-1\" \/>\n<link rel=\"canonical\" href=\"https:\/\/deputadotaveirajr.com.br\/index.php\/fugitivos-de-mossoro-foco-de-buscas-se-intensifica-a-1-km-dentro-do-cerco-em-area-rural\/\" \/>\n<meta property=\"og:locale\" content=\"pt_BR\" \/>\n<meta property=\"og:type\" content=\"article\" \/>\n<meta property=\"og:title\" content=\"Fugitivos de Mossor\u00f3: foco de buscas se intensifica a 1 km dentro do cerco em \u00e1rea rural - Taveira Jr\" \/>\n<meta property=\"og:description\" content=\"Durante a madrugada, helic\u00f3ptero com infravermelho indicou que os dois podem estar em uma \u00e1rea espec\u00edfica localizada dentro de uma fazenda de frutas, onde h\u00e1 uma reserva de caatinga preservada ...\" \/>\n<meta property=\"og:url\" content=\"https:\/\/deputadotaveirajr.com.br\/index.php\/fugitivos-de-mossoro-foco-de-buscas-se-intensifica-a-1-km-dentro-do-cerco-em-area-rural\/\" \/>\n<meta property=\"og:site_name\" content=\"Taveira Jr\" \/>\n<meta name=\"twitter:card\" content=\"summary_large_image\" \/>\n<meta name=\"twitter:label1\" content=\"Est. tempo de leitura\" \/>\n\t<meta name=\"twitter:data1\" content=\"3 minutos\" \/>\n<script type=\"application\/ld+json\" class=\"yoast-schema-graph\">{\"@context\":\"https:\/\/schema.org\",\"@graph\":[{\"@type\":\"WebPage\",\"@id\":\"https:\/\/deputadotaveirajr.com.br\/index.php\/fugitivos-de-mossoro-foco-de-buscas-se-intensifica-a-1-km-dentro-do-cerco-em-area-rural\/\",\"url\":\"https:\/\/deputadotaveirajr.com.br\/index.php\/fugitivos-de-mossoro-foco-de-buscas-se-intensifica-a-1-km-dentro-do-cerco-em-area-rural\/\",\"name\":\"Fugitivos de Mossor\u00f3: foco de buscas se intensifica a 1 km dentro do cerco em \u00e1rea rural - Taveira Jr\",\"isPartOf\":{\"@id\":\"https:\/\/deputadotaveirajr.com.br\/#website\"},\"datePublished\":\"2024-03-04T20:28:36+00:00\",\"breadcrumb\":{\"@id\":\"https:\/\/deputadotaveirajr.com.br\/index.php\/fugitivos-de-mossoro-foco-de-buscas-se-intensifica-a-1-km-dentro-do-cerco-em-area-rural\/#breadcrumb\"},\"inLanguage\":\"pt-BR\",\"potentialAction\":[{\"@type\":\"ReadAction\",\"target\":[\"https:\/\/deputadotaveirajr.com.br\/index.php\/fugitivos-de-mossoro-foco-de-buscas-se-intensifica-a-1-km-dentro-do-cerco-em-area-rural\/\"]}]},{\"@type\":\"BreadcrumbList\",\"@id\":\"https:\/\/deputadotaveirajr.com.br\/index.php\/fugitivos-de-mossoro-foco-de-buscas-se-intensifica-a-1-km-dentro-do-cerco-em-area-rural\/#breadcrumb\",\"itemListElement\":[{\"@type\":\"ListItem\",\"position\":1,\"name\":\"In\u00edcio\",\"item\":\"https:\/\/deputadotaveirajr.com.br\/\"},{\"@type\":\"ListItem\",\"position\":2,\"name\":\"Fugitivos de Mossor\u00f3: foco de buscas se intensifica a 1 km dentro do cerco em \u00e1rea rural\"}]},{\"@type\":\"WebSite\",\"@id\":\"https:\/\/deputadotaveirajr.com.br\/#website\",\"url\":\"https:\/\/deputadotaveirajr.com.br\/\",\"name\":\"Taveira Jr\",\"description\":\"Deputado Estadual\",\"publisher\":{\"@id\":\"https:\/\/deputadotaveirajr.com.br\/#organization\"},\"potentialAction\":[{\"@type\":\"SearchAction\",\"target\":{\"@type\":\"EntryPoint\",\"urlTemplate\":\"https:\/\/deputadotaveirajr.com.br\/?s={search_term_string}\"},\"query-input\":{\"@type\":\"PropertyValueSpecification\",\"valueRequired\":true,\"valueName\":\"search_term_string\"}}],\"inLanguage\":\"pt-BR\"},{\"@type\":\"Organization\",\"@id\":\"https:\/\/deputadotaveirajr.com.br\/#organization\",\"name\":\"Taveira Jr\",\"url\":\"https:\/\/deputadotaveirajr.com.br\/\",\"logo\":{\"@type\":\"ImageObject\",\"inLanguage\":\"pt-BR\",\"@id\":\"https:\/\/deputadotaveirajr.com.br\/#\/schema\/logo\/image\/\",\"url\":\"https:\/\/deputadotaveirajr.com.br\/wp-content\/uploads\/2026\/01\/logolow2a.png\",\"contentUrl\":\"https:\/\/deputadotaveirajr.com.br\/wp-content\/uploads\/2026\/01\/logolow2a.png\",\"width\":290,\"height\":80,\"caption\":\"Taveira Jr\"},\"image\":{\"@id\":\"https:\/\/deputadotaveirajr.com.br\/#\/schema\/logo\/image\/\"}}]}<\/script>\n<!-- \/ Yoast SEO plugin. -->","yoast_head_json":{"title":"Fugitivos de Mossor\u00f3: foco de buscas se intensifica a 1 km dentro do cerco em \u00e1rea rural - Taveira Jr","robots":{"index":"index","follow":"follow","max-snippet":"max-snippet:-1","max-image-preview":"max-image-preview:large","max-video-preview":"max-video-preview:-1"},"canonical":"https:\/\/deputadotaveirajr.com.br\/index.php\/fugitivos-de-mossoro-foco-de-buscas-se-intensifica-a-1-km-dentro-do-cerco-em-area-rural\/","og_locale":"pt_BR","og_type":"article","og_title":"Fugitivos de Mossor\u00f3: foco de buscas se intensifica a 1 km dentro do cerco em \u00e1rea rural - Taveira Jr","og_description":"Durante a madrugada, helic\u00f3ptero com infravermelho indicou que os dois podem estar em uma \u00e1rea espec\u00edfica localizada dentro de uma fazenda de frutas, onde h\u00e1 uma reserva de caatinga preservada ...","og_url":"https:\/\/deputadotaveirajr.com.br\/index.php\/fugitivos-de-mossoro-foco-de-buscas-se-intensifica-a-1-km-dentro-do-cerco-em-area-rural\/","og_site_name":"Taveira Jr","twitter_card":"summary_large_image","twitter_misc":{"Est. tempo de leitura":"3 minutos"},"schema":{"@context":"https:\/\/schema.org","@graph":[{"@type":"WebPage","@id":"https:\/\/deputadotaveirajr.com.br\/index.php\/fugitivos-de-mossoro-foco-de-buscas-se-intensifica-a-1-km-dentro-do-cerco-em-area-rural\/","url":"https:\/\/deputadotaveirajr.com.br\/index.php\/fugitivos-de-mossoro-foco-de-buscas-se-intensifica-a-1-km-dentro-do-cerco-em-area-rural\/","name":"Fugitivos de Mossor\u00f3: foco de buscas se intensifica a 1 km dentro do cerco em \u00e1rea rural - Taveira Jr","isPartOf":{"@id":"https:\/\/deputadotaveirajr.com.br\/#website"},"datePublished":"2024-03-04T20:28:36+00:00","breadcrumb":{"@id":"https:\/\/deputadotaveirajr.com.br\/index.php\/fugitivos-de-mossoro-foco-de-buscas-se-intensifica-a-1-km-dentro-do-cerco-em-area-rural\/#breadcrumb"},"inLanguage":"pt-BR","potentialAction":[{"@type":"ReadAction","target":["https:\/\/deputadotaveirajr.com.br\/index.php\/fugitivos-de-mossoro-foco-de-buscas-se-intensifica-a-1-km-dentro-do-cerco-em-area-rural\/"]}]},{"@type":"BreadcrumbList","@id":"https:\/\/deputadotaveirajr.com.br\/index.php\/fugitivos-de-mossoro-foco-de-buscas-se-intensifica-a-1-km-dentro-do-cerco-em-area-rural\/#breadcrumb","itemListElement":[{"@type":"ListItem","position":1,"name":"In\u00edcio","item":"https:\/\/deputadotaveirajr.com.br\/"},{"@type":"ListItem","position":2,"name":"Fugitivos de Mossor\u00f3: foco de buscas se intensifica a 1 km dentro do cerco em \u00e1rea rural"}]},{"@type":"WebSite","@id":"https:\/\/deputadotaveirajr.com.br\/#website","url":"https:\/\/deputadotaveirajr.com.br\/","name":"Taveira Jr","description":"Deputado Estadual","publisher":{"@id":"https:\/\/deputadotaveirajr.com.br\/#organization"},"potentialAction":[{"@type":"SearchAction","target":{"@type":"EntryPoint","urlTemplate":"https:\/\/deputadotaveirajr.com.br\/?s={search_term_string}"},"query-input":{"@type":"PropertyValueSpecification","valueRequired":true,"valueName":"search_term_string"}}],"inLanguage":"pt-BR"},{"@type":"Organization","@id":"https:\/\/deputadotaveirajr.com.br\/#organization","name":"Taveira Jr","url":"https:\/\/deputadotaveirajr.com.br\/","logo":{"@type":"ImageObject","inLanguage":"pt-BR","@id":"https:\/\/deputadotaveirajr.com.br\/#\/schema\/logo\/image\/","url":"https:\/\/deputadotaveirajr.com.br\/wp-content\/uploads\/2026\/01\/logolow2a.png","contentUrl":"https:\/\/deputadotaveirajr.com.br\/wp-content\/uploads\/2026\/01\/logolow2a.png","width":290,"height":80,"caption":"Taveira Jr"},"image":{"@id":"https:\/\/deputadotaveirajr.com.br\/#\/schema\/logo\/image\/"}}]}},"_links":{"self":[{"href":"https:\/\/deputadotaveirajr.com.br\/index.php\/wp-json\/wp\/v2\/pages\/3300","targetHints":{"allow":["GET"]}}],"collection":[{"href":"https:\/\/deputadotaveirajr.com.br\/index.php\/wp-json\/wp\/v2\/pages"}],"about":[{"href":"https:\/\/deputadotaveirajr.com.br\/index.php\/wp-json\/wp\/v2\/types\/page"}],"replies":[{"embeddable":true,"href":"https:\/\/deputadotaveirajr.com.br\/index.php\/wp-json\/wp\/v2\/comments?post=3300"}],"version-history":[{"count":1,"href":"https:\/\/deputadotaveirajr.com.br\/index.php\/wp-json\/wp\/v2\/pages\/3300\/revisions"}],"predecessor-version":[{"id":3304,"href":"https:\/\/deputadotaveirajr.com.br\/index.php\/wp-json\/wp\/v2\/pages\/3300\/revisions\/3304"}],"wp:attachment":[{"href":"https:\/\/deputadotaveirajr.com.br\/index.php\/wp-json\/wp\/v2\/media?parent=3300"}],"curies":[{"name":"wp","href":"https:\/\/api.w.org\/{rel}","templated":true}]}}