{"id":3310,"date":"2024-03-04T23:12:11","date_gmt":"2024-03-05T02:12:11","guid":{"rendered":"https:\/\/deputadotaveirajr.com.br\/?page_id=3310"},"modified":"2024-03-04T23:12:11","modified_gmt":"2024-03-05T02:12:11","slug":"video-bandidos-armados-rendem-clientes-e-funcionarios-em-assalto-a-loterica-em-natal","status":"publish","type":"page","link":"https:\/\/deputadotaveirajr.com.br\/index.php\/video-bandidos-armados-rendem-clientes-e-funcionarios-em-assalto-a-loterica-em-natal\/","title":{"rendered":"V\u00cdDEO: Bandidos armados rendem clientes e funcion\u00e1rios em assalto a lot\u00e9rica em Natal"},"content":{"rendered":"<p>     Crime aconteceu na tarde desta segunda-feira (4) no bairro das Rocas, em Natal. Clientes foram obrigados a deitar no ch\u00e3o durante a a\u00e7\u00e3o criminosa. Bandidos assaltaram lot\u00e9rica em Natal<br \/>\nBandidos armados renderam clientes e funcion\u00e1rios, e assaltaram uma lot\u00e9rica na tarde desta segunda-feira (4) no bairro das Rocas, na Zona Leste de Natal. C\u00e2meras de seguran\u00e7a registraram a a\u00e7\u00e3o (veja v\u00eddeo).<br \/>\nFuncion\u00e1rios que preferiram n\u00e3o se identificar contaram que os criminosos ame\u00e7aram, inclusive, explodir uma bomba no estabelecimento.<br \/>\n&#8220;Pediram pra gente abrir a porta, disseram que se a gente n\u00e3o abrisse eles iam colocar explosivos. Fizeram os gestos ainda de que iam tirar os explosivos de dentro da mochila&#8221;, contou uma funcion\u00e1ria.<br \/>\nO crime aconteceu pouco antes das 14h. Tr\u00eas criminosos anunciaram o assalto e mandaram os clientes se deitarem no ch\u00e3o. Em seguida, recolheram os pertences.<br \/>\n&#8220;Todos n\u00f3s dentro da lot\u00e9rica nos abaixamos. A\u00ed n\u00e3o deu pra ver muita coisa, porque a gente ficou l\u00e1 dentro. O pessoal l\u00e1 de fora que foi abordado e teve tomado os pertences&#8221;, contou uma funcion\u00e1ria.<br \/>\nOs funcion\u00e1rios disseram que n\u00e3o esperavam que o crime ocorresse em uma dia como a segunda-feira, j\u00e1 que \u00e9 dia de feira e havia intensa movimenta\u00e7\u00e3o de pessoas nas ruas pr\u00f3ximas.<br \/>\nO bot\u00e3o do alarme da lot\u00e9rica foi acionada e a pol\u00edcia chamada ap\u00f3s o crime, mas os bandidos j\u00e1 havia fugido. O caso ser\u00e1 investigado pela Pol\u00edcia Civil. O valor roubado da lot\u00e9rica n\u00e3o foi divulgado.<br \/>\nBandidos assaltaram lot\u00e9rica<br \/>\nReprodu\u00e7\u00e3o<br \/>\nV\u00eddeos mais assistidos do g1 RN<\/p>","protected":false},"excerpt":{"rendered":"<p>Crime aconteceu na tarde desta segunda-feira (4) no bairro das Rocas, em Natal. Clientes foram obrigados a deitar no ch\u00e3o durante a a\u00e7\u00e3o criminosa. Bandidos assaltaram lot\u00e9rica em Natal Bandidos &#8230;<\/p>\n","protected":false},"author":0,"featured_media":0,"parent":0,"menu_order":0,"comment_status":"closed","ping_status":"closed","template":"","meta":{"footnotes":""},"class_list":["post-3310","page","type-page","status-publish","hentry"],"yoast_head":"<!-- This site is optimized with the Yoast SEO plugin v27.1.1 - https:\/\/yoast.com\/product\/yoast-seo-wordpress\/ -->\n<title>V\u00cdDEO: Bandidos armados rendem clientes e funcion\u00e1rios em assalto a lot\u00e9rica em Natal - Taveira Jr<\/title>\n<meta name=\"robots\" content=\"index, follow, max-snippet:-1, max-image-preview:large, max-video-preview:-1\" \/>\n<link rel=\"canonical\" href=\"https:\/\/deputadotaveirajr.com.br\/index.php\/video-bandidos-armados-rendem-clientes-e-funcionarios-em-assalto-a-loterica-em-natal\/\" \/>\n<meta property=\"og:locale\" content=\"pt_BR\" \/>\n<meta property=\"og:type\" content=\"article\" \/>\n<meta property=\"og:title\" content=\"V\u00cdDEO: Bandidos armados rendem clientes e funcion\u00e1rios em assalto a lot\u00e9rica em Natal - Taveira Jr\" \/>\n<meta property=\"og:description\" content=\"Crime aconteceu na tarde desta segunda-feira (4) no bairro das Rocas, em Natal. Clientes foram obrigados a deitar no ch\u00e3o durante a a\u00e7\u00e3o criminosa. Bandidos assaltaram lot\u00e9rica em Natal Bandidos ...\" \/>\n<meta property=\"og:url\" content=\"https:\/\/deputadotaveirajr.com.br\/index.php\/video-bandidos-armados-rendem-clientes-e-funcionarios-em-assalto-a-loterica-em-natal\/\" \/>\n<meta property=\"og:site_name\" content=\"Taveira Jr\" \/>\n<meta name=\"twitter:card\" content=\"summary_large_image\" \/>\n<meta name=\"twitter:label1\" content=\"Est. tempo de leitura\" \/>\n\t<meta name=\"twitter:data1\" content=\"1 minuto\" \/>\n<script type=\"application\/ld+json\" class=\"yoast-schema-graph\">{\"@context\":\"https:\/\/schema.org\",\"@graph\":[{\"@type\":\"WebPage\",\"@id\":\"https:\/\/deputadotaveirajr.com.br\/index.php\/video-bandidos-armados-rendem-clientes-e-funcionarios-em-assalto-a-loterica-em-natal\/\",\"url\":\"https:\/\/deputadotaveirajr.com.br\/index.php\/video-bandidos-armados-rendem-clientes-e-funcionarios-em-assalto-a-loterica-em-natal\/\",\"name\":\"V\u00cdDEO: Bandidos armados rendem clientes e funcion\u00e1rios em assalto a lot\u00e9rica em Natal - Taveira Jr\",\"isPartOf\":{\"@id\":\"https:\/\/deputadotaveirajr.com.br\/#website\"},\"datePublished\":\"2024-03-05T02:12:11+00:00\",\"breadcrumb\":{\"@id\":\"https:\/\/deputadotaveirajr.com.br\/index.php\/video-bandidos-armados-rendem-clientes-e-funcionarios-em-assalto-a-loterica-em-natal\/#breadcrumb\"},\"inLanguage\":\"pt-BR\",\"potentialAction\":[{\"@type\":\"ReadAction\",\"target\":[\"https:\/\/deputadotaveirajr.com.br\/index.php\/video-bandidos-armados-rendem-clientes-e-funcionarios-em-assalto-a-loterica-em-natal\/\"]}]},{\"@type\":\"BreadcrumbList\",\"@id\":\"https:\/\/deputadotaveirajr.com.br\/index.php\/video-bandidos-armados-rendem-clientes-e-funcionarios-em-assalto-a-loterica-em-natal\/#breadcrumb\",\"itemListElement\":[{\"@type\":\"ListItem\",\"position\":1,\"name\":\"In\u00edcio\",\"item\":\"https:\/\/deputadotaveirajr.com.br\/\"},{\"@type\":\"ListItem\",\"position\":2,\"name\":\"V\u00cdDEO: Bandidos armados rendem clientes e funcion\u00e1rios em assalto a lot\u00e9rica em Natal\"}]},{\"@type\":\"WebSite\",\"@id\":\"https:\/\/deputadotaveirajr.com.br\/#website\",\"url\":\"https:\/\/deputadotaveirajr.com.br\/\",\"name\":\"Taveira Jr\",\"description\":\"Deputado Estadual\",\"publisher\":{\"@id\":\"https:\/\/deputadotaveirajr.com.br\/#organization\"},\"potentialAction\":[{\"@type\":\"SearchAction\",\"target\":{\"@type\":\"EntryPoint\",\"urlTemplate\":\"https:\/\/deputadotaveirajr.com.br\/?s={search_term_string}\"},\"query-input\":{\"@type\":\"PropertyValueSpecification\",\"valueRequired\":true,\"valueName\":\"search_term_string\"}}],\"inLanguage\":\"pt-BR\"},{\"@type\":\"Organization\",\"@id\":\"https:\/\/deputadotaveirajr.com.br\/#organization\",\"name\":\"Taveira Jr\",\"url\":\"https:\/\/deputadotaveirajr.com.br\/\",\"logo\":{\"@type\":\"ImageObject\",\"inLanguage\":\"pt-BR\",\"@id\":\"https:\/\/deputadotaveirajr.com.br\/#\/schema\/logo\/image\/\",\"url\":\"https:\/\/deputadotaveirajr.com.br\/wp-content\/uploads\/2026\/01\/logolow2a.png\",\"contentUrl\":\"https:\/\/deputadotaveirajr.com.br\/wp-content\/uploads\/2026\/01\/logolow2a.png\",\"width\":290,\"height\":80,\"caption\":\"Taveira Jr\"},\"image\":{\"@id\":\"https:\/\/deputadotaveirajr.com.br\/#\/schema\/logo\/image\/\"}}]}<\/script>\n<!-- \/ Yoast SEO plugin. -->","yoast_head_json":{"title":"V\u00cdDEO: Bandidos armados rendem clientes e funcion\u00e1rios em assalto a lot\u00e9rica em Natal - Taveira Jr","robots":{"index":"index","follow":"follow","max-snippet":"max-snippet:-1","max-image-preview":"max-image-preview:large","max-video-preview":"max-video-preview:-1"},"canonical":"https:\/\/deputadotaveirajr.com.br\/index.php\/video-bandidos-armados-rendem-clientes-e-funcionarios-em-assalto-a-loterica-em-natal\/","og_locale":"pt_BR","og_type":"article","og_title":"V\u00cdDEO: Bandidos armados rendem clientes e funcion\u00e1rios em assalto a lot\u00e9rica em Natal - Taveira Jr","og_description":"Crime aconteceu na tarde desta segunda-feira (4) no bairro das Rocas, em Natal. Clientes foram obrigados a deitar no ch\u00e3o durante a a\u00e7\u00e3o criminosa. Bandidos assaltaram lot\u00e9rica em Natal Bandidos ...","og_url":"https:\/\/deputadotaveirajr.com.br\/index.php\/video-bandidos-armados-rendem-clientes-e-funcionarios-em-assalto-a-loterica-em-natal\/","og_site_name":"Taveira Jr","twitter_card":"summary_large_image","twitter_misc":{"Est. tempo de leitura":"1 minuto"},"schema":{"@context":"https:\/\/schema.org","@graph":[{"@type":"WebPage","@id":"https:\/\/deputadotaveirajr.com.br\/index.php\/video-bandidos-armados-rendem-clientes-e-funcionarios-em-assalto-a-loterica-em-natal\/","url":"https:\/\/deputadotaveirajr.com.br\/index.php\/video-bandidos-armados-rendem-clientes-e-funcionarios-em-assalto-a-loterica-em-natal\/","name":"V\u00cdDEO: Bandidos armados rendem clientes e funcion\u00e1rios em assalto a lot\u00e9rica em Natal - Taveira Jr","isPartOf":{"@id":"https:\/\/deputadotaveirajr.com.br\/#website"},"datePublished":"2024-03-05T02:12:11+00:00","breadcrumb":{"@id":"https:\/\/deputadotaveirajr.com.br\/index.php\/video-bandidos-armados-rendem-clientes-e-funcionarios-em-assalto-a-loterica-em-natal\/#breadcrumb"},"inLanguage":"pt-BR","potentialAction":[{"@type":"ReadAction","target":["https:\/\/deputadotaveirajr.com.br\/index.php\/video-bandidos-armados-rendem-clientes-e-funcionarios-em-assalto-a-loterica-em-natal\/"]}]},{"@type":"BreadcrumbList","@id":"https:\/\/deputadotaveirajr.com.br\/index.php\/video-bandidos-armados-rendem-clientes-e-funcionarios-em-assalto-a-loterica-em-natal\/#breadcrumb","itemListElement":[{"@type":"ListItem","position":1,"name":"In\u00edcio","item":"https:\/\/deputadotaveirajr.com.br\/"},{"@type":"ListItem","position":2,"name":"V\u00cdDEO: Bandidos armados rendem clientes e funcion\u00e1rios em assalto a lot\u00e9rica em Natal"}]},{"@type":"WebSite","@id":"https:\/\/deputadotaveirajr.com.br\/#website","url":"https:\/\/deputadotaveirajr.com.br\/","name":"Taveira Jr","description":"Deputado Estadual","publisher":{"@id":"https:\/\/deputadotaveirajr.com.br\/#organization"},"potentialAction":[{"@type":"SearchAction","target":{"@type":"EntryPoint","urlTemplate":"https:\/\/deputadotaveirajr.com.br\/?s={search_term_string}"},"query-input":{"@type":"PropertyValueSpecification","valueRequired":true,"valueName":"search_term_string"}}],"inLanguage":"pt-BR"},{"@type":"Organization","@id":"https:\/\/deputadotaveirajr.com.br\/#organization","name":"Taveira Jr","url":"https:\/\/deputadotaveirajr.com.br\/","logo":{"@type":"ImageObject","inLanguage":"pt-BR","@id":"https:\/\/deputadotaveirajr.com.br\/#\/schema\/logo\/image\/","url":"https:\/\/deputadotaveirajr.com.br\/wp-content\/uploads\/2026\/01\/logolow2a.png","contentUrl":"https:\/\/deputadotaveirajr.com.br\/wp-content\/uploads\/2026\/01\/logolow2a.png","width":290,"height":80,"caption":"Taveira Jr"},"image":{"@id":"https:\/\/deputadotaveirajr.com.br\/#\/schema\/logo\/image\/"}}]}},"_links":{"self":[{"href":"https:\/\/deputadotaveirajr.com.br\/index.php\/wp-json\/wp\/v2\/pages\/3310","targetHints":{"allow":["GET"]}}],"collection":[{"href":"https:\/\/deputadotaveirajr.com.br\/index.php\/wp-json\/wp\/v2\/pages"}],"about":[{"href":"https:\/\/deputadotaveirajr.com.br\/index.php\/wp-json\/wp\/v2\/types\/page"}],"replies":[{"embeddable":true,"href":"https:\/\/deputadotaveirajr.com.br\/index.php\/wp-json\/wp\/v2\/comments?post=3310"}],"version-history":[{"count":1,"href":"https:\/\/deputadotaveirajr.com.br\/index.php\/wp-json\/wp\/v2\/pages\/3310\/revisions"}],"predecessor-version":[{"id":3313,"href":"https:\/\/deputadotaveirajr.com.br\/index.php\/wp-json\/wp\/v2\/pages\/3310\/revisions\/3313"}],"wp:attachment":[{"href":"https:\/\/deputadotaveirajr.com.br\/index.php\/wp-json\/wp\/v2\/media?parent=3310"}],"curies":[{"name":"wp","href":"https:\/\/api.w.org\/{rel}","templated":true}]}}