{"id":3344,"date":"2024-03-06T09:00:15","date_gmt":"2024-03-06T12:00:15","guid":{"rendered":"https:\/\/deputadotaveirajr.com.br\/?page_id=3344"},"modified":"2024-03-06T09:00:15","modified_gmt":"2024-03-06T12:00:15","slug":"especie-de-peixe-encontrada-em-fazenda-de-producao-de-camarao-no-rn-chega-a-pesar-ate-350-quilos-e-vive-mais-de-35-anos","status":"publish","type":"page","link":"https:\/\/deputadotaveirajr.com.br\/index.php\/especie-de-peixe-encontrada-em-fazenda-de-producao-de-camarao-no-rn-chega-a-pesar-ate-350-quilos-e-vive-mais-de-35-anos\/","title":{"rendered":"Esp\u00e9cie de peixe encontrada em fazenda de produ\u00e7\u00e3o de camar\u00e3o no RN chega a pesar at\u00e9 350 quilos e vive mais de 35 anos"},"content":{"rendered":"<p>     Bi\u00f3logo explicou que peixe da esp\u00e9cie Mero provavelmente estava em &#8216;situa\u00e7\u00e3o confort\u00e1vel&#8217;, se alimentado de camar\u00f5es e peixes menores. Animal achado em fazenda pesava cerca de 200 kg; falta de oxig\u00eanio pode ter sido causa da morte. Peixe de quase 200 quilos \u00e9 encontrado em fazenda de produ\u00e7\u00e3o de camar\u00e3o do RN<br \/>\nO peixe de 200 kg encontrado em uma fazenda de produ\u00e7\u00e3o de camar\u00e3o no interior do Rio Grande do Norte nesta ter\u00e7a-feira (5) estava no tamanho e peso esperados para a esp\u00e9cie dele, conhecida como Mero. Animais dessa esp\u00e9cie podem pesar at\u00e9 350 quilos e vivem, em m\u00e9dia, 37 anos.<br \/>\n&#8220;\u00c9 um animal que pode viver bastante. E que realmente fica muito grande. \u00c9 um peso normal e o tamanho dele \u00e9 o esperado. Essa esp\u00e9cie pode chegar a at\u00e9 350 quilos em alguns casos&#8221;, explicou o bi\u00f3logo Guilherme Longo, do Departamento de Oceanografia da Universidade Federal do Rio Grande do Norte (UFRN).<br \/>\nO peixe foi encontrado morto em um canal de abastecimento da fazenda, que fica na cidade de Pend\u00eancias. O animal estava na margem do canal, que leva \u00e1gua da mar\u00e9 para os viveiros de camar\u00e3o. O canal tem 23 km de extens\u00e3o e cerca de 8 metros de profundidade.<br \/>\nPeixe da esp\u00e9cie Mero encontrado em fazenda do RN<br \/>\nCedida<br \/>\nDe acordo com o bi\u00f3logo Guilherme Longo, o Mero \u00e9 um peixe marinho que usa mangues e estu\u00e1rios como ber\u00e7\u00e1rios, o que pode ter feito o animal ser levado at\u00e9 o tanque de camar\u00f5es.<br \/>\n&#8220;Quando s\u00e3o bem pequenininhos, eles v\u00e3o para dentro do mangue para crescer. Provavelmente nesse momento ele acabou entrando dentro do espa\u00e7o de cultivo [de camar\u00e3o], e, depois que encheram os tanques, n\u00e3o parou de trocar \u00e1gua e ele acabou ficando ali dentro mesmo&#8221;, explicou.<br \/>\nO bi\u00f3logo disse tamb\u00e9m que o animal provavelmente permaneceu em uma situa\u00e7\u00e3o confort\u00e1vel, se alimentando dos pr\u00f3prios camar\u00f5es ou de peixes menores.<br \/>\n&#8220;Como tinha comida, sempre tinha camar\u00e3o e peixe pra ele comer, ele foi ficando e crescendo&#8221;, refor\u00e7ou.<br \/>\nGuilherme Longo disse que, no ciclo normal de vida, os peixes da esp\u00e9cie Mero costumam voltar para o mar cerca de 5 ou 6 anos ap\u00f3s o per\u00edodo no estu\u00e1rio. O retorno ao mar \u00e9 para reprodu\u00e7\u00e3o e, nessa fase, eles j\u00e1 tem cerca de 1 metro de comprimento.<br \/>\nCausas da morte<br \/>\nO bi\u00f3logo explicou tamb\u00e9m que a falta de oxig\u00eanio \u00e9 uma das possibilidades que podem ter causado a morte do animal.<br \/>\n&#8220;Talvez em algum momento ele ficou grande demais e acabou morrendo, provavelmente, por essa quest\u00e3o de falta de oxig\u00eanio, j\u00e1 que camar\u00e3o geralmente \u00e9 criado em densidades muito altas. Ent\u00e3o, pode ter sido por alguma varia\u00e7\u00e3o de qualidade de \u00e1gua que ele acabou morrendo&#8221;, disse.<br \/>\nOutras possibilidades, no entanto, n\u00e3o s\u00e3o descartadas. &#8220;Ou ele tentou sair e acabou ficando preso em algum lugar, e acabou morrendo. N\u00e3o d\u00e1 pra saber&#8221;, considerou.<br \/>\nPeixe encontrado em fazenda<br \/>\nO peixe de cerca de 200 kg foi encontrado morto em um canal de abastecimento de uma fazenda de produ\u00e7\u00e3o de camar\u00e3o em Pend\u00eancias, regi\u00e3o Oeste potiguar, na manh\u00e3 de ter\u00e7a-feira (5).<br \/>\nSegundo o engenheiro de pesca da fazenda, \u00cdtalo Mendes, o canal onde o peixe estava tem cerca de 20 anos. &#8220;N\u00e3o temos como dizer quanto tempo ele passou aqui&#8221;, explicou.<br \/>\n &#8220;Existem outros peixes no canal, mas a gente nunca tinha visto um desse tamanho. Nunca tinha acontecido isso aqui&#8221;, refor\u00e7ou.<br \/>\nFuncion\u00e1rio de fazenda mostra tamanho do peixe encontrado na manh\u00e3 desta ter\u00e7a-feira (5) no interior do Rn<br \/>\nCedida<br \/>\nO canal da fazenda de carcinicultura, uma das maiores do pa\u00eds, conta com bombas no estu\u00e1rio &#8211; uma \u00e1rea atingida pela mar\u00e9 &#8211; que capta a \u00e1gua para produ\u00e7\u00e3o de camar\u00e3o.<br \/>\nSegundo o engenheiro, o peixe j\u00e1 estava em estado de decomposi\u00e7\u00e3o e foi enterrado.<br \/>\nVeja os v\u00eddeos mais assistidos no g1 RN<\/p>","protected":false},"excerpt":{"rendered":"<p>Bi\u00f3logo explicou que peixe da esp\u00e9cie Mero provavelmente estava em &#8216;situa\u00e7\u00e3o confort\u00e1vel&#8217;, se alimentado de camar\u00f5es e peixes menores. Animal achado em fazenda pesava cerca de 200 kg; falta de &#8230;<\/p>\n","protected":false},"author":0,"featured_media":0,"parent":0,"menu_order":0,"comment_status":"closed","ping_status":"closed","template":"","meta":{"footnotes":""},"class_list":["post-3344","page","type-page","status-publish","hentry"],"yoast_head":"<!-- This site is optimized with the Yoast SEO plugin v27.1.1 - https:\/\/yoast.com\/product\/yoast-seo-wordpress\/ -->\n<title>Esp\u00e9cie de peixe encontrada em fazenda de produ\u00e7\u00e3o de camar\u00e3o no RN chega a pesar at\u00e9 350 quilos e vive mais de 35 anos - Taveira Jr<\/title>\n<meta name=\"robots\" content=\"index, follow, max-snippet:-1, max-image-preview:large, max-video-preview:-1\" \/>\n<link rel=\"canonical\" href=\"https:\/\/deputadotaveirajr.com.br\/index.php\/especie-de-peixe-encontrada-em-fazenda-de-producao-de-camarao-no-rn-chega-a-pesar-ate-350-quilos-e-vive-mais-de-35-anos\/\" \/>\n<meta property=\"og:locale\" content=\"pt_BR\" \/>\n<meta property=\"og:type\" content=\"article\" \/>\n<meta property=\"og:title\" content=\"Esp\u00e9cie de peixe encontrada em fazenda de produ\u00e7\u00e3o de camar\u00e3o no RN chega a pesar at\u00e9 350 quilos e vive mais de 35 anos - Taveira Jr\" \/>\n<meta property=\"og:description\" content=\"Bi\u00f3logo explicou que peixe da esp\u00e9cie Mero provavelmente estava em &#8216;situa\u00e7\u00e3o confort\u00e1vel&#8217;, se alimentado de camar\u00f5es e peixes menores. Animal achado em fazenda pesava cerca de 200 kg; falta de ...\" \/>\n<meta property=\"og:url\" content=\"https:\/\/deputadotaveirajr.com.br\/index.php\/especie-de-peixe-encontrada-em-fazenda-de-producao-de-camarao-no-rn-chega-a-pesar-ate-350-quilos-e-vive-mais-de-35-anos\/\" \/>\n<meta property=\"og:site_name\" content=\"Taveira Jr\" \/>\n<meta name=\"twitter:card\" content=\"summary_large_image\" \/>\n<meta name=\"twitter:label1\" content=\"Est. tempo de leitura\" \/>\n\t<meta name=\"twitter:data1\" content=\"3 minutos\" \/>\n<script type=\"application\/ld+json\" class=\"yoast-schema-graph\">{\"@context\":\"https:\/\/schema.org\",\"@graph\":[{\"@type\":\"WebPage\",\"@id\":\"https:\/\/deputadotaveirajr.com.br\/index.php\/especie-de-peixe-encontrada-em-fazenda-de-producao-de-camarao-no-rn-chega-a-pesar-ate-350-quilos-e-vive-mais-de-35-anos\/\",\"url\":\"https:\/\/deputadotaveirajr.com.br\/index.php\/especie-de-peixe-encontrada-em-fazenda-de-producao-de-camarao-no-rn-chega-a-pesar-ate-350-quilos-e-vive-mais-de-35-anos\/\",\"name\":\"Esp\u00e9cie de peixe encontrada em fazenda de produ\u00e7\u00e3o de camar\u00e3o no RN chega a pesar at\u00e9 350 quilos e vive mais de 35 anos - Taveira Jr\",\"isPartOf\":{\"@id\":\"https:\/\/deputadotaveirajr.com.br\/#website\"},\"datePublished\":\"2024-03-06T12:00:15+00:00\",\"breadcrumb\":{\"@id\":\"https:\/\/deputadotaveirajr.com.br\/index.php\/especie-de-peixe-encontrada-em-fazenda-de-producao-de-camarao-no-rn-chega-a-pesar-ate-350-quilos-e-vive-mais-de-35-anos\/#breadcrumb\"},\"inLanguage\":\"pt-BR\",\"potentialAction\":[{\"@type\":\"ReadAction\",\"target\":[\"https:\/\/deputadotaveirajr.com.br\/index.php\/especie-de-peixe-encontrada-em-fazenda-de-producao-de-camarao-no-rn-chega-a-pesar-ate-350-quilos-e-vive-mais-de-35-anos\/\"]}]},{\"@type\":\"BreadcrumbList\",\"@id\":\"https:\/\/deputadotaveirajr.com.br\/index.php\/especie-de-peixe-encontrada-em-fazenda-de-producao-de-camarao-no-rn-chega-a-pesar-ate-350-quilos-e-vive-mais-de-35-anos\/#breadcrumb\",\"itemListElement\":[{\"@type\":\"ListItem\",\"position\":1,\"name\":\"In\u00edcio\",\"item\":\"https:\/\/deputadotaveirajr.com.br\/\"},{\"@type\":\"ListItem\",\"position\":2,\"name\":\"Esp\u00e9cie de peixe encontrada em fazenda de produ\u00e7\u00e3o de camar\u00e3o no RN chega a pesar at\u00e9 350 quilos e vive mais de 35 anos\"}]},{\"@type\":\"WebSite\",\"@id\":\"https:\/\/deputadotaveirajr.com.br\/#website\",\"url\":\"https:\/\/deputadotaveirajr.com.br\/\",\"name\":\"Taveira Jr\",\"description\":\"Deputado Estadual\",\"publisher\":{\"@id\":\"https:\/\/deputadotaveirajr.com.br\/#organization\"},\"potentialAction\":[{\"@type\":\"SearchAction\",\"target\":{\"@type\":\"EntryPoint\",\"urlTemplate\":\"https:\/\/deputadotaveirajr.com.br\/?s={search_term_string}\"},\"query-input\":{\"@type\":\"PropertyValueSpecification\",\"valueRequired\":true,\"valueName\":\"search_term_string\"}}],\"inLanguage\":\"pt-BR\"},{\"@type\":\"Organization\",\"@id\":\"https:\/\/deputadotaveirajr.com.br\/#organization\",\"name\":\"Taveira Jr\",\"url\":\"https:\/\/deputadotaveirajr.com.br\/\",\"logo\":{\"@type\":\"ImageObject\",\"inLanguage\":\"pt-BR\",\"@id\":\"https:\/\/deputadotaveirajr.com.br\/#\/schema\/logo\/image\/\",\"url\":\"https:\/\/deputadotaveirajr.com.br\/wp-content\/uploads\/2026\/01\/logolow2a.png\",\"contentUrl\":\"https:\/\/deputadotaveirajr.com.br\/wp-content\/uploads\/2026\/01\/logolow2a.png\",\"width\":290,\"height\":80,\"caption\":\"Taveira Jr\"},\"image\":{\"@id\":\"https:\/\/deputadotaveirajr.com.br\/#\/schema\/logo\/image\/\"}}]}<\/script>\n<!-- \/ Yoast SEO plugin. -->","yoast_head_json":{"title":"Esp\u00e9cie de peixe encontrada em fazenda de produ\u00e7\u00e3o de camar\u00e3o no RN chega a pesar at\u00e9 350 quilos e vive mais de 35 anos - Taveira Jr","robots":{"index":"index","follow":"follow","max-snippet":"max-snippet:-1","max-image-preview":"max-image-preview:large","max-video-preview":"max-video-preview:-1"},"canonical":"https:\/\/deputadotaveirajr.com.br\/index.php\/especie-de-peixe-encontrada-em-fazenda-de-producao-de-camarao-no-rn-chega-a-pesar-ate-350-quilos-e-vive-mais-de-35-anos\/","og_locale":"pt_BR","og_type":"article","og_title":"Esp\u00e9cie de peixe encontrada em fazenda de produ\u00e7\u00e3o de camar\u00e3o no RN chega a pesar at\u00e9 350 quilos e vive mais de 35 anos - Taveira Jr","og_description":"Bi\u00f3logo explicou que peixe da esp\u00e9cie Mero provavelmente estava em &#8216;situa\u00e7\u00e3o confort\u00e1vel&#8217;, se alimentado de camar\u00f5es e peixes menores. Animal achado em fazenda pesava cerca de 200 kg; falta de ...","og_url":"https:\/\/deputadotaveirajr.com.br\/index.php\/especie-de-peixe-encontrada-em-fazenda-de-producao-de-camarao-no-rn-chega-a-pesar-ate-350-quilos-e-vive-mais-de-35-anos\/","og_site_name":"Taveira Jr","twitter_card":"summary_large_image","twitter_misc":{"Est. tempo de leitura":"3 minutos"},"schema":{"@context":"https:\/\/schema.org","@graph":[{"@type":"WebPage","@id":"https:\/\/deputadotaveirajr.com.br\/index.php\/especie-de-peixe-encontrada-em-fazenda-de-producao-de-camarao-no-rn-chega-a-pesar-ate-350-quilos-e-vive-mais-de-35-anos\/","url":"https:\/\/deputadotaveirajr.com.br\/index.php\/especie-de-peixe-encontrada-em-fazenda-de-producao-de-camarao-no-rn-chega-a-pesar-ate-350-quilos-e-vive-mais-de-35-anos\/","name":"Esp\u00e9cie de peixe encontrada em fazenda de produ\u00e7\u00e3o de camar\u00e3o no RN chega a pesar at\u00e9 350 quilos e vive mais de 35 anos - Taveira Jr","isPartOf":{"@id":"https:\/\/deputadotaveirajr.com.br\/#website"},"datePublished":"2024-03-06T12:00:15+00:00","breadcrumb":{"@id":"https:\/\/deputadotaveirajr.com.br\/index.php\/especie-de-peixe-encontrada-em-fazenda-de-producao-de-camarao-no-rn-chega-a-pesar-ate-350-quilos-e-vive-mais-de-35-anos\/#breadcrumb"},"inLanguage":"pt-BR","potentialAction":[{"@type":"ReadAction","target":["https:\/\/deputadotaveirajr.com.br\/index.php\/especie-de-peixe-encontrada-em-fazenda-de-producao-de-camarao-no-rn-chega-a-pesar-ate-350-quilos-e-vive-mais-de-35-anos\/"]}]},{"@type":"BreadcrumbList","@id":"https:\/\/deputadotaveirajr.com.br\/index.php\/especie-de-peixe-encontrada-em-fazenda-de-producao-de-camarao-no-rn-chega-a-pesar-ate-350-quilos-e-vive-mais-de-35-anos\/#breadcrumb","itemListElement":[{"@type":"ListItem","position":1,"name":"In\u00edcio","item":"https:\/\/deputadotaveirajr.com.br\/"},{"@type":"ListItem","position":2,"name":"Esp\u00e9cie de peixe encontrada em fazenda de produ\u00e7\u00e3o de camar\u00e3o no RN chega a pesar at\u00e9 350 quilos e vive mais de 35 anos"}]},{"@type":"WebSite","@id":"https:\/\/deputadotaveirajr.com.br\/#website","url":"https:\/\/deputadotaveirajr.com.br\/","name":"Taveira Jr","description":"Deputado Estadual","publisher":{"@id":"https:\/\/deputadotaveirajr.com.br\/#organization"},"potentialAction":[{"@type":"SearchAction","target":{"@type":"EntryPoint","urlTemplate":"https:\/\/deputadotaveirajr.com.br\/?s={search_term_string}"},"query-input":{"@type":"PropertyValueSpecification","valueRequired":true,"valueName":"search_term_string"}}],"inLanguage":"pt-BR"},{"@type":"Organization","@id":"https:\/\/deputadotaveirajr.com.br\/#organization","name":"Taveira Jr","url":"https:\/\/deputadotaveirajr.com.br\/","logo":{"@type":"ImageObject","inLanguage":"pt-BR","@id":"https:\/\/deputadotaveirajr.com.br\/#\/schema\/logo\/image\/","url":"https:\/\/deputadotaveirajr.com.br\/wp-content\/uploads\/2026\/01\/logolow2a.png","contentUrl":"https:\/\/deputadotaveirajr.com.br\/wp-content\/uploads\/2026\/01\/logolow2a.png","width":290,"height":80,"caption":"Taveira Jr"},"image":{"@id":"https:\/\/deputadotaveirajr.com.br\/#\/schema\/logo\/image\/"}}]}},"_links":{"self":[{"href":"https:\/\/deputadotaveirajr.com.br\/index.php\/wp-json\/wp\/v2\/pages\/3344","targetHints":{"allow":["GET"]}}],"collection":[{"href":"https:\/\/deputadotaveirajr.com.br\/index.php\/wp-json\/wp\/v2\/pages"}],"about":[{"href":"https:\/\/deputadotaveirajr.com.br\/index.php\/wp-json\/wp\/v2\/types\/page"}],"replies":[{"embeddable":true,"href":"https:\/\/deputadotaveirajr.com.br\/index.php\/wp-json\/wp\/v2\/comments?post=3344"}],"version-history":[{"count":1,"href":"https:\/\/deputadotaveirajr.com.br\/index.php\/wp-json\/wp\/v2\/pages\/3344\/revisions"}],"predecessor-version":[{"id":3348,"href":"https:\/\/deputadotaveirajr.com.br\/index.php\/wp-json\/wp\/v2\/pages\/3344\/revisions\/3348"}],"wp:attachment":[{"href":"https:\/\/deputadotaveirajr.com.br\/index.php\/wp-json\/wp\/v2\/media?parent=3344"}],"curies":[{"name":"wp","href":"https:\/\/api.w.org\/{rel}","templated":true}]}}