{"id":3372,"date":"2024-03-07T11:35:43","date_gmt":"2024-03-07T14:35:43","guid":{"rendered":"https:\/\/deputadotaveirajr.com.br\/?page_id=3372"},"modified":"2024-03-07T11:35:43","modified_gmt":"2024-03-07T14:35:43","slug":"fuga-de-mossoro-ja-dura-mais-tempo-do-que-a-cacada-a-lazaro-barbosa-relembre-outras-buscas","status":"publish","type":"page","link":"https:\/\/deputadotaveirajr.com.br\/index.php\/fuga-de-mossoro-ja-dura-mais-tempo-do-que-a-cacada-a-lazaro-barbosa-relembre-outras-buscas\/","title":{"rendered":"Fuga de Mossor\u00f3 j\u00e1 dura mais tempo do que a ca\u00e7ada a L\u00e1zaro Barbosa; relembre outras buscas"},"content":{"rendered":"<p>     Al\u00e9m de fugas de pres\u00eddio, alguns procurados pela Justi\u00e7a ficaram semanas, meses e at\u00e9 anos fugindo da pol\u00edcia antes de serem capturados. L\u00e1zaro Barbosa, Paulo Cupertino e Danilo Cavalcante.<br \/>\nReprodu\u00e7\u00e3o<br \/>\nA busca pelos fugitivos da Penitenci\u00e1ria Federal de Mossor\u00f3 (RN) chegou nesta quinta-feira (7) ao 23\u00ba dia sem pistas concretas do paradeiro de Rog\u00e9rio da Silva Mendon\u00e7a e Deibson Cabral Nascimento. A fuga passa &#8211; em n\u00famero de dias de buscas &#8211; a do assassino em s\u00e9rie L\u00e1zaro Barbosa, em junho de 2021, em Goi\u00e1s.<br \/>\nEm comum, as opera\u00e7\u00f5es nos dois casos contaram com for\u00e7as-tarefa com muitas equipes e, tamb\u00e9m, com a ousadia dos fugitivos.<br \/>\n\ud83d\udcf3Participe do canal do g1 RN no WhatsApp e receba no seu celular as not\u00edcias do estado<br \/>\nLEIA TAMB\u00c9M:<br \/>\nVeja o que se sabe e o que falta esclarecer sobre a fuga<br \/>\nRelembre algumas das fugas duraram mais tempo at\u00e9 serem conclu\u00eddas:<br \/>\nInitial plugin text<br \/>\n\ud83e\uddf6 Relembre os casos:<br \/>\n\ud83d\udea8 L\u00e1zaro Barbosa (2021)<br \/>\nFotos de L\u00e1zaro Barbosa divulgadas pela Pol\u00edcia Civil<br \/>\nMontagem G1<br \/>\n\ud83d\uddd3\ufe0f Tempo de fuga: 20 dias<br \/>\n\ud83d\ude94 Motivo:  procurado por assassinatos em s\u00e9rie<br \/>\nO assassino em s\u00e9rie L\u00e1zaro Barbosa foi respons\u00e1vel por uma das mais emblem\u00e1ticas buscas a criminosos em territ\u00f3rio brasileiro. Ele tinha 32 anos e, segundo as investiga\u00e7\u00f5es, matou quatro pessoas de uma fam\u00edlia em Ceil\u00e2ndia no dia 9 de junho de 2021. Ele fugiu para Cocalzinho de Goi\u00e1s em um carro roubado e passou a se esconder na mata.<br \/>\nA pol\u00edcia divulgou que o fugitivo era suspeito de mais de 30 crimes em Goi\u00e1s, Bahia e Distrito Federal. Entre eles estavam homic\u00eddio, estupro e roubo.<br \/>\nAs buscas por L\u00e1zaro contou com uma for\u00e7a-tarefa com mais de 270 agentes.<br \/>\nDurante as buscas a L\u00e1zaro, policiais chegaram a trocar tiros com ele. Uma fam\u00edlia foi feita ref\u00e9m e resgatada da mata sem ferimentos. No 20\u00ba dia, ap\u00f3s uma longa opera\u00e7\u00e3o, ele entrou novamente em confronto com policiais em \u00c1guas Lindas de Goi\u00e1s e morreu ap\u00f3s ser baleado.<br \/>\nInitial plugin text<br \/>\nPol\u00edcia lembra como foi persegui\u00e7\u00e3o a L\u00e1zaro Barbosa<br \/>\n\ud83d\udea8Danilo Cavalcante (2023)<br \/>\nO brasileiro Danilo Cavalcante, que ficou duas semanas foragido nos EUA<br \/>\nMatt Rourke\/AP<br \/>\n\ud83d\uddd3\ufe0f Tempo de fuga: 14 dias<br \/>\n\ud83d\ude94 Motivo: fuga da pris\u00e3o<br \/>\nCondenado a pris\u00e3o perp\u00e9tua nos Estados Unidos, o brasileiro Danilo Cavalcante fugiu de uma penitenci\u00e1ria na Pensilv\u00e2nia e deixou os moradores da regi\u00e3o em p\u00e2nico. Preso por matar a ex-namorada, Danilo escalou as paredes da pris\u00e3o para fugir.<br \/>\nA captura ocorreu no 14\u00ba dia das buscas ap\u00f3s uma megaopera\u00e7\u00e3o que envolveu 500 policiais, a participa\u00e7\u00e3o do FBI e o fechamento de escolas e parques. Mesmo assim, Cavalcante conseguiu caminhar por 38 quil\u00f4metros, roubar uma van e um rifle e trocar tiros com um morador (leia mais detalhes abaixo).<br \/>\nBrasileiro preso nos EUA: veja cronologia da fuga at\u00e9 a pris\u00e3o de Danilo Cavalcante<br \/>\nInitial plugin text<br \/>\n\ud83d\udea8 Paulo Cupertino (2019-2022)<br \/>\nPaulo Cupertino foi preso em SP ap\u00f3s ficar quase 3 anos foragido<br \/>\nReprodu\u00e7\u00e3o<br \/>\n\ud83d\uddd3\ufe0f Tempo de fuga: 1.072 dias<br \/>\n\ud83d\ude94 Motivo:  investiga\u00e7\u00e3o de triplo homic\u00eddio<br \/>\nO ator Rafael Henrique Miguel, de 22 anos, e seus pais foram assassinados a tiros em S\u00e3o Paulo. O Minist\u00e9rio P\u00fablico apontou como atirador o comerciante Paulo Cupertino Matias, pai da namorada do jovem.<br \/>\nRafael interpretou o personagem Pa\u00e7oca na novela &#8220;Chiquititas&#8221; e atuou em um famoso comercial em que uma crian\u00e7a pede br\u00f3colis \u00e0 m\u00e3e. Ele tamb\u00e9m atuou em novelas como \u201cP\u00e9 na Jaca\u201d, \u201cCama de Gato\u201d e o especial de fim de ano \u201cO Natal do menino imperador\u201d.<br \/>\nCupertino ficou quase tr\u00eas anos foragido e se tornou o n\u00famero 1 na lista de criminosos mais perigosos de SP.<br \/>\nSegundo a investiga\u00e7\u00e3o, ele usou nomes falsos, passou por mais de 300 endere\u00e7os no Brasil, no Paraguai e na Argentina at\u00e9 ser detido em um hotel em Interlagos, na Zona Sul da capital paulista.<br \/>\nAl\u00e9m de ocultar seu rosto com chap\u00e9u e m\u00e1scaras, o empres\u00e1rio tinha outra t\u00e9cnica para evitar ser reconhecido: nunca olhava para as c\u00e2meras do hotel. No quarto, policiais encontraram, al\u00e9m de roupas, uma bengala, tr\u00eas chap\u00e9us, lentes de contato azuis e uma Carteira Nacional de Habilita\u00e7\u00e3o (CNH) falsificada.<br \/>\nC\u00e2meras registram momento em que Paulo Cupertino foi preso<br \/>\nInitial plugin text<br \/>\n\ud83d\udea8Roger Abdelmassih  (2011-2014)<br \/>\nAp\u00f3s ser preso, Roger Abdelmassih faz foto de identifica\u00e7\u00e3o no Paraguai<br \/>\nDivulga\u00e7\u00e3o\/Senad<br \/>\n\ud83d\uddd3\ufe0f Tempo de fuga: 1.157 dias<br \/>\n\ud83d\ude94 Motivo: investiga\u00e7\u00e3o por estupro e atentado violento ao pudor<br \/>\nO ex-m\u00e9dico Roger Abdelmassih foi preso em agosto de 2014 na cidade de Assun\u00e7\u00e3o, no Paraguai, ap\u00f3s n\u00e3o se apresentar \u00e0 pol\u00edcia em 2011. Ele foi condenado em 2010 a 278 anos de reclus\u00e3o por estupro e atentado violento ao pudor contra 37 v\u00edtimas. Ap\u00f3s ter um habeas corpus revogado, ele tentou renovar o passaporte, o que sugeria a fuga.<br \/>\nDepois da condena\u00e7\u00e3o e da fuga, passou a ser um dos criminosos mais procurados pela Pol\u00edcia Civil do estado de S\u00e3o Paulo. A recompensa por informa\u00e7\u00f5es sobre seu paradeiro era de R$ 10 mil.<br \/>\nEle foi preso por agentes ligados \u00e0 Secretaria Nacional de Antidrogas do governo paraguaio com apoio da Pol\u00edcia Federal brasileira.<br \/>\nVeja detalhes da investiga\u00e7\u00e3o que levou \u00e0 pris\u00e3o de Roger Abdelmassih<br \/>\nInitial plugin text<br \/>\n\ud83d\udea8  Leonardo Rodrigues Pareja (1995)<br \/>\nLeonardo Pareja durante rebeli\u00e3o no antigo Cepaigo, em Aparecida de Goi\u00e2nia, Goi\u00e1s<br \/>\nLorisvaldo de Paula\/O Popular<br \/>\n\ud83d\uddd3\ufe0f Tempo de fuga: 39 dias<br \/>\n\ud83d\ude94 Motivo: sequestro de adolescente<br \/>\nEm 1995, Leonardo Rodrigues Pareja, aos 21 anos, assaltou um hotel na Bahia e fez uma adolescente ref\u00e9m durante tr\u00eas dias.  A v\u00edtima tinha 16 anos e era sobrinha do ent\u00e3o senador Ant\u00f4nio Carlos Magalh\u00e3es. Ap\u00f3s libertar a garota, ele passou mais de um m\u00eas fugindo.<br \/>\nDepois de percorrer tr\u00eas estados, se entregou em Goi\u00e1s, mas n\u00e3o ficou longe dos holofotes:<br \/>\nj\u00e1 preso, o criminoso comandou uma rebeli\u00e3o que durou seis dias;<br \/>\nna rebeli\u00e3o, Leonardo fugiu e levou seis ref\u00e9ns;<br \/>\ndurante a fuga, ele parou em um bar, deu aut\u00f3grafos e comprou cigarros e bebidas;<br \/>\nfoi recapturado um dia depois.<br \/>\nPareja foi morto na cadeia em 1996 ap\u00f3s informar \u00e0 dire\u00e7\u00e3o da unidade sobre um plano de fuga de alguns presos.<br \/>\nBDG relembra cobertura da fuga, captura e morte de Leonardo Pareja<br \/>\nJusti\u00e7a de Goi\u00e1s condena cinco r\u00e9us pela morte de Leonardo Pareja<br \/>\n\ud83d\udea8  Jorgina de Freitas (1992-1997)<br \/>\nJorgina de Freitas<br \/>\nReprodu\u00e7\u00e3o\/Arquivo\/Globo<br \/>\n\ud83d\uddd3\ufe0f Tempo de fuga: aproximadamente 1.970 dias<br \/>\n\ud83d\ude94 Motivo: fraude na Previd\u00eancia Social<br \/>\nA advogada e procuradora Jorgina de Freitas  foi respons\u00e1vel, nos anos 1990, pela maior fraude contra a Previd\u00eancia Social ocorrida no Brasil. Condenada em julho de 1992 a 14 anos de pris\u00e3o, em regime inicialmente fechado, ficou foragida at\u00e9 1997, quando foi encontrada na Costa Rica e extraditada no ano seguinte.<br \/>\nO esquema de desvio de verbas de aposentadorias foi estimado US$ 500 milh\u00f5es, segundo a Procuradoria-Geral do Instituto Nacional do Seguro Social (INSS). Posteriormente, a Advocacia-Geral da Uni\u00e3o afirmou que a fraude foi da ordem de aproximadamente R$ 2 bilh\u00f5es.<br \/>\nO esquema ficou conhecido como o \u201cesc\u00e2ndalo da previd\u00eancia\u201d. A advogada foi presa em fevereiro de 1998 no Brasil e, em 2001 perdeu o direito \u00e0 pris\u00e3o especial com a cassa\u00e7\u00e3o do registro da OAB. Foi transferida para uma cela com outras detentas no pres\u00eddio Nelson Hungria, no Complexo Frei Caneca, tamb\u00e9m no Rio.<br \/>\nEm junho de 2010, uma senten\u00e7a declarou extinta a pena. O alvar\u00e1 de soltura foi expedido no mesmo m\u00eas e Jorgina conseguiu a liberdade. Ela morreu em 2022 ap\u00f3s ser internada por causa de um acidente de carro ocorrido em 2021.<br \/>\nJorgina de Freitas morre no Rio; veja quem ela era<br \/>\nInitial plugin text<br \/>\n\ud83d\udea8 Paulo C\u00e9sar Farias (1993)<br \/>\nO empres\u00e1rio Paulo Cesar Farias, o &#8220;PC Farias&#8221;, fala ao telefone em Bras\u00edlia em foto de junho de 1995.<br \/>\nDida Sampaio\/AE<br \/>\n\ud83d\uddd3\ufe0f Tempo de fuga: 133 dias<br \/>\n\ud83d\ude94 Motivo: investiga\u00e7\u00e3o por sonega\u00e7\u00e3o fiscal e falsidade ideol\u00f3gica<br \/>\nPaulo C\u00e9sar Farias, tesoureiro da campanha de Fernando Collor de Mello, foi indiciado em 41 inqu\u00e9ritos criminais e teve sua pris\u00e3o decretada em 31 de junho de 1993, meses depois do impeachment do presidente. Acusado de ter montado uma rede de tr\u00e1fico de influ\u00eancias e corrup\u00e7\u00e3o no governo federal, PC Farias negou seu envolvimento e fugiu do Brasil.<br \/>\nAp\u00f3s ter a pris\u00e3o decretada, Paulo C\u00e9sar Farias deixou o Brasil em julho de 1993 em um bimotor paraguaio pilotado por Jorge Bandeira, s\u00f3cio de PC Farias. Ap\u00f3s diversas escalas, desembarcou em Buenos Aires, de onde, dias depois, seguiu para um destino desconhecido.<br \/>\nO tesoureiro da campanha de Fernando Collor s\u00f3 seria localizado ap\u00f3s 130 dias, em Londres. No dia seguinte \u00e0 exibi\u00e7\u00e3o da mat\u00e9ria no Jornal Nacional noticiando o paradeiro de PC Farias, o governo brasileiro pediu sua extradi\u00e7\u00e3o. A pol\u00edcia londrina tentou, ent\u00e3o, capturar PC Farias, mas n\u00e3o conseguiu encontr\u00e1-lo. Ele tinha fugido para a Tail\u00e2ndia e foi preso no pa\u00eds asi\u00e1tico em 29 de novembro.<br \/>\nJulgado, foi condenado a quatro anos de pris\u00e3o por sonega\u00e7\u00e3o fiscal e a sete por falsidade ideol\u00f3gica. Cumpriu um ter\u00e7o da pena e, em 28 de dezembro de 1995, recebeu liberdade condicional. Em 1996, PC Farias foi assassinado. Seu corpo foi encontrado ao lado do da namorada, Susana Marcolino, em sua casa de praia, em Macei\u00f3.<br \/>\nMEM\u00d3RIA GLOBO: O assassinato de PC Farias<br \/>\nOs 20 anos do misterioso assassinato de PC Farias<br \/>\nLEIA TAMB\u00c9M:<br \/>\nFugitivos de Mossor\u00f3: foco de buscas se intensifica a 1 km dentro do cerco em \u00e1rea rural<br \/>\nVeja o que se sabe e o que falta esclarecer sobre a fuga<\/p>","protected":false},"excerpt":{"rendered":"<p>Al\u00e9m de fugas de pres\u00eddio, alguns procurados pela Justi\u00e7a ficaram semanas, meses e at\u00e9 anos fugindo da pol\u00edcia antes de serem capturados. L\u00e1zaro Barbosa, Paulo Cupertino e Danilo Cavalcante. Reprodu\u00e7\u00e3o &#8230;<\/p>\n","protected":false},"author":0,"featured_media":0,"parent":0,"menu_order":0,"comment_status":"closed","ping_status":"closed","template":"","meta":{"footnotes":""},"class_list":["post-3372","page","type-page","status-publish","hentry"],"yoast_head":"<!-- This site is optimized with the Yoast SEO plugin v27.1.1 - https:\/\/yoast.com\/product\/yoast-seo-wordpress\/ -->\n<title>Fuga de Mossor\u00f3 j\u00e1 dura mais tempo do que a ca\u00e7ada a L\u00e1zaro Barbosa; relembre outras buscas - Taveira Jr<\/title>\n<meta name=\"robots\" content=\"index, follow, max-snippet:-1, max-image-preview:large, max-video-preview:-1\" \/>\n<link rel=\"canonical\" href=\"https:\/\/deputadotaveirajr.com.br\/index.php\/fuga-de-mossoro-ja-dura-mais-tempo-do-que-a-cacada-a-lazaro-barbosa-relembre-outras-buscas\/\" \/>\n<meta property=\"og:locale\" content=\"pt_BR\" \/>\n<meta property=\"og:type\" content=\"article\" \/>\n<meta property=\"og:title\" content=\"Fuga de Mossor\u00f3 j\u00e1 dura mais tempo do que a ca\u00e7ada a L\u00e1zaro Barbosa; relembre outras buscas - Taveira Jr\" \/>\n<meta property=\"og:description\" content=\"Al\u00e9m de fugas de pres\u00eddio, alguns procurados pela Justi\u00e7a ficaram semanas, meses e at\u00e9 anos fugindo da pol\u00edcia antes de serem capturados. L\u00e1zaro Barbosa, Paulo Cupertino e Danilo Cavalcante. Reprodu\u00e7\u00e3o ...\" \/>\n<meta property=\"og:url\" content=\"https:\/\/deputadotaveirajr.com.br\/index.php\/fuga-de-mossoro-ja-dura-mais-tempo-do-que-a-cacada-a-lazaro-barbosa-relembre-outras-buscas\/\" \/>\n<meta property=\"og:site_name\" content=\"Taveira Jr\" \/>\n<meta name=\"twitter:card\" content=\"summary_large_image\" \/>\n<meta name=\"twitter:label1\" content=\"Est. tempo de leitura\" \/>\n\t<meta name=\"twitter:data1\" content=\"8 minutos\" \/>\n<script type=\"application\/ld+json\" class=\"yoast-schema-graph\">{\"@context\":\"https:\/\/schema.org\",\"@graph\":[{\"@type\":\"WebPage\",\"@id\":\"https:\/\/deputadotaveirajr.com.br\/index.php\/fuga-de-mossoro-ja-dura-mais-tempo-do-que-a-cacada-a-lazaro-barbosa-relembre-outras-buscas\/\",\"url\":\"https:\/\/deputadotaveirajr.com.br\/index.php\/fuga-de-mossoro-ja-dura-mais-tempo-do-que-a-cacada-a-lazaro-barbosa-relembre-outras-buscas\/\",\"name\":\"Fuga de Mossor\u00f3 j\u00e1 dura mais tempo do que a ca\u00e7ada a L\u00e1zaro Barbosa; relembre outras buscas - Taveira Jr\",\"isPartOf\":{\"@id\":\"https:\/\/deputadotaveirajr.com.br\/#website\"},\"datePublished\":\"2024-03-07T14:35:43+00:00\",\"breadcrumb\":{\"@id\":\"https:\/\/deputadotaveirajr.com.br\/index.php\/fuga-de-mossoro-ja-dura-mais-tempo-do-que-a-cacada-a-lazaro-barbosa-relembre-outras-buscas\/#breadcrumb\"},\"inLanguage\":\"pt-BR\",\"potentialAction\":[{\"@type\":\"ReadAction\",\"target\":[\"https:\/\/deputadotaveirajr.com.br\/index.php\/fuga-de-mossoro-ja-dura-mais-tempo-do-que-a-cacada-a-lazaro-barbosa-relembre-outras-buscas\/\"]}]},{\"@type\":\"BreadcrumbList\",\"@id\":\"https:\/\/deputadotaveirajr.com.br\/index.php\/fuga-de-mossoro-ja-dura-mais-tempo-do-que-a-cacada-a-lazaro-barbosa-relembre-outras-buscas\/#breadcrumb\",\"itemListElement\":[{\"@type\":\"ListItem\",\"position\":1,\"name\":\"In\u00edcio\",\"item\":\"https:\/\/deputadotaveirajr.com.br\/\"},{\"@type\":\"ListItem\",\"position\":2,\"name\":\"Fuga de Mossor\u00f3 j\u00e1 dura mais tempo do que a ca\u00e7ada a L\u00e1zaro Barbosa; relembre outras buscas\"}]},{\"@type\":\"WebSite\",\"@id\":\"https:\/\/deputadotaveirajr.com.br\/#website\",\"url\":\"https:\/\/deputadotaveirajr.com.br\/\",\"name\":\"Taveira Jr\",\"description\":\"Deputado Estadual\",\"publisher\":{\"@id\":\"https:\/\/deputadotaveirajr.com.br\/#organization\"},\"potentialAction\":[{\"@type\":\"SearchAction\",\"target\":{\"@type\":\"EntryPoint\",\"urlTemplate\":\"https:\/\/deputadotaveirajr.com.br\/?s={search_term_string}\"},\"query-input\":{\"@type\":\"PropertyValueSpecification\",\"valueRequired\":true,\"valueName\":\"search_term_string\"}}],\"inLanguage\":\"pt-BR\"},{\"@type\":\"Organization\",\"@id\":\"https:\/\/deputadotaveirajr.com.br\/#organization\",\"name\":\"Taveira Jr\",\"url\":\"https:\/\/deputadotaveirajr.com.br\/\",\"logo\":{\"@type\":\"ImageObject\",\"inLanguage\":\"pt-BR\",\"@id\":\"https:\/\/deputadotaveirajr.com.br\/#\/schema\/logo\/image\/\",\"url\":\"https:\/\/deputadotaveirajr.com.br\/wp-content\/uploads\/2026\/01\/logolow2a.png\",\"contentUrl\":\"https:\/\/deputadotaveirajr.com.br\/wp-content\/uploads\/2026\/01\/logolow2a.png\",\"width\":290,\"height\":80,\"caption\":\"Taveira Jr\"},\"image\":{\"@id\":\"https:\/\/deputadotaveirajr.com.br\/#\/schema\/logo\/image\/\"}}]}<\/script>\n<!-- \/ Yoast SEO plugin. -->","yoast_head_json":{"title":"Fuga de Mossor\u00f3 j\u00e1 dura mais tempo do que a ca\u00e7ada a L\u00e1zaro Barbosa; relembre outras buscas - Taveira Jr","robots":{"index":"index","follow":"follow","max-snippet":"max-snippet:-1","max-image-preview":"max-image-preview:large","max-video-preview":"max-video-preview:-1"},"canonical":"https:\/\/deputadotaveirajr.com.br\/index.php\/fuga-de-mossoro-ja-dura-mais-tempo-do-que-a-cacada-a-lazaro-barbosa-relembre-outras-buscas\/","og_locale":"pt_BR","og_type":"article","og_title":"Fuga de Mossor\u00f3 j\u00e1 dura mais tempo do que a ca\u00e7ada a L\u00e1zaro Barbosa; relembre outras buscas - Taveira Jr","og_description":"Al\u00e9m de fugas de pres\u00eddio, alguns procurados pela Justi\u00e7a ficaram semanas, meses e at\u00e9 anos fugindo da pol\u00edcia antes de serem capturados. L\u00e1zaro Barbosa, Paulo Cupertino e Danilo Cavalcante. Reprodu\u00e7\u00e3o ...","og_url":"https:\/\/deputadotaveirajr.com.br\/index.php\/fuga-de-mossoro-ja-dura-mais-tempo-do-que-a-cacada-a-lazaro-barbosa-relembre-outras-buscas\/","og_site_name":"Taveira Jr","twitter_card":"summary_large_image","twitter_misc":{"Est. tempo de leitura":"8 minutos"},"schema":{"@context":"https:\/\/schema.org","@graph":[{"@type":"WebPage","@id":"https:\/\/deputadotaveirajr.com.br\/index.php\/fuga-de-mossoro-ja-dura-mais-tempo-do-que-a-cacada-a-lazaro-barbosa-relembre-outras-buscas\/","url":"https:\/\/deputadotaveirajr.com.br\/index.php\/fuga-de-mossoro-ja-dura-mais-tempo-do-que-a-cacada-a-lazaro-barbosa-relembre-outras-buscas\/","name":"Fuga de Mossor\u00f3 j\u00e1 dura mais tempo do que a ca\u00e7ada a L\u00e1zaro Barbosa; relembre outras buscas - Taveira Jr","isPartOf":{"@id":"https:\/\/deputadotaveirajr.com.br\/#website"},"datePublished":"2024-03-07T14:35:43+00:00","breadcrumb":{"@id":"https:\/\/deputadotaveirajr.com.br\/index.php\/fuga-de-mossoro-ja-dura-mais-tempo-do-que-a-cacada-a-lazaro-barbosa-relembre-outras-buscas\/#breadcrumb"},"inLanguage":"pt-BR","potentialAction":[{"@type":"ReadAction","target":["https:\/\/deputadotaveirajr.com.br\/index.php\/fuga-de-mossoro-ja-dura-mais-tempo-do-que-a-cacada-a-lazaro-barbosa-relembre-outras-buscas\/"]}]},{"@type":"BreadcrumbList","@id":"https:\/\/deputadotaveirajr.com.br\/index.php\/fuga-de-mossoro-ja-dura-mais-tempo-do-que-a-cacada-a-lazaro-barbosa-relembre-outras-buscas\/#breadcrumb","itemListElement":[{"@type":"ListItem","position":1,"name":"In\u00edcio","item":"https:\/\/deputadotaveirajr.com.br\/"},{"@type":"ListItem","position":2,"name":"Fuga de Mossor\u00f3 j\u00e1 dura mais tempo do que a ca\u00e7ada a L\u00e1zaro Barbosa; relembre outras buscas"}]},{"@type":"WebSite","@id":"https:\/\/deputadotaveirajr.com.br\/#website","url":"https:\/\/deputadotaveirajr.com.br\/","name":"Taveira Jr","description":"Deputado Estadual","publisher":{"@id":"https:\/\/deputadotaveirajr.com.br\/#organization"},"potentialAction":[{"@type":"SearchAction","target":{"@type":"EntryPoint","urlTemplate":"https:\/\/deputadotaveirajr.com.br\/?s={search_term_string}"},"query-input":{"@type":"PropertyValueSpecification","valueRequired":true,"valueName":"search_term_string"}}],"inLanguage":"pt-BR"},{"@type":"Organization","@id":"https:\/\/deputadotaveirajr.com.br\/#organization","name":"Taveira Jr","url":"https:\/\/deputadotaveirajr.com.br\/","logo":{"@type":"ImageObject","inLanguage":"pt-BR","@id":"https:\/\/deputadotaveirajr.com.br\/#\/schema\/logo\/image\/","url":"https:\/\/deputadotaveirajr.com.br\/wp-content\/uploads\/2026\/01\/logolow2a.png","contentUrl":"https:\/\/deputadotaveirajr.com.br\/wp-content\/uploads\/2026\/01\/logolow2a.png","width":290,"height":80,"caption":"Taveira Jr"},"image":{"@id":"https:\/\/deputadotaveirajr.com.br\/#\/schema\/logo\/image\/"}}]}},"_links":{"self":[{"href":"https:\/\/deputadotaveirajr.com.br\/index.php\/wp-json\/wp\/v2\/pages\/3372","targetHints":{"allow":["GET"]}}],"collection":[{"href":"https:\/\/deputadotaveirajr.com.br\/index.php\/wp-json\/wp\/v2\/pages"}],"about":[{"href":"https:\/\/deputadotaveirajr.com.br\/index.php\/wp-json\/wp\/v2\/types\/page"}],"replies":[{"embeddable":true,"href":"https:\/\/deputadotaveirajr.com.br\/index.php\/wp-json\/wp\/v2\/comments?post=3372"}],"version-history":[{"count":1,"href":"https:\/\/deputadotaveirajr.com.br\/index.php\/wp-json\/wp\/v2\/pages\/3372\/revisions"}],"predecessor-version":[{"id":3378,"href":"https:\/\/deputadotaveirajr.com.br\/index.php\/wp-json\/wp\/v2\/pages\/3372\/revisions\/3378"}],"wp:attachment":[{"href":"https:\/\/deputadotaveirajr.com.br\/index.php\/wp-json\/wp\/v2\/media?parent=3372"}],"curies":[{"name":"wp","href":"https:\/\/api.w.org\/{rel}","templated":true}]}}