{"id":3383,"date":"2024-03-07T19:40:19","date_gmt":"2024-03-07T22:40:19","guid":{"rendered":"https:\/\/deputadotaveirajr.com.br\/?page_id=3383"},"modified":"2024-03-07T19:40:19","modified_gmt":"2024-03-07T22:40:19","slug":"tce-nega-recurso-do-governo-do-rn-e-mantem-prazo-sobre-aposentadoria-de-servidores-publicos-nao-concursados-ate-abril","status":"publish","type":"page","link":"https:\/\/deputadotaveirajr.com.br\/index.php\/tce-nega-recurso-do-governo-do-rn-e-mantem-prazo-sobre-aposentadoria-de-servidores-publicos-nao-concursados-ate-abril\/","title":{"rendered":"TCE nega recurso do governo do RN e mant\u00e9m prazo sobre aposentadoria de servidores p\u00fablicos n\u00e3o concursados at\u00e9 abril"},"content":{"rendered":"<p>     Decis\u00e3o \u00e9 referente \u00e0queles servidores contratados que tiveram estabilidade garantida ap\u00f3s a Constitui\u00e7\u00e3o de 1988. Decis\u00e3o refor\u00e7a que n\u00e3o obrigou a servidores a se aposentarem.  TCE\/RN divulgou lista de gestores com contas reprovadas nesta ter\u00e7a (5)<br \/>\nKl\u00e9ber Teixeira\/ Inter TV Cabugi<br \/>\nO Tribunal de Contas do Estado (TCE-RN) negou, em julgamento nesta quinta-feira (7), o recurso do governo do Rio Grande do Norte e manteve o entendimento sobre a ado\u00e7\u00e3o do dia 25 de abril como data-limite para que servidores n\u00e3o concursados se aposentem nas previd\u00eancias pr\u00f3prias do Estado.<br \/>\nA Corte de Contas refor\u00e7ou no julgamento que o prazo est\u00e1 em conson\u00e2ncia com a jurisprud\u00eancia do Supremo Tribunal Federal (STF). A decis\u00e3o dos conselheiros na sess\u00e3o foi un\u00e2nime.<br \/>\nA decis\u00e3o \u00e9 para aqueles servidores contratados que tiveram a estabilidade garantida ap\u00f3s a Constitui\u00e7\u00e3o de 1988.<br \/>\nNesta semana, o ministro Nunes Marques, do STF, tamb\u00e9m negou recurso do governo do RN e manteve o prazo para aposentadoria at\u00e9 25 de abril. O governo do RN recorreu novamente.<br \/>\nEm janeiro deste ano, o TCE indicou que os servidores contratados sem concurso p\u00fablico que quiserem resguardar as situa\u00e7\u00f5es funcionais e previdenci\u00e1rias no RN devem se aposentar at\u00e9 25 de abril. Caso contr\u00e1rio, esses trabalhadores dever\u00e3o se aposentar pelo INSS.<br \/>\nAl\u00e9m do recurso do governo do RN, foram negados no pleno do TCE nesta quinta recursos semelhantes apresentados pelo Fundo de Previd\u00eancia Social do Munic\u00edpio de Patu e pelo Instituto de Previd\u00eancia dos Servidores Municipais de Riachuelo.<br \/>\nRecurso sobre prazo acolhido<br \/>\nA Corte de Contas acolheu parcialmente o recurso apresentado pelo Instituto de Previd\u00eancia Municipal de S\u00e3o Gon\u00e7alo do Amarante, que alegou dificuldades para os entes p\u00fablicos cumprirem o prazo fixado.<br \/>\nPor conta disso, foi acrescentado ao ac\u00f3rd\u00e3o a indica\u00e7\u00e3o de que as an\u00e1lises dos casos concretos, em futuras a\u00e7\u00f5es fiscalizat\u00f3rias, devem levar em considera\u00e7\u00e3o as dificuldades enfrentadas pelos \u00f3rg\u00e3os para o cumprimento do prazo.<br \/>\nDecis\u00e3o<br \/>\nPara negar o recurso do governo do RN, o presidente do TCE, o conselheiro Gilberto Jales, considerou que a decis\u00e3o anterior do Tribunal de Contas n\u00e3o estabeleceu qualquer obrigatoriedade para aposentadorias dos servidores e guardou coer\u00eancia com a jurisprud\u00eancia da Suprema Corte.<br \/>\n\u201cAp\u00f3s uma an\u00e1lise minuciosa da resposta \u00e0 consulta, fica evidente a inexist\u00eancia de qualquer esp\u00e9cie de compulsoriedade de aposentadoria da\u00ed originada \u2013 como aduzido pelos recorrentes&#8221;, disse.<br \/>\n&#8220;Em nenhum momento foi indicado \u2013 seja na fundamenta\u00e7\u00e3o do voto condutor do julgamento, seja no ac\u00f3rd\u00e3o \u2013 que haveria obrigatoriedade de os servidores se aposentarem na data fixada\u201d.<br \/>\nO TCE comunicou que vai publicar uma nota t\u00e9cnica para orientar os gestores p\u00fablicos acerca do cumprimento do que ficou estabelecido no julgamento, com informa\u00e7\u00f5es sobre procedimentos adequados para que os \u00f3rg\u00e3os cumpram a jurisprud\u00eancia do STF, em concord\u00e2ncia com o entendimento da Corte de Contas.<br \/>\n\ud83d\udcf3Participe do canal do g1 RN no WhatsApp e receba no seu celular as not\u00edcias do estado<br \/>\nV\u00eddeos mais assistidos do g1 RN<\/p>","protected":false},"excerpt":{"rendered":"<p>Decis\u00e3o \u00e9 referente \u00e0queles servidores contratados que tiveram estabilidade garantida ap\u00f3s a Constitui\u00e7\u00e3o de 1988. Decis\u00e3o refor\u00e7a que n\u00e3o obrigou a servidores a se aposentarem. TCE\/RN divulgou lista de gestores &#8230;<\/p>\n","protected":false},"author":0,"featured_media":0,"parent":0,"menu_order":0,"comment_status":"closed","ping_status":"closed","template":"","meta":{"footnotes":""},"class_list":["post-3383","page","type-page","status-publish","hentry"],"yoast_head":"<!-- This site is optimized with the Yoast SEO plugin v27.1.1 - https:\/\/yoast.com\/product\/yoast-seo-wordpress\/ -->\n<title>TCE nega recurso do governo do RN e mant\u00e9m prazo sobre aposentadoria de servidores p\u00fablicos n\u00e3o concursados at\u00e9 abril - Taveira Jr<\/title>\n<meta name=\"robots\" content=\"index, follow, max-snippet:-1, max-image-preview:large, max-video-preview:-1\" \/>\n<link rel=\"canonical\" href=\"https:\/\/deputadotaveirajr.com.br\/index.php\/tce-nega-recurso-do-governo-do-rn-e-mantem-prazo-sobre-aposentadoria-de-servidores-publicos-nao-concursados-ate-abril\/\" \/>\n<meta property=\"og:locale\" content=\"pt_BR\" \/>\n<meta property=\"og:type\" content=\"article\" \/>\n<meta property=\"og:title\" content=\"TCE nega recurso do governo do RN e mant\u00e9m prazo sobre aposentadoria de servidores p\u00fablicos n\u00e3o concursados at\u00e9 abril - Taveira Jr\" \/>\n<meta property=\"og:description\" content=\"Decis\u00e3o \u00e9 referente \u00e0queles servidores contratados que tiveram estabilidade garantida ap\u00f3s a Constitui\u00e7\u00e3o de 1988. Decis\u00e3o refor\u00e7a que n\u00e3o obrigou a servidores a se aposentarem. TCE\/RN divulgou lista de gestores ...\" \/>\n<meta property=\"og:url\" content=\"https:\/\/deputadotaveirajr.com.br\/index.php\/tce-nega-recurso-do-governo-do-rn-e-mantem-prazo-sobre-aposentadoria-de-servidores-publicos-nao-concursados-ate-abril\/\" \/>\n<meta property=\"og:site_name\" content=\"Taveira Jr\" \/>\n<meta name=\"twitter:card\" content=\"summary_large_image\" \/>\n<meta name=\"twitter:label1\" content=\"Est. tempo de leitura\" \/>\n\t<meta name=\"twitter:data1\" content=\"3 minutos\" \/>\n<script type=\"application\/ld+json\" class=\"yoast-schema-graph\">{\"@context\":\"https:\/\/schema.org\",\"@graph\":[{\"@type\":\"WebPage\",\"@id\":\"https:\/\/deputadotaveirajr.com.br\/index.php\/tce-nega-recurso-do-governo-do-rn-e-mantem-prazo-sobre-aposentadoria-de-servidores-publicos-nao-concursados-ate-abril\/\",\"url\":\"https:\/\/deputadotaveirajr.com.br\/index.php\/tce-nega-recurso-do-governo-do-rn-e-mantem-prazo-sobre-aposentadoria-de-servidores-publicos-nao-concursados-ate-abril\/\",\"name\":\"TCE nega recurso do governo do RN e mant\u00e9m prazo sobre aposentadoria de servidores p\u00fablicos n\u00e3o concursados at\u00e9 abril - Taveira Jr\",\"isPartOf\":{\"@id\":\"https:\/\/deputadotaveirajr.com.br\/#website\"},\"datePublished\":\"2024-03-07T22:40:19+00:00\",\"breadcrumb\":{\"@id\":\"https:\/\/deputadotaveirajr.com.br\/index.php\/tce-nega-recurso-do-governo-do-rn-e-mantem-prazo-sobre-aposentadoria-de-servidores-publicos-nao-concursados-ate-abril\/#breadcrumb\"},\"inLanguage\":\"pt-BR\",\"potentialAction\":[{\"@type\":\"ReadAction\",\"target\":[\"https:\/\/deputadotaveirajr.com.br\/index.php\/tce-nega-recurso-do-governo-do-rn-e-mantem-prazo-sobre-aposentadoria-de-servidores-publicos-nao-concursados-ate-abril\/\"]}]},{\"@type\":\"BreadcrumbList\",\"@id\":\"https:\/\/deputadotaveirajr.com.br\/index.php\/tce-nega-recurso-do-governo-do-rn-e-mantem-prazo-sobre-aposentadoria-de-servidores-publicos-nao-concursados-ate-abril\/#breadcrumb\",\"itemListElement\":[{\"@type\":\"ListItem\",\"position\":1,\"name\":\"In\u00edcio\",\"item\":\"https:\/\/deputadotaveirajr.com.br\/\"},{\"@type\":\"ListItem\",\"position\":2,\"name\":\"TCE nega recurso do governo do RN e mant\u00e9m prazo sobre aposentadoria de servidores p\u00fablicos n\u00e3o concursados at\u00e9 abril\"}]},{\"@type\":\"WebSite\",\"@id\":\"https:\/\/deputadotaveirajr.com.br\/#website\",\"url\":\"https:\/\/deputadotaveirajr.com.br\/\",\"name\":\"Taveira Jr\",\"description\":\"Deputado Estadual\",\"publisher\":{\"@id\":\"https:\/\/deputadotaveirajr.com.br\/#organization\"},\"potentialAction\":[{\"@type\":\"SearchAction\",\"target\":{\"@type\":\"EntryPoint\",\"urlTemplate\":\"https:\/\/deputadotaveirajr.com.br\/?s={search_term_string}\"},\"query-input\":{\"@type\":\"PropertyValueSpecification\",\"valueRequired\":true,\"valueName\":\"search_term_string\"}}],\"inLanguage\":\"pt-BR\"},{\"@type\":\"Organization\",\"@id\":\"https:\/\/deputadotaveirajr.com.br\/#organization\",\"name\":\"Taveira Jr\",\"url\":\"https:\/\/deputadotaveirajr.com.br\/\",\"logo\":{\"@type\":\"ImageObject\",\"inLanguage\":\"pt-BR\",\"@id\":\"https:\/\/deputadotaveirajr.com.br\/#\/schema\/logo\/image\/\",\"url\":\"https:\/\/deputadotaveirajr.com.br\/wp-content\/uploads\/2026\/01\/logolow2a.png\",\"contentUrl\":\"https:\/\/deputadotaveirajr.com.br\/wp-content\/uploads\/2026\/01\/logolow2a.png\",\"width\":290,\"height\":80,\"caption\":\"Taveira Jr\"},\"image\":{\"@id\":\"https:\/\/deputadotaveirajr.com.br\/#\/schema\/logo\/image\/\"}}]}<\/script>\n<!-- \/ Yoast SEO plugin. -->","yoast_head_json":{"title":"TCE nega recurso do governo do RN e mant\u00e9m prazo sobre aposentadoria de servidores p\u00fablicos n\u00e3o concursados at\u00e9 abril - Taveira Jr","robots":{"index":"index","follow":"follow","max-snippet":"max-snippet:-1","max-image-preview":"max-image-preview:large","max-video-preview":"max-video-preview:-1"},"canonical":"https:\/\/deputadotaveirajr.com.br\/index.php\/tce-nega-recurso-do-governo-do-rn-e-mantem-prazo-sobre-aposentadoria-de-servidores-publicos-nao-concursados-ate-abril\/","og_locale":"pt_BR","og_type":"article","og_title":"TCE nega recurso do governo do RN e mant\u00e9m prazo sobre aposentadoria de servidores p\u00fablicos n\u00e3o concursados at\u00e9 abril - Taveira Jr","og_description":"Decis\u00e3o \u00e9 referente \u00e0queles servidores contratados que tiveram estabilidade garantida ap\u00f3s a Constitui\u00e7\u00e3o de 1988. Decis\u00e3o refor\u00e7a que n\u00e3o obrigou a servidores a se aposentarem. TCE\/RN divulgou lista de gestores ...","og_url":"https:\/\/deputadotaveirajr.com.br\/index.php\/tce-nega-recurso-do-governo-do-rn-e-mantem-prazo-sobre-aposentadoria-de-servidores-publicos-nao-concursados-ate-abril\/","og_site_name":"Taveira Jr","twitter_card":"summary_large_image","twitter_misc":{"Est. tempo de leitura":"3 minutos"},"schema":{"@context":"https:\/\/schema.org","@graph":[{"@type":"WebPage","@id":"https:\/\/deputadotaveirajr.com.br\/index.php\/tce-nega-recurso-do-governo-do-rn-e-mantem-prazo-sobre-aposentadoria-de-servidores-publicos-nao-concursados-ate-abril\/","url":"https:\/\/deputadotaveirajr.com.br\/index.php\/tce-nega-recurso-do-governo-do-rn-e-mantem-prazo-sobre-aposentadoria-de-servidores-publicos-nao-concursados-ate-abril\/","name":"TCE nega recurso do governo do RN e mant\u00e9m prazo sobre aposentadoria de servidores p\u00fablicos n\u00e3o concursados at\u00e9 abril - Taveira Jr","isPartOf":{"@id":"https:\/\/deputadotaveirajr.com.br\/#website"},"datePublished":"2024-03-07T22:40:19+00:00","breadcrumb":{"@id":"https:\/\/deputadotaveirajr.com.br\/index.php\/tce-nega-recurso-do-governo-do-rn-e-mantem-prazo-sobre-aposentadoria-de-servidores-publicos-nao-concursados-ate-abril\/#breadcrumb"},"inLanguage":"pt-BR","potentialAction":[{"@type":"ReadAction","target":["https:\/\/deputadotaveirajr.com.br\/index.php\/tce-nega-recurso-do-governo-do-rn-e-mantem-prazo-sobre-aposentadoria-de-servidores-publicos-nao-concursados-ate-abril\/"]}]},{"@type":"BreadcrumbList","@id":"https:\/\/deputadotaveirajr.com.br\/index.php\/tce-nega-recurso-do-governo-do-rn-e-mantem-prazo-sobre-aposentadoria-de-servidores-publicos-nao-concursados-ate-abril\/#breadcrumb","itemListElement":[{"@type":"ListItem","position":1,"name":"In\u00edcio","item":"https:\/\/deputadotaveirajr.com.br\/"},{"@type":"ListItem","position":2,"name":"TCE nega recurso do governo do RN e mant\u00e9m prazo sobre aposentadoria de servidores p\u00fablicos n\u00e3o concursados at\u00e9 abril"}]},{"@type":"WebSite","@id":"https:\/\/deputadotaveirajr.com.br\/#website","url":"https:\/\/deputadotaveirajr.com.br\/","name":"Taveira Jr","description":"Deputado Estadual","publisher":{"@id":"https:\/\/deputadotaveirajr.com.br\/#organization"},"potentialAction":[{"@type":"SearchAction","target":{"@type":"EntryPoint","urlTemplate":"https:\/\/deputadotaveirajr.com.br\/?s={search_term_string}"},"query-input":{"@type":"PropertyValueSpecification","valueRequired":true,"valueName":"search_term_string"}}],"inLanguage":"pt-BR"},{"@type":"Organization","@id":"https:\/\/deputadotaveirajr.com.br\/#organization","name":"Taveira Jr","url":"https:\/\/deputadotaveirajr.com.br\/","logo":{"@type":"ImageObject","inLanguage":"pt-BR","@id":"https:\/\/deputadotaveirajr.com.br\/#\/schema\/logo\/image\/","url":"https:\/\/deputadotaveirajr.com.br\/wp-content\/uploads\/2026\/01\/logolow2a.png","contentUrl":"https:\/\/deputadotaveirajr.com.br\/wp-content\/uploads\/2026\/01\/logolow2a.png","width":290,"height":80,"caption":"Taveira Jr"},"image":{"@id":"https:\/\/deputadotaveirajr.com.br\/#\/schema\/logo\/image\/"}}]}},"_links":{"self":[{"href":"https:\/\/deputadotaveirajr.com.br\/index.php\/wp-json\/wp\/v2\/pages\/3383","targetHints":{"allow":["GET"]}}],"collection":[{"href":"https:\/\/deputadotaveirajr.com.br\/index.php\/wp-json\/wp\/v2\/pages"}],"about":[{"href":"https:\/\/deputadotaveirajr.com.br\/index.php\/wp-json\/wp\/v2\/types\/page"}],"replies":[{"embeddable":true,"href":"https:\/\/deputadotaveirajr.com.br\/index.php\/wp-json\/wp\/v2\/comments?post=3383"}],"version-history":[{"count":1,"href":"https:\/\/deputadotaveirajr.com.br\/index.php\/wp-json\/wp\/v2\/pages\/3383\/revisions"}],"predecessor-version":[{"id":3388,"href":"https:\/\/deputadotaveirajr.com.br\/index.php\/wp-json\/wp\/v2\/pages\/3383\/revisions\/3388"}],"wp:attachment":[{"href":"https:\/\/deputadotaveirajr.com.br\/index.php\/wp-json\/wp\/v2\/media?parent=3383"}],"curies":[{"name":"wp","href":"https:\/\/api.w.org\/{rel}","templated":true}]}}