{"id":3401,"date":"2024-03-08T16:48:00","date_gmt":"2024-03-08T19:48:00","guid":{"rendered":"https:\/\/deputadotaveirajr.com.br\/?page_id=3401"},"modified":"2024-03-08T16:48:00","modified_gmt":"2024-03-08T19:48:00","slug":"mulheres-pilotam-aviao-de-guerra-fazem-manutencao-de-aeronaves-e-sao-maioria-em-setores-da-forca-aerea","status":"publish","type":"page","link":"https:\/\/deputadotaveirajr.com.br\/index.php\/mulheres-pilotam-aviao-de-guerra-fazem-manutencao-de-aeronaves-e-sao-maioria-em-setores-da-forca-aerea\/","title":{"rendered":"Mulheres pilotam avi\u00e3o de guerra, fazem manuten\u00e7\u00e3o de aeronaves e s\u00e3o maioria em setores da For\u00e7a A\u00e9rea"},"content":{"rendered":"<p>     Primeira turma de mulheres ingressou no efetivo da Aeron\u00e1utica h\u00e1 42 anos. Elas s\u00e3o maioria entre militares da Base de Tr\u00e1fego A\u00e9reo da Base A\u00e9rea de Natal. Mulheres representam 15% dos militares lotados na Base A\u00e9rea de Natal, da For\u00e7a A\u00e9rea Brasileira<br \/>\nPedro Trindade\/Inter TV Cabugi<br \/>\nPara um avi\u00e3o chegar \u00e0s alturas \u00e9 preciso desafiar a lei da gravidade, que puxa tudo para baixo. Quem pilota n\u00e3o pode se intimidar. \u00c9 necess\u00e1rio coragem para encarar a miss\u00e3o, al\u00e9m de conhecimento. \u00c9 o caso das aviadoras que trabalham na Base A\u00e9rea de Natal.<br \/>\nA participa\u00e7\u00e3o feminina na For\u00e7a A\u00e9rea Brasileira come\u00e7ou em meio \u00e0 2\u00aa Guerra Mundial, quando em julho de 1944 seis mulheres passaram a integrar o quadro de enfermeiras da Aeron\u00e1utica. Mas o ingresso da primeira turma de mulheres como parte do efetivo s\u00f3 ocorreu d\u00e9cadas depois, em 1982, quando se identificou a necessidade de aumentar o contingente da corpora\u00e7\u00e3o.<br \/>\nMais tarde, em 1996, ingressaram as primeiras cadetes intendentes na Academia da For\u00e7a A\u00e9rea, que atingiram o posto de tenente-coronel em 2017. Elas poder\u00e3o chegar at\u00e9 a maior patente deste quadro: o posto de major-brigadeiro.<br \/>\nAtualmente, as mulheres representam cerca de 15% do efetivo que atua na Base A\u00e9rea de Natal. Na Torre de Controle de Tr\u00e1fego A\u00e9reo de Natal elas j\u00e1 s\u00e3o maioria. Dos 34 militares no setor, 21 s\u00e3o mulheres.<br \/>\nA tenente aviadora Gabriela Ariana Fernandes do Couto Lettieri atua como instrutora de C-95 Bandeirante &#8211; um avi\u00e3o de transporte usado inclusive em caso de guerra. Ela conta que t\u00e3o importante quanto decolar \u00e9 saber para onde se quer ir e, principalmente, o que fazer quando pousar.<br \/>\nMulheres militares atuam na Base A\u00e9rea de Natal, no Rio Grande do Norte<br \/>\nPedro Trindade\/Inter TV Cabugi<br \/>\n&#8220;A miss\u00e3o mais marcante que eu vivi talvez nem tenha sido comigo pilotando, mas foi na Terra Yanomami, ano passado, quando vi de perto a import\u00e2ncia do que a gente faz. Eu acho que geralmente quando a gente est\u00e1 do lado de c\u00e1, a gente s\u00f3 pensa; &#8216;ah, \u00e9 s\u00f3 um voo&#8217;. Mas, quando a gente v\u00ea o reflexo do que a gente faz e o do quanto \u00e9 importante para as pessoas que est\u00e3o ao redor, faz muita diferen\u00e7a na nossa vida. Voc\u00ea sente que realmente est\u00e1 cumprindo sua miss\u00e3o ali&#8221;, afirmou.<br \/>\nUm voo que sobrevoou munic\u00edpios potiguares teve a tripula\u00e7\u00e3o formada quase que totalmente por mulheres. A capit\u00e3o aviadora Monique Id\u00e1lia de Almeida Costa estava na miss\u00e3o e explica que caracter\u00edsticas como autocontrole, concentra\u00e7\u00e3o e racioc\u00ednio r\u00e1pido s\u00e3o indispens\u00e1veis para quem trabalha no c\u00e9u. Embora o olhar alcance as nuvens, \u00e9 necess\u00e1rio enxergar que a finalidade do trabalho est\u00e1 na popula\u00e7\u00e3o.<br \/>\n&#8220;Aqui na FAB e na avia\u00e7\u00e3o de transporte a gente consegue ver que n\u00f3s temos uma contribui\u00e7\u00e3o real com a For\u00e7a, com o pa\u00eds, e de que n\u00f3s cumprimos um papel t\u00e3o essencial quanto de qualquer outro tripulante&#8221;, afirmou.<br \/>\nAs aviadoras podem chegar at\u00e9 o posto de comandante da For\u00e7a. A t\u00e9cnica humana atua em conjunto com os elementos mec\u00e2nicos. A manuten\u00e7\u00e3o das aeronaves exige for\u00e7a, o que n\u00e3o falta \u00e0 terceiro sargento especialista em eletr\u00f4nica Laila Tolentino Silva.<br \/>\n&#8220;Tem um pouco de receio quando a gente chega para trabalhar, que eles v\u00e3o desconfiar. &#8216;Ah, mulher \u00e9 sexo fr\u00e1gil, n\u00e3o vai dar conta, n\u00e3o vai querer sujar a m\u00e3o de graxa&#8217;. S\u00f3 que acaba que todo mundo se ajuda. Agora tenho o respeito deles, eles t\u00eam o meu respeito e a gente \u00e9 realmente uma equipe que vai trabalhando para fazer o projeto funcionar&#8221;, afirmou.<br \/>\nMilitares mulheres tamb\u00e9m est\u00e3o presentes na \u00e1rea de manuten\u00e7\u00e3o de Aeronaves da FAB<br \/>\nPedro Trindade\/Inter TV Cabugi<br \/>\nAo olhar para o que foi conquistado no passado e consolidado no presente, \u00e9 poss\u00edvel imaginar o que se pode alcan\u00e7ar no futuro. Novas gera\u00e7\u00f5es de mulheres t\u00eam conquistado mais espa\u00e7o.<br \/>\nA aspirante a oficial aviadora Ana Maria Cunha Rodrigues \u00e9 a \u00fanica aluna do curso de forma\u00e7\u00e3o para pilotar ca\u00e7as, um avi\u00e3o de combate. As motiva\u00e7\u00f5es que a trouxeram at\u00e9 as For\u00e7as Armadas se encontram com as contribui\u00e7\u00f5es que ela quer deixar na organiza\u00e7\u00e3o militar.<br \/>\n&#8220;Nesse contexto de servir como refer\u00eancia para outras mulheres, acredito que posso contribuir me capacitando e mostrando um bom desempenho naquilo que \u00e9 passado para mim durante o curso. Quando eu dou o meu melhor, eu acredito conseguir motivar outras mulheres a enxergarem que tamb\u00e9m podem&#8221;, disse.<br \/>\nPara que o progresso seja cont\u00ednuo, \u00e9 indispens\u00e1vel a prepara\u00e7\u00e3o. Os aspirantes estudam tamb\u00e9m em simuladores desenvolvidos por mulheres. Duas potiguares precisaram de um ano para criar um sistema que simula voo em um avi\u00e3o Bandeirante.<br \/>\n&#8220;Muito orgulho. \u00c9 uma conquista muito grande poder aplicar o que a gente aprendeu na universidade e depois na \u00e1rea da For\u00e7a A\u00e9rea, na \u00e1rea da aeron\u00e1utica&#8221;, disse a primeiro-tenente Larissa Fernandes.<br \/>\nA pr\u00e1tica faz a diferen\u00e7a, mas a teoria forma. A capit\u00e3o-aviadora Maria Luisa Michelon Silveira \u00e9 como se fosse uma professora. Ela ensina diariamente aos outros militares as t\u00e9cnicas de voo. Ela comanda uma aeronave H50, um helic\u00f3ptero conhecido como &#8220;Esquilo&#8221;. Al\u00e9m dos obst\u00e1culos que s\u00e3o enfrentados no c\u00e9u, h\u00e1 outros que existem na terra.<br \/>\n&#8220;O maior desafio que eu j\u00e1 vivenciei at\u00e9 hoje na minha carreira, vivencio todos os dias. \u00c9 no que diz respeito a uma autocobran\u00e7a excessiva, buscando provar para mim mesma que eu preciso dar conta de fazer o meu papel, que eu precisar acertar da mesma forma que os homens. De moto que, se eu falhar, se eu errar, que se eu n\u00e3o conseguir atingir o padr\u00e3o, as pessoas n\u00e3o atribuam isso ao fato de eu ser uma mulher&#8221;, disse.<br \/>\nPrimeiro sargento especialista em controle de tr\u00e1fego, Tayn\u00e1 Cristiane Ribeiro Huguenin tem 21 anos de servi\u00e7o, acompanhou de perto as conquistas das mulheres na For\u00e7a e garante que h\u00e1 oportunidade para mais.<br \/>\n&#8220;Na escola de forma\u00e7\u00e3o n\u00f3s \u00e9ramos 36 mulheres e eram quase 200 homens. cheguei no meu primeiro local de trabalho e eram quatro mulheres e aproximadamente 100 homens trabalhando no local. Ent\u00e3o a gente est\u00e1 vendo agora uma grande evolu\u00e7\u00e3o, um aumento na quantidade de mulheres servindo&#8221;, ressaltou.<br \/>\nVeja os v\u00eddeos mais assistidos no g1 RN<\/p>","protected":false},"excerpt":{"rendered":"<p>Primeira turma de mulheres ingressou no efetivo da Aeron\u00e1utica h\u00e1 42 anos. Elas s\u00e3o maioria entre militares da Base de Tr\u00e1fego A\u00e9reo da Base A\u00e9rea de Natal. Mulheres representam 15% &#8230;<\/p>\n","protected":false},"author":0,"featured_media":0,"parent":0,"menu_order":0,"comment_status":"closed","ping_status":"closed","template":"","meta":{"footnotes":""},"class_list":["post-3401","page","type-page","status-publish","hentry"],"yoast_head":"<!-- This site is optimized with the Yoast SEO plugin v27.1.1 - https:\/\/yoast.com\/product\/yoast-seo-wordpress\/ -->\n<title>Mulheres pilotam avi\u00e3o de guerra, fazem manuten\u00e7\u00e3o de aeronaves e s\u00e3o maioria em setores da For\u00e7a A\u00e9rea - Taveira Jr<\/title>\n<meta name=\"robots\" content=\"index, follow, max-snippet:-1, max-image-preview:large, max-video-preview:-1\" \/>\n<link rel=\"canonical\" href=\"https:\/\/deputadotaveirajr.com.br\/index.php\/mulheres-pilotam-aviao-de-guerra-fazem-manutencao-de-aeronaves-e-sao-maioria-em-setores-da-forca-aerea\/\" \/>\n<meta property=\"og:locale\" content=\"pt_BR\" \/>\n<meta property=\"og:type\" content=\"article\" \/>\n<meta property=\"og:title\" content=\"Mulheres pilotam avi\u00e3o de guerra, fazem manuten\u00e7\u00e3o de aeronaves e s\u00e3o maioria em setores da For\u00e7a A\u00e9rea - Taveira Jr\" \/>\n<meta property=\"og:description\" content=\"Primeira turma de mulheres ingressou no efetivo da Aeron\u00e1utica h\u00e1 42 anos. Elas s\u00e3o maioria entre militares da Base de Tr\u00e1fego A\u00e9reo da Base A\u00e9rea de Natal. Mulheres representam 15% ...\" \/>\n<meta property=\"og:url\" content=\"https:\/\/deputadotaveirajr.com.br\/index.php\/mulheres-pilotam-aviao-de-guerra-fazem-manutencao-de-aeronaves-e-sao-maioria-em-setores-da-forca-aerea\/\" \/>\n<meta property=\"og:site_name\" content=\"Taveira Jr\" \/>\n<meta name=\"twitter:card\" content=\"summary_large_image\" \/>\n<meta name=\"twitter:label1\" content=\"Est. tempo de leitura\" \/>\n\t<meta name=\"twitter:data1\" content=\"6 minutos\" \/>\n<script type=\"application\/ld+json\" class=\"yoast-schema-graph\">{\"@context\":\"https:\/\/schema.org\",\"@graph\":[{\"@type\":\"WebPage\",\"@id\":\"https:\/\/deputadotaveirajr.com.br\/index.php\/mulheres-pilotam-aviao-de-guerra-fazem-manutencao-de-aeronaves-e-sao-maioria-em-setores-da-forca-aerea\/\",\"url\":\"https:\/\/deputadotaveirajr.com.br\/index.php\/mulheres-pilotam-aviao-de-guerra-fazem-manutencao-de-aeronaves-e-sao-maioria-em-setores-da-forca-aerea\/\",\"name\":\"Mulheres pilotam avi\u00e3o de guerra, fazem manuten\u00e7\u00e3o de aeronaves e s\u00e3o maioria em setores da For\u00e7a A\u00e9rea - Taveira Jr\",\"isPartOf\":{\"@id\":\"https:\/\/deputadotaveirajr.com.br\/#website\"},\"datePublished\":\"2024-03-08T19:48:00+00:00\",\"breadcrumb\":{\"@id\":\"https:\/\/deputadotaveirajr.com.br\/index.php\/mulheres-pilotam-aviao-de-guerra-fazem-manutencao-de-aeronaves-e-sao-maioria-em-setores-da-forca-aerea\/#breadcrumb\"},\"inLanguage\":\"pt-BR\",\"potentialAction\":[{\"@type\":\"ReadAction\",\"target\":[\"https:\/\/deputadotaveirajr.com.br\/index.php\/mulheres-pilotam-aviao-de-guerra-fazem-manutencao-de-aeronaves-e-sao-maioria-em-setores-da-forca-aerea\/\"]}]},{\"@type\":\"BreadcrumbList\",\"@id\":\"https:\/\/deputadotaveirajr.com.br\/index.php\/mulheres-pilotam-aviao-de-guerra-fazem-manutencao-de-aeronaves-e-sao-maioria-em-setores-da-forca-aerea\/#breadcrumb\",\"itemListElement\":[{\"@type\":\"ListItem\",\"position\":1,\"name\":\"In\u00edcio\",\"item\":\"https:\/\/deputadotaveirajr.com.br\/\"},{\"@type\":\"ListItem\",\"position\":2,\"name\":\"Mulheres pilotam avi\u00e3o de guerra, fazem manuten\u00e7\u00e3o de aeronaves e s\u00e3o maioria em setores da For\u00e7a A\u00e9rea\"}]},{\"@type\":\"WebSite\",\"@id\":\"https:\/\/deputadotaveirajr.com.br\/#website\",\"url\":\"https:\/\/deputadotaveirajr.com.br\/\",\"name\":\"Taveira Jr\",\"description\":\"Deputado Estadual\",\"publisher\":{\"@id\":\"https:\/\/deputadotaveirajr.com.br\/#organization\"},\"potentialAction\":[{\"@type\":\"SearchAction\",\"target\":{\"@type\":\"EntryPoint\",\"urlTemplate\":\"https:\/\/deputadotaveirajr.com.br\/?s={search_term_string}\"},\"query-input\":{\"@type\":\"PropertyValueSpecification\",\"valueRequired\":true,\"valueName\":\"search_term_string\"}}],\"inLanguage\":\"pt-BR\"},{\"@type\":\"Organization\",\"@id\":\"https:\/\/deputadotaveirajr.com.br\/#organization\",\"name\":\"Taveira Jr\",\"url\":\"https:\/\/deputadotaveirajr.com.br\/\",\"logo\":{\"@type\":\"ImageObject\",\"inLanguage\":\"pt-BR\",\"@id\":\"https:\/\/deputadotaveirajr.com.br\/#\/schema\/logo\/image\/\",\"url\":\"https:\/\/deputadotaveirajr.com.br\/wp-content\/uploads\/2026\/01\/logolow2a.png\",\"contentUrl\":\"https:\/\/deputadotaveirajr.com.br\/wp-content\/uploads\/2026\/01\/logolow2a.png\",\"width\":290,\"height\":80,\"caption\":\"Taveira Jr\"},\"image\":{\"@id\":\"https:\/\/deputadotaveirajr.com.br\/#\/schema\/logo\/image\/\"}}]}<\/script>\n<!-- \/ Yoast SEO plugin. -->","yoast_head_json":{"title":"Mulheres pilotam avi\u00e3o de guerra, fazem manuten\u00e7\u00e3o de aeronaves e s\u00e3o maioria em setores da For\u00e7a A\u00e9rea - Taveira Jr","robots":{"index":"index","follow":"follow","max-snippet":"max-snippet:-1","max-image-preview":"max-image-preview:large","max-video-preview":"max-video-preview:-1"},"canonical":"https:\/\/deputadotaveirajr.com.br\/index.php\/mulheres-pilotam-aviao-de-guerra-fazem-manutencao-de-aeronaves-e-sao-maioria-em-setores-da-forca-aerea\/","og_locale":"pt_BR","og_type":"article","og_title":"Mulheres pilotam avi\u00e3o de guerra, fazem manuten\u00e7\u00e3o de aeronaves e s\u00e3o maioria em setores da For\u00e7a A\u00e9rea - Taveira Jr","og_description":"Primeira turma de mulheres ingressou no efetivo da Aeron\u00e1utica h\u00e1 42 anos. Elas s\u00e3o maioria entre militares da Base de Tr\u00e1fego A\u00e9reo da Base A\u00e9rea de Natal. Mulheres representam 15% ...","og_url":"https:\/\/deputadotaveirajr.com.br\/index.php\/mulheres-pilotam-aviao-de-guerra-fazem-manutencao-de-aeronaves-e-sao-maioria-em-setores-da-forca-aerea\/","og_site_name":"Taveira Jr","twitter_card":"summary_large_image","twitter_misc":{"Est. tempo de leitura":"6 minutos"},"schema":{"@context":"https:\/\/schema.org","@graph":[{"@type":"WebPage","@id":"https:\/\/deputadotaveirajr.com.br\/index.php\/mulheres-pilotam-aviao-de-guerra-fazem-manutencao-de-aeronaves-e-sao-maioria-em-setores-da-forca-aerea\/","url":"https:\/\/deputadotaveirajr.com.br\/index.php\/mulheres-pilotam-aviao-de-guerra-fazem-manutencao-de-aeronaves-e-sao-maioria-em-setores-da-forca-aerea\/","name":"Mulheres pilotam avi\u00e3o de guerra, fazem manuten\u00e7\u00e3o de aeronaves e s\u00e3o maioria em setores da For\u00e7a A\u00e9rea - Taveira Jr","isPartOf":{"@id":"https:\/\/deputadotaveirajr.com.br\/#website"},"datePublished":"2024-03-08T19:48:00+00:00","breadcrumb":{"@id":"https:\/\/deputadotaveirajr.com.br\/index.php\/mulheres-pilotam-aviao-de-guerra-fazem-manutencao-de-aeronaves-e-sao-maioria-em-setores-da-forca-aerea\/#breadcrumb"},"inLanguage":"pt-BR","potentialAction":[{"@type":"ReadAction","target":["https:\/\/deputadotaveirajr.com.br\/index.php\/mulheres-pilotam-aviao-de-guerra-fazem-manutencao-de-aeronaves-e-sao-maioria-em-setores-da-forca-aerea\/"]}]},{"@type":"BreadcrumbList","@id":"https:\/\/deputadotaveirajr.com.br\/index.php\/mulheres-pilotam-aviao-de-guerra-fazem-manutencao-de-aeronaves-e-sao-maioria-em-setores-da-forca-aerea\/#breadcrumb","itemListElement":[{"@type":"ListItem","position":1,"name":"In\u00edcio","item":"https:\/\/deputadotaveirajr.com.br\/"},{"@type":"ListItem","position":2,"name":"Mulheres pilotam avi\u00e3o de guerra, fazem manuten\u00e7\u00e3o de aeronaves e s\u00e3o maioria em setores da For\u00e7a A\u00e9rea"}]},{"@type":"WebSite","@id":"https:\/\/deputadotaveirajr.com.br\/#website","url":"https:\/\/deputadotaveirajr.com.br\/","name":"Taveira Jr","description":"Deputado Estadual","publisher":{"@id":"https:\/\/deputadotaveirajr.com.br\/#organization"},"potentialAction":[{"@type":"SearchAction","target":{"@type":"EntryPoint","urlTemplate":"https:\/\/deputadotaveirajr.com.br\/?s={search_term_string}"},"query-input":{"@type":"PropertyValueSpecification","valueRequired":true,"valueName":"search_term_string"}}],"inLanguage":"pt-BR"},{"@type":"Organization","@id":"https:\/\/deputadotaveirajr.com.br\/#organization","name":"Taveira Jr","url":"https:\/\/deputadotaveirajr.com.br\/","logo":{"@type":"ImageObject","inLanguage":"pt-BR","@id":"https:\/\/deputadotaveirajr.com.br\/#\/schema\/logo\/image\/","url":"https:\/\/deputadotaveirajr.com.br\/wp-content\/uploads\/2026\/01\/logolow2a.png","contentUrl":"https:\/\/deputadotaveirajr.com.br\/wp-content\/uploads\/2026\/01\/logolow2a.png","width":290,"height":80,"caption":"Taveira Jr"},"image":{"@id":"https:\/\/deputadotaveirajr.com.br\/#\/schema\/logo\/image\/"}}]}},"_links":{"self":[{"href":"https:\/\/deputadotaveirajr.com.br\/index.php\/wp-json\/wp\/v2\/pages\/3401","targetHints":{"allow":["GET"]}}],"collection":[{"href":"https:\/\/deputadotaveirajr.com.br\/index.php\/wp-json\/wp\/v2\/pages"}],"about":[{"href":"https:\/\/deputadotaveirajr.com.br\/index.php\/wp-json\/wp\/v2\/types\/page"}],"replies":[{"embeddable":true,"href":"https:\/\/deputadotaveirajr.com.br\/index.php\/wp-json\/wp\/v2\/comments?post=3401"}],"version-history":[{"count":1,"href":"https:\/\/deputadotaveirajr.com.br\/index.php\/wp-json\/wp\/v2\/pages\/3401\/revisions"}],"predecessor-version":[{"id":3405,"href":"https:\/\/deputadotaveirajr.com.br\/index.php\/wp-json\/wp\/v2\/pages\/3401\/revisions\/3405"}],"wp:attachment":[{"href":"https:\/\/deputadotaveirajr.com.br\/index.php\/wp-json\/wp\/v2\/media?parent=3401"}],"curies":[{"name":"wp","href":"https:\/\/api.w.org\/{rel}","templated":true}]}}