{"id":3435,"date":"2024-03-11T14:27:25","date_gmt":"2024-03-11T17:27:25","guid":{"rendered":"https:\/\/deputadotaveirajr.com.br\/?page_id=3435"},"modified":"2024-03-11T14:27:25","modified_gmt":"2024-03-11T17:27:25","slug":"policia-encontra-cativeiro-e-prende-seis-suspeitos-de-sequestro-em-flagrante-no-interior-do-rn","status":"publish","type":"page","link":"https:\/\/deputadotaveirajr.com.br\/index.php\/policia-encontra-cativeiro-e-prende-seis-suspeitos-de-sequestro-em-flagrante-no-interior-do-rn\/","title":{"rendered":"Pol\u00edcia encontra cativeiro e prende seis suspeitos de sequestro em flagrante no interior do RN"},"content":{"rendered":"<p>     Caso aconteceu na \u00faltima sexta-feira (8) em Macau. Segundo a Pol\u00edcia Civil, v\u00edtima aproveitou descuido de criminosos respons\u00e1veis pela vigil\u00e2ncia e enviou localiza\u00e7\u00e3o de cativeiro para esposa.  Seis homens foram presos suspeitos de sequestro no interior do RN<br \/>\nPol\u00edcia Civil\/Divulga\u00e7\u00e3o<br \/>\nUma a\u00e7\u00e3o conjunta das pol\u00edcias Civil e Militar do Rio Grande do Norte libertou uma v\u00edtima de sequestro e prendeu seis pessoas em flagrante na \u00faltima sexta-feira (8) em Macau, cidade localizada a 185 km de Natal. O caso s\u00f3 foi divulgado nesta segunda-feira (11).<br \/>\nSegundo a Pol\u00edcia Civil, a v\u00edtima era um homem de 24 anos que mora na cidade de Galinhos e estava desaparecido desde a quarta-feira (5).<br \/>\nOs criminosos respons\u00e1veis pelo sequestros teriam obrigado o homem a fazer diversas transfer\u00eancias via pix pelo celular.<br \/>\nNa sexta-feira (8), no entanto, o homem aproveitou um descuido dos bandidos que estavam respons\u00e1veis por vigi\u00e1-lo e enviou uma mensagem para a esposa, por meio de um aplicativo de mensagens.<br \/>\nNa conversa, o homem disse que tinha sido sequestrado ap\u00f3s sacar dinheiro em uma ag\u00eancia do Banco do Brasil e enviou a localiza\u00e7\u00e3o do cativeiro, no bairro do Porto.<br \/>\nSegundo a pol\u00edcia, o homem conseguiu enviar as mensagens em um momento de desaten\u00e7\u00e3o dos criminosos, que estavam usando drogas e bebendo. &#8220;Os cabe\u00e7as do crime haviam sa\u00eddo e deixado os outros na seguran\u00e7a&#8221;, informou o delegado do caso, Sandro Reges.<br \/>\nA pol\u00edcia foi avisada pela esposa da v\u00edtima e cercou o im\u00f3vel, onde localizou seis suspeitos, al\u00e9m de drogas como coca\u00edna, crack, maconha, balan\u00e7a de precis\u00e3o e dinheiro fracionado.<br \/>\nAinda segundo o delegado, o homem foi solto pelos bandidos, quando eles perceberem a chegada da pol\u00edcia.<br \/>\n&#8220;Foram encontrados seis homens, dentre eles quatro que j\u00e1 tinham passagem pela pol\u00edcia. Um, inclusive, estava com tornozeleira eletr\u00f4nica&#8221;, disse o delegado.<br \/>\nSegundo a Pol\u00edcia Civil, o extrato banc\u00e1rio da v\u00edtima foi levantado para que os investigadores identifiquem os benefici\u00e1rios das transfer\u00eancias. O valor roubado n\u00e3o foi informado pela pol\u00edcia.<br \/>\nOs suspeitos dever\u00e3o responder por extors\u00e3o mediante sequestro, tr\u00e1fico de drogas e associa\u00e7\u00e3o para o tr\u00e1fico.<br \/>\n&#8220;Diante das provas apresentadas pela PCRN, foi decretada a pris\u00e3o preventiva de todos os autuados durante audi\u00eancia de cust\u00f3dia&#8221;, informou a corpora\u00e7\u00e3o.<br \/>\nVeja os v\u00eddeos mais assistidos no g1 RN<\/p>","protected":false},"excerpt":{"rendered":"<p>Caso aconteceu na \u00faltima sexta-feira (8) em Macau. Segundo a Pol\u00edcia Civil, v\u00edtima aproveitou descuido de criminosos respons\u00e1veis pela vigil\u00e2ncia e enviou localiza\u00e7\u00e3o de cativeiro para esposa. Seis homens foram &#8230;<\/p>\n","protected":false},"author":0,"featured_media":0,"parent":0,"menu_order":0,"comment_status":"closed","ping_status":"closed","template":"","meta":{"footnotes":""},"class_list":["post-3435","page","type-page","status-publish","hentry"],"yoast_head":"<!-- This site is optimized with the Yoast SEO plugin v27.1.1 - https:\/\/yoast.com\/product\/yoast-seo-wordpress\/ -->\n<title>Pol\u00edcia encontra cativeiro e prende seis suspeitos de sequestro em flagrante no interior do RN - Taveira Jr<\/title>\n<meta name=\"robots\" content=\"index, follow, max-snippet:-1, max-image-preview:large, max-video-preview:-1\" \/>\n<link rel=\"canonical\" href=\"https:\/\/deputadotaveirajr.com.br\/index.php\/policia-encontra-cativeiro-e-prende-seis-suspeitos-de-sequestro-em-flagrante-no-interior-do-rn\/\" \/>\n<meta property=\"og:locale\" content=\"pt_BR\" \/>\n<meta property=\"og:type\" content=\"article\" \/>\n<meta property=\"og:title\" content=\"Pol\u00edcia encontra cativeiro e prende seis suspeitos de sequestro em flagrante no interior do RN - Taveira Jr\" \/>\n<meta property=\"og:description\" content=\"Caso aconteceu na \u00faltima sexta-feira (8) em Macau. Segundo a Pol\u00edcia Civil, v\u00edtima aproveitou descuido de criminosos respons\u00e1veis pela vigil\u00e2ncia e enviou localiza\u00e7\u00e3o de cativeiro para esposa. Seis homens foram ...\" \/>\n<meta property=\"og:url\" content=\"https:\/\/deputadotaveirajr.com.br\/index.php\/policia-encontra-cativeiro-e-prende-seis-suspeitos-de-sequestro-em-flagrante-no-interior-do-rn\/\" \/>\n<meta property=\"og:site_name\" content=\"Taveira Jr\" \/>\n<meta name=\"twitter:card\" content=\"summary_large_image\" \/>\n<meta name=\"twitter:label1\" content=\"Est. tempo de leitura\" \/>\n\t<meta name=\"twitter:data1\" content=\"2 minutos\" \/>\n<script type=\"application\/ld+json\" class=\"yoast-schema-graph\">{\"@context\":\"https:\/\/schema.org\",\"@graph\":[{\"@type\":\"WebPage\",\"@id\":\"https:\/\/deputadotaveirajr.com.br\/index.php\/policia-encontra-cativeiro-e-prende-seis-suspeitos-de-sequestro-em-flagrante-no-interior-do-rn\/\",\"url\":\"https:\/\/deputadotaveirajr.com.br\/index.php\/policia-encontra-cativeiro-e-prende-seis-suspeitos-de-sequestro-em-flagrante-no-interior-do-rn\/\",\"name\":\"Pol\u00edcia encontra cativeiro e prende seis suspeitos de sequestro em flagrante no interior do RN - Taveira Jr\",\"isPartOf\":{\"@id\":\"https:\/\/deputadotaveirajr.com.br\/#website\"},\"datePublished\":\"2024-03-11T17:27:25+00:00\",\"breadcrumb\":{\"@id\":\"https:\/\/deputadotaveirajr.com.br\/index.php\/policia-encontra-cativeiro-e-prende-seis-suspeitos-de-sequestro-em-flagrante-no-interior-do-rn\/#breadcrumb\"},\"inLanguage\":\"pt-BR\",\"potentialAction\":[{\"@type\":\"ReadAction\",\"target\":[\"https:\/\/deputadotaveirajr.com.br\/index.php\/policia-encontra-cativeiro-e-prende-seis-suspeitos-de-sequestro-em-flagrante-no-interior-do-rn\/\"]}]},{\"@type\":\"BreadcrumbList\",\"@id\":\"https:\/\/deputadotaveirajr.com.br\/index.php\/policia-encontra-cativeiro-e-prende-seis-suspeitos-de-sequestro-em-flagrante-no-interior-do-rn\/#breadcrumb\",\"itemListElement\":[{\"@type\":\"ListItem\",\"position\":1,\"name\":\"In\u00edcio\",\"item\":\"https:\/\/deputadotaveirajr.com.br\/\"},{\"@type\":\"ListItem\",\"position\":2,\"name\":\"Pol\u00edcia encontra cativeiro e prende seis suspeitos de sequestro em flagrante no interior do RN\"}]},{\"@type\":\"WebSite\",\"@id\":\"https:\/\/deputadotaveirajr.com.br\/#website\",\"url\":\"https:\/\/deputadotaveirajr.com.br\/\",\"name\":\"Taveira Jr\",\"description\":\"Deputado Estadual\",\"publisher\":{\"@id\":\"https:\/\/deputadotaveirajr.com.br\/#organization\"},\"potentialAction\":[{\"@type\":\"SearchAction\",\"target\":{\"@type\":\"EntryPoint\",\"urlTemplate\":\"https:\/\/deputadotaveirajr.com.br\/?s={search_term_string}\"},\"query-input\":{\"@type\":\"PropertyValueSpecification\",\"valueRequired\":true,\"valueName\":\"search_term_string\"}}],\"inLanguage\":\"pt-BR\"},{\"@type\":\"Organization\",\"@id\":\"https:\/\/deputadotaveirajr.com.br\/#organization\",\"name\":\"Taveira Jr\",\"url\":\"https:\/\/deputadotaveirajr.com.br\/\",\"logo\":{\"@type\":\"ImageObject\",\"inLanguage\":\"pt-BR\",\"@id\":\"https:\/\/deputadotaveirajr.com.br\/#\/schema\/logo\/image\/\",\"url\":\"https:\/\/deputadotaveirajr.com.br\/wp-content\/uploads\/2026\/01\/logolow2a.png\",\"contentUrl\":\"https:\/\/deputadotaveirajr.com.br\/wp-content\/uploads\/2026\/01\/logolow2a.png\",\"width\":290,\"height\":80,\"caption\":\"Taveira Jr\"},\"image\":{\"@id\":\"https:\/\/deputadotaveirajr.com.br\/#\/schema\/logo\/image\/\"}}]}<\/script>\n<!-- \/ Yoast SEO plugin. -->","yoast_head_json":{"title":"Pol\u00edcia encontra cativeiro e prende seis suspeitos de sequestro em flagrante no interior do RN - Taveira Jr","robots":{"index":"index","follow":"follow","max-snippet":"max-snippet:-1","max-image-preview":"max-image-preview:large","max-video-preview":"max-video-preview:-1"},"canonical":"https:\/\/deputadotaveirajr.com.br\/index.php\/policia-encontra-cativeiro-e-prende-seis-suspeitos-de-sequestro-em-flagrante-no-interior-do-rn\/","og_locale":"pt_BR","og_type":"article","og_title":"Pol\u00edcia encontra cativeiro e prende seis suspeitos de sequestro em flagrante no interior do RN - Taveira Jr","og_description":"Caso aconteceu na \u00faltima sexta-feira (8) em Macau. Segundo a Pol\u00edcia Civil, v\u00edtima aproveitou descuido de criminosos respons\u00e1veis pela vigil\u00e2ncia e enviou localiza\u00e7\u00e3o de cativeiro para esposa. Seis homens foram ...","og_url":"https:\/\/deputadotaveirajr.com.br\/index.php\/policia-encontra-cativeiro-e-prende-seis-suspeitos-de-sequestro-em-flagrante-no-interior-do-rn\/","og_site_name":"Taveira Jr","twitter_card":"summary_large_image","twitter_misc":{"Est. tempo de leitura":"2 minutos"},"schema":{"@context":"https:\/\/schema.org","@graph":[{"@type":"WebPage","@id":"https:\/\/deputadotaveirajr.com.br\/index.php\/policia-encontra-cativeiro-e-prende-seis-suspeitos-de-sequestro-em-flagrante-no-interior-do-rn\/","url":"https:\/\/deputadotaveirajr.com.br\/index.php\/policia-encontra-cativeiro-e-prende-seis-suspeitos-de-sequestro-em-flagrante-no-interior-do-rn\/","name":"Pol\u00edcia encontra cativeiro e prende seis suspeitos de sequestro em flagrante no interior do RN - Taveira Jr","isPartOf":{"@id":"https:\/\/deputadotaveirajr.com.br\/#website"},"datePublished":"2024-03-11T17:27:25+00:00","breadcrumb":{"@id":"https:\/\/deputadotaveirajr.com.br\/index.php\/policia-encontra-cativeiro-e-prende-seis-suspeitos-de-sequestro-em-flagrante-no-interior-do-rn\/#breadcrumb"},"inLanguage":"pt-BR","potentialAction":[{"@type":"ReadAction","target":["https:\/\/deputadotaveirajr.com.br\/index.php\/policia-encontra-cativeiro-e-prende-seis-suspeitos-de-sequestro-em-flagrante-no-interior-do-rn\/"]}]},{"@type":"BreadcrumbList","@id":"https:\/\/deputadotaveirajr.com.br\/index.php\/policia-encontra-cativeiro-e-prende-seis-suspeitos-de-sequestro-em-flagrante-no-interior-do-rn\/#breadcrumb","itemListElement":[{"@type":"ListItem","position":1,"name":"In\u00edcio","item":"https:\/\/deputadotaveirajr.com.br\/"},{"@type":"ListItem","position":2,"name":"Pol\u00edcia encontra cativeiro e prende seis suspeitos de sequestro em flagrante no interior do RN"}]},{"@type":"WebSite","@id":"https:\/\/deputadotaveirajr.com.br\/#website","url":"https:\/\/deputadotaveirajr.com.br\/","name":"Taveira Jr","description":"Deputado Estadual","publisher":{"@id":"https:\/\/deputadotaveirajr.com.br\/#organization"},"potentialAction":[{"@type":"SearchAction","target":{"@type":"EntryPoint","urlTemplate":"https:\/\/deputadotaveirajr.com.br\/?s={search_term_string}"},"query-input":{"@type":"PropertyValueSpecification","valueRequired":true,"valueName":"search_term_string"}}],"inLanguage":"pt-BR"},{"@type":"Organization","@id":"https:\/\/deputadotaveirajr.com.br\/#organization","name":"Taveira Jr","url":"https:\/\/deputadotaveirajr.com.br\/","logo":{"@type":"ImageObject","inLanguage":"pt-BR","@id":"https:\/\/deputadotaveirajr.com.br\/#\/schema\/logo\/image\/","url":"https:\/\/deputadotaveirajr.com.br\/wp-content\/uploads\/2026\/01\/logolow2a.png","contentUrl":"https:\/\/deputadotaveirajr.com.br\/wp-content\/uploads\/2026\/01\/logolow2a.png","width":290,"height":80,"caption":"Taveira Jr"},"image":{"@id":"https:\/\/deputadotaveirajr.com.br\/#\/schema\/logo\/image\/"}}]}},"_links":{"self":[{"href":"https:\/\/deputadotaveirajr.com.br\/index.php\/wp-json\/wp\/v2\/pages\/3435","targetHints":{"allow":["GET"]}}],"collection":[{"href":"https:\/\/deputadotaveirajr.com.br\/index.php\/wp-json\/wp\/v2\/pages"}],"about":[{"href":"https:\/\/deputadotaveirajr.com.br\/index.php\/wp-json\/wp\/v2\/types\/page"}],"replies":[{"embeddable":true,"href":"https:\/\/deputadotaveirajr.com.br\/index.php\/wp-json\/wp\/v2\/comments?post=3435"}],"version-history":[{"count":1,"href":"https:\/\/deputadotaveirajr.com.br\/index.php\/wp-json\/wp\/v2\/pages\/3435\/revisions"}],"predecessor-version":[{"id":3446,"href":"https:\/\/deputadotaveirajr.com.br\/index.php\/wp-json\/wp\/v2\/pages\/3435\/revisions\/3446"}],"wp:attachment":[{"href":"https:\/\/deputadotaveirajr.com.br\/index.php\/wp-json\/wp\/v2\/media?parent=3435"}],"curies":[{"name":"wp","href":"https:\/\/api.w.org\/{rel}","templated":true}]}}