{"id":3453,"date":"2024-03-11T21:23:32","date_gmt":"2024-03-12T00:23:32","guid":{"rendered":"https:\/\/deputadotaveirajr.com.br\/?page_id=3453"},"modified":"2024-03-11T21:23:32","modified_gmt":"2024-03-12T00:23:32","slug":"melao-supera-petroleo-e-volta-a-ser-produto-mais-exportado-do-rn-em-fevereiro-aponta-sebrae","status":"publish","type":"page","link":"https:\/\/deputadotaveirajr.com.br\/index.php\/melao-supera-petroleo-e-volta-a-ser-produto-mais-exportado-do-rn-em-fevereiro-aponta-sebrae\/","title":{"rendered":"Mel\u00e3o supera petr\u00f3leo e volta a ser produto mais exportado do RN em fevereiro, aponta Sebrae"},"content":{"rendered":"<p>     Produto somou mais de 19 mil toneladas exportadas em fevereiro, um aumento de 29,8% em compara\u00e7\u00e3o com o ano anterior. Relat\u00f3rio \u00e9 baseado em dados do Minist\u00e9rio da Economia. Rio Grande do Norte pode triplicar exporta\u00e7\u00e3o de mel\u00e3o para o Chile<br \/>\nElisa Elsie<br \/>\nO mel\u00e3o fresco superou o petr\u00f3leo (fuel oil) e voltou, no m\u00eas de fevereiro, a ser o produto do Rio Grande do Norte mais exportado para o mercado internacional. O fato n\u00e3o ocorria desde 2022.<br \/>\nO dado est\u00e1 presente na edi\u00e7\u00e3o mais recente do Boletim da Balan\u00e7a Comercial do RN, do Sebrae-RN, que \u00e9 baseado na Secretaria de Com\u00e9rcio Exterior (Secex), do Minist\u00e9rio da Economia.<br \/>\nEm fevereiro, as remessas de mel\u00e3o ultrapassaram 19 mil toneladas, um aumento de 29,8% em compara\u00e7\u00e3o com o mesmo m\u00eas em 2023. O volume negociado foi na casa dos US$ 13,8 milh\u00f5es.<br \/>\nNos dois primeiros meses de 2024, o RN exportou 40 mil toneladas da fruta para o mercado externo, principalmente para Espanha, Pa\u00edses Baixos e Reino Unido, em negocia\u00e7\u00f5es na casa dos US$ 29 milh\u00f5es. Em todo 2023, foram 157,3 mil toneladas.<br \/>\n&#8220;Desde 2019 que o estado se consolidou como o maior exportador de fruta do Brasil. S\u00e3o v\u00e1rias empresas potiguar, empresas internacionais, produzindo frutas aqui no estado&#8221;, avaliou o secret\u00e1rio de Agricultura do Rio Grande do Norte, Guilherme Saldanha.<br \/>\nLEIA TAMB\u00c9M:<br \/>\nCOMO CHEGOU \u00c0 LIDERAN\u00c7A: Entenda como petr\u00f3leo se tornou produto mais exportado pelo RN<br \/>\nMelancia, mam\u00e3o: exporta\u00e7\u00f5es no geral crescem<br \/>\nEm fevereiro deste ano, o boletim apontou que as exporta\u00e7\u00f5es somaram mais de US$ 45,6 milh\u00f5es, o que representa um aumento de 29,8% em rela\u00e7\u00e3o a fevereiro do ano passado, quando o volume de exporta\u00e7\u00f5es chegou a US$ 35,2 milh\u00f5es.<br \/>\nO n\u00famero, no entanto, \u00e9 menor se for comparado a janeiro. Houve uma retra\u00e7\u00e3o das exporta\u00e7\u00f5es potiguares de 35,6%.<br \/>\nO valor acumulado das exporta\u00e7\u00f5es no primeiro bimestre deste ano \u00e9 US$ 116,5 milh\u00f5es, que \u00e9 4,8% maior que o acumulado no mesmo intervalo do ano passado.<br \/>\nMelancia fresca foi outra exporta\u00e7\u00e3o que cresceu no RN<br \/>\nFoto: Celso Tavares\/g1<br \/>\nCompletam a lista dos cinco principais itens &#8211; liderados pelo mel\u00e3o &#8211; dos produtos mais exportados, de acordo com o boletim, em fevereiro:<br \/>\no gas\u00f3leo (\u00f3leo diesel) &#8211; US$ 9,6 milh\u00f5es;<br \/>\noutros a\u00e7\u00facares de cana  &#8211; US$ 5,5 milh\u00f5es;<br \/>\nas melancias frescas &#8211; US$ 4,3 milh\u00f5es; e<br \/>\nos mam\u00f5es papaias &#8211; US$ 1,3 milh\u00e3o.<br \/>\nAt\u00e9 janeiro, o produto mais exportado era o \u00f3leo de petr\u00f3leo combust\u00edvel (fuel oil), por\u00e9m esse item n\u00e3o figurou na rela\u00e7\u00e3o das exporta\u00e7\u00f5es do m\u00eas de fevereiro, segundo o Sebrae.<br \/>\nOs principais pa\u00edses destino das exporta\u00e7\u00f5es foram:<br \/>\nEstados Unidos;<br \/>\nEspanha;<br \/>\nPa\u00edses Baixos (Holanda); e<br \/>\nRep\u00fablica Dominicana.<br \/>\n&#8220;A gente tem observado e tem acompanhado de perto, e temos sido parceiros do produtor rural, do exportador de fruta. Afinal de contas, essa oportunidade gera um infid\u00e1vel n\u00famero de empregos, de oportunidades, de renda&#8221;, disse o secret\u00e1rio de Agricultura do RN, Guilherme Saldanha.<br \/>\nOutras gasolinas, queijos: importa\u00e7\u00f5es aumentam<br \/>\nAs mercadorias importadas somaram US$ 24,6 milh\u00f5es, um avan\u00e7o de 41,6% em rela\u00e7\u00e3o a fevereiro de 2023.<br \/>\nAs principais mercadorias que contribu\u00edram para esse crescimento foram:<br \/>\noutras gasolinas, exceto para avia\u00e7\u00e3o, com um total de mais de US$ 11,8 milh\u00f5es;<br \/>\no coque de petr\u00f3leo n\u00e3o calcinado (US$ 1,8 milh\u00e3o);<br \/>\nqueijo tipo mussarela fresco (US$ 703,9 mil);<br \/>\ncaixas de papel ou cart\u00e3o ondulados (US$ 417,3 mil).<br \/>\nOs principais pa\u00edses de origem das importa\u00e7\u00f5es foram Estados Unidos, China, Espanha, Argentina e Espanha.<br \/>\nConsiderando janeiro e fevereiro, o volume de importa\u00e7\u00e3o chega a US$ 82,2 milh\u00f5es, uma eleva\u00e7\u00e3o de 114,7% em rela\u00e7\u00e3o ao mesmo per\u00edodo em 2023 (US$ 38,3 milh\u00f5es).<br \/>\nCorrente de com\u00e9rcio e balan\u00e7a comercial<br \/>\nCom esses resultados, a corrente de com\u00e9rcio do estado, que \u00e9 calculada pela soma das exporta\u00e7\u00f5es e importa\u00e7\u00f5es, chegou em fevereiro a US$ 70.223.025.<br \/>\nJ\u00e1 a balan\u00e7a comercial do Rio Grande do Norte encerrou o m\u00eas com um super\u00e1vit de mais de US$ 21 milh\u00f5es.<br \/>\n\ud83d\udcf3Participe do canal do g1 RN no WhatsApp e receba no seu celular as not\u00edcias do estado<br \/>\nV\u00eddeos mais assistidos do g1 RN<\/p>","protected":false},"excerpt":{"rendered":"<p>Produto somou mais de 19 mil toneladas exportadas em fevereiro, um aumento de 29,8% em compara\u00e7\u00e3o com o ano anterior. Relat\u00f3rio \u00e9 baseado em dados do Minist\u00e9rio da Economia. Rio &#8230;<\/p>\n","protected":false},"author":0,"featured_media":0,"parent":0,"menu_order":0,"comment_status":"closed","ping_status":"closed","template":"","meta":{"footnotes":""},"class_list":["post-3453","page","type-page","status-publish","hentry"],"yoast_head":"<!-- This site is optimized with the Yoast SEO plugin v27.1.1 - https:\/\/yoast.com\/product\/yoast-seo-wordpress\/ -->\n<title>Mel\u00e3o supera petr\u00f3leo e volta a ser produto mais exportado do RN em fevereiro, aponta Sebrae - Taveira Jr<\/title>\n<meta name=\"robots\" content=\"index, follow, max-snippet:-1, max-image-preview:large, max-video-preview:-1\" \/>\n<link rel=\"canonical\" href=\"https:\/\/deputadotaveirajr.com.br\/index.php\/melao-supera-petroleo-e-volta-a-ser-produto-mais-exportado-do-rn-em-fevereiro-aponta-sebrae\/\" \/>\n<meta property=\"og:locale\" content=\"pt_BR\" \/>\n<meta property=\"og:type\" content=\"article\" \/>\n<meta property=\"og:title\" content=\"Mel\u00e3o supera petr\u00f3leo e volta a ser produto mais exportado do RN em fevereiro, aponta Sebrae - Taveira Jr\" \/>\n<meta property=\"og:description\" content=\"Produto somou mais de 19 mil toneladas exportadas em fevereiro, um aumento de 29,8% em compara\u00e7\u00e3o com o ano anterior. Relat\u00f3rio \u00e9 baseado em dados do Minist\u00e9rio da Economia. Rio ...\" \/>\n<meta property=\"og:url\" content=\"https:\/\/deputadotaveirajr.com.br\/index.php\/melao-supera-petroleo-e-volta-a-ser-produto-mais-exportado-do-rn-em-fevereiro-aponta-sebrae\/\" \/>\n<meta property=\"og:site_name\" content=\"Taveira Jr\" \/>\n<meta name=\"twitter:card\" content=\"summary_large_image\" \/>\n<meta name=\"twitter:label1\" content=\"Est. tempo de leitura\" \/>\n\t<meta name=\"twitter:data1\" content=\"4 minutos\" \/>\n<script type=\"application\/ld+json\" class=\"yoast-schema-graph\">{\"@context\":\"https:\/\/schema.org\",\"@graph\":[{\"@type\":\"WebPage\",\"@id\":\"https:\/\/deputadotaveirajr.com.br\/index.php\/melao-supera-petroleo-e-volta-a-ser-produto-mais-exportado-do-rn-em-fevereiro-aponta-sebrae\/\",\"url\":\"https:\/\/deputadotaveirajr.com.br\/index.php\/melao-supera-petroleo-e-volta-a-ser-produto-mais-exportado-do-rn-em-fevereiro-aponta-sebrae\/\",\"name\":\"Mel\u00e3o supera petr\u00f3leo e volta a ser produto mais exportado do RN em fevereiro, aponta Sebrae - Taveira Jr\",\"isPartOf\":{\"@id\":\"https:\/\/deputadotaveirajr.com.br\/#website\"},\"datePublished\":\"2024-03-12T00:23:32+00:00\",\"breadcrumb\":{\"@id\":\"https:\/\/deputadotaveirajr.com.br\/index.php\/melao-supera-petroleo-e-volta-a-ser-produto-mais-exportado-do-rn-em-fevereiro-aponta-sebrae\/#breadcrumb\"},\"inLanguage\":\"pt-BR\",\"potentialAction\":[{\"@type\":\"ReadAction\",\"target\":[\"https:\/\/deputadotaveirajr.com.br\/index.php\/melao-supera-petroleo-e-volta-a-ser-produto-mais-exportado-do-rn-em-fevereiro-aponta-sebrae\/\"]}]},{\"@type\":\"BreadcrumbList\",\"@id\":\"https:\/\/deputadotaveirajr.com.br\/index.php\/melao-supera-petroleo-e-volta-a-ser-produto-mais-exportado-do-rn-em-fevereiro-aponta-sebrae\/#breadcrumb\",\"itemListElement\":[{\"@type\":\"ListItem\",\"position\":1,\"name\":\"In\u00edcio\",\"item\":\"https:\/\/deputadotaveirajr.com.br\/\"},{\"@type\":\"ListItem\",\"position\":2,\"name\":\"Mel\u00e3o supera petr\u00f3leo e volta a ser produto mais exportado do RN em fevereiro, aponta Sebrae\"}]},{\"@type\":\"WebSite\",\"@id\":\"https:\/\/deputadotaveirajr.com.br\/#website\",\"url\":\"https:\/\/deputadotaveirajr.com.br\/\",\"name\":\"Taveira Jr\",\"description\":\"Deputado Estadual\",\"publisher\":{\"@id\":\"https:\/\/deputadotaveirajr.com.br\/#organization\"},\"potentialAction\":[{\"@type\":\"SearchAction\",\"target\":{\"@type\":\"EntryPoint\",\"urlTemplate\":\"https:\/\/deputadotaveirajr.com.br\/?s={search_term_string}\"},\"query-input\":{\"@type\":\"PropertyValueSpecification\",\"valueRequired\":true,\"valueName\":\"search_term_string\"}}],\"inLanguage\":\"pt-BR\"},{\"@type\":\"Organization\",\"@id\":\"https:\/\/deputadotaveirajr.com.br\/#organization\",\"name\":\"Taveira Jr\",\"url\":\"https:\/\/deputadotaveirajr.com.br\/\",\"logo\":{\"@type\":\"ImageObject\",\"inLanguage\":\"pt-BR\",\"@id\":\"https:\/\/deputadotaveirajr.com.br\/#\/schema\/logo\/image\/\",\"url\":\"https:\/\/deputadotaveirajr.com.br\/wp-content\/uploads\/2026\/01\/logolow2a.png\",\"contentUrl\":\"https:\/\/deputadotaveirajr.com.br\/wp-content\/uploads\/2026\/01\/logolow2a.png\",\"width\":290,\"height\":80,\"caption\":\"Taveira Jr\"},\"image\":{\"@id\":\"https:\/\/deputadotaveirajr.com.br\/#\/schema\/logo\/image\/\"}}]}<\/script>\n<!-- \/ Yoast SEO plugin. -->","yoast_head_json":{"title":"Mel\u00e3o supera petr\u00f3leo e volta a ser produto mais exportado do RN em fevereiro, aponta Sebrae - Taveira Jr","robots":{"index":"index","follow":"follow","max-snippet":"max-snippet:-1","max-image-preview":"max-image-preview:large","max-video-preview":"max-video-preview:-1"},"canonical":"https:\/\/deputadotaveirajr.com.br\/index.php\/melao-supera-petroleo-e-volta-a-ser-produto-mais-exportado-do-rn-em-fevereiro-aponta-sebrae\/","og_locale":"pt_BR","og_type":"article","og_title":"Mel\u00e3o supera petr\u00f3leo e volta a ser produto mais exportado do RN em fevereiro, aponta Sebrae - Taveira Jr","og_description":"Produto somou mais de 19 mil toneladas exportadas em fevereiro, um aumento de 29,8% em compara\u00e7\u00e3o com o ano anterior. Relat\u00f3rio \u00e9 baseado em dados do Minist\u00e9rio da Economia. Rio ...","og_url":"https:\/\/deputadotaveirajr.com.br\/index.php\/melao-supera-petroleo-e-volta-a-ser-produto-mais-exportado-do-rn-em-fevereiro-aponta-sebrae\/","og_site_name":"Taveira Jr","twitter_card":"summary_large_image","twitter_misc":{"Est. tempo de leitura":"4 minutos"},"schema":{"@context":"https:\/\/schema.org","@graph":[{"@type":"WebPage","@id":"https:\/\/deputadotaveirajr.com.br\/index.php\/melao-supera-petroleo-e-volta-a-ser-produto-mais-exportado-do-rn-em-fevereiro-aponta-sebrae\/","url":"https:\/\/deputadotaveirajr.com.br\/index.php\/melao-supera-petroleo-e-volta-a-ser-produto-mais-exportado-do-rn-em-fevereiro-aponta-sebrae\/","name":"Mel\u00e3o supera petr\u00f3leo e volta a ser produto mais exportado do RN em fevereiro, aponta Sebrae - Taveira Jr","isPartOf":{"@id":"https:\/\/deputadotaveirajr.com.br\/#website"},"datePublished":"2024-03-12T00:23:32+00:00","breadcrumb":{"@id":"https:\/\/deputadotaveirajr.com.br\/index.php\/melao-supera-petroleo-e-volta-a-ser-produto-mais-exportado-do-rn-em-fevereiro-aponta-sebrae\/#breadcrumb"},"inLanguage":"pt-BR","potentialAction":[{"@type":"ReadAction","target":["https:\/\/deputadotaveirajr.com.br\/index.php\/melao-supera-petroleo-e-volta-a-ser-produto-mais-exportado-do-rn-em-fevereiro-aponta-sebrae\/"]}]},{"@type":"BreadcrumbList","@id":"https:\/\/deputadotaveirajr.com.br\/index.php\/melao-supera-petroleo-e-volta-a-ser-produto-mais-exportado-do-rn-em-fevereiro-aponta-sebrae\/#breadcrumb","itemListElement":[{"@type":"ListItem","position":1,"name":"In\u00edcio","item":"https:\/\/deputadotaveirajr.com.br\/"},{"@type":"ListItem","position":2,"name":"Mel\u00e3o supera petr\u00f3leo e volta a ser produto mais exportado do RN em fevereiro, aponta Sebrae"}]},{"@type":"WebSite","@id":"https:\/\/deputadotaveirajr.com.br\/#website","url":"https:\/\/deputadotaveirajr.com.br\/","name":"Taveira Jr","description":"Deputado Estadual","publisher":{"@id":"https:\/\/deputadotaveirajr.com.br\/#organization"},"potentialAction":[{"@type":"SearchAction","target":{"@type":"EntryPoint","urlTemplate":"https:\/\/deputadotaveirajr.com.br\/?s={search_term_string}"},"query-input":{"@type":"PropertyValueSpecification","valueRequired":true,"valueName":"search_term_string"}}],"inLanguage":"pt-BR"},{"@type":"Organization","@id":"https:\/\/deputadotaveirajr.com.br\/#organization","name":"Taveira Jr","url":"https:\/\/deputadotaveirajr.com.br\/","logo":{"@type":"ImageObject","inLanguage":"pt-BR","@id":"https:\/\/deputadotaveirajr.com.br\/#\/schema\/logo\/image\/","url":"https:\/\/deputadotaveirajr.com.br\/wp-content\/uploads\/2026\/01\/logolow2a.png","contentUrl":"https:\/\/deputadotaveirajr.com.br\/wp-content\/uploads\/2026\/01\/logolow2a.png","width":290,"height":80,"caption":"Taveira Jr"},"image":{"@id":"https:\/\/deputadotaveirajr.com.br\/#\/schema\/logo\/image\/"}}]}},"_links":{"self":[{"href":"https:\/\/deputadotaveirajr.com.br\/index.php\/wp-json\/wp\/v2\/pages\/3453","targetHints":{"allow":["GET"]}}],"collection":[{"href":"https:\/\/deputadotaveirajr.com.br\/index.php\/wp-json\/wp\/v2\/pages"}],"about":[{"href":"https:\/\/deputadotaveirajr.com.br\/index.php\/wp-json\/wp\/v2\/types\/page"}],"replies":[{"embeddable":true,"href":"https:\/\/deputadotaveirajr.com.br\/index.php\/wp-json\/wp\/v2\/comments?post=3453"}],"version-history":[{"count":1,"href":"https:\/\/deputadotaveirajr.com.br\/index.php\/wp-json\/wp\/v2\/pages\/3453\/revisions"}],"predecessor-version":[{"id":3455,"href":"https:\/\/deputadotaveirajr.com.br\/index.php\/wp-json\/wp\/v2\/pages\/3453\/revisions\/3455"}],"wp:attachment":[{"href":"https:\/\/deputadotaveirajr.com.br\/index.php\/wp-json\/wp\/v2\/media?parent=3453"}],"curies":[{"name":"wp","href":"https:\/\/api.w.org\/{rel}","templated":true}]}}