{"id":3457,"date":"2024-03-12T12:11:57","date_gmt":"2024-03-12T15:11:57","guid":{"rendered":"https:\/\/deputadotaveirajr.com.br\/?page_id=3457"},"modified":"2024-03-12T12:11:57","modified_gmt":"2024-03-12T15:11:57","slug":"monitor-da-violencia-com-queda-de-139-de-assassinatos-rn-registra-951-mortes-violentas-em-2023","status":"publish","type":"page","link":"https:\/\/deputadotaveirajr.com.br\/index.php\/monitor-da-violencia-com-queda-de-139-de-assassinatos-rn-registra-951-mortes-violentas-em-2023\/","title":{"rendered":"Monitor da Viol\u00eancia: com queda de 13,9% de assassinatos, RN registra  951 mortes violentas em 2023"},"content":{"rendered":"<p>     Estado registrou menor n\u00famero de mortes desde 2012. Levantamento foi publicado nesta ter\u00e7a-feira (12).  C\u00e1psulas de muni\u00e7\u00e3o no ch\u00e3o<br \/>\nReprodu\u00e7\u00e3o\/TV Gazeta<br \/>\nO Rio Grande do Norte teve uma queda de 13,9% no n\u00famero de mortes violentas em 2023 e chegou ao menor n\u00famero assassinatos em 11 anos. Foram 951 mortes violentas ao longo do ano passado &#8211; 154 mortes a menos na compara\u00e7\u00e3o com 2022, que teve 1.105 \u00f3bitos.<br \/>\nOs dados foram divulgados nesta ter\u00e7a-feira (12) pelo levantamento peri\u00f3dico do Monitor da Viol\u00eancia, projeto do g1 que observa m\u00eas a m\u00eas os registros de mortes violentas em todos os estados.<br \/>\nOs dados levam em conta os n\u00fameros de homic\u00eddios dolosos (inclu\u00eddos os feminic\u00eddios), al\u00e9m de latroc\u00ednio (roubo com resultado de morte) e les\u00e3o corporal seguida de morte.<br \/>\nA iniciativa \u00e9 desenvolvida em parceria com o N\u00facleo de Estudos da Viol\u00eancia da Universidade de S\u00e3o Paulo (NEV-USP) e o F\u00f3rum Brasileiro de Seguran\u00e7a P\u00fablica (FBSP).<br \/>\nP\u00e1gina especial: consulte o n\u00famero de assassinatos m\u00eas a m\u00eas no RN e no pa\u00eds desde 2017<br \/>\nMais pol\u00edcias nas ruas, mais homic\u00eddios<br \/>\nSobre informa\u00e7\u00e3o e a capacidade de nos indignar diante da viol\u00eancia<br \/>\nA redu\u00e7\u00e3o registrada no Rio Grande do Norte foi maior que a nacional, que ficou em 4%. Ainda assim, o estado teve um \u00edndice de 28,8 mortes por 100 mil habitantes, enquanto no pa\u00eds o \u00edndice \u00e9 de 19,4.<br \/>\nNa regi\u00e3o Nordeste, o Rio Grande do Norte teve o quinto maior \u00edndice e ficou atr\u00e1s de Pernambuco (38,8), Alagoas (36,2), Bahia (34,3) e Cear\u00e1 (33,8).<br \/>\nJ\u00e1 Sergipe (20,7), Piau\u00ed (21,7), Para\u00edba (25) e Maranh\u00e3o (27,1) tiveram \u00edndices menores que o do RN.<br \/>\nSegundo o levantamento nacional do g1, o estado teve 842 homic\u00eddios dolosos, 28 latroc\u00ednios &#8211; que \u00e9 o roubo com resultado em morte &#8211; e 81 casos de les\u00e3o corporal seguida de morte. Neste \u00faltimo, o estado foi o que registrou segundo maior n\u00famero do pa\u00eds, ficando atr\u00e1s apenas de S\u00e3o Paulo, que registrou 82.<br \/>\nLevantamento peri\u00f3dico \u00e9 encerrado<br \/>\nO levantamento peri\u00f3dico dos assassinatos \u00e9 um dos projetos do Monitor da Viol\u00eancia, criado em 2017 pelo g1 em parceria com o F\u00f3rum Brasileiro de Seguran\u00e7a P\u00fablica (FBSP) e N\u00facleo de Estudos da Viol\u00eancia da Universidade de S\u00e3o Paulo (NEV-USP).<br \/>\nNaquela \u00e9poca, o governo federal n\u00e3o tinha uma ferramenta que permitisse \u00e0 sociedade \u2013 jornalistas, pesquisadores, gestores p\u00fablicos e demais cidad\u00e3os \u2013 acompanhar, de forma atualizada, os dados sobre homic\u00eddios do pa\u00eds. O \u00fanico levantamento nacional era o do FSBP, divulgado no segundo semestre de cada ano.<br \/>\nA divulga\u00e7\u00e3o dos dados pelos estados tamb\u00e9m n\u00e3o era padronizada, e n\u00e3o havia uma frequ\u00eancia definida.<br \/>\nA partir da parceria, as centenas de jornalistas do g1 espalhados pelo pa\u00eds passaram a levantar junto aos estados dados sobre as mortes violentas ocorridas m\u00eas a m\u00eas, por meio da Lei de Acesso \u00e0 Informa\u00e7\u00e3o (LAI) e das assessorias de imprensa dos governos.<br \/>\nEsse trabalho contribuiu para aumentar a transpar\u00eancia e a precis\u00e3o das informa\u00e7\u00f5es sobre seguran\u00e7a p\u00fablica divulgadas no Brasil e, em 2024, o governo federal passou a publicar os dados de crimes violentos em um painel interativo com informa\u00e7\u00f5es de todos os estados.<br \/>\nOs dados do governo federal, embora usem uma metodologia diferente da do Monitor (por incluir, por exemplo, mortes suspeitas e encontro de corpos e ossadas, que podem n\u00e3o ser homic\u00eddios), apontam para um cen\u00e1rio semelhante, de redu\u00e7\u00e3o de 4% nas mortes violentas em 2023.<br \/>\nEsse aumento na transpar\u00eancia levou o g1 e os parceiros a decidirem encerrar o levantamento peri\u00f3dico das mortes violentas.<br \/>\n&#8220;O Monitor da Viol\u00eancia teve e tem um papel estrat\u00e9gico para a discuss\u00e3o de v\u00e1rios temas sens\u00edveis da agenda da seguran\u00e7a p\u00fablica, a exemplo dos dados sobre redu\u00e7\u00e3o e esclarecimento de homic\u00eddios, letalidade e vitimiza\u00e7\u00e3o policial, sistema prisional, viol\u00eancia contra mulheres, entre outros. Afinal, a experi\u00eancia internacional revela que \u00e9 a partir da a\u00e7\u00e3o intensa de dissemina\u00e7\u00e3o de informa\u00e7\u00f5es fidedignas e qualificadas que pol\u00edticas p\u00fablicas s\u00e3o provocadas e gestores se mobilizam&#8221;, afirmam Renato S\u00e9rgio de Lima e Samira Bueno, diretores do FBSP.<br \/>\nA decis\u00e3o n\u00e3o significa o fim do Monitor da Viol\u00eancia \u2013 apenas do levantamento peri\u00f3dico de assassinatos, diante de um cen\u00e1rio em que dados nacionais e atualizados sobre esses crimes estejam dispon\u00edveis para a popula\u00e7\u00e3o.<br \/>\nA parceria seguir\u00e1 em outras iniciativas, como tem acontecido desde 2017. Nesse per\u00edodo, entre outras coisas, o Monitor da Viol\u00eancia realizou reportagens sobre:<br \/>\nSolu\u00e7\u00e3o de investiga\u00e7\u00f5es de homic\u00eddios;<br \/>\nLetalidade policial e mortes de policiais militares;<br \/>\nFeminic\u00eddios;<br \/>\nRoubos de carro no Estado de SP;<br \/>\nImpacto da decis\u00e3o do STF que permitiu a substitui\u00e7\u00e3o da pris\u00e3o preventiva por domiciliar de gr\u00e1vidas e mulheres com filhos pequenos;<br \/>\nPropostas para a seguran\u00e7a p\u00fablica de candidatos \u00e0 Presid\u00eancia da Rep\u00fablica.<br \/>\nVeja os v\u00eddeos mais assistidos no g1 RN<\/p>","protected":false},"excerpt":{"rendered":"<p>Estado registrou menor n\u00famero de mortes desde 2012. Levantamento foi publicado nesta ter\u00e7a-feira (12). C\u00e1psulas de muni\u00e7\u00e3o no ch\u00e3o Reprodu\u00e7\u00e3o\/TV Gazeta O Rio Grande do Norte teve uma queda de &#8230;<\/p>\n","protected":false},"author":0,"featured_media":0,"parent":0,"menu_order":0,"comment_status":"closed","ping_status":"closed","template":"","meta":{"footnotes":""},"class_list":["post-3457","page","type-page","status-publish","hentry"],"yoast_head":"<!-- This site is optimized with the Yoast SEO plugin v27.1.1 - https:\/\/yoast.com\/product\/yoast-seo-wordpress\/ -->\n<title>Monitor da Viol\u00eancia: com queda de 13,9% de assassinatos, RN registra 951 mortes violentas em 2023 - Taveira Jr<\/title>\n<meta name=\"robots\" content=\"index, follow, max-snippet:-1, max-image-preview:large, max-video-preview:-1\" \/>\n<link rel=\"canonical\" href=\"https:\/\/deputadotaveirajr.com.br\/index.php\/monitor-da-violencia-com-queda-de-139-de-assassinatos-rn-registra-951-mortes-violentas-em-2023\/\" \/>\n<meta property=\"og:locale\" content=\"pt_BR\" \/>\n<meta property=\"og:type\" content=\"article\" \/>\n<meta property=\"og:title\" content=\"Monitor da Viol\u00eancia: com queda de 13,9% de assassinatos, RN registra 951 mortes violentas em 2023 - Taveira Jr\" \/>\n<meta property=\"og:description\" content=\"Estado registrou menor n\u00famero de mortes desde 2012. Levantamento foi publicado nesta ter\u00e7a-feira (12). C\u00e1psulas de muni\u00e7\u00e3o no ch\u00e3o Reprodu\u00e7\u00e3o\/TV Gazeta O Rio Grande do Norte teve uma queda de ...\" \/>\n<meta property=\"og:url\" content=\"https:\/\/deputadotaveirajr.com.br\/index.php\/monitor-da-violencia-com-queda-de-139-de-assassinatos-rn-registra-951-mortes-violentas-em-2023\/\" \/>\n<meta property=\"og:site_name\" content=\"Taveira Jr\" \/>\n<meta name=\"twitter:card\" content=\"summary_large_image\" \/>\n<meta name=\"twitter:label1\" content=\"Est. tempo de leitura\" \/>\n\t<meta name=\"twitter:data1\" content=\"4 minutos\" \/>\n<script type=\"application\/ld+json\" class=\"yoast-schema-graph\">{\"@context\":\"https:\/\/schema.org\",\"@graph\":[{\"@type\":\"WebPage\",\"@id\":\"https:\/\/deputadotaveirajr.com.br\/index.php\/monitor-da-violencia-com-queda-de-139-de-assassinatos-rn-registra-951-mortes-violentas-em-2023\/\",\"url\":\"https:\/\/deputadotaveirajr.com.br\/index.php\/monitor-da-violencia-com-queda-de-139-de-assassinatos-rn-registra-951-mortes-violentas-em-2023\/\",\"name\":\"Monitor da Viol\u00eancia: com queda de 13,9% de assassinatos, RN registra 951 mortes violentas em 2023 - Taveira Jr\",\"isPartOf\":{\"@id\":\"https:\/\/deputadotaveirajr.com.br\/#website\"},\"datePublished\":\"2024-03-12T15:11:57+00:00\",\"breadcrumb\":{\"@id\":\"https:\/\/deputadotaveirajr.com.br\/index.php\/monitor-da-violencia-com-queda-de-139-de-assassinatos-rn-registra-951-mortes-violentas-em-2023\/#breadcrumb\"},\"inLanguage\":\"pt-BR\",\"potentialAction\":[{\"@type\":\"ReadAction\",\"target\":[\"https:\/\/deputadotaveirajr.com.br\/index.php\/monitor-da-violencia-com-queda-de-139-de-assassinatos-rn-registra-951-mortes-violentas-em-2023\/\"]}]},{\"@type\":\"BreadcrumbList\",\"@id\":\"https:\/\/deputadotaveirajr.com.br\/index.php\/monitor-da-violencia-com-queda-de-139-de-assassinatos-rn-registra-951-mortes-violentas-em-2023\/#breadcrumb\",\"itemListElement\":[{\"@type\":\"ListItem\",\"position\":1,\"name\":\"In\u00edcio\",\"item\":\"https:\/\/deputadotaveirajr.com.br\/\"},{\"@type\":\"ListItem\",\"position\":2,\"name\":\"Monitor da Viol\u00eancia: com queda de 13,9% de assassinatos, RN registra 951 mortes violentas em 2023\"}]},{\"@type\":\"WebSite\",\"@id\":\"https:\/\/deputadotaveirajr.com.br\/#website\",\"url\":\"https:\/\/deputadotaveirajr.com.br\/\",\"name\":\"Taveira Jr\",\"description\":\"Deputado Estadual\",\"publisher\":{\"@id\":\"https:\/\/deputadotaveirajr.com.br\/#organization\"},\"potentialAction\":[{\"@type\":\"SearchAction\",\"target\":{\"@type\":\"EntryPoint\",\"urlTemplate\":\"https:\/\/deputadotaveirajr.com.br\/?s={search_term_string}\"},\"query-input\":{\"@type\":\"PropertyValueSpecification\",\"valueRequired\":true,\"valueName\":\"search_term_string\"}}],\"inLanguage\":\"pt-BR\"},{\"@type\":\"Organization\",\"@id\":\"https:\/\/deputadotaveirajr.com.br\/#organization\",\"name\":\"Taveira Jr\",\"url\":\"https:\/\/deputadotaveirajr.com.br\/\",\"logo\":{\"@type\":\"ImageObject\",\"inLanguage\":\"pt-BR\",\"@id\":\"https:\/\/deputadotaveirajr.com.br\/#\/schema\/logo\/image\/\",\"url\":\"https:\/\/deputadotaveirajr.com.br\/wp-content\/uploads\/2026\/01\/logolow2a.png\",\"contentUrl\":\"https:\/\/deputadotaveirajr.com.br\/wp-content\/uploads\/2026\/01\/logolow2a.png\",\"width\":290,\"height\":80,\"caption\":\"Taveira Jr\"},\"image\":{\"@id\":\"https:\/\/deputadotaveirajr.com.br\/#\/schema\/logo\/image\/\"}}]}<\/script>\n<!-- \/ Yoast SEO plugin. -->","yoast_head_json":{"title":"Monitor da Viol\u00eancia: com queda de 13,9% de assassinatos, RN registra 951 mortes violentas em 2023 - Taveira Jr","robots":{"index":"index","follow":"follow","max-snippet":"max-snippet:-1","max-image-preview":"max-image-preview:large","max-video-preview":"max-video-preview:-1"},"canonical":"https:\/\/deputadotaveirajr.com.br\/index.php\/monitor-da-violencia-com-queda-de-139-de-assassinatos-rn-registra-951-mortes-violentas-em-2023\/","og_locale":"pt_BR","og_type":"article","og_title":"Monitor da Viol\u00eancia: com queda de 13,9% de assassinatos, RN registra 951 mortes violentas em 2023 - Taveira Jr","og_description":"Estado registrou menor n\u00famero de mortes desde 2012. Levantamento foi publicado nesta ter\u00e7a-feira (12). C\u00e1psulas de muni\u00e7\u00e3o no ch\u00e3o Reprodu\u00e7\u00e3o\/TV Gazeta O Rio Grande do Norte teve uma queda de ...","og_url":"https:\/\/deputadotaveirajr.com.br\/index.php\/monitor-da-violencia-com-queda-de-139-de-assassinatos-rn-registra-951-mortes-violentas-em-2023\/","og_site_name":"Taveira Jr","twitter_card":"summary_large_image","twitter_misc":{"Est. tempo de leitura":"4 minutos"},"schema":{"@context":"https:\/\/schema.org","@graph":[{"@type":"WebPage","@id":"https:\/\/deputadotaveirajr.com.br\/index.php\/monitor-da-violencia-com-queda-de-139-de-assassinatos-rn-registra-951-mortes-violentas-em-2023\/","url":"https:\/\/deputadotaveirajr.com.br\/index.php\/monitor-da-violencia-com-queda-de-139-de-assassinatos-rn-registra-951-mortes-violentas-em-2023\/","name":"Monitor da Viol\u00eancia: com queda de 13,9% de assassinatos, RN registra 951 mortes violentas em 2023 - Taveira Jr","isPartOf":{"@id":"https:\/\/deputadotaveirajr.com.br\/#website"},"datePublished":"2024-03-12T15:11:57+00:00","breadcrumb":{"@id":"https:\/\/deputadotaveirajr.com.br\/index.php\/monitor-da-violencia-com-queda-de-139-de-assassinatos-rn-registra-951-mortes-violentas-em-2023\/#breadcrumb"},"inLanguage":"pt-BR","potentialAction":[{"@type":"ReadAction","target":["https:\/\/deputadotaveirajr.com.br\/index.php\/monitor-da-violencia-com-queda-de-139-de-assassinatos-rn-registra-951-mortes-violentas-em-2023\/"]}]},{"@type":"BreadcrumbList","@id":"https:\/\/deputadotaveirajr.com.br\/index.php\/monitor-da-violencia-com-queda-de-139-de-assassinatos-rn-registra-951-mortes-violentas-em-2023\/#breadcrumb","itemListElement":[{"@type":"ListItem","position":1,"name":"In\u00edcio","item":"https:\/\/deputadotaveirajr.com.br\/"},{"@type":"ListItem","position":2,"name":"Monitor da Viol\u00eancia: com queda de 13,9% de assassinatos, RN registra 951 mortes violentas em 2023"}]},{"@type":"WebSite","@id":"https:\/\/deputadotaveirajr.com.br\/#website","url":"https:\/\/deputadotaveirajr.com.br\/","name":"Taveira Jr","description":"Deputado Estadual","publisher":{"@id":"https:\/\/deputadotaveirajr.com.br\/#organization"},"potentialAction":[{"@type":"SearchAction","target":{"@type":"EntryPoint","urlTemplate":"https:\/\/deputadotaveirajr.com.br\/?s={search_term_string}"},"query-input":{"@type":"PropertyValueSpecification","valueRequired":true,"valueName":"search_term_string"}}],"inLanguage":"pt-BR"},{"@type":"Organization","@id":"https:\/\/deputadotaveirajr.com.br\/#organization","name":"Taveira Jr","url":"https:\/\/deputadotaveirajr.com.br\/","logo":{"@type":"ImageObject","inLanguage":"pt-BR","@id":"https:\/\/deputadotaveirajr.com.br\/#\/schema\/logo\/image\/","url":"https:\/\/deputadotaveirajr.com.br\/wp-content\/uploads\/2026\/01\/logolow2a.png","contentUrl":"https:\/\/deputadotaveirajr.com.br\/wp-content\/uploads\/2026\/01\/logolow2a.png","width":290,"height":80,"caption":"Taveira Jr"},"image":{"@id":"https:\/\/deputadotaveirajr.com.br\/#\/schema\/logo\/image\/"}}]}},"_links":{"self":[{"href":"https:\/\/deputadotaveirajr.com.br\/index.php\/wp-json\/wp\/v2\/pages\/3457","targetHints":{"allow":["GET"]}}],"collection":[{"href":"https:\/\/deputadotaveirajr.com.br\/index.php\/wp-json\/wp\/v2\/pages"}],"about":[{"href":"https:\/\/deputadotaveirajr.com.br\/index.php\/wp-json\/wp\/v2\/types\/page"}],"replies":[{"embeddable":true,"href":"https:\/\/deputadotaveirajr.com.br\/index.php\/wp-json\/wp\/v2\/comments?post=3457"}],"version-history":[{"count":1,"href":"https:\/\/deputadotaveirajr.com.br\/index.php\/wp-json\/wp\/v2\/pages\/3457\/revisions"}],"predecessor-version":[{"id":3464,"href":"https:\/\/deputadotaveirajr.com.br\/index.php\/wp-json\/wp\/v2\/pages\/3457\/revisions\/3464"}],"wp:attachment":[{"href":"https:\/\/deputadotaveirajr.com.br\/index.php\/wp-json\/wp\/v2\/media?parent=3457"}],"curies":[{"name":"wp","href":"https:\/\/api.w.org\/{rel}","templated":true}]}}