{"id":3484,"date":"2024-03-13T18:28:01","date_gmt":"2024-03-13T21:28:01","guid":{"rendered":"https:\/\/deputadotaveirajr.com.br\/?page_id=3484"},"modified":"2024-03-13T18:28:01","modified_gmt":"2024-03-13T21:28:01","slug":"receita-federal-apreende-roupas-e-produtos-falsificados-em-operacao-em-bairro-comercial-de-natal","status":"publish","type":"page","link":"https:\/\/deputadotaveirajr.com.br\/index.php\/receita-federal-apreende-roupas-e-produtos-falsificados-em-operacao-em-bairro-comercial-de-natal\/","title":{"rendered":"Receita Federal apreende roupas e produtos falsificados em opera\u00e7\u00e3o em bairro comercial de Natal"},"content":{"rendered":"<p>     \u00d3rg\u00e3o fiscalizou produtos em 13 lojas do Alecrim e apreendeu tamb\u00e9m itens como cal\u00e7ados, bolsas, mochilas e cigarros. \u00d3rg\u00e3o estima pelo menos R$ 1,3 milh\u00e3o apreendido. Produtos foram apreendidos pela Receita Federal em lojas no Alecrim<br \/>\nDivulga\u00e7\u00e3o\/Receita Federal<br \/>\nA Receita Federal e a Pol\u00edcia Civil apreenderam na manh\u00e3 desta quarta-feira (13) cargas de roupas falsificadas e de cigarros contrabandeados em uma opera\u00e7\u00e3o no bairro do Alecrim, um dos principais centros comerciais de Natal.<br \/>\nDe acordo com a Receita Federal, at\u00e9 o fim da manh\u00e3 desta quarta-feira (13), o valor parcial das cargas apreendidas chegava a pelo menos R$ 1,3 milh\u00e3o.<br \/>\nAo todo, 13 lojas foram fiscalizadas na opera\u00e7\u00e3o, que contou com a participa\u00e7\u00e3o de 60 servidores da Receita Federal e 20 policiais civis. A carga total apreendida n\u00e3o foi divulgada pelos \u00f3rg\u00e3os.<br \/>\n\ud83d\udcf3Participe do canal do g1 RN no WhatsApp e receba no seu celular as not\u00edcias do estado<br \/>\nA opera\u00e7\u00e3o foi chamada de &#8220;Primeira Linha&#8221;, em refer\u00eancia \u00e0 maneira como os vendedores chamam os produtos vendidos, que s\u00e3o rotulados como &#8220;c\u00f3pias de primeira linha&#8221; para disfar\u00e7ar a falsifica\u00e7\u00e3o.<br \/>\nDe acordo com a Receita Federal, entre os itens apreendidos est\u00e3o vestu\u00e1rio, cal\u00e7ados, bolsas, mochilas e acess\u00f3rios, assim como cigarros contrabandeados.<br \/>\nO foco da opera\u00e7\u00e3o foi combater a importa\u00e7\u00e3o irregular de mercadorias, visando proteger a livre concorr\u00eancia no com\u00e9rcio e a ind\u00fastria nacional.<br \/>\nDe acordo com a Receita, esse tipo de opera\u00e7\u00e3o garante a seguran\u00e7a da sociedade, preservando os empregos gerados pela ind\u00fastria nacional e protegendo a sa\u00fade e a vida das pessoas diante dos produtos. A opera\u00e7\u00e3o tamb\u00e9m teve o intuito de coibir o enriquecimento de organiza\u00e7\u00f5es criminosas.<br \/>\nProdutos apreendidos pela Receita Federal em lojas do Alecrim, em Natal<br \/>\nDivulga\u00e7\u00e3o\/Receita Federal<br \/>\nV\u00eddeos mais assistidos do g1 RN<\/p>","protected":false},"excerpt":{"rendered":"<p>\u00d3rg\u00e3o fiscalizou produtos em 13 lojas do Alecrim e apreendeu tamb\u00e9m itens como cal\u00e7ados, bolsas, mochilas e cigarros. \u00d3rg\u00e3o estima pelo menos R$ 1,3 milh\u00e3o apreendido. Produtos foram apreendidos pela &#8230;<\/p>\n","protected":false},"author":0,"featured_media":0,"parent":0,"menu_order":0,"comment_status":"closed","ping_status":"closed","template":"","meta":{"footnotes":""},"class_list":["post-3484","page","type-page","status-publish","hentry"],"yoast_head":"<!-- This site is optimized with the Yoast SEO plugin v27.1.1 - https:\/\/yoast.com\/product\/yoast-seo-wordpress\/ -->\n<title>Receita Federal apreende roupas e produtos falsificados em opera\u00e7\u00e3o em bairro comercial de Natal - Taveira Jr<\/title>\n<meta name=\"robots\" content=\"index, follow, max-snippet:-1, max-image-preview:large, max-video-preview:-1\" \/>\n<link rel=\"canonical\" href=\"https:\/\/deputadotaveirajr.com.br\/index.php\/receita-federal-apreende-roupas-e-produtos-falsificados-em-operacao-em-bairro-comercial-de-natal\/\" \/>\n<meta property=\"og:locale\" content=\"pt_BR\" \/>\n<meta property=\"og:type\" content=\"article\" \/>\n<meta property=\"og:title\" content=\"Receita Federal apreende roupas e produtos falsificados em opera\u00e7\u00e3o em bairro comercial de Natal - Taveira Jr\" \/>\n<meta property=\"og:description\" content=\"\u00d3rg\u00e3o fiscalizou produtos em 13 lojas do Alecrim e apreendeu tamb\u00e9m itens como cal\u00e7ados, bolsas, mochilas e cigarros. \u00d3rg\u00e3o estima pelo menos R$ 1,3 milh\u00e3o apreendido. Produtos foram apreendidos pela ...\" \/>\n<meta property=\"og:url\" content=\"https:\/\/deputadotaveirajr.com.br\/index.php\/receita-federal-apreende-roupas-e-produtos-falsificados-em-operacao-em-bairro-comercial-de-natal\/\" \/>\n<meta property=\"og:site_name\" content=\"Taveira Jr\" \/>\n<meta name=\"twitter:card\" content=\"summary_large_image\" \/>\n<meta name=\"twitter:label1\" content=\"Est. tempo de leitura\" \/>\n\t<meta name=\"twitter:data1\" content=\"2 minutos\" \/>\n<script type=\"application\/ld+json\" class=\"yoast-schema-graph\">{\"@context\":\"https:\/\/schema.org\",\"@graph\":[{\"@type\":\"WebPage\",\"@id\":\"https:\/\/deputadotaveirajr.com.br\/index.php\/receita-federal-apreende-roupas-e-produtos-falsificados-em-operacao-em-bairro-comercial-de-natal\/\",\"url\":\"https:\/\/deputadotaveirajr.com.br\/index.php\/receita-federal-apreende-roupas-e-produtos-falsificados-em-operacao-em-bairro-comercial-de-natal\/\",\"name\":\"Receita Federal apreende roupas e produtos falsificados em opera\u00e7\u00e3o em bairro comercial de Natal - Taveira Jr\",\"isPartOf\":{\"@id\":\"https:\/\/deputadotaveirajr.com.br\/#website\"},\"datePublished\":\"2024-03-13T21:28:01+00:00\",\"breadcrumb\":{\"@id\":\"https:\/\/deputadotaveirajr.com.br\/index.php\/receita-federal-apreende-roupas-e-produtos-falsificados-em-operacao-em-bairro-comercial-de-natal\/#breadcrumb\"},\"inLanguage\":\"pt-BR\",\"potentialAction\":[{\"@type\":\"ReadAction\",\"target\":[\"https:\/\/deputadotaveirajr.com.br\/index.php\/receita-federal-apreende-roupas-e-produtos-falsificados-em-operacao-em-bairro-comercial-de-natal\/\"]}]},{\"@type\":\"BreadcrumbList\",\"@id\":\"https:\/\/deputadotaveirajr.com.br\/index.php\/receita-federal-apreende-roupas-e-produtos-falsificados-em-operacao-em-bairro-comercial-de-natal\/#breadcrumb\",\"itemListElement\":[{\"@type\":\"ListItem\",\"position\":1,\"name\":\"In\u00edcio\",\"item\":\"https:\/\/deputadotaveirajr.com.br\/\"},{\"@type\":\"ListItem\",\"position\":2,\"name\":\"Receita Federal apreende roupas e produtos falsificados em opera\u00e7\u00e3o em bairro comercial de Natal\"}]},{\"@type\":\"WebSite\",\"@id\":\"https:\/\/deputadotaveirajr.com.br\/#website\",\"url\":\"https:\/\/deputadotaveirajr.com.br\/\",\"name\":\"Taveira Jr\",\"description\":\"Deputado Estadual\",\"publisher\":{\"@id\":\"https:\/\/deputadotaveirajr.com.br\/#organization\"},\"potentialAction\":[{\"@type\":\"SearchAction\",\"target\":{\"@type\":\"EntryPoint\",\"urlTemplate\":\"https:\/\/deputadotaveirajr.com.br\/?s={search_term_string}\"},\"query-input\":{\"@type\":\"PropertyValueSpecification\",\"valueRequired\":true,\"valueName\":\"search_term_string\"}}],\"inLanguage\":\"pt-BR\"},{\"@type\":\"Organization\",\"@id\":\"https:\/\/deputadotaveirajr.com.br\/#organization\",\"name\":\"Taveira Jr\",\"url\":\"https:\/\/deputadotaveirajr.com.br\/\",\"logo\":{\"@type\":\"ImageObject\",\"inLanguage\":\"pt-BR\",\"@id\":\"https:\/\/deputadotaveirajr.com.br\/#\/schema\/logo\/image\/\",\"url\":\"https:\/\/deputadotaveirajr.com.br\/wp-content\/uploads\/2026\/01\/logolow2a.png\",\"contentUrl\":\"https:\/\/deputadotaveirajr.com.br\/wp-content\/uploads\/2026\/01\/logolow2a.png\",\"width\":290,\"height\":80,\"caption\":\"Taveira Jr\"},\"image\":{\"@id\":\"https:\/\/deputadotaveirajr.com.br\/#\/schema\/logo\/image\/\"}}]}<\/script>\n<!-- \/ Yoast SEO plugin. -->","yoast_head_json":{"title":"Receita Federal apreende roupas e produtos falsificados em opera\u00e7\u00e3o em bairro comercial de Natal - Taveira Jr","robots":{"index":"index","follow":"follow","max-snippet":"max-snippet:-1","max-image-preview":"max-image-preview:large","max-video-preview":"max-video-preview:-1"},"canonical":"https:\/\/deputadotaveirajr.com.br\/index.php\/receita-federal-apreende-roupas-e-produtos-falsificados-em-operacao-em-bairro-comercial-de-natal\/","og_locale":"pt_BR","og_type":"article","og_title":"Receita Federal apreende roupas e produtos falsificados em opera\u00e7\u00e3o em bairro comercial de Natal - Taveira Jr","og_description":"\u00d3rg\u00e3o fiscalizou produtos em 13 lojas do Alecrim e apreendeu tamb\u00e9m itens como cal\u00e7ados, bolsas, mochilas e cigarros. \u00d3rg\u00e3o estima pelo menos R$ 1,3 milh\u00e3o apreendido. Produtos foram apreendidos pela ...","og_url":"https:\/\/deputadotaveirajr.com.br\/index.php\/receita-federal-apreende-roupas-e-produtos-falsificados-em-operacao-em-bairro-comercial-de-natal\/","og_site_name":"Taveira Jr","twitter_card":"summary_large_image","twitter_misc":{"Est. tempo de leitura":"2 minutos"},"schema":{"@context":"https:\/\/schema.org","@graph":[{"@type":"WebPage","@id":"https:\/\/deputadotaveirajr.com.br\/index.php\/receita-federal-apreende-roupas-e-produtos-falsificados-em-operacao-em-bairro-comercial-de-natal\/","url":"https:\/\/deputadotaveirajr.com.br\/index.php\/receita-federal-apreende-roupas-e-produtos-falsificados-em-operacao-em-bairro-comercial-de-natal\/","name":"Receita Federal apreende roupas e produtos falsificados em opera\u00e7\u00e3o em bairro comercial de Natal - Taveira Jr","isPartOf":{"@id":"https:\/\/deputadotaveirajr.com.br\/#website"},"datePublished":"2024-03-13T21:28:01+00:00","breadcrumb":{"@id":"https:\/\/deputadotaveirajr.com.br\/index.php\/receita-federal-apreende-roupas-e-produtos-falsificados-em-operacao-em-bairro-comercial-de-natal\/#breadcrumb"},"inLanguage":"pt-BR","potentialAction":[{"@type":"ReadAction","target":["https:\/\/deputadotaveirajr.com.br\/index.php\/receita-federal-apreende-roupas-e-produtos-falsificados-em-operacao-em-bairro-comercial-de-natal\/"]}]},{"@type":"BreadcrumbList","@id":"https:\/\/deputadotaveirajr.com.br\/index.php\/receita-federal-apreende-roupas-e-produtos-falsificados-em-operacao-em-bairro-comercial-de-natal\/#breadcrumb","itemListElement":[{"@type":"ListItem","position":1,"name":"In\u00edcio","item":"https:\/\/deputadotaveirajr.com.br\/"},{"@type":"ListItem","position":2,"name":"Receita Federal apreende roupas e produtos falsificados em opera\u00e7\u00e3o em bairro comercial de Natal"}]},{"@type":"WebSite","@id":"https:\/\/deputadotaveirajr.com.br\/#website","url":"https:\/\/deputadotaveirajr.com.br\/","name":"Taveira Jr","description":"Deputado Estadual","publisher":{"@id":"https:\/\/deputadotaveirajr.com.br\/#organization"},"potentialAction":[{"@type":"SearchAction","target":{"@type":"EntryPoint","urlTemplate":"https:\/\/deputadotaveirajr.com.br\/?s={search_term_string}"},"query-input":{"@type":"PropertyValueSpecification","valueRequired":true,"valueName":"search_term_string"}}],"inLanguage":"pt-BR"},{"@type":"Organization","@id":"https:\/\/deputadotaveirajr.com.br\/#organization","name":"Taveira Jr","url":"https:\/\/deputadotaveirajr.com.br\/","logo":{"@type":"ImageObject","inLanguage":"pt-BR","@id":"https:\/\/deputadotaveirajr.com.br\/#\/schema\/logo\/image\/","url":"https:\/\/deputadotaveirajr.com.br\/wp-content\/uploads\/2026\/01\/logolow2a.png","contentUrl":"https:\/\/deputadotaveirajr.com.br\/wp-content\/uploads\/2026\/01\/logolow2a.png","width":290,"height":80,"caption":"Taveira Jr"},"image":{"@id":"https:\/\/deputadotaveirajr.com.br\/#\/schema\/logo\/image\/"}}]}},"_links":{"self":[{"href":"https:\/\/deputadotaveirajr.com.br\/index.php\/wp-json\/wp\/v2\/pages\/3484","targetHints":{"allow":["GET"]}}],"collection":[{"href":"https:\/\/deputadotaveirajr.com.br\/index.php\/wp-json\/wp\/v2\/pages"}],"about":[{"href":"https:\/\/deputadotaveirajr.com.br\/index.php\/wp-json\/wp\/v2\/types\/page"}],"replies":[{"embeddable":true,"href":"https:\/\/deputadotaveirajr.com.br\/index.php\/wp-json\/wp\/v2\/comments?post=3484"}],"version-history":[{"count":1,"href":"https:\/\/deputadotaveirajr.com.br\/index.php\/wp-json\/wp\/v2\/pages\/3484\/revisions"}],"predecessor-version":[{"id":3489,"href":"https:\/\/deputadotaveirajr.com.br\/index.php\/wp-json\/wp\/v2\/pages\/3484\/revisions\/3489"}],"wp:attachment":[{"href":"https:\/\/deputadotaveirajr.com.br\/index.php\/wp-json\/wp\/v2\/media?parent=3484"}],"curies":[{"name":"wp","href":"https:\/\/api.w.org\/{rel}","templated":true}]}}