{"id":3490,"date":"2024-03-13T22:31:13","date_gmt":"2024-03-14T01:31:13","guid":{"rendered":"https:\/\/deputadotaveirajr.com.br\/?page_id=3490"},"modified":"2024-03-13T22:31:13","modified_gmt":"2024-03-14T01:31:13","slug":"video-policial-militar-reformado-atira-contra-motorista-por-aplicativo-apos-acidente-de-transito-em-natal","status":"publish","type":"page","link":"https:\/\/deputadotaveirajr.com.br\/index.php\/video-policial-militar-reformado-atira-contra-motorista-por-aplicativo-apos-acidente-de-transito-em-natal\/","title":{"rendered":"V\u00cdDEO: Policial militar reformado atira contra motorista por aplicativo ap\u00f3s acidente de tr\u00e2nsito em Natal"},"content":{"rendered":"<p>     Policial estava em uma moto que foi atingida. Ap\u00f3s o acidente, ele levantou e atirou contra homem de 65 anos de idade, que parou para prestar atendimento ap\u00f3s colis\u00e3o. Suspeito foi preso. Policial militar reformado atira contra motorista por aplicativo ap\u00f3s acidente de tr\u00e2nsito<br \/>\nUm policial militar reformado atirou contra um motorista por aplicativo ap\u00f3s um acidente de tr\u00e2nsito entre os dois na manh\u00e3 desta quarta-feira (13) no bairro Pitimbu, na Zona Sul de Natal. Uma c\u00e2mera de seguran\u00e7a registrou a colis\u00e3o e o crime (veja v\u00eddeo).<br \/>\nO policial militar reformado &#8211; que estava em uma moto atingida pelo motorista &#8211; fugiu ap\u00f3s os disparos, mas acabou detido horas depois pela Pol\u00edcia Militar. Um morador da regi\u00e3o anotou a placa da moto e denunciou \u00e0s autoridades.<br \/>\nA v\u00edtima dos disparos tem 65 anos de idade e, de acordo com a fam\u00edlia, sofreu pelo menos quatro tiros. Ele foi internado no Hospital Monsenhor Walfredo Gurgel, em Natal. O estado de sa\u00fade dele n\u00e3o foi informado.<br \/>\n\ud83d\udcf3Participe do canal do g1 RN no WhatsApp e receba no seu celular as not\u00edcias do estado<br \/>\nO acidente aconteceu por volta das 11h na Rua Lago da Pedra. O motorista por aplicativo tentava fazer o retorno na rua, quando bateu na motocicleta em que estava o policial militar reformado e uma mulher, como passageira. Os dois ca\u00edram da moto.<br \/>\nO v\u00eddeo das c\u00e2meras de seguran\u00e7a mostrou que PM reformado se levantou e caminhou em dire\u00e7\u00e3o ao motorista por aplicativo, que parou e desceu do carro para prestar socorro. Neste momento, o PM disparou.<br \/>\nDe acordo com testemunhas do acidente, n\u00e3o houve nenhuma discuss\u00e3o entre o momento da colis\u00e3o e dos disparos.<br \/>\nA Pol\u00edcia Civil informou que o PM reformado vai responder pelo crime de tentativa de homic\u00eddio qualificado e recepta\u00e7\u00e3o, pois arma que estava com ele &#8211; e que foi apreendida &#8211; tinha queixa de furto.<br \/>\nCaso aconteceu na Zona Sul de Natal<br \/>\nDivulga\u00e7\u00e3o<br \/>\nV\u00eddeos mais assistidos do g1 RN<\/p>","protected":false},"excerpt":{"rendered":"<p>Policial estava em uma moto que foi atingida. Ap\u00f3s o acidente, ele levantou e atirou contra homem de 65 anos de idade, que parou para prestar atendimento ap\u00f3s colis\u00e3o. Suspeito &#8230;<\/p>\n","protected":false},"author":0,"featured_media":0,"parent":0,"menu_order":0,"comment_status":"closed","ping_status":"closed","template":"","meta":{"footnotes":""},"class_list":["post-3490","page","type-page","status-publish","hentry"],"yoast_head":"<!-- This site is optimized with the Yoast SEO plugin v27.1.1 - https:\/\/yoast.com\/product\/yoast-seo-wordpress\/ -->\n<title>V\u00cdDEO: Policial militar reformado atira contra motorista por aplicativo ap\u00f3s acidente de tr\u00e2nsito em Natal - Taveira Jr<\/title>\n<meta name=\"robots\" content=\"index, follow, max-snippet:-1, max-image-preview:large, max-video-preview:-1\" \/>\n<link rel=\"canonical\" href=\"https:\/\/deputadotaveirajr.com.br\/index.php\/video-policial-militar-reformado-atira-contra-motorista-por-aplicativo-apos-acidente-de-transito-em-natal\/\" \/>\n<meta property=\"og:locale\" content=\"pt_BR\" \/>\n<meta property=\"og:type\" content=\"article\" \/>\n<meta property=\"og:title\" content=\"V\u00cdDEO: Policial militar reformado atira contra motorista por aplicativo ap\u00f3s acidente de tr\u00e2nsito em Natal - Taveira Jr\" \/>\n<meta property=\"og:description\" content=\"Policial estava em uma moto que foi atingida. Ap\u00f3s o acidente, ele levantou e atirou contra homem de 65 anos de idade, que parou para prestar atendimento ap\u00f3s colis\u00e3o. Suspeito ...\" \/>\n<meta property=\"og:url\" content=\"https:\/\/deputadotaveirajr.com.br\/index.php\/video-policial-militar-reformado-atira-contra-motorista-por-aplicativo-apos-acidente-de-transito-em-natal\/\" \/>\n<meta property=\"og:site_name\" content=\"Taveira Jr\" \/>\n<meta name=\"twitter:card\" content=\"summary_large_image\" \/>\n<meta name=\"twitter:label1\" content=\"Est. tempo de leitura\" \/>\n\t<meta name=\"twitter:data1\" content=\"2 minutos\" \/>\n<script type=\"application\/ld+json\" class=\"yoast-schema-graph\">{\"@context\":\"https:\/\/schema.org\",\"@graph\":[{\"@type\":\"WebPage\",\"@id\":\"https:\/\/deputadotaveirajr.com.br\/index.php\/video-policial-militar-reformado-atira-contra-motorista-por-aplicativo-apos-acidente-de-transito-em-natal\/\",\"url\":\"https:\/\/deputadotaveirajr.com.br\/index.php\/video-policial-militar-reformado-atira-contra-motorista-por-aplicativo-apos-acidente-de-transito-em-natal\/\",\"name\":\"V\u00cdDEO: Policial militar reformado atira contra motorista por aplicativo ap\u00f3s acidente de tr\u00e2nsito em Natal - Taveira Jr\",\"isPartOf\":{\"@id\":\"https:\/\/deputadotaveirajr.com.br\/#website\"},\"datePublished\":\"2024-03-14T01:31:13+00:00\",\"breadcrumb\":{\"@id\":\"https:\/\/deputadotaveirajr.com.br\/index.php\/video-policial-militar-reformado-atira-contra-motorista-por-aplicativo-apos-acidente-de-transito-em-natal\/#breadcrumb\"},\"inLanguage\":\"pt-BR\",\"potentialAction\":[{\"@type\":\"ReadAction\",\"target\":[\"https:\/\/deputadotaveirajr.com.br\/index.php\/video-policial-militar-reformado-atira-contra-motorista-por-aplicativo-apos-acidente-de-transito-em-natal\/\"]}]},{\"@type\":\"BreadcrumbList\",\"@id\":\"https:\/\/deputadotaveirajr.com.br\/index.php\/video-policial-militar-reformado-atira-contra-motorista-por-aplicativo-apos-acidente-de-transito-em-natal\/#breadcrumb\",\"itemListElement\":[{\"@type\":\"ListItem\",\"position\":1,\"name\":\"In\u00edcio\",\"item\":\"https:\/\/deputadotaveirajr.com.br\/\"},{\"@type\":\"ListItem\",\"position\":2,\"name\":\"V\u00cdDEO: Policial militar reformado atira contra motorista por aplicativo ap\u00f3s acidente de tr\u00e2nsito em Natal\"}]},{\"@type\":\"WebSite\",\"@id\":\"https:\/\/deputadotaveirajr.com.br\/#website\",\"url\":\"https:\/\/deputadotaveirajr.com.br\/\",\"name\":\"Taveira Jr\",\"description\":\"Deputado Estadual\",\"publisher\":{\"@id\":\"https:\/\/deputadotaveirajr.com.br\/#organization\"},\"potentialAction\":[{\"@type\":\"SearchAction\",\"target\":{\"@type\":\"EntryPoint\",\"urlTemplate\":\"https:\/\/deputadotaveirajr.com.br\/?s={search_term_string}\"},\"query-input\":{\"@type\":\"PropertyValueSpecification\",\"valueRequired\":true,\"valueName\":\"search_term_string\"}}],\"inLanguage\":\"pt-BR\"},{\"@type\":\"Organization\",\"@id\":\"https:\/\/deputadotaveirajr.com.br\/#organization\",\"name\":\"Taveira Jr\",\"url\":\"https:\/\/deputadotaveirajr.com.br\/\",\"logo\":{\"@type\":\"ImageObject\",\"inLanguage\":\"pt-BR\",\"@id\":\"https:\/\/deputadotaveirajr.com.br\/#\/schema\/logo\/image\/\",\"url\":\"https:\/\/deputadotaveirajr.com.br\/wp-content\/uploads\/2026\/01\/logolow2a.png\",\"contentUrl\":\"https:\/\/deputadotaveirajr.com.br\/wp-content\/uploads\/2026\/01\/logolow2a.png\",\"width\":290,\"height\":80,\"caption\":\"Taveira Jr\"},\"image\":{\"@id\":\"https:\/\/deputadotaveirajr.com.br\/#\/schema\/logo\/image\/\"}}]}<\/script>\n<!-- \/ Yoast SEO plugin. -->","yoast_head_json":{"title":"V\u00cdDEO: Policial militar reformado atira contra motorista por aplicativo ap\u00f3s acidente de tr\u00e2nsito em Natal - Taveira Jr","robots":{"index":"index","follow":"follow","max-snippet":"max-snippet:-1","max-image-preview":"max-image-preview:large","max-video-preview":"max-video-preview:-1"},"canonical":"https:\/\/deputadotaveirajr.com.br\/index.php\/video-policial-militar-reformado-atira-contra-motorista-por-aplicativo-apos-acidente-de-transito-em-natal\/","og_locale":"pt_BR","og_type":"article","og_title":"V\u00cdDEO: Policial militar reformado atira contra motorista por aplicativo ap\u00f3s acidente de tr\u00e2nsito em Natal - Taveira Jr","og_description":"Policial estava em uma moto que foi atingida. Ap\u00f3s o acidente, ele levantou e atirou contra homem de 65 anos de idade, que parou para prestar atendimento ap\u00f3s colis\u00e3o. Suspeito ...","og_url":"https:\/\/deputadotaveirajr.com.br\/index.php\/video-policial-militar-reformado-atira-contra-motorista-por-aplicativo-apos-acidente-de-transito-em-natal\/","og_site_name":"Taveira Jr","twitter_card":"summary_large_image","twitter_misc":{"Est. tempo de leitura":"2 minutos"},"schema":{"@context":"https:\/\/schema.org","@graph":[{"@type":"WebPage","@id":"https:\/\/deputadotaveirajr.com.br\/index.php\/video-policial-militar-reformado-atira-contra-motorista-por-aplicativo-apos-acidente-de-transito-em-natal\/","url":"https:\/\/deputadotaveirajr.com.br\/index.php\/video-policial-militar-reformado-atira-contra-motorista-por-aplicativo-apos-acidente-de-transito-em-natal\/","name":"V\u00cdDEO: Policial militar reformado atira contra motorista por aplicativo ap\u00f3s acidente de tr\u00e2nsito em Natal - Taveira Jr","isPartOf":{"@id":"https:\/\/deputadotaveirajr.com.br\/#website"},"datePublished":"2024-03-14T01:31:13+00:00","breadcrumb":{"@id":"https:\/\/deputadotaveirajr.com.br\/index.php\/video-policial-militar-reformado-atira-contra-motorista-por-aplicativo-apos-acidente-de-transito-em-natal\/#breadcrumb"},"inLanguage":"pt-BR","potentialAction":[{"@type":"ReadAction","target":["https:\/\/deputadotaveirajr.com.br\/index.php\/video-policial-militar-reformado-atira-contra-motorista-por-aplicativo-apos-acidente-de-transito-em-natal\/"]}]},{"@type":"BreadcrumbList","@id":"https:\/\/deputadotaveirajr.com.br\/index.php\/video-policial-militar-reformado-atira-contra-motorista-por-aplicativo-apos-acidente-de-transito-em-natal\/#breadcrumb","itemListElement":[{"@type":"ListItem","position":1,"name":"In\u00edcio","item":"https:\/\/deputadotaveirajr.com.br\/"},{"@type":"ListItem","position":2,"name":"V\u00cdDEO: Policial militar reformado atira contra motorista por aplicativo ap\u00f3s acidente de tr\u00e2nsito em Natal"}]},{"@type":"WebSite","@id":"https:\/\/deputadotaveirajr.com.br\/#website","url":"https:\/\/deputadotaveirajr.com.br\/","name":"Taveira Jr","description":"Deputado Estadual","publisher":{"@id":"https:\/\/deputadotaveirajr.com.br\/#organization"},"potentialAction":[{"@type":"SearchAction","target":{"@type":"EntryPoint","urlTemplate":"https:\/\/deputadotaveirajr.com.br\/?s={search_term_string}"},"query-input":{"@type":"PropertyValueSpecification","valueRequired":true,"valueName":"search_term_string"}}],"inLanguage":"pt-BR"},{"@type":"Organization","@id":"https:\/\/deputadotaveirajr.com.br\/#organization","name":"Taveira Jr","url":"https:\/\/deputadotaveirajr.com.br\/","logo":{"@type":"ImageObject","inLanguage":"pt-BR","@id":"https:\/\/deputadotaveirajr.com.br\/#\/schema\/logo\/image\/","url":"https:\/\/deputadotaveirajr.com.br\/wp-content\/uploads\/2026\/01\/logolow2a.png","contentUrl":"https:\/\/deputadotaveirajr.com.br\/wp-content\/uploads\/2026\/01\/logolow2a.png","width":290,"height":80,"caption":"Taveira Jr"},"image":{"@id":"https:\/\/deputadotaveirajr.com.br\/#\/schema\/logo\/image\/"}}]}},"_links":{"self":[{"href":"https:\/\/deputadotaveirajr.com.br\/index.php\/wp-json\/wp\/v2\/pages\/3490","targetHints":{"allow":["GET"]}}],"collection":[{"href":"https:\/\/deputadotaveirajr.com.br\/index.php\/wp-json\/wp\/v2\/pages"}],"about":[{"href":"https:\/\/deputadotaveirajr.com.br\/index.php\/wp-json\/wp\/v2\/types\/page"}],"replies":[{"embeddable":true,"href":"https:\/\/deputadotaveirajr.com.br\/index.php\/wp-json\/wp\/v2\/comments?post=3490"}],"version-history":[{"count":1,"href":"https:\/\/deputadotaveirajr.com.br\/index.php\/wp-json\/wp\/v2\/pages\/3490\/revisions"}],"predecessor-version":[{"id":3497,"href":"https:\/\/deputadotaveirajr.com.br\/index.php\/wp-json\/wp\/v2\/pages\/3490\/revisions\/3497"}],"wp:attachment":[{"href":"https:\/\/deputadotaveirajr.com.br\/index.php\/wp-json\/wp\/v2\/media?parent=3490"}],"curies":[{"name":"wp","href":"https:\/\/api.w.org\/{rel}","templated":true}]}}