{"id":3500,"date":"2024-03-14T11:32:19","date_gmt":"2024-03-14T14:32:19","guid":{"rendered":"https:\/\/deputadotaveirajr.com.br\/?page_id=3500"},"modified":"2024-03-14T11:32:19","modified_gmt":"2024-03-14T14:32:19","slug":"criminosos-fazem-sequestro-relampago-batem-carro-da-vitima-em-viatura-policial-e-acabam-perseguidos-e-presos-em-natal","status":"publish","type":"page","link":"https:\/\/deputadotaveirajr.com.br\/index.php\/criminosos-fazem-sequestro-relampago-batem-carro-da-vitima-em-viatura-policial-e-acabam-perseguidos-e-presos-em-natal\/","title":{"rendered":"Criminosos fazem sequestro rel\u00e2mpago, batem carro da v\u00edtima em viatura policial e acabam perseguidos e presos em Natal"},"content":{"rendered":"<p>     Caso aconteceu na noite de quarta-feira (13) na Zona Sul da cidade. Um dos detidos, adolescente de 17 anos ficou ferido de rasp\u00e3o no pesco\u00e7o.  Marca de tiro em carro de v\u00edtima de sequestro rel\u00e2mpago em Natal<br \/>\nKleber Teixeira\/Inter TV Cabugi<br \/>\nUma dupla acabou presa pela pol\u00edcia ap\u00f3s realizar um sequestro rel\u00e2mpago de um ex-vereador, bater o carro da v\u00edtima contra uma viatura e acabar perseguida pela Pol\u00edcia Militar em Natal, na noite de quarta-feira (13).<br \/>\nSegundo a Pol\u00edcia Civil, a v\u00edtima estava dentro do carro em uma lanchonete perto do centro administrativo do governo do estado, na Zona Sul da cidade, quando os bandidos entraram no ve\u00edculo.<br \/>\nCom a v\u00edtima feita ref\u00e9m, os criminosos percorreram v\u00e1rios pontos da cidade por cerca de 40 minutos. Segundo a pol\u00edcia, durante esse tempo, os bandidos amea\u00e7aram a v\u00edtima e chegaram a abrir a conta banc\u00e1ria do homem pelo celular, para realizar transfer\u00eancias banc\u00e1rias, mas n\u00e3o chegaram a concluir o  processo.<br \/>\nAinda segundo a pol\u00edcia, os assaltantes estavam nervosos e bateram o ve\u00edculo da v\u00edtima em v\u00e1rios carros.<br \/>\nArmas apreendidas com suspeitos em Natal<br \/>\nKleber Teixeira\/Inter TV Cabugi<br \/>\nDurante o trajeto, um dos carros atingidos foi uma viatura policial, que passou a perseguir o carro do ex-vereador. Na manh\u00e3 desta quinta (14) era poss\u00edvel ver pelo menos uma marca de tiro no vidro do carro.<br \/>\nOs dois suspeitos, um homem de 22 anos e um adolescente de 17 anos, acabaram presos. O adolescente ficou ferido por um tiro de rasp\u00e3o no pesco\u00e7o. Segundo a pol\u00edcia, a v\u00edtima n\u00e3o ficou ferida.<br \/>\n A v\u00edtima tamb\u00e9m foi levada para a Delegacia de Plant\u00e3o da Pol\u00edcia Civil e registrou um boletim de ocorr\u00eancia.<br \/>\nO g1 ligou para a v\u00edtima do sequestro rel\u00e2mpago, mas n\u00e3o teve as chamadas atendidas at\u00e9 a \u00faltima atualiza\u00e7\u00e3o desta mat\u00e9ria.<br \/>\nVeja os v\u00eddeos mais assistidos no g1 RN<\/p>","protected":false},"excerpt":{"rendered":"<p>Caso aconteceu na noite de quarta-feira (13) na Zona Sul da cidade. Um dos detidos, adolescente de 17 anos ficou ferido de rasp\u00e3o no pesco\u00e7o. Marca de tiro em carro &#8230;<\/p>\n","protected":false},"author":0,"featured_media":0,"parent":0,"menu_order":0,"comment_status":"closed","ping_status":"closed","template":"","meta":{"footnotes":""},"class_list":["post-3500","page","type-page","status-publish","hentry"],"yoast_head":"<!-- This site is optimized with the Yoast SEO plugin v27.1.1 - https:\/\/yoast.com\/product\/yoast-seo-wordpress\/ -->\n<title>Criminosos fazem sequestro rel\u00e2mpago, batem carro da v\u00edtima em viatura policial e acabam perseguidos e presos em Natal - Taveira Jr<\/title>\n<meta name=\"robots\" content=\"index, follow, max-snippet:-1, max-image-preview:large, max-video-preview:-1\" \/>\n<link rel=\"canonical\" href=\"https:\/\/deputadotaveirajr.com.br\/index.php\/criminosos-fazem-sequestro-relampago-batem-carro-da-vitima-em-viatura-policial-e-acabam-perseguidos-e-presos-em-natal\/\" \/>\n<meta property=\"og:locale\" content=\"pt_BR\" \/>\n<meta property=\"og:type\" content=\"article\" \/>\n<meta property=\"og:title\" content=\"Criminosos fazem sequestro rel\u00e2mpago, batem carro da v\u00edtima em viatura policial e acabam perseguidos e presos em Natal - Taveira Jr\" \/>\n<meta property=\"og:description\" content=\"Caso aconteceu na noite de quarta-feira (13) na Zona Sul da cidade. Um dos detidos, adolescente de 17 anos ficou ferido de rasp\u00e3o no pesco\u00e7o. Marca de tiro em carro ...\" \/>\n<meta property=\"og:url\" content=\"https:\/\/deputadotaveirajr.com.br\/index.php\/criminosos-fazem-sequestro-relampago-batem-carro-da-vitima-em-viatura-policial-e-acabam-perseguidos-e-presos-em-natal\/\" \/>\n<meta property=\"og:site_name\" content=\"Taveira Jr\" \/>\n<meta name=\"twitter:card\" content=\"summary_large_image\" \/>\n<meta name=\"twitter:label1\" content=\"Est. tempo de leitura\" \/>\n\t<meta name=\"twitter:data1\" content=\"2 minutos\" \/>\n<script type=\"application\/ld+json\" class=\"yoast-schema-graph\">{\"@context\":\"https:\/\/schema.org\",\"@graph\":[{\"@type\":\"WebPage\",\"@id\":\"https:\/\/deputadotaveirajr.com.br\/index.php\/criminosos-fazem-sequestro-relampago-batem-carro-da-vitima-em-viatura-policial-e-acabam-perseguidos-e-presos-em-natal\/\",\"url\":\"https:\/\/deputadotaveirajr.com.br\/index.php\/criminosos-fazem-sequestro-relampago-batem-carro-da-vitima-em-viatura-policial-e-acabam-perseguidos-e-presos-em-natal\/\",\"name\":\"Criminosos fazem sequestro rel\u00e2mpago, batem carro da v\u00edtima em viatura policial e acabam perseguidos e presos em Natal - Taveira Jr\",\"isPartOf\":{\"@id\":\"https:\/\/deputadotaveirajr.com.br\/#website\"},\"datePublished\":\"2024-03-14T14:32:19+00:00\",\"breadcrumb\":{\"@id\":\"https:\/\/deputadotaveirajr.com.br\/index.php\/criminosos-fazem-sequestro-relampago-batem-carro-da-vitima-em-viatura-policial-e-acabam-perseguidos-e-presos-em-natal\/#breadcrumb\"},\"inLanguage\":\"pt-BR\",\"potentialAction\":[{\"@type\":\"ReadAction\",\"target\":[\"https:\/\/deputadotaveirajr.com.br\/index.php\/criminosos-fazem-sequestro-relampago-batem-carro-da-vitima-em-viatura-policial-e-acabam-perseguidos-e-presos-em-natal\/\"]}]},{\"@type\":\"BreadcrumbList\",\"@id\":\"https:\/\/deputadotaveirajr.com.br\/index.php\/criminosos-fazem-sequestro-relampago-batem-carro-da-vitima-em-viatura-policial-e-acabam-perseguidos-e-presos-em-natal\/#breadcrumb\",\"itemListElement\":[{\"@type\":\"ListItem\",\"position\":1,\"name\":\"In\u00edcio\",\"item\":\"https:\/\/deputadotaveirajr.com.br\/\"},{\"@type\":\"ListItem\",\"position\":2,\"name\":\"Criminosos fazem sequestro rel\u00e2mpago, batem carro da v\u00edtima em viatura policial e acabam perseguidos e presos em Natal\"}]},{\"@type\":\"WebSite\",\"@id\":\"https:\/\/deputadotaveirajr.com.br\/#website\",\"url\":\"https:\/\/deputadotaveirajr.com.br\/\",\"name\":\"Taveira Jr\",\"description\":\"Deputado Estadual\",\"publisher\":{\"@id\":\"https:\/\/deputadotaveirajr.com.br\/#organization\"},\"potentialAction\":[{\"@type\":\"SearchAction\",\"target\":{\"@type\":\"EntryPoint\",\"urlTemplate\":\"https:\/\/deputadotaveirajr.com.br\/?s={search_term_string}\"},\"query-input\":{\"@type\":\"PropertyValueSpecification\",\"valueRequired\":true,\"valueName\":\"search_term_string\"}}],\"inLanguage\":\"pt-BR\"},{\"@type\":\"Organization\",\"@id\":\"https:\/\/deputadotaveirajr.com.br\/#organization\",\"name\":\"Taveira Jr\",\"url\":\"https:\/\/deputadotaveirajr.com.br\/\",\"logo\":{\"@type\":\"ImageObject\",\"inLanguage\":\"pt-BR\",\"@id\":\"https:\/\/deputadotaveirajr.com.br\/#\/schema\/logo\/image\/\",\"url\":\"https:\/\/deputadotaveirajr.com.br\/wp-content\/uploads\/2026\/01\/logolow2a.png\",\"contentUrl\":\"https:\/\/deputadotaveirajr.com.br\/wp-content\/uploads\/2026\/01\/logolow2a.png\",\"width\":290,\"height\":80,\"caption\":\"Taveira Jr\"},\"image\":{\"@id\":\"https:\/\/deputadotaveirajr.com.br\/#\/schema\/logo\/image\/\"}}]}<\/script>\n<!-- \/ Yoast SEO plugin. -->","yoast_head_json":{"title":"Criminosos fazem sequestro rel\u00e2mpago, batem carro da v\u00edtima em viatura policial e acabam perseguidos e presos em Natal - Taveira Jr","robots":{"index":"index","follow":"follow","max-snippet":"max-snippet:-1","max-image-preview":"max-image-preview:large","max-video-preview":"max-video-preview:-1"},"canonical":"https:\/\/deputadotaveirajr.com.br\/index.php\/criminosos-fazem-sequestro-relampago-batem-carro-da-vitima-em-viatura-policial-e-acabam-perseguidos-e-presos-em-natal\/","og_locale":"pt_BR","og_type":"article","og_title":"Criminosos fazem sequestro rel\u00e2mpago, batem carro da v\u00edtima em viatura policial e acabam perseguidos e presos em Natal - Taveira Jr","og_description":"Caso aconteceu na noite de quarta-feira (13) na Zona Sul da cidade. Um dos detidos, adolescente de 17 anos ficou ferido de rasp\u00e3o no pesco\u00e7o. Marca de tiro em carro ...","og_url":"https:\/\/deputadotaveirajr.com.br\/index.php\/criminosos-fazem-sequestro-relampago-batem-carro-da-vitima-em-viatura-policial-e-acabam-perseguidos-e-presos-em-natal\/","og_site_name":"Taveira Jr","twitter_card":"summary_large_image","twitter_misc":{"Est. tempo de leitura":"2 minutos"},"schema":{"@context":"https:\/\/schema.org","@graph":[{"@type":"WebPage","@id":"https:\/\/deputadotaveirajr.com.br\/index.php\/criminosos-fazem-sequestro-relampago-batem-carro-da-vitima-em-viatura-policial-e-acabam-perseguidos-e-presos-em-natal\/","url":"https:\/\/deputadotaveirajr.com.br\/index.php\/criminosos-fazem-sequestro-relampago-batem-carro-da-vitima-em-viatura-policial-e-acabam-perseguidos-e-presos-em-natal\/","name":"Criminosos fazem sequestro rel\u00e2mpago, batem carro da v\u00edtima em viatura policial e acabam perseguidos e presos em Natal - Taveira Jr","isPartOf":{"@id":"https:\/\/deputadotaveirajr.com.br\/#website"},"datePublished":"2024-03-14T14:32:19+00:00","breadcrumb":{"@id":"https:\/\/deputadotaveirajr.com.br\/index.php\/criminosos-fazem-sequestro-relampago-batem-carro-da-vitima-em-viatura-policial-e-acabam-perseguidos-e-presos-em-natal\/#breadcrumb"},"inLanguage":"pt-BR","potentialAction":[{"@type":"ReadAction","target":["https:\/\/deputadotaveirajr.com.br\/index.php\/criminosos-fazem-sequestro-relampago-batem-carro-da-vitima-em-viatura-policial-e-acabam-perseguidos-e-presos-em-natal\/"]}]},{"@type":"BreadcrumbList","@id":"https:\/\/deputadotaveirajr.com.br\/index.php\/criminosos-fazem-sequestro-relampago-batem-carro-da-vitima-em-viatura-policial-e-acabam-perseguidos-e-presos-em-natal\/#breadcrumb","itemListElement":[{"@type":"ListItem","position":1,"name":"In\u00edcio","item":"https:\/\/deputadotaveirajr.com.br\/"},{"@type":"ListItem","position":2,"name":"Criminosos fazem sequestro rel\u00e2mpago, batem carro da v\u00edtima em viatura policial e acabam perseguidos e presos em Natal"}]},{"@type":"WebSite","@id":"https:\/\/deputadotaveirajr.com.br\/#website","url":"https:\/\/deputadotaveirajr.com.br\/","name":"Taveira Jr","description":"Deputado Estadual","publisher":{"@id":"https:\/\/deputadotaveirajr.com.br\/#organization"},"potentialAction":[{"@type":"SearchAction","target":{"@type":"EntryPoint","urlTemplate":"https:\/\/deputadotaveirajr.com.br\/?s={search_term_string}"},"query-input":{"@type":"PropertyValueSpecification","valueRequired":true,"valueName":"search_term_string"}}],"inLanguage":"pt-BR"},{"@type":"Organization","@id":"https:\/\/deputadotaveirajr.com.br\/#organization","name":"Taveira Jr","url":"https:\/\/deputadotaveirajr.com.br\/","logo":{"@type":"ImageObject","inLanguage":"pt-BR","@id":"https:\/\/deputadotaveirajr.com.br\/#\/schema\/logo\/image\/","url":"https:\/\/deputadotaveirajr.com.br\/wp-content\/uploads\/2026\/01\/logolow2a.png","contentUrl":"https:\/\/deputadotaveirajr.com.br\/wp-content\/uploads\/2026\/01\/logolow2a.png","width":290,"height":80,"caption":"Taveira Jr"},"image":{"@id":"https:\/\/deputadotaveirajr.com.br\/#\/schema\/logo\/image\/"}}]}},"_links":{"self":[{"href":"https:\/\/deputadotaveirajr.com.br\/index.php\/wp-json\/wp\/v2\/pages\/3500","targetHints":{"allow":["GET"]}}],"collection":[{"href":"https:\/\/deputadotaveirajr.com.br\/index.php\/wp-json\/wp\/v2\/pages"}],"about":[{"href":"https:\/\/deputadotaveirajr.com.br\/index.php\/wp-json\/wp\/v2\/types\/page"}],"replies":[{"embeddable":true,"href":"https:\/\/deputadotaveirajr.com.br\/index.php\/wp-json\/wp\/v2\/comments?post=3500"}],"version-history":[{"count":1,"href":"https:\/\/deputadotaveirajr.com.br\/index.php\/wp-json\/wp\/v2\/pages\/3500\/revisions"}],"predecessor-version":[{"id":3506,"href":"https:\/\/deputadotaveirajr.com.br\/index.php\/wp-json\/wp\/v2\/pages\/3500\/revisions\/3506"}],"wp:attachment":[{"href":"https:\/\/deputadotaveirajr.com.br\/index.php\/wp-json\/wp\/v2\/media?parent=3500"}],"curies":[{"name":"wp","href":"https:\/\/api.w.org\/{rel}","templated":true}]}}