{"id":3509,"date":"2024-03-14T14:44:50","date_gmt":"2024-03-14T17:44:50","guid":{"rendered":"https:\/\/deputadotaveirajr.com.br\/?page_id=3509"},"modified":"2024-03-14T14:44:50","modified_gmt":"2024-03-14T17:44:50","slug":"um-ano-dos-ataques-criminosos-no-rn-onde-foram-usados-os-r-100-milhoes-enviados-para-a-seguranca-publica-do-estado","status":"publish","type":"page","link":"https:\/\/deputadotaveirajr.com.br\/index.php\/um-ano-dos-ataques-criminosos-no-rn-onde-foram-usados-os-r-100-milhoes-enviados-para-a-seguranca-publica-do-estado\/","title":{"rendered":"Um ano dos ataques criminosos no RN: onde foram usados os R$ 100 milh\u00f5es enviados para a Seguran\u00e7a P\u00fablica do estado"},"content":{"rendered":"<p>     Segundo o governo do Rio Grande do Norte, recursos foram investidos viaturas e tamb\u00e9m ser\u00e3o usados na constru\u00e7\u00e3o de mais vagas em pres\u00eddios. Ve\u00edculos da Secretaria de Obras de Acari alvo de criminosos em mar\u00e7o de 2023<br \/>\nRedes sociais<br \/>\nNo dia 14 de mar\u00e7o de 2023 o Rio Grande do Norte amanheceu sob ataque de criminosos. Pr\u00e9dios p\u00fablicos, com\u00e9rcios e ve\u00edculos foram alvos de tiros e inc\u00eandios. Ao longo de 11 dias, mais de 300 a\u00e7\u00f5es orquestradas por bandidos foram registradas em cerca de 60 cidades.<br \/>\nSegundo a pol\u00edcia, as a\u00e7\u00f5es criminosas foram comandadas por uma fac\u00e7\u00e3o que atua dentro e fora de pres\u00eddios. Em troca da suspens\u00e3o dos ataques, a organiza\u00e7\u00e3o criminosa queria a implementa\u00e7\u00e3o de visitas \u00edntimas, instala\u00e7\u00f5es el\u00e9tricas e televis\u00f5es nas celas das penitenci\u00e1rias estaduais.<br \/>\nMais de 160 pessoas foram presas, ao longo dos dias de ataque e chefes da fac\u00e7\u00e3o foram transferidos para pres\u00eddios federais.<br \/>\nEm visita ao Rio Grande do Norte, o ent\u00e3o ministro da Justi\u00e7a, Fl\u00e1vio Dino, anunciou o repasse de R$ 100 milh\u00f5es ao estado, para investimentos na \u00e1rea de Seguran\u00e7a P\u00fablica. Passado um ano, nem metade do valor foi executado (gasto) pelo governo do estado.<br \/>\nO secret\u00e1rio de Seguran\u00e7a do RN, coronel Francisco Ara\u00fajo, no entanto, afirma que h\u00e1 v\u00e1rios projetos em execu\u00e7\u00e3o e que ser\u00e3o pagos com o recurso federal.<br \/>\n&#8220;Na verdade foi utilizado e est\u00e1 sendo utilizado. Por exemplo, n\u00f3s locamos 300 viaturas e, como o contrato \u00e9 de 30 meses, ent\u00e3o a cada m\u00eas \u00e9 pago um valor relativo a essas loca\u00e7\u00f5es. E h\u00e1 os ve\u00edculos que foram comprados, n\u00f3s j\u00e1 compramos 100 ve\u00edculos, estamos esperando mais 75 chegar, est\u00e3o em montagem na f\u00e1brica. Ent\u00e3o logo que a f\u00e1brica entregar, eles ser\u00e3o pagos e quitados&#8221;, disse.<br \/>\nViaturas da Pol\u00edcia Civil chegando ao RN em julho de 2023<br \/>\nSesed\/Cedida<br \/>\n&#8220;Esses recursos est\u00e3o sendo aplicados de acordo com a entrega daquele equipamento. Entregou o equipamento, n\u00f3s estamos pagando, porque temos o recurso garantido&#8221;, afirmou.<br \/>\nAl\u00e9m dos R$ 100 milh\u00f5es, o secret\u00e1rio afirmou que o governo federal tamb\u00e9m garantiu verba para tr\u00eas obras. Entre elas, a do Instituto T\u00e9cnico Incentivo de Per\u00edcia (Itep), que custa R$ 22 milh\u00f5es. De acordo com Ara\u00fajo, tamb\u00e9m h\u00e1 projetos em execu\u00e7\u00e3o na sede da Pol\u00edcia Civil, com mais de 50% executado, e o regimento da cavalaria da Pol\u00edcia Militar em Maca\u00edba, na Grande Natal. &#8220;S\u00e3o tr\u00eas grandes obras que passam de R$ 40 milh\u00f5es&#8221;, pontuou.<br \/>\nGastos<br \/>\nEm nota, o governo do estado informou que, dos R$ 100 milh\u00f5es anunciados pelo Minist\u00e9rio da Justi\u00e7a, &#8220;a maior parte dos recursos est\u00e1 chegando ao Rio Grande do Norte em forma de equipamentos&#8221;.<br \/>\nAl\u00e9m de R$ 19 milh\u00f5es que o estado destinou para o pagamento da loca\u00e7\u00e3o das 300 novas viaturas, R$ 10 milh\u00f5es foram usados pelo pr\u00f3prio governo federal para o pagamento das di\u00e1rias operacionais dos policiais que atuaram no combate aos ataques, &#8220;entre eles, mais de 100 homens e mulheres da For\u00e7a Nacional&#8221;.<br \/>\nFor\u00e7a Nacional no RN em mar\u00e7o de 2023<br \/>\nElisa Elsie\/Governo do RN<br \/>\nAinda segundo o governo, outros R$ 30 milh\u00f5es ser\u00e3o usados na compra de mais 100 novas viaturas e coletes bal\u00edsticos para as pol\u00edcias Civil e Militar. Uma frota com 75 ve\u00edculos j\u00e1 foi comprada e est\u00e1 sendo montada. A previs\u00e3o, segundo a Sesed, \u00e9 de que as novas viaturas sejam entregues ainda em mar\u00e7o.<br \/>\nOutra parte dos investimentos anunciados, cerca de R$ 15 milh\u00f5es, ser\u00e1 usado pelo estado na compra de fuzis e de 26 viaturas descaracterizadas que ser\u00e3o utilizadas pelo setor de intelig\u00eancia da Pol\u00edcia Civil. Os ve\u00edculos j\u00e1 est\u00e3o no estado, segundo o governo.<br \/>\nPor fim, R$ 26 milh\u00f5es s\u00e3o previstos para reformas, constru\u00e7\u00e3o de duas unidades prisionais e compra de equipamentos. As obras de constru\u00e7\u00e3o das novas unidades, avaliadas em cerca de R$ 15 milh\u00f5es, ainda n\u00e3o foram iniciadas. A Secretaria de Administra\u00e7\u00e3o Penal diz que os projetos est\u00e3o em processo administrativo e tamb\u00e9m dependem de outros \u00f3rg\u00e3os da gest\u00e3o estadual. Veja o detalhamento abaixo:<br \/>\nUso dos R$ 100 milh\u00f5es na seguran\u00e7a p\u00fablica do RN<br \/>\nExecutado<br \/>\nR$ 19 milh\u00f5es com aluguel de viaturas (2023 e 2024)<br \/>\nR$ 10 milh\u00f5es para custeio de policiais, como a For\u00e7a Nacional<br \/>\nEm execu\u00e7\u00e3o<br \/>\nR$ 30 milh\u00f5es para compra de 100 viaturas e coletes bal\u00edsticos<br \/>\nR$ 15 milh\u00f5es para compra de fuzis e viaturas<br \/>\nSistema penitenci\u00e1rio<br \/>\nDos R$ 100 milh\u00f5es enviados ao RN, R$ 26 milh\u00f5es foram destinados ao sistema penitenci\u00e1rio do estado:<br \/>\nExecutado<br \/>\nAquisic\u0327a\u0303o de 15 unidades de esteiras de Raio-X<br \/>\nAquisic\u0327a\u0303o de 30 unidades de po\u0301rtico com detector de metal<br \/>\nAquisic\u0327a\u0303o de 4 unidade de Body scanner e contratac\u0327a\u0303o de servic\u0327o especializado para manutenc\u0327a\u0303o de 16 unidades<br \/>\nAquisi\u00e7\u00e3o de enxoval para os internos (colcha\u0303o, lenc\u0327ol, toalha de banho)<br \/>\nEAD Prisional &#8211; modernizac\u0327a\u0303o e equipamentos<br \/>\nAquisi\u00e7\u00e3o de Kit Fardamento<br \/>\nAquisi\u00e7\u00e3o de material de Higiene e Limpeza<br \/>\nAquisic\u0327a\u0303o de insumo para Oficinas de costura, chinelos e blocos de concreto<br \/>\nEm execu\u00e7\u00e3o<br \/>\nConstruc\u0327a\u0303o de Unidade Prisional de Baixa Complexidade &#8211; 408 vagas<br \/>\nConstruc\u0327a\u0303o de Unidade Prisional de Baixa Complexidade &#8211; 120 vagas<br \/>\nContratac\u0327a\u0303o de soluc\u0327a\u0303o integrada de gesta\u0303o de dados obtidos mediante ca\u0302meras corporais &#8211; R$ 2,2 mih\u00f5es &#8211; em fase de testes com as empresas fornecedoras<br \/>\nEAD Prisional<br \/>\nAtaques no Rio Grande do Norte completam um ano<br \/>\nDe acordo com o professor Anderson Cristopher dos Santos, do Instituto de Pol\u00edticas P\u00fablicas da Universidade Federal do Rio Grande do Norte, al\u00e9m de aumentar o contingente de policiais, comprar viaturas e armas, o governo precisa investir recursos em intelig\u00eancia e investiga\u00e7\u00e3o &#8211; \u00e1reas que, segundo ele, normalmente n\u00e3o recebem muita aten\u00e7\u00e3o, por n\u00e3o serem vis\u00edveis \u00e0 sociedade.<br \/>\n&#8220;A gente tem que pensar que \u00e9 como um carro. Tem a parte externa e a interna. E o investimento em intelig\u00eancia \u00e9 fundamental. A per\u00edcia \u00e9 importante e tamb\u00e9m a Pol\u00edcia Civil. Mais do que prender pequenos bandidos, precisamos pegar os grandes e a gente s\u00f3 consegue pegar os grandes fazendo esse trabalho (investiga\u00e7\u00e3o)&#8221;, avalia.<br \/>\nVeja os v\u00eddeos mais assistidos no g1 RN<\/p>","protected":false},"excerpt":{"rendered":"<p>Segundo o governo do Rio Grande do Norte, recursos foram investidos viaturas e tamb\u00e9m ser\u00e3o usados na constru\u00e7\u00e3o de mais vagas em pres\u00eddios. Ve\u00edculos da Secretaria de Obras de Acari &#8230;<\/p>\n","protected":false},"author":0,"featured_media":0,"parent":0,"menu_order":0,"comment_status":"closed","ping_status":"closed","template":"","meta":{"footnotes":""},"class_list":["post-3509","page","type-page","status-publish","hentry"],"yoast_head":"<!-- This site is optimized with the Yoast SEO plugin v27.1.1 - https:\/\/yoast.com\/product\/yoast-seo-wordpress\/ -->\n<title>Um ano dos ataques criminosos no RN: onde foram usados os R$ 100 milh\u00f5es enviados para a Seguran\u00e7a P\u00fablica do estado - Taveira Jr<\/title>\n<meta name=\"robots\" content=\"index, follow, max-snippet:-1, max-image-preview:large, max-video-preview:-1\" \/>\n<link rel=\"canonical\" href=\"https:\/\/deputadotaveirajr.com.br\/index.php\/um-ano-dos-ataques-criminosos-no-rn-onde-foram-usados-os-r-100-milhoes-enviados-para-a-seguranca-publica-do-estado\/\" \/>\n<meta property=\"og:locale\" content=\"pt_BR\" \/>\n<meta property=\"og:type\" content=\"article\" \/>\n<meta property=\"og:title\" content=\"Um ano dos ataques criminosos no RN: onde foram usados os R$ 100 milh\u00f5es enviados para a Seguran\u00e7a P\u00fablica do estado - Taveira Jr\" \/>\n<meta property=\"og:description\" content=\"Segundo o governo do Rio Grande do Norte, recursos foram investidos viaturas e tamb\u00e9m ser\u00e3o usados na constru\u00e7\u00e3o de mais vagas em pres\u00eddios. Ve\u00edculos da Secretaria de Obras de Acari ...\" \/>\n<meta property=\"og:url\" content=\"https:\/\/deputadotaveirajr.com.br\/index.php\/um-ano-dos-ataques-criminosos-no-rn-onde-foram-usados-os-r-100-milhoes-enviados-para-a-seguranca-publica-do-estado\/\" \/>\n<meta property=\"og:site_name\" content=\"Taveira Jr\" \/>\n<meta name=\"twitter:card\" content=\"summary_large_image\" \/>\n<meta name=\"twitter:label1\" content=\"Est. tempo de leitura\" \/>\n\t<meta name=\"twitter:data1\" content=\"6 minutos\" \/>\n<script type=\"application\/ld+json\" class=\"yoast-schema-graph\">{\"@context\":\"https:\/\/schema.org\",\"@graph\":[{\"@type\":\"WebPage\",\"@id\":\"https:\/\/deputadotaveirajr.com.br\/index.php\/um-ano-dos-ataques-criminosos-no-rn-onde-foram-usados-os-r-100-milhoes-enviados-para-a-seguranca-publica-do-estado\/\",\"url\":\"https:\/\/deputadotaveirajr.com.br\/index.php\/um-ano-dos-ataques-criminosos-no-rn-onde-foram-usados-os-r-100-milhoes-enviados-para-a-seguranca-publica-do-estado\/\",\"name\":\"Um ano dos ataques criminosos no RN: onde foram usados os R$ 100 milh\u00f5es enviados para a Seguran\u00e7a P\u00fablica do estado - Taveira Jr\",\"isPartOf\":{\"@id\":\"https:\/\/deputadotaveirajr.com.br\/#website\"},\"datePublished\":\"2024-03-14T17:44:50+00:00\",\"breadcrumb\":{\"@id\":\"https:\/\/deputadotaveirajr.com.br\/index.php\/um-ano-dos-ataques-criminosos-no-rn-onde-foram-usados-os-r-100-milhoes-enviados-para-a-seguranca-publica-do-estado\/#breadcrumb\"},\"inLanguage\":\"pt-BR\",\"potentialAction\":[{\"@type\":\"ReadAction\",\"target\":[\"https:\/\/deputadotaveirajr.com.br\/index.php\/um-ano-dos-ataques-criminosos-no-rn-onde-foram-usados-os-r-100-milhoes-enviados-para-a-seguranca-publica-do-estado\/\"]}]},{\"@type\":\"BreadcrumbList\",\"@id\":\"https:\/\/deputadotaveirajr.com.br\/index.php\/um-ano-dos-ataques-criminosos-no-rn-onde-foram-usados-os-r-100-milhoes-enviados-para-a-seguranca-publica-do-estado\/#breadcrumb\",\"itemListElement\":[{\"@type\":\"ListItem\",\"position\":1,\"name\":\"In\u00edcio\",\"item\":\"https:\/\/deputadotaveirajr.com.br\/\"},{\"@type\":\"ListItem\",\"position\":2,\"name\":\"Um ano dos ataques criminosos no RN: onde foram usados os R$ 100 milh\u00f5es enviados para a Seguran\u00e7a P\u00fablica do estado\"}]},{\"@type\":\"WebSite\",\"@id\":\"https:\/\/deputadotaveirajr.com.br\/#website\",\"url\":\"https:\/\/deputadotaveirajr.com.br\/\",\"name\":\"Taveira Jr\",\"description\":\"Deputado Estadual\",\"publisher\":{\"@id\":\"https:\/\/deputadotaveirajr.com.br\/#organization\"},\"potentialAction\":[{\"@type\":\"SearchAction\",\"target\":{\"@type\":\"EntryPoint\",\"urlTemplate\":\"https:\/\/deputadotaveirajr.com.br\/?s={search_term_string}\"},\"query-input\":{\"@type\":\"PropertyValueSpecification\",\"valueRequired\":true,\"valueName\":\"search_term_string\"}}],\"inLanguage\":\"pt-BR\"},{\"@type\":\"Organization\",\"@id\":\"https:\/\/deputadotaveirajr.com.br\/#organization\",\"name\":\"Taveira Jr\",\"url\":\"https:\/\/deputadotaveirajr.com.br\/\",\"logo\":{\"@type\":\"ImageObject\",\"inLanguage\":\"pt-BR\",\"@id\":\"https:\/\/deputadotaveirajr.com.br\/#\/schema\/logo\/image\/\",\"url\":\"https:\/\/deputadotaveirajr.com.br\/wp-content\/uploads\/2026\/01\/logolow2a.png\",\"contentUrl\":\"https:\/\/deputadotaveirajr.com.br\/wp-content\/uploads\/2026\/01\/logolow2a.png\",\"width\":290,\"height\":80,\"caption\":\"Taveira Jr\"},\"image\":{\"@id\":\"https:\/\/deputadotaveirajr.com.br\/#\/schema\/logo\/image\/\"}}]}<\/script>\n<!-- \/ Yoast SEO plugin. -->","yoast_head_json":{"title":"Um ano dos ataques criminosos no RN: onde foram usados os R$ 100 milh\u00f5es enviados para a Seguran\u00e7a P\u00fablica do estado - Taveira Jr","robots":{"index":"index","follow":"follow","max-snippet":"max-snippet:-1","max-image-preview":"max-image-preview:large","max-video-preview":"max-video-preview:-1"},"canonical":"https:\/\/deputadotaveirajr.com.br\/index.php\/um-ano-dos-ataques-criminosos-no-rn-onde-foram-usados-os-r-100-milhoes-enviados-para-a-seguranca-publica-do-estado\/","og_locale":"pt_BR","og_type":"article","og_title":"Um ano dos ataques criminosos no RN: onde foram usados os R$ 100 milh\u00f5es enviados para a Seguran\u00e7a P\u00fablica do estado - Taveira Jr","og_description":"Segundo o governo do Rio Grande do Norte, recursos foram investidos viaturas e tamb\u00e9m ser\u00e3o usados na constru\u00e7\u00e3o de mais vagas em pres\u00eddios. Ve\u00edculos da Secretaria de Obras de Acari ...","og_url":"https:\/\/deputadotaveirajr.com.br\/index.php\/um-ano-dos-ataques-criminosos-no-rn-onde-foram-usados-os-r-100-milhoes-enviados-para-a-seguranca-publica-do-estado\/","og_site_name":"Taveira Jr","twitter_card":"summary_large_image","twitter_misc":{"Est. tempo de leitura":"6 minutos"},"schema":{"@context":"https:\/\/schema.org","@graph":[{"@type":"WebPage","@id":"https:\/\/deputadotaveirajr.com.br\/index.php\/um-ano-dos-ataques-criminosos-no-rn-onde-foram-usados-os-r-100-milhoes-enviados-para-a-seguranca-publica-do-estado\/","url":"https:\/\/deputadotaveirajr.com.br\/index.php\/um-ano-dos-ataques-criminosos-no-rn-onde-foram-usados-os-r-100-milhoes-enviados-para-a-seguranca-publica-do-estado\/","name":"Um ano dos ataques criminosos no RN: onde foram usados os R$ 100 milh\u00f5es enviados para a Seguran\u00e7a P\u00fablica do estado - Taveira Jr","isPartOf":{"@id":"https:\/\/deputadotaveirajr.com.br\/#website"},"datePublished":"2024-03-14T17:44:50+00:00","breadcrumb":{"@id":"https:\/\/deputadotaveirajr.com.br\/index.php\/um-ano-dos-ataques-criminosos-no-rn-onde-foram-usados-os-r-100-milhoes-enviados-para-a-seguranca-publica-do-estado\/#breadcrumb"},"inLanguage":"pt-BR","potentialAction":[{"@type":"ReadAction","target":["https:\/\/deputadotaveirajr.com.br\/index.php\/um-ano-dos-ataques-criminosos-no-rn-onde-foram-usados-os-r-100-milhoes-enviados-para-a-seguranca-publica-do-estado\/"]}]},{"@type":"BreadcrumbList","@id":"https:\/\/deputadotaveirajr.com.br\/index.php\/um-ano-dos-ataques-criminosos-no-rn-onde-foram-usados-os-r-100-milhoes-enviados-para-a-seguranca-publica-do-estado\/#breadcrumb","itemListElement":[{"@type":"ListItem","position":1,"name":"In\u00edcio","item":"https:\/\/deputadotaveirajr.com.br\/"},{"@type":"ListItem","position":2,"name":"Um ano dos ataques criminosos no RN: onde foram usados os R$ 100 milh\u00f5es enviados para a Seguran\u00e7a P\u00fablica do estado"}]},{"@type":"WebSite","@id":"https:\/\/deputadotaveirajr.com.br\/#website","url":"https:\/\/deputadotaveirajr.com.br\/","name":"Taveira Jr","description":"Deputado Estadual","publisher":{"@id":"https:\/\/deputadotaveirajr.com.br\/#organization"},"potentialAction":[{"@type":"SearchAction","target":{"@type":"EntryPoint","urlTemplate":"https:\/\/deputadotaveirajr.com.br\/?s={search_term_string}"},"query-input":{"@type":"PropertyValueSpecification","valueRequired":true,"valueName":"search_term_string"}}],"inLanguage":"pt-BR"},{"@type":"Organization","@id":"https:\/\/deputadotaveirajr.com.br\/#organization","name":"Taveira Jr","url":"https:\/\/deputadotaveirajr.com.br\/","logo":{"@type":"ImageObject","inLanguage":"pt-BR","@id":"https:\/\/deputadotaveirajr.com.br\/#\/schema\/logo\/image\/","url":"https:\/\/deputadotaveirajr.com.br\/wp-content\/uploads\/2026\/01\/logolow2a.png","contentUrl":"https:\/\/deputadotaveirajr.com.br\/wp-content\/uploads\/2026\/01\/logolow2a.png","width":290,"height":80,"caption":"Taveira Jr"},"image":{"@id":"https:\/\/deputadotaveirajr.com.br\/#\/schema\/logo\/image\/"}}]}},"_links":{"self":[{"href":"https:\/\/deputadotaveirajr.com.br\/index.php\/wp-json\/wp\/v2\/pages\/3509","targetHints":{"allow":["GET"]}}],"collection":[{"href":"https:\/\/deputadotaveirajr.com.br\/index.php\/wp-json\/wp\/v2\/pages"}],"about":[{"href":"https:\/\/deputadotaveirajr.com.br\/index.php\/wp-json\/wp\/v2\/types\/page"}],"replies":[{"embeddable":true,"href":"https:\/\/deputadotaveirajr.com.br\/index.php\/wp-json\/wp\/v2\/comments?post=3509"}],"version-history":[{"count":1,"href":"https:\/\/deputadotaveirajr.com.br\/index.php\/wp-json\/wp\/v2\/pages\/3509\/revisions"}],"predecessor-version":[{"id":3517,"href":"https:\/\/deputadotaveirajr.com.br\/index.php\/wp-json\/wp\/v2\/pages\/3509\/revisions\/3517"}],"wp:attachment":[{"href":"https:\/\/deputadotaveirajr.com.br\/index.php\/wp-json\/wp\/v2\/media?parent=3509"}],"curies":[{"name":"wp","href":"https:\/\/api.w.org\/{rel}","templated":true}]}}