{"id":3530,"date":"2024-03-15T12:04:24","date_gmt":"2024-03-15T15:04:24","guid":{"rendered":"https:\/\/deputadotaveirajr.com.br\/?page_id=3530"},"modified":"2024-03-15T12:04:24","modified_gmt":"2024-03-15T15:04:24","slug":"raio-atinge-casas-e-causa-prejuizos-em-comunidade-na-grande-natal","status":"publish","type":"page","link":"https:\/\/deputadotaveirajr.com.br\/index.php\/raio-atinge-casas-e-causa-prejuizos-em-comunidade-na-grande-natal\/","title":{"rendered":"Raio atinge casas e causa preju\u00edzos em comunidade na Grande Natal"},"content":{"rendered":"<p>     Moradores da comunidade de Massaranduba, em S\u00e3o Gon\u00e7alo do Amarante, relataram que caso aconteceu por volta das 20h30. Pelo menos uma pessoa foi socorrida ao hospital.  Queda de raio causou preju\u00edzos em casas em S\u00e3o Gon\u00e7alo do Amarante, na Grande Natal<br \/>\nKleber Teixeira\/Inter TV Cabugi<br \/>\nPelo menos um raio que caiu na noite desta quinta-feira (14) na regi\u00e3o de Massaranduba, em S\u00e3o Gon\u00e7alo do Amarante, na Grande Natal, destruiu instala\u00e7\u00f5es el\u00e9tricas de casas e causou choques el\u00e9tricos na comunidade. Pelo menos uma pessoa precisou ser levada ao hospital, segundo testemunhas.<br \/>\nO caso aconteceu por volta das 20h30. Na casa do serralheiro Franc\u00e9lio Pereira da Silva, onde estavam seis pessoas, tomadas estouraram e as paredes foram danificadas nas \u00e1reas por onde passava a fia\u00e7\u00e3o el\u00e9trica. Estilha\u00e7os da alvenaria atingiram os moradores.<br \/>\nRaio causou preju\u00edzos para moradores de Massaranduba, em S\u00e3o Gon\u00e7alo do Amarante, na Grande Natal<br \/>\nKleber Teixeira\/Inter TV Cabugi<br \/>\n&#8220;Foi dram\u00e1tico. A gente estava na sala, eu e minha esposa, e os meninos estavam atr\u00e1s, na cozinha, e a gente escutou o pipoco. Deu aquele susto. As crian\u00e7as ficaram aos gritos, chorando, nervosos. D\u00e1 para refletir um pouco na vida, porque foi uma cena aterrorizante. Ningu\u00e9m se feriu, s\u00f3 o susto mesmo e os estilha\u00e7os da parede que estourou&#8221;, relatou.<br \/>\nO auxiliar de mec\u00e2nico Carlos Alberto da Silva, que estava em uma oficina da mesma comunidade sofreu uma descarga el\u00e9trica. Ele afirma que estava encostado em um elevador para ve\u00edculos, no momento do choque. O homem foi socorrido e levado para o hospital. Na manh\u00e3 desta sexta-feira (15), ainda relatava dores no corpo.<br \/>\nAuxiliar de mec\u00e2nico foi atingido por choque el\u00e9trico em oficina na Grande Natal<br \/>\nKleber Teixeira\/Inter TV Cabugi<br \/>\n&#8220;Eu tava trabalhando e apareceu essa chuva. Caiu esse raio, eu estava encostado no elevador e levei esse choque. O resto eu n\u00e3o lembro porque eu estava muito mole. Me levaram para o hospital e os m\u00e9dicos disseram que eu nasci de novo&#8221;, contou.<br \/>\nOutros moradores da vizinhan\u00e7a tamb\u00e9m relataram \u00e0 Inter TV Cabugi que perderam eletrodom\u00e9sticos como aparelhos de televis\u00e3o, e tamb\u00e9m l\u00e2mpadas, ap\u00f3s o incidente.<br \/>\nA distribuidora de energia, Neoenergia Cosern, foi procurada pelo g1 para saber se o raio atingiu a rede de distribui\u00e7\u00e3o el\u00e9trica da regi\u00e3o, mas n\u00e3o respondeu sobre o assunto at\u00e9 a \u00faltima atualiza\u00e7\u00e3o desta mat\u00e9ria.<br \/>\nVeja os v\u00eddeos mais assistidos no g1 RN<\/p>","protected":false},"excerpt":{"rendered":"<p>Moradores da comunidade de Massaranduba, em S\u00e3o Gon\u00e7alo do Amarante, relataram que caso aconteceu por volta das 20h30. Pelo menos uma pessoa foi socorrida ao hospital. Queda de raio causou &#8230;<\/p>\n","protected":false},"author":0,"featured_media":0,"parent":0,"menu_order":0,"comment_status":"closed","ping_status":"closed","template":"","meta":{"footnotes":""},"class_list":["post-3530","page","type-page","status-publish","hentry"],"yoast_head":"<!-- This site is optimized with the Yoast SEO plugin v27.1.1 - https:\/\/yoast.com\/product\/yoast-seo-wordpress\/ -->\n<title>Raio atinge casas e causa preju\u00edzos em comunidade na Grande Natal - Taveira Jr<\/title>\n<meta name=\"robots\" content=\"index, follow, max-snippet:-1, max-image-preview:large, max-video-preview:-1\" \/>\n<link rel=\"canonical\" href=\"https:\/\/deputadotaveirajr.com.br\/index.php\/raio-atinge-casas-e-causa-prejuizos-em-comunidade-na-grande-natal\/\" \/>\n<meta property=\"og:locale\" content=\"pt_BR\" \/>\n<meta property=\"og:type\" content=\"article\" \/>\n<meta property=\"og:title\" content=\"Raio atinge casas e causa preju\u00edzos em comunidade na Grande Natal - Taveira Jr\" \/>\n<meta property=\"og:description\" content=\"Moradores da comunidade de Massaranduba, em S\u00e3o Gon\u00e7alo do Amarante, relataram que caso aconteceu por volta das 20h30. Pelo menos uma pessoa foi socorrida ao hospital. Queda de raio causou ...\" \/>\n<meta property=\"og:url\" content=\"https:\/\/deputadotaveirajr.com.br\/index.php\/raio-atinge-casas-e-causa-prejuizos-em-comunidade-na-grande-natal\/\" \/>\n<meta property=\"og:site_name\" content=\"Taveira Jr\" \/>\n<meta name=\"twitter:card\" content=\"summary_large_image\" \/>\n<meta name=\"twitter:label1\" content=\"Est. tempo de leitura\" \/>\n\t<meta name=\"twitter:data1\" content=\"2 minutos\" \/>\n<script type=\"application\/ld+json\" class=\"yoast-schema-graph\">{\"@context\":\"https:\/\/schema.org\",\"@graph\":[{\"@type\":\"WebPage\",\"@id\":\"https:\/\/deputadotaveirajr.com.br\/index.php\/raio-atinge-casas-e-causa-prejuizos-em-comunidade-na-grande-natal\/\",\"url\":\"https:\/\/deputadotaveirajr.com.br\/index.php\/raio-atinge-casas-e-causa-prejuizos-em-comunidade-na-grande-natal\/\",\"name\":\"Raio atinge casas e causa preju\u00edzos em comunidade na Grande Natal - Taveira Jr\",\"isPartOf\":{\"@id\":\"https:\/\/deputadotaveirajr.com.br\/#website\"},\"datePublished\":\"2024-03-15T15:04:24+00:00\",\"breadcrumb\":{\"@id\":\"https:\/\/deputadotaveirajr.com.br\/index.php\/raio-atinge-casas-e-causa-prejuizos-em-comunidade-na-grande-natal\/#breadcrumb\"},\"inLanguage\":\"pt-BR\",\"potentialAction\":[{\"@type\":\"ReadAction\",\"target\":[\"https:\/\/deputadotaveirajr.com.br\/index.php\/raio-atinge-casas-e-causa-prejuizos-em-comunidade-na-grande-natal\/\"]}]},{\"@type\":\"BreadcrumbList\",\"@id\":\"https:\/\/deputadotaveirajr.com.br\/index.php\/raio-atinge-casas-e-causa-prejuizos-em-comunidade-na-grande-natal\/#breadcrumb\",\"itemListElement\":[{\"@type\":\"ListItem\",\"position\":1,\"name\":\"In\u00edcio\",\"item\":\"https:\/\/deputadotaveirajr.com.br\/\"},{\"@type\":\"ListItem\",\"position\":2,\"name\":\"Raio atinge casas e causa preju\u00edzos em comunidade na Grande Natal\"}]},{\"@type\":\"WebSite\",\"@id\":\"https:\/\/deputadotaveirajr.com.br\/#website\",\"url\":\"https:\/\/deputadotaveirajr.com.br\/\",\"name\":\"Taveira Jr\",\"description\":\"Deputado Estadual\",\"publisher\":{\"@id\":\"https:\/\/deputadotaveirajr.com.br\/#organization\"},\"potentialAction\":[{\"@type\":\"SearchAction\",\"target\":{\"@type\":\"EntryPoint\",\"urlTemplate\":\"https:\/\/deputadotaveirajr.com.br\/?s={search_term_string}\"},\"query-input\":{\"@type\":\"PropertyValueSpecification\",\"valueRequired\":true,\"valueName\":\"search_term_string\"}}],\"inLanguage\":\"pt-BR\"},{\"@type\":\"Organization\",\"@id\":\"https:\/\/deputadotaveirajr.com.br\/#organization\",\"name\":\"Taveira Jr\",\"url\":\"https:\/\/deputadotaveirajr.com.br\/\",\"logo\":{\"@type\":\"ImageObject\",\"inLanguage\":\"pt-BR\",\"@id\":\"https:\/\/deputadotaveirajr.com.br\/#\/schema\/logo\/image\/\",\"url\":\"https:\/\/deputadotaveirajr.com.br\/wp-content\/uploads\/2026\/01\/logolow2a.png\",\"contentUrl\":\"https:\/\/deputadotaveirajr.com.br\/wp-content\/uploads\/2026\/01\/logolow2a.png\",\"width\":290,\"height\":80,\"caption\":\"Taveira Jr\"},\"image\":{\"@id\":\"https:\/\/deputadotaveirajr.com.br\/#\/schema\/logo\/image\/\"}}]}<\/script>\n<!-- \/ Yoast SEO plugin. -->","yoast_head_json":{"title":"Raio atinge casas e causa preju\u00edzos em comunidade na Grande Natal - Taveira Jr","robots":{"index":"index","follow":"follow","max-snippet":"max-snippet:-1","max-image-preview":"max-image-preview:large","max-video-preview":"max-video-preview:-1"},"canonical":"https:\/\/deputadotaveirajr.com.br\/index.php\/raio-atinge-casas-e-causa-prejuizos-em-comunidade-na-grande-natal\/","og_locale":"pt_BR","og_type":"article","og_title":"Raio atinge casas e causa preju\u00edzos em comunidade na Grande Natal - Taveira Jr","og_description":"Moradores da comunidade de Massaranduba, em S\u00e3o Gon\u00e7alo do Amarante, relataram que caso aconteceu por volta das 20h30. Pelo menos uma pessoa foi socorrida ao hospital. Queda de raio causou ...","og_url":"https:\/\/deputadotaveirajr.com.br\/index.php\/raio-atinge-casas-e-causa-prejuizos-em-comunidade-na-grande-natal\/","og_site_name":"Taveira Jr","twitter_card":"summary_large_image","twitter_misc":{"Est. tempo de leitura":"2 minutos"},"schema":{"@context":"https:\/\/schema.org","@graph":[{"@type":"WebPage","@id":"https:\/\/deputadotaveirajr.com.br\/index.php\/raio-atinge-casas-e-causa-prejuizos-em-comunidade-na-grande-natal\/","url":"https:\/\/deputadotaveirajr.com.br\/index.php\/raio-atinge-casas-e-causa-prejuizos-em-comunidade-na-grande-natal\/","name":"Raio atinge casas e causa preju\u00edzos em comunidade na Grande Natal - Taveira Jr","isPartOf":{"@id":"https:\/\/deputadotaveirajr.com.br\/#website"},"datePublished":"2024-03-15T15:04:24+00:00","breadcrumb":{"@id":"https:\/\/deputadotaveirajr.com.br\/index.php\/raio-atinge-casas-e-causa-prejuizos-em-comunidade-na-grande-natal\/#breadcrumb"},"inLanguage":"pt-BR","potentialAction":[{"@type":"ReadAction","target":["https:\/\/deputadotaveirajr.com.br\/index.php\/raio-atinge-casas-e-causa-prejuizos-em-comunidade-na-grande-natal\/"]}]},{"@type":"BreadcrumbList","@id":"https:\/\/deputadotaveirajr.com.br\/index.php\/raio-atinge-casas-e-causa-prejuizos-em-comunidade-na-grande-natal\/#breadcrumb","itemListElement":[{"@type":"ListItem","position":1,"name":"In\u00edcio","item":"https:\/\/deputadotaveirajr.com.br\/"},{"@type":"ListItem","position":2,"name":"Raio atinge casas e causa preju\u00edzos em comunidade na Grande Natal"}]},{"@type":"WebSite","@id":"https:\/\/deputadotaveirajr.com.br\/#website","url":"https:\/\/deputadotaveirajr.com.br\/","name":"Taveira Jr","description":"Deputado Estadual","publisher":{"@id":"https:\/\/deputadotaveirajr.com.br\/#organization"},"potentialAction":[{"@type":"SearchAction","target":{"@type":"EntryPoint","urlTemplate":"https:\/\/deputadotaveirajr.com.br\/?s={search_term_string}"},"query-input":{"@type":"PropertyValueSpecification","valueRequired":true,"valueName":"search_term_string"}}],"inLanguage":"pt-BR"},{"@type":"Organization","@id":"https:\/\/deputadotaveirajr.com.br\/#organization","name":"Taveira Jr","url":"https:\/\/deputadotaveirajr.com.br\/","logo":{"@type":"ImageObject","inLanguage":"pt-BR","@id":"https:\/\/deputadotaveirajr.com.br\/#\/schema\/logo\/image\/","url":"https:\/\/deputadotaveirajr.com.br\/wp-content\/uploads\/2026\/01\/logolow2a.png","contentUrl":"https:\/\/deputadotaveirajr.com.br\/wp-content\/uploads\/2026\/01\/logolow2a.png","width":290,"height":80,"caption":"Taveira Jr"},"image":{"@id":"https:\/\/deputadotaveirajr.com.br\/#\/schema\/logo\/image\/"}}]}},"_links":{"self":[{"href":"https:\/\/deputadotaveirajr.com.br\/index.php\/wp-json\/wp\/v2\/pages\/3530","targetHints":{"allow":["GET"]}}],"collection":[{"href":"https:\/\/deputadotaveirajr.com.br\/index.php\/wp-json\/wp\/v2\/pages"}],"about":[{"href":"https:\/\/deputadotaveirajr.com.br\/index.php\/wp-json\/wp\/v2\/types\/page"}],"replies":[{"embeddable":true,"href":"https:\/\/deputadotaveirajr.com.br\/index.php\/wp-json\/wp\/v2\/comments?post=3530"}],"version-history":[{"count":1,"href":"https:\/\/deputadotaveirajr.com.br\/index.php\/wp-json\/wp\/v2\/pages\/3530\/revisions"}],"predecessor-version":[{"id":3537,"href":"https:\/\/deputadotaveirajr.com.br\/index.php\/wp-json\/wp\/v2\/pages\/3530\/revisions\/3537"}],"wp:attachment":[{"href":"https:\/\/deputadotaveirajr.com.br\/index.php\/wp-json\/wp\/v2\/media?parent=3530"}],"curies":[{"name":"wp","href":"https:\/\/api.w.org\/{rel}","templated":true}]}}