{"id":3538,"date":"2024-03-15T16:05:24","date_gmt":"2024-03-15T19:05:24","guid":{"rendered":"https:\/\/deputadotaveirajr.com.br\/?page_id=3538"},"modified":"2024-03-15T16:05:24","modified_gmt":"2024-03-15T19:05:24","slug":"quase-4-mil-raios-sao-registados-no-rn-entre-13-e-15-de-marco-veja-cidades-com-mais-ocorrencias","status":"publish","type":"page","link":"https:\/\/deputadotaveirajr.com.br\/index.php\/quase-4-mil-raios-sao-registados-no-rn-entre-13-e-15-de-marco-veja-cidades-com-mais-ocorrencias\/","title":{"rendered":"Quase 4 mil raios s\u00e3o registados no RN entre 13 e 15 de mar\u00e7o; veja cidades com mais ocorr\u00eancias"},"content":{"rendered":"<p>     Descargas el\u00e9tricas ocorreram principalmente nas regi\u00f5es do Oeste, Alto Oeste e Serid\u00f3 potiguar, segundo a distribuidora de energia do estado. Raio cai em Natal (Arquivo)<br \/>\nReprodu\u00e7\u00e3o<br \/>\nDesde a \u00faltima quarta-feira (13), o Rio Grande do Norte registrou quase 4 mil quil\u00f4metros, segundo levantamento da distribuidora de energia Neoenergia Cosern com base nos dados da Plataforma ClimaTempo.<br \/>\nOs n\u00fameros foram registrados entre a \u00faltima quarta-feira (13) e a manh\u00e3 desta sexta-feira (15) de mar\u00e7o. Ao todo, foram 3.953 ocorr\u00eancias.<br \/>\nO munic\u00edpio com maior n\u00famero de casos foi Apodi, na regi\u00e3o Oeste. Somente nesta quinta-feira (14), a cidade teve 477 raios registrados. Tamb\u00e9m no Oeste, Assu registrou 311 raios somente nesta quinta-feira (14).<br \/>\nJ\u00e1 em S\u00e3o Gon\u00e7alo do Amarante, na Grande Natal, apenas um raio foi registrado pela companhia el\u00e9trica. No entanto a descarga el\u00e9trica atingiu casas da comunidade Massaranduba e causou preju\u00edzos aos moradores da regi\u00e3o. Pelo menos uma pessoa foi levada ao hospital.<br \/>\nRaio causou preju\u00edzos para moradores de Massaranduba, em S\u00e3o Gon\u00e7alo do Amarante, na Grande Natal<br \/>\nKleber Teixeira\/Inter TV Cabugi<\/p>\n<p>Veja as 30 cidades do RN com maior quantidade de raios desde quarta-feira (13)<br \/>\nApodi &#8211; 487<br \/>\nAssu &#8211; 312<br \/>\nCurrais Novos &#8211; 252<br \/>\nSantana do Matos &#8211; 231<br \/>\nGovernador Dix-Sept Rosado &#8211; 211<br \/>\nCaic\u00f3 &#8211; 200<br \/>\nUpanema &#8211; 178<br \/>\nJardim do Serid\u00f3 &#8211; 157<br \/>\nAfonso Bezerra &#8211; 148<br \/>\nJucurutu &#8211; 142<br \/>\nAcari &#8211; 95<br \/>\nPedro Avelino &#8211; 91<br \/>\nMossor\u00f3 &#8211; 83<br \/>\nAugusto Severo &#8211; 80<br \/>\nCara\u00fabas &#8211; 75<br \/>\nCarna\u00faba dos Dantas &#8211; 66<br \/>\nDoutor Severiano &#8211; 64<br \/>\nLajes &#8211; 64<br \/>\nSerra Negra do Norte &#8211; 57<br \/>\nOuro Branco &#8211; 54<br \/>\nFlor\u00e2nia &#8211; 51<br \/>\nPatu &#8211; 50<br \/>\nSerrinha dos Pintos &#8211; 49<br \/>\nJardim de Angicos &#8211; 36<br \/>\nParelhas &#8211; 35<br \/>\nS\u00e3o Tom\u00e9 &#8211; 32<br \/>\nS\u00e3o Jos\u00e9 do Serid\u00f3 &#8211; 31<br \/>\nIpangua\u00e7u &#8211; 28<br \/>\nS\u00e3o Rafael &#8211; 27<br \/>\nPau dos Ferros &#8211; 26<br \/>\n&#8220;\u00c9 surpreendente o aumento da incid\u00eancia de descargas atmosf\u00e9ricas, principalmente nas regi\u00f5es Oeste, Alto Oeste e Serid\u00f3&#8221;, afirmou o engenheiro eletricista Rafael Biondi, da empresa.<br \/>\nDe acordo com ele, cerca de 400 estruturas da empresa, como postes, transformadores, isoladores e fios j\u00e1 foram atingidas por raios em 2024.<br \/>\nAinda segundo o engenheiro, a energia do raio sempre procura a terra. Em caso de tempestades, ele recomenda que a popula\u00e7\u00e3o desligue disjuntor geral e tire os eletrodom\u00e9sticos da tomada, bem como evite lugares abertos e topos de casas e pr\u00e9dios.<br \/>\nOrienta\u00e7\u00f5es de seguran\u00e7a da Cosern<br \/>\nBusque abrigo t\u00e3o logo veja nuvens carregadas no c\u00e9u ou escute um trov\u00e3o;<br \/>\nEvite colher frutas, legumes ou verduras, abrigar-se ou caminhar perto de \u00e1rvores;<br \/>\nN\u00e3o fique pr\u00f3ximo a animais e nem ande a cavalo;<br \/>\nN\u00e3o fique pr\u00f3ximo a cercas de arame;<br \/>\nN\u00e3o fique pr\u00f3ximo a objetos met\u00e1licos pontiagudos como enxadas, p\u00e1s e fac\u00f5es;<br \/>\nN\u00e3o se abrigue debaixo de varandas, barracos e celeiros;<br \/>\nN\u00e3o caminhe em \u00e1reas descampadas;<br \/>\nN\u00e3o fique parado em rodovias, ruas ou estradas;<br \/>\nN\u00e3o suba em locais como telhados, terra\u00e7os e montanhas;<br \/>\nN\u00e3o tome banho em praia, rio, a\u00e7ude ou piscina durante uma tempestade;<br \/>\nN\u00e3o utilize equipamentos el\u00e9tricos ligados \u00e0 rede el\u00e9trica;<br \/>\nN\u00e3o fale ao telefone com fio ou utilizar o celular conectado ao carregador;<br \/>\nN\u00e3o tome banho utilizando o chuveiro el\u00e9trico.<br \/>\nVeja os v\u00eddeos mais assistidos no g1 RN<\/p>","protected":false},"excerpt":{"rendered":"<p>Descargas el\u00e9tricas ocorreram principalmente nas regi\u00f5es do Oeste, Alto Oeste e Serid\u00f3 potiguar, segundo a distribuidora de energia do estado. Raio cai em Natal (Arquivo) Reprodu\u00e7\u00e3o Desde a \u00faltima quarta-feira &#8230;<\/p>\n","protected":false},"author":0,"featured_media":0,"parent":0,"menu_order":0,"comment_status":"closed","ping_status":"closed","template":"","meta":{"footnotes":""},"class_list":["post-3538","page","type-page","status-publish","hentry"],"yoast_head":"<!-- This site is optimized with the Yoast SEO plugin v27.1.1 - https:\/\/yoast.com\/product\/yoast-seo-wordpress\/ -->\n<title>Quase 4 mil raios s\u00e3o registados no RN entre 13 e 15 de mar\u00e7o; veja cidades com mais ocorr\u00eancias - Taveira Jr<\/title>\n<meta name=\"robots\" content=\"index, follow, max-snippet:-1, max-image-preview:large, max-video-preview:-1\" \/>\n<link rel=\"canonical\" href=\"https:\/\/deputadotaveirajr.com.br\/index.php\/quase-4-mil-raios-sao-registados-no-rn-entre-13-e-15-de-marco-veja-cidades-com-mais-ocorrencias\/\" \/>\n<meta property=\"og:locale\" content=\"pt_BR\" \/>\n<meta property=\"og:type\" content=\"article\" \/>\n<meta property=\"og:title\" content=\"Quase 4 mil raios s\u00e3o registados no RN entre 13 e 15 de mar\u00e7o; veja cidades com mais ocorr\u00eancias - Taveira Jr\" \/>\n<meta property=\"og:description\" content=\"Descargas el\u00e9tricas ocorreram principalmente nas regi\u00f5es do Oeste, Alto Oeste e Serid\u00f3 potiguar, segundo a distribuidora de energia do estado. Raio cai em Natal (Arquivo) Reprodu\u00e7\u00e3o Desde a \u00faltima quarta-feira ...\" \/>\n<meta property=\"og:url\" content=\"https:\/\/deputadotaveirajr.com.br\/index.php\/quase-4-mil-raios-sao-registados-no-rn-entre-13-e-15-de-marco-veja-cidades-com-mais-ocorrencias\/\" \/>\n<meta property=\"og:site_name\" content=\"Taveira Jr\" \/>\n<meta name=\"twitter:card\" content=\"summary_large_image\" \/>\n<meta name=\"twitter:label1\" content=\"Est. tempo de leitura\" \/>\n\t<meta name=\"twitter:data1\" content=\"3 minutos\" \/>\n<script type=\"application\/ld+json\" class=\"yoast-schema-graph\">{\"@context\":\"https:\/\/schema.org\",\"@graph\":[{\"@type\":\"WebPage\",\"@id\":\"https:\/\/deputadotaveirajr.com.br\/index.php\/quase-4-mil-raios-sao-registados-no-rn-entre-13-e-15-de-marco-veja-cidades-com-mais-ocorrencias\/\",\"url\":\"https:\/\/deputadotaveirajr.com.br\/index.php\/quase-4-mil-raios-sao-registados-no-rn-entre-13-e-15-de-marco-veja-cidades-com-mais-ocorrencias\/\",\"name\":\"Quase 4 mil raios s\u00e3o registados no RN entre 13 e 15 de mar\u00e7o; veja cidades com mais ocorr\u00eancias - Taveira Jr\",\"isPartOf\":{\"@id\":\"https:\/\/deputadotaveirajr.com.br\/#website\"},\"datePublished\":\"2024-03-15T19:05:24+00:00\",\"breadcrumb\":{\"@id\":\"https:\/\/deputadotaveirajr.com.br\/index.php\/quase-4-mil-raios-sao-registados-no-rn-entre-13-e-15-de-marco-veja-cidades-com-mais-ocorrencias\/#breadcrumb\"},\"inLanguage\":\"pt-BR\",\"potentialAction\":[{\"@type\":\"ReadAction\",\"target\":[\"https:\/\/deputadotaveirajr.com.br\/index.php\/quase-4-mil-raios-sao-registados-no-rn-entre-13-e-15-de-marco-veja-cidades-com-mais-ocorrencias\/\"]}]},{\"@type\":\"BreadcrumbList\",\"@id\":\"https:\/\/deputadotaveirajr.com.br\/index.php\/quase-4-mil-raios-sao-registados-no-rn-entre-13-e-15-de-marco-veja-cidades-com-mais-ocorrencias\/#breadcrumb\",\"itemListElement\":[{\"@type\":\"ListItem\",\"position\":1,\"name\":\"In\u00edcio\",\"item\":\"https:\/\/deputadotaveirajr.com.br\/\"},{\"@type\":\"ListItem\",\"position\":2,\"name\":\"Quase 4 mil raios s\u00e3o registados no RN entre 13 e 15 de mar\u00e7o; veja cidades com mais ocorr\u00eancias\"}]},{\"@type\":\"WebSite\",\"@id\":\"https:\/\/deputadotaveirajr.com.br\/#website\",\"url\":\"https:\/\/deputadotaveirajr.com.br\/\",\"name\":\"Taveira Jr\",\"description\":\"Deputado Estadual\",\"publisher\":{\"@id\":\"https:\/\/deputadotaveirajr.com.br\/#organization\"},\"potentialAction\":[{\"@type\":\"SearchAction\",\"target\":{\"@type\":\"EntryPoint\",\"urlTemplate\":\"https:\/\/deputadotaveirajr.com.br\/?s={search_term_string}\"},\"query-input\":{\"@type\":\"PropertyValueSpecification\",\"valueRequired\":true,\"valueName\":\"search_term_string\"}}],\"inLanguage\":\"pt-BR\"},{\"@type\":\"Organization\",\"@id\":\"https:\/\/deputadotaveirajr.com.br\/#organization\",\"name\":\"Taveira Jr\",\"url\":\"https:\/\/deputadotaveirajr.com.br\/\",\"logo\":{\"@type\":\"ImageObject\",\"inLanguage\":\"pt-BR\",\"@id\":\"https:\/\/deputadotaveirajr.com.br\/#\/schema\/logo\/image\/\",\"url\":\"https:\/\/deputadotaveirajr.com.br\/wp-content\/uploads\/2026\/01\/logolow2a.png\",\"contentUrl\":\"https:\/\/deputadotaveirajr.com.br\/wp-content\/uploads\/2026\/01\/logolow2a.png\",\"width\":290,\"height\":80,\"caption\":\"Taveira Jr\"},\"image\":{\"@id\":\"https:\/\/deputadotaveirajr.com.br\/#\/schema\/logo\/image\/\"}}]}<\/script>\n<!-- \/ Yoast SEO plugin. -->","yoast_head_json":{"title":"Quase 4 mil raios s\u00e3o registados no RN entre 13 e 15 de mar\u00e7o; veja cidades com mais ocorr\u00eancias - Taveira Jr","robots":{"index":"index","follow":"follow","max-snippet":"max-snippet:-1","max-image-preview":"max-image-preview:large","max-video-preview":"max-video-preview:-1"},"canonical":"https:\/\/deputadotaveirajr.com.br\/index.php\/quase-4-mil-raios-sao-registados-no-rn-entre-13-e-15-de-marco-veja-cidades-com-mais-ocorrencias\/","og_locale":"pt_BR","og_type":"article","og_title":"Quase 4 mil raios s\u00e3o registados no RN entre 13 e 15 de mar\u00e7o; veja cidades com mais ocorr\u00eancias - Taveira Jr","og_description":"Descargas el\u00e9tricas ocorreram principalmente nas regi\u00f5es do Oeste, Alto Oeste e Serid\u00f3 potiguar, segundo a distribuidora de energia do estado. Raio cai em Natal (Arquivo) Reprodu\u00e7\u00e3o Desde a \u00faltima quarta-feira ...","og_url":"https:\/\/deputadotaveirajr.com.br\/index.php\/quase-4-mil-raios-sao-registados-no-rn-entre-13-e-15-de-marco-veja-cidades-com-mais-ocorrencias\/","og_site_name":"Taveira Jr","twitter_card":"summary_large_image","twitter_misc":{"Est. tempo de leitura":"3 minutos"},"schema":{"@context":"https:\/\/schema.org","@graph":[{"@type":"WebPage","@id":"https:\/\/deputadotaveirajr.com.br\/index.php\/quase-4-mil-raios-sao-registados-no-rn-entre-13-e-15-de-marco-veja-cidades-com-mais-ocorrencias\/","url":"https:\/\/deputadotaveirajr.com.br\/index.php\/quase-4-mil-raios-sao-registados-no-rn-entre-13-e-15-de-marco-veja-cidades-com-mais-ocorrencias\/","name":"Quase 4 mil raios s\u00e3o registados no RN entre 13 e 15 de mar\u00e7o; veja cidades com mais ocorr\u00eancias - Taveira Jr","isPartOf":{"@id":"https:\/\/deputadotaveirajr.com.br\/#website"},"datePublished":"2024-03-15T19:05:24+00:00","breadcrumb":{"@id":"https:\/\/deputadotaveirajr.com.br\/index.php\/quase-4-mil-raios-sao-registados-no-rn-entre-13-e-15-de-marco-veja-cidades-com-mais-ocorrencias\/#breadcrumb"},"inLanguage":"pt-BR","potentialAction":[{"@type":"ReadAction","target":["https:\/\/deputadotaveirajr.com.br\/index.php\/quase-4-mil-raios-sao-registados-no-rn-entre-13-e-15-de-marco-veja-cidades-com-mais-ocorrencias\/"]}]},{"@type":"BreadcrumbList","@id":"https:\/\/deputadotaveirajr.com.br\/index.php\/quase-4-mil-raios-sao-registados-no-rn-entre-13-e-15-de-marco-veja-cidades-com-mais-ocorrencias\/#breadcrumb","itemListElement":[{"@type":"ListItem","position":1,"name":"In\u00edcio","item":"https:\/\/deputadotaveirajr.com.br\/"},{"@type":"ListItem","position":2,"name":"Quase 4 mil raios s\u00e3o registados no RN entre 13 e 15 de mar\u00e7o; veja cidades com mais ocorr\u00eancias"}]},{"@type":"WebSite","@id":"https:\/\/deputadotaveirajr.com.br\/#website","url":"https:\/\/deputadotaveirajr.com.br\/","name":"Taveira Jr","description":"Deputado Estadual","publisher":{"@id":"https:\/\/deputadotaveirajr.com.br\/#organization"},"potentialAction":[{"@type":"SearchAction","target":{"@type":"EntryPoint","urlTemplate":"https:\/\/deputadotaveirajr.com.br\/?s={search_term_string}"},"query-input":{"@type":"PropertyValueSpecification","valueRequired":true,"valueName":"search_term_string"}}],"inLanguage":"pt-BR"},{"@type":"Organization","@id":"https:\/\/deputadotaveirajr.com.br\/#organization","name":"Taveira Jr","url":"https:\/\/deputadotaveirajr.com.br\/","logo":{"@type":"ImageObject","inLanguage":"pt-BR","@id":"https:\/\/deputadotaveirajr.com.br\/#\/schema\/logo\/image\/","url":"https:\/\/deputadotaveirajr.com.br\/wp-content\/uploads\/2026\/01\/logolow2a.png","contentUrl":"https:\/\/deputadotaveirajr.com.br\/wp-content\/uploads\/2026\/01\/logolow2a.png","width":290,"height":80,"caption":"Taveira Jr"},"image":{"@id":"https:\/\/deputadotaveirajr.com.br\/#\/schema\/logo\/image\/"}}]}},"_links":{"self":[{"href":"https:\/\/deputadotaveirajr.com.br\/index.php\/wp-json\/wp\/v2\/pages\/3538","targetHints":{"allow":["GET"]}}],"collection":[{"href":"https:\/\/deputadotaveirajr.com.br\/index.php\/wp-json\/wp\/v2\/pages"}],"about":[{"href":"https:\/\/deputadotaveirajr.com.br\/index.php\/wp-json\/wp\/v2\/types\/page"}],"replies":[{"embeddable":true,"href":"https:\/\/deputadotaveirajr.com.br\/index.php\/wp-json\/wp\/v2\/comments?post=3538"}],"version-history":[{"count":1,"href":"https:\/\/deputadotaveirajr.com.br\/index.php\/wp-json\/wp\/v2\/pages\/3538\/revisions"}],"predecessor-version":[{"id":3545,"href":"https:\/\/deputadotaveirajr.com.br\/index.php\/wp-json\/wp\/v2\/pages\/3538\/revisions\/3545"}],"wp:attachment":[{"href":"https:\/\/deputadotaveirajr.com.br\/index.php\/wp-json\/wp\/v2\/media?parent=3538"}],"curies":[{"name":"wp","href":"https:\/\/api.w.org\/{rel}","templated":true}]}}