{"id":3550,"date":"2024-03-16T11:46:45","date_gmt":"2024-03-16T14:46:45","guid":{"rendered":"https:\/\/deputadotaveirajr.com.br\/?page_id=3550"},"modified":"2024-03-16T11:46:45","modified_gmt":"2024-03-16T14:46:45","slug":"rn-gera-14-mil-novos-postos-de-trabalho-em-janeiro-aponta-caged","status":"publish","type":"page","link":"https:\/\/deputadotaveirajr.com.br\/index.php\/rn-gera-14-mil-novos-postos-de-trabalho-em-janeiro-aponta-caged\/","title":{"rendered":"RN gera 1,4 mil novos postos de trabalho em janeiro, aponta Caged"},"content":{"rendered":"<p>     Resultado positivo reflete maior n\u00famero de admiss\u00f5es do que de demiss\u00f5es no m\u00eas no estado. Aumento comparado a dezembro \u00e9 de 0,11%. Vagas s\u00e3o formais, com assinatura e rescis\u00e3o em carteira de trabalho<br \/>\nDivulga\u00e7\u00e3o\/Ag\u00eancia Bras\u00edlia\/Arquivo<br \/>\nO Rio Grande do Norte gerou 1.457 novos postos de trabalho formal no m\u00eas de janeiro de 2024. Foi o que apontou o novo Cadastro Geral de Empregados e Desempregados (Caged), divulgado nesta sexta-feira (16) pelo Minist\u00e9rio do Trabalho e Emprego.<br \/>\nO resultado \u00e9 baseado na diferen\u00e7a entre o n\u00famero de admiss\u00f5es e de demiss\u00f5es. Veja abaixo os n\u00fameros do RN em janeiro:<br \/>\nAdmiss\u00f5es: 17.836;<br \/>\nDemiss\u00f5es: 16.374.<br \/>\nNo comparativo com o m\u00eas de dezembro de 2023, o aumento na cria\u00e7\u00e3o de trabalhos com carteira assinada foi de 0,11%. Nos \u00faltimos 12 meses, o aumento \u00e9 de 5%.<br \/>\n\ud83d\udcf3Participe do canal do g1 RN no WhatsApp e receba no seu celular as not\u00edcias do estado<br \/>\nEm todo o Brasil, mais de 180 mil novas vagas de emprego foram geradas em janeiro. O governo tamb\u00e9m informou que o sal\u00e1rio m\u00e9dio de admiss\u00e3o foi de R$ 2.118,32.<br \/>\nCidades: maiores e piores saldos<br \/>\nA cidade de Mossor\u00f3 foi a que registrou o maior saldo positivo na abertura de postos de trabalho com carteira assinada no m\u00eas de janeiro no Rio Grande do Norte, com 583 novas vagas. Foram 2.959 admiss\u00f5es e 2.376 demiss\u00f5es.<br \/>\nA capital Natal ficou em segundo, com 381 novos postos formais, sendo 7.135 contrata\u00e7\u00f5es e 6.754 demiss\u00f5es.<br \/>\nMaca\u00edba, com uma redu\u00e7\u00e3o de 184 novos postos formais de trabalho, e Apodi, com uma redu\u00e7\u00e3o de 127, foram as cidades do RN com pior saldo, tendo mais demiss\u00f5es do que contrata\u00e7\u00f5es.<br \/>\nSetor de servi\u00e7os: mais vagas criadas<br \/>\nO setor de servi\u00e7os foi o que teve mais vagas formais criadas em janeiro deste ano, de acordo com o Caged. Ao todo, 1.232 novos postos de trabalho foram abertos na \u00e1rea. Veja o resultado nas demais \u00e1reas do RN:<br \/>\nAgricultura, pecu\u00e1ria, produ\u00e7\u00e3o florestal, pesca e aquicultura: -450<br \/>\nInd\u00fastria geral: 47<br \/>\nConstru\u00e7\u00e3o: 692<br \/>\nCom\u00e9rcio, repara\u00e7\u00e3o de ve\u00edculos automotores e motocicletas: -64<br \/>\nV\u00eddeos mais assistidos do g1 RN<\/p>","protected":false},"excerpt":{"rendered":"<p>Resultado positivo reflete maior n\u00famero de admiss\u00f5es do que de demiss\u00f5es no m\u00eas no estado. Aumento comparado a dezembro \u00e9 de 0,11%. Vagas s\u00e3o formais, com assinatura e rescis\u00e3o em &#8230;<\/p>\n","protected":false},"author":0,"featured_media":0,"parent":0,"menu_order":0,"comment_status":"closed","ping_status":"closed","template":"","meta":{"footnotes":""},"class_list":["post-3550","page","type-page","status-publish","hentry"],"yoast_head":"<!-- This site is optimized with the Yoast SEO plugin v27.1.1 - https:\/\/yoast.com\/product\/yoast-seo-wordpress\/ -->\n<title>RN gera 1,4 mil novos postos de trabalho em janeiro, aponta Caged - Taveira Jr<\/title>\n<meta name=\"robots\" content=\"index, follow, max-snippet:-1, max-image-preview:large, max-video-preview:-1\" \/>\n<link rel=\"canonical\" href=\"https:\/\/deputadotaveirajr.com.br\/index.php\/rn-gera-14-mil-novos-postos-de-trabalho-em-janeiro-aponta-caged\/\" \/>\n<meta property=\"og:locale\" content=\"pt_BR\" \/>\n<meta property=\"og:type\" content=\"article\" \/>\n<meta property=\"og:title\" content=\"RN gera 1,4 mil novos postos de trabalho em janeiro, aponta Caged - Taveira Jr\" \/>\n<meta property=\"og:description\" content=\"Resultado positivo reflete maior n\u00famero de admiss\u00f5es do que de demiss\u00f5es no m\u00eas no estado. Aumento comparado a dezembro \u00e9 de 0,11%. Vagas s\u00e3o formais, com assinatura e rescis\u00e3o em ...\" \/>\n<meta property=\"og:url\" content=\"https:\/\/deputadotaveirajr.com.br\/index.php\/rn-gera-14-mil-novos-postos-de-trabalho-em-janeiro-aponta-caged\/\" \/>\n<meta property=\"og:site_name\" content=\"Taveira Jr\" \/>\n<meta name=\"twitter:card\" content=\"summary_large_image\" \/>\n<meta name=\"twitter:label1\" content=\"Est. tempo de leitura\" \/>\n\t<meta name=\"twitter:data1\" content=\"2 minutos\" \/>\n<script type=\"application\/ld+json\" class=\"yoast-schema-graph\">{\"@context\":\"https:\/\/schema.org\",\"@graph\":[{\"@type\":\"WebPage\",\"@id\":\"https:\/\/deputadotaveirajr.com.br\/index.php\/rn-gera-14-mil-novos-postos-de-trabalho-em-janeiro-aponta-caged\/\",\"url\":\"https:\/\/deputadotaveirajr.com.br\/index.php\/rn-gera-14-mil-novos-postos-de-trabalho-em-janeiro-aponta-caged\/\",\"name\":\"RN gera 1,4 mil novos postos de trabalho em janeiro, aponta Caged - Taveira Jr\",\"isPartOf\":{\"@id\":\"https:\/\/deputadotaveirajr.com.br\/#website\"},\"datePublished\":\"2024-03-16T14:46:45+00:00\",\"breadcrumb\":{\"@id\":\"https:\/\/deputadotaveirajr.com.br\/index.php\/rn-gera-14-mil-novos-postos-de-trabalho-em-janeiro-aponta-caged\/#breadcrumb\"},\"inLanguage\":\"pt-BR\",\"potentialAction\":[{\"@type\":\"ReadAction\",\"target\":[\"https:\/\/deputadotaveirajr.com.br\/index.php\/rn-gera-14-mil-novos-postos-de-trabalho-em-janeiro-aponta-caged\/\"]}]},{\"@type\":\"BreadcrumbList\",\"@id\":\"https:\/\/deputadotaveirajr.com.br\/index.php\/rn-gera-14-mil-novos-postos-de-trabalho-em-janeiro-aponta-caged\/#breadcrumb\",\"itemListElement\":[{\"@type\":\"ListItem\",\"position\":1,\"name\":\"In\u00edcio\",\"item\":\"https:\/\/deputadotaveirajr.com.br\/\"},{\"@type\":\"ListItem\",\"position\":2,\"name\":\"RN gera 1,4 mil novos postos de trabalho em janeiro, aponta Caged\"}]},{\"@type\":\"WebSite\",\"@id\":\"https:\/\/deputadotaveirajr.com.br\/#website\",\"url\":\"https:\/\/deputadotaveirajr.com.br\/\",\"name\":\"Taveira Jr\",\"description\":\"Deputado Estadual\",\"publisher\":{\"@id\":\"https:\/\/deputadotaveirajr.com.br\/#organization\"},\"potentialAction\":[{\"@type\":\"SearchAction\",\"target\":{\"@type\":\"EntryPoint\",\"urlTemplate\":\"https:\/\/deputadotaveirajr.com.br\/?s={search_term_string}\"},\"query-input\":{\"@type\":\"PropertyValueSpecification\",\"valueRequired\":true,\"valueName\":\"search_term_string\"}}],\"inLanguage\":\"pt-BR\"},{\"@type\":\"Organization\",\"@id\":\"https:\/\/deputadotaveirajr.com.br\/#organization\",\"name\":\"Taveira Jr\",\"url\":\"https:\/\/deputadotaveirajr.com.br\/\",\"logo\":{\"@type\":\"ImageObject\",\"inLanguage\":\"pt-BR\",\"@id\":\"https:\/\/deputadotaveirajr.com.br\/#\/schema\/logo\/image\/\",\"url\":\"https:\/\/deputadotaveirajr.com.br\/wp-content\/uploads\/2026\/01\/logolow2a.png\",\"contentUrl\":\"https:\/\/deputadotaveirajr.com.br\/wp-content\/uploads\/2026\/01\/logolow2a.png\",\"width\":290,\"height\":80,\"caption\":\"Taveira Jr\"},\"image\":{\"@id\":\"https:\/\/deputadotaveirajr.com.br\/#\/schema\/logo\/image\/\"}}]}<\/script>\n<!-- \/ Yoast SEO plugin. -->","yoast_head_json":{"title":"RN gera 1,4 mil novos postos de trabalho em janeiro, aponta Caged - Taveira Jr","robots":{"index":"index","follow":"follow","max-snippet":"max-snippet:-1","max-image-preview":"max-image-preview:large","max-video-preview":"max-video-preview:-1"},"canonical":"https:\/\/deputadotaveirajr.com.br\/index.php\/rn-gera-14-mil-novos-postos-de-trabalho-em-janeiro-aponta-caged\/","og_locale":"pt_BR","og_type":"article","og_title":"RN gera 1,4 mil novos postos de trabalho em janeiro, aponta Caged - Taveira Jr","og_description":"Resultado positivo reflete maior n\u00famero de admiss\u00f5es do que de demiss\u00f5es no m\u00eas no estado. Aumento comparado a dezembro \u00e9 de 0,11%. Vagas s\u00e3o formais, com assinatura e rescis\u00e3o em ...","og_url":"https:\/\/deputadotaveirajr.com.br\/index.php\/rn-gera-14-mil-novos-postos-de-trabalho-em-janeiro-aponta-caged\/","og_site_name":"Taveira Jr","twitter_card":"summary_large_image","twitter_misc":{"Est. tempo de leitura":"2 minutos"},"schema":{"@context":"https:\/\/schema.org","@graph":[{"@type":"WebPage","@id":"https:\/\/deputadotaveirajr.com.br\/index.php\/rn-gera-14-mil-novos-postos-de-trabalho-em-janeiro-aponta-caged\/","url":"https:\/\/deputadotaveirajr.com.br\/index.php\/rn-gera-14-mil-novos-postos-de-trabalho-em-janeiro-aponta-caged\/","name":"RN gera 1,4 mil novos postos de trabalho em janeiro, aponta Caged - Taveira Jr","isPartOf":{"@id":"https:\/\/deputadotaveirajr.com.br\/#website"},"datePublished":"2024-03-16T14:46:45+00:00","breadcrumb":{"@id":"https:\/\/deputadotaveirajr.com.br\/index.php\/rn-gera-14-mil-novos-postos-de-trabalho-em-janeiro-aponta-caged\/#breadcrumb"},"inLanguage":"pt-BR","potentialAction":[{"@type":"ReadAction","target":["https:\/\/deputadotaveirajr.com.br\/index.php\/rn-gera-14-mil-novos-postos-de-trabalho-em-janeiro-aponta-caged\/"]}]},{"@type":"BreadcrumbList","@id":"https:\/\/deputadotaveirajr.com.br\/index.php\/rn-gera-14-mil-novos-postos-de-trabalho-em-janeiro-aponta-caged\/#breadcrumb","itemListElement":[{"@type":"ListItem","position":1,"name":"In\u00edcio","item":"https:\/\/deputadotaveirajr.com.br\/"},{"@type":"ListItem","position":2,"name":"RN gera 1,4 mil novos postos de trabalho em janeiro, aponta Caged"}]},{"@type":"WebSite","@id":"https:\/\/deputadotaveirajr.com.br\/#website","url":"https:\/\/deputadotaveirajr.com.br\/","name":"Taveira Jr","description":"Deputado Estadual","publisher":{"@id":"https:\/\/deputadotaveirajr.com.br\/#organization"},"potentialAction":[{"@type":"SearchAction","target":{"@type":"EntryPoint","urlTemplate":"https:\/\/deputadotaveirajr.com.br\/?s={search_term_string}"},"query-input":{"@type":"PropertyValueSpecification","valueRequired":true,"valueName":"search_term_string"}}],"inLanguage":"pt-BR"},{"@type":"Organization","@id":"https:\/\/deputadotaveirajr.com.br\/#organization","name":"Taveira Jr","url":"https:\/\/deputadotaveirajr.com.br\/","logo":{"@type":"ImageObject","inLanguage":"pt-BR","@id":"https:\/\/deputadotaveirajr.com.br\/#\/schema\/logo\/image\/","url":"https:\/\/deputadotaveirajr.com.br\/wp-content\/uploads\/2026\/01\/logolow2a.png","contentUrl":"https:\/\/deputadotaveirajr.com.br\/wp-content\/uploads\/2026\/01\/logolow2a.png","width":290,"height":80,"caption":"Taveira Jr"},"image":{"@id":"https:\/\/deputadotaveirajr.com.br\/#\/schema\/logo\/image\/"}}]}},"_links":{"self":[{"href":"https:\/\/deputadotaveirajr.com.br\/index.php\/wp-json\/wp\/v2\/pages\/3550","targetHints":{"allow":["GET"]}}],"collection":[{"href":"https:\/\/deputadotaveirajr.com.br\/index.php\/wp-json\/wp\/v2\/pages"}],"about":[{"href":"https:\/\/deputadotaveirajr.com.br\/index.php\/wp-json\/wp\/v2\/types\/page"}],"replies":[{"embeddable":true,"href":"https:\/\/deputadotaveirajr.com.br\/index.php\/wp-json\/wp\/v2\/comments?post=3550"}],"version-history":[{"count":1,"href":"https:\/\/deputadotaveirajr.com.br\/index.php\/wp-json\/wp\/v2\/pages\/3550\/revisions"}],"predecessor-version":[{"id":3556,"href":"https:\/\/deputadotaveirajr.com.br\/index.php\/wp-json\/wp\/v2\/pages\/3550\/revisions\/3556"}],"wp:attachment":[{"href":"https:\/\/deputadotaveirajr.com.br\/index.php\/wp-json\/wp\/v2\/media?parent=3550"}],"curies":[{"name":"wp","href":"https:\/\/api.w.org\/{rel}","templated":true}]}}