{"id":3600,"date":"2024-03-19T14:01:55","date_gmt":"2024-03-19T17:01:55","guid":{"rendered":"https:\/\/deputadotaveirajr.com.br\/?page_id=3600"},"modified":"2024-03-19T14:01:55","modified_gmt":"2024-03-19T17:01:55","slug":"forca-tarefa-descarta-rastro-de-fugitivos-de-mossoro-em-casa-alvo-de-tentativa-de-arrombamento","status":"publish","type":"page","link":"https:\/\/deputadotaveirajr.com.br\/index.php\/forca-tarefa-descarta-rastro-de-fugitivos-de-mossoro-em-casa-alvo-de-tentativa-de-arrombamento\/","title":{"rendered":"For\u00e7a-tarefa descarta rastro de fugitivos de Mossor\u00f3 em casa alvo de tentativa de arrombamento"},"content":{"rendered":"<p>     Casa foi alvo de tentativa de arrombamento na noite de sexta (15), na zona rural de Mossor\u00f3. Fuga aconteceu no dia 14 de fevereiro e foi a primeira registrada no sistema prisional federal. Imagens mostram movimenta\u00e7\u00e3o das equipes de busca pelos fugitivos na zona rural de Mossor\u00f3<br \/>\nNesta ter\u00e7a-feira (19) as buscas pelos fugitivos da Penitenci\u00e1ria Federal de Mossor\u00f3 entraram no 35\u00ba dia. Na noite da \u00faltima sexta (15) uma casa foi alvo de uma tentativa de arrombamento na zona rural do munic\u00edpio. O Minist\u00e9rio da Justi\u00e7a confirmou que c\u00e3es farejadores estiveram no local no dia seguinte, mas n\u00e3o identificaram vest\u00edgios dos fugitivos.<br \/>\nDeibson Nascimento e Rog\u00e9rio Mendon\u00e7a escaparam da cadeia no dia 14 de fevereiro, na primeira fuga da hist\u00f3ria do sistema prisional federal, criado em 2006.<br \/>\nA tentativa de arrombamento aconteceu na comunidade Vila Real, na zona rural de Mossor\u00f3. A dona da casa, que pediu para n\u00e3o ser identificada, contou \u00e0 Inter TV que estava deitada quando ouviu um barulho na porta.<br \/>\nPF anuncia recompensa de at\u00e9 R$ 30 mil por informa\u00e7\u00f5es sobre fugitivos<br \/>\nVeja o que se sabe e o que falta esclarecer sobre a fuga em Mossor\u00f3<br \/>\nMoradora da comunidade VIla Real, em Mossor\u00f3, disse que casa foi arrombada na noite de sexta (15)<br \/>\nIara N\u00f3brega\/Inter TV Costa Branca<br \/>\n&#8220;Uma pessoa bateu na porta devagar, depois bateu com mais for\u00e7a e com mais for\u00e7a, at\u00e9 que caiu a trava da porta. Eu fiquei paralisada, j\u00e1 me veio logo na cabe\u00e7a que eram esses fugitivos&#8221;, disse.<br \/>\nSegundo ela, ningu\u00e9m entrou na casa e ela permaneceu deitada, com medo.<br \/>\n&#8220;Quando o dia amanheceu veio um monte de policial, trouxeram cachorros farejadores que andaram na minha casa todinha, mas os policiais n\u00e3o falaram nada&#8221;, relatou. &#8220;Eu moro aqui h\u00e1 20 anos e isso nunca aconteceu. A gente n\u00e3o tem mais paz, quando chega a noite pra gente \u00e9 um tormento&#8221;, lamentou a moradora.<br \/>\nO Minist\u00e9rio da Justi\u00e7a confirmou que c\u00e3es farejadores estiveram no local, mas disse que n\u00e3o foram encontrados vest\u00edgios que indicassem que os fugitivos passaram pelo local.<br \/>\n&#8220;Den\u00fancias apontaram uma poss\u00edvel tentativa de invas\u00e3o em uma resid\u00eancia na \u00e1rea rural; no entanto, uma segunda verifica\u00e7\u00e3o com c\u00e3es farejadores n\u00e3o encontrou nenhum rastro da dupla no im\u00f3vel ou nas regi\u00f5es pr\u00f3ximas&#8221;, informou, em nota, o MJ.<br \/>\nCronologia fugitivos Mossor\u00f3<br \/>\nArte\/g1<\/p>","protected":false},"excerpt":{"rendered":"<p>Casa foi alvo de tentativa de arrombamento na noite de sexta (15), na zona rural de Mossor\u00f3. Fuga aconteceu no dia 14 de fevereiro e foi a primeira registrada no &#8230;<\/p>\n","protected":false},"author":0,"featured_media":0,"parent":0,"menu_order":0,"comment_status":"closed","ping_status":"closed","template":"","meta":{"footnotes":""},"class_list":["post-3600","page","type-page","status-publish","hentry"],"yoast_head":"<!-- This site is optimized with the Yoast SEO plugin v27.1.1 - https:\/\/yoast.com\/product\/yoast-seo-wordpress\/ -->\n<title>For\u00e7a-tarefa descarta rastro de fugitivos de Mossor\u00f3 em casa alvo de tentativa de arrombamento - Taveira Jr<\/title>\n<meta name=\"robots\" content=\"index, follow, max-snippet:-1, max-image-preview:large, max-video-preview:-1\" \/>\n<link rel=\"canonical\" href=\"https:\/\/deputadotaveirajr.com.br\/index.php\/forca-tarefa-descarta-rastro-de-fugitivos-de-mossoro-em-casa-alvo-de-tentativa-de-arrombamento\/\" \/>\n<meta property=\"og:locale\" content=\"pt_BR\" \/>\n<meta property=\"og:type\" content=\"article\" \/>\n<meta property=\"og:title\" content=\"For\u00e7a-tarefa descarta rastro de fugitivos de Mossor\u00f3 em casa alvo de tentativa de arrombamento - Taveira Jr\" \/>\n<meta property=\"og:description\" content=\"Casa foi alvo de tentativa de arrombamento na noite de sexta (15), na zona rural de Mossor\u00f3. Fuga aconteceu no dia 14 de fevereiro e foi a primeira registrada no ...\" \/>\n<meta property=\"og:url\" content=\"https:\/\/deputadotaveirajr.com.br\/index.php\/forca-tarefa-descarta-rastro-de-fugitivos-de-mossoro-em-casa-alvo-de-tentativa-de-arrombamento\/\" \/>\n<meta property=\"og:site_name\" content=\"Taveira Jr\" \/>\n<meta name=\"twitter:card\" content=\"summary_large_image\" \/>\n<meta name=\"twitter:label1\" content=\"Est. tempo de leitura\" \/>\n\t<meta name=\"twitter:data1\" content=\"2 minutos\" \/>\n<script type=\"application\/ld+json\" class=\"yoast-schema-graph\">{\"@context\":\"https:\/\/schema.org\",\"@graph\":[{\"@type\":\"WebPage\",\"@id\":\"https:\/\/deputadotaveirajr.com.br\/index.php\/forca-tarefa-descarta-rastro-de-fugitivos-de-mossoro-em-casa-alvo-de-tentativa-de-arrombamento\/\",\"url\":\"https:\/\/deputadotaveirajr.com.br\/index.php\/forca-tarefa-descarta-rastro-de-fugitivos-de-mossoro-em-casa-alvo-de-tentativa-de-arrombamento\/\",\"name\":\"For\u00e7a-tarefa descarta rastro de fugitivos de Mossor\u00f3 em casa alvo de tentativa de arrombamento - Taveira Jr\",\"isPartOf\":{\"@id\":\"https:\/\/deputadotaveirajr.com.br\/#website\"},\"datePublished\":\"2024-03-19T17:01:55+00:00\",\"breadcrumb\":{\"@id\":\"https:\/\/deputadotaveirajr.com.br\/index.php\/forca-tarefa-descarta-rastro-de-fugitivos-de-mossoro-em-casa-alvo-de-tentativa-de-arrombamento\/#breadcrumb\"},\"inLanguage\":\"pt-BR\",\"potentialAction\":[{\"@type\":\"ReadAction\",\"target\":[\"https:\/\/deputadotaveirajr.com.br\/index.php\/forca-tarefa-descarta-rastro-de-fugitivos-de-mossoro-em-casa-alvo-de-tentativa-de-arrombamento\/\"]}]},{\"@type\":\"BreadcrumbList\",\"@id\":\"https:\/\/deputadotaveirajr.com.br\/index.php\/forca-tarefa-descarta-rastro-de-fugitivos-de-mossoro-em-casa-alvo-de-tentativa-de-arrombamento\/#breadcrumb\",\"itemListElement\":[{\"@type\":\"ListItem\",\"position\":1,\"name\":\"In\u00edcio\",\"item\":\"https:\/\/deputadotaveirajr.com.br\/\"},{\"@type\":\"ListItem\",\"position\":2,\"name\":\"For\u00e7a-tarefa descarta rastro de fugitivos de Mossor\u00f3 em casa alvo de tentativa de arrombamento\"}]},{\"@type\":\"WebSite\",\"@id\":\"https:\/\/deputadotaveirajr.com.br\/#website\",\"url\":\"https:\/\/deputadotaveirajr.com.br\/\",\"name\":\"Taveira Jr\",\"description\":\"Deputado Estadual\",\"publisher\":{\"@id\":\"https:\/\/deputadotaveirajr.com.br\/#organization\"},\"potentialAction\":[{\"@type\":\"SearchAction\",\"target\":{\"@type\":\"EntryPoint\",\"urlTemplate\":\"https:\/\/deputadotaveirajr.com.br\/?s={search_term_string}\"},\"query-input\":{\"@type\":\"PropertyValueSpecification\",\"valueRequired\":true,\"valueName\":\"search_term_string\"}}],\"inLanguage\":\"pt-BR\"},{\"@type\":\"Organization\",\"@id\":\"https:\/\/deputadotaveirajr.com.br\/#organization\",\"name\":\"Taveira Jr\",\"url\":\"https:\/\/deputadotaveirajr.com.br\/\",\"logo\":{\"@type\":\"ImageObject\",\"inLanguage\":\"pt-BR\",\"@id\":\"https:\/\/deputadotaveirajr.com.br\/#\/schema\/logo\/image\/\",\"url\":\"https:\/\/deputadotaveirajr.com.br\/wp-content\/uploads\/2026\/01\/logolow2a.png\",\"contentUrl\":\"https:\/\/deputadotaveirajr.com.br\/wp-content\/uploads\/2026\/01\/logolow2a.png\",\"width\":290,\"height\":80,\"caption\":\"Taveira Jr\"},\"image\":{\"@id\":\"https:\/\/deputadotaveirajr.com.br\/#\/schema\/logo\/image\/\"}}]}<\/script>\n<!-- \/ Yoast SEO plugin. -->","yoast_head_json":{"title":"For\u00e7a-tarefa descarta rastro de fugitivos de Mossor\u00f3 em casa alvo de tentativa de arrombamento - Taveira Jr","robots":{"index":"index","follow":"follow","max-snippet":"max-snippet:-1","max-image-preview":"max-image-preview:large","max-video-preview":"max-video-preview:-1"},"canonical":"https:\/\/deputadotaveirajr.com.br\/index.php\/forca-tarefa-descarta-rastro-de-fugitivos-de-mossoro-em-casa-alvo-de-tentativa-de-arrombamento\/","og_locale":"pt_BR","og_type":"article","og_title":"For\u00e7a-tarefa descarta rastro de fugitivos de Mossor\u00f3 em casa alvo de tentativa de arrombamento - Taveira Jr","og_description":"Casa foi alvo de tentativa de arrombamento na noite de sexta (15), na zona rural de Mossor\u00f3. Fuga aconteceu no dia 14 de fevereiro e foi a primeira registrada no ...","og_url":"https:\/\/deputadotaveirajr.com.br\/index.php\/forca-tarefa-descarta-rastro-de-fugitivos-de-mossoro-em-casa-alvo-de-tentativa-de-arrombamento\/","og_site_name":"Taveira Jr","twitter_card":"summary_large_image","twitter_misc":{"Est. tempo de leitura":"2 minutos"},"schema":{"@context":"https:\/\/schema.org","@graph":[{"@type":"WebPage","@id":"https:\/\/deputadotaveirajr.com.br\/index.php\/forca-tarefa-descarta-rastro-de-fugitivos-de-mossoro-em-casa-alvo-de-tentativa-de-arrombamento\/","url":"https:\/\/deputadotaveirajr.com.br\/index.php\/forca-tarefa-descarta-rastro-de-fugitivos-de-mossoro-em-casa-alvo-de-tentativa-de-arrombamento\/","name":"For\u00e7a-tarefa descarta rastro de fugitivos de Mossor\u00f3 em casa alvo de tentativa de arrombamento - Taveira Jr","isPartOf":{"@id":"https:\/\/deputadotaveirajr.com.br\/#website"},"datePublished":"2024-03-19T17:01:55+00:00","breadcrumb":{"@id":"https:\/\/deputadotaveirajr.com.br\/index.php\/forca-tarefa-descarta-rastro-de-fugitivos-de-mossoro-em-casa-alvo-de-tentativa-de-arrombamento\/#breadcrumb"},"inLanguage":"pt-BR","potentialAction":[{"@type":"ReadAction","target":["https:\/\/deputadotaveirajr.com.br\/index.php\/forca-tarefa-descarta-rastro-de-fugitivos-de-mossoro-em-casa-alvo-de-tentativa-de-arrombamento\/"]}]},{"@type":"BreadcrumbList","@id":"https:\/\/deputadotaveirajr.com.br\/index.php\/forca-tarefa-descarta-rastro-de-fugitivos-de-mossoro-em-casa-alvo-de-tentativa-de-arrombamento\/#breadcrumb","itemListElement":[{"@type":"ListItem","position":1,"name":"In\u00edcio","item":"https:\/\/deputadotaveirajr.com.br\/"},{"@type":"ListItem","position":2,"name":"For\u00e7a-tarefa descarta rastro de fugitivos de Mossor\u00f3 em casa alvo de tentativa de arrombamento"}]},{"@type":"WebSite","@id":"https:\/\/deputadotaveirajr.com.br\/#website","url":"https:\/\/deputadotaveirajr.com.br\/","name":"Taveira Jr","description":"Deputado Estadual","publisher":{"@id":"https:\/\/deputadotaveirajr.com.br\/#organization"},"potentialAction":[{"@type":"SearchAction","target":{"@type":"EntryPoint","urlTemplate":"https:\/\/deputadotaveirajr.com.br\/?s={search_term_string}"},"query-input":{"@type":"PropertyValueSpecification","valueRequired":true,"valueName":"search_term_string"}}],"inLanguage":"pt-BR"},{"@type":"Organization","@id":"https:\/\/deputadotaveirajr.com.br\/#organization","name":"Taveira Jr","url":"https:\/\/deputadotaveirajr.com.br\/","logo":{"@type":"ImageObject","inLanguage":"pt-BR","@id":"https:\/\/deputadotaveirajr.com.br\/#\/schema\/logo\/image\/","url":"https:\/\/deputadotaveirajr.com.br\/wp-content\/uploads\/2026\/01\/logolow2a.png","contentUrl":"https:\/\/deputadotaveirajr.com.br\/wp-content\/uploads\/2026\/01\/logolow2a.png","width":290,"height":80,"caption":"Taveira Jr"},"image":{"@id":"https:\/\/deputadotaveirajr.com.br\/#\/schema\/logo\/image\/"}}]}},"_links":{"self":[{"href":"https:\/\/deputadotaveirajr.com.br\/index.php\/wp-json\/wp\/v2\/pages\/3600","targetHints":{"allow":["GET"]}}],"collection":[{"href":"https:\/\/deputadotaveirajr.com.br\/index.php\/wp-json\/wp\/v2\/pages"}],"about":[{"href":"https:\/\/deputadotaveirajr.com.br\/index.php\/wp-json\/wp\/v2\/types\/page"}],"replies":[{"embeddable":true,"href":"https:\/\/deputadotaveirajr.com.br\/index.php\/wp-json\/wp\/v2\/comments?post=3600"}],"version-history":[{"count":1,"href":"https:\/\/deputadotaveirajr.com.br\/index.php\/wp-json\/wp\/v2\/pages\/3600\/revisions"}],"predecessor-version":[{"id":3605,"href":"https:\/\/deputadotaveirajr.com.br\/index.php\/wp-json\/wp\/v2\/pages\/3600\/revisions\/3605"}],"wp:attachment":[{"href":"https:\/\/deputadotaveirajr.com.br\/index.php\/wp-json\/wp\/v2\/media?parent=3600"}],"curies":[{"name":"wp","href":"https:\/\/api.w.org\/{rel}","templated":true}]}}