{"id":3602,"date":"2024-03-19T16:12:21","date_gmt":"2024-03-19T19:12:21","guid":{"rendered":"https:\/\/deputadotaveirajr.com.br\/?page_id=3602"},"modified":"2024-03-19T16:12:21","modified_gmt":"2024-03-19T19:12:21","slug":"no-rancho-fundo-potiguar-titina-medeiros-revive-personagem-de-mar-do-sertao-na-nova-novela-das-6","status":"publish","type":"page","link":"https:\/\/deputadotaveirajr.com.br\/index.php\/no-rancho-fundo-potiguar-titina-medeiros-revive-personagem-de-mar-do-sertao-na-nova-novela-das-6\/","title":{"rendered":"No Rancho Fundo: Potiguar Titina Medeiros revive personagem de Mar do Sert\u00e3o na nova novela das 6"},"content":{"rendered":"<p>     Titina revive Nivalda ao lado de Welder Rodrigues que interpreta Sab\u00e1 Bod\u00f3. Dupla fez sucesso em Mar do Sert\u00e3o. Nova novela das 6 estreia em 15 de abril. Potiguar Titina Medeiros revive personagem de Mar do Sert\u00e3o na nova novela das 6<br \/>\nReprodu\u00e7\u00e3o<br \/>\nA atriz potiguar Titina Medeiros vai reviver a personagem Nivalda, de Mar do Sert\u00e3o, na nova novela das 18h da TV Globo, No Rancho Fundo.<br \/>\nO an\u00fancio oficial foi feito nesta segunda (18) nas redes sociais da TV Globo. A nova novela das 18h estreia no dia 15 de abril.<br \/>\nAo lado de Titina estar\u00e1 Welder Rodrigues interpretando Sab\u00e1 Bod\u00f3. A dulpa fez sucesso e rendeu boas risadas do p\u00fablico em Mar do Sert\u00e3o.<br \/>\n&#8220;Duas figuras que aprontaram bastante nas bandas de Canta Pedra agora vivem em Lap\u00e3o da Beirada! Sab\u00e1 Bod\u00f3 (Welder Rodrigues), tem um novo sonho: se tornar governador! Na verdade, ele est\u00e1 de olho mesmo na fortuna crescente da regi\u00e3o.\u202fAo seu lado, est\u00e1 Nivalda (Titina Medeiros), sua amada, que n\u00e3o tardou em segui-lo!&#8221;, dizia o an\u00fancio.<br \/>\nO p\u00fablico comemorou a novidade nas redes sociais.<br \/>\nInitial plugin text<br \/>\nInitial plugin text<br \/>\nInitial plugin text<\/p>","protected":false},"excerpt":{"rendered":"<p>Titina revive Nivalda ao lado de Welder Rodrigues que interpreta Sab\u00e1 Bod\u00f3. Dupla fez sucesso em Mar do Sert\u00e3o. Nova novela das 6 estreia em 15 de abril. Potiguar Titina &#8230;<\/p>\n","protected":false},"author":0,"featured_media":0,"parent":0,"menu_order":0,"comment_status":"closed","ping_status":"closed","template":"","meta":{"footnotes":""},"class_list":["post-3602","page","type-page","status-publish","hentry"],"yoast_head":"<!-- This site is optimized with the Yoast SEO plugin v27.1.1 - https:\/\/yoast.com\/product\/yoast-seo-wordpress\/ -->\n<title>No Rancho Fundo: Potiguar Titina Medeiros revive personagem de Mar do Sert\u00e3o na nova novela das 6 - Taveira Jr<\/title>\n<meta name=\"robots\" content=\"index, follow, max-snippet:-1, max-image-preview:large, max-video-preview:-1\" \/>\n<link rel=\"canonical\" href=\"https:\/\/deputadotaveirajr.com.br\/index.php\/no-rancho-fundo-potiguar-titina-medeiros-revive-personagem-de-mar-do-sertao-na-nova-novela-das-6\/\" \/>\n<meta property=\"og:locale\" content=\"pt_BR\" \/>\n<meta property=\"og:type\" content=\"article\" \/>\n<meta property=\"og:title\" content=\"No Rancho Fundo: Potiguar Titina Medeiros revive personagem de Mar do Sert\u00e3o na nova novela das 6 - Taveira Jr\" \/>\n<meta property=\"og:description\" content=\"Titina revive Nivalda ao lado de Welder Rodrigues que interpreta Sab\u00e1 Bod\u00f3. Dupla fez sucesso em Mar do Sert\u00e3o. Nova novela das 6 estreia em 15 de abril. Potiguar Titina ...\" \/>\n<meta property=\"og:url\" content=\"https:\/\/deputadotaveirajr.com.br\/index.php\/no-rancho-fundo-potiguar-titina-medeiros-revive-personagem-de-mar-do-sertao-na-nova-novela-das-6\/\" \/>\n<meta property=\"og:site_name\" content=\"Taveira Jr\" \/>\n<meta name=\"twitter:card\" content=\"summary_large_image\" \/>\n<meta name=\"twitter:label1\" content=\"Est. tempo de leitura\" \/>\n\t<meta name=\"twitter:data1\" content=\"1 minuto\" \/>\n<script type=\"application\/ld+json\" class=\"yoast-schema-graph\">{\"@context\":\"https:\/\/schema.org\",\"@graph\":[{\"@type\":\"WebPage\",\"@id\":\"https:\/\/deputadotaveirajr.com.br\/index.php\/no-rancho-fundo-potiguar-titina-medeiros-revive-personagem-de-mar-do-sertao-na-nova-novela-das-6\/\",\"url\":\"https:\/\/deputadotaveirajr.com.br\/index.php\/no-rancho-fundo-potiguar-titina-medeiros-revive-personagem-de-mar-do-sertao-na-nova-novela-das-6\/\",\"name\":\"No Rancho Fundo: Potiguar Titina Medeiros revive personagem de Mar do Sert\u00e3o na nova novela das 6 - Taveira Jr\",\"isPartOf\":{\"@id\":\"https:\/\/deputadotaveirajr.com.br\/#website\"},\"datePublished\":\"2024-03-19T19:12:21+00:00\",\"breadcrumb\":{\"@id\":\"https:\/\/deputadotaveirajr.com.br\/index.php\/no-rancho-fundo-potiguar-titina-medeiros-revive-personagem-de-mar-do-sertao-na-nova-novela-das-6\/#breadcrumb\"},\"inLanguage\":\"pt-BR\",\"potentialAction\":[{\"@type\":\"ReadAction\",\"target\":[\"https:\/\/deputadotaveirajr.com.br\/index.php\/no-rancho-fundo-potiguar-titina-medeiros-revive-personagem-de-mar-do-sertao-na-nova-novela-das-6\/\"]}]},{\"@type\":\"BreadcrumbList\",\"@id\":\"https:\/\/deputadotaveirajr.com.br\/index.php\/no-rancho-fundo-potiguar-titina-medeiros-revive-personagem-de-mar-do-sertao-na-nova-novela-das-6\/#breadcrumb\",\"itemListElement\":[{\"@type\":\"ListItem\",\"position\":1,\"name\":\"In\u00edcio\",\"item\":\"https:\/\/deputadotaveirajr.com.br\/\"},{\"@type\":\"ListItem\",\"position\":2,\"name\":\"No Rancho Fundo: Potiguar Titina Medeiros revive personagem de Mar do Sert\u00e3o na nova novela das 6\"}]},{\"@type\":\"WebSite\",\"@id\":\"https:\/\/deputadotaveirajr.com.br\/#website\",\"url\":\"https:\/\/deputadotaveirajr.com.br\/\",\"name\":\"Taveira Jr\",\"description\":\"Deputado Estadual\",\"publisher\":{\"@id\":\"https:\/\/deputadotaveirajr.com.br\/#organization\"},\"potentialAction\":[{\"@type\":\"SearchAction\",\"target\":{\"@type\":\"EntryPoint\",\"urlTemplate\":\"https:\/\/deputadotaveirajr.com.br\/?s={search_term_string}\"},\"query-input\":{\"@type\":\"PropertyValueSpecification\",\"valueRequired\":true,\"valueName\":\"search_term_string\"}}],\"inLanguage\":\"pt-BR\"},{\"@type\":\"Organization\",\"@id\":\"https:\/\/deputadotaveirajr.com.br\/#organization\",\"name\":\"Taveira Jr\",\"url\":\"https:\/\/deputadotaveirajr.com.br\/\",\"logo\":{\"@type\":\"ImageObject\",\"inLanguage\":\"pt-BR\",\"@id\":\"https:\/\/deputadotaveirajr.com.br\/#\/schema\/logo\/image\/\",\"url\":\"https:\/\/deputadotaveirajr.com.br\/wp-content\/uploads\/2026\/01\/logolow2a.png\",\"contentUrl\":\"https:\/\/deputadotaveirajr.com.br\/wp-content\/uploads\/2026\/01\/logolow2a.png\",\"width\":290,\"height\":80,\"caption\":\"Taveira Jr\"},\"image\":{\"@id\":\"https:\/\/deputadotaveirajr.com.br\/#\/schema\/logo\/image\/\"}}]}<\/script>\n<!-- \/ Yoast SEO plugin. -->","yoast_head_json":{"title":"No Rancho Fundo: Potiguar Titina Medeiros revive personagem de Mar do Sert\u00e3o na nova novela das 6 - Taveira Jr","robots":{"index":"index","follow":"follow","max-snippet":"max-snippet:-1","max-image-preview":"max-image-preview:large","max-video-preview":"max-video-preview:-1"},"canonical":"https:\/\/deputadotaveirajr.com.br\/index.php\/no-rancho-fundo-potiguar-titina-medeiros-revive-personagem-de-mar-do-sertao-na-nova-novela-das-6\/","og_locale":"pt_BR","og_type":"article","og_title":"No Rancho Fundo: Potiguar Titina Medeiros revive personagem de Mar do Sert\u00e3o na nova novela das 6 - Taveira Jr","og_description":"Titina revive Nivalda ao lado de Welder Rodrigues que interpreta Sab\u00e1 Bod\u00f3. Dupla fez sucesso em Mar do Sert\u00e3o. Nova novela das 6 estreia em 15 de abril. Potiguar Titina ...","og_url":"https:\/\/deputadotaveirajr.com.br\/index.php\/no-rancho-fundo-potiguar-titina-medeiros-revive-personagem-de-mar-do-sertao-na-nova-novela-das-6\/","og_site_name":"Taveira Jr","twitter_card":"summary_large_image","twitter_misc":{"Est. tempo de leitura":"1 minuto"},"schema":{"@context":"https:\/\/schema.org","@graph":[{"@type":"WebPage","@id":"https:\/\/deputadotaveirajr.com.br\/index.php\/no-rancho-fundo-potiguar-titina-medeiros-revive-personagem-de-mar-do-sertao-na-nova-novela-das-6\/","url":"https:\/\/deputadotaveirajr.com.br\/index.php\/no-rancho-fundo-potiguar-titina-medeiros-revive-personagem-de-mar-do-sertao-na-nova-novela-das-6\/","name":"No Rancho Fundo: Potiguar Titina Medeiros revive personagem de Mar do Sert\u00e3o na nova novela das 6 - Taveira Jr","isPartOf":{"@id":"https:\/\/deputadotaveirajr.com.br\/#website"},"datePublished":"2024-03-19T19:12:21+00:00","breadcrumb":{"@id":"https:\/\/deputadotaveirajr.com.br\/index.php\/no-rancho-fundo-potiguar-titina-medeiros-revive-personagem-de-mar-do-sertao-na-nova-novela-das-6\/#breadcrumb"},"inLanguage":"pt-BR","potentialAction":[{"@type":"ReadAction","target":["https:\/\/deputadotaveirajr.com.br\/index.php\/no-rancho-fundo-potiguar-titina-medeiros-revive-personagem-de-mar-do-sertao-na-nova-novela-das-6\/"]}]},{"@type":"BreadcrumbList","@id":"https:\/\/deputadotaveirajr.com.br\/index.php\/no-rancho-fundo-potiguar-titina-medeiros-revive-personagem-de-mar-do-sertao-na-nova-novela-das-6\/#breadcrumb","itemListElement":[{"@type":"ListItem","position":1,"name":"In\u00edcio","item":"https:\/\/deputadotaveirajr.com.br\/"},{"@type":"ListItem","position":2,"name":"No Rancho Fundo: Potiguar Titina Medeiros revive personagem de Mar do Sert\u00e3o na nova novela das 6"}]},{"@type":"WebSite","@id":"https:\/\/deputadotaveirajr.com.br\/#website","url":"https:\/\/deputadotaveirajr.com.br\/","name":"Taveira Jr","description":"Deputado Estadual","publisher":{"@id":"https:\/\/deputadotaveirajr.com.br\/#organization"},"potentialAction":[{"@type":"SearchAction","target":{"@type":"EntryPoint","urlTemplate":"https:\/\/deputadotaveirajr.com.br\/?s={search_term_string}"},"query-input":{"@type":"PropertyValueSpecification","valueRequired":true,"valueName":"search_term_string"}}],"inLanguage":"pt-BR"},{"@type":"Organization","@id":"https:\/\/deputadotaveirajr.com.br\/#organization","name":"Taveira Jr","url":"https:\/\/deputadotaveirajr.com.br\/","logo":{"@type":"ImageObject","inLanguage":"pt-BR","@id":"https:\/\/deputadotaveirajr.com.br\/#\/schema\/logo\/image\/","url":"https:\/\/deputadotaveirajr.com.br\/wp-content\/uploads\/2026\/01\/logolow2a.png","contentUrl":"https:\/\/deputadotaveirajr.com.br\/wp-content\/uploads\/2026\/01\/logolow2a.png","width":290,"height":80,"caption":"Taveira Jr"},"image":{"@id":"https:\/\/deputadotaveirajr.com.br\/#\/schema\/logo\/image\/"}}]}},"_links":{"self":[{"href":"https:\/\/deputadotaveirajr.com.br\/index.php\/wp-json\/wp\/v2\/pages\/3602","targetHints":{"allow":["GET"]}}],"collection":[{"href":"https:\/\/deputadotaveirajr.com.br\/index.php\/wp-json\/wp\/v2\/pages"}],"about":[{"href":"https:\/\/deputadotaveirajr.com.br\/index.php\/wp-json\/wp\/v2\/types\/page"}],"replies":[{"embeddable":true,"href":"https:\/\/deputadotaveirajr.com.br\/index.php\/wp-json\/wp\/v2\/comments?post=3602"}],"version-history":[{"count":1,"href":"https:\/\/deputadotaveirajr.com.br\/index.php\/wp-json\/wp\/v2\/pages\/3602\/revisions"}],"predecessor-version":[{"id":3608,"href":"https:\/\/deputadotaveirajr.com.br\/index.php\/wp-json\/wp\/v2\/pages\/3602\/revisions\/3608"}],"wp:attachment":[{"href":"https:\/\/deputadotaveirajr.com.br\/index.php\/wp-json\/wp\/v2\/media?parent=3602"}],"curies":[{"name":"wp","href":"https:\/\/api.w.org\/{rel}","templated":true}]}}