{"id":3647,"date":"2024-03-21T14:22:43","date_gmt":"2024-03-21T17:22:43","guid":{"rendered":"https:\/\/deputadotaveirajr.com.br\/?page_id=3647"},"modified":"2024-03-21T14:22:43","modified_gmt":"2024-03-21T17:22:43","slug":"promotora-passa-mal-durante-juri-e-morre-em-mossoro","status":"publish","type":"page","link":"https:\/\/deputadotaveirajr.com.br\/index.php\/promotora-passa-mal-durante-juri-e-morre-em-mossoro\/","title":{"rendered":"Promotora passa mal durante j\u00fari e morre em Mossor\u00f3"},"content":{"rendered":"<p>     Engracia Guiomar R\u00eago Bezerra Monteiro, de 56 anos, morreu na madrugada desta quinta-feira (21). Causa da morte n\u00e3o foi informada.  Engracia Guiomar R\u00eago Bezerra Monteiro, de 56 anos, morreu na madrugada desta quinta-feira (21) em Mossor\u00f3<br \/>\nReprodu\u00e7\u00e3o<br \/>\nUma promotora de Justi\u00e7a do Rio Grande do Norte morreu na madrugada desta quinta-feira (21), ap\u00f3s passar mal durante um j\u00fari realizado na cidade de Ipangua\u00e7u, no Oeste potiguar.<br \/>\nSegundo o Minist\u00e9rio P\u00fablico, a promotora Engracia Guiomar R\u00eago Bezerra Monteiro, de 56 anos, estava atuando em um j\u00fari em Ipangua\u00e7u, quando passou mal e foi levada para um hospital em Mossor\u00f3.<br \/>\nNo entanto, a promotora faleceu na madrugada desta quinta-feira (21) no Hospital Regional Tarc\u00edsio Maia. A causa da morte n\u00e3o foi informada.<br \/>\nO Minist\u00e9rio P\u00fablico decretou luto oficial de um dia e manifestou solidariedade aos familiares e amigos.<br \/>\nEngracia Monteiro faria 10 anos no Minist\u00e9rio P\u00fablico no pr\u00f3ximo dia 1\u00ba de abril. Ela ingressou na institui\u00e7\u00e3o em 2014, como promotora de Justi\u00e7a substituta em Extremoz. Ainda como substituta, foi promotora de Justi\u00e7a em Jo\u00e3o C\u00e2mara e em Umarizal.<br \/>\nDesde 2018, Engracia Monteiro era promotora de Justi\u00e7a titular em Campo Grande e atualmente tamb\u00e9m estava em substitui\u00e7\u00e3o em Ipangua\u00e7u.<br \/>\nA promotora tamb\u00e9m atuou no Grupo de Atua\u00e7\u00e3o Especial de Combate ao Crime Organizado (Gaeco) e atualmente era coordenadora do Comit\u00ea de Preven\u00e7\u00e3o e Enfrentamento dos Ass\u00e9dios Moral e Sexual do MPRN.<br \/>\nO vel\u00f3rio da promotora deve come\u00e7ar \u00e0s 12h desta quinta-feira (21) no cemit\u00e9rio Morada da Paz, no bairro Ema\u00fas, em Parnamirim, na Grande Natal. O sepultamento est\u00e1 agendado para as 19h.<br \/>\nMinist\u00e9rio P\u00fablico do Rio Grande do Norte<br \/>\nIgor J\u00e1come\/G1<br \/>\nVeja os v\u00eddeos mais assistidos no g1 RN<\/p>","protected":false},"excerpt":{"rendered":"<p>Engracia Guiomar R\u00eago Bezerra Monteiro, de 56 anos, morreu na madrugada desta quinta-feira (21). Causa da morte n\u00e3o foi informada. Engracia Guiomar R\u00eago Bezerra Monteiro, de 56 anos, morreu na &#8230;<\/p>\n","protected":false},"author":0,"featured_media":0,"parent":0,"menu_order":0,"comment_status":"closed","ping_status":"closed","template":"","meta":{"footnotes":""},"class_list":["post-3647","page","type-page","status-publish","hentry"],"yoast_head":"<!-- This site is optimized with the Yoast SEO plugin v27.1.1 - https:\/\/yoast.com\/product\/yoast-seo-wordpress\/ -->\n<title>Promotora passa mal durante j\u00fari e morre em Mossor\u00f3 - Taveira Jr<\/title>\n<meta name=\"robots\" content=\"index, follow, max-snippet:-1, max-image-preview:large, max-video-preview:-1\" \/>\n<link rel=\"canonical\" href=\"https:\/\/deputadotaveirajr.com.br\/index.php\/promotora-passa-mal-durante-juri-e-morre-em-mossoro\/\" \/>\n<meta property=\"og:locale\" content=\"pt_BR\" \/>\n<meta property=\"og:type\" content=\"article\" \/>\n<meta property=\"og:title\" content=\"Promotora passa mal durante j\u00fari e morre em Mossor\u00f3 - Taveira Jr\" \/>\n<meta property=\"og:description\" content=\"Engracia Guiomar R\u00eago Bezerra Monteiro, de 56 anos, morreu na madrugada desta quinta-feira (21). Causa da morte n\u00e3o foi informada. Engracia Guiomar R\u00eago Bezerra Monteiro, de 56 anos, morreu na ...\" \/>\n<meta property=\"og:url\" content=\"https:\/\/deputadotaveirajr.com.br\/index.php\/promotora-passa-mal-durante-juri-e-morre-em-mossoro\/\" \/>\n<meta property=\"og:site_name\" content=\"Taveira Jr\" \/>\n<meta name=\"twitter:card\" content=\"summary_large_image\" \/>\n<meta name=\"twitter:label1\" content=\"Est. tempo de leitura\" \/>\n\t<meta name=\"twitter:data1\" content=\"2 minutos\" \/>\n<script type=\"application\/ld+json\" class=\"yoast-schema-graph\">{\"@context\":\"https:\/\/schema.org\",\"@graph\":[{\"@type\":\"WebPage\",\"@id\":\"https:\/\/deputadotaveirajr.com.br\/index.php\/promotora-passa-mal-durante-juri-e-morre-em-mossoro\/\",\"url\":\"https:\/\/deputadotaveirajr.com.br\/index.php\/promotora-passa-mal-durante-juri-e-morre-em-mossoro\/\",\"name\":\"Promotora passa mal durante j\u00fari e morre em Mossor\u00f3 - Taveira Jr\",\"isPartOf\":{\"@id\":\"https:\/\/deputadotaveirajr.com.br\/#website\"},\"datePublished\":\"2024-03-21T17:22:43+00:00\",\"breadcrumb\":{\"@id\":\"https:\/\/deputadotaveirajr.com.br\/index.php\/promotora-passa-mal-durante-juri-e-morre-em-mossoro\/#breadcrumb\"},\"inLanguage\":\"pt-BR\",\"potentialAction\":[{\"@type\":\"ReadAction\",\"target\":[\"https:\/\/deputadotaveirajr.com.br\/index.php\/promotora-passa-mal-durante-juri-e-morre-em-mossoro\/\"]}]},{\"@type\":\"BreadcrumbList\",\"@id\":\"https:\/\/deputadotaveirajr.com.br\/index.php\/promotora-passa-mal-durante-juri-e-morre-em-mossoro\/#breadcrumb\",\"itemListElement\":[{\"@type\":\"ListItem\",\"position\":1,\"name\":\"In\u00edcio\",\"item\":\"https:\/\/deputadotaveirajr.com.br\/\"},{\"@type\":\"ListItem\",\"position\":2,\"name\":\"Promotora passa mal durante j\u00fari e morre em Mossor\u00f3\"}]},{\"@type\":\"WebSite\",\"@id\":\"https:\/\/deputadotaveirajr.com.br\/#website\",\"url\":\"https:\/\/deputadotaveirajr.com.br\/\",\"name\":\"Taveira Jr\",\"description\":\"Deputado Estadual\",\"publisher\":{\"@id\":\"https:\/\/deputadotaveirajr.com.br\/#organization\"},\"potentialAction\":[{\"@type\":\"SearchAction\",\"target\":{\"@type\":\"EntryPoint\",\"urlTemplate\":\"https:\/\/deputadotaveirajr.com.br\/?s={search_term_string}\"},\"query-input\":{\"@type\":\"PropertyValueSpecification\",\"valueRequired\":true,\"valueName\":\"search_term_string\"}}],\"inLanguage\":\"pt-BR\"},{\"@type\":\"Organization\",\"@id\":\"https:\/\/deputadotaveirajr.com.br\/#organization\",\"name\":\"Taveira Jr\",\"url\":\"https:\/\/deputadotaveirajr.com.br\/\",\"logo\":{\"@type\":\"ImageObject\",\"inLanguage\":\"pt-BR\",\"@id\":\"https:\/\/deputadotaveirajr.com.br\/#\/schema\/logo\/image\/\",\"url\":\"https:\/\/deputadotaveirajr.com.br\/wp-content\/uploads\/2026\/01\/logolow2a.png\",\"contentUrl\":\"https:\/\/deputadotaveirajr.com.br\/wp-content\/uploads\/2026\/01\/logolow2a.png\",\"width\":290,\"height\":80,\"caption\":\"Taveira Jr\"},\"image\":{\"@id\":\"https:\/\/deputadotaveirajr.com.br\/#\/schema\/logo\/image\/\"}}]}<\/script>\n<!-- \/ Yoast SEO plugin. -->","yoast_head_json":{"title":"Promotora passa mal durante j\u00fari e morre em Mossor\u00f3 - Taveira Jr","robots":{"index":"index","follow":"follow","max-snippet":"max-snippet:-1","max-image-preview":"max-image-preview:large","max-video-preview":"max-video-preview:-1"},"canonical":"https:\/\/deputadotaveirajr.com.br\/index.php\/promotora-passa-mal-durante-juri-e-morre-em-mossoro\/","og_locale":"pt_BR","og_type":"article","og_title":"Promotora passa mal durante j\u00fari e morre em Mossor\u00f3 - Taveira Jr","og_description":"Engracia Guiomar R\u00eago Bezerra Monteiro, de 56 anos, morreu na madrugada desta quinta-feira (21). Causa da morte n\u00e3o foi informada. Engracia Guiomar R\u00eago Bezerra Monteiro, de 56 anos, morreu na ...","og_url":"https:\/\/deputadotaveirajr.com.br\/index.php\/promotora-passa-mal-durante-juri-e-morre-em-mossoro\/","og_site_name":"Taveira Jr","twitter_card":"summary_large_image","twitter_misc":{"Est. tempo de leitura":"2 minutos"},"schema":{"@context":"https:\/\/schema.org","@graph":[{"@type":"WebPage","@id":"https:\/\/deputadotaveirajr.com.br\/index.php\/promotora-passa-mal-durante-juri-e-morre-em-mossoro\/","url":"https:\/\/deputadotaveirajr.com.br\/index.php\/promotora-passa-mal-durante-juri-e-morre-em-mossoro\/","name":"Promotora passa mal durante j\u00fari e morre em Mossor\u00f3 - Taveira Jr","isPartOf":{"@id":"https:\/\/deputadotaveirajr.com.br\/#website"},"datePublished":"2024-03-21T17:22:43+00:00","breadcrumb":{"@id":"https:\/\/deputadotaveirajr.com.br\/index.php\/promotora-passa-mal-durante-juri-e-morre-em-mossoro\/#breadcrumb"},"inLanguage":"pt-BR","potentialAction":[{"@type":"ReadAction","target":["https:\/\/deputadotaveirajr.com.br\/index.php\/promotora-passa-mal-durante-juri-e-morre-em-mossoro\/"]}]},{"@type":"BreadcrumbList","@id":"https:\/\/deputadotaveirajr.com.br\/index.php\/promotora-passa-mal-durante-juri-e-morre-em-mossoro\/#breadcrumb","itemListElement":[{"@type":"ListItem","position":1,"name":"In\u00edcio","item":"https:\/\/deputadotaveirajr.com.br\/"},{"@type":"ListItem","position":2,"name":"Promotora passa mal durante j\u00fari e morre em Mossor\u00f3"}]},{"@type":"WebSite","@id":"https:\/\/deputadotaveirajr.com.br\/#website","url":"https:\/\/deputadotaveirajr.com.br\/","name":"Taveira Jr","description":"Deputado Estadual","publisher":{"@id":"https:\/\/deputadotaveirajr.com.br\/#organization"},"potentialAction":[{"@type":"SearchAction","target":{"@type":"EntryPoint","urlTemplate":"https:\/\/deputadotaveirajr.com.br\/?s={search_term_string}"},"query-input":{"@type":"PropertyValueSpecification","valueRequired":true,"valueName":"search_term_string"}}],"inLanguage":"pt-BR"},{"@type":"Organization","@id":"https:\/\/deputadotaveirajr.com.br\/#organization","name":"Taveira Jr","url":"https:\/\/deputadotaveirajr.com.br\/","logo":{"@type":"ImageObject","inLanguage":"pt-BR","@id":"https:\/\/deputadotaveirajr.com.br\/#\/schema\/logo\/image\/","url":"https:\/\/deputadotaveirajr.com.br\/wp-content\/uploads\/2026\/01\/logolow2a.png","contentUrl":"https:\/\/deputadotaveirajr.com.br\/wp-content\/uploads\/2026\/01\/logolow2a.png","width":290,"height":80,"caption":"Taveira Jr"},"image":{"@id":"https:\/\/deputadotaveirajr.com.br\/#\/schema\/logo\/image\/"}}]}},"_links":{"self":[{"href":"https:\/\/deputadotaveirajr.com.br\/index.php\/wp-json\/wp\/v2\/pages\/3647","targetHints":{"allow":["GET"]}}],"collection":[{"href":"https:\/\/deputadotaveirajr.com.br\/index.php\/wp-json\/wp\/v2\/pages"}],"about":[{"href":"https:\/\/deputadotaveirajr.com.br\/index.php\/wp-json\/wp\/v2\/types\/page"}],"replies":[{"embeddable":true,"href":"https:\/\/deputadotaveirajr.com.br\/index.php\/wp-json\/wp\/v2\/comments?post=3647"}],"version-history":[{"count":1,"href":"https:\/\/deputadotaveirajr.com.br\/index.php\/wp-json\/wp\/v2\/pages\/3647\/revisions"}],"predecessor-version":[{"id":3653,"href":"https:\/\/deputadotaveirajr.com.br\/index.php\/wp-json\/wp\/v2\/pages\/3647\/revisions\/3653"}],"wp:attachment":[{"href":"https:\/\/deputadotaveirajr.com.br\/index.php\/wp-json\/wp\/v2\/media?parent=3647"}],"curies":[{"name":"wp","href":"https:\/\/api.w.org\/{rel}","templated":true}]}}