{"id":3747,"date":"2024-03-23T12:31:21","date_gmt":"2024-03-23T15:31:21","guid":{"rendered":"https:\/\/deputadotaveirajr.com.br\/?page_id=3747"},"modified":"2024-03-23T12:31:21","modified_gmt":"2024-03-23T15:31:21","slug":"sargento-que-matou-esposa-em-natal-e-expulso-da-policia-militar","status":"publish","type":"page","link":"https:\/\/deputadotaveirajr.com.br\/index.php\/sargento-que-matou-esposa-em-natal-e-expulso-da-policia-militar\/","title":{"rendered":"Sargento que matou esposa em Natal \u00e9 expulso da Pol\u00edcia Militar"},"content":{"rendered":"<p>     Crime aconteceu em maio de 2018 na casa onde o militar e a companheira moravam, no bairro das Quintas. Rosiv\u00e2nia Maria da Silva tinha 36 anos<br \/>\nArquivo da Fam\u00edlia<br \/>\nUm sargento que matou a pr\u00f3pria esposa a tiros, em 2018, em Natal, foi expulso da Pol\u00edcia Militar do Rio Grande do Norte nesta semana.<br \/>\nSegundo portaria assinada pelo Comandante Geral da corpora\u00e7\u00e3o, coronel Alarico Azevedo, publicada na \u00faltima quinta-feira (21) no Di\u00e1rio Oficial do Estado, o ex-militar deve ter a carteira de identidade militar recolhida, bem como qualquer bem p\u00fablico que ainda esteja em seu poder.<br \/>\nNey Jeferson da Silva confessou que matou sua esposa, a manicure Rosiv\u00e2nia Maria da Silva, com disparos de arma de fogo. O crime aconteceu no dia 16 de maio de 2018, por volta das 3h30, na Travessa Raimundo de Fran\u00e7a, no bairro das Quintas, Zona Oeste da capital potiguar.<br \/>\nNa \u00e9poca do crime, o sargento era lotado no 9\u00ba Batalh\u00e3o da Pol\u00edcia Militar. Ele fugiu do local do crime, mas dois dias depois, ao se apresentar na 2\u00aa Companhia, foi levado \u00e0 Divis\u00e3o de Homic\u00eddio e Prote\u00e7\u00e3o \u00e0 Pessoa (DHPP), onde prestou depoimento, confessou o crime e recebeu voz de pris\u00e3o.<br \/>\nDe acordo com a portaria de expuls\u00e3o, a a\u00e7\u00e3o penal contra o policial est\u00e1 em grau de recurso. &#8220;O resultado do Inqu\u00e9rito Policial Militar foi no mesmo sentido: de que o Processado \u00e9 culpado&#8221;, diz a portaria.<br \/>\nO crime<br \/>\nEm relat\u00f3rio, os policiais que atenderam a ocorr\u00eancia no dia do crime disseram que um vizinho foi quem chamou a pol\u00edcia. A testemunha afirmou ter ouvido pelo menos tr\u00eas disparos. Em seguida, teria ouvido o policial dizer, ao fugir em uma motocicleta, que estava indo atr\u00e1s de outra pessoa para \u201cterminar o servi\u00e7o\u201d. O vizinho relatou, ainda, que viu todo o ocorrido pela janela de sua resid\u00eancia.<br \/>\nA mulher ainda chegou a ser atendida por socorristas do Servi\u00e7o de Atendimento M\u00f3vel de Urg\u00eancia (Samu), mas que n\u00e3o resistiu e morreu a caminho do hospital.<br \/>\n&#8216;Homem violento&#8217;<br \/>\nNo vel\u00f3rio de Rosiv\u00e2nia, o pai dela, Rivaldo da Silva, disse que o sargento j\u00e1 havia agredido sua filha outras vezes. \u201c\u00c9 um cara violento\u201d, afirmou na ocasi\u00e3o. Ele contou tamb\u00e9m que Rosiv\u00e2nia chegou a denunciar o companheiro na Delegacia Especializada de Atendimento \u00e0 Mulher (Deam), por\u00e9m retirou a queixa depois que o sargento a amea\u00e7ou.<br \/>\n\u201cEla passou dois anos separada dele, depois voltou. Ele j\u00e1 deu coronhada na cabe\u00e7a dela uma vez com uma pistola\u201d, relatou o pai da manicure na \u00e9poca.<br \/>\nVeja os v\u00eddeos mais assistidos no g1 RN<\/p>","protected":false},"excerpt":{"rendered":"<p>Crime aconteceu em maio de 2018 na casa onde o militar e a companheira moravam, no bairro das Quintas. Rosiv\u00e2nia Maria da Silva tinha 36 anos Arquivo da Fam\u00edlia Um &#8230;<\/p>\n","protected":false},"author":0,"featured_media":0,"parent":0,"menu_order":0,"comment_status":"closed","ping_status":"closed","template":"","meta":{"footnotes":""},"class_list":["post-3747","page","type-page","status-publish","hentry"],"yoast_head":"<!-- This site is optimized with the Yoast SEO plugin v27.1.1 - https:\/\/yoast.com\/product\/yoast-seo-wordpress\/ -->\n<title>Sargento que matou esposa em Natal \u00e9 expulso da Pol\u00edcia Militar - Taveira Jr<\/title>\n<meta name=\"robots\" content=\"index, follow, max-snippet:-1, max-image-preview:large, max-video-preview:-1\" \/>\n<link rel=\"canonical\" href=\"https:\/\/deputadotaveirajr.com.br\/index.php\/sargento-que-matou-esposa-em-natal-e-expulso-da-policia-militar\/\" \/>\n<meta property=\"og:locale\" content=\"pt_BR\" \/>\n<meta property=\"og:type\" content=\"article\" \/>\n<meta property=\"og:title\" content=\"Sargento que matou esposa em Natal \u00e9 expulso da Pol\u00edcia Militar - Taveira Jr\" \/>\n<meta property=\"og:description\" content=\"Crime aconteceu em maio de 2018 na casa onde o militar e a companheira moravam, no bairro das Quintas. Rosiv\u00e2nia Maria da Silva tinha 36 anos Arquivo da Fam\u00edlia Um ...\" \/>\n<meta property=\"og:url\" content=\"https:\/\/deputadotaveirajr.com.br\/index.php\/sargento-que-matou-esposa-em-natal-e-expulso-da-policia-militar\/\" \/>\n<meta property=\"og:site_name\" content=\"Taveira Jr\" \/>\n<meta property=\"og:image\" content=\"https:\/\/deputadotaveirajr.com.br\/wp-content\/uploads\/2024\/03\/rosivania-8pNZEB.jpeg\" \/>\n\t<meta property=\"og:image:width\" content=\"1700\" \/>\n\t<meta property=\"og:image:height\" content=\"2219\" \/>\n\t<meta property=\"og:image:type\" content=\"image\/jpeg\" \/>\n<meta name=\"twitter:card\" content=\"summary_large_image\" \/>\n<meta name=\"twitter:label1\" content=\"Est. tempo de leitura\" \/>\n\t<meta name=\"twitter:data1\" content=\"2 minutos\" \/>\n<script type=\"application\/ld+json\" class=\"yoast-schema-graph\">{\"@context\":\"https:\/\/schema.org\",\"@graph\":[{\"@type\":\"WebPage\",\"@id\":\"https:\/\/deputadotaveirajr.com.br\/index.php\/sargento-que-matou-esposa-em-natal-e-expulso-da-policia-militar\/\",\"url\":\"https:\/\/deputadotaveirajr.com.br\/index.php\/sargento-que-matou-esposa-em-natal-e-expulso-da-policia-militar\/\",\"name\":\"Sargento que matou esposa em Natal \u00e9 expulso da Pol\u00edcia Militar - Taveira Jr\",\"isPartOf\":{\"@id\":\"https:\/\/deputadotaveirajr.com.br\/#website\"},\"datePublished\":\"2024-03-23T15:31:21+00:00\",\"breadcrumb\":{\"@id\":\"https:\/\/deputadotaveirajr.com.br\/index.php\/sargento-que-matou-esposa-em-natal-e-expulso-da-policia-militar\/#breadcrumb\"},\"inLanguage\":\"pt-BR\",\"potentialAction\":[{\"@type\":\"ReadAction\",\"target\":[\"https:\/\/deputadotaveirajr.com.br\/index.php\/sargento-que-matou-esposa-em-natal-e-expulso-da-policia-militar\/\"]}]},{\"@type\":\"BreadcrumbList\",\"@id\":\"https:\/\/deputadotaveirajr.com.br\/index.php\/sargento-que-matou-esposa-em-natal-e-expulso-da-policia-militar\/#breadcrumb\",\"itemListElement\":[{\"@type\":\"ListItem\",\"position\":1,\"name\":\"In\u00edcio\",\"item\":\"https:\/\/deputadotaveirajr.com.br\/\"},{\"@type\":\"ListItem\",\"position\":2,\"name\":\"Sargento que matou esposa em Natal \u00e9 expulso da Pol\u00edcia Militar\"}]},{\"@type\":\"WebSite\",\"@id\":\"https:\/\/deputadotaveirajr.com.br\/#website\",\"url\":\"https:\/\/deputadotaveirajr.com.br\/\",\"name\":\"Taveira Jr\",\"description\":\"Deputado Estadual\",\"publisher\":{\"@id\":\"https:\/\/deputadotaveirajr.com.br\/#organization\"},\"potentialAction\":[{\"@type\":\"SearchAction\",\"target\":{\"@type\":\"EntryPoint\",\"urlTemplate\":\"https:\/\/deputadotaveirajr.com.br\/?s={search_term_string}\"},\"query-input\":{\"@type\":\"PropertyValueSpecification\",\"valueRequired\":true,\"valueName\":\"search_term_string\"}}],\"inLanguage\":\"pt-BR\"},{\"@type\":\"Organization\",\"@id\":\"https:\/\/deputadotaveirajr.com.br\/#organization\",\"name\":\"Taveira Jr\",\"url\":\"https:\/\/deputadotaveirajr.com.br\/\",\"logo\":{\"@type\":\"ImageObject\",\"inLanguage\":\"pt-BR\",\"@id\":\"https:\/\/deputadotaveirajr.com.br\/#\/schema\/logo\/image\/\",\"url\":\"https:\/\/deputadotaveirajr.com.br\/wp-content\/uploads\/2026\/01\/logolow2a.png\",\"contentUrl\":\"https:\/\/deputadotaveirajr.com.br\/wp-content\/uploads\/2026\/01\/logolow2a.png\",\"width\":290,\"height\":80,\"caption\":\"Taveira Jr\"},\"image\":{\"@id\":\"https:\/\/deputadotaveirajr.com.br\/#\/schema\/logo\/image\/\"}}]}<\/script>\n<!-- \/ Yoast SEO plugin. -->","yoast_head_json":{"title":"Sargento que matou esposa em Natal \u00e9 expulso da Pol\u00edcia Militar - Taveira Jr","robots":{"index":"index","follow":"follow","max-snippet":"max-snippet:-1","max-image-preview":"max-image-preview:large","max-video-preview":"max-video-preview:-1"},"canonical":"https:\/\/deputadotaveirajr.com.br\/index.php\/sargento-que-matou-esposa-em-natal-e-expulso-da-policia-militar\/","og_locale":"pt_BR","og_type":"article","og_title":"Sargento que matou esposa em Natal \u00e9 expulso da Pol\u00edcia Militar - Taveira Jr","og_description":"Crime aconteceu em maio de 2018 na casa onde o militar e a companheira moravam, no bairro das Quintas. Rosiv\u00e2nia Maria da Silva tinha 36 anos Arquivo da Fam\u00edlia Um ...","og_url":"https:\/\/deputadotaveirajr.com.br\/index.php\/sargento-que-matou-esposa-em-natal-e-expulso-da-policia-militar\/","og_site_name":"Taveira Jr","og_image":[{"width":1700,"height":2219,"url":"https:\/\/deputadotaveirajr.com.br\/wp-content\/uploads\/2024\/03\/rosivania-8pNZEB.jpeg","type":"image\/jpeg"}],"twitter_card":"summary_large_image","twitter_misc":{"Est. tempo de leitura":"2 minutos"},"schema":{"@context":"https:\/\/schema.org","@graph":[{"@type":"WebPage","@id":"https:\/\/deputadotaveirajr.com.br\/index.php\/sargento-que-matou-esposa-em-natal-e-expulso-da-policia-militar\/","url":"https:\/\/deputadotaveirajr.com.br\/index.php\/sargento-que-matou-esposa-em-natal-e-expulso-da-policia-militar\/","name":"Sargento que matou esposa em Natal \u00e9 expulso da Pol\u00edcia Militar - Taveira Jr","isPartOf":{"@id":"https:\/\/deputadotaveirajr.com.br\/#website"},"datePublished":"2024-03-23T15:31:21+00:00","breadcrumb":{"@id":"https:\/\/deputadotaveirajr.com.br\/index.php\/sargento-que-matou-esposa-em-natal-e-expulso-da-policia-militar\/#breadcrumb"},"inLanguage":"pt-BR","potentialAction":[{"@type":"ReadAction","target":["https:\/\/deputadotaveirajr.com.br\/index.php\/sargento-que-matou-esposa-em-natal-e-expulso-da-policia-militar\/"]}]},{"@type":"BreadcrumbList","@id":"https:\/\/deputadotaveirajr.com.br\/index.php\/sargento-que-matou-esposa-em-natal-e-expulso-da-policia-militar\/#breadcrumb","itemListElement":[{"@type":"ListItem","position":1,"name":"In\u00edcio","item":"https:\/\/deputadotaveirajr.com.br\/"},{"@type":"ListItem","position":2,"name":"Sargento que matou esposa em Natal \u00e9 expulso da Pol\u00edcia Militar"}]},{"@type":"WebSite","@id":"https:\/\/deputadotaveirajr.com.br\/#website","url":"https:\/\/deputadotaveirajr.com.br\/","name":"Taveira Jr","description":"Deputado Estadual","publisher":{"@id":"https:\/\/deputadotaveirajr.com.br\/#organization"},"potentialAction":[{"@type":"SearchAction","target":{"@type":"EntryPoint","urlTemplate":"https:\/\/deputadotaveirajr.com.br\/?s={search_term_string}"},"query-input":{"@type":"PropertyValueSpecification","valueRequired":true,"valueName":"search_term_string"}}],"inLanguage":"pt-BR"},{"@type":"Organization","@id":"https:\/\/deputadotaveirajr.com.br\/#organization","name":"Taveira Jr","url":"https:\/\/deputadotaveirajr.com.br\/","logo":{"@type":"ImageObject","inLanguage":"pt-BR","@id":"https:\/\/deputadotaveirajr.com.br\/#\/schema\/logo\/image\/","url":"https:\/\/deputadotaveirajr.com.br\/wp-content\/uploads\/2026\/01\/logolow2a.png","contentUrl":"https:\/\/deputadotaveirajr.com.br\/wp-content\/uploads\/2026\/01\/logolow2a.png","width":290,"height":80,"caption":"Taveira Jr"},"image":{"@id":"https:\/\/deputadotaveirajr.com.br\/#\/schema\/logo\/image\/"}}]}},"_links":{"self":[{"href":"https:\/\/deputadotaveirajr.com.br\/index.php\/wp-json\/wp\/v2\/pages\/3747","targetHints":{"allow":["GET"]}}],"collection":[{"href":"https:\/\/deputadotaveirajr.com.br\/index.php\/wp-json\/wp\/v2\/pages"}],"about":[{"href":"https:\/\/deputadotaveirajr.com.br\/index.php\/wp-json\/wp\/v2\/types\/page"}],"replies":[{"embeddable":true,"href":"https:\/\/deputadotaveirajr.com.br\/index.php\/wp-json\/wp\/v2\/comments?post=3747"}],"version-history":[{"count":1,"href":"https:\/\/deputadotaveirajr.com.br\/index.php\/wp-json\/wp\/v2\/pages\/3747\/revisions"}],"predecessor-version":[{"id":3753,"href":"https:\/\/deputadotaveirajr.com.br\/index.php\/wp-json\/wp\/v2\/pages\/3747\/revisions\/3753"}],"wp:attachment":[{"href":"https:\/\/deputadotaveirajr.com.br\/index.php\/wp-json\/wp\/v2\/media?parent=3747"}],"curies":[{"name":"wp","href":"https:\/\/api.w.org\/{rel}","templated":true}]}}