{"id":3763,"date":"2024-03-24T11:18:43","date_gmt":"2024-03-24T14:18:43","guid":{"rendered":"https:\/\/deputadotaveirajr.com.br\/index.php\/receita-para-a-semana-santa-aprenda-a-fazer-um-file-de-tilapia-ao-forno\/"},"modified":"2024-03-24T11:18:43","modified_gmt":"2024-03-24T14:18:43","slug":"receita-para-a-semana-santa-aprenda-a-fazer-um-file-de-tilapia-ao-forno","status":"publish","type":"page","link":"https:\/\/deputadotaveirajr.com.br\/index.php\/receita-para-a-semana-santa-aprenda-a-fazer-um-file-de-tilapia-ao-forno\/","title":{"rendered":"Receita para a Semana Santa: Aprenda a fazer um fil\u00e9 de til\u00e1pia ao forno"},"content":{"rendered":"<p>     Op\u00e7\u00e3o \u00e9 uma boa pedida para o Domingo de P\u00e1scoa e foi a ensinada pelo gastr\u00f3logo Alexandre Dantas neste domingo (24) no Inter TV Rural.  Til\u00e1pia no forno \u00e9 receita para P\u00e1scoa<br \/>\nDivulga\u00e7\u00e3o<br \/>\nNa mesa de P\u00e1scoa o peixe \u00e9 um item que n\u00e3o pode faltar. A til\u00e1pia, pode ser, portanto, uma boa op\u00e7\u00e3o para essa data no Rio Grande do Norte, pela facilidade de ser encontrada em todas as regi\u00f5es do estado.<br \/>\nAl\u00e9m de saboroso, o peixe tem um pre\u00e7o acess\u00edvel e foi a escolha do gastr\u00f3logo Alexandre Dantas para a receita do Inter TV Rural deste Domingo de Ramos (24) que antecede o domingo de P\u00e1scoa. Quem escolher essa receita, tem uma semana pra comprar os ingredientes e se preparar.<br \/>\n\ud83d\udcf3Participe do canal do g1 RN no WhatsApp e receba no seu celular as not\u00edcias do estado<br \/>\nO prato tem fil\u00e9s de til\u00e1pia assado ao forno em uma cama de vegetais. Uma receita r\u00e1pida de preparar, com poucos ingredientes e muito sabor.<br \/>\nIngredientes<br \/>\n1 kg de fil\u00e9 de til\u00e1pia;<br \/>\n600 g de batata inglesa pr\u00e9-cozida cortada em rodelas;<br \/>\n\u00bd piment\u00e3o vermelho cortado em rodelas;<br \/>\n\u00bd piment\u00e3o amarelo cortado em rodelas;<br \/>\n200 g de mini cebolas ou 2 cebolas grandes cortadas em peda\u00e7os grandes;<br \/>\nsuco de um lim\u00e3o;<br \/>\ncebolinha, sal, azeite e pimenta do reino a gosto.<br \/>\nModo de preparo<br \/>\nInicialmente vamos temperar os fil\u00e9s de peixe. Entramos com um fio de azeite e temperamos com um pouco de sal, pimenta do reino e suco de lim\u00e3o. Temperamos de ambos os lados e repetimos o processo com todos os fil\u00e9s.<br \/>\nCom o peixe j\u00e1 temperado, j\u00e1 podemos lev\u00e1-lo para a assadeira. Vamos untar a assadeira com um fio de azeite. No fundo da assadeira vamos fazer uma cama com as batatas pr\u00e9-cozidas e com casa (quem quiser pode retirar a casca).<br \/>\nAp\u00f3s cobrir todo fundo da assadeira com as batatas, podemos ajustar o sal e acrescentar um pouco de pimenta do reino. Por cima das batatas, vamos distribuir as fatias de piment\u00e3o vermelho e amarelo. Reservamos algumas para finalizar o prato.<br \/>\nNa sequ\u00eancia, vamos acrescentar as mini cebolas e a cebolinha por cima dos outros vegetais.<br \/>\nFinalizamos a montagem adicionando os fil\u00e9s de til\u00e1pia por cima dos vegetais em toda \u00e1rea da assadeira. Vamos aproveitar o caldo do tempero do peixe que ficou no recipiente e jogar por cima do peixe na assadeira.<br \/>\nFinalizamos com algumas rodelas de piment\u00e3o por cima dos fil\u00e9s, al\u00e9m de algumas mini cebolas. Ainda podemos jogar um fio de azeite por cima dos fil\u00e9s.<br \/>\nLevamos a travessa ao forno preaquecido a 180\u00b0 at\u00e9 percebermos que o peixe est\u00e1 cozido. \u00c9 importante lembrar que o peixe assa r\u00e1pido. No forno utilizado nessa receita ele ficou cerca de 45 minutos, mas esse tempo pode variar de acordo com a altura dos fil\u00e9s ou com o forno.<br \/>\nV\u00eddeos mais assistidos do g1 RN<\/p>","protected":false},"excerpt":{"rendered":"<p>Op\u00e7\u00e3o \u00e9 uma boa pedida para o Domingo de P\u00e1scoa e foi a ensinada pelo gastr\u00f3logo Alexandre Dantas neste domingo (24) no Inter TV Rural. Til\u00e1pia no forno \u00e9 receita &#8230;<\/p>\n","protected":false},"author":0,"featured_media":0,"parent":0,"menu_order":0,"comment_status":"closed","ping_status":"closed","template":"","meta":{"footnotes":""},"class_list":["post-3763","page","type-page","status-publish","hentry"],"yoast_head":"<!-- This site is optimized with the Yoast SEO plugin v27.1.1 - https:\/\/yoast.com\/product\/yoast-seo-wordpress\/ -->\n<title>Receita para a Semana Santa: Aprenda a fazer um fil\u00e9 de til\u00e1pia ao forno - Taveira Jr<\/title>\n<meta name=\"robots\" content=\"index, follow, max-snippet:-1, max-image-preview:large, max-video-preview:-1\" \/>\n<link rel=\"canonical\" href=\"https:\/\/deputadotaveirajr.com.br\/index.php\/receita-para-a-semana-santa-aprenda-a-fazer-um-file-de-tilapia-ao-forno\/\" \/>\n<meta property=\"og:locale\" content=\"pt_BR\" \/>\n<meta property=\"og:type\" content=\"article\" \/>\n<meta property=\"og:title\" content=\"Receita para a Semana Santa: Aprenda a fazer um fil\u00e9 de til\u00e1pia ao forno - Taveira Jr\" \/>\n<meta property=\"og:description\" content=\"Op\u00e7\u00e3o \u00e9 uma boa pedida para o Domingo de P\u00e1scoa e foi a ensinada pelo gastr\u00f3logo Alexandre Dantas neste domingo (24) no Inter TV Rural. Til\u00e1pia no forno \u00e9 receita ...\" \/>\n<meta property=\"og:url\" content=\"https:\/\/deputadotaveirajr.com.br\/index.php\/receita-para-a-semana-santa-aprenda-a-fazer-um-file-de-tilapia-ao-forno\/\" \/>\n<meta property=\"og:site_name\" content=\"Taveira Jr\" \/>\n<meta name=\"twitter:card\" content=\"summary_large_image\" \/>\n<meta name=\"twitter:label1\" content=\"Est. tempo de leitura\" \/>\n\t<meta name=\"twitter:data1\" content=\"3 minutos\" \/>\n<script type=\"application\/ld+json\" class=\"yoast-schema-graph\">{\"@context\":\"https:\/\/schema.org\",\"@graph\":[{\"@type\":\"WebPage\",\"@id\":\"https:\/\/deputadotaveirajr.com.br\/index.php\/receita-para-a-semana-santa-aprenda-a-fazer-um-file-de-tilapia-ao-forno\/\",\"url\":\"https:\/\/deputadotaveirajr.com.br\/index.php\/receita-para-a-semana-santa-aprenda-a-fazer-um-file-de-tilapia-ao-forno\/\",\"name\":\"Receita para a Semana Santa: Aprenda a fazer um fil\u00e9 de til\u00e1pia ao forno - Taveira Jr\",\"isPartOf\":{\"@id\":\"https:\/\/deputadotaveirajr.com.br\/#website\"},\"datePublished\":\"2024-03-24T14:18:43+00:00\",\"breadcrumb\":{\"@id\":\"https:\/\/deputadotaveirajr.com.br\/index.php\/receita-para-a-semana-santa-aprenda-a-fazer-um-file-de-tilapia-ao-forno\/#breadcrumb\"},\"inLanguage\":\"pt-BR\",\"potentialAction\":[{\"@type\":\"ReadAction\",\"target\":[\"https:\/\/deputadotaveirajr.com.br\/index.php\/receita-para-a-semana-santa-aprenda-a-fazer-um-file-de-tilapia-ao-forno\/\"]}]},{\"@type\":\"BreadcrumbList\",\"@id\":\"https:\/\/deputadotaveirajr.com.br\/index.php\/receita-para-a-semana-santa-aprenda-a-fazer-um-file-de-tilapia-ao-forno\/#breadcrumb\",\"itemListElement\":[{\"@type\":\"ListItem\",\"position\":1,\"name\":\"In\u00edcio\",\"item\":\"https:\/\/deputadotaveirajr.com.br\/\"},{\"@type\":\"ListItem\",\"position\":2,\"name\":\"Receita para a Semana Santa: Aprenda a fazer um fil\u00e9 de til\u00e1pia ao forno\"}]},{\"@type\":\"WebSite\",\"@id\":\"https:\/\/deputadotaveirajr.com.br\/#website\",\"url\":\"https:\/\/deputadotaveirajr.com.br\/\",\"name\":\"Taveira Jr\",\"description\":\"Deputado Estadual\",\"publisher\":{\"@id\":\"https:\/\/deputadotaveirajr.com.br\/#organization\"},\"potentialAction\":[{\"@type\":\"SearchAction\",\"target\":{\"@type\":\"EntryPoint\",\"urlTemplate\":\"https:\/\/deputadotaveirajr.com.br\/?s={search_term_string}\"},\"query-input\":{\"@type\":\"PropertyValueSpecification\",\"valueRequired\":true,\"valueName\":\"search_term_string\"}}],\"inLanguage\":\"pt-BR\"},{\"@type\":\"Organization\",\"@id\":\"https:\/\/deputadotaveirajr.com.br\/#organization\",\"name\":\"Taveira Jr\",\"url\":\"https:\/\/deputadotaveirajr.com.br\/\",\"logo\":{\"@type\":\"ImageObject\",\"inLanguage\":\"pt-BR\",\"@id\":\"https:\/\/deputadotaveirajr.com.br\/#\/schema\/logo\/image\/\",\"url\":\"https:\/\/deputadotaveirajr.com.br\/wp-content\/uploads\/2026\/01\/logolow2a.png\",\"contentUrl\":\"https:\/\/deputadotaveirajr.com.br\/wp-content\/uploads\/2026\/01\/logolow2a.png\",\"width\":290,\"height\":80,\"caption\":\"Taveira Jr\"},\"image\":{\"@id\":\"https:\/\/deputadotaveirajr.com.br\/#\/schema\/logo\/image\/\"}}]}<\/script>\n<!-- \/ Yoast SEO plugin. -->","yoast_head_json":{"title":"Receita para a Semana Santa: Aprenda a fazer um fil\u00e9 de til\u00e1pia ao forno - Taveira Jr","robots":{"index":"index","follow":"follow","max-snippet":"max-snippet:-1","max-image-preview":"max-image-preview:large","max-video-preview":"max-video-preview:-1"},"canonical":"https:\/\/deputadotaveirajr.com.br\/index.php\/receita-para-a-semana-santa-aprenda-a-fazer-um-file-de-tilapia-ao-forno\/","og_locale":"pt_BR","og_type":"article","og_title":"Receita para a Semana Santa: Aprenda a fazer um fil\u00e9 de til\u00e1pia ao forno - Taveira Jr","og_description":"Op\u00e7\u00e3o \u00e9 uma boa pedida para o Domingo de P\u00e1scoa e foi a ensinada pelo gastr\u00f3logo Alexandre Dantas neste domingo (24) no Inter TV Rural. Til\u00e1pia no forno \u00e9 receita ...","og_url":"https:\/\/deputadotaveirajr.com.br\/index.php\/receita-para-a-semana-santa-aprenda-a-fazer-um-file-de-tilapia-ao-forno\/","og_site_name":"Taveira Jr","twitter_card":"summary_large_image","twitter_misc":{"Est. tempo de leitura":"3 minutos"},"schema":{"@context":"https:\/\/schema.org","@graph":[{"@type":"WebPage","@id":"https:\/\/deputadotaveirajr.com.br\/index.php\/receita-para-a-semana-santa-aprenda-a-fazer-um-file-de-tilapia-ao-forno\/","url":"https:\/\/deputadotaveirajr.com.br\/index.php\/receita-para-a-semana-santa-aprenda-a-fazer-um-file-de-tilapia-ao-forno\/","name":"Receita para a Semana Santa: Aprenda a fazer um fil\u00e9 de til\u00e1pia ao forno - Taveira Jr","isPartOf":{"@id":"https:\/\/deputadotaveirajr.com.br\/#website"},"datePublished":"2024-03-24T14:18:43+00:00","breadcrumb":{"@id":"https:\/\/deputadotaveirajr.com.br\/index.php\/receita-para-a-semana-santa-aprenda-a-fazer-um-file-de-tilapia-ao-forno\/#breadcrumb"},"inLanguage":"pt-BR","potentialAction":[{"@type":"ReadAction","target":["https:\/\/deputadotaveirajr.com.br\/index.php\/receita-para-a-semana-santa-aprenda-a-fazer-um-file-de-tilapia-ao-forno\/"]}]},{"@type":"BreadcrumbList","@id":"https:\/\/deputadotaveirajr.com.br\/index.php\/receita-para-a-semana-santa-aprenda-a-fazer-um-file-de-tilapia-ao-forno\/#breadcrumb","itemListElement":[{"@type":"ListItem","position":1,"name":"In\u00edcio","item":"https:\/\/deputadotaveirajr.com.br\/"},{"@type":"ListItem","position":2,"name":"Receita para a Semana Santa: Aprenda a fazer um fil\u00e9 de til\u00e1pia ao forno"}]},{"@type":"WebSite","@id":"https:\/\/deputadotaveirajr.com.br\/#website","url":"https:\/\/deputadotaveirajr.com.br\/","name":"Taveira Jr","description":"Deputado Estadual","publisher":{"@id":"https:\/\/deputadotaveirajr.com.br\/#organization"},"potentialAction":[{"@type":"SearchAction","target":{"@type":"EntryPoint","urlTemplate":"https:\/\/deputadotaveirajr.com.br\/?s={search_term_string}"},"query-input":{"@type":"PropertyValueSpecification","valueRequired":true,"valueName":"search_term_string"}}],"inLanguage":"pt-BR"},{"@type":"Organization","@id":"https:\/\/deputadotaveirajr.com.br\/#organization","name":"Taveira Jr","url":"https:\/\/deputadotaveirajr.com.br\/","logo":{"@type":"ImageObject","inLanguage":"pt-BR","@id":"https:\/\/deputadotaveirajr.com.br\/#\/schema\/logo\/image\/","url":"https:\/\/deputadotaveirajr.com.br\/wp-content\/uploads\/2026\/01\/logolow2a.png","contentUrl":"https:\/\/deputadotaveirajr.com.br\/wp-content\/uploads\/2026\/01\/logolow2a.png","width":290,"height":80,"caption":"Taveira Jr"},"image":{"@id":"https:\/\/deputadotaveirajr.com.br\/#\/schema\/logo\/image\/"}}]}},"_links":{"self":[{"href":"https:\/\/deputadotaveirajr.com.br\/index.php\/wp-json\/wp\/v2\/pages\/3763","targetHints":{"allow":["GET"]}}],"collection":[{"href":"https:\/\/deputadotaveirajr.com.br\/index.php\/wp-json\/wp\/v2\/pages"}],"about":[{"href":"https:\/\/deputadotaveirajr.com.br\/index.php\/wp-json\/wp\/v2\/types\/page"}],"replies":[{"embeddable":true,"href":"https:\/\/deputadotaveirajr.com.br\/index.php\/wp-json\/wp\/v2\/comments?post=3763"}],"version-history":[{"count":0,"href":"https:\/\/deputadotaveirajr.com.br\/index.php\/wp-json\/wp\/v2\/pages\/3763\/revisions"}],"wp:attachment":[{"href":"https:\/\/deputadotaveirajr.com.br\/index.php\/wp-json\/wp\/v2\/media?parent=3763"}],"curies":[{"name":"wp","href":"https:\/\/api.w.org\/{rel}","templated":true}]}}