{"id":4363,"date":"2024-03-26T14:09:15","date_gmt":"2024-03-26T17:09:15","guid":{"rendered":"https:\/\/deputadotaveirajr.com.br\/?page_id=4363"},"modified":"2024-03-26T14:09:15","modified_gmt":"2024-03-26T17:09:15","slug":"parte-de-teto-desaba-em-unidade-de-pronto-atendimento-de-mossoro","status":"publish","type":"page","link":"https:\/\/deputadotaveirajr.com.br\/index.php\/parte-de-teto-desaba-em-unidade-de-pronto-atendimento-de-mossoro\/","title":{"rendered":"Parte de teto desaba em Unidade de Pronto-Atendimento de Mossor\u00f3"},"content":{"rendered":"<p>     Caso aconteceu nesta ter\u00e7a-feira (26) no bairro Belo Horizonte. Segundo a Secretaria de Sa\u00fade do munic\u00edpio, n\u00e3o foi necess\u00e1rio transferir pacientes.  Parte do teto desaba em UPA de Mossor\u00f3<br \/>\nParte do teto de um corredor da Unidade de Pronto-Atendimento (UPA) do bairro Belo Horizonte, em Mossor\u00f3, desabou na manh\u00e3 desta ter\u00e7a-feira (26). Segundo a Secretaria de Sa\u00fade do munic\u00edpio, ningu\u00e9m ficou ferido.<br \/>\nAinda de acordo com a prefeitura, os atendimentos na unidade de sa\u00fade n\u00e3o foram suspensos, nem foi necess\u00e1rio transferir pacientes.<br \/>\nConforme a Secretaria de Sa\u00fade, a suspeita \u00e9 de que o reboco que cobria parte da laje caiu por estar muito pesado.<br \/>\nO Corpo de Bombeiros realizou uma vistoria no local e n\u00e3o constatou risco de colapso na estrutura do pr\u00e9dio. Uma equipe do munic\u00edpio foi enviado ao local para providenciar o conserto.<br \/>\nReboco de teto caiu na manh\u00e3 desta ter\u00e7a-feira (26) na UPA Belo Horizonte, em Mossor\u00f3<br \/>\nPedro Hugo\/Inter TV Costa Branca<br \/>\nSegundo servidores que trabalham na UPA, outros acidentes do mesmo tipo aconteceram em outras \u00e1reas da unidade, ao longo dos anos.<br \/>\n&#8220;A gente j\u00e1 passou por uma situa\u00e7\u00e3o dessa, mas l\u00e1 na copa. Logo depois tamb\u00e9m quebraram o teto das enfermarias e passaram um bom tempo para consertar&#8221;, diz a t\u00e9cnica em enfermagem Luciene de Paiva.<br \/>\nOutra t\u00e9cnica em enfermagem, Antonia Maria, presenciou o acidente desta ter\u00e7a-feira (26). &#8220;Desmoronou tudo imediatamente, em quest\u00e3o de segundo. Ainda estou me tremendo. Eu vi uma crian\u00e7a saindo com a m\u00e3e e achei que tinham sido atingidas&#8221;, disse a profissional.<br \/>\nOutros pacientes informaram que, por pouco, um homem que estava encostado na parede n\u00e3o foi atingido.<br \/>\nVeja os v\u00eddeos mais assistidos no g1 RN<\/p>","protected":false},"excerpt":{"rendered":"<p>Caso aconteceu nesta ter\u00e7a-feira (26) no bairro Belo Horizonte. Segundo a Secretaria de Sa\u00fade do munic\u00edpio, n\u00e3o foi necess\u00e1rio transferir pacientes. Parte do teto desaba em UPA de Mossor\u00f3 Parte &#8230;<\/p>\n","protected":false},"author":0,"featured_media":4364,"parent":0,"menu_order":0,"comment_status":"closed","ping_status":"closed","template":"","meta":{"footnotes":""},"class_list":["post-4363","page","type-page","status-publish","has-post-thumbnail","hentry"],"yoast_head":"<!-- This site is optimized with the Yoast SEO plugin v27.1.1 - https:\/\/yoast.com\/product\/yoast-seo-wordpress\/ -->\n<title>Parte de teto desaba em Unidade de Pronto-Atendimento de Mossor\u00f3 - Taveira Jr<\/title>\n<meta name=\"robots\" content=\"index, follow, max-snippet:-1, max-image-preview:large, max-video-preview:-1\" \/>\n<link rel=\"canonical\" href=\"https:\/\/deputadotaveirajr.com.br\/index.php\/parte-de-teto-desaba-em-unidade-de-pronto-atendimento-de-mossoro\/\" \/>\n<meta property=\"og:locale\" content=\"pt_BR\" \/>\n<meta property=\"og:type\" content=\"article\" \/>\n<meta property=\"og:title\" content=\"Parte de teto desaba em Unidade de Pronto-Atendimento de Mossor\u00f3 - Taveira Jr\" \/>\n<meta property=\"og:description\" content=\"Caso aconteceu nesta ter\u00e7a-feira (26) no bairro Belo Horizonte. Segundo a Secretaria de Sa\u00fade do munic\u00edpio, n\u00e3o foi necess\u00e1rio transferir pacientes. Parte do teto desaba em UPA de Mossor\u00f3 Parte ...\" \/>\n<meta property=\"og:url\" content=\"https:\/\/deputadotaveirajr.com.br\/index.php\/parte-de-teto-desaba-em-unidade-de-pronto-atendimento-de-mossoro\/\" \/>\n<meta property=\"og:site_name\" content=\"Taveira Jr\" \/>\n<meta property=\"og:image\" content=\"https:\/\/deputadotaveirajr.com.br\/wp-content\/uploads\/2024\/03\/whatsapp-image-2024-03-26-at-9.34.54-am-ASXnpm.jpeg\" \/>\n\t<meta property=\"og:image:width\" content=\"1600\" \/>\n\t<meta property=\"og:image:height\" content=\"900\" \/>\n\t<meta property=\"og:image:type\" content=\"image\/jpeg\" \/>\n<meta name=\"twitter:card\" content=\"summary_large_image\" \/>\n<meta name=\"twitter:label1\" content=\"Est. tempo de leitura\" \/>\n\t<meta name=\"twitter:data1\" content=\"1 minuto\" \/>\n<script type=\"application\/ld+json\" class=\"yoast-schema-graph\">{\"@context\":\"https:\/\/schema.org\",\"@graph\":[{\"@type\":\"WebPage\",\"@id\":\"https:\/\/deputadotaveirajr.com.br\/index.php\/parte-de-teto-desaba-em-unidade-de-pronto-atendimento-de-mossoro\/\",\"url\":\"https:\/\/deputadotaveirajr.com.br\/index.php\/parte-de-teto-desaba-em-unidade-de-pronto-atendimento-de-mossoro\/\",\"name\":\"Parte de teto desaba em Unidade de Pronto-Atendimento de Mossor\u00f3 - Taveira Jr\",\"isPartOf\":{\"@id\":\"https:\/\/deputadotaveirajr.com.br\/#website\"},\"primaryImageOfPage\":{\"@id\":\"https:\/\/deputadotaveirajr.com.br\/index.php\/parte-de-teto-desaba-em-unidade-de-pronto-atendimento-de-mossoro\/#primaryimage\"},\"image\":{\"@id\":\"https:\/\/deputadotaveirajr.com.br\/index.php\/parte-de-teto-desaba-em-unidade-de-pronto-atendimento-de-mossoro\/#primaryimage\"},\"thumbnailUrl\":\"https:\/\/deputadotaveirajr.com.br\/wp-content\/uploads\/2024\/03\/whatsapp-image-2024-03-26-at-9.34.54-am-ASXnpm.jpeg\",\"datePublished\":\"2024-03-26T17:09:15+00:00\",\"breadcrumb\":{\"@id\":\"https:\/\/deputadotaveirajr.com.br\/index.php\/parte-de-teto-desaba-em-unidade-de-pronto-atendimento-de-mossoro\/#breadcrumb\"},\"inLanguage\":\"pt-BR\",\"potentialAction\":[{\"@type\":\"ReadAction\",\"target\":[\"https:\/\/deputadotaveirajr.com.br\/index.php\/parte-de-teto-desaba-em-unidade-de-pronto-atendimento-de-mossoro\/\"]}]},{\"@type\":\"ImageObject\",\"inLanguage\":\"pt-BR\",\"@id\":\"https:\/\/deputadotaveirajr.com.br\/index.php\/parte-de-teto-desaba-em-unidade-de-pronto-atendimento-de-mossoro\/#primaryimage\",\"url\":\"https:\/\/deputadotaveirajr.com.br\/wp-content\/uploads\/2024\/03\/whatsapp-image-2024-03-26-at-9.34.54-am-ASXnpm.jpeg\",\"contentUrl\":\"https:\/\/deputadotaveirajr.com.br\/wp-content\/uploads\/2024\/03\/whatsapp-image-2024-03-26-at-9.34.54-am-ASXnpm.jpeg\",\"width\":1600,\"height\":900},{\"@type\":\"BreadcrumbList\",\"@id\":\"https:\/\/deputadotaveirajr.com.br\/index.php\/parte-de-teto-desaba-em-unidade-de-pronto-atendimento-de-mossoro\/#breadcrumb\",\"itemListElement\":[{\"@type\":\"ListItem\",\"position\":1,\"name\":\"In\u00edcio\",\"item\":\"https:\/\/deputadotaveirajr.com.br\/\"},{\"@type\":\"ListItem\",\"position\":2,\"name\":\"Parte de teto desaba em Unidade de Pronto-Atendimento de Mossor\u00f3\"}]},{\"@type\":\"WebSite\",\"@id\":\"https:\/\/deputadotaveirajr.com.br\/#website\",\"url\":\"https:\/\/deputadotaveirajr.com.br\/\",\"name\":\"Taveira Jr\",\"description\":\"Deputado Estadual\",\"publisher\":{\"@id\":\"https:\/\/deputadotaveirajr.com.br\/#organization\"},\"potentialAction\":[{\"@type\":\"SearchAction\",\"target\":{\"@type\":\"EntryPoint\",\"urlTemplate\":\"https:\/\/deputadotaveirajr.com.br\/?s={search_term_string}\"},\"query-input\":{\"@type\":\"PropertyValueSpecification\",\"valueRequired\":true,\"valueName\":\"search_term_string\"}}],\"inLanguage\":\"pt-BR\"},{\"@type\":\"Organization\",\"@id\":\"https:\/\/deputadotaveirajr.com.br\/#organization\",\"name\":\"Taveira Jr\",\"url\":\"https:\/\/deputadotaveirajr.com.br\/\",\"logo\":{\"@type\":\"ImageObject\",\"inLanguage\":\"pt-BR\",\"@id\":\"https:\/\/deputadotaveirajr.com.br\/#\/schema\/logo\/image\/\",\"url\":\"https:\/\/deputadotaveirajr.com.br\/wp-content\/uploads\/2026\/01\/logolow2a.png\",\"contentUrl\":\"https:\/\/deputadotaveirajr.com.br\/wp-content\/uploads\/2026\/01\/logolow2a.png\",\"width\":290,\"height\":80,\"caption\":\"Taveira Jr\"},\"image\":{\"@id\":\"https:\/\/deputadotaveirajr.com.br\/#\/schema\/logo\/image\/\"}}]}<\/script>\n<!-- \/ Yoast SEO plugin. -->","yoast_head_json":{"title":"Parte de teto desaba em Unidade de Pronto-Atendimento de Mossor\u00f3 - Taveira Jr","robots":{"index":"index","follow":"follow","max-snippet":"max-snippet:-1","max-image-preview":"max-image-preview:large","max-video-preview":"max-video-preview:-1"},"canonical":"https:\/\/deputadotaveirajr.com.br\/index.php\/parte-de-teto-desaba-em-unidade-de-pronto-atendimento-de-mossoro\/","og_locale":"pt_BR","og_type":"article","og_title":"Parte de teto desaba em Unidade de Pronto-Atendimento de Mossor\u00f3 - Taveira Jr","og_description":"Caso aconteceu nesta ter\u00e7a-feira (26) no bairro Belo Horizonte. Segundo a Secretaria de Sa\u00fade do munic\u00edpio, n\u00e3o foi necess\u00e1rio transferir pacientes. Parte do teto desaba em UPA de Mossor\u00f3 Parte ...","og_url":"https:\/\/deputadotaveirajr.com.br\/index.php\/parte-de-teto-desaba-em-unidade-de-pronto-atendimento-de-mossoro\/","og_site_name":"Taveira Jr","og_image":[{"width":1600,"height":900,"url":"https:\/\/deputadotaveirajr.com.br\/wp-content\/uploads\/2024\/03\/whatsapp-image-2024-03-26-at-9.34.54-am-ASXnpm.jpeg","type":"image\/jpeg"}],"twitter_card":"summary_large_image","twitter_misc":{"Est. tempo de leitura":"1 minuto"},"schema":{"@context":"https:\/\/schema.org","@graph":[{"@type":"WebPage","@id":"https:\/\/deputadotaveirajr.com.br\/index.php\/parte-de-teto-desaba-em-unidade-de-pronto-atendimento-de-mossoro\/","url":"https:\/\/deputadotaveirajr.com.br\/index.php\/parte-de-teto-desaba-em-unidade-de-pronto-atendimento-de-mossoro\/","name":"Parte de teto desaba em Unidade de Pronto-Atendimento de Mossor\u00f3 - Taveira Jr","isPartOf":{"@id":"https:\/\/deputadotaveirajr.com.br\/#website"},"primaryImageOfPage":{"@id":"https:\/\/deputadotaveirajr.com.br\/index.php\/parte-de-teto-desaba-em-unidade-de-pronto-atendimento-de-mossoro\/#primaryimage"},"image":{"@id":"https:\/\/deputadotaveirajr.com.br\/index.php\/parte-de-teto-desaba-em-unidade-de-pronto-atendimento-de-mossoro\/#primaryimage"},"thumbnailUrl":"https:\/\/deputadotaveirajr.com.br\/wp-content\/uploads\/2024\/03\/whatsapp-image-2024-03-26-at-9.34.54-am-ASXnpm.jpeg","datePublished":"2024-03-26T17:09:15+00:00","breadcrumb":{"@id":"https:\/\/deputadotaveirajr.com.br\/index.php\/parte-de-teto-desaba-em-unidade-de-pronto-atendimento-de-mossoro\/#breadcrumb"},"inLanguage":"pt-BR","potentialAction":[{"@type":"ReadAction","target":["https:\/\/deputadotaveirajr.com.br\/index.php\/parte-de-teto-desaba-em-unidade-de-pronto-atendimento-de-mossoro\/"]}]},{"@type":"ImageObject","inLanguage":"pt-BR","@id":"https:\/\/deputadotaveirajr.com.br\/index.php\/parte-de-teto-desaba-em-unidade-de-pronto-atendimento-de-mossoro\/#primaryimage","url":"https:\/\/deputadotaveirajr.com.br\/wp-content\/uploads\/2024\/03\/whatsapp-image-2024-03-26-at-9.34.54-am-ASXnpm.jpeg","contentUrl":"https:\/\/deputadotaveirajr.com.br\/wp-content\/uploads\/2024\/03\/whatsapp-image-2024-03-26-at-9.34.54-am-ASXnpm.jpeg","width":1600,"height":900},{"@type":"BreadcrumbList","@id":"https:\/\/deputadotaveirajr.com.br\/index.php\/parte-de-teto-desaba-em-unidade-de-pronto-atendimento-de-mossoro\/#breadcrumb","itemListElement":[{"@type":"ListItem","position":1,"name":"In\u00edcio","item":"https:\/\/deputadotaveirajr.com.br\/"},{"@type":"ListItem","position":2,"name":"Parte de teto desaba em Unidade de Pronto-Atendimento de Mossor\u00f3"}]},{"@type":"WebSite","@id":"https:\/\/deputadotaveirajr.com.br\/#website","url":"https:\/\/deputadotaveirajr.com.br\/","name":"Taveira Jr","description":"Deputado Estadual","publisher":{"@id":"https:\/\/deputadotaveirajr.com.br\/#organization"},"potentialAction":[{"@type":"SearchAction","target":{"@type":"EntryPoint","urlTemplate":"https:\/\/deputadotaveirajr.com.br\/?s={search_term_string}"},"query-input":{"@type":"PropertyValueSpecification","valueRequired":true,"valueName":"search_term_string"}}],"inLanguage":"pt-BR"},{"@type":"Organization","@id":"https:\/\/deputadotaveirajr.com.br\/#organization","name":"Taveira Jr","url":"https:\/\/deputadotaveirajr.com.br\/","logo":{"@type":"ImageObject","inLanguage":"pt-BR","@id":"https:\/\/deputadotaveirajr.com.br\/#\/schema\/logo\/image\/","url":"https:\/\/deputadotaveirajr.com.br\/wp-content\/uploads\/2026\/01\/logolow2a.png","contentUrl":"https:\/\/deputadotaveirajr.com.br\/wp-content\/uploads\/2026\/01\/logolow2a.png","width":290,"height":80,"caption":"Taveira Jr"},"image":{"@id":"https:\/\/deputadotaveirajr.com.br\/#\/schema\/logo\/image\/"}}]}},"_links":{"self":[{"href":"https:\/\/deputadotaveirajr.com.br\/index.php\/wp-json\/wp\/v2\/pages\/4363","targetHints":{"allow":["GET"]}}],"collection":[{"href":"https:\/\/deputadotaveirajr.com.br\/index.php\/wp-json\/wp\/v2\/pages"}],"about":[{"href":"https:\/\/deputadotaveirajr.com.br\/index.php\/wp-json\/wp\/v2\/types\/page"}],"replies":[{"embeddable":true,"href":"https:\/\/deputadotaveirajr.com.br\/index.php\/wp-json\/wp\/v2\/comments?post=4363"}],"version-history":[{"count":1,"href":"https:\/\/deputadotaveirajr.com.br\/index.php\/wp-json\/wp\/v2\/pages\/4363\/revisions"}],"predecessor-version":[{"id":4507,"href":"https:\/\/deputadotaveirajr.com.br\/index.php\/wp-json\/wp\/v2\/pages\/4363\/revisions\/4507"}],"wp:featuredmedia":[{"embeddable":true,"href":"https:\/\/deputadotaveirajr.com.br\/index.php\/wp-json\/wp\/v2\/media\/4364"}],"wp:attachment":[{"href":"https:\/\/deputadotaveirajr.com.br\/index.php\/wp-json\/wp\/v2\/media?parent=4363"}],"curies":[{"name":"wp","href":"https:\/\/api.w.org\/{rel}","templated":true}]}}