{"id":4794,"date":"2024-03-27T22:18:32","date_gmt":"2024-03-28T01:18:32","guid":{"rendered":"https:\/\/deputadotaveirajr.com.br\/?page_id=4794"},"modified":"2024-03-27T22:18:32","modified_gmt":"2024-03-28T01:18:32","slug":"justica-determina-demolicao-de-parte-de-pousada-construida-em-area-de-preservacao-ambiental-em-falesia-de-pipa","status":"publish","type":"page","link":"https:\/\/deputadotaveirajr.com.br\/index.php\/justica-determina-demolicao-de-parte-de-pousada-construida-em-area-de-preservacao-ambiental-em-falesia-de-pipa\/","title":{"rendered":"Justi\u00e7a determina demoli\u00e7\u00e3o de parte de pousada constru\u00edda em \u00e1rea de preserva\u00e7\u00e3o ambiental em fal\u00e9sia de Pipa"},"content":{"rendered":"<p>     Empreendimento foi ampliado sem licen\u00e7a ou autoriza\u00e7\u00e3o em \u00e1rea de preserva\u00e7\u00e3o permanente e com alto risco de desmoronamentos. Interdi\u00e7\u00e3o parcial havia ocorrido em 2022. Vista a\u00e9rea fal\u00e9sia de Pipa Tibau do Sul<br \/>\nIdema<br \/>\nA Justi\u00e7a Federal do Rio Grande do Norte condenou uma pousada na Praia de Pipa, em Tibau do Sul (RN), no litoral sul potiguar, a desocupar e demolir constru\u00e7\u00f5es que foram feitas em uma \u00e1rea de preserva\u00e7\u00e3o ambiental permanente.<br \/>\nEm setembro de 2022, a Justi\u00e7a havia interditado parcialmente a pousada em uma \u00e1rea pr\u00f3xima \u00e0 borda da fal\u00e9sia, ap\u00f3s um estudo da prefeitura de Tibau do Sul apontar riscos de acidentes no trecho &#8211; uma zona de instabilidade com chances de deslizamentos.<br \/>\nA nova decis\u00e3o aceitou uma den\u00fancia feita pelo Minist\u00e9rio P\u00fablico Federal (MPF). Na a\u00e7\u00e3o, que foi ajuizada em 2015, o \u00f3rg\u00e3o comprovou irregularidades na constru\u00e7\u00e3o, al\u00e9m de refor\u00e7ar os riscos \u00e0 seguran\u00e7a das pessoas que frequentam o local.<br \/>\nA Justi\u00e7a determinou tamb\u00e9m o pagamento R$ 25 mil de indeniza\u00e7\u00e3o pelo tempo que a pousada fez uso indevido do meio ambiente.<br \/>\nDe acordo com o MPF, em uma das fiscaliza\u00e7\u00f5es do Instituto Brasileiro do Meio Ambiente e dos Recursos Naturais Renov\u00e1veis (Ibama), em junho de 2012, o Ibama constatou que a pousada permanecia no local e em pleno funcionamento desde 1991.<br \/>\nLaudo t\u00e9cnico aponta grave risco de deslizamento em constru\u00e7\u00e3o irregular pr\u00f3xima \u00e0 borda das fal\u00e9sias na Pousada Marajoara<br \/>\nMPF<br \/>\nPousada constru\u00edda sem licen\u00e7a ambiental, diz MPF<br \/>\nSegundo o MPF, a pousada foi constru\u00edda sem autoriza\u00e7\u00e3o da Superintend\u00eancia do Patrim\u00f4nio da Uni\u00e3o (SPU) e sem licen\u00e7a ambiental em uma \u00e1rea de prote\u00e7\u00e3o permanente, que pertence ao Patrim\u00f4nio da Uni\u00e3o.<br \/>\nSegundo o procurador da Rep\u00fablica Cam\u00f5es Boaventura, a manuten\u00e7\u00e3o da pousada tamb\u00e9m colocaria em risco a seguran\u00e7a e a vida de h\u00f3spedes, funcion\u00e1rios e banhistas que eventualmente estivessem na zona de praia abaixo da pousada, tendo em vista o alto risco de deslizamento e desmoronamentos.<br \/>\nCom a decis\u00e3o, os propriet\u00e1rios precisam demolir estruturas como escadaria, tubula\u00e7\u00f5es, apartamento na borda da fal\u00e9sia, po\u00e7o tubular e \u00e1rea de lazer, com deck de madeira, mirante e piscinas.<br \/>\nEles tamb\u00e9m ficam proibidos de construir em \u00e1rea de praia e bem de uso comum do povo, bem como em terrenos da Marinha do Brasil sem autoriza\u00e7\u00e3o da SPU em Tibau do Sul.<br \/>\nNa decis\u00e3o, a Justi\u00e7a determinou tamb\u00e9m a recupera\u00e7\u00e3o ambiental da \u00e1rea que foi utilizada, atrav\u00e9s de replantio da vegeta\u00e7\u00e3o nativa onde necess\u00e1rio, observada a \u00e1rea j\u00e1 regenerada, e demais medidas determinadas por \u00f3rg\u00e3os ambientais.<br \/>\nV\u00eddeos mais assistidos do g1 RN<\/p>","protected":false},"excerpt":{"rendered":"<p>Empreendimento foi ampliado sem licen\u00e7a ou autoriza\u00e7\u00e3o em \u00e1rea de preserva\u00e7\u00e3o permanente e com alto risco de desmoronamentos. Interdi\u00e7\u00e3o parcial havia ocorrido em 2022. Vista a\u00e9rea fal\u00e9sia de Pipa Tibau &#8230;<\/p>\n","protected":false},"author":0,"featured_media":4795,"parent":0,"menu_order":0,"comment_status":"closed","ping_status":"closed","template":"","meta":{"footnotes":""},"class_list":["post-4794","page","type-page","status-publish","has-post-thumbnail","hentry"],"yoast_head":"<!-- This site is optimized with the Yoast SEO plugin v27.1.1 - https:\/\/yoast.com\/product\/yoast-seo-wordpress\/ -->\n<title>Justi\u00e7a determina demoli\u00e7\u00e3o de parte de pousada constru\u00edda em \u00e1rea de preserva\u00e7\u00e3o ambiental em fal\u00e9sia de Pipa - Taveira Jr<\/title>\n<meta name=\"robots\" content=\"index, follow, max-snippet:-1, max-image-preview:large, max-video-preview:-1\" \/>\n<link rel=\"canonical\" href=\"https:\/\/deputadotaveirajr.com.br\/index.php\/justica-determina-demolicao-de-parte-de-pousada-construida-em-area-de-preservacao-ambiental-em-falesia-de-pipa\/\" \/>\n<meta property=\"og:locale\" content=\"pt_BR\" \/>\n<meta property=\"og:type\" content=\"article\" \/>\n<meta property=\"og:title\" content=\"Justi\u00e7a determina demoli\u00e7\u00e3o de parte de pousada constru\u00edda em \u00e1rea de preserva\u00e7\u00e3o ambiental em fal\u00e9sia de Pipa - Taveira Jr\" \/>\n<meta property=\"og:description\" content=\"Empreendimento foi ampliado sem licen\u00e7a ou autoriza\u00e7\u00e3o em \u00e1rea de preserva\u00e7\u00e3o permanente e com alto risco de desmoronamentos. Interdi\u00e7\u00e3o parcial havia ocorrido em 2022. Vista a\u00e9rea fal\u00e9sia de Pipa Tibau ...\" \/>\n<meta property=\"og:url\" content=\"https:\/\/deputadotaveirajr.com.br\/index.php\/justica-determina-demolicao-de-parte-de-pousada-construida-em-area-de-preservacao-ambiental-em-falesia-de-pipa\/\" \/>\n<meta property=\"og:site_name\" content=\"Taveira Jr\" \/>\n<meta property=\"og:image\" content=\"https:\/\/deputadotaveirajr.com.br\/wp-content\/uploads\/2024\/03\/pipa-vista-aerea-falesia-v66IbM.jpeg\" \/>\n\t<meta property=\"og:image:width\" content=\"773\" \/>\n\t<meta property=\"og:image:height\" content=\"504\" \/>\n\t<meta property=\"og:image:type\" content=\"image\/jpeg\" \/>\n<meta name=\"twitter:card\" content=\"summary_large_image\" \/>\n<meta name=\"twitter:label1\" content=\"Est. tempo de leitura\" \/>\n\t<meta name=\"twitter:data1\" content=\"2 minutos\" \/>\n<script type=\"application\/ld+json\" class=\"yoast-schema-graph\">{\"@context\":\"https:\/\/schema.org\",\"@graph\":[{\"@type\":\"WebPage\",\"@id\":\"https:\/\/deputadotaveirajr.com.br\/index.php\/justica-determina-demolicao-de-parte-de-pousada-construida-em-area-de-preservacao-ambiental-em-falesia-de-pipa\/\",\"url\":\"https:\/\/deputadotaveirajr.com.br\/index.php\/justica-determina-demolicao-de-parte-de-pousada-construida-em-area-de-preservacao-ambiental-em-falesia-de-pipa\/\",\"name\":\"Justi\u00e7a determina demoli\u00e7\u00e3o de parte de pousada constru\u00edda em \u00e1rea de preserva\u00e7\u00e3o ambiental em fal\u00e9sia de Pipa - Taveira Jr\",\"isPartOf\":{\"@id\":\"https:\/\/deputadotaveirajr.com.br\/#website\"},\"primaryImageOfPage\":{\"@id\":\"https:\/\/deputadotaveirajr.com.br\/index.php\/justica-determina-demolicao-de-parte-de-pousada-construida-em-area-de-preservacao-ambiental-em-falesia-de-pipa\/#primaryimage\"},\"image\":{\"@id\":\"https:\/\/deputadotaveirajr.com.br\/index.php\/justica-determina-demolicao-de-parte-de-pousada-construida-em-area-de-preservacao-ambiental-em-falesia-de-pipa\/#primaryimage\"},\"thumbnailUrl\":\"https:\/\/deputadotaveirajr.com.br\/wp-content\/uploads\/2024\/03\/pipa-vista-aerea-falesia-v66IbM.jpeg\",\"datePublished\":\"2024-03-28T01:18:32+00:00\",\"breadcrumb\":{\"@id\":\"https:\/\/deputadotaveirajr.com.br\/index.php\/justica-determina-demolicao-de-parte-de-pousada-construida-em-area-de-preservacao-ambiental-em-falesia-de-pipa\/#breadcrumb\"},\"inLanguage\":\"pt-BR\",\"potentialAction\":[{\"@type\":\"ReadAction\",\"target\":[\"https:\/\/deputadotaveirajr.com.br\/index.php\/justica-determina-demolicao-de-parte-de-pousada-construida-em-area-de-preservacao-ambiental-em-falesia-de-pipa\/\"]}]},{\"@type\":\"ImageObject\",\"inLanguage\":\"pt-BR\",\"@id\":\"https:\/\/deputadotaveirajr.com.br\/index.php\/justica-determina-demolicao-de-parte-de-pousada-construida-em-area-de-preservacao-ambiental-em-falesia-de-pipa\/#primaryimage\",\"url\":\"https:\/\/deputadotaveirajr.com.br\/wp-content\/uploads\/2024\/03\/pipa-vista-aerea-falesia-v66IbM.jpeg\",\"contentUrl\":\"https:\/\/deputadotaveirajr.com.br\/wp-content\/uploads\/2024\/03\/pipa-vista-aerea-falesia-v66IbM.jpeg\",\"width\":773,\"height\":504},{\"@type\":\"BreadcrumbList\",\"@id\":\"https:\/\/deputadotaveirajr.com.br\/index.php\/justica-determina-demolicao-de-parte-de-pousada-construida-em-area-de-preservacao-ambiental-em-falesia-de-pipa\/#breadcrumb\",\"itemListElement\":[{\"@type\":\"ListItem\",\"position\":1,\"name\":\"In\u00edcio\",\"item\":\"https:\/\/deputadotaveirajr.com.br\/\"},{\"@type\":\"ListItem\",\"position\":2,\"name\":\"Justi\u00e7a determina demoli\u00e7\u00e3o de parte de pousada constru\u00edda em \u00e1rea de preserva\u00e7\u00e3o ambiental em fal\u00e9sia de Pipa\"}]},{\"@type\":\"WebSite\",\"@id\":\"https:\/\/deputadotaveirajr.com.br\/#website\",\"url\":\"https:\/\/deputadotaveirajr.com.br\/\",\"name\":\"Taveira Jr\",\"description\":\"Deputado Estadual\",\"publisher\":{\"@id\":\"https:\/\/deputadotaveirajr.com.br\/#organization\"},\"potentialAction\":[{\"@type\":\"SearchAction\",\"target\":{\"@type\":\"EntryPoint\",\"urlTemplate\":\"https:\/\/deputadotaveirajr.com.br\/?s={search_term_string}\"},\"query-input\":{\"@type\":\"PropertyValueSpecification\",\"valueRequired\":true,\"valueName\":\"search_term_string\"}}],\"inLanguage\":\"pt-BR\"},{\"@type\":\"Organization\",\"@id\":\"https:\/\/deputadotaveirajr.com.br\/#organization\",\"name\":\"Taveira Jr\",\"url\":\"https:\/\/deputadotaveirajr.com.br\/\",\"logo\":{\"@type\":\"ImageObject\",\"inLanguage\":\"pt-BR\",\"@id\":\"https:\/\/deputadotaveirajr.com.br\/#\/schema\/logo\/image\/\",\"url\":\"https:\/\/deputadotaveirajr.com.br\/wp-content\/uploads\/2026\/01\/logolow2a.png\",\"contentUrl\":\"https:\/\/deputadotaveirajr.com.br\/wp-content\/uploads\/2026\/01\/logolow2a.png\",\"width\":290,\"height\":80,\"caption\":\"Taveira Jr\"},\"image\":{\"@id\":\"https:\/\/deputadotaveirajr.com.br\/#\/schema\/logo\/image\/\"}}]}<\/script>\n<!-- \/ Yoast SEO plugin. -->","yoast_head_json":{"title":"Justi\u00e7a determina demoli\u00e7\u00e3o de parte de pousada constru\u00edda em \u00e1rea de preserva\u00e7\u00e3o ambiental em fal\u00e9sia de Pipa - Taveira Jr","robots":{"index":"index","follow":"follow","max-snippet":"max-snippet:-1","max-image-preview":"max-image-preview:large","max-video-preview":"max-video-preview:-1"},"canonical":"https:\/\/deputadotaveirajr.com.br\/index.php\/justica-determina-demolicao-de-parte-de-pousada-construida-em-area-de-preservacao-ambiental-em-falesia-de-pipa\/","og_locale":"pt_BR","og_type":"article","og_title":"Justi\u00e7a determina demoli\u00e7\u00e3o de parte de pousada constru\u00edda em \u00e1rea de preserva\u00e7\u00e3o ambiental em fal\u00e9sia de Pipa - Taveira Jr","og_description":"Empreendimento foi ampliado sem licen\u00e7a ou autoriza\u00e7\u00e3o em \u00e1rea de preserva\u00e7\u00e3o permanente e com alto risco de desmoronamentos. Interdi\u00e7\u00e3o parcial havia ocorrido em 2022. Vista a\u00e9rea fal\u00e9sia de Pipa Tibau ...","og_url":"https:\/\/deputadotaveirajr.com.br\/index.php\/justica-determina-demolicao-de-parte-de-pousada-construida-em-area-de-preservacao-ambiental-em-falesia-de-pipa\/","og_site_name":"Taveira Jr","og_image":[{"width":773,"height":504,"url":"https:\/\/deputadotaveirajr.com.br\/wp-content\/uploads\/2024\/03\/pipa-vista-aerea-falesia-v66IbM.jpeg","type":"image\/jpeg"}],"twitter_card":"summary_large_image","twitter_misc":{"Est. tempo de leitura":"2 minutos"},"schema":{"@context":"https:\/\/schema.org","@graph":[{"@type":"WebPage","@id":"https:\/\/deputadotaveirajr.com.br\/index.php\/justica-determina-demolicao-de-parte-de-pousada-construida-em-area-de-preservacao-ambiental-em-falesia-de-pipa\/","url":"https:\/\/deputadotaveirajr.com.br\/index.php\/justica-determina-demolicao-de-parte-de-pousada-construida-em-area-de-preservacao-ambiental-em-falesia-de-pipa\/","name":"Justi\u00e7a determina demoli\u00e7\u00e3o de parte de pousada constru\u00edda em \u00e1rea de preserva\u00e7\u00e3o ambiental em fal\u00e9sia de Pipa - Taveira Jr","isPartOf":{"@id":"https:\/\/deputadotaveirajr.com.br\/#website"},"primaryImageOfPage":{"@id":"https:\/\/deputadotaveirajr.com.br\/index.php\/justica-determina-demolicao-de-parte-de-pousada-construida-em-area-de-preservacao-ambiental-em-falesia-de-pipa\/#primaryimage"},"image":{"@id":"https:\/\/deputadotaveirajr.com.br\/index.php\/justica-determina-demolicao-de-parte-de-pousada-construida-em-area-de-preservacao-ambiental-em-falesia-de-pipa\/#primaryimage"},"thumbnailUrl":"https:\/\/deputadotaveirajr.com.br\/wp-content\/uploads\/2024\/03\/pipa-vista-aerea-falesia-v66IbM.jpeg","datePublished":"2024-03-28T01:18:32+00:00","breadcrumb":{"@id":"https:\/\/deputadotaveirajr.com.br\/index.php\/justica-determina-demolicao-de-parte-de-pousada-construida-em-area-de-preservacao-ambiental-em-falesia-de-pipa\/#breadcrumb"},"inLanguage":"pt-BR","potentialAction":[{"@type":"ReadAction","target":["https:\/\/deputadotaveirajr.com.br\/index.php\/justica-determina-demolicao-de-parte-de-pousada-construida-em-area-de-preservacao-ambiental-em-falesia-de-pipa\/"]}]},{"@type":"ImageObject","inLanguage":"pt-BR","@id":"https:\/\/deputadotaveirajr.com.br\/index.php\/justica-determina-demolicao-de-parte-de-pousada-construida-em-area-de-preservacao-ambiental-em-falesia-de-pipa\/#primaryimage","url":"https:\/\/deputadotaveirajr.com.br\/wp-content\/uploads\/2024\/03\/pipa-vista-aerea-falesia-v66IbM.jpeg","contentUrl":"https:\/\/deputadotaveirajr.com.br\/wp-content\/uploads\/2024\/03\/pipa-vista-aerea-falesia-v66IbM.jpeg","width":773,"height":504},{"@type":"BreadcrumbList","@id":"https:\/\/deputadotaveirajr.com.br\/index.php\/justica-determina-demolicao-de-parte-de-pousada-construida-em-area-de-preservacao-ambiental-em-falesia-de-pipa\/#breadcrumb","itemListElement":[{"@type":"ListItem","position":1,"name":"In\u00edcio","item":"https:\/\/deputadotaveirajr.com.br\/"},{"@type":"ListItem","position":2,"name":"Justi\u00e7a determina demoli\u00e7\u00e3o de parte de pousada constru\u00edda em \u00e1rea de preserva\u00e7\u00e3o ambiental em fal\u00e9sia de Pipa"}]},{"@type":"WebSite","@id":"https:\/\/deputadotaveirajr.com.br\/#website","url":"https:\/\/deputadotaveirajr.com.br\/","name":"Taveira Jr","description":"Deputado Estadual","publisher":{"@id":"https:\/\/deputadotaveirajr.com.br\/#organization"},"potentialAction":[{"@type":"SearchAction","target":{"@type":"EntryPoint","urlTemplate":"https:\/\/deputadotaveirajr.com.br\/?s={search_term_string}"},"query-input":{"@type":"PropertyValueSpecification","valueRequired":true,"valueName":"search_term_string"}}],"inLanguage":"pt-BR"},{"@type":"Organization","@id":"https:\/\/deputadotaveirajr.com.br\/#organization","name":"Taveira Jr","url":"https:\/\/deputadotaveirajr.com.br\/","logo":{"@type":"ImageObject","inLanguage":"pt-BR","@id":"https:\/\/deputadotaveirajr.com.br\/#\/schema\/logo\/image\/","url":"https:\/\/deputadotaveirajr.com.br\/wp-content\/uploads\/2026\/01\/logolow2a.png","contentUrl":"https:\/\/deputadotaveirajr.com.br\/wp-content\/uploads\/2026\/01\/logolow2a.png","width":290,"height":80,"caption":"Taveira Jr"},"image":{"@id":"https:\/\/deputadotaveirajr.com.br\/#\/schema\/logo\/image\/"}}]}},"_links":{"self":[{"href":"https:\/\/deputadotaveirajr.com.br\/index.php\/wp-json\/wp\/v2\/pages\/4794","targetHints":{"allow":["GET"]}}],"collection":[{"href":"https:\/\/deputadotaveirajr.com.br\/index.php\/wp-json\/wp\/v2\/pages"}],"about":[{"href":"https:\/\/deputadotaveirajr.com.br\/index.php\/wp-json\/wp\/v2\/types\/page"}],"replies":[{"embeddable":true,"href":"https:\/\/deputadotaveirajr.com.br\/index.php\/wp-json\/wp\/v2\/comments?post=4794"}],"version-history":[{"count":1,"href":"https:\/\/deputadotaveirajr.com.br\/index.php\/wp-json\/wp\/v2\/pages\/4794\/revisions"}],"predecessor-version":[{"id":4797,"href":"https:\/\/deputadotaveirajr.com.br\/index.php\/wp-json\/wp\/v2\/pages\/4794\/revisions\/4797"}],"wp:featuredmedia":[{"embeddable":true,"href":"https:\/\/deputadotaveirajr.com.br\/index.php\/wp-json\/wp\/v2\/media\/4795"}],"wp:attachment":[{"href":"https:\/\/deputadotaveirajr.com.br\/index.php\/wp-json\/wp\/v2\/media?parent=4794"}],"curies":[{"name":"wp","href":"https:\/\/api.w.org\/{rel}","templated":true}]}}