{"id":4805,"date":"2024-03-28T15:50:11","date_gmt":"2024-03-28T18:50:11","guid":{"rendered":"https:\/\/deputadotaveirajr.com.br\/?page_id=4805"},"modified":"2024-03-28T15:50:11","modified_gmt":"2024-03-28T18:50:11","slug":"video-chuva-aumenta-volume-de-agua-na-cachoeira-do-pinga-em-portalegre","status":"publish","type":"page","link":"https:\/\/deputadotaveirajr.com.br\/index.php\/video-chuva-aumenta-volume-de-agua-na-cachoeira-do-pinga-em-portalegre\/","title":{"rendered":"V\u00cdDEO: Chuva aumenta volume de \u00e1gua na cachoeira do Pinga em Portalegre"},"content":{"rendered":"<p>     Precipita\u00e7\u00e3o de 40 mil\u00edmetros ocorreu na quarta-feira (27) no Alto Oeste potiguar.  Chuva aumenta vaz\u00e3o de \u00e1gua na cachoeira do Pinga, em Portalegre<br \/>\nUma forte chuva registrada na regi\u00e3o do Alto Oeste potiguar provocou um aumento da vaz\u00e3o da cachoeira do Pinga, no munic\u00edpio de Portalegre, nesta quarta-feira (27). O cen\u00e1rio chamou aten\u00e7\u00e3o de guias tur\u00edsticos que trabalham na regi\u00e3o, e que fizeram v\u00eddeos.<br \/>\nSegundo Isaias Leite, a tromba d&#8217;\u00e1gua ocorreu ap\u00f3s uma chuva de aproximadamente 40 mil\u00edmetros. Ainda de acordo com ele, horas ap\u00f3s a chuva passar, o volume da \u00e1gua se normalizou.<br \/>\n&#8220;A \u00e1gua, dentro de minutos, volta ao normal. Muitas pessoas acham que ela fica nesse n\u00edvel que postei muitos dias, mas n\u00e3o&#8221;, apontou.<br \/>\nA cachoeira do Pinga \u00e9 um dos principais pontos tur\u00edsticos da cidade serrana de Portalegre, localizada a 370 km de Natal, na regi\u00e3o Oeste potiguar. Ela possui 96 metros de queda e \u00e9 considerada a \u00fanica cachoeira perene do estado.<br \/>\nA \u00e1gua vem de uma fonte natural, a Fonte Bica. Um lago se forma logo abaixo da cachoeira. A temperatura da \u00e1gua chega a 15\u00b0C.<br \/>\nCachoeira do Pinga, em Portalegre, RN<br \/>\nReprodu\u00e7\u00e3o<\/p>","protected":false},"excerpt":{"rendered":"<p>Precipita\u00e7\u00e3o de 40 mil\u00edmetros ocorreu na quarta-feira (27) no Alto Oeste potiguar. Chuva aumenta vaz\u00e3o de \u00e1gua na cachoeira do Pinga, em Portalegre Uma forte chuva registrada na regi\u00e3o do &#8230;<\/p>\n","protected":false},"author":0,"featured_media":4806,"parent":0,"menu_order":0,"comment_status":"closed","ping_status":"closed","template":"","meta":{"footnotes":""},"class_list":["post-4805","page","type-page","status-publish","has-post-thumbnail","hentry"],"yoast_head":"<!-- This site is optimized with the Yoast SEO plugin v27.1.1 - https:\/\/yoast.com\/product\/yoast-seo-wordpress\/ -->\n<title>V\u00cdDEO: Chuva aumenta volume de \u00e1gua na cachoeira do Pinga em Portalegre - Taveira Jr<\/title>\n<meta name=\"robots\" content=\"index, follow, max-snippet:-1, max-image-preview:large, max-video-preview:-1\" \/>\n<link rel=\"canonical\" href=\"https:\/\/deputadotaveirajr.com.br\/index.php\/video-chuva-aumenta-volume-de-agua-na-cachoeira-do-pinga-em-portalegre\/\" \/>\n<meta property=\"og:locale\" content=\"pt_BR\" \/>\n<meta property=\"og:type\" content=\"article\" \/>\n<meta property=\"og:title\" content=\"V\u00cdDEO: Chuva aumenta volume de \u00e1gua na cachoeira do Pinga em Portalegre - Taveira Jr\" \/>\n<meta property=\"og:description\" content=\"Precipita\u00e7\u00e3o de 40 mil\u00edmetros ocorreu na quarta-feira (27) no Alto Oeste potiguar. Chuva aumenta vaz\u00e3o de \u00e1gua na cachoeira do Pinga, em Portalegre Uma forte chuva registrada na regi\u00e3o do ...\" \/>\n<meta property=\"og:url\" content=\"https:\/\/deputadotaveirajr.com.br\/index.php\/video-chuva-aumenta-volume-de-agua-na-cachoeira-do-pinga-em-portalegre\/\" \/>\n<meta property=\"og:site_name\" content=\"Taveira Jr\" \/>\n<meta property=\"og:image\" content=\"https:\/\/deputadotaveirajr.com.br\/wp-content\/uploads\/2024\/03\/cachoeira-8NRE7e.jpeg\" \/>\n\t<meta property=\"og:image:width\" content=\"650\" \/>\n\t<meta property=\"og:image:height\" content=\"904\" \/>\n\t<meta property=\"og:image:type\" content=\"image\/jpeg\" \/>\n<meta name=\"twitter:card\" content=\"summary_large_image\" \/>\n<meta name=\"twitter:label1\" content=\"Est. tempo de leitura\" \/>\n\t<meta name=\"twitter:data1\" content=\"1 minuto\" \/>\n<script type=\"application\/ld+json\" class=\"yoast-schema-graph\">{\"@context\":\"https:\/\/schema.org\",\"@graph\":[{\"@type\":\"WebPage\",\"@id\":\"https:\/\/deputadotaveirajr.com.br\/index.php\/video-chuva-aumenta-volume-de-agua-na-cachoeira-do-pinga-em-portalegre\/\",\"url\":\"https:\/\/deputadotaveirajr.com.br\/index.php\/video-chuva-aumenta-volume-de-agua-na-cachoeira-do-pinga-em-portalegre\/\",\"name\":\"V\u00cdDEO: Chuva aumenta volume de \u00e1gua na cachoeira do Pinga em Portalegre - Taveira Jr\",\"isPartOf\":{\"@id\":\"https:\/\/deputadotaveirajr.com.br\/#website\"},\"primaryImageOfPage\":{\"@id\":\"https:\/\/deputadotaveirajr.com.br\/index.php\/video-chuva-aumenta-volume-de-agua-na-cachoeira-do-pinga-em-portalegre\/#primaryimage\"},\"image\":{\"@id\":\"https:\/\/deputadotaveirajr.com.br\/index.php\/video-chuva-aumenta-volume-de-agua-na-cachoeira-do-pinga-em-portalegre\/#primaryimage\"},\"thumbnailUrl\":\"https:\/\/deputadotaveirajr.com.br\/wp-content\/uploads\/2024\/03\/cachoeira-8NRE7e.jpeg\",\"datePublished\":\"2024-03-28T18:50:11+00:00\",\"breadcrumb\":{\"@id\":\"https:\/\/deputadotaveirajr.com.br\/index.php\/video-chuva-aumenta-volume-de-agua-na-cachoeira-do-pinga-em-portalegre\/#breadcrumb\"},\"inLanguage\":\"pt-BR\",\"potentialAction\":[{\"@type\":\"ReadAction\",\"target\":[\"https:\/\/deputadotaveirajr.com.br\/index.php\/video-chuva-aumenta-volume-de-agua-na-cachoeira-do-pinga-em-portalegre\/\"]}]},{\"@type\":\"ImageObject\",\"inLanguage\":\"pt-BR\",\"@id\":\"https:\/\/deputadotaveirajr.com.br\/index.php\/video-chuva-aumenta-volume-de-agua-na-cachoeira-do-pinga-em-portalegre\/#primaryimage\",\"url\":\"https:\/\/deputadotaveirajr.com.br\/wp-content\/uploads\/2024\/03\/cachoeira-8NRE7e.jpeg\",\"contentUrl\":\"https:\/\/deputadotaveirajr.com.br\/wp-content\/uploads\/2024\/03\/cachoeira-8NRE7e.jpeg\",\"width\":650,\"height\":904},{\"@type\":\"BreadcrumbList\",\"@id\":\"https:\/\/deputadotaveirajr.com.br\/index.php\/video-chuva-aumenta-volume-de-agua-na-cachoeira-do-pinga-em-portalegre\/#breadcrumb\",\"itemListElement\":[{\"@type\":\"ListItem\",\"position\":1,\"name\":\"In\u00edcio\",\"item\":\"https:\/\/deputadotaveirajr.com.br\/\"},{\"@type\":\"ListItem\",\"position\":2,\"name\":\"V\u00cdDEO: Chuva aumenta volume de \u00e1gua na cachoeira do Pinga em Portalegre\"}]},{\"@type\":\"WebSite\",\"@id\":\"https:\/\/deputadotaveirajr.com.br\/#website\",\"url\":\"https:\/\/deputadotaveirajr.com.br\/\",\"name\":\"Taveira Jr\",\"description\":\"Deputado Estadual\",\"publisher\":{\"@id\":\"https:\/\/deputadotaveirajr.com.br\/#organization\"},\"potentialAction\":[{\"@type\":\"SearchAction\",\"target\":{\"@type\":\"EntryPoint\",\"urlTemplate\":\"https:\/\/deputadotaveirajr.com.br\/?s={search_term_string}\"},\"query-input\":{\"@type\":\"PropertyValueSpecification\",\"valueRequired\":true,\"valueName\":\"search_term_string\"}}],\"inLanguage\":\"pt-BR\"},{\"@type\":\"Organization\",\"@id\":\"https:\/\/deputadotaveirajr.com.br\/#organization\",\"name\":\"Taveira Jr\",\"url\":\"https:\/\/deputadotaveirajr.com.br\/\",\"logo\":{\"@type\":\"ImageObject\",\"inLanguage\":\"pt-BR\",\"@id\":\"https:\/\/deputadotaveirajr.com.br\/#\/schema\/logo\/image\/\",\"url\":\"https:\/\/deputadotaveirajr.com.br\/wp-content\/uploads\/2026\/01\/logolow2a.png\",\"contentUrl\":\"https:\/\/deputadotaveirajr.com.br\/wp-content\/uploads\/2026\/01\/logolow2a.png\",\"width\":290,\"height\":80,\"caption\":\"Taveira Jr\"},\"image\":{\"@id\":\"https:\/\/deputadotaveirajr.com.br\/#\/schema\/logo\/image\/\"}}]}<\/script>\n<!-- \/ Yoast SEO plugin. -->","yoast_head_json":{"title":"V\u00cdDEO: Chuva aumenta volume de \u00e1gua na cachoeira do Pinga em Portalegre - Taveira Jr","robots":{"index":"index","follow":"follow","max-snippet":"max-snippet:-1","max-image-preview":"max-image-preview:large","max-video-preview":"max-video-preview:-1"},"canonical":"https:\/\/deputadotaveirajr.com.br\/index.php\/video-chuva-aumenta-volume-de-agua-na-cachoeira-do-pinga-em-portalegre\/","og_locale":"pt_BR","og_type":"article","og_title":"V\u00cdDEO: Chuva aumenta volume de \u00e1gua na cachoeira do Pinga em Portalegre - Taveira Jr","og_description":"Precipita\u00e7\u00e3o de 40 mil\u00edmetros ocorreu na quarta-feira (27) no Alto Oeste potiguar. Chuva aumenta vaz\u00e3o de \u00e1gua na cachoeira do Pinga, em Portalegre Uma forte chuva registrada na regi\u00e3o do ...","og_url":"https:\/\/deputadotaveirajr.com.br\/index.php\/video-chuva-aumenta-volume-de-agua-na-cachoeira-do-pinga-em-portalegre\/","og_site_name":"Taveira Jr","og_image":[{"width":650,"height":904,"url":"https:\/\/deputadotaveirajr.com.br\/wp-content\/uploads\/2024\/03\/cachoeira-8NRE7e.jpeg","type":"image\/jpeg"}],"twitter_card":"summary_large_image","twitter_misc":{"Est. tempo de leitura":"1 minuto"},"schema":{"@context":"https:\/\/schema.org","@graph":[{"@type":"WebPage","@id":"https:\/\/deputadotaveirajr.com.br\/index.php\/video-chuva-aumenta-volume-de-agua-na-cachoeira-do-pinga-em-portalegre\/","url":"https:\/\/deputadotaveirajr.com.br\/index.php\/video-chuva-aumenta-volume-de-agua-na-cachoeira-do-pinga-em-portalegre\/","name":"V\u00cdDEO: Chuva aumenta volume de \u00e1gua na cachoeira do Pinga em Portalegre - Taveira Jr","isPartOf":{"@id":"https:\/\/deputadotaveirajr.com.br\/#website"},"primaryImageOfPage":{"@id":"https:\/\/deputadotaveirajr.com.br\/index.php\/video-chuva-aumenta-volume-de-agua-na-cachoeira-do-pinga-em-portalegre\/#primaryimage"},"image":{"@id":"https:\/\/deputadotaveirajr.com.br\/index.php\/video-chuva-aumenta-volume-de-agua-na-cachoeira-do-pinga-em-portalegre\/#primaryimage"},"thumbnailUrl":"https:\/\/deputadotaveirajr.com.br\/wp-content\/uploads\/2024\/03\/cachoeira-8NRE7e.jpeg","datePublished":"2024-03-28T18:50:11+00:00","breadcrumb":{"@id":"https:\/\/deputadotaveirajr.com.br\/index.php\/video-chuva-aumenta-volume-de-agua-na-cachoeira-do-pinga-em-portalegre\/#breadcrumb"},"inLanguage":"pt-BR","potentialAction":[{"@type":"ReadAction","target":["https:\/\/deputadotaveirajr.com.br\/index.php\/video-chuva-aumenta-volume-de-agua-na-cachoeira-do-pinga-em-portalegre\/"]}]},{"@type":"ImageObject","inLanguage":"pt-BR","@id":"https:\/\/deputadotaveirajr.com.br\/index.php\/video-chuva-aumenta-volume-de-agua-na-cachoeira-do-pinga-em-portalegre\/#primaryimage","url":"https:\/\/deputadotaveirajr.com.br\/wp-content\/uploads\/2024\/03\/cachoeira-8NRE7e.jpeg","contentUrl":"https:\/\/deputadotaveirajr.com.br\/wp-content\/uploads\/2024\/03\/cachoeira-8NRE7e.jpeg","width":650,"height":904},{"@type":"BreadcrumbList","@id":"https:\/\/deputadotaveirajr.com.br\/index.php\/video-chuva-aumenta-volume-de-agua-na-cachoeira-do-pinga-em-portalegre\/#breadcrumb","itemListElement":[{"@type":"ListItem","position":1,"name":"In\u00edcio","item":"https:\/\/deputadotaveirajr.com.br\/"},{"@type":"ListItem","position":2,"name":"V\u00cdDEO: Chuva aumenta volume de \u00e1gua na cachoeira do Pinga em Portalegre"}]},{"@type":"WebSite","@id":"https:\/\/deputadotaveirajr.com.br\/#website","url":"https:\/\/deputadotaveirajr.com.br\/","name":"Taveira Jr","description":"Deputado Estadual","publisher":{"@id":"https:\/\/deputadotaveirajr.com.br\/#organization"},"potentialAction":[{"@type":"SearchAction","target":{"@type":"EntryPoint","urlTemplate":"https:\/\/deputadotaveirajr.com.br\/?s={search_term_string}"},"query-input":{"@type":"PropertyValueSpecification","valueRequired":true,"valueName":"search_term_string"}}],"inLanguage":"pt-BR"},{"@type":"Organization","@id":"https:\/\/deputadotaveirajr.com.br\/#organization","name":"Taveira Jr","url":"https:\/\/deputadotaveirajr.com.br\/","logo":{"@type":"ImageObject","inLanguage":"pt-BR","@id":"https:\/\/deputadotaveirajr.com.br\/#\/schema\/logo\/image\/","url":"https:\/\/deputadotaveirajr.com.br\/wp-content\/uploads\/2026\/01\/logolow2a.png","contentUrl":"https:\/\/deputadotaveirajr.com.br\/wp-content\/uploads\/2026\/01\/logolow2a.png","width":290,"height":80,"caption":"Taveira Jr"},"image":{"@id":"https:\/\/deputadotaveirajr.com.br\/#\/schema\/logo\/image\/"}}]}},"_links":{"self":[{"href":"https:\/\/deputadotaveirajr.com.br\/index.php\/wp-json\/wp\/v2\/pages\/4805","targetHints":{"allow":["GET"]}}],"collection":[{"href":"https:\/\/deputadotaveirajr.com.br\/index.php\/wp-json\/wp\/v2\/pages"}],"about":[{"href":"https:\/\/deputadotaveirajr.com.br\/index.php\/wp-json\/wp\/v2\/types\/page"}],"replies":[{"embeddable":true,"href":"https:\/\/deputadotaveirajr.com.br\/index.php\/wp-json\/wp\/v2\/comments?post=4805"}],"version-history":[{"count":1,"href":"https:\/\/deputadotaveirajr.com.br\/index.php\/wp-json\/wp\/v2\/pages\/4805\/revisions"}],"predecessor-version":[{"id":4809,"href":"https:\/\/deputadotaveirajr.com.br\/index.php\/wp-json\/wp\/v2\/pages\/4805\/revisions\/4809"}],"wp:featuredmedia":[{"embeddable":true,"href":"https:\/\/deputadotaveirajr.com.br\/index.php\/wp-json\/wp\/v2\/media\/4806"}],"wp:attachment":[{"href":"https:\/\/deputadotaveirajr.com.br\/index.php\/wp-json\/wp\/v2\/media?parent=4805"}],"curies":[{"name":"wp","href":"https:\/\/api.w.org\/{rel}","templated":true}]}}