{"id":4807,"date":"2024-03-28T18:48:02","date_gmt":"2024-03-28T21:48:02","guid":{"rendered":"https:\/\/deputadotaveirajr.com.br\/?page_id=4807"},"modified":"2024-03-28T18:48:02","modified_gmt":"2024-03-28T21:48:02","slug":"festival-gastronomico-em-pipa-acontece-durante-todos-os-finais-de-semana-de-lua-cheia-de-2024-veja-datas","status":"publish","type":"page","link":"https:\/\/deputadotaveirajr.com.br\/index.php\/festival-gastronomico-em-pipa-acontece-durante-todos-os-finais-de-semana-de-lua-cheia-de-2024-veja-datas\/","title":{"rendered":"Festival gastron\u00f4mico em Pipa acontece durante todos os finais de semana de lua cheia de 2024; veja datas"},"content":{"rendered":"<p>     Celebrando a culin\u00e1ria cosmopolita de Pipa em noites de lua cheia O evento ser\u00e1 itinerante, cada m\u00eas, um restaurante ou restaurante de hotel associado o sediar\u00e1 Festival Gastron\u00f4mico da Lua, em Pipa e Tibau do Sul<br \/>\nDivulga\u00e7\u00e3o<br \/>\nUm festival de gastron\u00f4mico nas praias de Pipa e Tibau do Sul, no litoral Sul do Rio Grande do Norte, vai acontecer em todos os finais de semana com previs\u00e3o de lua cheia deste ano. O evento come\u00e7a no m\u00eas de abril e segue at\u00e9 novembro (veja mais abaixo as datas previstas e os restaurantes que v\u00e3o participar).<br \/>\nA abordagem do Festival Gastron\u00f4mico da Lua  vai funcionar da seguinte forma: a cada m\u00eas, um restaurante ou hotel associado sediar\u00e1 o evento, proporcionando aos participantes a oportunidade de explorar diferentes estilos culin\u00e1rios e cen\u00e1rios.<br \/>\nOs restaurantes v\u00e3o oferecer um menu degusta\u00e7\u00e3o, composto por entrada, prato principal e sobremesa.<br \/>\n&#8220;O evento \u00e9 uma oportunidade incr\u00edvel para mostrarmos ao mundo a excel\u00eancia da gastronomia oferecida pelos restaurantes dos nossos hot\u00e9is&#8221;, afirmou Pedro Simonette, vice-presidente da Associa\u00e7\u00e3o dos Hoteleiros de Tibau do Sul e Pipa.<br \/>\n\ud83d\udcf3Participe do canal do g1 RN no WhatsApp e receba no seu celular as not\u00edcias do estado<br \/>\nWanderson Borges, cofundador do movimento Preserve Pipa, que concebeu o evento, disse que o projeto tamb\u00e9m se trata de um um esfor\u00e7o para atrair turistas para Pipa em per\u00edodos de baixa esta\u00e7\u00e3o.<br \/>\n&#8220;Ao trazer este evento durante a baixa temporada, n\u00e3o apenas destacamos a diversidade gastron\u00f4mica da regi\u00e3o, mas tamb\u00e9m incentivamos a visita de turistas em momentos menos convencionais, impulsionando assim a economia local&#8221;, disse.<br \/>\nAgenda do Festival Gastron\u00f4mico da Lua:<br \/>\n27\/04: Restaurante Camurim<br \/>\n25\/05: Restaurante Macoco<br \/>\n21\/06: Hotel Sun Bay<br \/>\n22\/06: Restaurante Athena\u2019s<br \/>\n19\/07: Madeiro Beach<br \/>\n20\/07: Restaurante Tamariz<br \/>\n16\/08: Hotel Ponta do Madeiro<br \/>\n17\/08: Barraca Pandoka<br \/>\n20\/09: Hotel Pau\u00e1<br \/>\n18\/10: Xam\u00e3 senses Hotel e Restaurante<br \/>\n19\/10: Espa\u00e7o Lampi\u00e3o<br \/>\n15\/11: Hotel Bupitanga<br \/>\nV\u00eddeos mais assistidos do g1 RN<\/p>","protected":false},"excerpt":{"rendered":"<p>Celebrando a culin\u00e1ria cosmopolita de Pipa em noites de lua cheia O evento ser\u00e1 itinerante, cada m\u00eas, um restaurante ou restaurante de hotel associado o sediar\u00e1 Festival Gastron\u00f4mico da Lua, &#8230;<\/p>\n","protected":false},"author":0,"featured_media":4808,"parent":0,"menu_order":0,"comment_status":"closed","ping_status":"closed","template":"","meta":{"footnotes":""},"class_list":["post-4807","page","type-page","status-publish","has-post-thumbnail","hentry"],"yoast_head":"<!-- This site is optimized with the Yoast SEO plugin v27.1.1 - https:\/\/yoast.com\/product\/yoast-seo-wordpress\/ -->\n<title>Festival gastron\u00f4mico em Pipa acontece durante todos os finais de semana de lua cheia de 2024; veja datas - Taveira Jr<\/title>\n<meta name=\"robots\" content=\"index, follow, max-snippet:-1, max-image-preview:large, max-video-preview:-1\" \/>\n<link rel=\"canonical\" href=\"https:\/\/deputadotaveirajr.com.br\/index.php\/festival-gastronomico-em-pipa-acontece-durante-todos-os-finais-de-semana-de-lua-cheia-de-2024-veja-datas\/\" \/>\n<meta property=\"og:locale\" content=\"pt_BR\" \/>\n<meta property=\"og:type\" content=\"article\" \/>\n<meta property=\"og:title\" content=\"Festival gastron\u00f4mico em Pipa acontece durante todos os finais de semana de lua cheia de 2024; veja datas - Taveira Jr\" \/>\n<meta property=\"og:description\" content=\"Celebrando a culin\u00e1ria cosmopolita de Pipa em noites de lua cheia O evento ser\u00e1 itinerante, cada m\u00eas, um restaurante ou restaurante de hotel associado o sediar\u00e1 Festival Gastron\u00f4mico da Lua, ...\" \/>\n<meta property=\"og:url\" content=\"https:\/\/deputadotaveirajr.com.br\/index.php\/festival-gastronomico-em-pipa-acontece-durante-todos-os-finais-de-semana-de-lua-cheia-de-2024-veja-datas\/\" \/>\n<meta property=\"og:site_name\" content=\"Taveira Jr\" \/>\n<meta property=\"og:image\" content=\"https:\/\/deputadotaveirajr.com.br\/wp-content\/uploads\/2024\/03\/whatsapp-image-2024-03-28-at-14.27.36-1-MhPYYM.jpeg\" \/>\n\t<meta property=\"og:image:width\" content=\"1280\" \/>\n\t<meta property=\"og:image:height\" content=\"1023\" \/>\n\t<meta property=\"og:image:type\" content=\"image\/jpeg\" \/>\n<meta name=\"twitter:card\" content=\"summary_large_image\" \/>\n<meta name=\"twitter:label1\" content=\"Est. tempo de leitura\" \/>\n\t<meta name=\"twitter:data1\" content=\"2 minutos\" \/>\n<script type=\"application\/ld+json\" class=\"yoast-schema-graph\">{\"@context\":\"https:\/\/schema.org\",\"@graph\":[{\"@type\":\"WebPage\",\"@id\":\"https:\/\/deputadotaveirajr.com.br\/index.php\/festival-gastronomico-em-pipa-acontece-durante-todos-os-finais-de-semana-de-lua-cheia-de-2024-veja-datas\/\",\"url\":\"https:\/\/deputadotaveirajr.com.br\/index.php\/festival-gastronomico-em-pipa-acontece-durante-todos-os-finais-de-semana-de-lua-cheia-de-2024-veja-datas\/\",\"name\":\"Festival gastron\u00f4mico em Pipa acontece durante todos os finais de semana de lua cheia de 2024; veja datas - Taveira Jr\",\"isPartOf\":{\"@id\":\"https:\/\/deputadotaveirajr.com.br\/#website\"},\"primaryImageOfPage\":{\"@id\":\"https:\/\/deputadotaveirajr.com.br\/index.php\/festival-gastronomico-em-pipa-acontece-durante-todos-os-finais-de-semana-de-lua-cheia-de-2024-veja-datas\/#primaryimage\"},\"image\":{\"@id\":\"https:\/\/deputadotaveirajr.com.br\/index.php\/festival-gastronomico-em-pipa-acontece-durante-todos-os-finais-de-semana-de-lua-cheia-de-2024-veja-datas\/#primaryimage\"},\"thumbnailUrl\":\"https:\/\/deputadotaveirajr.com.br\/wp-content\/uploads\/2024\/03\/whatsapp-image-2024-03-28-at-14.27.36-1-MhPYYM.jpeg\",\"datePublished\":\"2024-03-28T21:48:02+00:00\",\"breadcrumb\":{\"@id\":\"https:\/\/deputadotaveirajr.com.br\/index.php\/festival-gastronomico-em-pipa-acontece-durante-todos-os-finais-de-semana-de-lua-cheia-de-2024-veja-datas\/#breadcrumb\"},\"inLanguage\":\"pt-BR\",\"potentialAction\":[{\"@type\":\"ReadAction\",\"target\":[\"https:\/\/deputadotaveirajr.com.br\/index.php\/festival-gastronomico-em-pipa-acontece-durante-todos-os-finais-de-semana-de-lua-cheia-de-2024-veja-datas\/\"]}]},{\"@type\":\"ImageObject\",\"inLanguage\":\"pt-BR\",\"@id\":\"https:\/\/deputadotaveirajr.com.br\/index.php\/festival-gastronomico-em-pipa-acontece-durante-todos-os-finais-de-semana-de-lua-cheia-de-2024-veja-datas\/#primaryimage\",\"url\":\"https:\/\/deputadotaveirajr.com.br\/wp-content\/uploads\/2024\/03\/whatsapp-image-2024-03-28-at-14.27.36-1-MhPYYM.jpeg\",\"contentUrl\":\"https:\/\/deputadotaveirajr.com.br\/wp-content\/uploads\/2024\/03\/whatsapp-image-2024-03-28-at-14.27.36-1-MhPYYM.jpeg\",\"width\":1280,\"height\":1023},{\"@type\":\"BreadcrumbList\",\"@id\":\"https:\/\/deputadotaveirajr.com.br\/index.php\/festival-gastronomico-em-pipa-acontece-durante-todos-os-finais-de-semana-de-lua-cheia-de-2024-veja-datas\/#breadcrumb\",\"itemListElement\":[{\"@type\":\"ListItem\",\"position\":1,\"name\":\"In\u00edcio\",\"item\":\"https:\/\/deputadotaveirajr.com.br\/\"},{\"@type\":\"ListItem\",\"position\":2,\"name\":\"Festival gastron\u00f4mico em Pipa acontece durante todos os finais de semana de lua cheia de 2024; veja datas\"}]},{\"@type\":\"WebSite\",\"@id\":\"https:\/\/deputadotaveirajr.com.br\/#website\",\"url\":\"https:\/\/deputadotaveirajr.com.br\/\",\"name\":\"Taveira Jr\",\"description\":\"Deputado Estadual\",\"publisher\":{\"@id\":\"https:\/\/deputadotaveirajr.com.br\/#organization\"},\"potentialAction\":[{\"@type\":\"SearchAction\",\"target\":{\"@type\":\"EntryPoint\",\"urlTemplate\":\"https:\/\/deputadotaveirajr.com.br\/?s={search_term_string}\"},\"query-input\":{\"@type\":\"PropertyValueSpecification\",\"valueRequired\":true,\"valueName\":\"search_term_string\"}}],\"inLanguage\":\"pt-BR\"},{\"@type\":\"Organization\",\"@id\":\"https:\/\/deputadotaveirajr.com.br\/#organization\",\"name\":\"Taveira Jr\",\"url\":\"https:\/\/deputadotaveirajr.com.br\/\",\"logo\":{\"@type\":\"ImageObject\",\"inLanguage\":\"pt-BR\",\"@id\":\"https:\/\/deputadotaveirajr.com.br\/#\/schema\/logo\/image\/\",\"url\":\"https:\/\/deputadotaveirajr.com.br\/wp-content\/uploads\/2026\/01\/logolow2a.png\",\"contentUrl\":\"https:\/\/deputadotaveirajr.com.br\/wp-content\/uploads\/2026\/01\/logolow2a.png\",\"width\":290,\"height\":80,\"caption\":\"Taveira Jr\"},\"image\":{\"@id\":\"https:\/\/deputadotaveirajr.com.br\/#\/schema\/logo\/image\/\"}}]}<\/script>\n<!-- \/ Yoast SEO plugin. -->","yoast_head_json":{"title":"Festival gastron\u00f4mico em Pipa acontece durante todos os finais de semana de lua cheia de 2024; veja datas - Taveira Jr","robots":{"index":"index","follow":"follow","max-snippet":"max-snippet:-1","max-image-preview":"max-image-preview:large","max-video-preview":"max-video-preview:-1"},"canonical":"https:\/\/deputadotaveirajr.com.br\/index.php\/festival-gastronomico-em-pipa-acontece-durante-todos-os-finais-de-semana-de-lua-cheia-de-2024-veja-datas\/","og_locale":"pt_BR","og_type":"article","og_title":"Festival gastron\u00f4mico em Pipa acontece durante todos os finais de semana de lua cheia de 2024; veja datas - Taveira Jr","og_description":"Celebrando a culin\u00e1ria cosmopolita de Pipa em noites de lua cheia O evento ser\u00e1 itinerante, cada m\u00eas, um restaurante ou restaurante de hotel associado o sediar\u00e1 Festival Gastron\u00f4mico da Lua, ...","og_url":"https:\/\/deputadotaveirajr.com.br\/index.php\/festival-gastronomico-em-pipa-acontece-durante-todos-os-finais-de-semana-de-lua-cheia-de-2024-veja-datas\/","og_site_name":"Taveira Jr","og_image":[{"width":1280,"height":1023,"url":"https:\/\/deputadotaveirajr.com.br\/wp-content\/uploads\/2024\/03\/whatsapp-image-2024-03-28-at-14.27.36-1-MhPYYM.jpeg","type":"image\/jpeg"}],"twitter_card":"summary_large_image","twitter_misc":{"Est. tempo de leitura":"2 minutos"},"schema":{"@context":"https:\/\/schema.org","@graph":[{"@type":"WebPage","@id":"https:\/\/deputadotaveirajr.com.br\/index.php\/festival-gastronomico-em-pipa-acontece-durante-todos-os-finais-de-semana-de-lua-cheia-de-2024-veja-datas\/","url":"https:\/\/deputadotaveirajr.com.br\/index.php\/festival-gastronomico-em-pipa-acontece-durante-todos-os-finais-de-semana-de-lua-cheia-de-2024-veja-datas\/","name":"Festival gastron\u00f4mico em Pipa acontece durante todos os finais de semana de lua cheia de 2024; veja datas - Taveira Jr","isPartOf":{"@id":"https:\/\/deputadotaveirajr.com.br\/#website"},"primaryImageOfPage":{"@id":"https:\/\/deputadotaveirajr.com.br\/index.php\/festival-gastronomico-em-pipa-acontece-durante-todos-os-finais-de-semana-de-lua-cheia-de-2024-veja-datas\/#primaryimage"},"image":{"@id":"https:\/\/deputadotaveirajr.com.br\/index.php\/festival-gastronomico-em-pipa-acontece-durante-todos-os-finais-de-semana-de-lua-cheia-de-2024-veja-datas\/#primaryimage"},"thumbnailUrl":"https:\/\/deputadotaveirajr.com.br\/wp-content\/uploads\/2024\/03\/whatsapp-image-2024-03-28-at-14.27.36-1-MhPYYM.jpeg","datePublished":"2024-03-28T21:48:02+00:00","breadcrumb":{"@id":"https:\/\/deputadotaveirajr.com.br\/index.php\/festival-gastronomico-em-pipa-acontece-durante-todos-os-finais-de-semana-de-lua-cheia-de-2024-veja-datas\/#breadcrumb"},"inLanguage":"pt-BR","potentialAction":[{"@type":"ReadAction","target":["https:\/\/deputadotaveirajr.com.br\/index.php\/festival-gastronomico-em-pipa-acontece-durante-todos-os-finais-de-semana-de-lua-cheia-de-2024-veja-datas\/"]}]},{"@type":"ImageObject","inLanguage":"pt-BR","@id":"https:\/\/deputadotaveirajr.com.br\/index.php\/festival-gastronomico-em-pipa-acontece-durante-todos-os-finais-de-semana-de-lua-cheia-de-2024-veja-datas\/#primaryimage","url":"https:\/\/deputadotaveirajr.com.br\/wp-content\/uploads\/2024\/03\/whatsapp-image-2024-03-28-at-14.27.36-1-MhPYYM.jpeg","contentUrl":"https:\/\/deputadotaveirajr.com.br\/wp-content\/uploads\/2024\/03\/whatsapp-image-2024-03-28-at-14.27.36-1-MhPYYM.jpeg","width":1280,"height":1023},{"@type":"BreadcrumbList","@id":"https:\/\/deputadotaveirajr.com.br\/index.php\/festival-gastronomico-em-pipa-acontece-durante-todos-os-finais-de-semana-de-lua-cheia-de-2024-veja-datas\/#breadcrumb","itemListElement":[{"@type":"ListItem","position":1,"name":"In\u00edcio","item":"https:\/\/deputadotaveirajr.com.br\/"},{"@type":"ListItem","position":2,"name":"Festival gastron\u00f4mico em Pipa acontece durante todos os finais de semana de lua cheia de 2024; veja datas"}]},{"@type":"WebSite","@id":"https:\/\/deputadotaveirajr.com.br\/#website","url":"https:\/\/deputadotaveirajr.com.br\/","name":"Taveira Jr","description":"Deputado Estadual","publisher":{"@id":"https:\/\/deputadotaveirajr.com.br\/#organization"},"potentialAction":[{"@type":"SearchAction","target":{"@type":"EntryPoint","urlTemplate":"https:\/\/deputadotaveirajr.com.br\/?s={search_term_string}"},"query-input":{"@type":"PropertyValueSpecification","valueRequired":true,"valueName":"search_term_string"}}],"inLanguage":"pt-BR"},{"@type":"Organization","@id":"https:\/\/deputadotaveirajr.com.br\/#organization","name":"Taveira Jr","url":"https:\/\/deputadotaveirajr.com.br\/","logo":{"@type":"ImageObject","inLanguage":"pt-BR","@id":"https:\/\/deputadotaveirajr.com.br\/#\/schema\/logo\/image\/","url":"https:\/\/deputadotaveirajr.com.br\/wp-content\/uploads\/2026\/01\/logolow2a.png","contentUrl":"https:\/\/deputadotaveirajr.com.br\/wp-content\/uploads\/2026\/01\/logolow2a.png","width":290,"height":80,"caption":"Taveira Jr"},"image":{"@id":"https:\/\/deputadotaveirajr.com.br\/#\/schema\/logo\/image\/"}}]}},"_links":{"self":[{"href":"https:\/\/deputadotaveirajr.com.br\/index.php\/wp-json\/wp\/v2\/pages\/4807","targetHints":{"allow":["GET"]}}],"collection":[{"href":"https:\/\/deputadotaveirajr.com.br\/index.php\/wp-json\/wp\/v2\/pages"}],"about":[{"href":"https:\/\/deputadotaveirajr.com.br\/index.php\/wp-json\/wp\/v2\/types\/page"}],"replies":[{"embeddable":true,"href":"https:\/\/deputadotaveirajr.com.br\/index.php\/wp-json\/wp\/v2\/comments?post=4807"}],"version-history":[{"count":1,"href":"https:\/\/deputadotaveirajr.com.br\/index.php\/wp-json\/wp\/v2\/pages\/4807\/revisions"}],"predecessor-version":[{"id":4812,"href":"https:\/\/deputadotaveirajr.com.br\/index.php\/wp-json\/wp\/v2\/pages\/4807\/revisions\/4812"}],"wp:featuredmedia":[{"embeddable":true,"href":"https:\/\/deputadotaveirajr.com.br\/index.php\/wp-json\/wp\/v2\/media\/4808"}],"wp:attachment":[{"href":"https:\/\/deputadotaveirajr.com.br\/index.php\/wp-json\/wp\/v2\/media?parent=4807"}],"curies":[{"name":"wp","href":"https:\/\/api.w.org\/{rel}","templated":true}]}}