{"id":4839,"date":"2024-03-29T22:34:17","date_gmt":"2024-03-30T01:34:17","guid":{"rendered":"https:\/\/deputadotaveirajr.com.br\/?page_id=4839"},"modified":"2024-03-29T22:34:17","modified_gmt":"2024-03-30T01:34:17","slug":"gastos-com-buscas-por-fugitivos-de-mossoro-passam-de-r-2-milhoes","status":"publish","type":"page","link":"https:\/\/deputadotaveirajr.com.br\/index.php\/gastos-com-buscas-por-fugitivos-de-mossoro-passam-de-r-2-milhoes\/","title":{"rendered":"Gastos com buscas por fugitivos de Mossor\u00f3 passam de R$ 2 milh\u00f5es"},"content":{"rendered":"<p>     Criminosos escaparam de Pres\u00eddio Federal h\u00e1 45 dias e ainda n\u00e3o foram encontrados. For\u00e7a Nacional deixa de integrar buscas a partir desta sexta-feira (29). Gastos com buscas por fugitivos de Mossor\u00f3 passam de R$ 2 milh\u00f5es<br \/>\nAs buscas pelos dois fugitivos da Penitenci\u00e1ria Federal de Mossor\u00f3, que j\u00e1 duram 45 dias, e os gastos da opera\u00e7\u00e3o que envolveu mais de 600 agendas da Pol\u00edcia Federal (PF), Secretaria Nacional de Pol\u00edticas Penais (Senappen) e a For\u00e7a Nacional passam de R$ 2,1 milh\u00f5es neste per\u00edodo.<br \/>\nRog\u00e9rio Mendon\u00e7a e Deibson Nascimento est\u00e3o foragidos desde 14 de fevereiro, quando abriram passagem por um buraco atr\u00e1s de uma lumin\u00e1ria do pres\u00eddio e cortaram duas cercas de arame usando ferramentas de uma obra que ocorria no local para escapar. Foi a primeira fuga na hist\u00f3ria do sistema penitenci\u00e1rio federal desde a cria\u00e7\u00e3o em 2006.<br \/>\nUm levantamento feito pela GloboNews, por meio de dados obtidos pelos tr\u00eas \u00f3rg\u00e3os, mostra os valores gastos para a tentativa de recaptura.<br \/>\nPol\u00edcia Federal: R$ 497.812<br \/>\nSenappen: 372.218,62<br \/>\nFor\u00e7a Nacional: 1.245.549<br \/>\nTotal: 2.115.579<br \/>\nNo levantamento, a PF divulgou gastos totais de R$ 493.162 e uma di\u00e1ria de combust\u00edvel de aeronave, o que deu o total de R$ 497.812. J\u00e1 a presta\u00e7\u00e3o de contas da Senappen apontam R$ 114.606 gastos em passagens, R$ 205.607 em di\u00e1rias e R$ 52.005 com combust\u00edvel. Os gastos da For\u00e7a Nacional envolvem R$ 1.026.188 em di\u00e1rias, R$ 115.446 com frota e R$ 103.914 em plano de sa\u00fade.<br \/>\nNo levantamento da GloboNews, n\u00e3o foi considerado sal\u00e1rios dos agentes envolvidos nas buscas nem custos como alimenta\u00e7\u00e3o, por exemplo.<br \/>\nEsta sexta (29) marca o \u00faltimo dia do uso da For\u00e7a Nacional nas buscas pelos fugitivos. O uso da For\u00e7a Nacional havia sido renovado, em 20 de mar\u00e7o, por 10 dias. A For\u00e7a Nacional \u00e9 composta por policiais e bombeiros militares, al\u00e9m de policiais civis e peritos.<br \/>\nDe acordo com a Senappen, as pr\u00f3ximas a\u00e7\u00f5es na opera\u00e7\u00e3o em busca dos fugitivos ter\u00e3o um mudan\u00e7a de estrat\u00e9gia, com o uso das for\u00e7as locais, como as pol\u00edcias Militar, Civil e Judici\u00e1ria. Segundo o titular da Senappen, a Pol\u00edcia Federal tamb\u00e9m manter\u00e1 a investiga\u00e7\u00e3o.<br \/>\nA fuga<br \/>\nRog\u00e9rio e Deibson fugiram da Penitenci\u00e1ria Federal de Mossor\u00f3 no dia 14 de fevereiro, Quarta-Feira de Cinzas. Os dois presos, originalmente do Acre, estavam na unidade desde setembro de 2023 e s\u00e3o do Comando Vermelho.<br \/>\nEsta foi a primeira fuga registrada na hist\u00f3ria do sistema penitenci\u00e1rio federal, que inclui ainda penitenci\u00e1rias em Bras\u00edlia (DF), Catanduvas (PR), Campo Grande (MS) e Porto Velho (RO).<br \/>\nPasso a passo dos criminosos em fuga<br \/>\nArte: g1<\/p>","protected":false},"excerpt":{"rendered":"<p>Criminosos escaparam de Pres\u00eddio Federal h\u00e1 45 dias e ainda n\u00e3o foram encontrados. For\u00e7a Nacional deixa de integrar buscas a partir desta sexta-feira (29). Gastos com buscas por fugitivos de &#8230;<\/p>\n","protected":false},"author":0,"featured_media":4840,"parent":0,"menu_order":0,"comment_status":"closed","ping_status":"closed","template":"","meta":{"footnotes":""},"class_list":["post-4839","page","type-page","status-publish","has-post-thumbnail","hentry"],"yoast_head":"<!-- This site is optimized with the Yoast SEO plugin v27.1.1 - https:\/\/yoast.com\/product\/yoast-seo-wordpress\/ -->\n<title>Gastos com buscas por fugitivos de Mossor\u00f3 passam de R$ 2 milh\u00f5es - Taveira Jr<\/title>\n<meta name=\"robots\" content=\"index, follow, max-snippet:-1, max-image-preview:large, max-video-preview:-1\" \/>\n<link rel=\"canonical\" href=\"https:\/\/deputadotaveirajr.com.br\/index.php\/gastos-com-buscas-por-fugitivos-de-mossoro-passam-de-r-2-milhoes\/\" \/>\n<meta property=\"og:locale\" content=\"pt_BR\" \/>\n<meta property=\"og:type\" content=\"article\" \/>\n<meta property=\"og:title\" content=\"Gastos com buscas por fugitivos de Mossor\u00f3 passam de R$ 2 milh\u00f5es - Taveira Jr\" \/>\n<meta property=\"og:description\" content=\"Criminosos escaparam de Pres\u00eddio Federal h\u00e1 45 dias e ainda n\u00e3o foram encontrados. For\u00e7a Nacional deixa de integrar buscas a partir desta sexta-feira (29). Gastos com buscas por fugitivos de ...\" \/>\n<meta property=\"og:url\" content=\"https:\/\/deputadotaveirajr.com.br\/index.php\/gastos-com-buscas-por-fugitivos-de-mossoro-passam-de-r-2-milhoes\/\" \/>\n<meta property=\"og:site_name\" content=\"Taveira Jr\" \/>\n<meta property=\"og:image\" content=\"https:\/\/deputadotaveirajr.com.br\/wp-content\/uploads\/2024\/03\/info-presidio-mossoro-novo-v12-qTJlBP-scaled.jpeg\" \/>\n\t<meta property=\"og:image:width\" content=\"315\" \/>\n\t<meta property=\"og:image:height\" content=\"2560\" \/>\n\t<meta property=\"og:image:type\" content=\"image\/jpeg\" \/>\n<meta name=\"twitter:card\" content=\"summary_large_image\" \/>\n<meta name=\"twitter:label1\" content=\"Est. tempo de leitura\" \/>\n\t<meta name=\"twitter:data1\" content=\"2 minutos\" \/>\n<script type=\"application\/ld+json\" class=\"yoast-schema-graph\">{\"@context\":\"https:\/\/schema.org\",\"@graph\":[{\"@type\":\"WebPage\",\"@id\":\"https:\/\/deputadotaveirajr.com.br\/index.php\/gastos-com-buscas-por-fugitivos-de-mossoro-passam-de-r-2-milhoes\/\",\"url\":\"https:\/\/deputadotaveirajr.com.br\/index.php\/gastos-com-buscas-por-fugitivos-de-mossoro-passam-de-r-2-milhoes\/\",\"name\":\"Gastos com buscas por fugitivos de Mossor\u00f3 passam de R$ 2 milh\u00f5es - Taveira Jr\",\"isPartOf\":{\"@id\":\"https:\/\/deputadotaveirajr.com.br\/#website\"},\"primaryImageOfPage\":{\"@id\":\"https:\/\/deputadotaveirajr.com.br\/index.php\/gastos-com-buscas-por-fugitivos-de-mossoro-passam-de-r-2-milhoes\/#primaryimage\"},\"image\":{\"@id\":\"https:\/\/deputadotaveirajr.com.br\/index.php\/gastos-com-buscas-por-fugitivos-de-mossoro-passam-de-r-2-milhoes\/#primaryimage\"},\"thumbnailUrl\":\"https:\/\/deputadotaveirajr.com.br\/wp-content\/uploads\/2024\/03\/info-presidio-mossoro-novo-v12-qTJlBP-scaled.jpeg\",\"datePublished\":\"2024-03-30T01:34:17+00:00\",\"breadcrumb\":{\"@id\":\"https:\/\/deputadotaveirajr.com.br\/index.php\/gastos-com-buscas-por-fugitivos-de-mossoro-passam-de-r-2-milhoes\/#breadcrumb\"},\"inLanguage\":\"pt-BR\",\"potentialAction\":[{\"@type\":\"ReadAction\",\"target\":[\"https:\/\/deputadotaveirajr.com.br\/index.php\/gastos-com-buscas-por-fugitivos-de-mossoro-passam-de-r-2-milhoes\/\"]}]},{\"@type\":\"ImageObject\",\"inLanguage\":\"pt-BR\",\"@id\":\"https:\/\/deputadotaveirajr.com.br\/index.php\/gastos-com-buscas-por-fugitivos-de-mossoro-passam-de-r-2-milhoes\/#primaryimage\",\"url\":\"https:\/\/deputadotaveirajr.com.br\/wp-content\/uploads\/2024\/03\/info-presidio-mossoro-novo-v12-qTJlBP-scaled.jpeg\",\"contentUrl\":\"https:\/\/deputadotaveirajr.com.br\/wp-content\/uploads\/2024\/03\/info-presidio-mossoro-novo-v12-qTJlBP-scaled.jpeg\",\"width\":315,\"height\":2560},{\"@type\":\"BreadcrumbList\",\"@id\":\"https:\/\/deputadotaveirajr.com.br\/index.php\/gastos-com-buscas-por-fugitivos-de-mossoro-passam-de-r-2-milhoes\/#breadcrumb\",\"itemListElement\":[{\"@type\":\"ListItem\",\"position\":1,\"name\":\"In\u00edcio\",\"item\":\"https:\/\/deputadotaveirajr.com.br\/\"},{\"@type\":\"ListItem\",\"position\":2,\"name\":\"Gastos com buscas por fugitivos de Mossor\u00f3 passam de R$ 2 milh\u00f5es\"}]},{\"@type\":\"WebSite\",\"@id\":\"https:\/\/deputadotaveirajr.com.br\/#website\",\"url\":\"https:\/\/deputadotaveirajr.com.br\/\",\"name\":\"Taveira Jr\",\"description\":\"Deputado Estadual\",\"publisher\":{\"@id\":\"https:\/\/deputadotaveirajr.com.br\/#organization\"},\"potentialAction\":[{\"@type\":\"SearchAction\",\"target\":{\"@type\":\"EntryPoint\",\"urlTemplate\":\"https:\/\/deputadotaveirajr.com.br\/?s={search_term_string}\"},\"query-input\":{\"@type\":\"PropertyValueSpecification\",\"valueRequired\":true,\"valueName\":\"search_term_string\"}}],\"inLanguage\":\"pt-BR\"},{\"@type\":\"Organization\",\"@id\":\"https:\/\/deputadotaveirajr.com.br\/#organization\",\"name\":\"Taveira Jr\",\"url\":\"https:\/\/deputadotaveirajr.com.br\/\",\"logo\":{\"@type\":\"ImageObject\",\"inLanguage\":\"pt-BR\",\"@id\":\"https:\/\/deputadotaveirajr.com.br\/#\/schema\/logo\/image\/\",\"url\":\"https:\/\/deputadotaveirajr.com.br\/wp-content\/uploads\/2026\/01\/logolow2a.png\",\"contentUrl\":\"https:\/\/deputadotaveirajr.com.br\/wp-content\/uploads\/2026\/01\/logolow2a.png\",\"width\":290,\"height\":80,\"caption\":\"Taveira Jr\"},\"image\":{\"@id\":\"https:\/\/deputadotaveirajr.com.br\/#\/schema\/logo\/image\/\"}}]}<\/script>\n<!-- \/ Yoast SEO plugin. -->","yoast_head_json":{"title":"Gastos com buscas por fugitivos de Mossor\u00f3 passam de R$ 2 milh\u00f5es - Taveira Jr","robots":{"index":"index","follow":"follow","max-snippet":"max-snippet:-1","max-image-preview":"max-image-preview:large","max-video-preview":"max-video-preview:-1"},"canonical":"https:\/\/deputadotaveirajr.com.br\/index.php\/gastos-com-buscas-por-fugitivos-de-mossoro-passam-de-r-2-milhoes\/","og_locale":"pt_BR","og_type":"article","og_title":"Gastos com buscas por fugitivos de Mossor\u00f3 passam de R$ 2 milh\u00f5es - Taveira Jr","og_description":"Criminosos escaparam de Pres\u00eddio Federal h\u00e1 45 dias e ainda n\u00e3o foram encontrados. For\u00e7a Nacional deixa de integrar buscas a partir desta sexta-feira (29). Gastos com buscas por fugitivos de ...","og_url":"https:\/\/deputadotaveirajr.com.br\/index.php\/gastos-com-buscas-por-fugitivos-de-mossoro-passam-de-r-2-milhoes\/","og_site_name":"Taveira Jr","og_image":[{"width":315,"height":2560,"url":"https:\/\/deputadotaveirajr.com.br\/wp-content\/uploads\/2024\/03\/info-presidio-mossoro-novo-v12-qTJlBP-scaled.jpeg","type":"image\/jpeg"}],"twitter_card":"summary_large_image","twitter_misc":{"Est. tempo de leitura":"2 minutos"},"schema":{"@context":"https:\/\/schema.org","@graph":[{"@type":"WebPage","@id":"https:\/\/deputadotaveirajr.com.br\/index.php\/gastos-com-buscas-por-fugitivos-de-mossoro-passam-de-r-2-milhoes\/","url":"https:\/\/deputadotaveirajr.com.br\/index.php\/gastos-com-buscas-por-fugitivos-de-mossoro-passam-de-r-2-milhoes\/","name":"Gastos com buscas por fugitivos de Mossor\u00f3 passam de R$ 2 milh\u00f5es - Taveira Jr","isPartOf":{"@id":"https:\/\/deputadotaveirajr.com.br\/#website"},"primaryImageOfPage":{"@id":"https:\/\/deputadotaveirajr.com.br\/index.php\/gastos-com-buscas-por-fugitivos-de-mossoro-passam-de-r-2-milhoes\/#primaryimage"},"image":{"@id":"https:\/\/deputadotaveirajr.com.br\/index.php\/gastos-com-buscas-por-fugitivos-de-mossoro-passam-de-r-2-milhoes\/#primaryimage"},"thumbnailUrl":"https:\/\/deputadotaveirajr.com.br\/wp-content\/uploads\/2024\/03\/info-presidio-mossoro-novo-v12-qTJlBP-scaled.jpeg","datePublished":"2024-03-30T01:34:17+00:00","breadcrumb":{"@id":"https:\/\/deputadotaveirajr.com.br\/index.php\/gastos-com-buscas-por-fugitivos-de-mossoro-passam-de-r-2-milhoes\/#breadcrumb"},"inLanguage":"pt-BR","potentialAction":[{"@type":"ReadAction","target":["https:\/\/deputadotaveirajr.com.br\/index.php\/gastos-com-buscas-por-fugitivos-de-mossoro-passam-de-r-2-milhoes\/"]}]},{"@type":"ImageObject","inLanguage":"pt-BR","@id":"https:\/\/deputadotaveirajr.com.br\/index.php\/gastos-com-buscas-por-fugitivos-de-mossoro-passam-de-r-2-milhoes\/#primaryimage","url":"https:\/\/deputadotaveirajr.com.br\/wp-content\/uploads\/2024\/03\/info-presidio-mossoro-novo-v12-qTJlBP-scaled.jpeg","contentUrl":"https:\/\/deputadotaveirajr.com.br\/wp-content\/uploads\/2024\/03\/info-presidio-mossoro-novo-v12-qTJlBP-scaled.jpeg","width":315,"height":2560},{"@type":"BreadcrumbList","@id":"https:\/\/deputadotaveirajr.com.br\/index.php\/gastos-com-buscas-por-fugitivos-de-mossoro-passam-de-r-2-milhoes\/#breadcrumb","itemListElement":[{"@type":"ListItem","position":1,"name":"In\u00edcio","item":"https:\/\/deputadotaveirajr.com.br\/"},{"@type":"ListItem","position":2,"name":"Gastos com buscas por fugitivos de Mossor\u00f3 passam de R$ 2 milh\u00f5es"}]},{"@type":"WebSite","@id":"https:\/\/deputadotaveirajr.com.br\/#website","url":"https:\/\/deputadotaveirajr.com.br\/","name":"Taveira Jr","description":"Deputado Estadual","publisher":{"@id":"https:\/\/deputadotaveirajr.com.br\/#organization"},"potentialAction":[{"@type":"SearchAction","target":{"@type":"EntryPoint","urlTemplate":"https:\/\/deputadotaveirajr.com.br\/?s={search_term_string}"},"query-input":{"@type":"PropertyValueSpecification","valueRequired":true,"valueName":"search_term_string"}}],"inLanguage":"pt-BR"},{"@type":"Organization","@id":"https:\/\/deputadotaveirajr.com.br\/#organization","name":"Taveira Jr","url":"https:\/\/deputadotaveirajr.com.br\/","logo":{"@type":"ImageObject","inLanguage":"pt-BR","@id":"https:\/\/deputadotaveirajr.com.br\/#\/schema\/logo\/image\/","url":"https:\/\/deputadotaveirajr.com.br\/wp-content\/uploads\/2026\/01\/logolow2a.png","contentUrl":"https:\/\/deputadotaveirajr.com.br\/wp-content\/uploads\/2026\/01\/logolow2a.png","width":290,"height":80,"caption":"Taveira Jr"},"image":{"@id":"https:\/\/deputadotaveirajr.com.br\/#\/schema\/logo\/image\/"}}]}},"_links":{"self":[{"href":"https:\/\/deputadotaveirajr.com.br\/index.php\/wp-json\/wp\/v2\/pages\/4839","targetHints":{"allow":["GET"]}}],"collection":[{"href":"https:\/\/deputadotaveirajr.com.br\/index.php\/wp-json\/wp\/v2\/pages"}],"about":[{"href":"https:\/\/deputadotaveirajr.com.br\/index.php\/wp-json\/wp\/v2\/types\/page"}],"replies":[{"embeddable":true,"href":"https:\/\/deputadotaveirajr.com.br\/index.php\/wp-json\/wp\/v2\/comments?post=4839"}],"version-history":[{"count":1,"href":"https:\/\/deputadotaveirajr.com.br\/index.php\/wp-json\/wp\/v2\/pages\/4839\/revisions"}],"predecessor-version":[{"id":4842,"href":"https:\/\/deputadotaveirajr.com.br\/index.php\/wp-json\/wp\/v2\/pages\/4839\/revisions\/4842"}],"wp:featuredmedia":[{"embeddable":true,"href":"https:\/\/deputadotaveirajr.com.br\/index.php\/wp-json\/wp\/v2\/media\/4840"}],"wp:attachment":[{"href":"https:\/\/deputadotaveirajr.com.br\/index.php\/wp-json\/wp\/v2\/media?parent=4839"}],"curies":[{"name":"wp","href":"https:\/\/api.w.org\/{rel}","templated":true}]}}