{"id":4848,"date":"2024-03-30T14:26:11","date_gmt":"2024-03-30T17:26:11","guid":{"rendered":"https:\/\/deputadotaveirajr.com.br\/?page_id=4848"},"modified":"2024-03-30T14:26:11","modified_gmt":"2024-03-30T17:26:11","slug":"estudantes-potiguares-criam-aplicativo-para-dar-suporte-a-pacientes-com-doencas-renais","status":"publish","type":"page","link":"https:\/\/deputadotaveirajr.com.br\/index.php\/estudantes-potiguares-criam-aplicativo-para-dar-suporte-a-pacientes-com-doencas-renais\/","title":{"rendered":"Estudantes potiguares criam aplicativo para dar suporte a pacientes com doen\u00e7as renais"},"content":{"rendered":"<p>     Dispositivo acompanha a evolu\u00e7\u00e3o cl\u00ednica dos pacientes na etapa do p\u00f3s-tratamento de hemodi\u00e1lise. Estudantes de uma universidade particular de Natal criaram um aplicativo para celular que pretende tornar mais eficiente o acompanhamento de pacientes com Doen\u00e7as Renais Cr\u00f4nicas (DRC).<br \/>\nA ferramenta foi pensada para acompanhar a evolu\u00e7\u00e3o cl\u00ednica dos pacientes na etapa do p\u00f3s-tratamento de hemodi\u00e1lise, e oferece acesso a diagn\u00f3sticos, dicas de sa\u00fade, consultas on-line, v\u00eddeos instrutivos sobre cuidados pessoais e procedimentos relacionados ao tratamento de di\u00e1lise.<br \/>\nEstudantes potiguares criam aplicativo para pacientes com doen\u00e7as renais<br \/>\nRovena Rosa\/Ag\u00eancia Brasil<br \/>\nO idealizador do Nefrontec \u00e9 o estudante de Enfermagem da Universidade Potiguar, Lucas Santos, de 23 anos. &#8220;Pensar em formas de diminuir as complica\u00e7\u00f5es ligadas ao tratamento de hemodi\u00e1lise, especialmente para os indiv\u00edduos que fazem o procedimento em suas resid\u00eancias, foi uma grande motiva\u00e7\u00e3o&#8221;, conta.<br \/>\nO aplicativo pode garantir maior seguran\u00e7a e conforto aos pacientes que vivem em \u00e1reas rurais ou distantes dos centros m\u00e9dicos, atrav\u00e9s do suporte remoto oferecido 24 horas, evitando a necessidade de deslocamentos frequentes para atualiza\u00e7\u00f5es do seu estado de sa\u00fade.<br \/>\n&#8220;O procedimento de hemodi\u00e1lise pode ser cansativo e, frequentemente, os pacientes lidam com problemas sem a presen\u00e7a direta de cuidadores. Diante deste cen\u00e1rio, senti que era urgente a cria\u00e7\u00e3o de uma ferramenta que possibilitasse o monitoramento remoto dos pacientes, detectando potenciais complica\u00e7\u00f5es e oferecendo um apoio mais completo&#8221;, destacou Lucas Santos.<br \/>\nA ferramenta ganhou destaque na edi\u00e7\u00e3o de m\u00eas de mar\u00e7o da revista Research, Society and Development (Pesquisa, Sociedade e Desenvolvimento, em tradu\u00e7\u00e3o livre). O peri\u00f3dico possui excel\u00eancia internacional, de acordo com o Conselho Nacional de Desenvolvimento Cient\u00edfico e Tecnol\u00f3gico (CNPQ).<br \/>\nSob orienta\u00e7\u00e3o da professora Vera L\u00facia Morais da Silva, o projeto contou com a participa\u00e7\u00e3o de outros seis alunos: Samuel Paranhos, 25 anos, Fabielle Gimenes, 21 anos, Erivan Filho, 20 anos, Victor Gustavo Castro, 21 anos &#8211; sendo os quatro de Enfermagem; Helo\u00edsa Matias, 20 anos, de Medicina; e Marta Marqu\u00eas, 40 anos, de Farm\u00e1cia.<br \/>\nAtualmente, o Nefrontec opera em formato de prot\u00f3tipo. Recentemente, o app foi testado para simula\u00e7\u00e3o com 10 pacientes e, segundo os respons\u00e1veis, obteve n\u00edvel satisfat\u00f3rio. As pr\u00f3ximas fases do desenvolvimento, ainda em est\u00e1gio de aperfei\u00e7oamento, ser\u00e3o focadas em viabilizar a cria\u00e7\u00e3o de um produto comercializ\u00e1vel.<br \/>\nVeja os v\u00eddeos mais assistidos no g1 RN<br \/>\n,<\/p>","protected":false},"excerpt":{"rendered":"<p>Dispositivo acompanha a evolu\u00e7\u00e3o cl\u00ednica dos pacientes na etapa do p\u00f3s-tratamento de hemodi\u00e1lise. Estudantes de uma universidade particular de Natal criaram um aplicativo para celular que pretende tornar mais eficiente &#8230;<\/p>\n","protected":false},"author":0,"featured_media":4849,"parent":0,"menu_order":0,"comment_status":"closed","ping_status":"closed","template":"","meta":{"footnotes":""},"class_list":["post-4848","page","type-page","status-publish","has-post-thumbnail","hentry"],"yoast_head":"<!-- This site is optimized with the Yoast SEO plugin v27.1.1 - https:\/\/yoast.com\/product\/yoast-seo-wordpress\/ -->\n<title>Estudantes potiguares criam aplicativo para dar suporte a pacientes com doen\u00e7as renais - Taveira Jr<\/title>\n<meta name=\"robots\" content=\"index, follow, max-snippet:-1, max-image-preview:large, max-video-preview:-1\" \/>\n<link rel=\"canonical\" href=\"https:\/\/deputadotaveirajr.com.br\/index.php\/estudantes-potiguares-criam-aplicativo-para-dar-suporte-a-pacientes-com-doencas-renais\/\" \/>\n<meta property=\"og:locale\" content=\"pt_BR\" \/>\n<meta property=\"og:type\" content=\"article\" \/>\n<meta property=\"og:title\" content=\"Estudantes potiguares criam aplicativo para dar suporte a pacientes com doen\u00e7as renais - Taveira Jr\" \/>\n<meta property=\"og:description\" content=\"Dispositivo acompanha a evolu\u00e7\u00e3o cl\u00ednica dos pacientes na etapa do p\u00f3s-tratamento de hemodi\u00e1lise. Estudantes de uma universidade particular de Natal criaram um aplicativo para celular que pretende tornar mais eficiente ...\" \/>\n<meta property=\"og:url\" content=\"https:\/\/deputadotaveirajr.com.br\/index.php\/estudantes-potiguares-criam-aplicativo-para-dar-suporte-a-pacientes-com-doencas-renais\/\" \/>\n<meta property=\"og:site_name\" content=\"Taveira Jr\" \/>\n<meta property=\"og:image\" content=\"https:\/\/deputadotaveirajr.com.br\/wp-content\/uploads\/2024\/03\/hemodialise-foto-rovena-rosa-agencia-brasil-cV1Mtu.jpeg\" \/>\n\t<meta property=\"og:image:width\" content=\"675\" \/>\n\t<meta property=\"og:image:height\" content=\"450\" \/>\n\t<meta property=\"og:image:type\" content=\"image\/jpeg\" \/>\n<meta name=\"twitter:card\" content=\"summary_large_image\" \/>\n<meta name=\"twitter:label1\" content=\"Est. tempo de leitura\" \/>\n\t<meta name=\"twitter:data1\" content=\"2 minutos\" \/>\n<script type=\"application\/ld+json\" class=\"yoast-schema-graph\">{\"@context\":\"https:\/\/schema.org\",\"@graph\":[{\"@type\":\"WebPage\",\"@id\":\"https:\/\/deputadotaveirajr.com.br\/index.php\/estudantes-potiguares-criam-aplicativo-para-dar-suporte-a-pacientes-com-doencas-renais\/\",\"url\":\"https:\/\/deputadotaveirajr.com.br\/index.php\/estudantes-potiguares-criam-aplicativo-para-dar-suporte-a-pacientes-com-doencas-renais\/\",\"name\":\"Estudantes potiguares criam aplicativo para dar suporte a pacientes com doen\u00e7as renais - Taveira Jr\",\"isPartOf\":{\"@id\":\"https:\/\/deputadotaveirajr.com.br\/#website\"},\"primaryImageOfPage\":{\"@id\":\"https:\/\/deputadotaveirajr.com.br\/index.php\/estudantes-potiguares-criam-aplicativo-para-dar-suporte-a-pacientes-com-doencas-renais\/#primaryimage\"},\"image\":{\"@id\":\"https:\/\/deputadotaveirajr.com.br\/index.php\/estudantes-potiguares-criam-aplicativo-para-dar-suporte-a-pacientes-com-doencas-renais\/#primaryimage\"},\"thumbnailUrl\":\"https:\/\/deputadotaveirajr.com.br\/wp-content\/uploads\/2024\/03\/hemodialise-foto-rovena-rosa-agencia-brasil-cV1Mtu.jpeg\",\"datePublished\":\"2024-03-30T17:26:11+00:00\",\"breadcrumb\":{\"@id\":\"https:\/\/deputadotaveirajr.com.br\/index.php\/estudantes-potiguares-criam-aplicativo-para-dar-suporte-a-pacientes-com-doencas-renais\/#breadcrumb\"},\"inLanguage\":\"pt-BR\",\"potentialAction\":[{\"@type\":\"ReadAction\",\"target\":[\"https:\/\/deputadotaveirajr.com.br\/index.php\/estudantes-potiguares-criam-aplicativo-para-dar-suporte-a-pacientes-com-doencas-renais\/\"]}]},{\"@type\":\"ImageObject\",\"inLanguage\":\"pt-BR\",\"@id\":\"https:\/\/deputadotaveirajr.com.br\/index.php\/estudantes-potiguares-criam-aplicativo-para-dar-suporte-a-pacientes-com-doencas-renais\/#primaryimage\",\"url\":\"https:\/\/deputadotaveirajr.com.br\/wp-content\/uploads\/2024\/03\/hemodialise-foto-rovena-rosa-agencia-brasil-cV1Mtu.jpeg\",\"contentUrl\":\"https:\/\/deputadotaveirajr.com.br\/wp-content\/uploads\/2024\/03\/hemodialise-foto-rovena-rosa-agencia-brasil-cV1Mtu.jpeg\",\"width\":675,\"height\":450},{\"@type\":\"BreadcrumbList\",\"@id\":\"https:\/\/deputadotaveirajr.com.br\/index.php\/estudantes-potiguares-criam-aplicativo-para-dar-suporte-a-pacientes-com-doencas-renais\/#breadcrumb\",\"itemListElement\":[{\"@type\":\"ListItem\",\"position\":1,\"name\":\"In\u00edcio\",\"item\":\"https:\/\/deputadotaveirajr.com.br\/\"},{\"@type\":\"ListItem\",\"position\":2,\"name\":\"Estudantes potiguares criam aplicativo para dar suporte a pacientes com doen\u00e7as renais\"}]},{\"@type\":\"WebSite\",\"@id\":\"https:\/\/deputadotaveirajr.com.br\/#website\",\"url\":\"https:\/\/deputadotaveirajr.com.br\/\",\"name\":\"Taveira Jr\",\"description\":\"Deputado Estadual\",\"publisher\":{\"@id\":\"https:\/\/deputadotaveirajr.com.br\/#organization\"},\"potentialAction\":[{\"@type\":\"SearchAction\",\"target\":{\"@type\":\"EntryPoint\",\"urlTemplate\":\"https:\/\/deputadotaveirajr.com.br\/?s={search_term_string}\"},\"query-input\":{\"@type\":\"PropertyValueSpecification\",\"valueRequired\":true,\"valueName\":\"search_term_string\"}}],\"inLanguage\":\"pt-BR\"},{\"@type\":\"Organization\",\"@id\":\"https:\/\/deputadotaveirajr.com.br\/#organization\",\"name\":\"Taveira Jr\",\"url\":\"https:\/\/deputadotaveirajr.com.br\/\",\"logo\":{\"@type\":\"ImageObject\",\"inLanguage\":\"pt-BR\",\"@id\":\"https:\/\/deputadotaveirajr.com.br\/#\/schema\/logo\/image\/\",\"url\":\"https:\/\/deputadotaveirajr.com.br\/wp-content\/uploads\/2026\/01\/logolow2a.png\",\"contentUrl\":\"https:\/\/deputadotaveirajr.com.br\/wp-content\/uploads\/2026\/01\/logolow2a.png\",\"width\":290,\"height\":80,\"caption\":\"Taveira Jr\"},\"image\":{\"@id\":\"https:\/\/deputadotaveirajr.com.br\/#\/schema\/logo\/image\/\"}}]}<\/script>\n<!-- \/ Yoast SEO plugin. -->","yoast_head_json":{"title":"Estudantes potiguares criam aplicativo para dar suporte a pacientes com doen\u00e7as renais - Taveira Jr","robots":{"index":"index","follow":"follow","max-snippet":"max-snippet:-1","max-image-preview":"max-image-preview:large","max-video-preview":"max-video-preview:-1"},"canonical":"https:\/\/deputadotaveirajr.com.br\/index.php\/estudantes-potiguares-criam-aplicativo-para-dar-suporte-a-pacientes-com-doencas-renais\/","og_locale":"pt_BR","og_type":"article","og_title":"Estudantes potiguares criam aplicativo para dar suporte a pacientes com doen\u00e7as renais - Taveira Jr","og_description":"Dispositivo acompanha a evolu\u00e7\u00e3o cl\u00ednica dos pacientes na etapa do p\u00f3s-tratamento de hemodi\u00e1lise. Estudantes de uma universidade particular de Natal criaram um aplicativo para celular que pretende tornar mais eficiente ...","og_url":"https:\/\/deputadotaveirajr.com.br\/index.php\/estudantes-potiguares-criam-aplicativo-para-dar-suporte-a-pacientes-com-doencas-renais\/","og_site_name":"Taveira Jr","og_image":[{"width":675,"height":450,"url":"https:\/\/deputadotaveirajr.com.br\/wp-content\/uploads\/2024\/03\/hemodialise-foto-rovena-rosa-agencia-brasil-cV1Mtu.jpeg","type":"image\/jpeg"}],"twitter_card":"summary_large_image","twitter_misc":{"Est. tempo de leitura":"2 minutos"},"schema":{"@context":"https:\/\/schema.org","@graph":[{"@type":"WebPage","@id":"https:\/\/deputadotaveirajr.com.br\/index.php\/estudantes-potiguares-criam-aplicativo-para-dar-suporte-a-pacientes-com-doencas-renais\/","url":"https:\/\/deputadotaveirajr.com.br\/index.php\/estudantes-potiguares-criam-aplicativo-para-dar-suporte-a-pacientes-com-doencas-renais\/","name":"Estudantes potiguares criam aplicativo para dar suporte a pacientes com doen\u00e7as renais - Taveira Jr","isPartOf":{"@id":"https:\/\/deputadotaveirajr.com.br\/#website"},"primaryImageOfPage":{"@id":"https:\/\/deputadotaveirajr.com.br\/index.php\/estudantes-potiguares-criam-aplicativo-para-dar-suporte-a-pacientes-com-doencas-renais\/#primaryimage"},"image":{"@id":"https:\/\/deputadotaveirajr.com.br\/index.php\/estudantes-potiguares-criam-aplicativo-para-dar-suporte-a-pacientes-com-doencas-renais\/#primaryimage"},"thumbnailUrl":"https:\/\/deputadotaveirajr.com.br\/wp-content\/uploads\/2024\/03\/hemodialise-foto-rovena-rosa-agencia-brasil-cV1Mtu.jpeg","datePublished":"2024-03-30T17:26:11+00:00","breadcrumb":{"@id":"https:\/\/deputadotaveirajr.com.br\/index.php\/estudantes-potiguares-criam-aplicativo-para-dar-suporte-a-pacientes-com-doencas-renais\/#breadcrumb"},"inLanguage":"pt-BR","potentialAction":[{"@type":"ReadAction","target":["https:\/\/deputadotaveirajr.com.br\/index.php\/estudantes-potiguares-criam-aplicativo-para-dar-suporte-a-pacientes-com-doencas-renais\/"]}]},{"@type":"ImageObject","inLanguage":"pt-BR","@id":"https:\/\/deputadotaveirajr.com.br\/index.php\/estudantes-potiguares-criam-aplicativo-para-dar-suporte-a-pacientes-com-doencas-renais\/#primaryimage","url":"https:\/\/deputadotaveirajr.com.br\/wp-content\/uploads\/2024\/03\/hemodialise-foto-rovena-rosa-agencia-brasil-cV1Mtu.jpeg","contentUrl":"https:\/\/deputadotaveirajr.com.br\/wp-content\/uploads\/2024\/03\/hemodialise-foto-rovena-rosa-agencia-brasil-cV1Mtu.jpeg","width":675,"height":450},{"@type":"BreadcrumbList","@id":"https:\/\/deputadotaveirajr.com.br\/index.php\/estudantes-potiguares-criam-aplicativo-para-dar-suporte-a-pacientes-com-doencas-renais\/#breadcrumb","itemListElement":[{"@type":"ListItem","position":1,"name":"In\u00edcio","item":"https:\/\/deputadotaveirajr.com.br\/"},{"@type":"ListItem","position":2,"name":"Estudantes potiguares criam aplicativo para dar suporte a pacientes com doen\u00e7as renais"}]},{"@type":"WebSite","@id":"https:\/\/deputadotaveirajr.com.br\/#website","url":"https:\/\/deputadotaveirajr.com.br\/","name":"Taveira Jr","description":"Deputado Estadual","publisher":{"@id":"https:\/\/deputadotaveirajr.com.br\/#organization"},"potentialAction":[{"@type":"SearchAction","target":{"@type":"EntryPoint","urlTemplate":"https:\/\/deputadotaveirajr.com.br\/?s={search_term_string}"},"query-input":{"@type":"PropertyValueSpecification","valueRequired":true,"valueName":"search_term_string"}}],"inLanguage":"pt-BR"},{"@type":"Organization","@id":"https:\/\/deputadotaveirajr.com.br\/#organization","name":"Taveira Jr","url":"https:\/\/deputadotaveirajr.com.br\/","logo":{"@type":"ImageObject","inLanguage":"pt-BR","@id":"https:\/\/deputadotaveirajr.com.br\/#\/schema\/logo\/image\/","url":"https:\/\/deputadotaveirajr.com.br\/wp-content\/uploads\/2026\/01\/logolow2a.png","contentUrl":"https:\/\/deputadotaveirajr.com.br\/wp-content\/uploads\/2026\/01\/logolow2a.png","width":290,"height":80,"caption":"Taveira Jr"},"image":{"@id":"https:\/\/deputadotaveirajr.com.br\/#\/schema\/logo\/image\/"}}]}},"_links":{"self":[{"href":"https:\/\/deputadotaveirajr.com.br\/index.php\/wp-json\/wp\/v2\/pages\/4848","targetHints":{"allow":["GET"]}}],"collection":[{"href":"https:\/\/deputadotaveirajr.com.br\/index.php\/wp-json\/wp\/v2\/pages"}],"about":[{"href":"https:\/\/deputadotaveirajr.com.br\/index.php\/wp-json\/wp\/v2\/types\/page"}],"replies":[{"embeddable":true,"href":"https:\/\/deputadotaveirajr.com.br\/index.php\/wp-json\/wp\/v2\/comments?post=4848"}],"version-history":[{"count":1,"href":"https:\/\/deputadotaveirajr.com.br\/index.php\/wp-json\/wp\/v2\/pages\/4848\/revisions"}],"predecessor-version":[{"id":4853,"href":"https:\/\/deputadotaveirajr.com.br\/index.php\/wp-json\/wp\/v2\/pages\/4848\/revisions\/4853"}],"wp:featuredmedia":[{"embeddable":true,"href":"https:\/\/deputadotaveirajr.com.br\/index.php\/wp-json\/wp\/v2\/media\/4849"}],"wp:attachment":[{"href":"https:\/\/deputadotaveirajr.com.br\/index.php\/wp-json\/wp\/v2\/media?parent=4848"}],"curies":[{"name":"wp","href":"https:\/\/api.w.org\/{rel}","templated":true}]}}