{"id":4871,"date":"2024-04-01T10:54:09","date_gmt":"2024-04-01T13:54:09","guid":{"rendered":"https:\/\/deputadotaveirajr.com.br\/?page_id=4871"},"modified":"2024-04-01T10:54:09","modified_gmt":"2024-04-01T13:54:09","slug":"imagens-mostram-ponte-destruida-na-br-304-veja","status":"publish","type":"page","link":"https:\/\/deputadotaveirajr.com.br\/index.php\/imagens-mostram-ponte-destruida-na-br-304-veja\/","title":{"rendered":"Imagens mostram ponte destru\u00edda na BR-304; veja"},"content":{"rendered":"<p>     Rodovia \u00e9 a principal via de liga\u00e7\u00e3o entre Natal e Mossor\u00f3 e est\u00e1 interditada desde a tarde de domingo (31).  Cratera aberta na BR-304, ap\u00f3s destrui\u00e7\u00e3o de ponte na altura do munic\u00edpio de Lajes, no RN<br \/>\nGustavo Brendo\/Inter TV Cabugi<br \/>\nImagens registradas na manh\u00e3 desta segunda-feira (1) na rodovia BR-304, na cidade de Lajes, regi\u00e3o Central potiguar, mostram a destrui\u00e7\u00e3o de uma ponte, deixada pela cheia do rio Salgado neste domingo (31).<br \/>\nA rodovia corta o Rio Grande do Norte de Leste a Oeste e \u00e9 a principal via de liga\u00e7\u00e3o entre Natal e Mossor\u00f3, mas segue interditada, segundo a PRF. Nenhum prazo de reabertura foi informado.<br \/>\nAp\u00f3s a redu\u00e7\u00e3o do n\u00edvel da \u00e1gua, foi poss\u00edvel ver que a for\u00e7a da \u00e1gua deslocou guarderreios &#8211; prote\u00e7\u00f5es met\u00e1licas instaladas nas laterais da pista &#8211; al\u00e9m da pr\u00f3pria estrutura da ponte e postes da regi\u00e3o.<br \/>\nDestrui\u00e7\u00e3o deixada por cheia do rio Salgado na BR-304, em Lajes<br \/>\nGustavo Brendo\/Inter TV Cabugi<br \/>\nA interdi\u00e7\u00e3o acontece entre os KM 204 e 206, nos dois sentidos, segundo a Pol\u00edcia Rodovi\u00e1ria Federal (PRF).<br \/>\nA Secretaria de Seguran\u00e7a P\u00fablica do Estado (Sesed) divulgou as seguintes op\u00e7\u00f5es de rotas para quem trafega pelo local:<br \/>\nEstrutura da ponte na BR-304 arrastada pela \u00e1gua<br \/>\nGustavo Brendo\/Inter TV Cabugi<br \/>\nOeste-Natal:<br \/>\n1\u00aa rota: BR-304, acessa a RN-233 at\u00e9 chegar \u00e0 BR-226, em Triunfo Potiguar, mantendo-se na BR-226 at\u00e9 Natal.<br \/>\n2\u00aa rota: BR-110, passando por Upanema e Campo Grande para acessar a BR-226, chegando a Triunfo Potiguar e segue via Jucurutu, Currais Novos at\u00e9 Natal.<br \/>\nAssu\/Vale do A\u00e7u-Natal:<br \/>\nAcesso via RN-233 para acessar a BR-226, at\u00e9 Triunfo Potiguar e segue pela rodovia federal at\u00e9 Natal.<br \/>\nBR-304 \u00e9 totalmente interditada em Lajes ap\u00f3s rio transbordar<br \/>\nBR-304 \u00e9 totalmente interditada em Lajes ap\u00f3s rio transbordar<br \/>\nReprodu\u00e7\u00e3o\/Redes sociais<br \/>\nJovens ilhados<br \/>\nUm grupo de 9 crian\u00e7as e adolescentes que observava a sangria dos a\u00e7udes ficou ilhado na tarde de domingo (31) em uma forma\u00e7\u00e3o rochosa no leito do rio Salgado.<br \/>\nO Corpo de Bombeiros Militar com aux\u00edlio de quatro civis concluiu, \u00e0s 22h30, o resgate do grupo. De acordo com a Sesed, todos passam bem e recebem atendimento m\u00e9dico.<br \/>\nGrupo ficou ilhado ap\u00f3s volume do rio subir<br \/>\nThiago Giordanno<br \/>\nO Instituto Nacional de Meteorologia (Inmet) emitiu um alerta laranja de perigo de chuvas intensas para todas as regi\u00f5es do Rio Grande do Norte neste domingo (31).<br \/>\nV\u00cdDEOS: Mais vistos no RN nos \u00faltimos 7 dias<\/p>","protected":false},"excerpt":{"rendered":"<p>Rodovia \u00e9 a principal via de liga\u00e7\u00e3o entre Natal e Mossor\u00f3 e est\u00e1 interditada desde a tarde de domingo (31). Cratera aberta na BR-304, ap\u00f3s destrui\u00e7\u00e3o de ponte na altura &#8230;<\/p>\n","protected":false},"author":0,"featured_media":4872,"parent":0,"menu_order":0,"comment_status":"closed","ping_status":"closed","template":"","meta":{"footnotes":""},"class_list":["post-4871","page","type-page","status-publish","has-post-thumbnail","hentry"],"yoast_head":"<!-- This site is optimized with the Yoast SEO plugin v27.1.1 - https:\/\/yoast.com\/product\/yoast-seo-wordpress\/ -->\n<title>Imagens mostram ponte destru\u00edda na BR-304; veja - Taveira Jr<\/title>\n<meta name=\"robots\" content=\"index, follow, max-snippet:-1, max-image-preview:large, max-video-preview:-1\" \/>\n<link rel=\"canonical\" href=\"https:\/\/deputadotaveirajr.com.br\/index.php\/imagens-mostram-ponte-destruida-na-br-304-veja\/\" \/>\n<meta property=\"og:locale\" content=\"pt_BR\" \/>\n<meta property=\"og:type\" content=\"article\" \/>\n<meta property=\"og:title\" content=\"Imagens mostram ponte destru\u00edda na BR-304; veja - Taveira Jr\" \/>\n<meta property=\"og:description\" content=\"Rodovia \u00e9 a principal via de liga\u00e7\u00e3o entre Natal e Mossor\u00f3 e est\u00e1 interditada desde a tarde de domingo (31). Cratera aberta na BR-304, ap\u00f3s destrui\u00e7\u00e3o de ponte na altura ...\" \/>\n<meta property=\"og:url\" content=\"https:\/\/deputadotaveirajr.com.br\/index.php\/imagens-mostram-ponte-destruida-na-br-304-veja\/\" \/>\n<meta property=\"og:site_name\" content=\"Taveira Jr\" \/>\n<meta property=\"og:image\" content=\"https:\/\/deputadotaveirajr.com.br\/wp-content\/uploads\/2024\/04\/whatsapp-image-2024-04-01-at-7.10.31-am-OyIljp.jpeg\" \/>\n\t<meta property=\"og:image:width\" content=\"1600\" \/>\n\t<meta property=\"og:image:height\" content=\"1200\" \/>\n\t<meta property=\"og:image:type\" content=\"image\/jpeg\" \/>\n<meta name=\"twitter:card\" content=\"summary_large_image\" \/>\n<meta name=\"twitter:label1\" content=\"Est. tempo de leitura\" \/>\n\t<meta name=\"twitter:data1\" content=\"2 minutos\" \/>\n<script type=\"application\/ld+json\" class=\"yoast-schema-graph\">{\"@context\":\"https:\/\/schema.org\",\"@graph\":[{\"@type\":\"WebPage\",\"@id\":\"https:\/\/deputadotaveirajr.com.br\/index.php\/imagens-mostram-ponte-destruida-na-br-304-veja\/\",\"url\":\"https:\/\/deputadotaveirajr.com.br\/index.php\/imagens-mostram-ponte-destruida-na-br-304-veja\/\",\"name\":\"Imagens mostram ponte destru\u00edda na BR-304; veja - Taveira Jr\",\"isPartOf\":{\"@id\":\"https:\/\/deputadotaveirajr.com.br\/#website\"},\"primaryImageOfPage\":{\"@id\":\"https:\/\/deputadotaveirajr.com.br\/index.php\/imagens-mostram-ponte-destruida-na-br-304-veja\/#primaryimage\"},\"image\":{\"@id\":\"https:\/\/deputadotaveirajr.com.br\/index.php\/imagens-mostram-ponte-destruida-na-br-304-veja\/#primaryimage\"},\"thumbnailUrl\":\"https:\/\/deputadotaveirajr.com.br\/wp-content\/uploads\/2024\/04\/whatsapp-image-2024-04-01-at-7.10.31-am-OyIljp.jpeg\",\"datePublished\":\"2024-04-01T13:54:09+00:00\",\"breadcrumb\":{\"@id\":\"https:\/\/deputadotaveirajr.com.br\/index.php\/imagens-mostram-ponte-destruida-na-br-304-veja\/#breadcrumb\"},\"inLanguage\":\"pt-BR\",\"potentialAction\":[{\"@type\":\"ReadAction\",\"target\":[\"https:\/\/deputadotaveirajr.com.br\/index.php\/imagens-mostram-ponte-destruida-na-br-304-veja\/\"]}]},{\"@type\":\"ImageObject\",\"inLanguage\":\"pt-BR\",\"@id\":\"https:\/\/deputadotaveirajr.com.br\/index.php\/imagens-mostram-ponte-destruida-na-br-304-veja\/#primaryimage\",\"url\":\"https:\/\/deputadotaveirajr.com.br\/wp-content\/uploads\/2024\/04\/whatsapp-image-2024-04-01-at-7.10.31-am-OyIljp.jpeg\",\"contentUrl\":\"https:\/\/deputadotaveirajr.com.br\/wp-content\/uploads\/2024\/04\/whatsapp-image-2024-04-01-at-7.10.31-am-OyIljp.jpeg\",\"width\":1600,\"height\":1200},{\"@type\":\"BreadcrumbList\",\"@id\":\"https:\/\/deputadotaveirajr.com.br\/index.php\/imagens-mostram-ponte-destruida-na-br-304-veja\/#breadcrumb\",\"itemListElement\":[{\"@type\":\"ListItem\",\"position\":1,\"name\":\"In\u00edcio\",\"item\":\"https:\/\/deputadotaveirajr.com.br\/\"},{\"@type\":\"ListItem\",\"position\":2,\"name\":\"Imagens mostram ponte destru\u00edda na BR-304; veja\"}]},{\"@type\":\"WebSite\",\"@id\":\"https:\/\/deputadotaveirajr.com.br\/#website\",\"url\":\"https:\/\/deputadotaveirajr.com.br\/\",\"name\":\"Taveira Jr\",\"description\":\"Deputado Estadual\",\"publisher\":{\"@id\":\"https:\/\/deputadotaveirajr.com.br\/#organization\"},\"potentialAction\":[{\"@type\":\"SearchAction\",\"target\":{\"@type\":\"EntryPoint\",\"urlTemplate\":\"https:\/\/deputadotaveirajr.com.br\/?s={search_term_string}\"},\"query-input\":{\"@type\":\"PropertyValueSpecification\",\"valueRequired\":true,\"valueName\":\"search_term_string\"}}],\"inLanguage\":\"pt-BR\"},{\"@type\":\"Organization\",\"@id\":\"https:\/\/deputadotaveirajr.com.br\/#organization\",\"name\":\"Taveira Jr\",\"url\":\"https:\/\/deputadotaveirajr.com.br\/\",\"logo\":{\"@type\":\"ImageObject\",\"inLanguage\":\"pt-BR\",\"@id\":\"https:\/\/deputadotaveirajr.com.br\/#\/schema\/logo\/image\/\",\"url\":\"https:\/\/deputadotaveirajr.com.br\/wp-content\/uploads\/2026\/01\/logolow2a.png\",\"contentUrl\":\"https:\/\/deputadotaveirajr.com.br\/wp-content\/uploads\/2026\/01\/logolow2a.png\",\"width\":290,\"height\":80,\"caption\":\"Taveira Jr\"},\"image\":{\"@id\":\"https:\/\/deputadotaveirajr.com.br\/#\/schema\/logo\/image\/\"}}]}<\/script>\n<!-- \/ Yoast SEO plugin. -->","yoast_head_json":{"title":"Imagens mostram ponte destru\u00edda na BR-304; veja - Taveira Jr","robots":{"index":"index","follow":"follow","max-snippet":"max-snippet:-1","max-image-preview":"max-image-preview:large","max-video-preview":"max-video-preview:-1"},"canonical":"https:\/\/deputadotaveirajr.com.br\/index.php\/imagens-mostram-ponte-destruida-na-br-304-veja\/","og_locale":"pt_BR","og_type":"article","og_title":"Imagens mostram ponte destru\u00edda na BR-304; veja - Taveira Jr","og_description":"Rodovia \u00e9 a principal via de liga\u00e7\u00e3o entre Natal e Mossor\u00f3 e est\u00e1 interditada desde a tarde de domingo (31). Cratera aberta na BR-304, ap\u00f3s destrui\u00e7\u00e3o de ponte na altura ...","og_url":"https:\/\/deputadotaveirajr.com.br\/index.php\/imagens-mostram-ponte-destruida-na-br-304-veja\/","og_site_name":"Taveira Jr","og_image":[{"width":1600,"height":1200,"url":"https:\/\/deputadotaveirajr.com.br\/wp-content\/uploads\/2024\/04\/whatsapp-image-2024-04-01-at-7.10.31-am-OyIljp.jpeg","type":"image\/jpeg"}],"twitter_card":"summary_large_image","twitter_misc":{"Est. tempo de leitura":"2 minutos"},"schema":{"@context":"https:\/\/schema.org","@graph":[{"@type":"WebPage","@id":"https:\/\/deputadotaveirajr.com.br\/index.php\/imagens-mostram-ponte-destruida-na-br-304-veja\/","url":"https:\/\/deputadotaveirajr.com.br\/index.php\/imagens-mostram-ponte-destruida-na-br-304-veja\/","name":"Imagens mostram ponte destru\u00edda na BR-304; veja - Taveira Jr","isPartOf":{"@id":"https:\/\/deputadotaveirajr.com.br\/#website"},"primaryImageOfPage":{"@id":"https:\/\/deputadotaveirajr.com.br\/index.php\/imagens-mostram-ponte-destruida-na-br-304-veja\/#primaryimage"},"image":{"@id":"https:\/\/deputadotaveirajr.com.br\/index.php\/imagens-mostram-ponte-destruida-na-br-304-veja\/#primaryimage"},"thumbnailUrl":"https:\/\/deputadotaveirajr.com.br\/wp-content\/uploads\/2024\/04\/whatsapp-image-2024-04-01-at-7.10.31-am-OyIljp.jpeg","datePublished":"2024-04-01T13:54:09+00:00","breadcrumb":{"@id":"https:\/\/deputadotaveirajr.com.br\/index.php\/imagens-mostram-ponte-destruida-na-br-304-veja\/#breadcrumb"},"inLanguage":"pt-BR","potentialAction":[{"@type":"ReadAction","target":["https:\/\/deputadotaveirajr.com.br\/index.php\/imagens-mostram-ponte-destruida-na-br-304-veja\/"]}]},{"@type":"ImageObject","inLanguage":"pt-BR","@id":"https:\/\/deputadotaveirajr.com.br\/index.php\/imagens-mostram-ponte-destruida-na-br-304-veja\/#primaryimage","url":"https:\/\/deputadotaveirajr.com.br\/wp-content\/uploads\/2024\/04\/whatsapp-image-2024-04-01-at-7.10.31-am-OyIljp.jpeg","contentUrl":"https:\/\/deputadotaveirajr.com.br\/wp-content\/uploads\/2024\/04\/whatsapp-image-2024-04-01-at-7.10.31-am-OyIljp.jpeg","width":1600,"height":1200},{"@type":"BreadcrumbList","@id":"https:\/\/deputadotaveirajr.com.br\/index.php\/imagens-mostram-ponte-destruida-na-br-304-veja\/#breadcrumb","itemListElement":[{"@type":"ListItem","position":1,"name":"In\u00edcio","item":"https:\/\/deputadotaveirajr.com.br\/"},{"@type":"ListItem","position":2,"name":"Imagens mostram ponte destru\u00edda na BR-304; veja"}]},{"@type":"WebSite","@id":"https:\/\/deputadotaveirajr.com.br\/#website","url":"https:\/\/deputadotaveirajr.com.br\/","name":"Taveira Jr","description":"Deputado Estadual","publisher":{"@id":"https:\/\/deputadotaveirajr.com.br\/#organization"},"potentialAction":[{"@type":"SearchAction","target":{"@type":"EntryPoint","urlTemplate":"https:\/\/deputadotaveirajr.com.br\/?s={search_term_string}"},"query-input":{"@type":"PropertyValueSpecification","valueRequired":true,"valueName":"search_term_string"}}],"inLanguage":"pt-BR"},{"@type":"Organization","@id":"https:\/\/deputadotaveirajr.com.br\/#organization","name":"Taveira Jr","url":"https:\/\/deputadotaveirajr.com.br\/","logo":{"@type":"ImageObject","inLanguage":"pt-BR","@id":"https:\/\/deputadotaveirajr.com.br\/#\/schema\/logo\/image\/","url":"https:\/\/deputadotaveirajr.com.br\/wp-content\/uploads\/2026\/01\/logolow2a.png","contentUrl":"https:\/\/deputadotaveirajr.com.br\/wp-content\/uploads\/2026\/01\/logolow2a.png","width":290,"height":80,"caption":"Taveira Jr"},"image":{"@id":"https:\/\/deputadotaveirajr.com.br\/#\/schema\/logo\/image\/"}}]}},"_links":{"self":[{"href":"https:\/\/deputadotaveirajr.com.br\/index.php\/wp-json\/wp\/v2\/pages\/4871","targetHints":{"allow":["GET"]}}],"collection":[{"href":"https:\/\/deputadotaveirajr.com.br\/index.php\/wp-json\/wp\/v2\/pages"}],"about":[{"href":"https:\/\/deputadotaveirajr.com.br\/index.php\/wp-json\/wp\/v2\/types\/page"}],"replies":[{"embeddable":true,"href":"https:\/\/deputadotaveirajr.com.br\/index.php\/wp-json\/wp\/v2\/comments?post=4871"}],"version-history":[{"count":1,"href":"https:\/\/deputadotaveirajr.com.br\/index.php\/wp-json\/wp\/v2\/pages\/4871\/revisions"}],"predecessor-version":[{"id":4879,"href":"https:\/\/deputadotaveirajr.com.br\/index.php\/wp-json\/wp\/v2\/pages\/4871\/revisions\/4879"}],"wp:featuredmedia":[{"embeddable":true,"href":"https:\/\/deputadotaveirajr.com.br\/index.php\/wp-json\/wp\/v2\/media\/4872"}],"wp:attachment":[{"href":"https:\/\/deputadotaveirajr.com.br\/index.php\/wp-json\/wp\/v2\/media?parent=4871"}],"curies":[{"name":"wp","href":"https:\/\/api.w.org\/{rel}","templated":true}]}}