{"id":4888,"date":"2024-04-01T15:58:58","date_gmt":"2024-04-01T18:58:58","guid":{"rendered":"https:\/\/deputadotaveirajr.com.br\/?page_id=4888"},"modified":"2024-04-01T15:58:58","modified_gmt":"2024-04-01T18:58:58","slug":"falta-de-compartilhamento-de-informacoes-pode-ter-prejudicado-buscas-dizem-fontes-de-forca-tarefa-em-mossoro","status":"publish","type":"page","link":"https:\/\/deputadotaveirajr.com.br\/index.php\/falta-de-compartilhamento-de-informacoes-pode-ter-prejudicado-buscas-dizem-fontes-de-forca-tarefa-em-mossoro\/","title":{"rendered":"Falta de compartilhamento de informa\u00e7\u00f5es pode ter prejudicado buscas, dizem fontes de for\u00e7a-tarefa em Mossor\u00f3"},"content":{"rendered":"<p>     No \u00faltimo s\u00e1bado (30), For\u00e7a Nacional deixou opera\u00e7\u00e3o de busca por fugitivos de penitenci\u00e1ria. Buscas por fugitivos de Mossor\u00f3 &#8211; foto na cidade de Bara\u00fana<br \/>\nGustavo Brendo\/Inter TV Cabugi<br \/>\nA desmobiliza\u00e7\u00e3o da for\u00e7a-tarefa, no come\u00e7o da semana passada, deixou um gosto amargo na maior parte dos integrantes que participaram da ca\u00e7ada aos dois fugitivos da penitenci\u00e1ria federal de Mossor\u00f3.<br \/>\nFontes ligadas \u00e0s buscas reclamam que as \u00e1reas de intelig\u00eancia da pol\u00edcia penal federal (Senappen) e da PF n\u00e3o compartilharam entre si informa\u00e7\u00f5es como deveriam, menos ainda dividiram com as equipes de campo que participaram ativamente das buscas.<br \/>\nFUGA EM MOSSOR\u00d3: Veja o que se sabe e o que falta esclarecer<br \/>\nAs queixas foram explicitadas durante reuni\u00e3o do gabinete de crise da for\u00e7a-tarefa, que ocorreu na delegacia da Pol\u00edcia Federal em Mossor\u00f3, no fim da semana retrasada.<br \/>\nEstavam presentes no encontro representantes da PF, da Senappen, da PRF e comandantes dos batalh\u00f5es especializados da PM do Rio Grande do Norte, Para\u00edba e Pernambuco, mobilizados para a ca\u00e7ada de recaptura.<br \/>\nDurante a reuni\u00e3o, foi dito, em tom de despedida, que as informa\u00e7\u00f5es de intelig\u00eancia n\u00e3o chegavam \u00e0s equipes de buscas; que n\u00e3o estava ocorrendo a integra\u00e7\u00e3o necess\u00e1ria para favorecer a opera\u00e7\u00e3o de ca\u00e7ada.<br \/>\nOutra fonte contou que a intelig\u00eancia da PF e da pol\u00edcia penal federal tamb\u00e9m n\u00e3o estavam dividindo informa\u00e7\u00f5es e trabalhando, de fato, em conjunto.<br \/>\n\u201cAs for\u00e7as de intelig\u00eancia deveriam ter se conversado mais, com metodologia de trabalho visando maior uni\u00e3o e n\u00e3o o oposto, como vimos quase o tempo todo\u201d, diz um integrante da for\u00e7a-tarefa, agora desfeita.<br \/>\nFor\u00e7a Nacional encerra buscas por fugitivos da Penitenci\u00e1ria Federal de Mossor\u00f3<br \/>\nDesconfian\u00e7a, risco de vazamento, vaidade. S\u00e3o v\u00e1rias as suposi\u00e7\u00f5es para a falta efetiva de compartilhamento.   \u201cAgora, ficou este sentimento de cada um por si\u201d, desabafa uma fonte.<br \/>\nNa \u00faltima reuni\u00e3o da for\u00e7a-tarefa, ainda havia o consenso de que os dois presos, que escaparam da penitenci\u00e1ria, continuavam na \u00e1rea do cerco montado.<br \/>\nEles estariam recebendo prote\u00e7\u00e3o, de outros criminosos, dentro de uma casa, em endere\u00e7o rural. A PF tentava obter a localiza\u00e7\u00e3o exata do endere\u00e7o. Ainda existe a perspectiva, por parte de fontes de intelig\u00eancia, de que as investiga\u00e7\u00f5es descubram onde est\u00e3o os fugitivos e de que eles n\u00e3o tenham sa\u00eddo para muito longe.<br \/>\nA For\u00e7a Nacional deixou Mossor\u00f3 no s\u00e1bado.<br \/>\nCronologia fugitivos Mossor\u00f3<br \/>\nArte\/g1<\/p>","protected":false},"excerpt":{"rendered":"<p>No \u00faltimo s\u00e1bado (30), For\u00e7a Nacional deixou opera\u00e7\u00e3o de busca por fugitivos de penitenci\u00e1ria. Buscas por fugitivos de Mossor\u00f3 &#8211; foto na cidade de Bara\u00fana Gustavo Brendo\/Inter TV Cabugi A &#8230;<\/p>\n","protected":false},"author":0,"featured_media":4889,"parent":0,"menu_order":0,"comment_status":"closed","ping_status":"closed","template":"","meta":{"footnotes":""},"class_list":["post-4888","page","type-page","status-publish","has-post-thumbnail","hentry"],"yoast_head":"<!-- This site is optimized with the Yoast SEO plugin v27.1.1 - https:\/\/yoast.com\/product\/yoast-seo-wordpress\/ -->\n<title>Falta de compartilhamento de informa\u00e7\u00f5es pode ter prejudicado buscas, dizem fontes de for\u00e7a-tarefa em Mossor\u00f3 - Taveira Jr<\/title>\n<meta name=\"robots\" content=\"index, follow, max-snippet:-1, max-image-preview:large, max-video-preview:-1\" \/>\n<link rel=\"canonical\" href=\"https:\/\/deputadotaveirajr.com.br\/index.php\/falta-de-compartilhamento-de-informacoes-pode-ter-prejudicado-buscas-dizem-fontes-de-forca-tarefa-em-mossoro\/\" \/>\n<meta property=\"og:locale\" content=\"pt_BR\" \/>\n<meta property=\"og:type\" content=\"article\" \/>\n<meta property=\"og:title\" content=\"Falta de compartilhamento de informa\u00e7\u00f5es pode ter prejudicado buscas, dizem fontes de for\u00e7a-tarefa em Mossor\u00f3 - Taveira Jr\" \/>\n<meta property=\"og:description\" content=\"No \u00faltimo s\u00e1bado (30), For\u00e7a Nacional deixou opera\u00e7\u00e3o de busca por fugitivos de penitenci\u00e1ria. Buscas por fugitivos de Mossor\u00f3 &#8211; foto na cidade de Bara\u00fana Gustavo Brendo\/Inter TV Cabugi A ...\" \/>\n<meta property=\"og:url\" content=\"https:\/\/deputadotaveirajr.com.br\/index.php\/falta-de-compartilhamento-de-informacoes-pode-ter-prejudicado-buscas-dizem-fontes-de-forca-tarefa-em-mossoro\/\" \/>\n<meta property=\"og:site_name\" content=\"Taveira Jr\" \/>\n<meta property=\"og:image\" content=\"https:\/\/deputadotaveirajr.com.br\/wp-content\/uploads\/2024\/04\/whatsapp-image-2024-02-24-at-13.55.29-x7X1AM.jpeg\" \/>\n\t<meta property=\"og:image:width\" content=\"1280\" \/>\n\t<meta property=\"og:image:height\" content=\"720\" \/>\n\t<meta property=\"og:image:type\" content=\"image\/jpeg\" \/>\n<meta name=\"twitter:card\" content=\"summary_large_image\" \/>\n<meta name=\"twitter:label1\" content=\"Est. tempo de leitura\" \/>\n\t<meta name=\"twitter:data1\" content=\"2 minutos\" \/>\n<script type=\"application\/ld+json\" class=\"yoast-schema-graph\">{\"@context\":\"https:\/\/schema.org\",\"@graph\":[{\"@type\":\"WebPage\",\"@id\":\"https:\/\/deputadotaveirajr.com.br\/index.php\/falta-de-compartilhamento-de-informacoes-pode-ter-prejudicado-buscas-dizem-fontes-de-forca-tarefa-em-mossoro\/\",\"url\":\"https:\/\/deputadotaveirajr.com.br\/index.php\/falta-de-compartilhamento-de-informacoes-pode-ter-prejudicado-buscas-dizem-fontes-de-forca-tarefa-em-mossoro\/\",\"name\":\"Falta de compartilhamento de informa\u00e7\u00f5es pode ter prejudicado buscas, dizem fontes de for\u00e7a-tarefa em Mossor\u00f3 - Taveira Jr\",\"isPartOf\":{\"@id\":\"https:\/\/deputadotaveirajr.com.br\/#website\"},\"primaryImageOfPage\":{\"@id\":\"https:\/\/deputadotaveirajr.com.br\/index.php\/falta-de-compartilhamento-de-informacoes-pode-ter-prejudicado-buscas-dizem-fontes-de-forca-tarefa-em-mossoro\/#primaryimage\"},\"image\":{\"@id\":\"https:\/\/deputadotaveirajr.com.br\/index.php\/falta-de-compartilhamento-de-informacoes-pode-ter-prejudicado-buscas-dizem-fontes-de-forca-tarefa-em-mossoro\/#primaryimage\"},\"thumbnailUrl\":\"https:\/\/deputadotaveirajr.com.br\/wp-content\/uploads\/2024\/04\/whatsapp-image-2024-02-24-at-13.55.29-x7X1AM.jpeg\",\"datePublished\":\"2024-04-01T18:58:58+00:00\",\"breadcrumb\":{\"@id\":\"https:\/\/deputadotaveirajr.com.br\/index.php\/falta-de-compartilhamento-de-informacoes-pode-ter-prejudicado-buscas-dizem-fontes-de-forca-tarefa-em-mossoro\/#breadcrumb\"},\"inLanguage\":\"pt-BR\",\"potentialAction\":[{\"@type\":\"ReadAction\",\"target\":[\"https:\/\/deputadotaveirajr.com.br\/index.php\/falta-de-compartilhamento-de-informacoes-pode-ter-prejudicado-buscas-dizem-fontes-de-forca-tarefa-em-mossoro\/\"]}]},{\"@type\":\"ImageObject\",\"inLanguage\":\"pt-BR\",\"@id\":\"https:\/\/deputadotaveirajr.com.br\/index.php\/falta-de-compartilhamento-de-informacoes-pode-ter-prejudicado-buscas-dizem-fontes-de-forca-tarefa-em-mossoro\/#primaryimage\",\"url\":\"https:\/\/deputadotaveirajr.com.br\/wp-content\/uploads\/2024\/04\/whatsapp-image-2024-02-24-at-13.55.29-x7X1AM.jpeg\",\"contentUrl\":\"https:\/\/deputadotaveirajr.com.br\/wp-content\/uploads\/2024\/04\/whatsapp-image-2024-02-24-at-13.55.29-x7X1AM.jpeg\",\"width\":1280,\"height\":720},{\"@type\":\"BreadcrumbList\",\"@id\":\"https:\/\/deputadotaveirajr.com.br\/index.php\/falta-de-compartilhamento-de-informacoes-pode-ter-prejudicado-buscas-dizem-fontes-de-forca-tarefa-em-mossoro\/#breadcrumb\",\"itemListElement\":[{\"@type\":\"ListItem\",\"position\":1,\"name\":\"In\u00edcio\",\"item\":\"https:\/\/deputadotaveirajr.com.br\/\"},{\"@type\":\"ListItem\",\"position\":2,\"name\":\"Falta de compartilhamento de informa\u00e7\u00f5es pode ter prejudicado buscas, dizem fontes de for\u00e7a-tarefa em Mossor\u00f3\"}]},{\"@type\":\"WebSite\",\"@id\":\"https:\/\/deputadotaveirajr.com.br\/#website\",\"url\":\"https:\/\/deputadotaveirajr.com.br\/\",\"name\":\"Taveira Jr\",\"description\":\"Deputado Estadual\",\"publisher\":{\"@id\":\"https:\/\/deputadotaveirajr.com.br\/#organization\"},\"potentialAction\":[{\"@type\":\"SearchAction\",\"target\":{\"@type\":\"EntryPoint\",\"urlTemplate\":\"https:\/\/deputadotaveirajr.com.br\/?s={search_term_string}\"},\"query-input\":{\"@type\":\"PropertyValueSpecification\",\"valueRequired\":true,\"valueName\":\"search_term_string\"}}],\"inLanguage\":\"pt-BR\"},{\"@type\":\"Organization\",\"@id\":\"https:\/\/deputadotaveirajr.com.br\/#organization\",\"name\":\"Taveira Jr\",\"url\":\"https:\/\/deputadotaveirajr.com.br\/\",\"logo\":{\"@type\":\"ImageObject\",\"inLanguage\":\"pt-BR\",\"@id\":\"https:\/\/deputadotaveirajr.com.br\/#\/schema\/logo\/image\/\",\"url\":\"https:\/\/deputadotaveirajr.com.br\/wp-content\/uploads\/2026\/01\/logolow2a.png\",\"contentUrl\":\"https:\/\/deputadotaveirajr.com.br\/wp-content\/uploads\/2026\/01\/logolow2a.png\",\"width\":290,\"height\":80,\"caption\":\"Taveira Jr\"},\"image\":{\"@id\":\"https:\/\/deputadotaveirajr.com.br\/#\/schema\/logo\/image\/\"}}]}<\/script>\n<!-- \/ Yoast SEO plugin. -->","yoast_head_json":{"title":"Falta de compartilhamento de informa\u00e7\u00f5es pode ter prejudicado buscas, dizem fontes de for\u00e7a-tarefa em Mossor\u00f3 - Taveira Jr","robots":{"index":"index","follow":"follow","max-snippet":"max-snippet:-1","max-image-preview":"max-image-preview:large","max-video-preview":"max-video-preview:-1"},"canonical":"https:\/\/deputadotaveirajr.com.br\/index.php\/falta-de-compartilhamento-de-informacoes-pode-ter-prejudicado-buscas-dizem-fontes-de-forca-tarefa-em-mossoro\/","og_locale":"pt_BR","og_type":"article","og_title":"Falta de compartilhamento de informa\u00e7\u00f5es pode ter prejudicado buscas, dizem fontes de for\u00e7a-tarefa em Mossor\u00f3 - Taveira Jr","og_description":"No \u00faltimo s\u00e1bado (30), For\u00e7a Nacional deixou opera\u00e7\u00e3o de busca por fugitivos de penitenci\u00e1ria. Buscas por fugitivos de Mossor\u00f3 &#8211; foto na cidade de Bara\u00fana Gustavo Brendo\/Inter TV Cabugi A ...","og_url":"https:\/\/deputadotaveirajr.com.br\/index.php\/falta-de-compartilhamento-de-informacoes-pode-ter-prejudicado-buscas-dizem-fontes-de-forca-tarefa-em-mossoro\/","og_site_name":"Taveira Jr","og_image":[{"width":1280,"height":720,"url":"https:\/\/deputadotaveirajr.com.br\/wp-content\/uploads\/2024\/04\/whatsapp-image-2024-02-24-at-13.55.29-x7X1AM.jpeg","type":"image\/jpeg"}],"twitter_card":"summary_large_image","twitter_misc":{"Est. tempo de leitura":"2 minutos"},"schema":{"@context":"https:\/\/schema.org","@graph":[{"@type":"WebPage","@id":"https:\/\/deputadotaveirajr.com.br\/index.php\/falta-de-compartilhamento-de-informacoes-pode-ter-prejudicado-buscas-dizem-fontes-de-forca-tarefa-em-mossoro\/","url":"https:\/\/deputadotaveirajr.com.br\/index.php\/falta-de-compartilhamento-de-informacoes-pode-ter-prejudicado-buscas-dizem-fontes-de-forca-tarefa-em-mossoro\/","name":"Falta de compartilhamento de informa\u00e7\u00f5es pode ter prejudicado buscas, dizem fontes de for\u00e7a-tarefa em Mossor\u00f3 - Taveira Jr","isPartOf":{"@id":"https:\/\/deputadotaveirajr.com.br\/#website"},"primaryImageOfPage":{"@id":"https:\/\/deputadotaveirajr.com.br\/index.php\/falta-de-compartilhamento-de-informacoes-pode-ter-prejudicado-buscas-dizem-fontes-de-forca-tarefa-em-mossoro\/#primaryimage"},"image":{"@id":"https:\/\/deputadotaveirajr.com.br\/index.php\/falta-de-compartilhamento-de-informacoes-pode-ter-prejudicado-buscas-dizem-fontes-de-forca-tarefa-em-mossoro\/#primaryimage"},"thumbnailUrl":"https:\/\/deputadotaveirajr.com.br\/wp-content\/uploads\/2024\/04\/whatsapp-image-2024-02-24-at-13.55.29-x7X1AM.jpeg","datePublished":"2024-04-01T18:58:58+00:00","breadcrumb":{"@id":"https:\/\/deputadotaveirajr.com.br\/index.php\/falta-de-compartilhamento-de-informacoes-pode-ter-prejudicado-buscas-dizem-fontes-de-forca-tarefa-em-mossoro\/#breadcrumb"},"inLanguage":"pt-BR","potentialAction":[{"@type":"ReadAction","target":["https:\/\/deputadotaveirajr.com.br\/index.php\/falta-de-compartilhamento-de-informacoes-pode-ter-prejudicado-buscas-dizem-fontes-de-forca-tarefa-em-mossoro\/"]}]},{"@type":"ImageObject","inLanguage":"pt-BR","@id":"https:\/\/deputadotaveirajr.com.br\/index.php\/falta-de-compartilhamento-de-informacoes-pode-ter-prejudicado-buscas-dizem-fontes-de-forca-tarefa-em-mossoro\/#primaryimage","url":"https:\/\/deputadotaveirajr.com.br\/wp-content\/uploads\/2024\/04\/whatsapp-image-2024-02-24-at-13.55.29-x7X1AM.jpeg","contentUrl":"https:\/\/deputadotaveirajr.com.br\/wp-content\/uploads\/2024\/04\/whatsapp-image-2024-02-24-at-13.55.29-x7X1AM.jpeg","width":1280,"height":720},{"@type":"BreadcrumbList","@id":"https:\/\/deputadotaveirajr.com.br\/index.php\/falta-de-compartilhamento-de-informacoes-pode-ter-prejudicado-buscas-dizem-fontes-de-forca-tarefa-em-mossoro\/#breadcrumb","itemListElement":[{"@type":"ListItem","position":1,"name":"In\u00edcio","item":"https:\/\/deputadotaveirajr.com.br\/"},{"@type":"ListItem","position":2,"name":"Falta de compartilhamento de informa\u00e7\u00f5es pode ter prejudicado buscas, dizem fontes de for\u00e7a-tarefa em Mossor\u00f3"}]},{"@type":"WebSite","@id":"https:\/\/deputadotaveirajr.com.br\/#website","url":"https:\/\/deputadotaveirajr.com.br\/","name":"Taveira Jr","description":"Deputado Estadual","publisher":{"@id":"https:\/\/deputadotaveirajr.com.br\/#organization"},"potentialAction":[{"@type":"SearchAction","target":{"@type":"EntryPoint","urlTemplate":"https:\/\/deputadotaveirajr.com.br\/?s={search_term_string}"},"query-input":{"@type":"PropertyValueSpecification","valueRequired":true,"valueName":"search_term_string"}}],"inLanguage":"pt-BR"},{"@type":"Organization","@id":"https:\/\/deputadotaveirajr.com.br\/#organization","name":"Taveira Jr","url":"https:\/\/deputadotaveirajr.com.br\/","logo":{"@type":"ImageObject","inLanguage":"pt-BR","@id":"https:\/\/deputadotaveirajr.com.br\/#\/schema\/logo\/image\/","url":"https:\/\/deputadotaveirajr.com.br\/wp-content\/uploads\/2026\/01\/logolow2a.png","contentUrl":"https:\/\/deputadotaveirajr.com.br\/wp-content\/uploads\/2026\/01\/logolow2a.png","width":290,"height":80,"caption":"Taveira Jr"},"image":{"@id":"https:\/\/deputadotaveirajr.com.br\/#\/schema\/logo\/image\/"}}]}},"_links":{"self":[{"href":"https:\/\/deputadotaveirajr.com.br\/index.php\/wp-json\/wp\/v2\/pages\/4888","targetHints":{"allow":["GET"]}}],"collection":[{"href":"https:\/\/deputadotaveirajr.com.br\/index.php\/wp-json\/wp\/v2\/pages"}],"about":[{"href":"https:\/\/deputadotaveirajr.com.br\/index.php\/wp-json\/wp\/v2\/types\/page"}],"replies":[{"embeddable":true,"href":"https:\/\/deputadotaveirajr.com.br\/index.php\/wp-json\/wp\/v2\/comments?post=4888"}],"version-history":[{"count":1,"href":"https:\/\/deputadotaveirajr.com.br\/index.php\/wp-json\/wp\/v2\/pages\/4888\/revisions"}],"predecessor-version":[{"id":4893,"href":"https:\/\/deputadotaveirajr.com.br\/index.php\/wp-json\/wp\/v2\/pages\/4888\/revisions\/4893"}],"wp:featuredmedia":[{"embeddable":true,"href":"https:\/\/deputadotaveirajr.com.br\/index.php\/wp-json\/wp\/v2\/media\/4889"}],"wp:attachment":[{"href":"https:\/\/deputadotaveirajr.com.br\/index.php\/wp-json\/wp\/v2\/media?parent=4888"}],"curies":[{"name":"wp","href":"https:\/\/api.w.org\/{rel}","templated":true}]}}