{"id":5025,"date":"2024-04-02T15:48:20","date_gmt":"2024-04-02T18:48:20","guid":{"rendered":"https:\/\/deputadotaveirajr.com.br\/?page_id=5025"},"modified":"2024-04-02T15:48:20","modified_gmt":"2024-04-02T18:48:20","slug":"estrutura-de-circo-cai-apos-fortes-chuvas-na-grande-natal-desespero-bateu-diz-artista","status":"publish","type":"page","link":"https:\/\/deputadotaveirajr.com.br\/index.php\/estrutura-de-circo-cai-apos-fortes-chuvas-na-grande-natal-desespero-bateu-diz-artista\/","title":{"rendered":"Estrutura de circo cai ap\u00f3s fortes chuvas na Grande Natal; &#8216;Desespero bateu&#8217;, diz artista"},"content":{"rendered":"<p>     Palco, cortina, cadeiras e sistema de som foram danificados tamb\u00e9m com a queda da estrutura. Ningu\u00e9m ficou ferido no acidente, que aconteceu na tarde desta segunda-feira (1\u00ba). Circo caiu e lona rasgou ap\u00f3s chuvas na Grande Natal<br \/>\nPedro Trindade\/Inter TV Cabugi<br \/>\nA estrutura de um circo caiu na tarde desta segunda-feira (1\u00ba)  por conta das chuvas que atingiram todas as regi\u00f5es do Rio Grande do Norte. O circo estava instalado em Nova Parnamirim, no munic\u00edpio de Parnamirim, na Grande Natal. Ningu\u00e9m ficou ferido no acidente.<br \/>\nSegundo os artistas que cuidam do circo, a lona e outros itens foram destru\u00eddos:<br \/>\nas cadeiras usadas pelo p\u00fablico quebraram;<br \/>\na aparelhagem de som quebrou;<br \/>\no palco foi danificado;<br \/>\na cotina de espet\u00e1culo foi rasgada;<br \/>\na lona tamb\u00e9m rasgou.<br \/>\n&#8220;A lona, que \u00e9 o principal, que \u00e9 o teto da nossa casa, tamb\u00e9m partiu ao meio e a gente n\u00e3o sabe como vai consertar&#8221;, lamentou a artista Priscila Oliveira, uma das respons\u00e1veis pelo circo.<br \/>\n\ud83d\udcf3Participe do canal do g1 RN no WhatsApp e receba no seu celular as not\u00edcias do estado<br \/>\nA artista contou que eles pretendiam mudar o circo de lugar, mas que, devido ao mau tempo na cidade nos \u00faltimos dias, decidiram mant\u00ea-lo em Nova Parnamirim por mais alguns dias.<br \/>\nO circo existe h\u00e1 18 anos &#8211;  e h\u00e1 cerca de 10 ele est\u00e1 no Rio Grande do Norte -, passando por tr\u00eas gera\u00e7\u00f5es. Atualmente, 11 pessoas vivem no circo, incluindo duas crian\u00e7as.<br \/>\nLEIA TAMB\u00c9M<br \/>\nCHUVAS: Fim de semana tem pontes destru\u00eddas, cheia de rios e resgate de ilhados<br \/>\nPISTA INTERDITADA: Veja rotas para desviar da BR-304<br \/>\nTRAG\u00c9DIA: Homem e cachorro morrem em correnteza<br \/>\nPEDRA PRETA: Cemit\u00e9rio p\u00fablico fica destru\u00eddo ap\u00f3s chuvas e transbordo de rio<br \/>\nOs artistas ficaram sabendo do acidente enquanto faziam uma apresenta\u00e7\u00e3o em uma escola. &#8220;Quando a gente chegou na frente do circo, a cena j\u00e1 era lament\u00e1vel, o circo realmente todo destru\u00eddo no ch\u00e3o&#8221;, lamentou Priscila Oliveira.<br \/>\nCirco estava instalado em Nova Parnamirim, mas artistas pensavam em mud\u00e1-lo de lugar<br \/>\nPedro Trindade\/Inter TV Cabugi<br \/>\nA cena entristeceu tamb\u00e9m Luan Feitosa, que \u00e9 o Palha\u00e7o Sucata no circo. Ele correu da escola at\u00e9 o circo quando soube do acidente. No local, estavam o pai e a m\u00e3e dele, que n\u00e3o ficaram feridos.<br \/>\n&#8220;Vim correndo, perdi at\u00e9 meu celular na chuva. Queria chegar o mais r\u00e1pido poss\u00edvel, porque eu sabia que s\u00f3 tinha minha m\u00e3e e meu pai no circo. Quando eu cheguei, estavam os dois chorando. O desespero bateu&#8221;, lamentou.<br \/>\n&#8220;Isso \u00e9 minha vida. Chegar e ver tudo no ch\u00e3o&#8230; A gente construiu tudo&#8221;.<br \/>\nOs artistas pensam, agora, em alternativas para recuperar a lona e todo o material perdido, e o mais r\u00e1pido poss\u00edvel voltarem as apresenta\u00e7\u00f5es.<br \/>\n&#8220;Vamos pedir for\u00e7as a Deus pra gente erguer tudo de novo, levar alegria pra todo mundo. Isso \u00e9 minha vida&#8221;, disse Luan Feitosa.<br \/>\nV\u00eddeos mais assistidos do g1 RN<\/p>","protected":false},"excerpt":{"rendered":"<p>Palco, cortina, cadeiras e sistema de som foram danificados tamb\u00e9m com a queda da estrutura. Ningu\u00e9m ficou ferido no acidente, que aconteceu na tarde desta segunda-feira (1\u00ba). Circo caiu e &#8230;<\/p>\n","protected":false},"author":0,"featured_media":5026,"parent":0,"menu_order":0,"comment_status":"closed","ping_status":"closed","template":"","meta":{"footnotes":""},"class_list":["post-5025","page","type-page","status-publish","has-post-thumbnail","hentry"],"yoast_head":"<!-- This site is optimized with the Yoast SEO plugin v27.1.1 - https:\/\/yoast.com\/product\/yoast-seo-wordpress\/ -->\n<title>Estrutura de circo cai ap\u00f3s fortes chuvas na Grande Natal; &#039;Desespero bateu&#039;, diz artista - Taveira Jr<\/title>\n<meta name=\"robots\" content=\"index, follow, max-snippet:-1, max-image-preview:large, max-video-preview:-1\" \/>\n<link rel=\"canonical\" href=\"https:\/\/deputadotaveirajr.com.br\/index.php\/estrutura-de-circo-cai-apos-fortes-chuvas-na-grande-natal-desespero-bateu-diz-artista\/\" \/>\n<meta property=\"og:locale\" content=\"pt_BR\" \/>\n<meta property=\"og:type\" content=\"article\" \/>\n<meta property=\"og:title\" content=\"Estrutura de circo cai ap\u00f3s fortes chuvas na Grande Natal; &#039;Desespero bateu&#039;, diz artista - Taveira Jr\" \/>\n<meta property=\"og:description\" content=\"Palco, cortina, cadeiras e sistema de som foram danificados tamb\u00e9m com a queda da estrutura. Ningu\u00e9m ficou ferido no acidente, que aconteceu na tarde desta segunda-feira (1\u00ba). Circo caiu e ...\" \/>\n<meta property=\"og:url\" content=\"https:\/\/deputadotaveirajr.com.br\/index.php\/estrutura-de-circo-cai-apos-fortes-chuvas-na-grande-natal-desespero-bateu-diz-artista\/\" \/>\n<meta property=\"og:site_name\" content=\"Taveira Jr\" \/>\n<meta property=\"og:image\" content=\"https:\/\/deputadotaveirajr.com.br\/wp-content\/uploads\/2024\/04\/whatsapp-image-2024-04-02-at-11.29.31-azLQRC.jpeg\" \/>\n\t<meta property=\"og:image:width\" content=\"1600\" \/>\n\t<meta property=\"og:image:height\" content=\"1200\" \/>\n\t<meta property=\"og:image:type\" content=\"image\/jpeg\" \/>\n<meta name=\"twitter:card\" content=\"summary_large_image\" \/>\n<meta name=\"twitter:label1\" content=\"Est. tempo de leitura\" \/>\n\t<meta name=\"twitter:data1\" content=\"3 minutos\" \/>\n<script type=\"application\/ld+json\" class=\"yoast-schema-graph\">{\"@context\":\"https:\/\/schema.org\",\"@graph\":[{\"@type\":\"WebPage\",\"@id\":\"https:\/\/deputadotaveirajr.com.br\/index.php\/estrutura-de-circo-cai-apos-fortes-chuvas-na-grande-natal-desespero-bateu-diz-artista\/\",\"url\":\"https:\/\/deputadotaveirajr.com.br\/index.php\/estrutura-de-circo-cai-apos-fortes-chuvas-na-grande-natal-desespero-bateu-diz-artista\/\",\"name\":\"Estrutura de circo cai ap\u00f3s fortes chuvas na Grande Natal; 'Desespero bateu', diz artista - Taveira Jr\",\"isPartOf\":{\"@id\":\"https:\/\/deputadotaveirajr.com.br\/#website\"},\"primaryImageOfPage\":{\"@id\":\"https:\/\/deputadotaveirajr.com.br\/index.php\/estrutura-de-circo-cai-apos-fortes-chuvas-na-grande-natal-desespero-bateu-diz-artista\/#primaryimage\"},\"image\":{\"@id\":\"https:\/\/deputadotaveirajr.com.br\/index.php\/estrutura-de-circo-cai-apos-fortes-chuvas-na-grande-natal-desespero-bateu-diz-artista\/#primaryimage\"},\"thumbnailUrl\":\"https:\/\/deputadotaveirajr.com.br\/wp-content\/uploads\/2024\/04\/whatsapp-image-2024-04-02-at-11.29.31-azLQRC.jpeg\",\"datePublished\":\"2024-04-02T18:48:20+00:00\",\"breadcrumb\":{\"@id\":\"https:\/\/deputadotaveirajr.com.br\/index.php\/estrutura-de-circo-cai-apos-fortes-chuvas-na-grande-natal-desespero-bateu-diz-artista\/#breadcrumb\"},\"inLanguage\":\"pt-BR\",\"potentialAction\":[{\"@type\":\"ReadAction\",\"target\":[\"https:\/\/deputadotaveirajr.com.br\/index.php\/estrutura-de-circo-cai-apos-fortes-chuvas-na-grande-natal-desespero-bateu-diz-artista\/\"]}]},{\"@type\":\"ImageObject\",\"inLanguage\":\"pt-BR\",\"@id\":\"https:\/\/deputadotaveirajr.com.br\/index.php\/estrutura-de-circo-cai-apos-fortes-chuvas-na-grande-natal-desespero-bateu-diz-artista\/#primaryimage\",\"url\":\"https:\/\/deputadotaveirajr.com.br\/wp-content\/uploads\/2024\/04\/whatsapp-image-2024-04-02-at-11.29.31-azLQRC.jpeg\",\"contentUrl\":\"https:\/\/deputadotaveirajr.com.br\/wp-content\/uploads\/2024\/04\/whatsapp-image-2024-04-02-at-11.29.31-azLQRC.jpeg\",\"width\":1600,\"height\":1200},{\"@type\":\"BreadcrumbList\",\"@id\":\"https:\/\/deputadotaveirajr.com.br\/index.php\/estrutura-de-circo-cai-apos-fortes-chuvas-na-grande-natal-desespero-bateu-diz-artista\/#breadcrumb\",\"itemListElement\":[{\"@type\":\"ListItem\",\"position\":1,\"name\":\"In\u00edcio\",\"item\":\"https:\/\/deputadotaveirajr.com.br\/\"},{\"@type\":\"ListItem\",\"position\":2,\"name\":\"Estrutura de circo cai ap\u00f3s fortes chuvas na Grande Natal; &#8216;Desespero bateu&#8217;, diz artista\"}]},{\"@type\":\"WebSite\",\"@id\":\"https:\/\/deputadotaveirajr.com.br\/#website\",\"url\":\"https:\/\/deputadotaveirajr.com.br\/\",\"name\":\"Taveira Jr\",\"description\":\"Deputado Estadual\",\"publisher\":{\"@id\":\"https:\/\/deputadotaveirajr.com.br\/#organization\"},\"potentialAction\":[{\"@type\":\"SearchAction\",\"target\":{\"@type\":\"EntryPoint\",\"urlTemplate\":\"https:\/\/deputadotaveirajr.com.br\/?s={search_term_string}\"},\"query-input\":{\"@type\":\"PropertyValueSpecification\",\"valueRequired\":true,\"valueName\":\"search_term_string\"}}],\"inLanguage\":\"pt-BR\"},{\"@type\":\"Organization\",\"@id\":\"https:\/\/deputadotaveirajr.com.br\/#organization\",\"name\":\"Taveira Jr\",\"url\":\"https:\/\/deputadotaveirajr.com.br\/\",\"logo\":{\"@type\":\"ImageObject\",\"inLanguage\":\"pt-BR\",\"@id\":\"https:\/\/deputadotaveirajr.com.br\/#\/schema\/logo\/image\/\",\"url\":\"https:\/\/deputadotaveirajr.com.br\/wp-content\/uploads\/2026\/01\/logolow2a.png\",\"contentUrl\":\"https:\/\/deputadotaveirajr.com.br\/wp-content\/uploads\/2026\/01\/logolow2a.png\",\"width\":290,\"height\":80,\"caption\":\"Taveira Jr\"},\"image\":{\"@id\":\"https:\/\/deputadotaveirajr.com.br\/#\/schema\/logo\/image\/\"}}]}<\/script>\n<!-- \/ Yoast SEO plugin. -->","yoast_head_json":{"title":"Estrutura de circo cai ap\u00f3s fortes chuvas na Grande Natal; 'Desespero bateu', diz artista - Taveira Jr","robots":{"index":"index","follow":"follow","max-snippet":"max-snippet:-1","max-image-preview":"max-image-preview:large","max-video-preview":"max-video-preview:-1"},"canonical":"https:\/\/deputadotaveirajr.com.br\/index.php\/estrutura-de-circo-cai-apos-fortes-chuvas-na-grande-natal-desespero-bateu-diz-artista\/","og_locale":"pt_BR","og_type":"article","og_title":"Estrutura de circo cai ap\u00f3s fortes chuvas na Grande Natal; 'Desespero bateu', diz artista - Taveira Jr","og_description":"Palco, cortina, cadeiras e sistema de som foram danificados tamb\u00e9m com a queda da estrutura. Ningu\u00e9m ficou ferido no acidente, que aconteceu na tarde desta segunda-feira (1\u00ba). Circo caiu e ...","og_url":"https:\/\/deputadotaveirajr.com.br\/index.php\/estrutura-de-circo-cai-apos-fortes-chuvas-na-grande-natal-desespero-bateu-diz-artista\/","og_site_name":"Taveira Jr","og_image":[{"width":1600,"height":1200,"url":"https:\/\/deputadotaveirajr.com.br\/wp-content\/uploads\/2024\/04\/whatsapp-image-2024-04-02-at-11.29.31-azLQRC.jpeg","type":"image\/jpeg"}],"twitter_card":"summary_large_image","twitter_misc":{"Est. tempo de leitura":"3 minutos"},"schema":{"@context":"https:\/\/schema.org","@graph":[{"@type":"WebPage","@id":"https:\/\/deputadotaveirajr.com.br\/index.php\/estrutura-de-circo-cai-apos-fortes-chuvas-na-grande-natal-desespero-bateu-diz-artista\/","url":"https:\/\/deputadotaveirajr.com.br\/index.php\/estrutura-de-circo-cai-apos-fortes-chuvas-na-grande-natal-desespero-bateu-diz-artista\/","name":"Estrutura de circo cai ap\u00f3s fortes chuvas na Grande Natal; 'Desespero bateu', diz artista - Taveira Jr","isPartOf":{"@id":"https:\/\/deputadotaveirajr.com.br\/#website"},"primaryImageOfPage":{"@id":"https:\/\/deputadotaveirajr.com.br\/index.php\/estrutura-de-circo-cai-apos-fortes-chuvas-na-grande-natal-desespero-bateu-diz-artista\/#primaryimage"},"image":{"@id":"https:\/\/deputadotaveirajr.com.br\/index.php\/estrutura-de-circo-cai-apos-fortes-chuvas-na-grande-natal-desespero-bateu-diz-artista\/#primaryimage"},"thumbnailUrl":"https:\/\/deputadotaveirajr.com.br\/wp-content\/uploads\/2024\/04\/whatsapp-image-2024-04-02-at-11.29.31-azLQRC.jpeg","datePublished":"2024-04-02T18:48:20+00:00","breadcrumb":{"@id":"https:\/\/deputadotaveirajr.com.br\/index.php\/estrutura-de-circo-cai-apos-fortes-chuvas-na-grande-natal-desespero-bateu-diz-artista\/#breadcrumb"},"inLanguage":"pt-BR","potentialAction":[{"@type":"ReadAction","target":["https:\/\/deputadotaveirajr.com.br\/index.php\/estrutura-de-circo-cai-apos-fortes-chuvas-na-grande-natal-desespero-bateu-diz-artista\/"]}]},{"@type":"ImageObject","inLanguage":"pt-BR","@id":"https:\/\/deputadotaveirajr.com.br\/index.php\/estrutura-de-circo-cai-apos-fortes-chuvas-na-grande-natal-desespero-bateu-diz-artista\/#primaryimage","url":"https:\/\/deputadotaveirajr.com.br\/wp-content\/uploads\/2024\/04\/whatsapp-image-2024-04-02-at-11.29.31-azLQRC.jpeg","contentUrl":"https:\/\/deputadotaveirajr.com.br\/wp-content\/uploads\/2024\/04\/whatsapp-image-2024-04-02-at-11.29.31-azLQRC.jpeg","width":1600,"height":1200},{"@type":"BreadcrumbList","@id":"https:\/\/deputadotaveirajr.com.br\/index.php\/estrutura-de-circo-cai-apos-fortes-chuvas-na-grande-natal-desespero-bateu-diz-artista\/#breadcrumb","itemListElement":[{"@type":"ListItem","position":1,"name":"In\u00edcio","item":"https:\/\/deputadotaveirajr.com.br\/"},{"@type":"ListItem","position":2,"name":"Estrutura de circo cai ap\u00f3s fortes chuvas na Grande Natal; &#8216;Desespero bateu&#8217;, diz artista"}]},{"@type":"WebSite","@id":"https:\/\/deputadotaveirajr.com.br\/#website","url":"https:\/\/deputadotaveirajr.com.br\/","name":"Taveira Jr","description":"Deputado Estadual","publisher":{"@id":"https:\/\/deputadotaveirajr.com.br\/#organization"},"potentialAction":[{"@type":"SearchAction","target":{"@type":"EntryPoint","urlTemplate":"https:\/\/deputadotaveirajr.com.br\/?s={search_term_string}"},"query-input":{"@type":"PropertyValueSpecification","valueRequired":true,"valueName":"search_term_string"}}],"inLanguage":"pt-BR"},{"@type":"Organization","@id":"https:\/\/deputadotaveirajr.com.br\/#organization","name":"Taveira Jr","url":"https:\/\/deputadotaveirajr.com.br\/","logo":{"@type":"ImageObject","inLanguage":"pt-BR","@id":"https:\/\/deputadotaveirajr.com.br\/#\/schema\/logo\/image\/","url":"https:\/\/deputadotaveirajr.com.br\/wp-content\/uploads\/2026\/01\/logolow2a.png","contentUrl":"https:\/\/deputadotaveirajr.com.br\/wp-content\/uploads\/2026\/01\/logolow2a.png","width":290,"height":80,"caption":"Taveira Jr"},"image":{"@id":"https:\/\/deputadotaveirajr.com.br\/#\/schema\/logo\/image\/"}}]}},"_links":{"self":[{"href":"https:\/\/deputadotaveirajr.com.br\/index.php\/wp-json\/wp\/v2\/pages\/5025","targetHints":{"allow":["GET"]}}],"collection":[{"href":"https:\/\/deputadotaveirajr.com.br\/index.php\/wp-json\/wp\/v2\/pages"}],"about":[{"href":"https:\/\/deputadotaveirajr.com.br\/index.php\/wp-json\/wp\/v2\/types\/page"}],"replies":[{"embeddable":true,"href":"https:\/\/deputadotaveirajr.com.br\/index.php\/wp-json\/wp\/v2\/comments?post=5025"}],"version-history":[{"count":1,"href":"https:\/\/deputadotaveirajr.com.br\/index.php\/wp-json\/wp\/v2\/pages\/5025\/revisions"}],"predecessor-version":[{"id":5028,"href":"https:\/\/deputadotaveirajr.com.br\/index.php\/wp-json\/wp\/v2\/pages\/5025\/revisions\/5028"}],"wp:featuredmedia":[{"embeddable":true,"href":"https:\/\/deputadotaveirajr.com.br\/index.php\/wp-json\/wp\/v2\/media\/5026"}],"wp:attachment":[{"href":"https:\/\/deputadotaveirajr.com.br\/index.php\/wp-json\/wp\/v2\/media?parent=5025"}],"curies":[{"name":"wp","href":"https:\/\/api.w.org\/{rel}","templated":true}]}}