{"id":5041,"date":"2024-04-03T11:29:41","date_gmt":"2024-04-03T14:29:41","guid":{"rendered":"https:\/\/deputadotaveirajr.com.br\/?page_id=5041"},"modified":"2024-04-03T11:29:41","modified_gmt":"2024-04-03T14:29:41","slug":"curso-gratuito-no-setor-de-energia-eolica-oferece-vagas-no-interior-do-rio-grande-do-norte","status":"publish","type":"page","link":"https:\/\/deputadotaveirajr.com.br\/index.php\/curso-gratuito-no-setor-de-energia-eolica-oferece-vagas-no-interior-do-rio-grande-do-norte\/","title":{"rendered":"Curso gratuito no setor de energia e\u00f3lica oferece vagas no interior do Rio Grande do Norte"},"content":{"rendered":"<p>     Forma\u00e7\u00e3o vai acontecer em Jandaira, Guamar\u00e9 e comunidades do entorno dos munic\u00edpios potiguares. Sede do Senai em Natal<br \/>\nRenata Moura<br \/>\nO Senai e duas empresas da \u00e1rea de energias renov\u00e1veis lan\u00e7aram um processo seletivo com 56 vagas para o curso gratuito de \u201cAssistente operacional de energia e\u00f3lica\u201d, distribu\u00eddas entre os munic\u00edpios de Janda\u00edra, Guamar\u00e9 e comunidades do entorno.<br \/>\nSegundo o Senai, a regi\u00e3o foi contemplada pelo Programa Keep it Local por abranger in\u00fameros projetos e\u00f3licos em desenvolvimento, constru\u00e7\u00e3o e opera\u00e7\u00e3o.<br \/>\nAs inscri\u00e7\u00f5es s\u00e3o presenciais e sem custos em todos os locais e, dependendo da \u00e1rea, podem ser realizadas at\u00e9 4 de abril. O curso ser\u00e1 ministrado entre os dias 15 de abril e 19 de junho, pelo Centro de Tecnologias do G\u00e1s e Energias Renov\u00e1veis (CTGAS-ER) do Senai do Rio Grande do Norte, principal centro de forma\u00e7\u00e3o profissional da institui\u00e7\u00e3o voltado ao setor e\u00f3lico.<br \/>\nA iniciativa \u00e9 promovida por meio da parceria entre o Senai, a EDP Renov\u00e1veis (EDPR), empresa de energias renov\u00e1veis; e a Vestas, empresa de fabrica\u00e7\u00e3o, venda, instala\u00e7\u00e3o e manuten\u00e7\u00e3o de turbinas.<br \/>\nSegundo o Senai, o programa oferece bolsas de estudos no Rio Grande do Norte para impulsionar a forma\u00e7\u00e3o profissional e ampliar as oportunidades de emprego aos moradores que vivem em zonas de baixa densidade populacional.<br \/>\nVeja o edital aqui<br \/>\nInscri\u00e7\u00f5es<br \/>\nPara concorrer a uma vaga no Programa, \u00e9 preciso ter 18 anos ou mais e ensino m\u00e9dio completo. Outros pr\u00e9-requisitos est\u00e3o detalhados no edital. A forma\u00e7\u00e3o ter\u00e1 dura\u00e7\u00e3o de 180 horas e ser\u00e1 realizada de forma presencial em Janda\u00edra, com aulas transmitidas online, ao vivo, para Guamar\u00e9.<br \/>\nAs inscri\u00e7\u00f5es come\u00e7am nesta quarta-feira (3) em Guamar\u00e9, no Centro Tecnol\u00f3gico do munic\u00edpio. O processo seletivo inclui inscri\u00e7\u00e3o presencial, entrega de documentos que comprovam o cumprimento dos pr\u00e9-requisitos; teste de conhecimentos gerais em energia e\u00f3lica e entrevista. O resultado final ser\u00e1 divulgado no dia 5 de abril e as aulas est\u00e3o programadas para o per\u00edodo de 15 de abril a 19 de junho, das 18h \u00e0s 22h.<br \/>\nVeja os v\u00eddeos mais assistidos no g1 RN<\/p>","protected":false},"excerpt":{"rendered":"<p>Forma\u00e7\u00e3o vai acontecer em Jandaira, Guamar\u00e9 e comunidades do entorno dos munic\u00edpios potiguares. Sede do Senai em Natal Renata Moura O Senai e duas empresas da \u00e1rea de energias renov\u00e1veis &#8230;<\/p>\n","protected":false},"author":0,"featured_media":5042,"parent":0,"menu_order":0,"comment_status":"closed","ping_status":"closed","template":"","meta":{"footnotes":""},"class_list":["post-5041","page","type-page","status-publish","has-post-thumbnail","hentry"],"yoast_head":"<!-- This site is optimized with the Yoast SEO plugin v27.1.1 - https:\/\/yoast.com\/product\/yoast-seo-wordpress\/ -->\n<title>Curso gratuito no setor de energia e\u00f3lica oferece vagas no interior do Rio Grande do Norte - Taveira Jr<\/title>\n<meta name=\"robots\" content=\"index, follow, max-snippet:-1, max-image-preview:large, max-video-preview:-1\" \/>\n<link rel=\"canonical\" href=\"https:\/\/deputadotaveirajr.com.br\/index.php\/curso-gratuito-no-setor-de-energia-eolica-oferece-vagas-no-interior-do-rio-grande-do-norte\/\" \/>\n<meta property=\"og:locale\" content=\"pt_BR\" \/>\n<meta property=\"og:type\" content=\"article\" \/>\n<meta property=\"og:title\" content=\"Curso gratuito no setor de energia e\u00f3lica oferece vagas no interior do Rio Grande do Norte - Taveira Jr\" \/>\n<meta property=\"og:description\" content=\"Forma\u00e7\u00e3o vai acontecer em Jandaira, Guamar\u00e9 e comunidades do entorno dos munic\u00edpios potiguares. Sede do Senai em Natal Renata Moura O Senai e duas empresas da \u00e1rea de energias renov\u00e1veis ...\" \/>\n<meta property=\"og:url\" content=\"https:\/\/deputadotaveirajr.com.br\/index.php\/curso-gratuito-no-setor-de-energia-eolica-oferece-vagas-no-interior-do-rio-grande-do-norte\/\" \/>\n<meta property=\"og:site_name\" content=\"Taveira Jr\" \/>\n<meta property=\"og:image\" content=\"https:\/\/deputadotaveirajr.com.br\/wp-content\/uploads\/2024\/04\/whatsapp-image-2021-07-08-at-11.53.07-sT4O5g.jpeg\" \/>\n\t<meta property=\"og:image:width\" content=\"1600\" \/>\n\t<meta property=\"og:image:height\" content=\"777\" \/>\n\t<meta property=\"og:image:type\" content=\"image\/jpeg\" \/>\n<meta name=\"twitter:card\" content=\"summary_large_image\" \/>\n<meta name=\"twitter:label1\" content=\"Est. tempo de leitura\" \/>\n\t<meta name=\"twitter:data1\" content=\"2 minutos\" \/>\n<script type=\"application\/ld+json\" class=\"yoast-schema-graph\">{\"@context\":\"https:\/\/schema.org\",\"@graph\":[{\"@type\":\"WebPage\",\"@id\":\"https:\/\/deputadotaveirajr.com.br\/index.php\/curso-gratuito-no-setor-de-energia-eolica-oferece-vagas-no-interior-do-rio-grande-do-norte\/\",\"url\":\"https:\/\/deputadotaveirajr.com.br\/index.php\/curso-gratuito-no-setor-de-energia-eolica-oferece-vagas-no-interior-do-rio-grande-do-norte\/\",\"name\":\"Curso gratuito no setor de energia e\u00f3lica oferece vagas no interior do Rio Grande do Norte - Taveira Jr\",\"isPartOf\":{\"@id\":\"https:\/\/deputadotaveirajr.com.br\/#website\"},\"primaryImageOfPage\":{\"@id\":\"https:\/\/deputadotaveirajr.com.br\/index.php\/curso-gratuito-no-setor-de-energia-eolica-oferece-vagas-no-interior-do-rio-grande-do-norte\/#primaryimage\"},\"image\":{\"@id\":\"https:\/\/deputadotaveirajr.com.br\/index.php\/curso-gratuito-no-setor-de-energia-eolica-oferece-vagas-no-interior-do-rio-grande-do-norte\/#primaryimage\"},\"thumbnailUrl\":\"https:\/\/deputadotaveirajr.com.br\/wp-content\/uploads\/2024\/04\/whatsapp-image-2021-07-08-at-11.53.07-sT4O5g.jpeg\",\"datePublished\":\"2024-04-03T14:29:41+00:00\",\"breadcrumb\":{\"@id\":\"https:\/\/deputadotaveirajr.com.br\/index.php\/curso-gratuito-no-setor-de-energia-eolica-oferece-vagas-no-interior-do-rio-grande-do-norte\/#breadcrumb\"},\"inLanguage\":\"pt-BR\",\"potentialAction\":[{\"@type\":\"ReadAction\",\"target\":[\"https:\/\/deputadotaveirajr.com.br\/index.php\/curso-gratuito-no-setor-de-energia-eolica-oferece-vagas-no-interior-do-rio-grande-do-norte\/\"]}]},{\"@type\":\"ImageObject\",\"inLanguage\":\"pt-BR\",\"@id\":\"https:\/\/deputadotaveirajr.com.br\/index.php\/curso-gratuito-no-setor-de-energia-eolica-oferece-vagas-no-interior-do-rio-grande-do-norte\/#primaryimage\",\"url\":\"https:\/\/deputadotaveirajr.com.br\/wp-content\/uploads\/2024\/04\/whatsapp-image-2021-07-08-at-11.53.07-sT4O5g.jpeg\",\"contentUrl\":\"https:\/\/deputadotaveirajr.com.br\/wp-content\/uploads\/2024\/04\/whatsapp-image-2021-07-08-at-11.53.07-sT4O5g.jpeg\",\"width\":1600,\"height\":777},{\"@type\":\"BreadcrumbList\",\"@id\":\"https:\/\/deputadotaveirajr.com.br\/index.php\/curso-gratuito-no-setor-de-energia-eolica-oferece-vagas-no-interior-do-rio-grande-do-norte\/#breadcrumb\",\"itemListElement\":[{\"@type\":\"ListItem\",\"position\":1,\"name\":\"In\u00edcio\",\"item\":\"https:\/\/deputadotaveirajr.com.br\/\"},{\"@type\":\"ListItem\",\"position\":2,\"name\":\"Curso gratuito no setor de energia e\u00f3lica oferece vagas no interior do Rio Grande do Norte\"}]},{\"@type\":\"WebSite\",\"@id\":\"https:\/\/deputadotaveirajr.com.br\/#website\",\"url\":\"https:\/\/deputadotaveirajr.com.br\/\",\"name\":\"Taveira Jr\",\"description\":\"Deputado Estadual\",\"publisher\":{\"@id\":\"https:\/\/deputadotaveirajr.com.br\/#organization\"},\"potentialAction\":[{\"@type\":\"SearchAction\",\"target\":{\"@type\":\"EntryPoint\",\"urlTemplate\":\"https:\/\/deputadotaveirajr.com.br\/?s={search_term_string}\"},\"query-input\":{\"@type\":\"PropertyValueSpecification\",\"valueRequired\":true,\"valueName\":\"search_term_string\"}}],\"inLanguage\":\"pt-BR\"},{\"@type\":\"Organization\",\"@id\":\"https:\/\/deputadotaveirajr.com.br\/#organization\",\"name\":\"Taveira Jr\",\"url\":\"https:\/\/deputadotaveirajr.com.br\/\",\"logo\":{\"@type\":\"ImageObject\",\"inLanguage\":\"pt-BR\",\"@id\":\"https:\/\/deputadotaveirajr.com.br\/#\/schema\/logo\/image\/\",\"url\":\"https:\/\/deputadotaveirajr.com.br\/wp-content\/uploads\/2026\/01\/logolow2a.png\",\"contentUrl\":\"https:\/\/deputadotaveirajr.com.br\/wp-content\/uploads\/2026\/01\/logolow2a.png\",\"width\":290,\"height\":80,\"caption\":\"Taveira Jr\"},\"image\":{\"@id\":\"https:\/\/deputadotaveirajr.com.br\/#\/schema\/logo\/image\/\"}}]}<\/script>\n<!-- \/ Yoast SEO plugin. -->","yoast_head_json":{"title":"Curso gratuito no setor de energia e\u00f3lica oferece vagas no interior do Rio Grande do Norte - Taveira Jr","robots":{"index":"index","follow":"follow","max-snippet":"max-snippet:-1","max-image-preview":"max-image-preview:large","max-video-preview":"max-video-preview:-1"},"canonical":"https:\/\/deputadotaveirajr.com.br\/index.php\/curso-gratuito-no-setor-de-energia-eolica-oferece-vagas-no-interior-do-rio-grande-do-norte\/","og_locale":"pt_BR","og_type":"article","og_title":"Curso gratuito no setor de energia e\u00f3lica oferece vagas no interior do Rio Grande do Norte - Taveira Jr","og_description":"Forma\u00e7\u00e3o vai acontecer em Jandaira, Guamar\u00e9 e comunidades do entorno dos munic\u00edpios potiguares. Sede do Senai em Natal Renata Moura O Senai e duas empresas da \u00e1rea de energias renov\u00e1veis ...","og_url":"https:\/\/deputadotaveirajr.com.br\/index.php\/curso-gratuito-no-setor-de-energia-eolica-oferece-vagas-no-interior-do-rio-grande-do-norte\/","og_site_name":"Taveira Jr","og_image":[{"width":1600,"height":777,"url":"https:\/\/deputadotaveirajr.com.br\/wp-content\/uploads\/2024\/04\/whatsapp-image-2021-07-08-at-11.53.07-sT4O5g.jpeg","type":"image\/jpeg"}],"twitter_card":"summary_large_image","twitter_misc":{"Est. tempo de leitura":"2 minutos"},"schema":{"@context":"https:\/\/schema.org","@graph":[{"@type":"WebPage","@id":"https:\/\/deputadotaveirajr.com.br\/index.php\/curso-gratuito-no-setor-de-energia-eolica-oferece-vagas-no-interior-do-rio-grande-do-norte\/","url":"https:\/\/deputadotaveirajr.com.br\/index.php\/curso-gratuito-no-setor-de-energia-eolica-oferece-vagas-no-interior-do-rio-grande-do-norte\/","name":"Curso gratuito no setor de energia e\u00f3lica oferece vagas no interior do Rio Grande do Norte - Taveira Jr","isPartOf":{"@id":"https:\/\/deputadotaveirajr.com.br\/#website"},"primaryImageOfPage":{"@id":"https:\/\/deputadotaveirajr.com.br\/index.php\/curso-gratuito-no-setor-de-energia-eolica-oferece-vagas-no-interior-do-rio-grande-do-norte\/#primaryimage"},"image":{"@id":"https:\/\/deputadotaveirajr.com.br\/index.php\/curso-gratuito-no-setor-de-energia-eolica-oferece-vagas-no-interior-do-rio-grande-do-norte\/#primaryimage"},"thumbnailUrl":"https:\/\/deputadotaveirajr.com.br\/wp-content\/uploads\/2024\/04\/whatsapp-image-2021-07-08-at-11.53.07-sT4O5g.jpeg","datePublished":"2024-04-03T14:29:41+00:00","breadcrumb":{"@id":"https:\/\/deputadotaveirajr.com.br\/index.php\/curso-gratuito-no-setor-de-energia-eolica-oferece-vagas-no-interior-do-rio-grande-do-norte\/#breadcrumb"},"inLanguage":"pt-BR","potentialAction":[{"@type":"ReadAction","target":["https:\/\/deputadotaveirajr.com.br\/index.php\/curso-gratuito-no-setor-de-energia-eolica-oferece-vagas-no-interior-do-rio-grande-do-norte\/"]}]},{"@type":"ImageObject","inLanguage":"pt-BR","@id":"https:\/\/deputadotaveirajr.com.br\/index.php\/curso-gratuito-no-setor-de-energia-eolica-oferece-vagas-no-interior-do-rio-grande-do-norte\/#primaryimage","url":"https:\/\/deputadotaveirajr.com.br\/wp-content\/uploads\/2024\/04\/whatsapp-image-2021-07-08-at-11.53.07-sT4O5g.jpeg","contentUrl":"https:\/\/deputadotaveirajr.com.br\/wp-content\/uploads\/2024\/04\/whatsapp-image-2021-07-08-at-11.53.07-sT4O5g.jpeg","width":1600,"height":777},{"@type":"BreadcrumbList","@id":"https:\/\/deputadotaveirajr.com.br\/index.php\/curso-gratuito-no-setor-de-energia-eolica-oferece-vagas-no-interior-do-rio-grande-do-norte\/#breadcrumb","itemListElement":[{"@type":"ListItem","position":1,"name":"In\u00edcio","item":"https:\/\/deputadotaveirajr.com.br\/"},{"@type":"ListItem","position":2,"name":"Curso gratuito no setor de energia e\u00f3lica oferece vagas no interior do Rio Grande do Norte"}]},{"@type":"WebSite","@id":"https:\/\/deputadotaveirajr.com.br\/#website","url":"https:\/\/deputadotaveirajr.com.br\/","name":"Taveira Jr","description":"Deputado Estadual","publisher":{"@id":"https:\/\/deputadotaveirajr.com.br\/#organization"},"potentialAction":[{"@type":"SearchAction","target":{"@type":"EntryPoint","urlTemplate":"https:\/\/deputadotaveirajr.com.br\/?s={search_term_string}"},"query-input":{"@type":"PropertyValueSpecification","valueRequired":true,"valueName":"search_term_string"}}],"inLanguage":"pt-BR"},{"@type":"Organization","@id":"https:\/\/deputadotaveirajr.com.br\/#organization","name":"Taveira Jr","url":"https:\/\/deputadotaveirajr.com.br\/","logo":{"@type":"ImageObject","inLanguage":"pt-BR","@id":"https:\/\/deputadotaveirajr.com.br\/#\/schema\/logo\/image\/","url":"https:\/\/deputadotaveirajr.com.br\/wp-content\/uploads\/2026\/01\/logolow2a.png","contentUrl":"https:\/\/deputadotaveirajr.com.br\/wp-content\/uploads\/2026\/01\/logolow2a.png","width":290,"height":80,"caption":"Taveira Jr"},"image":{"@id":"https:\/\/deputadotaveirajr.com.br\/#\/schema\/logo\/image\/"}}]}},"_links":{"self":[{"href":"https:\/\/deputadotaveirajr.com.br\/index.php\/wp-json\/wp\/v2\/pages\/5041","targetHints":{"allow":["GET"]}}],"collection":[{"href":"https:\/\/deputadotaveirajr.com.br\/index.php\/wp-json\/wp\/v2\/pages"}],"about":[{"href":"https:\/\/deputadotaveirajr.com.br\/index.php\/wp-json\/wp\/v2\/types\/page"}],"replies":[{"embeddable":true,"href":"https:\/\/deputadotaveirajr.com.br\/index.php\/wp-json\/wp\/v2\/comments?post=5041"}],"version-history":[{"count":1,"href":"https:\/\/deputadotaveirajr.com.br\/index.php\/wp-json\/wp\/v2\/pages\/5041\/revisions"}],"predecessor-version":[{"id":5045,"href":"https:\/\/deputadotaveirajr.com.br\/index.php\/wp-json\/wp\/v2\/pages\/5041\/revisions\/5045"}],"wp:featuredmedia":[{"embeddable":true,"href":"https:\/\/deputadotaveirajr.com.br\/index.php\/wp-json\/wp\/v2\/media\/5042"}],"wp:attachment":[{"href":"https:\/\/deputadotaveirajr.com.br\/index.php\/wp-json\/wp\/v2\/media?parent=5041"}],"curies":[{"name":"wp","href":"https:\/\/api.w.org\/{rel}","templated":true}]}}