{"id":5064,"date":"2024-04-04T11:26:46","date_gmt":"2024-04-04T14:26:46","guid":{"rendered":"https:\/\/deputadotaveirajr.com.br\/?page_id=5064"},"modified":"2024-04-04T11:26:46","modified_gmt":"2024-04-04T14:26:46","slug":"policia-civil-conclui-investigacao-sobre-morte-de-motoentregador-e-indicia-dois-suspeitos-de-latrocinio-em-mossoro","status":"publish","type":"page","link":"https:\/\/deputadotaveirajr.com.br\/index.php\/policia-civil-conclui-investigacao-sobre-morte-de-motoentregador-e-indicia-dois-suspeitos-de-latrocinio-em-mossoro\/","title":{"rendered":"Pol\u00edcia Civil conclui investiga\u00e7\u00e3o sobre morte de motoentregador e indicia dois suspeitos de latroc\u00ednio em Mossor\u00f3"},"content":{"rendered":"<p>     Caso aconteceu no in\u00edcio da madrugada do dia 21 de janeiro no bairro Pousada do Thermas. Segundo Pol\u00edcia Civil, v\u00edtima foi baleada ap\u00f3s recursar entregar moto a assaltante. A Pol\u00edcia Civil do Rio Grande do Norte anunciou que concluiu nesta quarta-feira (3) as investiga\u00e7\u00f5es sobre a morte do motoentregador Francisco R\u00eago Canuto, de 41 anos, que aconteceu no in\u00edcio da madrugada de 21 de janeiro em Mossor\u00f3, no Oeste potiguar.<br \/>\nDois suspeitos foram indiciados e o inqu\u00e9rito agora segue para o Minist\u00e9rio P\u00fablico.<br \/>\nO crime aconteceu na madrugada do dia 21 de janeiro de 2024, no bairro Pousada dos Thermas, na cidade de Mossor\u00f3.<br \/>\nSegundo os investigadores, tr\u00eas criminosos realizaram roubos em duas resid\u00eancias e depois foram perseguidos pela Pol\u00edcia Militar.<br \/>\nDurante a fuga, um dos tr\u00eas assaltantes abordou e tentou roubar a motocicleta de Francisco R\u00eago. Por\u00e9m, a v\u00edtima, que estava trabalhando, se recusou a entregar a moto, e foi assassinada com quatro tiros de arma de fogo.<br \/>\nAp\u00f3s as investiga\u00e7\u00f5es, a Pol\u00edcia Civil identificou dois homens, um de 20 anos, e o outro de 29. A dupla, que tamb\u00e9m responde pelo crime de roubo, foi indicada tamb\u00e9m por latroc\u00ednio &#8211; roubo com resultado de morte.<br \/>\nSegundo a delegada Cristiane Magalh\u00e3es, da DHPP de Mossor\u00f3, um terceiro indiv\u00edduo foi identificado, mas a pol\u00edcia n\u00e3o conseguiu provas suficientes para indici\u00e1-lo.<br \/>\nPol\u00edcia Civil Delegacia de Homic\u00eddios e Prote\u00e7\u00e3o \u00e0 Pessoas DHPP DHM, Denarc, DEA Mossor\u00f3 RN DRPC<br \/>\nReprodu\u00e7\u00e3o\/Inter TV Costa Branca<br \/>\nVeja os v\u00eddeos mais assistidos no g1 RN<\/p>","protected":false},"excerpt":{"rendered":"<p>Caso aconteceu no in\u00edcio da madrugada do dia 21 de janeiro no bairro Pousada do Thermas. Segundo Pol\u00edcia Civil, v\u00edtima foi baleada ap\u00f3s recursar entregar moto a assaltante. A Pol\u00edcia &#8230;<\/p>\n","protected":false},"author":0,"featured_media":5065,"parent":0,"menu_order":0,"comment_status":"closed","ping_status":"closed","template":"","meta":{"footnotes":""},"class_list":["post-5064","page","type-page","status-publish","has-post-thumbnail","hentry"],"yoast_head":"<!-- This site is optimized with the Yoast SEO plugin v27.1.1 - https:\/\/yoast.com\/product\/yoast-seo-wordpress\/ -->\n<title>Pol\u00edcia Civil conclui investiga\u00e7\u00e3o sobre morte de motoentregador e indicia dois suspeitos de latroc\u00ednio em Mossor\u00f3 - Taveira Jr<\/title>\n<meta name=\"robots\" content=\"index, follow, max-snippet:-1, max-image-preview:large, max-video-preview:-1\" \/>\n<link rel=\"canonical\" href=\"https:\/\/deputadotaveirajr.com.br\/index.php\/policia-civil-conclui-investigacao-sobre-morte-de-motoentregador-e-indicia-dois-suspeitos-de-latrocinio-em-mossoro\/\" \/>\n<meta property=\"og:locale\" content=\"pt_BR\" \/>\n<meta property=\"og:type\" content=\"article\" \/>\n<meta property=\"og:title\" content=\"Pol\u00edcia Civil conclui investiga\u00e7\u00e3o sobre morte de motoentregador e indicia dois suspeitos de latroc\u00ednio em Mossor\u00f3 - Taveira Jr\" \/>\n<meta property=\"og:description\" content=\"Caso aconteceu no in\u00edcio da madrugada do dia 21 de janeiro no bairro Pousada do Thermas. Segundo Pol\u00edcia Civil, v\u00edtima foi baleada ap\u00f3s recursar entregar moto a assaltante. A Pol\u00edcia ...\" \/>\n<meta property=\"og:url\" content=\"https:\/\/deputadotaveirajr.com.br\/index.php\/policia-civil-conclui-investigacao-sobre-morte-de-motoentregador-e-indicia-dois-suspeitos-de-latrocinio-em-mossoro\/\" \/>\n<meta property=\"og:site_name\" content=\"Taveira Jr\" \/>\n<meta property=\"og:image\" content=\"https:\/\/deputadotaveirajr.com.br\/wp-content\/uploads\/2024\/04\/543656543-k4qI6B.jpeg\" \/>\n\t<meta property=\"og:image:width\" content=\"1219\" \/>\n\t<meta property=\"og:image:height\" content=\"667\" \/>\n\t<meta property=\"og:image:type\" content=\"image\/jpeg\" \/>\n<meta name=\"twitter:card\" content=\"summary_large_image\" \/>\n<meta name=\"twitter:label1\" content=\"Est. tempo de leitura\" \/>\n\t<meta name=\"twitter:data1\" content=\"1 minuto\" \/>\n<script type=\"application\/ld+json\" class=\"yoast-schema-graph\">{\"@context\":\"https:\/\/schema.org\",\"@graph\":[{\"@type\":\"WebPage\",\"@id\":\"https:\/\/deputadotaveirajr.com.br\/index.php\/policia-civil-conclui-investigacao-sobre-morte-de-motoentregador-e-indicia-dois-suspeitos-de-latrocinio-em-mossoro\/\",\"url\":\"https:\/\/deputadotaveirajr.com.br\/index.php\/policia-civil-conclui-investigacao-sobre-morte-de-motoentregador-e-indicia-dois-suspeitos-de-latrocinio-em-mossoro\/\",\"name\":\"Pol\u00edcia Civil conclui investiga\u00e7\u00e3o sobre morte de motoentregador e indicia dois suspeitos de latroc\u00ednio em Mossor\u00f3 - Taveira Jr\",\"isPartOf\":{\"@id\":\"https:\/\/deputadotaveirajr.com.br\/#website\"},\"primaryImageOfPage\":{\"@id\":\"https:\/\/deputadotaveirajr.com.br\/index.php\/policia-civil-conclui-investigacao-sobre-morte-de-motoentregador-e-indicia-dois-suspeitos-de-latrocinio-em-mossoro\/#primaryimage\"},\"image\":{\"@id\":\"https:\/\/deputadotaveirajr.com.br\/index.php\/policia-civil-conclui-investigacao-sobre-morte-de-motoentregador-e-indicia-dois-suspeitos-de-latrocinio-em-mossoro\/#primaryimage\"},\"thumbnailUrl\":\"https:\/\/deputadotaveirajr.com.br\/wp-content\/uploads\/2024\/04\/543656543-k4qI6B.jpeg\",\"datePublished\":\"2024-04-04T14:26:46+00:00\",\"breadcrumb\":{\"@id\":\"https:\/\/deputadotaveirajr.com.br\/index.php\/policia-civil-conclui-investigacao-sobre-morte-de-motoentregador-e-indicia-dois-suspeitos-de-latrocinio-em-mossoro\/#breadcrumb\"},\"inLanguage\":\"pt-BR\",\"potentialAction\":[{\"@type\":\"ReadAction\",\"target\":[\"https:\/\/deputadotaveirajr.com.br\/index.php\/policia-civil-conclui-investigacao-sobre-morte-de-motoentregador-e-indicia-dois-suspeitos-de-latrocinio-em-mossoro\/\"]}]},{\"@type\":\"ImageObject\",\"inLanguage\":\"pt-BR\",\"@id\":\"https:\/\/deputadotaveirajr.com.br\/index.php\/policia-civil-conclui-investigacao-sobre-morte-de-motoentregador-e-indicia-dois-suspeitos-de-latrocinio-em-mossoro\/#primaryimage\",\"url\":\"https:\/\/deputadotaveirajr.com.br\/wp-content\/uploads\/2024\/04\/543656543-k4qI6B.jpeg\",\"contentUrl\":\"https:\/\/deputadotaveirajr.com.br\/wp-content\/uploads\/2024\/04\/543656543-k4qI6B.jpeg\",\"width\":1219,\"height\":667},{\"@type\":\"BreadcrumbList\",\"@id\":\"https:\/\/deputadotaveirajr.com.br\/index.php\/policia-civil-conclui-investigacao-sobre-morte-de-motoentregador-e-indicia-dois-suspeitos-de-latrocinio-em-mossoro\/#breadcrumb\",\"itemListElement\":[{\"@type\":\"ListItem\",\"position\":1,\"name\":\"In\u00edcio\",\"item\":\"https:\/\/deputadotaveirajr.com.br\/\"},{\"@type\":\"ListItem\",\"position\":2,\"name\":\"Pol\u00edcia Civil conclui investiga\u00e7\u00e3o sobre morte de motoentregador e indicia dois suspeitos de latroc\u00ednio em Mossor\u00f3\"}]},{\"@type\":\"WebSite\",\"@id\":\"https:\/\/deputadotaveirajr.com.br\/#website\",\"url\":\"https:\/\/deputadotaveirajr.com.br\/\",\"name\":\"Taveira Jr\",\"description\":\"Deputado Estadual\",\"publisher\":{\"@id\":\"https:\/\/deputadotaveirajr.com.br\/#organization\"},\"potentialAction\":[{\"@type\":\"SearchAction\",\"target\":{\"@type\":\"EntryPoint\",\"urlTemplate\":\"https:\/\/deputadotaveirajr.com.br\/?s={search_term_string}\"},\"query-input\":{\"@type\":\"PropertyValueSpecification\",\"valueRequired\":true,\"valueName\":\"search_term_string\"}}],\"inLanguage\":\"pt-BR\"},{\"@type\":\"Organization\",\"@id\":\"https:\/\/deputadotaveirajr.com.br\/#organization\",\"name\":\"Taveira Jr\",\"url\":\"https:\/\/deputadotaveirajr.com.br\/\",\"logo\":{\"@type\":\"ImageObject\",\"inLanguage\":\"pt-BR\",\"@id\":\"https:\/\/deputadotaveirajr.com.br\/#\/schema\/logo\/image\/\",\"url\":\"https:\/\/deputadotaveirajr.com.br\/wp-content\/uploads\/2026\/01\/logolow2a.png\",\"contentUrl\":\"https:\/\/deputadotaveirajr.com.br\/wp-content\/uploads\/2026\/01\/logolow2a.png\",\"width\":290,\"height\":80,\"caption\":\"Taveira Jr\"},\"image\":{\"@id\":\"https:\/\/deputadotaveirajr.com.br\/#\/schema\/logo\/image\/\"}}]}<\/script>\n<!-- \/ Yoast SEO plugin. -->","yoast_head_json":{"title":"Pol\u00edcia Civil conclui investiga\u00e7\u00e3o sobre morte de motoentregador e indicia dois suspeitos de latroc\u00ednio em Mossor\u00f3 - Taveira Jr","robots":{"index":"index","follow":"follow","max-snippet":"max-snippet:-1","max-image-preview":"max-image-preview:large","max-video-preview":"max-video-preview:-1"},"canonical":"https:\/\/deputadotaveirajr.com.br\/index.php\/policia-civil-conclui-investigacao-sobre-morte-de-motoentregador-e-indicia-dois-suspeitos-de-latrocinio-em-mossoro\/","og_locale":"pt_BR","og_type":"article","og_title":"Pol\u00edcia Civil conclui investiga\u00e7\u00e3o sobre morte de motoentregador e indicia dois suspeitos de latroc\u00ednio em Mossor\u00f3 - Taveira Jr","og_description":"Caso aconteceu no in\u00edcio da madrugada do dia 21 de janeiro no bairro Pousada do Thermas. Segundo Pol\u00edcia Civil, v\u00edtima foi baleada ap\u00f3s recursar entregar moto a assaltante. A Pol\u00edcia ...","og_url":"https:\/\/deputadotaveirajr.com.br\/index.php\/policia-civil-conclui-investigacao-sobre-morte-de-motoentregador-e-indicia-dois-suspeitos-de-latrocinio-em-mossoro\/","og_site_name":"Taveira Jr","og_image":[{"width":1219,"height":667,"url":"https:\/\/deputadotaveirajr.com.br\/wp-content\/uploads\/2024\/04\/543656543-k4qI6B.jpeg","type":"image\/jpeg"}],"twitter_card":"summary_large_image","twitter_misc":{"Est. tempo de leitura":"1 minuto"},"schema":{"@context":"https:\/\/schema.org","@graph":[{"@type":"WebPage","@id":"https:\/\/deputadotaveirajr.com.br\/index.php\/policia-civil-conclui-investigacao-sobre-morte-de-motoentregador-e-indicia-dois-suspeitos-de-latrocinio-em-mossoro\/","url":"https:\/\/deputadotaveirajr.com.br\/index.php\/policia-civil-conclui-investigacao-sobre-morte-de-motoentregador-e-indicia-dois-suspeitos-de-latrocinio-em-mossoro\/","name":"Pol\u00edcia Civil conclui investiga\u00e7\u00e3o sobre morte de motoentregador e indicia dois suspeitos de latroc\u00ednio em Mossor\u00f3 - Taveira Jr","isPartOf":{"@id":"https:\/\/deputadotaveirajr.com.br\/#website"},"primaryImageOfPage":{"@id":"https:\/\/deputadotaveirajr.com.br\/index.php\/policia-civil-conclui-investigacao-sobre-morte-de-motoentregador-e-indicia-dois-suspeitos-de-latrocinio-em-mossoro\/#primaryimage"},"image":{"@id":"https:\/\/deputadotaveirajr.com.br\/index.php\/policia-civil-conclui-investigacao-sobre-morte-de-motoentregador-e-indicia-dois-suspeitos-de-latrocinio-em-mossoro\/#primaryimage"},"thumbnailUrl":"https:\/\/deputadotaveirajr.com.br\/wp-content\/uploads\/2024\/04\/543656543-k4qI6B.jpeg","datePublished":"2024-04-04T14:26:46+00:00","breadcrumb":{"@id":"https:\/\/deputadotaveirajr.com.br\/index.php\/policia-civil-conclui-investigacao-sobre-morte-de-motoentregador-e-indicia-dois-suspeitos-de-latrocinio-em-mossoro\/#breadcrumb"},"inLanguage":"pt-BR","potentialAction":[{"@type":"ReadAction","target":["https:\/\/deputadotaveirajr.com.br\/index.php\/policia-civil-conclui-investigacao-sobre-morte-de-motoentregador-e-indicia-dois-suspeitos-de-latrocinio-em-mossoro\/"]}]},{"@type":"ImageObject","inLanguage":"pt-BR","@id":"https:\/\/deputadotaveirajr.com.br\/index.php\/policia-civil-conclui-investigacao-sobre-morte-de-motoentregador-e-indicia-dois-suspeitos-de-latrocinio-em-mossoro\/#primaryimage","url":"https:\/\/deputadotaveirajr.com.br\/wp-content\/uploads\/2024\/04\/543656543-k4qI6B.jpeg","contentUrl":"https:\/\/deputadotaveirajr.com.br\/wp-content\/uploads\/2024\/04\/543656543-k4qI6B.jpeg","width":1219,"height":667},{"@type":"BreadcrumbList","@id":"https:\/\/deputadotaveirajr.com.br\/index.php\/policia-civil-conclui-investigacao-sobre-morte-de-motoentregador-e-indicia-dois-suspeitos-de-latrocinio-em-mossoro\/#breadcrumb","itemListElement":[{"@type":"ListItem","position":1,"name":"In\u00edcio","item":"https:\/\/deputadotaveirajr.com.br\/"},{"@type":"ListItem","position":2,"name":"Pol\u00edcia Civil conclui investiga\u00e7\u00e3o sobre morte de motoentregador e indicia dois suspeitos de latroc\u00ednio em Mossor\u00f3"}]},{"@type":"WebSite","@id":"https:\/\/deputadotaveirajr.com.br\/#website","url":"https:\/\/deputadotaveirajr.com.br\/","name":"Taveira Jr","description":"Deputado Estadual","publisher":{"@id":"https:\/\/deputadotaveirajr.com.br\/#organization"},"potentialAction":[{"@type":"SearchAction","target":{"@type":"EntryPoint","urlTemplate":"https:\/\/deputadotaveirajr.com.br\/?s={search_term_string}"},"query-input":{"@type":"PropertyValueSpecification","valueRequired":true,"valueName":"search_term_string"}}],"inLanguage":"pt-BR"},{"@type":"Organization","@id":"https:\/\/deputadotaveirajr.com.br\/#organization","name":"Taveira Jr","url":"https:\/\/deputadotaveirajr.com.br\/","logo":{"@type":"ImageObject","inLanguage":"pt-BR","@id":"https:\/\/deputadotaveirajr.com.br\/#\/schema\/logo\/image\/","url":"https:\/\/deputadotaveirajr.com.br\/wp-content\/uploads\/2026\/01\/logolow2a.png","contentUrl":"https:\/\/deputadotaveirajr.com.br\/wp-content\/uploads\/2026\/01\/logolow2a.png","width":290,"height":80,"caption":"Taveira Jr"},"image":{"@id":"https:\/\/deputadotaveirajr.com.br\/#\/schema\/logo\/image\/"}}]}},"_links":{"self":[{"href":"https:\/\/deputadotaveirajr.com.br\/index.php\/wp-json\/wp\/v2\/pages\/5064","targetHints":{"allow":["GET"]}}],"collection":[{"href":"https:\/\/deputadotaveirajr.com.br\/index.php\/wp-json\/wp\/v2\/pages"}],"about":[{"href":"https:\/\/deputadotaveirajr.com.br\/index.php\/wp-json\/wp\/v2\/types\/page"}],"replies":[{"embeddable":true,"href":"https:\/\/deputadotaveirajr.com.br\/index.php\/wp-json\/wp\/v2\/comments?post=5064"}],"version-history":[{"count":1,"href":"https:\/\/deputadotaveirajr.com.br\/index.php\/wp-json\/wp\/v2\/pages\/5064\/revisions"}],"predecessor-version":[{"id":5070,"href":"https:\/\/deputadotaveirajr.com.br\/index.php\/wp-json\/wp\/v2\/pages\/5064\/revisions\/5070"}],"wp:featuredmedia":[{"embeddable":true,"href":"https:\/\/deputadotaveirajr.com.br\/index.php\/wp-json\/wp\/v2\/media\/5065"}],"wp:attachment":[{"href":"https:\/\/deputadotaveirajr.com.br\/index.php\/wp-json\/wp\/v2\/media?parent=5064"}],"curies":[{"name":"wp","href":"https:\/\/api.w.org\/{rel}","templated":true}]}}