{"id":5068,"date":"2024-04-04T13:20:48","date_gmt":"2024-04-04T16:20:48","guid":{"rendered":"https:\/\/deputadotaveirajr.com.br\/?page_id=5068"},"modified":"2024-04-04T13:20:48","modified_gmt":"2024-04-04T16:20:48","slug":"imagens-aereas-mostram-sangria-do-acude-gargalheiras","status":"publish","type":"page","link":"https:\/\/deputadotaveirajr.com.br\/index.php\/imagens-aereas-mostram-sangria-do-acude-gargalheiras\/","title":{"rendered":"Imagens a\u00e9reas mostram sangria do a\u00e7ude Gargalheiras"},"content":{"rendered":"<p>     Transbordo n\u00e3o acontecia desde maio de 2011. A\u00e7ude foi cen\u00e1rio da grava\u00e7\u00e3o do filme &#8216;Bacurau&#8217; quando estava seco. Imagens mostram Gargalheiras sangrando nesta quinta (4) &#8211; Imagens: Cl\u00e9ber Dantas<br \/>\nO a\u00e7ude Gargalheiras, localizado no munic\u00edpio de Acari, no Serid\u00f3 potiguar, sangrou na noite desta quarta-feira (3) ap\u00f3s 13 anos. A sangria foi comemorada com fogos e ora\u00e7\u00f5es pelos sertanejos.<br \/>\nA sangria do Gargalheiras representa fartura para o povo seridoense que tanto j\u00e1 sofreu com a seca no estado. As imagens acima, feitas na manh\u00e3 desta quinta (4) pelo rep\u00f3rter cinematogr\u00e1fico Cl\u00e9ber Dantas, mostram o transbordo do a\u00e7ude.<br \/>\nNo Gargalheiras, o transbordo acontece por uma parede de mais de 20 metros, proporcionando o que os sertanejos da regi\u00e3o chamam de &#8220;v\u00e9u de noiva&#8221; quando h\u00e1 a queda d&#8217;\u00e1gua, mas esse espet\u00e1culo ainda n\u00e3o come\u00e7ou.<br \/>\nO local foi cen\u00e1rio do filme brasileiro &#8220;Bacurau&#8221;, quando estava completamente seco, em 2018. O a\u00e7ude \u00e9 patrim\u00f4nio hist\u00f3rico, geogr\u00e1fico, paisag\u00edstico, ambiental e tur\u00edstico do Rio Grande do Norte.<br \/>\nLEIA TAMB\u00c9M<br \/>\nJANEIRO DE 2021: A\u00e7ude Gargalheiras virou patrim\u00f4nio hist\u00f3rico do RN<br \/>\nNO SERID\u00d3: Saiba como chegar ao a\u00e7ude Gargalheiras no Serid\u00f3 potiguar<br \/>\n40 dias: de 1% de volume \u00e0 sangria<br \/>\nA\u00e7ude Gargalheiras quase completamente seco em 2015<br \/>\nReprodu\u00e7\u00e3o\/Inter TV Cabugi<br \/>\nEm cerca de 40 dias, o a\u00e7ude de Gargalheiras saiu de 1% de volume de \u00e1gua para a sangria. Em 22 de fevereiro, o a\u00e7ude tinha 1,63% do volume de \u00e1gua, de acordo com o Instituto de Gest\u00e3o de \u00c1guas do RN (Igarn).<br \/>\nNo relat\u00f3rio semanal mais recente divulgado pelo instituto, na quinta-feira passada (28), o A\u00e7ude Gargalheira apresentava 36% de ac\u00famulo de \u00e1gua &#8211; e esse j\u00e1 era o maior volume registrado no reservat\u00f3rio desde 2012.<br \/>\nAl\u00e9m das chuvas que ca\u00edram nos \u00faltimos dias no estado, o aumento no n\u00edvel do Gargalheiras foi impulsionado tamb\u00e9m pela sangria do A\u00e7ude Dourado, em Currais Novos, que levou parte da \u00e1gua para o a\u00e7ude de Acari.<br \/>\nA\u00e7ude Gargalheiras sangrando na manh\u00e3 desta quinta-feira (4)<br \/>\nCl\u00e9ber Dantas\/Inter TV Cabugi<br \/>\nV\u00cdDEOS: Mais vistos do RN nos \u00faltimos 7 dias<\/p>","protected":false},"excerpt":{"rendered":"<p>Transbordo n\u00e3o acontecia desde maio de 2011. A\u00e7ude foi cen\u00e1rio da grava\u00e7\u00e3o do filme &#8216;Bacurau&#8217; quando estava seco. Imagens mostram Gargalheiras sangrando nesta quinta (4) &#8211; Imagens: Cl\u00e9ber Dantas O &#8230;<\/p>\n","protected":false},"author":0,"featured_media":5069,"parent":0,"menu_order":0,"comment_status":"closed","ping_status":"closed","template":"","meta":{"footnotes":""},"class_list":["post-5068","page","type-page","status-publish","has-post-thumbnail","hentry"],"yoast_head":"<!-- This site is optimized with the Yoast SEO plugin v27.1.1 - https:\/\/yoast.com\/product\/yoast-seo-wordpress\/ -->\n<title>Imagens a\u00e9reas mostram sangria do a\u00e7ude Gargalheiras - Taveira Jr<\/title>\n<meta name=\"robots\" content=\"index, follow, max-snippet:-1, max-image-preview:large, max-video-preview:-1\" \/>\n<link rel=\"canonical\" href=\"https:\/\/deputadotaveirajr.com.br\/index.php\/imagens-aereas-mostram-sangria-do-acude-gargalheiras\/\" \/>\n<meta property=\"og:locale\" content=\"pt_BR\" \/>\n<meta property=\"og:type\" content=\"article\" \/>\n<meta property=\"og:title\" content=\"Imagens a\u00e9reas mostram sangria do a\u00e7ude Gargalheiras - Taveira Jr\" \/>\n<meta property=\"og:description\" content=\"Transbordo n\u00e3o acontecia desde maio de 2011. A\u00e7ude foi cen\u00e1rio da grava\u00e7\u00e3o do filme &#8216;Bacurau&#8217; quando estava seco. Imagens mostram Gargalheiras sangrando nesta quinta (4) &#8211; Imagens: Cl\u00e9ber Dantas O ...\" \/>\n<meta property=\"og:url\" content=\"https:\/\/deputadotaveirajr.com.br\/index.php\/imagens-aereas-mostram-sangria-do-acude-gargalheiras\/\" \/>\n<meta property=\"og:site_name\" content=\"Taveira Jr\" \/>\n<meta property=\"og:image\" content=\"https:\/\/deputadotaveirajr.com.br\/wp-content\/uploads\/2024\/04\/whatsapp-image-2024-04-03-at-17.27.50-UTDNE5.jpeg\" \/>\n\t<meta property=\"og:image:width\" content=\"1600\" \/>\n\t<meta property=\"og:image:height\" content=\"900\" \/>\n\t<meta property=\"og:image:type\" content=\"image\/jpeg\" \/>\n<meta name=\"twitter:card\" content=\"summary_large_image\" \/>\n<meta name=\"twitter:label1\" content=\"Est. tempo de leitura\" \/>\n\t<meta name=\"twitter:data1\" content=\"2 minutos\" \/>\n<script type=\"application\/ld+json\" class=\"yoast-schema-graph\">{\"@context\":\"https:\/\/schema.org\",\"@graph\":[{\"@type\":\"WebPage\",\"@id\":\"https:\/\/deputadotaveirajr.com.br\/index.php\/imagens-aereas-mostram-sangria-do-acude-gargalheiras\/\",\"url\":\"https:\/\/deputadotaveirajr.com.br\/index.php\/imagens-aereas-mostram-sangria-do-acude-gargalheiras\/\",\"name\":\"Imagens a\u00e9reas mostram sangria do a\u00e7ude Gargalheiras - Taveira Jr\",\"isPartOf\":{\"@id\":\"https:\/\/deputadotaveirajr.com.br\/#website\"},\"primaryImageOfPage\":{\"@id\":\"https:\/\/deputadotaveirajr.com.br\/index.php\/imagens-aereas-mostram-sangria-do-acude-gargalheiras\/#primaryimage\"},\"image\":{\"@id\":\"https:\/\/deputadotaveirajr.com.br\/index.php\/imagens-aereas-mostram-sangria-do-acude-gargalheiras\/#primaryimage\"},\"thumbnailUrl\":\"https:\/\/deputadotaveirajr.com.br\/wp-content\/uploads\/2024\/04\/whatsapp-image-2024-04-03-at-17.27.50-UTDNE5.jpeg\",\"datePublished\":\"2024-04-04T16:20:48+00:00\",\"breadcrumb\":{\"@id\":\"https:\/\/deputadotaveirajr.com.br\/index.php\/imagens-aereas-mostram-sangria-do-acude-gargalheiras\/#breadcrumb\"},\"inLanguage\":\"pt-BR\",\"potentialAction\":[{\"@type\":\"ReadAction\",\"target\":[\"https:\/\/deputadotaveirajr.com.br\/index.php\/imagens-aereas-mostram-sangria-do-acude-gargalheiras\/\"]}]},{\"@type\":\"ImageObject\",\"inLanguage\":\"pt-BR\",\"@id\":\"https:\/\/deputadotaveirajr.com.br\/index.php\/imagens-aereas-mostram-sangria-do-acude-gargalheiras\/#primaryimage\",\"url\":\"https:\/\/deputadotaveirajr.com.br\/wp-content\/uploads\/2024\/04\/whatsapp-image-2024-04-03-at-17.27.50-UTDNE5.jpeg\",\"contentUrl\":\"https:\/\/deputadotaveirajr.com.br\/wp-content\/uploads\/2024\/04\/whatsapp-image-2024-04-03-at-17.27.50-UTDNE5.jpeg\",\"width\":1600,\"height\":900},{\"@type\":\"BreadcrumbList\",\"@id\":\"https:\/\/deputadotaveirajr.com.br\/index.php\/imagens-aereas-mostram-sangria-do-acude-gargalheiras\/#breadcrumb\",\"itemListElement\":[{\"@type\":\"ListItem\",\"position\":1,\"name\":\"In\u00edcio\",\"item\":\"https:\/\/deputadotaveirajr.com.br\/\"},{\"@type\":\"ListItem\",\"position\":2,\"name\":\"Imagens a\u00e9reas mostram sangria do a\u00e7ude Gargalheiras\"}]},{\"@type\":\"WebSite\",\"@id\":\"https:\/\/deputadotaveirajr.com.br\/#website\",\"url\":\"https:\/\/deputadotaveirajr.com.br\/\",\"name\":\"Taveira Jr\",\"description\":\"Deputado Estadual\",\"publisher\":{\"@id\":\"https:\/\/deputadotaveirajr.com.br\/#organization\"},\"potentialAction\":[{\"@type\":\"SearchAction\",\"target\":{\"@type\":\"EntryPoint\",\"urlTemplate\":\"https:\/\/deputadotaveirajr.com.br\/?s={search_term_string}\"},\"query-input\":{\"@type\":\"PropertyValueSpecification\",\"valueRequired\":true,\"valueName\":\"search_term_string\"}}],\"inLanguage\":\"pt-BR\"},{\"@type\":\"Organization\",\"@id\":\"https:\/\/deputadotaveirajr.com.br\/#organization\",\"name\":\"Taveira Jr\",\"url\":\"https:\/\/deputadotaveirajr.com.br\/\",\"logo\":{\"@type\":\"ImageObject\",\"inLanguage\":\"pt-BR\",\"@id\":\"https:\/\/deputadotaveirajr.com.br\/#\/schema\/logo\/image\/\",\"url\":\"https:\/\/deputadotaveirajr.com.br\/wp-content\/uploads\/2026\/01\/logolow2a.png\",\"contentUrl\":\"https:\/\/deputadotaveirajr.com.br\/wp-content\/uploads\/2026\/01\/logolow2a.png\",\"width\":290,\"height\":80,\"caption\":\"Taveira Jr\"},\"image\":{\"@id\":\"https:\/\/deputadotaveirajr.com.br\/#\/schema\/logo\/image\/\"}}]}<\/script>\n<!-- \/ Yoast SEO plugin. -->","yoast_head_json":{"title":"Imagens a\u00e9reas mostram sangria do a\u00e7ude Gargalheiras - Taveira Jr","robots":{"index":"index","follow":"follow","max-snippet":"max-snippet:-1","max-image-preview":"max-image-preview:large","max-video-preview":"max-video-preview:-1"},"canonical":"https:\/\/deputadotaveirajr.com.br\/index.php\/imagens-aereas-mostram-sangria-do-acude-gargalheiras\/","og_locale":"pt_BR","og_type":"article","og_title":"Imagens a\u00e9reas mostram sangria do a\u00e7ude Gargalheiras - Taveira Jr","og_description":"Transbordo n\u00e3o acontecia desde maio de 2011. A\u00e7ude foi cen\u00e1rio da grava\u00e7\u00e3o do filme &#8216;Bacurau&#8217; quando estava seco. Imagens mostram Gargalheiras sangrando nesta quinta (4) &#8211; Imagens: Cl\u00e9ber Dantas O ...","og_url":"https:\/\/deputadotaveirajr.com.br\/index.php\/imagens-aereas-mostram-sangria-do-acude-gargalheiras\/","og_site_name":"Taveira Jr","og_image":[{"width":1600,"height":900,"url":"https:\/\/deputadotaveirajr.com.br\/wp-content\/uploads\/2024\/04\/whatsapp-image-2024-04-03-at-17.27.50-UTDNE5.jpeg","type":"image\/jpeg"}],"twitter_card":"summary_large_image","twitter_misc":{"Est. tempo de leitura":"2 minutos"},"schema":{"@context":"https:\/\/schema.org","@graph":[{"@type":"WebPage","@id":"https:\/\/deputadotaveirajr.com.br\/index.php\/imagens-aereas-mostram-sangria-do-acude-gargalheiras\/","url":"https:\/\/deputadotaveirajr.com.br\/index.php\/imagens-aereas-mostram-sangria-do-acude-gargalheiras\/","name":"Imagens a\u00e9reas mostram sangria do a\u00e7ude Gargalheiras - Taveira Jr","isPartOf":{"@id":"https:\/\/deputadotaveirajr.com.br\/#website"},"primaryImageOfPage":{"@id":"https:\/\/deputadotaveirajr.com.br\/index.php\/imagens-aereas-mostram-sangria-do-acude-gargalheiras\/#primaryimage"},"image":{"@id":"https:\/\/deputadotaveirajr.com.br\/index.php\/imagens-aereas-mostram-sangria-do-acude-gargalheiras\/#primaryimage"},"thumbnailUrl":"https:\/\/deputadotaveirajr.com.br\/wp-content\/uploads\/2024\/04\/whatsapp-image-2024-04-03-at-17.27.50-UTDNE5.jpeg","datePublished":"2024-04-04T16:20:48+00:00","breadcrumb":{"@id":"https:\/\/deputadotaveirajr.com.br\/index.php\/imagens-aereas-mostram-sangria-do-acude-gargalheiras\/#breadcrumb"},"inLanguage":"pt-BR","potentialAction":[{"@type":"ReadAction","target":["https:\/\/deputadotaveirajr.com.br\/index.php\/imagens-aereas-mostram-sangria-do-acude-gargalheiras\/"]}]},{"@type":"ImageObject","inLanguage":"pt-BR","@id":"https:\/\/deputadotaveirajr.com.br\/index.php\/imagens-aereas-mostram-sangria-do-acude-gargalheiras\/#primaryimage","url":"https:\/\/deputadotaveirajr.com.br\/wp-content\/uploads\/2024\/04\/whatsapp-image-2024-04-03-at-17.27.50-UTDNE5.jpeg","contentUrl":"https:\/\/deputadotaveirajr.com.br\/wp-content\/uploads\/2024\/04\/whatsapp-image-2024-04-03-at-17.27.50-UTDNE5.jpeg","width":1600,"height":900},{"@type":"BreadcrumbList","@id":"https:\/\/deputadotaveirajr.com.br\/index.php\/imagens-aereas-mostram-sangria-do-acude-gargalheiras\/#breadcrumb","itemListElement":[{"@type":"ListItem","position":1,"name":"In\u00edcio","item":"https:\/\/deputadotaveirajr.com.br\/"},{"@type":"ListItem","position":2,"name":"Imagens a\u00e9reas mostram sangria do a\u00e7ude Gargalheiras"}]},{"@type":"WebSite","@id":"https:\/\/deputadotaveirajr.com.br\/#website","url":"https:\/\/deputadotaveirajr.com.br\/","name":"Taveira Jr","description":"Deputado Estadual","publisher":{"@id":"https:\/\/deputadotaveirajr.com.br\/#organization"},"potentialAction":[{"@type":"SearchAction","target":{"@type":"EntryPoint","urlTemplate":"https:\/\/deputadotaveirajr.com.br\/?s={search_term_string}"},"query-input":{"@type":"PropertyValueSpecification","valueRequired":true,"valueName":"search_term_string"}}],"inLanguage":"pt-BR"},{"@type":"Organization","@id":"https:\/\/deputadotaveirajr.com.br\/#organization","name":"Taveira Jr","url":"https:\/\/deputadotaveirajr.com.br\/","logo":{"@type":"ImageObject","inLanguage":"pt-BR","@id":"https:\/\/deputadotaveirajr.com.br\/#\/schema\/logo\/image\/","url":"https:\/\/deputadotaveirajr.com.br\/wp-content\/uploads\/2026\/01\/logolow2a.png","contentUrl":"https:\/\/deputadotaveirajr.com.br\/wp-content\/uploads\/2026\/01\/logolow2a.png","width":290,"height":80,"caption":"Taveira Jr"},"image":{"@id":"https:\/\/deputadotaveirajr.com.br\/#\/schema\/logo\/image\/"}}]}},"_links":{"self":[{"href":"https:\/\/deputadotaveirajr.com.br\/index.php\/wp-json\/wp\/v2\/pages\/5068","targetHints":{"allow":["GET"]}}],"collection":[{"href":"https:\/\/deputadotaveirajr.com.br\/index.php\/wp-json\/wp\/v2\/pages"}],"about":[{"href":"https:\/\/deputadotaveirajr.com.br\/index.php\/wp-json\/wp\/v2\/types\/page"}],"replies":[{"embeddable":true,"href":"https:\/\/deputadotaveirajr.com.br\/index.php\/wp-json\/wp\/v2\/comments?post=5068"}],"version-history":[{"count":1,"href":"https:\/\/deputadotaveirajr.com.br\/index.php\/wp-json\/wp\/v2\/pages\/5068\/revisions"}],"predecessor-version":[{"id":5073,"href":"https:\/\/deputadotaveirajr.com.br\/index.php\/wp-json\/wp\/v2\/pages\/5068\/revisions\/5073"}],"wp:featuredmedia":[{"embeddable":true,"href":"https:\/\/deputadotaveirajr.com.br\/index.php\/wp-json\/wp\/v2\/media\/5069"}],"wp:attachment":[{"href":"https:\/\/deputadotaveirajr.com.br\/index.php\/wp-json\/wp\/v2\/media?parent=5068"}],"curies":[{"name":"wp","href":"https:\/\/api.w.org\/{rel}","templated":true}]}}