{"id":5131,"date":"2024-04-05T12:57:05","date_gmt":"2024-04-05T15:57:05","guid":{"rendered":"https:\/\/deputadotaveirajr.com.br\/?page_id=5131"},"modified":"2024-04-05T12:57:05","modified_gmt":"2024-04-05T15:57:05","slug":"sangria-do-acude-gargalheiras-aumenta-e-forma-veu-de-noiva-celebrado-por-sertanejos-veja-video","status":"publish","type":"page","link":"https:\/\/deputadotaveirajr.com.br\/index.php\/sangria-do-acude-gargalheiras-aumenta-e-forma-veu-de-noiva-celebrado-por-sertanejos-veja-video\/","title":{"rendered":"Sangria do a\u00e7ude Gargalheiras aumenta e forma &#8216;v\u00e9u de noiva&#8217; celebrado por sertanejos; veja v\u00eddeo"},"content":{"rendered":"<p>     A\u00e7ude que foi cen\u00e1rio da grava\u00e7\u00e3o do filme &#8216;Bacurau&#8217; quando estava seco come\u00e7ou a transbordar na noite de quarta-feira (3).  Sangria do a\u00e7ude Gargalheiras aumenta e forma &#8216;v\u00e9u de noiva&#8217; no RN<br \/>\nA sangria do a\u00e7ude Gargalheiras, em Acari, na regi\u00e3o do Serid\u00f3 do Rio Grande do Norte aumentou e formou o esperado &#8216;v\u00e9u de noiva&#8217;, celebrado pelos sertanejos, na manh\u00e3 desta sexta-feira (5).<br \/>\nO v\u00e9u de noiva \u00e9 formado pelo aumento do volume de \u00e1gua que transborda do reservat\u00f3rio, escondendo a parede de mais de 20 metros de altura por onde a \u00e1gua escorre.<br \/>\n\ud83d\udc49 Contexto: A &#8220;sangria&#8221; \u00e9 o termo usado quando o reservat\u00f3rio chega \u00e0 sua capacidade m\u00e1xima e transborda. Patrim\u00f4nio hist\u00f3rico, geogr\u00e1fico, paisag\u00edstico, ambiental e tur\u00edstico do Rio Grande do Norte, o Gargalheiras serviu de loca\u00e7\u00e3o para o filme &#8220;Bacurau&#8221; em 2018 e \u00e9 um dos maiores a\u00e7udes do estado.<br \/>\nSangria do a\u00e7ude Gargalheiras forma &#8216;v\u00e9u de noiva&#8217; nesta sexta-feira (5)<br \/>\nHugo Andrade\/Inter TV Cabugi<br \/>\n\ud83d\udcf3Participe do canal do g1 RN no WhatsApp e receba no seu celular as not\u00edcias do estado<br \/>\nA sangria come\u00e7ou na noite de quinta-feira (3), ainda t\u00edmida, mas houve fogos, ora\u00e7\u00f5es e muita comemora\u00e7\u00e3o no local. Centenas de pessoas aguardavam a sangria \u00e0s margens do Gargalheiras.<br \/>\nEntenda o caminho das \u00e1guas: para onde vai sangria do A\u00e7ude Gargalheiras<br \/>\n&#8216;Vig\u00edlia&#8217; com churrasco e forr\u00f3<br \/>\nDesde a segunda-feira (1\u00ba), moradores da cidade de Acari e da Regi\u00e3o Serid\u00f3 faziam uma esp\u00e9cie de &#8220;vig\u00edlia&#8221; \u00e0s margens do a\u00e7ude \u00e0 espera da sangria. Na madrugada desta quarta-feira (3), por exemplo, houve forr\u00f3, churrasco e at\u00e9 festa de anivers\u00e1rio no local.<br \/>\nO a\u00e7ude de Gargalheiras tem capacidade para armazenar mais de 44 milh\u00f5es de metros c\u00fabicos de \u00e1gua. Para se ter ideia do tamanho desse reservat\u00f3rio, ele \u00e9 suficiente para abastecer uma popula\u00e7\u00e3o de 56 mil pessoas por cerca de 4 anos.<br \/>\nPer\u00edodo de seca e cen\u00e1rio de &#8216;Bacurau&#8217;<br \/>\nDesde a \u00faltima sangria, em 2011, o Gargalheiras passou por momentos dif\u00edceis com a falta de chuvas na regi\u00e3o, chegando a ficar completamente seco em alguns momentos entre os anos de 2017, 2018 e 2019.<br \/>\nNum desses momentos sem \u00e1gua, o a\u00e7ude serviu de cen\u00e1rio para o filme brasileiro &#8220;Bacurau&#8221;, de Kleber Mendon\u00e7a Filho e Juliano Dornelles, lan\u00e7ado em 2019.<br \/>\nKleber Mendon\u00e7a, inclusive, compartilhou em uma rede social imagens que mostram o Gargalheiras em 2018, durante as grava\u00e7\u00f5es do filme, e neste m\u00eas de abril de 2024 (veja abaixo).<br \/>\nLEIA TAMB\u00c9M<br \/>\nJANEIRO DE 2021: A\u00e7ude Gargalheiras virou patrim\u00f4nio hist\u00f3rico do RN<br \/>\nNO SERID\u00d3: Saiba como chegar ao a\u00e7ude Gargalheiras no Serid\u00f3 potiguar<br \/>\nEm cerca de 40 dias, o a\u00e7ude de Gargalheiras saiu de 1% de volume de \u00e1gua para a sangria. Em 22 de fevereiro, o a\u00e7ude tinha 1,63% do volume de \u00e1gua, de acordo com o Instituto de Gest\u00e3o de \u00c1guas do RN (Igarn).<br \/>\nNo relat\u00f3rio semanal mais recente divulgado pelo instituto, na quinta-feira passada (28), o A\u00e7ude Gargalheira apresentava 36% de ac\u00famulo de \u00e1gua &#8211; e esse j\u00e1 era o maior volume registrado no reservat\u00f3rio desde 2012.<br \/>\nAl\u00e9m das chuvas que ca\u00edram nos \u00faltimos dias no estado, o aumento no n\u00edvel do Gargalheiras foi impulsionado tamb\u00e9m pela sangria do A\u00e7ude Dourado, em Currais Novos, que levou parte da \u00e1gua para o a\u00e7ude de Acari.<br \/>\nAp\u00f3s 13 anos, a\u00e7ude Gargalheiras inicia sangria e sertanejos comemoram com fogos e ora\u00e7\u00f5es<br \/>\nV\u00eddeos mais assistidos do g1 RN<\/p>","protected":false},"excerpt":{"rendered":"<p>A\u00e7ude que foi cen\u00e1rio da grava\u00e7\u00e3o do filme &#8216;Bacurau&#8217; quando estava seco come\u00e7ou a transbordar na noite de quarta-feira (3). Sangria do a\u00e7ude Gargalheiras aumenta e forma &#8216;v\u00e9u de noiva&#8217; &#8230;<\/p>\n","protected":false},"author":0,"featured_media":5132,"parent":0,"menu_order":0,"comment_status":"closed","ping_status":"closed","template":"","meta":{"footnotes":""},"class_list":["post-5131","page","type-page","status-publish","has-post-thumbnail","hentry"],"yoast_head":"<!-- This site is optimized with the Yoast SEO plugin v27.1.1 - https:\/\/yoast.com\/product\/yoast-seo-wordpress\/ -->\n<title>Sangria do a\u00e7ude Gargalheiras aumenta e forma &#039;v\u00e9u de noiva&#039; celebrado por sertanejos; veja v\u00eddeo - Taveira Jr<\/title>\n<meta name=\"robots\" content=\"index, follow, max-snippet:-1, max-image-preview:large, max-video-preview:-1\" \/>\n<link rel=\"canonical\" href=\"https:\/\/deputadotaveirajr.com.br\/index.php\/sangria-do-acude-gargalheiras-aumenta-e-forma-veu-de-noiva-celebrado-por-sertanejos-veja-video\/\" \/>\n<meta property=\"og:locale\" content=\"pt_BR\" \/>\n<meta property=\"og:type\" content=\"article\" \/>\n<meta property=\"og:title\" content=\"Sangria do a\u00e7ude Gargalheiras aumenta e forma &#039;v\u00e9u de noiva&#039; celebrado por sertanejos; veja v\u00eddeo - Taveira Jr\" \/>\n<meta property=\"og:description\" content=\"A\u00e7ude que foi cen\u00e1rio da grava\u00e7\u00e3o do filme &#8216;Bacurau&#8217; quando estava seco come\u00e7ou a transbordar na noite de quarta-feira (3). Sangria do a\u00e7ude Gargalheiras aumenta e forma &#8216;v\u00e9u de noiva&#8217; ...\" \/>\n<meta property=\"og:url\" content=\"https:\/\/deputadotaveirajr.com.br\/index.php\/sangria-do-acude-gargalheiras-aumenta-e-forma-veu-de-noiva-celebrado-por-sertanejos-veja-video\/\" \/>\n<meta property=\"og:site_name\" content=\"Taveira Jr\" \/>\n<meta property=\"og:image\" content=\"https:\/\/deputadotaveirajr.com.br\/wp-content\/uploads\/2024\/04\/whatsapp-image-2024-04-05-at-09.11.05-lUSjQv.jpeg\" \/>\n\t<meta property=\"og:image:width\" content=\"1600\" \/>\n\t<meta property=\"og:image:height\" content=\"1200\" \/>\n\t<meta property=\"og:image:type\" content=\"image\/jpeg\" \/>\n<meta name=\"twitter:card\" content=\"summary_large_image\" \/>\n<meta name=\"twitter:label1\" content=\"Est. tempo de leitura\" \/>\n\t<meta name=\"twitter:data1\" content=\"3 minutos\" \/>\n<script type=\"application\/ld+json\" class=\"yoast-schema-graph\">{\"@context\":\"https:\/\/schema.org\",\"@graph\":[{\"@type\":\"WebPage\",\"@id\":\"https:\/\/deputadotaveirajr.com.br\/index.php\/sangria-do-acude-gargalheiras-aumenta-e-forma-veu-de-noiva-celebrado-por-sertanejos-veja-video\/\",\"url\":\"https:\/\/deputadotaveirajr.com.br\/index.php\/sangria-do-acude-gargalheiras-aumenta-e-forma-veu-de-noiva-celebrado-por-sertanejos-veja-video\/\",\"name\":\"Sangria do a\u00e7ude Gargalheiras aumenta e forma 'v\u00e9u de noiva' celebrado por sertanejos; veja v\u00eddeo - Taveira Jr\",\"isPartOf\":{\"@id\":\"https:\/\/deputadotaveirajr.com.br\/#website\"},\"primaryImageOfPage\":{\"@id\":\"https:\/\/deputadotaveirajr.com.br\/index.php\/sangria-do-acude-gargalheiras-aumenta-e-forma-veu-de-noiva-celebrado-por-sertanejos-veja-video\/#primaryimage\"},\"image\":{\"@id\":\"https:\/\/deputadotaveirajr.com.br\/index.php\/sangria-do-acude-gargalheiras-aumenta-e-forma-veu-de-noiva-celebrado-por-sertanejos-veja-video\/#primaryimage\"},\"thumbnailUrl\":\"https:\/\/deputadotaveirajr.com.br\/wp-content\/uploads\/2024\/04\/whatsapp-image-2024-04-05-at-09.11.05-lUSjQv.jpeg\",\"datePublished\":\"2024-04-05T15:57:05+00:00\",\"breadcrumb\":{\"@id\":\"https:\/\/deputadotaveirajr.com.br\/index.php\/sangria-do-acude-gargalheiras-aumenta-e-forma-veu-de-noiva-celebrado-por-sertanejos-veja-video\/#breadcrumb\"},\"inLanguage\":\"pt-BR\",\"potentialAction\":[{\"@type\":\"ReadAction\",\"target\":[\"https:\/\/deputadotaveirajr.com.br\/index.php\/sangria-do-acude-gargalheiras-aumenta-e-forma-veu-de-noiva-celebrado-por-sertanejos-veja-video\/\"]}]},{\"@type\":\"ImageObject\",\"inLanguage\":\"pt-BR\",\"@id\":\"https:\/\/deputadotaveirajr.com.br\/index.php\/sangria-do-acude-gargalheiras-aumenta-e-forma-veu-de-noiva-celebrado-por-sertanejos-veja-video\/#primaryimage\",\"url\":\"https:\/\/deputadotaveirajr.com.br\/wp-content\/uploads\/2024\/04\/whatsapp-image-2024-04-05-at-09.11.05-lUSjQv.jpeg\",\"contentUrl\":\"https:\/\/deputadotaveirajr.com.br\/wp-content\/uploads\/2024\/04\/whatsapp-image-2024-04-05-at-09.11.05-lUSjQv.jpeg\",\"width\":1600,\"height\":1200},{\"@type\":\"BreadcrumbList\",\"@id\":\"https:\/\/deputadotaveirajr.com.br\/index.php\/sangria-do-acude-gargalheiras-aumenta-e-forma-veu-de-noiva-celebrado-por-sertanejos-veja-video\/#breadcrumb\",\"itemListElement\":[{\"@type\":\"ListItem\",\"position\":1,\"name\":\"In\u00edcio\",\"item\":\"https:\/\/deputadotaveirajr.com.br\/\"},{\"@type\":\"ListItem\",\"position\":2,\"name\":\"Sangria do a\u00e7ude Gargalheiras aumenta e forma &#8216;v\u00e9u de noiva&#8217; celebrado por sertanejos; veja v\u00eddeo\"}]},{\"@type\":\"WebSite\",\"@id\":\"https:\/\/deputadotaveirajr.com.br\/#website\",\"url\":\"https:\/\/deputadotaveirajr.com.br\/\",\"name\":\"Taveira Jr\",\"description\":\"Deputado Estadual\",\"publisher\":{\"@id\":\"https:\/\/deputadotaveirajr.com.br\/#organization\"},\"potentialAction\":[{\"@type\":\"SearchAction\",\"target\":{\"@type\":\"EntryPoint\",\"urlTemplate\":\"https:\/\/deputadotaveirajr.com.br\/?s={search_term_string}\"},\"query-input\":{\"@type\":\"PropertyValueSpecification\",\"valueRequired\":true,\"valueName\":\"search_term_string\"}}],\"inLanguage\":\"pt-BR\"},{\"@type\":\"Organization\",\"@id\":\"https:\/\/deputadotaveirajr.com.br\/#organization\",\"name\":\"Taveira Jr\",\"url\":\"https:\/\/deputadotaveirajr.com.br\/\",\"logo\":{\"@type\":\"ImageObject\",\"inLanguage\":\"pt-BR\",\"@id\":\"https:\/\/deputadotaveirajr.com.br\/#\/schema\/logo\/image\/\",\"url\":\"https:\/\/deputadotaveirajr.com.br\/wp-content\/uploads\/2026\/01\/logolow2a.png\",\"contentUrl\":\"https:\/\/deputadotaveirajr.com.br\/wp-content\/uploads\/2026\/01\/logolow2a.png\",\"width\":290,\"height\":80,\"caption\":\"Taveira Jr\"},\"image\":{\"@id\":\"https:\/\/deputadotaveirajr.com.br\/#\/schema\/logo\/image\/\"}}]}<\/script>\n<!-- \/ Yoast SEO plugin. -->","yoast_head_json":{"title":"Sangria do a\u00e7ude Gargalheiras aumenta e forma 'v\u00e9u de noiva' celebrado por sertanejos; veja v\u00eddeo - Taveira Jr","robots":{"index":"index","follow":"follow","max-snippet":"max-snippet:-1","max-image-preview":"max-image-preview:large","max-video-preview":"max-video-preview:-1"},"canonical":"https:\/\/deputadotaveirajr.com.br\/index.php\/sangria-do-acude-gargalheiras-aumenta-e-forma-veu-de-noiva-celebrado-por-sertanejos-veja-video\/","og_locale":"pt_BR","og_type":"article","og_title":"Sangria do a\u00e7ude Gargalheiras aumenta e forma 'v\u00e9u de noiva' celebrado por sertanejos; veja v\u00eddeo - Taveira Jr","og_description":"A\u00e7ude que foi cen\u00e1rio da grava\u00e7\u00e3o do filme &#8216;Bacurau&#8217; quando estava seco come\u00e7ou a transbordar na noite de quarta-feira (3). Sangria do a\u00e7ude Gargalheiras aumenta e forma &#8216;v\u00e9u de noiva&#8217; ...","og_url":"https:\/\/deputadotaveirajr.com.br\/index.php\/sangria-do-acude-gargalheiras-aumenta-e-forma-veu-de-noiva-celebrado-por-sertanejos-veja-video\/","og_site_name":"Taveira Jr","og_image":[{"width":1600,"height":1200,"url":"https:\/\/deputadotaveirajr.com.br\/wp-content\/uploads\/2024\/04\/whatsapp-image-2024-04-05-at-09.11.05-lUSjQv.jpeg","type":"image\/jpeg"}],"twitter_card":"summary_large_image","twitter_misc":{"Est. tempo de leitura":"3 minutos"},"schema":{"@context":"https:\/\/schema.org","@graph":[{"@type":"WebPage","@id":"https:\/\/deputadotaveirajr.com.br\/index.php\/sangria-do-acude-gargalheiras-aumenta-e-forma-veu-de-noiva-celebrado-por-sertanejos-veja-video\/","url":"https:\/\/deputadotaveirajr.com.br\/index.php\/sangria-do-acude-gargalheiras-aumenta-e-forma-veu-de-noiva-celebrado-por-sertanejos-veja-video\/","name":"Sangria do a\u00e7ude Gargalheiras aumenta e forma 'v\u00e9u de noiva' celebrado por sertanejos; veja v\u00eddeo - Taveira Jr","isPartOf":{"@id":"https:\/\/deputadotaveirajr.com.br\/#website"},"primaryImageOfPage":{"@id":"https:\/\/deputadotaveirajr.com.br\/index.php\/sangria-do-acude-gargalheiras-aumenta-e-forma-veu-de-noiva-celebrado-por-sertanejos-veja-video\/#primaryimage"},"image":{"@id":"https:\/\/deputadotaveirajr.com.br\/index.php\/sangria-do-acude-gargalheiras-aumenta-e-forma-veu-de-noiva-celebrado-por-sertanejos-veja-video\/#primaryimage"},"thumbnailUrl":"https:\/\/deputadotaveirajr.com.br\/wp-content\/uploads\/2024\/04\/whatsapp-image-2024-04-05-at-09.11.05-lUSjQv.jpeg","datePublished":"2024-04-05T15:57:05+00:00","breadcrumb":{"@id":"https:\/\/deputadotaveirajr.com.br\/index.php\/sangria-do-acude-gargalheiras-aumenta-e-forma-veu-de-noiva-celebrado-por-sertanejos-veja-video\/#breadcrumb"},"inLanguage":"pt-BR","potentialAction":[{"@type":"ReadAction","target":["https:\/\/deputadotaveirajr.com.br\/index.php\/sangria-do-acude-gargalheiras-aumenta-e-forma-veu-de-noiva-celebrado-por-sertanejos-veja-video\/"]}]},{"@type":"ImageObject","inLanguage":"pt-BR","@id":"https:\/\/deputadotaveirajr.com.br\/index.php\/sangria-do-acude-gargalheiras-aumenta-e-forma-veu-de-noiva-celebrado-por-sertanejos-veja-video\/#primaryimage","url":"https:\/\/deputadotaveirajr.com.br\/wp-content\/uploads\/2024\/04\/whatsapp-image-2024-04-05-at-09.11.05-lUSjQv.jpeg","contentUrl":"https:\/\/deputadotaveirajr.com.br\/wp-content\/uploads\/2024\/04\/whatsapp-image-2024-04-05-at-09.11.05-lUSjQv.jpeg","width":1600,"height":1200},{"@type":"BreadcrumbList","@id":"https:\/\/deputadotaveirajr.com.br\/index.php\/sangria-do-acude-gargalheiras-aumenta-e-forma-veu-de-noiva-celebrado-por-sertanejos-veja-video\/#breadcrumb","itemListElement":[{"@type":"ListItem","position":1,"name":"In\u00edcio","item":"https:\/\/deputadotaveirajr.com.br\/"},{"@type":"ListItem","position":2,"name":"Sangria do a\u00e7ude Gargalheiras aumenta e forma &#8216;v\u00e9u de noiva&#8217; celebrado por sertanejos; veja v\u00eddeo"}]},{"@type":"WebSite","@id":"https:\/\/deputadotaveirajr.com.br\/#website","url":"https:\/\/deputadotaveirajr.com.br\/","name":"Taveira Jr","description":"Deputado Estadual","publisher":{"@id":"https:\/\/deputadotaveirajr.com.br\/#organization"},"potentialAction":[{"@type":"SearchAction","target":{"@type":"EntryPoint","urlTemplate":"https:\/\/deputadotaveirajr.com.br\/?s={search_term_string}"},"query-input":{"@type":"PropertyValueSpecification","valueRequired":true,"valueName":"search_term_string"}}],"inLanguage":"pt-BR"},{"@type":"Organization","@id":"https:\/\/deputadotaveirajr.com.br\/#organization","name":"Taveira Jr","url":"https:\/\/deputadotaveirajr.com.br\/","logo":{"@type":"ImageObject","inLanguage":"pt-BR","@id":"https:\/\/deputadotaveirajr.com.br\/#\/schema\/logo\/image\/","url":"https:\/\/deputadotaveirajr.com.br\/wp-content\/uploads\/2026\/01\/logolow2a.png","contentUrl":"https:\/\/deputadotaveirajr.com.br\/wp-content\/uploads\/2026\/01\/logolow2a.png","width":290,"height":80,"caption":"Taveira Jr"},"image":{"@id":"https:\/\/deputadotaveirajr.com.br\/#\/schema\/logo\/image\/"}}]}},"_links":{"self":[{"href":"https:\/\/deputadotaveirajr.com.br\/index.php\/wp-json\/wp\/v2\/pages\/5131","targetHints":{"allow":["GET"]}}],"collection":[{"href":"https:\/\/deputadotaveirajr.com.br\/index.php\/wp-json\/wp\/v2\/pages"}],"about":[{"href":"https:\/\/deputadotaveirajr.com.br\/index.php\/wp-json\/wp\/v2\/types\/page"}],"replies":[{"embeddable":true,"href":"https:\/\/deputadotaveirajr.com.br\/index.php\/wp-json\/wp\/v2\/comments?post=5131"}],"version-history":[{"count":1,"href":"https:\/\/deputadotaveirajr.com.br\/index.php\/wp-json\/wp\/v2\/pages\/5131\/revisions"}],"predecessor-version":[{"id":5137,"href":"https:\/\/deputadotaveirajr.com.br\/index.php\/wp-json\/wp\/v2\/pages\/5131\/revisions\/5137"}],"wp:featuredmedia":[{"embeddable":true,"href":"https:\/\/deputadotaveirajr.com.br\/index.php\/wp-json\/wp\/v2\/media\/5132"}],"wp:attachment":[{"href":"https:\/\/deputadotaveirajr.com.br\/index.php\/wp-json\/wp\/v2\/media?parent=5131"}],"curies":[{"name":"wp","href":"https:\/\/api.w.org\/{rel}","templated":true}]}}