{"id":5140,"date":"2024-04-05T19:28:25","date_gmt":"2024-04-05T22:28:25","guid":{"rendered":"https:\/\/deputadotaveirajr.com.br\/?page_id=5140"},"modified":"2024-04-05T19:28:25","modified_gmt":"2024-04-05T22:28:25","slug":"foragidos-de-mossoro-viajaram-500-km-por-rodovias-no-para-no-dia-da-prisao-veja-trajeto","status":"publish","type":"page","link":"https:\/\/deputadotaveirajr.com.br\/index.php\/foragidos-de-mossoro-viajaram-500-km-por-rodovias-no-para-no-dia-da-prisao-veja-trajeto\/","title":{"rendered":"Foragidos de Mossor\u00f3 viajaram 500 km por rodovias no Par\u00e1 no dia da pris\u00e3o; veja trajeto"},"content":{"rendered":"<p>     Dupla chegou ao estado em 24 de mar\u00e7o, por barco pesqueiro no qual embarcaram em 18 de mar\u00e7o em Icapu\u00ed (CE), cidade a cerca de 60 km do munic\u00edpio potiguar em que fica o pres\u00eddio de seguran\u00e7a m\u00e1xima. Rota dos fugitivos no dia da pris\u00e3o, em Marab\u00e1 (PA)<br \/>\nArte: g1<br \/>\nOs dois fugitivos da penitenci\u00e1ria de seguran\u00e7a m\u00e1xima de Mossor\u00f3 (RN) viajaram 500 km por rodovias do Par\u00e1 pouco at\u00e9 serem presos, em Marab\u00e1 (PA).<br \/>\nRog\u00e9rio da Silva Mendon\u00e7a e Deibson Cabral Nascimento foram detidos pela Pol\u00edcia Federal e pela Pol\u00edcia Rodovi\u00e1ria Federal por volta das 13h30 de quinta-feira (4) na \u00e1rea de uma ponte sobre o Rio Tocantins que fica na cidade paraense.<br \/>\nLEIA TAMB\u00c9M<br \/>\nFugitivos de Mossor\u00f3 receberam dezenas de chips de celular para despistar, mas aparelhos \u2018deduraram\u2019 localiza\u00e7\u00e3o<br \/>\nAp\u00f3s recaptura, PF investiga Pix enviado \u00e0 dupla em fuga, diz diretor-geral<br \/>\nLa\u00e7os de fam\u00edlia: ex-foragido de Mossor\u00f3 buscava contato com a av\u00f3; liga\u00e7\u00f5es ajudaram pol\u00edcia a cerc\u00e1-lo<br \/>\nA dupla, que fugiu no dia 14 de fevereiro do pres\u00eddio, atravessou a divisa do Rio Grande do Norte com o Cear\u00e1 e chegou at\u00e9 a cidade de Icapu\u00ed (CE), a cerca de 60 km de Mossor\u00f3. L\u00e1, no dia 18 de mar\u00e7o, tomou um barco pesqueiro e navegou, pela costa, at\u00e9 a Ilha de Mosqueiro,  no Par\u00e1.<br \/>\nNa quinta (4), os dois partiram de Santa B\u00e1rbara \u2013 vizinha a Mosqueiro \u2013 e seguiram pela BR-316 at\u00e9 Marituba, ond e passaram por volta das 6h. Depois, pegaram a rodovia PA-150, e passaram por Acar\u00e1, Moju, Tail\u00e2ndia, Goian\u00e9sia do Par\u00e1, Jacund\u00e1 e Nova Ipixuna.<br \/>\nNa sequ\u00eancia, eles entraram na BR-222 at\u00e9 chegar a Marab\u00e1, onde foram presos.<br \/>\nVeja, no infogr\u00e1fico abaixo, o que se sabe sobre a fuga.<br \/>\nPasso a passo dos fugitivos de Mossor\u00f3 (RN) at\u00e9 sua pris\u00e3o, em Marab\u00e1 (PA)<br \/>\nArte: g1<\/p>","protected":false},"excerpt":{"rendered":"<p>Dupla chegou ao estado em 24 de mar\u00e7o, por barco pesqueiro no qual embarcaram em 18 de mar\u00e7o em Icapu\u00ed (CE), cidade a cerca de 60 km do munic\u00edpio potiguar &#8230;<\/p>\n","protected":false},"author":0,"featured_media":5141,"parent":0,"menu_order":0,"comment_status":"closed","ping_status":"closed","template":"","meta":{"footnotes":""},"class_list":["post-5140","page","type-page","status-publish","has-post-thumbnail","hentry"],"yoast_head":"<!-- This site is optimized with the Yoast SEO plugin v27.1.1 - https:\/\/yoast.com\/product\/yoast-seo-wordpress\/ -->\n<title>Foragidos de Mossor\u00f3 viajaram 500 km por rodovias no Par\u00e1 no dia da pris\u00e3o; veja trajeto - Taveira Jr<\/title>\n<meta name=\"robots\" content=\"index, follow, max-snippet:-1, max-image-preview:large, max-video-preview:-1\" \/>\n<link rel=\"canonical\" href=\"https:\/\/deputadotaveirajr.com.br\/index.php\/foragidos-de-mossoro-viajaram-500-km-por-rodovias-no-para-no-dia-da-prisao-veja-trajeto\/\" \/>\n<meta property=\"og:locale\" content=\"pt_BR\" \/>\n<meta property=\"og:type\" content=\"article\" \/>\n<meta property=\"og:title\" content=\"Foragidos de Mossor\u00f3 viajaram 500 km por rodovias no Par\u00e1 no dia da pris\u00e3o; veja trajeto - Taveira Jr\" \/>\n<meta property=\"og:description\" content=\"Dupla chegou ao estado em 24 de mar\u00e7o, por barco pesqueiro no qual embarcaram em 18 de mar\u00e7o em Icapu\u00ed (CE), cidade a cerca de 60 km do munic\u00edpio potiguar ...\" \/>\n<meta property=\"og:url\" content=\"https:\/\/deputadotaveirajr.com.br\/index.php\/foragidos-de-mossoro-viajaram-500-km-por-rodovias-no-para-no-dia-da-prisao-veja-trajeto\/\" \/>\n<meta property=\"og:site_name\" content=\"Taveira Jr\" \/>\n<meta property=\"og:image\" content=\"https:\/\/deputadotaveirajr.com.br\/wp-content\/uploads\/2024\/04\/040424-mapapresos-mossoro-trajeto-v09HXV.jpeg\" \/>\n\t<meta property=\"og:image:width\" content=\"1200\" \/>\n\t<meta property=\"og:image:height\" content=\"2322\" \/>\n\t<meta property=\"og:image:type\" content=\"image\/jpeg\" \/>\n<meta name=\"twitter:card\" content=\"summary_large_image\" \/>\n<meta name=\"twitter:label1\" content=\"Est. tempo de leitura\" \/>\n\t<meta name=\"twitter:data1\" content=\"2 minutos\" \/>\n<script type=\"application\/ld+json\" class=\"yoast-schema-graph\">{\"@context\":\"https:\/\/schema.org\",\"@graph\":[{\"@type\":\"WebPage\",\"@id\":\"https:\/\/deputadotaveirajr.com.br\/index.php\/foragidos-de-mossoro-viajaram-500-km-por-rodovias-no-para-no-dia-da-prisao-veja-trajeto\/\",\"url\":\"https:\/\/deputadotaveirajr.com.br\/index.php\/foragidos-de-mossoro-viajaram-500-km-por-rodovias-no-para-no-dia-da-prisao-veja-trajeto\/\",\"name\":\"Foragidos de Mossor\u00f3 viajaram 500 km por rodovias no Par\u00e1 no dia da pris\u00e3o; veja trajeto - Taveira Jr\",\"isPartOf\":{\"@id\":\"https:\/\/deputadotaveirajr.com.br\/#website\"},\"primaryImageOfPage\":{\"@id\":\"https:\/\/deputadotaveirajr.com.br\/index.php\/foragidos-de-mossoro-viajaram-500-km-por-rodovias-no-para-no-dia-da-prisao-veja-trajeto\/#primaryimage\"},\"image\":{\"@id\":\"https:\/\/deputadotaveirajr.com.br\/index.php\/foragidos-de-mossoro-viajaram-500-km-por-rodovias-no-para-no-dia-da-prisao-veja-trajeto\/#primaryimage\"},\"thumbnailUrl\":\"https:\/\/deputadotaveirajr.com.br\/wp-content\/uploads\/2024\/04\/040424-mapapresos-mossoro-trajeto-v09HXV.jpeg\",\"datePublished\":\"2024-04-05T22:28:25+00:00\",\"breadcrumb\":{\"@id\":\"https:\/\/deputadotaveirajr.com.br\/index.php\/foragidos-de-mossoro-viajaram-500-km-por-rodovias-no-para-no-dia-da-prisao-veja-trajeto\/#breadcrumb\"},\"inLanguage\":\"pt-BR\",\"potentialAction\":[{\"@type\":\"ReadAction\",\"target\":[\"https:\/\/deputadotaveirajr.com.br\/index.php\/foragidos-de-mossoro-viajaram-500-km-por-rodovias-no-para-no-dia-da-prisao-veja-trajeto\/\"]}]},{\"@type\":\"ImageObject\",\"inLanguage\":\"pt-BR\",\"@id\":\"https:\/\/deputadotaveirajr.com.br\/index.php\/foragidos-de-mossoro-viajaram-500-km-por-rodovias-no-para-no-dia-da-prisao-veja-trajeto\/#primaryimage\",\"url\":\"https:\/\/deputadotaveirajr.com.br\/wp-content\/uploads\/2024\/04\/040424-mapapresos-mossoro-trajeto-v09HXV.jpeg\",\"contentUrl\":\"https:\/\/deputadotaveirajr.com.br\/wp-content\/uploads\/2024\/04\/040424-mapapresos-mossoro-trajeto-v09HXV.jpeg\",\"width\":1200,\"height\":2322},{\"@type\":\"BreadcrumbList\",\"@id\":\"https:\/\/deputadotaveirajr.com.br\/index.php\/foragidos-de-mossoro-viajaram-500-km-por-rodovias-no-para-no-dia-da-prisao-veja-trajeto\/#breadcrumb\",\"itemListElement\":[{\"@type\":\"ListItem\",\"position\":1,\"name\":\"In\u00edcio\",\"item\":\"https:\/\/deputadotaveirajr.com.br\/\"},{\"@type\":\"ListItem\",\"position\":2,\"name\":\"Foragidos de Mossor\u00f3 viajaram 500 km por rodovias no Par\u00e1 no dia da pris\u00e3o; veja trajeto\"}]},{\"@type\":\"WebSite\",\"@id\":\"https:\/\/deputadotaveirajr.com.br\/#website\",\"url\":\"https:\/\/deputadotaveirajr.com.br\/\",\"name\":\"Taveira Jr\",\"description\":\"Deputado Estadual\",\"publisher\":{\"@id\":\"https:\/\/deputadotaveirajr.com.br\/#organization\"},\"potentialAction\":[{\"@type\":\"SearchAction\",\"target\":{\"@type\":\"EntryPoint\",\"urlTemplate\":\"https:\/\/deputadotaveirajr.com.br\/?s={search_term_string}\"},\"query-input\":{\"@type\":\"PropertyValueSpecification\",\"valueRequired\":true,\"valueName\":\"search_term_string\"}}],\"inLanguage\":\"pt-BR\"},{\"@type\":\"Organization\",\"@id\":\"https:\/\/deputadotaveirajr.com.br\/#organization\",\"name\":\"Taveira Jr\",\"url\":\"https:\/\/deputadotaveirajr.com.br\/\",\"logo\":{\"@type\":\"ImageObject\",\"inLanguage\":\"pt-BR\",\"@id\":\"https:\/\/deputadotaveirajr.com.br\/#\/schema\/logo\/image\/\",\"url\":\"https:\/\/deputadotaveirajr.com.br\/wp-content\/uploads\/2026\/01\/logolow2a.png\",\"contentUrl\":\"https:\/\/deputadotaveirajr.com.br\/wp-content\/uploads\/2026\/01\/logolow2a.png\",\"width\":290,\"height\":80,\"caption\":\"Taveira Jr\"},\"image\":{\"@id\":\"https:\/\/deputadotaveirajr.com.br\/#\/schema\/logo\/image\/\"}}]}<\/script>\n<!-- \/ Yoast SEO plugin. -->","yoast_head_json":{"title":"Foragidos de Mossor\u00f3 viajaram 500 km por rodovias no Par\u00e1 no dia da pris\u00e3o; veja trajeto - Taveira Jr","robots":{"index":"index","follow":"follow","max-snippet":"max-snippet:-1","max-image-preview":"max-image-preview:large","max-video-preview":"max-video-preview:-1"},"canonical":"https:\/\/deputadotaveirajr.com.br\/index.php\/foragidos-de-mossoro-viajaram-500-km-por-rodovias-no-para-no-dia-da-prisao-veja-trajeto\/","og_locale":"pt_BR","og_type":"article","og_title":"Foragidos de Mossor\u00f3 viajaram 500 km por rodovias no Par\u00e1 no dia da pris\u00e3o; veja trajeto - Taveira Jr","og_description":"Dupla chegou ao estado em 24 de mar\u00e7o, por barco pesqueiro no qual embarcaram em 18 de mar\u00e7o em Icapu\u00ed (CE), cidade a cerca de 60 km do munic\u00edpio potiguar ...","og_url":"https:\/\/deputadotaveirajr.com.br\/index.php\/foragidos-de-mossoro-viajaram-500-km-por-rodovias-no-para-no-dia-da-prisao-veja-trajeto\/","og_site_name":"Taveira Jr","og_image":[{"width":1200,"height":2322,"url":"https:\/\/deputadotaveirajr.com.br\/wp-content\/uploads\/2024\/04\/040424-mapapresos-mossoro-trajeto-v09HXV.jpeg","type":"image\/jpeg"}],"twitter_card":"summary_large_image","twitter_misc":{"Est. tempo de leitura":"2 minutos"},"schema":{"@context":"https:\/\/schema.org","@graph":[{"@type":"WebPage","@id":"https:\/\/deputadotaveirajr.com.br\/index.php\/foragidos-de-mossoro-viajaram-500-km-por-rodovias-no-para-no-dia-da-prisao-veja-trajeto\/","url":"https:\/\/deputadotaveirajr.com.br\/index.php\/foragidos-de-mossoro-viajaram-500-km-por-rodovias-no-para-no-dia-da-prisao-veja-trajeto\/","name":"Foragidos de Mossor\u00f3 viajaram 500 km por rodovias no Par\u00e1 no dia da pris\u00e3o; veja trajeto - Taveira Jr","isPartOf":{"@id":"https:\/\/deputadotaveirajr.com.br\/#website"},"primaryImageOfPage":{"@id":"https:\/\/deputadotaveirajr.com.br\/index.php\/foragidos-de-mossoro-viajaram-500-km-por-rodovias-no-para-no-dia-da-prisao-veja-trajeto\/#primaryimage"},"image":{"@id":"https:\/\/deputadotaveirajr.com.br\/index.php\/foragidos-de-mossoro-viajaram-500-km-por-rodovias-no-para-no-dia-da-prisao-veja-trajeto\/#primaryimage"},"thumbnailUrl":"https:\/\/deputadotaveirajr.com.br\/wp-content\/uploads\/2024\/04\/040424-mapapresos-mossoro-trajeto-v09HXV.jpeg","datePublished":"2024-04-05T22:28:25+00:00","breadcrumb":{"@id":"https:\/\/deputadotaveirajr.com.br\/index.php\/foragidos-de-mossoro-viajaram-500-km-por-rodovias-no-para-no-dia-da-prisao-veja-trajeto\/#breadcrumb"},"inLanguage":"pt-BR","potentialAction":[{"@type":"ReadAction","target":["https:\/\/deputadotaveirajr.com.br\/index.php\/foragidos-de-mossoro-viajaram-500-km-por-rodovias-no-para-no-dia-da-prisao-veja-trajeto\/"]}]},{"@type":"ImageObject","inLanguage":"pt-BR","@id":"https:\/\/deputadotaveirajr.com.br\/index.php\/foragidos-de-mossoro-viajaram-500-km-por-rodovias-no-para-no-dia-da-prisao-veja-trajeto\/#primaryimage","url":"https:\/\/deputadotaveirajr.com.br\/wp-content\/uploads\/2024\/04\/040424-mapapresos-mossoro-trajeto-v09HXV.jpeg","contentUrl":"https:\/\/deputadotaveirajr.com.br\/wp-content\/uploads\/2024\/04\/040424-mapapresos-mossoro-trajeto-v09HXV.jpeg","width":1200,"height":2322},{"@type":"BreadcrumbList","@id":"https:\/\/deputadotaveirajr.com.br\/index.php\/foragidos-de-mossoro-viajaram-500-km-por-rodovias-no-para-no-dia-da-prisao-veja-trajeto\/#breadcrumb","itemListElement":[{"@type":"ListItem","position":1,"name":"In\u00edcio","item":"https:\/\/deputadotaveirajr.com.br\/"},{"@type":"ListItem","position":2,"name":"Foragidos de Mossor\u00f3 viajaram 500 km por rodovias no Par\u00e1 no dia da pris\u00e3o; veja trajeto"}]},{"@type":"WebSite","@id":"https:\/\/deputadotaveirajr.com.br\/#website","url":"https:\/\/deputadotaveirajr.com.br\/","name":"Taveira Jr","description":"Deputado Estadual","publisher":{"@id":"https:\/\/deputadotaveirajr.com.br\/#organization"},"potentialAction":[{"@type":"SearchAction","target":{"@type":"EntryPoint","urlTemplate":"https:\/\/deputadotaveirajr.com.br\/?s={search_term_string}"},"query-input":{"@type":"PropertyValueSpecification","valueRequired":true,"valueName":"search_term_string"}}],"inLanguage":"pt-BR"},{"@type":"Organization","@id":"https:\/\/deputadotaveirajr.com.br\/#organization","name":"Taveira Jr","url":"https:\/\/deputadotaveirajr.com.br\/","logo":{"@type":"ImageObject","inLanguage":"pt-BR","@id":"https:\/\/deputadotaveirajr.com.br\/#\/schema\/logo\/image\/","url":"https:\/\/deputadotaveirajr.com.br\/wp-content\/uploads\/2026\/01\/logolow2a.png","contentUrl":"https:\/\/deputadotaveirajr.com.br\/wp-content\/uploads\/2026\/01\/logolow2a.png","width":290,"height":80,"caption":"Taveira Jr"},"image":{"@id":"https:\/\/deputadotaveirajr.com.br\/#\/schema\/logo\/image\/"}}]}},"_links":{"self":[{"href":"https:\/\/deputadotaveirajr.com.br\/index.php\/wp-json\/wp\/v2\/pages\/5140","targetHints":{"allow":["GET"]}}],"collection":[{"href":"https:\/\/deputadotaveirajr.com.br\/index.php\/wp-json\/wp\/v2\/pages"}],"about":[{"href":"https:\/\/deputadotaveirajr.com.br\/index.php\/wp-json\/wp\/v2\/types\/page"}],"replies":[{"embeddable":true,"href":"https:\/\/deputadotaveirajr.com.br\/index.php\/wp-json\/wp\/v2\/comments?post=5140"}],"version-history":[{"count":1,"href":"https:\/\/deputadotaveirajr.com.br\/index.php\/wp-json\/wp\/v2\/pages\/5140\/revisions"}],"predecessor-version":[{"id":5147,"href":"https:\/\/deputadotaveirajr.com.br\/index.php\/wp-json\/wp\/v2\/pages\/5140\/revisions\/5147"}],"wp:featuredmedia":[{"embeddable":true,"href":"https:\/\/deputadotaveirajr.com.br\/index.php\/wp-json\/wp\/v2\/media\/5141"}],"wp:attachment":[{"href":"https:\/\/deputadotaveirajr.com.br\/index.php\/wp-json\/wp\/v2\/media?parent=5140"}],"curies":[{"name":"wp","href":"https:\/\/api.w.org\/{rel}","templated":true}]}}